{"id":2396,"date":"2024-09-18T10:29:17","date_gmt":"2024-09-18T08:29:17","guid":{"rendered":"https:\/\/koningdrone.nl\/kon\/product\/insta360-x3-wizard-combo\/"},"modified":"2026-04-30T11:20:34","modified_gmt":"2026-04-30T09:20:34","slug":"insta360-x3-wizard-combo","status":"publish","type":"product","link":"https:\/\/koningdrone.be\/de\/produkt\/insta360-x3-wizard-combo\/","title":{"rendered":"Insta360 X3 Zauberer-Kombination"},"content":{"rendered":"<p>Das Insta360 X3 Wizard ComboX3 + Zusatzakku + Objektivschutz + Bullet Time Bundle ist ein Bundle bestehend aus der Insta360\u00b0 Kamera, dem Objektivschutz-Kit f\u00fcr die X3, einem zus\u00e4tzlichen 1800 mAh Akku f\u00fcr die X3 und dem Bullet Time Bundle.<\/p>","protected":false},"excerpt":{"rendered":"<ul>\n<li>Dualmodus 360\u00b0 und Standard-Taschenkamera<\/li>\n<li>Wiederaufladbarer 1800-mAh-Akku<\/li>\n<li>Selfie-Stick, Bullet Time Griff<\/li>\n<li>Objektivsch\u00fctzer<\/li>\n<li>Bildsensor: 1\/2\" Typ CMOS<\/li>\n<li>Sensoraufl\u00f6sung: effektiv 48 Megapixel<\/li>\n<li>Brennweite: 6,7 mm (Kleinbild\u00e4quivalent: 6,7 mm)<\/li>\n<li>Maximale Blenden\u00f6ffnung: f\/1.9<\/li>\n<li>Abmessungen (BxHxT): 114 x 46 x 33,1 mm<\/li>\n<li>Gewicht: 180 Gramm<\/li>\n<\/ul>","protected":false},"featured_media":2392,"template":"","meta":{"_acf_changed":false},"product_brand":[],"product_cat":[97,343],"product_tag":[],"class_list":{"0":"post-2396","1":"product","2":"type-product","3":"status-publish","4":"has-post-thumbnail","6":"product_cat-alle-producten","7":"product_cat-insta360","8":"product_shipping_class-outofstock","9":"pa_brand-insta360","10":"pa_productfamily-combo-camerapakket","11":"pa_producttype-combo-camerapakket","12":"pa_series-insta360-go","14":"first","15":"outofstock","16":"taxable","17":"shipping-taxable","18":"product-type-simple"},"acf":[],"yoast_head":"<!-- This site is optimized with the Yoast SEO Premium plugin v27.2 (Yoast SEO v27.2) - https:\/\/yoast.com\/product\/yoast-seo-premium-wordpress\/ -->\n<title>Insta360 X3 Wizard Combo - koningdrone.be<\/title>\n<meta name=\"robots\" content=\"index, follow, max-snippet:-1, max-image-preview:large, max-video-preview:-1\" \/>\n<link rel=\"canonical\" href=\"https:\/\/koningdrone.be\/de\/produkt\/insta360-x3-wizard-combo\/\" \/>\n<meta property=\"og:locale\" content=\"de_DE\" \/>\n<meta property=\"og:type\" content=\"article\" \/>\n<meta property=\"og:title\" content=\"Insta360 X3 Wizard Combo\" \/>\n<meta property=\"og:description\" content=\"Dual mode 360\u00b0 en standaard zakcameraOplaadbare 1800 mAh batterijSelfie stick, Bullet Time handvatLensbeschermersBeeldsensor: 1\/2\u201d type CMOSSensorresolutie: effectief 48 megapixelsBrandpuntsafstand: 6,7 mm (35 mm-equivalent: 6,7 mm)Maximaal diafragma: f\/1.9Afmetingen (BxHxD): 114 x 46 x 33,1 mmGewicht: 180 gram\" \/>\n<meta property=\"og:url\" content=\"https:\/\/koningdrone.be\/de\/produkt\/insta360-x3-wizard-combo\/\" \/>\n<meta property=\"og:site_name\" content=\"koningdrone.be\" \/>\n<meta property=\"article:modified_time\" content=\"2026-04-30T09:20:34+00:00\" \/>\n<meta property=\"og:image\" content=\"https:\/\/koningdrone.be\/wp-content\/uploads\/sites\/13\/2025\/04\/Insta360-X3-Wizard-ComboX3-Extra-Battery-Lens-Guard-Bullet-Time-Bundle_1.jpg\" \/>\n\t<meta property=\"og:image:width\" content=\"1000\" \/>\n\t<meta property=\"og:image:height\" content=\"1000\" \/>\n\t<meta property=\"og:image:type\" content=\"image\/jpeg\" \/>\n<meta name=\"twitter:card\" content=\"summary_large_image\" \/>\n<script type=\"application\/ld+json\" class=\"yoast-schema-graph\">{\"@context\":\"https:\/\/schema.org\",\"@graph\":[{\"@type\":\"WebPage\",\"@id\":\"https:\/\/koningdrone.be\/product\/insta360-x3-wizard-combo\/\",\"url\":\"https:\/\/koningdrone.be\/product\/insta360-x3-wizard-combo\/\",\"name\":\"Insta360 X3 Wizard Combo - koningdrone.be\",\"isPartOf\":{\"@id\":\"https:\/\/koningdrone.be\/#website\"},\"primaryImageOfPage\":{\"@id\":\"https:\/\/koningdrone.be\/product\/insta360-x3-wizard-combo\/#primaryimage\"},\"image\":{\"@id\":\"https:\/\/koningdrone.be\/product\/insta360-x3-wizard-combo\/#primaryimage\"},\"thumbnailUrl\":\"https:\/\/koningdrone.be\/wp-content\/uploads\/sites\/13\/2025\/04\/Insta360-X3-Wizard-ComboX3-Extra-Battery-Lens-Guard-Bullet-Time-Bundle_1.jpg\",\"datePublished\":\"2024-09-18T08:29:17+00:00\",\"dateModified\":\"2026-04-30T09:20:34+00:00\",\"breadcrumb\":{\"@id\":\"https:\/\/koningdrone.be\/product\/insta360-x3-wizard-combo\/#breadcrumb\"},\"inLanguage\":\"de\",\"potentialAction\":[{\"@type\":\"ReadAction\",\"target\":[\"https:\/\/koningdrone.be\/product\/insta360-x3-wizard-combo\/\"]}]},{\"@type\":\"ImageObject\",\"inLanguage\":\"de\",\"@id\":\"https:\/\/koningdrone.be\/product\/insta360-x3-wizard-combo\/#primaryimage\",\"url\":\"https:\/\/koningdrone.be\/wp-content\/uploads\/sites\/13\/2025\/04\/Insta360-X3-Wizard-ComboX3-Extra-Battery-Lens-Guard-Bullet-Time-Bundle_1.jpg\",\"contentUrl\":\"https:\/\/koningdrone.be\/wp-content\/uploads\/sites\/13\/2025\/04\/Insta360-X3-Wizard-ComboX3-Extra-Battery-Lens-Guard-Bullet-Time-Bundle_1.jpg\",\"width\":1000,\"height\":1000},{\"@type\":\"BreadcrumbList\",\"@id\":\"https:\/\/koningdrone.be\/product\/insta360-x3-wizard-combo\/#breadcrumb\",\"itemListElement\":[{\"@type\":\"ListItem\",\"position\":1,\"name\":\"Home\",\"item\":\"https:\/\/koningdrone.be\/\"},{\"@type\":\"ListItem\",\"position\":2,\"name\":\"AVSS Parachute Recovery System for DJI Matrice 300\/350\",\"item\":\"https:\/\/koningdrone.be\/product\/avss-parachute-recovery-system-for-dji-matrice-300-350\/\"},{\"@type\":\"ListItem\",\"position\":3,\"name\":\"Alle producten\",\"item\":\"https:\/\/koningdrone.be\/categorie\/alle-producten\/\"},{\"@type\":\"ListItem\",\"position\":4,\"name\":\"Insta360 X3 Wizard Combo\"}]},{\"@type\":\"WebSite\",\"@id\":\"https:\/\/koningdrone.be\/#website\",\"url\":\"https:\/\/koningdrone.be\/\",\"name\":\"Koningdrone.be - Uw online specialist in drones, gimbals, camera's en power stations.\",\"description\":\"De webshop in drones en gimbals\",\"publisher\":{\"@id\":\"https:\/\/koningdrone.be\/#organization\"},\"potentialAction\":[{\"@type\":\"SearchAction\",\"target\":{\"@type\":\"EntryPoint\",\"urlTemplate\":\"https:\/\/koningdrone.be\/?s={search_term_string}\"},\"query-input\":{\"@type\":\"PropertyValueSpecification\",\"valueRequired\":true,\"valueName\":\"search_term_string\"}}],\"inLanguage\":\"de\"},{\"@type\":\"Organization\",\"@id\":\"https:\/\/koningdrone.be\/#organization\",\"name\":\"Koningdrone.be\",\"url\":\"https:\/\/koningdrone.be\/\",\"logo\":{\"@type\":\"ImageObject\",\"inLanguage\":\"de\",\"@id\":\"https:\/\/koningdrone.be\/#\/schema\/logo\/image\/\",\"url\":\"https:\/\/koningdrone.be\/wp-content\/uploads\/sites\/13\/2025\/04\/koningdrone-copyright-logo.svg\",\"contentUrl\":\"https:\/\/koningdrone.be\/wp-content\/uploads\/sites\/13\/2025\/04\/koningdrone-copyright-logo.svg\",\"width\":227,\"height\":38,\"caption\":\"Koningdrone.be\"},\"image\":{\"@id\":\"https:\/\/koningdrone.be\/#\/schema\/logo\/image\/\"}}]}<\/script>\n<!-- \/ Yoast SEO Premium plugin. -->","yoast_head_json":{"title":"Insta360 X3 Wizard Combo - koningdrone.be","robots":{"index":"index","follow":"follow","max-snippet":"max-snippet:-1","max-image-preview":"max-image-preview:large","max-video-preview":"max-video-preview:-1"},"canonical":"https:\/\/koningdrone.be\/de\/produkt\/insta360-x3-wizard-combo\/","og_locale":"de_DE","og_type":"article","og_title":"Insta360 X3 Wizard Combo","og_description":"Dual mode 360\u00b0 en standaard zakcameraOplaadbare 1800 mAh batterijSelfie stick, Bullet Time handvatLensbeschermersBeeldsensor: 1\/2\u201d type CMOSSensorresolutie: effectief 48 megapixelsBrandpuntsafstand: 6,7 mm (35 mm-equivalent: 6,7 mm)Maximaal diafragma: f\/1.9Afmetingen (BxHxD): 114 x 46 x 33,1 mmGewicht: 180 gram","og_url":"https:\/\/koningdrone.be\/de\/produkt\/insta360-x3-wizard-combo\/","og_site_name":"koningdrone.be","article_modified_time":"2026-04-30T09:20:34+00:00","og_image":[{"width":1000,"height":1000,"url":"https:\/\/koningdrone.be\/wp-content\/uploads\/sites\/13\/2025\/04\/Insta360-X3-Wizard-ComboX3-Extra-Battery-Lens-Guard-Bullet-Time-Bundle_1.jpg","type":"image\/jpeg"}],"twitter_card":"summary_large_image","schema":{"@context":"https:\/\/schema.org","@graph":[{"@type":"WebPage","@id":"https:\/\/koningdrone.be\/product\/insta360-x3-wizard-combo\/","url":"https:\/\/koningdrone.be\/product\/insta360-x3-wizard-combo\/","name":"Insta360 X3 Wizard Combo - koningdrone.be","isPartOf":{"@id":"https:\/\/koningdrone.be\/#website"},"primaryImageOfPage":{"@id":"https:\/\/koningdrone.be\/product\/insta360-x3-wizard-combo\/#primaryimage"},"image":{"@id":"https:\/\/koningdrone.be\/product\/insta360-x3-wizard-combo\/#primaryimage"},"thumbnailUrl":"https:\/\/koningdrone.be\/wp-content\/uploads\/sites\/13\/2025\/04\/Insta360-X3-Wizard-ComboX3-Extra-Battery-Lens-Guard-Bullet-Time-Bundle_1.jpg","datePublished":"2024-09-18T08:29:17+00:00","dateModified":"2026-04-30T09:20:34+00:00","breadcrumb":{"@id":"https:\/\/koningdrone.be\/product\/insta360-x3-wizard-combo\/#breadcrumb"},"inLanguage":"de","potentialAction":[{"@type":"ReadAction","target":["https:\/\/koningdrone.be\/product\/insta360-x3-wizard-combo\/"]}]},{"@type":"ImageObject","inLanguage":"de","@id":"https:\/\/koningdrone.be\/product\/insta360-x3-wizard-combo\/#primaryimage","url":"https:\/\/koningdrone.be\/wp-content\/uploads\/sites\/13\/2025\/04\/Insta360-X3-Wizard-ComboX3-Extra-Battery-Lens-Guard-Bullet-Time-Bundle_1.jpg","contentUrl":"https:\/\/koningdrone.be\/wp-content\/uploads\/sites\/13\/2025\/04\/Insta360-X3-Wizard-ComboX3-Extra-Battery-Lens-Guard-Bullet-Time-Bundle_1.jpg","width":1000,"height":1000},{"@type":"BreadcrumbList","@id":"https:\/\/koningdrone.be\/product\/insta360-x3-wizard-combo\/#breadcrumb","itemListElement":[{"@type":"ListItem","position":1,"name":"Home","item":"https:\/\/koningdrone.be\/"},{"@type":"ListItem","position":2,"name":"AVSS Parachute Recovery System for DJI Matrice 300\/350","item":"https:\/\/koningdrone.be\/product\/avss-parachute-recovery-system-for-dji-matrice-300-350\/"},{"@type":"ListItem","position":3,"name":"Alle producten","item":"https:\/\/koningdrone.be\/categorie\/alle-producten\/"},{"@type":"ListItem","position":4,"name":"Insta360 X3 Wizard Combo"}]},{"@type":"WebSite","@id":"https:\/\/koningdrone.be\/#website","url":"https:\/\/koningdrone.be\/","name":"Koningdrone.be - Ihr Online-Spezialist f\u00fcr Drohnen, Gimbals, Kameras und Kraftwerke.","description":"Der Webshop f\u00fcr Drohnen und Gimbals","publisher":{"@id":"https:\/\/koningdrone.be\/#organization"},"potentialAction":[{"@type":"SearchAction","target":{"@type":"EntryPoint","urlTemplate":"https:\/\/koningdrone.be\/?s={search_term_string}"},"query-input":{"@type":"PropertyValueSpecification","valueRequired":true,"valueName":"search_term_string"}}],"inLanguage":"de"},{"@type":"Organization","@id":"https:\/\/koningdrone.be\/#organization","name":"Kingdrone.de","url":"https:\/\/koningdrone.be\/","logo":{"@type":"ImageObject","inLanguage":"de","@id":"https:\/\/koningdrone.be\/#\/schema\/logo\/image\/","url":"https:\/\/koningdrone.be\/wp-content\/uploads\/sites\/13\/2025\/04\/koningdrone-copyright-logo.svg","contentUrl":"https:\/\/koningdrone.be\/wp-content\/uploads\/sites\/13\/2025\/04\/koningdrone-copyright-logo.svg","width":227,"height":38,"caption":"Koningdrone.be"},"image":{"@id":"https:\/\/koningdrone.be\/#\/schema\/logo\/image\/"}}]}},"df_price":"","df_sale_price":"","df_regular_price":"","df_image_link":"https:\/\/koningdrone.be\/wp-content\/uploads\/sites\/13\/2025\/04\/Insta360-X3-Wizard-ComboX3-Extra-Battery-Lens-Guard-Bullet-Time-Bundle_1-300x300.jpg","_links":{"self":[{"href":"https:\/\/koningdrone.be\/de\/wp-json\/wp\/v2\/product\/2396","targetHints":{"allow":["GET"]}}],"collection":[{"href":"https:\/\/koningdrone.be\/de\/wp-json\/wp\/v2\/product"}],"about":[{"href":"https:\/\/koningdrone.be\/de\/wp-json\/wp\/v2\/types\/product"}],"wp:featuredmedia":[{"embeddable":true,"href":"https:\/\/koningdrone.be\/de\/wp-json\/wp\/v2\/media\/2392"}],"wp:attachment":[{"href":"https:\/\/koningdrone.be\/de\/wp-json\/wp\/v2\/media?parent=2396"}],"wp:term":[{"taxonomy":"product_brand","embeddable":true,"href":"https:\/\/koningdrone.be\/de\/wp-json\/wp\/v2\/product_brand?post=2396"},{"taxonomy":"product_cat","embeddable":true,"href":"https:\/\/koningdrone.be\/de\/wp-json\/wp\/v2\/product_cat?post=2396"},{"taxonomy":"product_tag","embeddable":true,"href":"https:\/\/koningdrone.be\/de\/wp-json\/wp\/v2\/product_tag?post=2396"}],"curies":[{"name":"wp","href":"https:\/\/api.w.org\/{rel}","templated":true}]}}