{"id":2376,"date":"2024-09-18T10:29:28","date_gmt":"2024-09-18T08:29:28","guid":{"rendered":"https:\/\/koningdrone.nl\/kon\/product\/insta360-ace-ace-pro-quick-reader\/"},"modified":"2026-04-30T11:20:36","modified_gmt":"2026-04-30T09:20:36","slug":"insta360-ace-ace-pro-quick-reader","status":"publish","type":"product","link":"https:\/\/koningdrone.be\/de\/produkt\/insta360-ace-ace-pro-quick-reader\/","title":{"rendered":"Insta360 Ace\/Ace Pro Schnellleser"},"content":{"rendered":"<p>Der Insta360 Ace Pro und der Ace Quick Reader sind f\u00fcr eine nahtlose Dateiverwaltung konzipiert, sodass Sie ohne Wi-Fi einstecken und loslegen k\u00f6nnen. Er l\u00e4sst sich direkt mit iOS- und Android-Ger\u00e4ten verbinden, wodurch die Lesezeit f\u00fcr SD-Karten drastisch reduziert wird und Sie schneller bearbeiten k\u00f6nnen. Der Quick Reader ist eine tragbare und effiziente L\u00f6sung f\u00fcr den schnellen Zugriff auf und die \u00dcbertragung von Medien von Insta360-Kameras auf Ihr Smartphone f\u00fcr eine optimierte Bearbeitung.<\/p>","protected":false},"excerpt":{"rendered":"<ul>\n<li>Kein Wi-Fi erforderlich, einfach einstecken und loslegen f\u00fcr alle Ihre Speicheranforderungen.<\/li>\n<li>Direkte Verbindung zu Ihrem Smartphone, drastische Verk\u00fcrzung der Lesezeiten von SD-Karten f\u00fcr schnellere Bearbeitung und Dateiverwaltung.<\/li>\n<li>Kompatibel mit iOS- (Apple MFI-zertifiziert) und Android-Ger\u00e4ten.<\/li>\n<\/ul>","protected":false},"featured_media":2371,"template":"","meta":{"_acf_changed":false},"product_brand":[],"product_cat":[97,343],"product_tag":[],"class_list":{"0":"post-2376","1":"product","2":"type-product","3":"status-publish","4":"has-post-thumbnail","6":"product_cat-alle-producten","7":"product_cat-insta360","8":"product_shipping_class-outofstock","9":"pa_brand-insta360","10":"pa_productfamily-snelle-lezer","11":"pa_producttype-snelle-lezer","12":"pa_series-insta360-go","14":"first","15":"outofstock","16":"taxable","17":"shipping-taxable","18":"product-type-simple"},"acf":[],"yoast_head":"<!-- This site is optimized with the Yoast SEO Premium plugin v27.2 (Yoast SEO v27.2) - https:\/\/yoast.com\/product\/yoast-seo-premium-wordpress\/ -->\n<title>Insta360 Ace\/Ace Pro Quick Reader - koningdrone.be<\/title>\n<meta name=\"robots\" content=\"index, follow, max-snippet:-1, max-image-preview:large, max-video-preview:-1\" \/>\n<link rel=\"canonical\" href=\"https:\/\/koningdrone.be\/de\/produkt\/insta360-ace-ace-pro-quick-reader\/\" \/>\n<meta property=\"og:locale\" content=\"de_DE\" \/>\n<meta property=\"og:type\" content=\"article\" \/>\n<meta property=\"og:title\" content=\"Insta360 Ace\/Ace Pro Quick Reader\" \/>\n<meta property=\"og:description\" content=\"Geen Wi-Fi nodig, gewoon plug &amp; play voor al je opslagbehoeften.Directe verbinding met je smartphone, waardoor de leestijden van SD-kaarten drastisch worden verkort voor sneller bewerken en bestandsbeheer.Compatibel met iOS- (Apple MFI-gecertificeerd) en Android-apparaten.\" \/>\n<meta property=\"og:url\" content=\"https:\/\/koningdrone.be\/de\/produkt\/insta360-ace-ace-pro-quick-reader\/\" \/>\n<meta property=\"og:site_name\" content=\"koningdrone.be\" \/>\n<meta property=\"article:modified_time\" content=\"2026-04-30T09:20:36+00:00\" \/>\n<meta property=\"og:image\" content=\"https:\/\/koningdrone.be\/wp-content\/uploads\/sites\/13\/2025\/04\/2673_e9eb31c8-6d04-4b01-ba35-df52d739b2e2.webp\" \/>\n\t<meta property=\"og:image:width\" content=\"1280\" \/>\n\t<meta property=\"og:image:height\" content=\"1280\" \/>\n\t<meta property=\"og:image:type\" content=\"image\/webp\" \/>\n<meta name=\"twitter:card\" content=\"summary_large_image\" \/>\n<script type=\"application\/ld+json\" class=\"yoast-schema-graph\">{\"@context\":\"https:\/\/schema.org\",\"@graph\":[{\"@type\":\"WebPage\",\"@id\":\"https:\/\/koningdrone.be\/product\/insta360-ace-ace-pro-quick-reader\/\",\"url\":\"https:\/\/koningdrone.be\/product\/insta360-ace-ace-pro-quick-reader\/\",\"name\":\"Insta360 Ace\/Ace Pro Quick Reader - koningdrone.be\",\"isPartOf\":{\"@id\":\"https:\/\/koningdrone.be\/#website\"},\"primaryImageOfPage\":{\"@id\":\"https:\/\/koningdrone.be\/product\/insta360-ace-ace-pro-quick-reader\/#primaryimage\"},\"image\":{\"@id\":\"https:\/\/koningdrone.be\/product\/insta360-ace-ace-pro-quick-reader\/#primaryimage\"},\"thumbnailUrl\":\"https:\/\/koningdrone.be\/wp-content\/uploads\/sites\/13\/2025\/04\/2673_e9eb31c8-6d04-4b01-ba35-df52d739b2e2.webp\",\"datePublished\":\"2024-09-18T08:29:28+00:00\",\"dateModified\":\"2026-04-30T09:20:36+00:00\",\"breadcrumb\":{\"@id\":\"https:\/\/koningdrone.be\/product\/insta360-ace-ace-pro-quick-reader\/#breadcrumb\"},\"inLanguage\":\"de\",\"potentialAction\":[{\"@type\":\"ReadAction\",\"target\":[\"https:\/\/koningdrone.be\/product\/insta360-ace-ace-pro-quick-reader\/\"]}]},{\"@type\":\"ImageObject\",\"inLanguage\":\"de\",\"@id\":\"https:\/\/koningdrone.be\/product\/insta360-ace-ace-pro-quick-reader\/#primaryimage\",\"url\":\"https:\/\/koningdrone.be\/wp-content\/uploads\/sites\/13\/2025\/04\/2673_e9eb31c8-6d04-4b01-ba35-df52d739b2e2.webp\",\"contentUrl\":\"https:\/\/koningdrone.be\/wp-content\/uploads\/sites\/13\/2025\/04\/2673_e9eb31c8-6d04-4b01-ba35-df52d739b2e2.webp\",\"width\":1280,\"height\":1280},{\"@type\":\"BreadcrumbList\",\"@id\":\"https:\/\/koningdrone.be\/product\/insta360-ace-ace-pro-quick-reader\/#breadcrumb\",\"itemListElement\":[{\"@type\":\"ListItem\",\"position\":1,\"name\":\"Home\",\"item\":\"https:\/\/koningdrone.be\/\"},{\"@type\":\"ListItem\",\"position\":2,\"name\":\"AVSS Parachute Recovery System for DJI Matrice 300\/350\",\"item\":\"https:\/\/koningdrone.be\/product\/avss-parachute-recovery-system-for-dji-matrice-300-350\/\"},{\"@type\":\"ListItem\",\"position\":3,\"name\":\"Alle producten\",\"item\":\"https:\/\/koningdrone.be\/categorie\/alle-producten\/\"},{\"@type\":\"ListItem\",\"position\":4,\"name\":\"Insta360 Ace\/Ace Pro Quick Reader\"}]},{\"@type\":\"WebSite\",\"@id\":\"https:\/\/koningdrone.be\/#website\",\"url\":\"https:\/\/koningdrone.be\/\",\"name\":\"Koningdrone.be - Uw online specialist in drones, gimbals, camera's en power stations.\",\"description\":\"De webshop in drones en gimbals\",\"publisher\":{\"@id\":\"https:\/\/koningdrone.be\/#organization\"},\"potentialAction\":[{\"@type\":\"SearchAction\",\"target\":{\"@type\":\"EntryPoint\",\"urlTemplate\":\"https:\/\/koningdrone.be\/?s={search_term_string}\"},\"query-input\":{\"@type\":\"PropertyValueSpecification\",\"valueRequired\":true,\"valueName\":\"search_term_string\"}}],\"inLanguage\":\"de\"},{\"@type\":\"Organization\",\"@id\":\"https:\/\/koningdrone.be\/#organization\",\"name\":\"Koningdrone.be\",\"url\":\"https:\/\/koningdrone.be\/\",\"logo\":{\"@type\":\"ImageObject\",\"inLanguage\":\"de\",\"@id\":\"https:\/\/koningdrone.be\/#\/schema\/logo\/image\/\",\"url\":\"https:\/\/koningdrone.be\/wp-content\/uploads\/sites\/13\/2025\/04\/koningdrone-copyright-logo.svg\",\"contentUrl\":\"https:\/\/koningdrone.be\/wp-content\/uploads\/sites\/13\/2025\/04\/koningdrone-copyright-logo.svg\",\"width\":227,\"height\":38,\"caption\":\"Koningdrone.be\"},\"image\":{\"@id\":\"https:\/\/koningdrone.be\/#\/schema\/logo\/image\/\"}}]}<\/script>\n<!-- \/ Yoast SEO Premium plugin. -->","yoast_head_json":{"title":"Insta360 Ace\/Ace Pro Quick Reader - koningdrone.be","robots":{"index":"index","follow":"follow","max-snippet":"max-snippet:-1","max-image-preview":"max-image-preview:large","max-video-preview":"max-video-preview:-1"},"canonical":"https:\/\/koningdrone.be\/de\/produkt\/insta360-ace-ace-pro-quick-reader\/","og_locale":"de_DE","og_type":"article","og_title":"Insta360 Ace\/Ace Pro Quick Reader","og_description":"Geen Wi-Fi nodig, gewoon plug &amp; play voor al je opslagbehoeften.Directe verbinding met je smartphone, waardoor de leestijden van SD-kaarten drastisch worden verkort voor sneller bewerken en bestandsbeheer.Compatibel met iOS- (Apple MFI-gecertificeerd) en Android-apparaten.","og_url":"https:\/\/koningdrone.be\/de\/produkt\/insta360-ace-ace-pro-quick-reader\/","og_site_name":"koningdrone.be","article_modified_time":"2026-04-30T09:20:36+00:00","og_image":[{"width":1280,"height":1280,"url":"https:\/\/koningdrone.be\/wp-content\/uploads\/sites\/13\/2025\/04\/2673_e9eb31c8-6d04-4b01-ba35-df52d739b2e2.webp","type":"image\/webp"}],"twitter_card":"summary_large_image","schema":{"@context":"https:\/\/schema.org","@graph":[{"@type":"WebPage","@id":"https:\/\/koningdrone.be\/product\/insta360-ace-ace-pro-quick-reader\/","url":"https:\/\/koningdrone.be\/product\/insta360-ace-ace-pro-quick-reader\/","name":"Insta360 Ace\/Ace Pro Quick Reader - koningdrone.be","isPartOf":{"@id":"https:\/\/koningdrone.be\/#website"},"primaryImageOfPage":{"@id":"https:\/\/koningdrone.be\/product\/insta360-ace-ace-pro-quick-reader\/#primaryimage"},"image":{"@id":"https:\/\/koningdrone.be\/product\/insta360-ace-ace-pro-quick-reader\/#primaryimage"},"thumbnailUrl":"https:\/\/koningdrone.be\/wp-content\/uploads\/sites\/13\/2025\/04\/2673_e9eb31c8-6d04-4b01-ba35-df52d739b2e2.webp","datePublished":"2024-09-18T08:29:28+00:00","dateModified":"2026-04-30T09:20:36+00:00","breadcrumb":{"@id":"https:\/\/koningdrone.be\/product\/insta360-ace-ace-pro-quick-reader\/#breadcrumb"},"inLanguage":"de","potentialAction":[{"@type":"ReadAction","target":["https:\/\/koningdrone.be\/product\/insta360-ace-ace-pro-quick-reader\/"]}]},{"@type":"ImageObject","inLanguage":"de","@id":"https:\/\/koningdrone.be\/product\/insta360-ace-ace-pro-quick-reader\/#primaryimage","url":"https:\/\/koningdrone.be\/wp-content\/uploads\/sites\/13\/2025\/04\/2673_e9eb31c8-6d04-4b01-ba35-df52d739b2e2.webp","contentUrl":"https:\/\/koningdrone.be\/wp-content\/uploads\/sites\/13\/2025\/04\/2673_e9eb31c8-6d04-4b01-ba35-df52d739b2e2.webp","width":1280,"height":1280},{"@type":"BreadcrumbList","@id":"https:\/\/koningdrone.be\/product\/insta360-ace-ace-pro-quick-reader\/#breadcrumb","itemListElement":[{"@type":"ListItem","position":1,"name":"Home","item":"https:\/\/koningdrone.be\/"},{"@type":"ListItem","position":2,"name":"AVSS Parachute Recovery System for DJI Matrice 300\/350","item":"https:\/\/koningdrone.be\/product\/avss-parachute-recovery-system-for-dji-matrice-300-350\/"},{"@type":"ListItem","position":3,"name":"Alle producten","item":"https:\/\/koningdrone.be\/categorie\/alle-producten\/"},{"@type":"ListItem","position":4,"name":"Insta360 Ace\/Ace Pro Quick Reader"}]},{"@type":"WebSite","@id":"https:\/\/koningdrone.be\/#website","url":"https:\/\/koningdrone.be\/","name":"Koningdrone.be - Ihr Online-Spezialist f\u00fcr Drohnen, Gimbals, Kameras und Kraftwerke.","description":"Der Webshop f\u00fcr Drohnen und Gimbals","publisher":{"@id":"https:\/\/koningdrone.be\/#organization"},"potentialAction":[{"@type":"SearchAction","target":{"@type":"EntryPoint","urlTemplate":"https:\/\/koningdrone.be\/?s={search_term_string}"},"query-input":{"@type":"PropertyValueSpecification","valueRequired":true,"valueName":"search_term_string"}}],"inLanguage":"de"},{"@type":"Organization","@id":"https:\/\/koningdrone.be\/#organization","name":"Kingdrone.de","url":"https:\/\/koningdrone.be\/","logo":{"@type":"ImageObject","inLanguage":"de","@id":"https:\/\/koningdrone.be\/#\/schema\/logo\/image\/","url":"https:\/\/koningdrone.be\/wp-content\/uploads\/sites\/13\/2025\/04\/koningdrone-copyright-logo.svg","contentUrl":"https:\/\/koningdrone.be\/wp-content\/uploads\/sites\/13\/2025\/04\/koningdrone-copyright-logo.svg","width":227,"height":38,"caption":"Koningdrone.be"},"image":{"@id":"https:\/\/koningdrone.be\/#\/schema\/logo\/image\/"}}]}},"df_price":"","df_sale_price":"","df_regular_price":"","df_image_link":"https:\/\/koningdrone.be\/wp-content\/uploads\/sites\/13\/2025\/04\/2673_e9eb31c8-6d04-4b01-ba35-df52d739b2e2-300x300.webp","_links":{"self":[{"href":"https:\/\/koningdrone.be\/de\/wp-json\/wp\/v2\/product\/2376","targetHints":{"allow":["GET"]}}],"collection":[{"href":"https:\/\/koningdrone.be\/de\/wp-json\/wp\/v2\/product"}],"about":[{"href":"https:\/\/koningdrone.be\/de\/wp-json\/wp\/v2\/types\/product"}],"wp:featuredmedia":[{"embeddable":true,"href":"https:\/\/koningdrone.be\/de\/wp-json\/wp\/v2\/media\/2371"}],"wp:attachment":[{"href":"https:\/\/koningdrone.be\/de\/wp-json\/wp\/v2\/media?parent=2376"}],"wp:term":[{"taxonomy":"product_brand","embeddable":true,"href":"https:\/\/koningdrone.be\/de\/wp-json\/wp\/v2\/product_brand?post=2376"},{"taxonomy":"product_cat","embeddable":true,"href":"https:\/\/koningdrone.be\/de\/wp-json\/wp\/v2\/product_cat?post=2376"},{"taxonomy":"product_tag","embeddable":true,"href":"https:\/\/koningdrone.be\/de\/wp-json\/wp\/v2\/product_tag?post=2376"}],"curies":[{"name":"wp","href":"https:\/\/api.w.org\/{rel}","templated":true}]}}