{"id":2338,"date":"2024-09-18T10:29:52","date_gmt":"2024-09-18T08:29:52","guid":{"rendered":"https:\/\/koningdrone.nl\/kon\/product\/insta360-bike-bundle-2\/"},"modified":"2026-05-01T04:50:32","modified_gmt":"2026-05-01T02:50:32","slug":"insta360-bike-bundle-2","status":"publish","type":"product","link":"https:\/\/koningdrone.be\/de\/produkt\/insta360-bike-bundle-2\/","title":{"rendered":"Insta360 Fahrrad Bundle"},"content":{"rendered":"<p>Das Insta360 Bike Bundle ist ein umfassendes Kit f\u00fcr Radfahrer, die auf ihren Fahrten beeindruckende 360-Grad-Aufnahmen machen m\u00f6chten. Es enth\u00e4lt eine robuste Lenkerhalterung, eine Helmhalterung und weiteres Zubeh\u00f6r, das daf\u00fcr sorgt, dass Ihre Kamera beim Radfahren sicher an Ort und Stelle bleibt. Egal, ob Sie auf Bergpfaden oder in der Stadt unterwegs sind, dieses Paket liefert fl\u00fcssige, qualitativ hochwertige Videoaufnahmen aus allen Blickwinkeln und ist damit ideal f\u00fcr actiongeladene Fahrradabenteuer.<\/p>","protected":false},"excerpt":{"rendered":"<ul>\n<li>Inklusive Lenkerhalterung und Brustgurt.<\/li>\n<li>Die Lenkerhalterung muss direkt mit der Kamera verbunden werden. Sie kann nicht mit anderen Erweiterungen oder Selfie-Sticks verwendet werden.<\/li>\n<li>Der GO 3\/GO 3S muss mit der Schnellwechselhalterung montiert werden.<\/li>\n<li>Hinweis: Der Produktname auf der Verpackung kann leicht variieren, der Inhalt entspricht jedoch den Angaben zum Zeitpunkt des Kaufs.<\/li>\n<\/ul>","protected":false},"featured_media":2332,"template":"","meta":{"_acf_changed":false},"product_brand":[],"product_cat":[97,343],"product_tag":[],"class_list":{"0":"post-2338","1":"product","2":"type-product","3":"status-publish","4":"has-post-thumbnail","6":"product_cat-alle-producten","7":"product_cat-insta360","8":"product_shipping_class-europafotoall","9":"pa_brand-insta360","10":"pa_productfamily-camera-accessoires","11":"pa_producttype-camera-accessoires","12":"pa_series-insta360-go","14":"first","15":"instock","16":"taxable","17":"shipping-taxable","18":"purchasable","19":"product-type-simple"},"acf":[],"yoast_head":"<!-- This site is optimized with the Yoast SEO Premium plugin v27.2 (Yoast SEO v27.2) - https:\/\/yoast.com\/product\/yoast-seo-premium-wordpress\/ -->\n<title>Insta360 Bike Bundle - koningdrone.be<\/title>\n<meta name=\"robots\" content=\"index, follow, max-snippet:-1, max-image-preview:large, max-video-preview:-1\" \/>\n<link rel=\"canonical\" href=\"https:\/\/koningdrone.be\/de\/produkt\/insta360-bike-bundle-2\/\" \/>\n<meta property=\"og:locale\" content=\"de_DE\" \/>\n<meta property=\"og:type\" content=\"article\" \/>\n<meta property=\"og:title\" content=\"Insta360 Bike Bundle\" \/>\n<meta property=\"og:description\" content=\"Inclusief stuurhouder en borstband.De stuurhouder moet rechtstreeks op de camera worden aangesloten. Deze kan niet worden gebruikt met andere verlengstukken of selfiesticks.GO 3\/GO 3S moet worden gemonteerd met de Quick Release Mount.Opmerking: De productnaam op de verpakking kan licht afwijken, maar de inhoud is zoals vermeld bij aankoop.\" \/>\n<meta property=\"og:url\" content=\"https:\/\/koningdrone.be\/de\/produkt\/insta360-bike-bundle-2\/\" \/>\n<meta property=\"og:site_name\" content=\"koningdrone.be\" \/>\n<meta property=\"article:modified_time\" content=\"2026-05-01T02:50:32+00:00\" \/>\n<meta property=\"og:image\" content=\"https:\/\/koningdrone.be\/wp-content\/uploads\/sites\/13\/2025\/04\/2673_1b2bb67f-4237-47d7-8846-ce66aa59ac3d.webp\" \/>\n\t<meta property=\"og:image:width\" content=\"1280\" \/>\n\t<meta property=\"og:image:height\" content=\"1280\" \/>\n\t<meta property=\"og:image:type\" content=\"image\/webp\" \/>\n<meta name=\"twitter:card\" content=\"summary_large_image\" \/>\n<script type=\"application\/ld+json\" class=\"yoast-schema-graph\">{\"@context\":\"https:\/\/schema.org\",\"@graph\":[{\"@type\":\"WebPage\",\"@id\":\"https:\/\/koningdrone.be\/product\/insta360-bike-bundle-2\/\",\"url\":\"https:\/\/koningdrone.be\/product\/insta360-bike-bundle-2\/\",\"name\":\"Insta360 Bike Bundle - koningdrone.be\",\"isPartOf\":{\"@id\":\"https:\/\/koningdrone.be\/#website\"},\"primaryImageOfPage\":{\"@id\":\"https:\/\/koningdrone.be\/product\/insta360-bike-bundle-2\/#primaryimage\"},\"image\":{\"@id\":\"https:\/\/koningdrone.be\/product\/insta360-bike-bundle-2\/#primaryimage\"},\"thumbnailUrl\":\"https:\/\/koningdrone.be\/wp-content\/uploads\/sites\/13\/2025\/04\/2673_1b2bb67f-4237-47d7-8846-ce66aa59ac3d.webp\",\"datePublished\":\"2024-09-18T08:29:52+00:00\",\"dateModified\":\"2026-05-01T02:50:32+00:00\",\"breadcrumb\":{\"@id\":\"https:\/\/koningdrone.be\/product\/insta360-bike-bundle-2\/#breadcrumb\"},\"inLanguage\":\"de\",\"potentialAction\":[{\"@type\":\"ReadAction\",\"target\":[\"https:\/\/koningdrone.be\/product\/insta360-bike-bundle-2\/\"]}]},{\"@type\":\"ImageObject\",\"inLanguage\":\"de\",\"@id\":\"https:\/\/koningdrone.be\/product\/insta360-bike-bundle-2\/#primaryimage\",\"url\":\"https:\/\/koningdrone.be\/wp-content\/uploads\/sites\/13\/2025\/04\/2673_1b2bb67f-4237-47d7-8846-ce66aa59ac3d.webp\",\"contentUrl\":\"https:\/\/koningdrone.be\/wp-content\/uploads\/sites\/13\/2025\/04\/2673_1b2bb67f-4237-47d7-8846-ce66aa59ac3d.webp\",\"width\":1280,\"height\":1280},{\"@type\":\"BreadcrumbList\",\"@id\":\"https:\/\/koningdrone.be\/product\/insta360-bike-bundle-2\/#breadcrumb\",\"itemListElement\":[{\"@type\":\"ListItem\",\"position\":1,\"name\":\"Home\",\"item\":\"https:\/\/koningdrone.be\/\"},{\"@type\":\"ListItem\",\"position\":2,\"name\":\"AVSS Parachute Recovery System for DJI Matrice 300\/350\",\"item\":\"https:\/\/koningdrone.be\/product\/avss-parachute-recovery-system-for-dji-matrice-300-350\/\"},{\"@type\":\"ListItem\",\"position\":3,\"name\":\"Alle producten\",\"item\":\"https:\/\/koningdrone.be\/categorie\/alle-producten\/\"},{\"@type\":\"ListItem\",\"position\":4,\"name\":\"Insta360 Bike Bundle\"}]},{\"@type\":\"WebSite\",\"@id\":\"https:\/\/koningdrone.be\/#website\",\"url\":\"https:\/\/koningdrone.be\/\",\"name\":\"Koningdrone.be - Uw online specialist in drones, gimbals, camera's en power stations.\",\"description\":\"De webshop in drones en gimbals\",\"publisher\":{\"@id\":\"https:\/\/koningdrone.be\/#organization\"},\"potentialAction\":[{\"@type\":\"SearchAction\",\"target\":{\"@type\":\"EntryPoint\",\"urlTemplate\":\"https:\/\/koningdrone.be\/?s={search_term_string}\"},\"query-input\":{\"@type\":\"PropertyValueSpecification\",\"valueRequired\":true,\"valueName\":\"search_term_string\"}}],\"inLanguage\":\"de\"},{\"@type\":\"Organization\",\"@id\":\"https:\/\/koningdrone.be\/#organization\",\"name\":\"Koningdrone.be\",\"url\":\"https:\/\/koningdrone.be\/\",\"logo\":{\"@type\":\"ImageObject\",\"inLanguage\":\"de\",\"@id\":\"https:\/\/koningdrone.be\/#\/schema\/logo\/image\/\",\"url\":\"https:\/\/koningdrone.be\/wp-content\/uploads\/sites\/13\/2025\/04\/koningdrone-copyright-logo.svg\",\"contentUrl\":\"https:\/\/koningdrone.be\/wp-content\/uploads\/sites\/13\/2025\/04\/koningdrone-copyright-logo.svg\",\"width\":227,\"height\":38,\"caption\":\"Koningdrone.be\"},\"image\":{\"@id\":\"https:\/\/koningdrone.be\/#\/schema\/logo\/image\/\"}}]}<\/script>\n<!-- \/ Yoast SEO Premium plugin. -->","yoast_head_json":{"title":"Insta360 Bike Bundle - koningdrone.be","robots":{"index":"index","follow":"follow","max-snippet":"max-snippet:-1","max-image-preview":"max-image-preview:large","max-video-preview":"max-video-preview:-1"},"canonical":"https:\/\/koningdrone.be\/de\/produkt\/insta360-bike-bundle-2\/","og_locale":"de_DE","og_type":"article","og_title":"Insta360 Bike Bundle","og_description":"Inclusief stuurhouder en borstband.De stuurhouder moet rechtstreeks op de camera worden aangesloten. Deze kan niet worden gebruikt met andere verlengstukken of selfiesticks.GO 3\/GO 3S moet worden gemonteerd met de Quick Release Mount.Opmerking: De productnaam op de verpakking kan licht afwijken, maar de inhoud is zoals vermeld bij aankoop.","og_url":"https:\/\/koningdrone.be\/de\/produkt\/insta360-bike-bundle-2\/","og_site_name":"koningdrone.be","article_modified_time":"2026-05-01T02:50:32+00:00","og_image":[{"width":1280,"height":1280,"url":"https:\/\/koningdrone.be\/wp-content\/uploads\/sites\/13\/2025\/04\/2673_1b2bb67f-4237-47d7-8846-ce66aa59ac3d.webp","type":"image\/webp"}],"twitter_card":"summary_large_image","schema":{"@context":"https:\/\/schema.org","@graph":[{"@type":"WebPage","@id":"https:\/\/koningdrone.be\/product\/insta360-bike-bundle-2\/","url":"https:\/\/koningdrone.be\/product\/insta360-bike-bundle-2\/","name":"Insta360 Bike Bundle - koningdrone.be","isPartOf":{"@id":"https:\/\/koningdrone.be\/#website"},"primaryImageOfPage":{"@id":"https:\/\/koningdrone.be\/product\/insta360-bike-bundle-2\/#primaryimage"},"image":{"@id":"https:\/\/koningdrone.be\/product\/insta360-bike-bundle-2\/#primaryimage"},"thumbnailUrl":"https:\/\/koningdrone.be\/wp-content\/uploads\/sites\/13\/2025\/04\/2673_1b2bb67f-4237-47d7-8846-ce66aa59ac3d.webp","datePublished":"2024-09-18T08:29:52+00:00","dateModified":"2026-05-01T02:50:32+00:00","breadcrumb":{"@id":"https:\/\/koningdrone.be\/product\/insta360-bike-bundle-2\/#breadcrumb"},"inLanguage":"de","potentialAction":[{"@type":"ReadAction","target":["https:\/\/koningdrone.be\/product\/insta360-bike-bundle-2\/"]}]},{"@type":"ImageObject","inLanguage":"de","@id":"https:\/\/koningdrone.be\/product\/insta360-bike-bundle-2\/#primaryimage","url":"https:\/\/koningdrone.be\/wp-content\/uploads\/sites\/13\/2025\/04\/2673_1b2bb67f-4237-47d7-8846-ce66aa59ac3d.webp","contentUrl":"https:\/\/koningdrone.be\/wp-content\/uploads\/sites\/13\/2025\/04\/2673_1b2bb67f-4237-47d7-8846-ce66aa59ac3d.webp","width":1280,"height":1280},{"@type":"BreadcrumbList","@id":"https:\/\/koningdrone.be\/product\/insta360-bike-bundle-2\/#breadcrumb","itemListElement":[{"@type":"ListItem","position":1,"name":"Home","item":"https:\/\/koningdrone.be\/"},{"@type":"ListItem","position":2,"name":"AVSS Parachute Recovery System for DJI Matrice 300\/350","item":"https:\/\/koningdrone.be\/product\/avss-parachute-recovery-system-for-dji-matrice-300-350\/"},{"@type":"ListItem","position":3,"name":"Alle producten","item":"https:\/\/koningdrone.be\/categorie\/alle-producten\/"},{"@type":"ListItem","position":4,"name":"Insta360 Bike Bundle"}]},{"@type":"WebSite","@id":"https:\/\/koningdrone.be\/#website","url":"https:\/\/koningdrone.be\/","name":"Koningdrone.be - Ihr Online-Spezialist f\u00fcr Drohnen, Gimbals, Kameras und Kraftwerke.","description":"Der Webshop f\u00fcr Drohnen und Gimbals","publisher":{"@id":"https:\/\/koningdrone.be\/#organization"},"potentialAction":[{"@type":"SearchAction","target":{"@type":"EntryPoint","urlTemplate":"https:\/\/koningdrone.be\/?s={search_term_string}"},"query-input":{"@type":"PropertyValueSpecification","valueRequired":true,"valueName":"search_term_string"}}],"inLanguage":"de"},{"@type":"Organization","@id":"https:\/\/koningdrone.be\/#organization","name":"Kingdrone.de","url":"https:\/\/koningdrone.be\/","logo":{"@type":"ImageObject","inLanguage":"de","@id":"https:\/\/koningdrone.be\/#\/schema\/logo\/image\/","url":"https:\/\/koningdrone.be\/wp-content\/uploads\/sites\/13\/2025\/04\/koningdrone-copyright-logo.svg","contentUrl":"https:\/\/koningdrone.be\/wp-content\/uploads\/sites\/13\/2025\/04\/koningdrone-copyright-logo.svg","width":227,"height":38,"caption":"Koningdrone.be"},"image":{"@id":"https:\/\/koningdrone.be\/#\/schema\/logo\/image\/"}}]}},"df_price":66,"df_sale_price":"","df_regular_price":66,"df_image_link":"https:\/\/koningdrone.be\/wp-content\/uploads\/sites\/13\/2025\/04\/2673_1b2bb67f-4237-47d7-8846-ce66aa59ac3d-300x300.webp","_links":{"self":[{"href":"https:\/\/koningdrone.be\/de\/wp-json\/wp\/v2\/product\/2338","targetHints":{"allow":["GET"]}}],"collection":[{"href":"https:\/\/koningdrone.be\/de\/wp-json\/wp\/v2\/product"}],"about":[{"href":"https:\/\/koningdrone.be\/de\/wp-json\/wp\/v2\/types\/product"}],"wp:featuredmedia":[{"embeddable":true,"href":"https:\/\/koningdrone.be\/de\/wp-json\/wp\/v2\/media\/2332"}],"wp:attachment":[{"href":"https:\/\/koningdrone.be\/de\/wp-json\/wp\/v2\/media?parent=2338"}],"wp:term":[{"taxonomy":"product_brand","embeddable":true,"href":"https:\/\/koningdrone.be\/de\/wp-json\/wp\/v2\/product_brand?post=2338"},{"taxonomy":"product_cat","embeddable":true,"href":"https:\/\/koningdrone.be\/de\/wp-json\/wp\/v2\/product_cat?post=2338"},{"taxonomy":"product_tag","embeddable":true,"href":"https:\/\/koningdrone.be\/de\/wp-json\/wp\/v2\/product_tag?post=2338"}],"curies":[{"name":"wp","href":"https:\/\/api.w.org\/{rel}","templated":true}]}}