{"id":2292,"date":"2024-09-18T10:30:43","date_gmt":"2024-09-18T08:30:43","guid":{"rendered":"https:\/\/koningdrone.nl\/kon\/product\/insta360-go-3s-standalone-camera-arctic-white-64gb\/"},"modified":"2026-04-30T11:20:43","modified_gmt":"2026-04-30T09:20:43","slug":"insta360-go-3s-standalone-camera-arctic-white-64gb","status":"publish","type":"product","link":"https:\/\/koningdrone.be\/de\/produkt\/insta360-go-3s-standalone-camera-arctic-white-64gb\/","title":{"rendered":"Insta360 Go 3S Standalone-Kamera Arktisch Wei\u00df 64GB"},"content":{"rendered":"<p>Die Insta360 GO 3S Standalone-Kamera in Arktiswei\u00df kombiniert schlankes Design mit leistungsstarker Performance. Ihr kompaktes und leichtes Design macht es einfach, sie zu tragen und in jeder Situation zu verwenden. Die Kamera verf\u00fcgt \u00fcber eine fortschrittliche Stabilisierungstechnologie f\u00fcr gleichm\u00e4\u00dfige, stabile Bilder auch bei rasanten Aktivit\u00e4ten. Mit ihrem auff\u00e4lligen Arctic White-Finish ist sie ein elegantes und zugleich funktionales Werkzeug f\u00fcr die m\u00fchelose Aufnahme von Videos und Bildern in hoher Qualit\u00e4t.<\/p>","protected":false},"excerpt":{"rendered":"<ul>\n<li>FlowState-Stabilisierung - Garantiert ruhige Aufnahmen mit kardanischer Stabilisierung und Horizontverriegelung.<\/li>\n<li>Robust und wasserdicht - Die Kamera ist bis zu 10 m wasserdicht und hat einen austauschbaren Objektivschutz. Der Action Pod ist nach IPX4 spritzwassergesch\u00fctzt.<\/li>\n<li>Kompatibel mit Apple Find My - Finden Sie Ihr GO 3S schnell und einfach mit Apple Find My.<\/li>\n<li>\u00c4ndern Sie das Seitenverh\u00e4ltnis in Sekundenschnelle - drehen Sie den GO 3 um und voil\u00e0! So einfach ist es, von horizontalen zu vertikalen Aufnahmen zu wechseln.<\/li>\n<li>Sch\u00e4rfer, klarer, detaillierter - Dank eines verbesserten Chips mit 50% mehr CPU-Leistung und einem neuen Weitwinkelobjektiv nimmt der GO 3S jetzt in atemberaubendem 4K auf. Er bietet fast die doppelte Pixelanzahl im Vergleich zu 2,7K, um jeden Moment des Lebens in messerscharfen, gestochen scharfen Details festzuhalten.<\/li>\n<\/ul>","protected":false},"featured_media":2288,"template":"","meta":{"_acf_changed":false},"product_brand":[],"product_cat":[97,343],"product_tag":[],"class_list":{"0":"post-2292","1":"product","2":"type-product","3":"status-publish","4":"has-post-thumbnail","6":"product_cat-alle-producten","7":"product_cat-insta360","8":"product_shipping_class-outofstock","9":"pa_brand-insta360","10":"pa_productfamily-camera","11":"pa_producttype-camera","12":"pa_series-insta360-go","14":"first","15":"outofstock","16":"taxable","17":"shipping-taxable","18":"product-type-simple"},"acf":[],"yoast_head":"<!-- This site is optimized with the Yoast SEO Premium plugin v27.2 (Yoast SEO v27.2) - https:\/\/yoast.com\/product\/yoast-seo-premium-wordpress\/ -->\n<title>Insta360 Go 3S Standalone Camera Arctic White 64GB - koningdrone.be<\/title>\n<meta name=\"robots\" content=\"index, follow, max-snippet:-1, max-image-preview:large, max-video-preview:-1\" \/>\n<link rel=\"canonical\" href=\"https:\/\/koningdrone.be\/de\/produkt\/insta360-go-3s-standalone-camera-arctic-white-64gb\/\" \/>\n<meta property=\"og:locale\" content=\"de_DE\" \/>\n<meta property=\"og:type\" content=\"article\" \/>\n<meta property=\"og:title\" content=\"Insta360 Go 3S Standalone Camera Arctic White 64GB\" \/>\n<meta property=\"og:description\" content=\"FlowState stabilisatie - Garandeert vloeiende opnamen met gimbal-achtige stabilisatie en horizonvergrendeling.Robuust &amp; waterdicht - De camera is waterdicht tot 10 m met een vervangbare lensbeschermer. De Action Pod is IPX4 spatwaterdicht.Compatibel met Apple Find My - Vind uw GO 3S snel en eenvoudig terug met Apple Find My.Verander de beeldverhouding in enkele seconden - Draai de GO 3 om en voil\u00e0! Zo eenvoudig is het om te schakelen van horizontaal naar verticaal fotograferen.Scherper, duidelijker, gedetailleerder - Ondersteund door een verbeterde chip met 50% meer CPU-verwerkingskracht en een nieuwe groothoeklens, maakt de GO 3S nu opnamen in verbluffend 4K. Het biedt bijna het dubbele aantal pixels vergeleken met 2,7K om elk moment van het leven vast te leggen in haarscherpe, heldere details.\" \/>\n<meta property=\"og:url\" content=\"https:\/\/koningdrone.be\/de\/produkt\/insta360-go-3s-standalone-camera-arctic-white-64gb\/\" \/>\n<meta property=\"og:site_name\" content=\"koningdrone.be\" \/>\n<meta property=\"article:modified_time\" content=\"2026-04-30T09:20:43+00:00\" \/>\n<meta property=\"og:image\" content=\"https:\/\/koningdrone.be\/wp-content\/uploads\/sites\/13\/2025\/04\/731_74c56e1f-ca48-47fd-bfa9-d91c29378574.webp\" \/>\n\t<meta property=\"og:image:width\" content=\"1280\" \/>\n\t<meta property=\"og:image:height\" content=\"1280\" \/>\n\t<meta property=\"og:image:type\" content=\"image\/webp\" \/>\n<meta name=\"twitter:card\" content=\"summary_large_image\" \/>\n<script type=\"application\/ld+json\" class=\"yoast-schema-graph\">{\"@context\":\"https:\/\/schema.org\",\"@graph\":[{\"@type\":\"WebPage\",\"@id\":\"https:\/\/koningdrone.be\/product\/insta360-go-3s-standalone-camera-arctic-white-64gb\/\",\"url\":\"https:\/\/koningdrone.be\/product\/insta360-go-3s-standalone-camera-arctic-white-64gb\/\",\"name\":\"Insta360 Go 3S Standalone Camera Arctic White 64GB - koningdrone.be\",\"isPartOf\":{\"@id\":\"https:\/\/koningdrone.be\/#website\"},\"primaryImageOfPage\":{\"@id\":\"https:\/\/koningdrone.be\/product\/insta360-go-3s-standalone-camera-arctic-white-64gb\/#primaryimage\"},\"image\":{\"@id\":\"https:\/\/koningdrone.be\/product\/insta360-go-3s-standalone-camera-arctic-white-64gb\/#primaryimage\"},\"thumbnailUrl\":\"https:\/\/koningdrone.be\/wp-content\/uploads\/sites\/13\/2025\/04\/731_74c56e1f-ca48-47fd-bfa9-d91c29378574.webp\",\"datePublished\":\"2024-09-18T08:30:43+00:00\",\"dateModified\":\"2026-04-30T09:20:43+00:00\",\"breadcrumb\":{\"@id\":\"https:\/\/koningdrone.be\/product\/insta360-go-3s-standalone-camera-arctic-white-64gb\/#breadcrumb\"},\"inLanguage\":\"de\",\"potentialAction\":[{\"@type\":\"ReadAction\",\"target\":[\"https:\/\/koningdrone.be\/product\/insta360-go-3s-standalone-camera-arctic-white-64gb\/\"]}]},{\"@type\":\"ImageObject\",\"inLanguage\":\"de\",\"@id\":\"https:\/\/koningdrone.be\/product\/insta360-go-3s-standalone-camera-arctic-white-64gb\/#primaryimage\",\"url\":\"https:\/\/koningdrone.be\/wp-content\/uploads\/sites\/13\/2025\/04\/731_74c56e1f-ca48-47fd-bfa9-d91c29378574.webp\",\"contentUrl\":\"https:\/\/koningdrone.be\/wp-content\/uploads\/sites\/13\/2025\/04\/731_74c56e1f-ca48-47fd-bfa9-d91c29378574.webp\",\"width\":1280,\"height\":1280},{\"@type\":\"BreadcrumbList\",\"@id\":\"https:\/\/koningdrone.be\/product\/insta360-go-3s-standalone-camera-arctic-white-64gb\/#breadcrumb\",\"itemListElement\":[{\"@type\":\"ListItem\",\"position\":1,\"name\":\"Home\",\"item\":\"https:\/\/koningdrone.be\/\"},{\"@type\":\"ListItem\",\"position\":2,\"name\":\"AVSS Parachute Recovery System for DJI Matrice 300\/350\",\"item\":\"https:\/\/koningdrone.be\/product\/avss-parachute-recovery-system-for-dji-matrice-300-350\/\"},{\"@type\":\"ListItem\",\"position\":3,\"name\":\"Alle producten\",\"item\":\"https:\/\/koningdrone.be\/categorie\/alle-producten\/\"},{\"@type\":\"ListItem\",\"position\":4,\"name\":\"Insta360 Go 3S Standalone Camera Arctic White 64GB\"}]},{\"@type\":\"WebSite\",\"@id\":\"https:\/\/koningdrone.be\/#website\",\"url\":\"https:\/\/koningdrone.be\/\",\"name\":\"Koningdrone.be - Uw online specialist in drones, gimbals, camera's en power stations.\",\"description\":\"De webshop in drones en gimbals\",\"publisher\":{\"@id\":\"https:\/\/koningdrone.be\/#organization\"},\"potentialAction\":[{\"@type\":\"SearchAction\",\"target\":{\"@type\":\"EntryPoint\",\"urlTemplate\":\"https:\/\/koningdrone.be\/?s={search_term_string}\"},\"query-input\":{\"@type\":\"PropertyValueSpecification\",\"valueRequired\":true,\"valueName\":\"search_term_string\"}}],\"inLanguage\":\"de\"},{\"@type\":\"Organization\",\"@id\":\"https:\/\/koningdrone.be\/#organization\",\"name\":\"Koningdrone.be\",\"url\":\"https:\/\/koningdrone.be\/\",\"logo\":{\"@type\":\"ImageObject\",\"inLanguage\":\"de\",\"@id\":\"https:\/\/koningdrone.be\/#\/schema\/logo\/image\/\",\"url\":\"https:\/\/koningdrone.be\/wp-content\/uploads\/sites\/13\/2025\/04\/koningdrone-copyright-logo.svg\",\"contentUrl\":\"https:\/\/koningdrone.be\/wp-content\/uploads\/sites\/13\/2025\/04\/koningdrone-copyright-logo.svg\",\"width\":227,\"height\":38,\"caption\":\"Koningdrone.be\"},\"image\":{\"@id\":\"https:\/\/koningdrone.be\/#\/schema\/logo\/image\/\"}}]}<\/script>\n<!-- \/ Yoast SEO Premium plugin. -->","yoast_head_json":{"title":"Insta360 Go 3S Standalone Camera Arctic White 64GB - koningdrone.be","robots":{"index":"index","follow":"follow","max-snippet":"max-snippet:-1","max-image-preview":"max-image-preview:large","max-video-preview":"max-video-preview:-1"},"canonical":"https:\/\/koningdrone.be\/de\/produkt\/insta360-go-3s-standalone-camera-arctic-white-64gb\/","og_locale":"de_DE","og_type":"article","og_title":"Insta360 Go 3S Standalone Camera Arctic White 64GB","og_description":"FlowState stabilisatie - Garandeert vloeiende opnamen met gimbal-achtige stabilisatie en horizonvergrendeling.Robuust &amp; waterdicht - De camera is waterdicht tot 10 m met een vervangbare lensbeschermer. De Action Pod is IPX4 spatwaterdicht.Compatibel met Apple Find My - Vind uw GO 3S snel en eenvoudig terug met Apple Find My.Verander de beeldverhouding in enkele seconden - Draai de GO 3 om en voil\u00e0! Zo eenvoudig is het om te schakelen van horizontaal naar verticaal fotograferen.Scherper, duidelijker, gedetailleerder - Ondersteund door een verbeterde chip met 50% meer CPU-verwerkingskracht en een nieuwe groothoeklens, maakt de GO 3S nu opnamen in verbluffend 4K. Het biedt bijna het dubbele aantal pixels vergeleken met 2,7K om elk moment van het leven vast te leggen in haarscherpe, heldere details.","og_url":"https:\/\/koningdrone.be\/de\/produkt\/insta360-go-3s-standalone-camera-arctic-white-64gb\/","og_site_name":"koningdrone.be","article_modified_time":"2026-04-30T09:20:43+00:00","og_image":[{"width":1280,"height":1280,"url":"https:\/\/koningdrone.be\/wp-content\/uploads\/sites\/13\/2025\/04\/731_74c56e1f-ca48-47fd-bfa9-d91c29378574.webp","type":"image\/webp"}],"twitter_card":"summary_large_image","schema":{"@context":"https:\/\/schema.org","@graph":[{"@type":"WebPage","@id":"https:\/\/koningdrone.be\/product\/insta360-go-3s-standalone-camera-arctic-white-64gb\/","url":"https:\/\/koningdrone.be\/product\/insta360-go-3s-standalone-camera-arctic-white-64gb\/","name":"Insta360 Go 3S Standalone Camera Arctic White 64GB - koningdrone.be","isPartOf":{"@id":"https:\/\/koningdrone.be\/#website"},"primaryImageOfPage":{"@id":"https:\/\/koningdrone.be\/product\/insta360-go-3s-standalone-camera-arctic-white-64gb\/#primaryimage"},"image":{"@id":"https:\/\/koningdrone.be\/product\/insta360-go-3s-standalone-camera-arctic-white-64gb\/#primaryimage"},"thumbnailUrl":"https:\/\/koningdrone.be\/wp-content\/uploads\/sites\/13\/2025\/04\/731_74c56e1f-ca48-47fd-bfa9-d91c29378574.webp","datePublished":"2024-09-18T08:30:43+00:00","dateModified":"2026-04-30T09:20:43+00:00","breadcrumb":{"@id":"https:\/\/koningdrone.be\/product\/insta360-go-3s-standalone-camera-arctic-white-64gb\/#breadcrumb"},"inLanguage":"de","potentialAction":[{"@type":"ReadAction","target":["https:\/\/koningdrone.be\/product\/insta360-go-3s-standalone-camera-arctic-white-64gb\/"]}]},{"@type":"ImageObject","inLanguage":"de","@id":"https:\/\/koningdrone.be\/product\/insta360-go-3s-standalone-camera-arctic-white-64gb\/#primaryimage","url":"https:\/\/koningdrone.be\/wp-content\/uploads\/sites\/13\/2025\/04\/731_74c56e1f-ca48-47fd-bfa9-d91c29378574.webp","contentUrl":"https:\/\/koningdrone.be\/wp-content\/uploads\/sites\/13\/2025\/04\/731_74c56e1f-ca48-47fd-bfa9-d91c29378574.webp","width":1280,"height":1280},{"@type":"BreadcrumbList","@id":"https:\/\/koningdrone.be\/product\/insta360-go-3s-standalone-camera-arctic-white-64gb\/#breadcrumb","itemListElement":[{"@type":"ListItem","position":1,"name":"Home","item":"https:\/\/koningdrone.be\/"},{"@type":"ListItem","position":2,"name":"AVSS Parachute Recovery System for DJI Matrice 300\/350","item":"https:\/\/koningdrone.be\/product\/avss-parachute-recovery-system-for-dji-matrice-300-350\/"},{"@type":"ListItem","position":3,"name":"Alle producten","item":"https:\/\/koningdrone.be\/categorie\/alle-producten\/"},{"@type":"ListItem","position":4,"name":"Insta360 Go 3S Standalone Camera Arctic White 64GB"}]},{"@type":"WebSite","@id":"https:\/\/koningdrone.be\/#website","url":"https:\/\/koningdrone.be\/","name":"Koningdrone.be - Ihr Online-Spezialist f\u00fcr Drohnen, Gimbals, Kameras und Kraftwerke.","description":"Der Webshop f\u00fcr Drohnen und Gimbals","publisher":{"@id":"https:\/\/koningdrone.be\/#organization"},"potentialAction":[{"@type":"SearchAction","target":{"@type":"EntryPoint","urlTemplate":"https:\/\/koningdrone.be\/?s={search_term_string}"},"query-input":{"@type":"PropertyValueSpecification","valueRequired":true,"valueName":"search_term_string"}}],"inLanguage":"de"},{"@type":"Organization","@id":"https:\/\/koningdrone.be\/#organization","name":"Kingdrone.de","url":"https:\/\/koningdrone.be\/","logo":{"@type":"ImageObject","inLanguage":"de","@id":"https:\/\/koningdrone.be\/#\/schema\/logo\/image\/","url":"https:\/\/koningdrone.be\/wp-content\/uploads\/sites\/13\/2025\/04\/koningdrone-copyright-logo.svg","contentUrl":"https:\/\/koningdrone.be\/wp-content\/uploads\/sites\/13\/2025\/04\/koningdrone-copyright-logo.svg","width":227,"height":38,"caption":"Koningdrone.be"},"image":{"@id":"https:\/\/koningdrone.be\/#\/schema\/logo\/image\/"}}]}},"df_price":"","df_sale_price":"","df_regular_price":"","df_image_link":"https:\/\/koningdrone.be\/wp-content\/uploads\/sites\/13\/2025\/04\/731_74c56e1f-ca48-47fd-bfa9-d91c29378574-300x300.webp","_links":{"self":[{"href":"https:\/\/koningdrone.be\/de\/wp-json\/wp\/v2\/product\/2292","targetHints":{"allow":["GET"]}}],"collection":[{"href":"https:\/\/koningdrone.be\/de\/wp-json\/wp\/v2\/product"}],"about":[{"href":"https:\/\/koningdrone.be\/de\/wp-json\/wp\/v2\/types\/product"}],"wp:featuredmedia":[{"embeddable":true,"href":"https:\/\/koningdrone.be\/de\/wp-json\/wp\/v2\/media\/2288"}],"wp:attachment":[{"href":"https:\/\/koningdrone.be\/de\/wp-json\/wp\/v2\/media?parent=2292"}],"wp:term":[{"taxonomy":"product_brand","embeddable":true,"href":"https:\/\/koningdrone.be\/de\/wp-json\/wp\/v2\/product_brand?post=2292"},{"taxonomy":"product_cat","embeddable":true,"href":"https:\/\/koningdrone.be\/de\/wp-json\/wp\/v2\/product_cat?post=2292"},{"taxonomy":"product_tag","embeddable":true,"href":"https:\/\/koningdrone.be\/de\/wp-json\/wp\/v2\/product_tag?post=2292"}],"curies":[{"name":"wp","href":"https:\/\/api.w.org\/{rel}","templated":true}]}}