{"id":2281,"date":"2024-09-18T10:31:00","date_gmt":"2024-09-18T08:31:00","guid":{"rendered":"https:\/\/koningdrone.nl\/kon\/product\/insta360-ace-pro-carry-case\/"},"modified":"2026-05-01T04:41:00","modified_gmt":"2026-05-01T02:41:00","slug":"insta360-ace-pro-carry-case","status":"publish","type":"product","link":"https:\/\/koningdrone.be\/de\/produkt\/insta360-ace-pro-carry-case\/","title":{"rendered":"Insta360 Ace Pro - Tragetasche"},"content":{"rendered":"<p>Die Insta360 Ace Pro und Ace Tragetasche ist eine schlanke und praktische L\u00f6sung f\u00fcr den Transport und Schutz Ihrer Insta360 Kamera und Ihres Zubeh\u00f6rs. Die Tasche hat ein kompaktes, robustes Design mit individuellen F\u00e4chern, um Ihre Ausr\u00fcstung organisiert und sicher aufzubewahren. Ihr strapazierf\u00e4higes \u00c4u\u00dferes und die gepolsterte Innenseite bieten hervorragenden Schutz vor St\u00f6\u00dfen und Kratzern und machen sie zum idealen Begleiter f\u00fcr unterwegs und auf Reisen.<\/p>","protected":false},"excerpt":{"rendered":"<ul>\n<li>Bietet Platz f\u00fcr Ihre Insta360 Ace\/Insta360 Ace Pro, zwei Batterien und Ihr Zubeh\u00f6r.<\/li>\n<li>Konturiertes Design mit pr\u00e4ziser Platzierung f\u00fcr Ihre Kamera und Ihr Zubeh\u00f6r.<\/li>\n<li>Harte Schale, widerstandsf\u00e4hig gegen St\u00f6\u00dfe und Kratzer und dennoch leicht.<\/li>\n<li>Stofffutter f\u00fcr einfachen und bequemen Halt.<\/li>\n<\/ul>","protected":false},"featured_media":2277,"template":"","meta":{"_acf_changed":false},"product_brand":[],"product_cat":[97,343],"product_tag":[],"class_list":{"0":"post-2281","1":"product","2":"type-product","3":"status-publish","4":"has-post-thumbnail","6":"product_cat-alle-producten","7":"product_cat-insta360","8":"product_shipping_class-outofstock","9":"pa_brand-insta360","10":"pa_productfamily-draagtas","11":"pa_producttype-draagtas","12":"pa_series-insta360-go","14":"first","15":"outofstock","16":"taxable","17":"shipping-taxable","18":"purchasable","19":"product-type-simple"},"acf":[],"yoast_head":"<!-- This site is optimized with the Yoast SEO Premium plugin v27.2 (Yoast SEO v27.2) - https:\/\/yoast.com\/product\/yoast-seo-premium-wordpress\/ -->\n<title>Insta360 Ace Pro - Carry Case - koningdrone.be<\/title>\n<meta name=\"robots\" content=\"index, follow, max-snippet:-1, max-image-preview:large, max-video-preview:-1\" \/>\n<link rel=\"canonical\" href=\"https:\/\/koningdrone.be\/de\/produkt\/insta360-ace-pro-carry-case\/\" \/>\n<meta property=\"og:locale\" content=\"de_DE\" \/>\n<meta property=\"og:type\" content=\"article\" \/>\n<meta property=\"og:title\" content=\"Insta360 Ace Pro - Carry Case\" \/>\n<meta property=\"og:description\" content=\"Biedt plaats aan je Insta360 Ace\/Insta360 Ace Pro, twee batterijen en je accessoires.Voorgevormd ontwerp, met nauwkeurige plaatsing voor je camera en accessoires.Harde buitenkant, bestand tegen stoten en krassen, terwijl het lichtgewicht blijft.Stoffen voering voor gemakkelijke en comfortabele grip.\" \/>\n<meta property=\"og:url\" content=\"https:\/\/koningdrone.be\/de\/produkt\/insta360-ace-pro-carry-case\/\" \/>\n<meta property=\"og:site_name\" content=\"koningdrone.be\" \/>\n<meta property=\"article:modified_time\" content=\"2026-05-01T02:41:00+00:00\" \/>\n<meta property=\"og:image\" content=\"https:\/\/koningdrone.be\/wp-content\/uploads\/sites\/13\/2025\/04\/2673_5ce4fb69-17b1-4916-adee-b91179d5e9d0.webp\" \/>\n\t<meta property=\"og:image:width\" content=\"1280\" \/>\n\t<meta property=\"og:image:height\" content=\"1280\" \/>\n\t<meta property=\"og:image:type\" content=\"image\/webp\" \/>\n<meta name=\"twitter:card\" content=\"summary_large_image\" \/>\n<script type=\"application\/ld+json\" class=\"yoast-schema-graph\">{\"@context\":\"https:\/\/schema.org\",\"@graph\":[{\"@type\":\"WebPage\",\"@id\":\"https:\/\/koningdrone.be\/product\/insta360-ace-pro-carry-case\/\",\"url\":\"https:\/\/koningdrone.be\/product\/insta360-ace-pro-carry-case\/\",\"name\":\"Insta360 Ace Pro - Carry Case - koningdrone.be\",\"isPartOf\":{\"@id\":\"https:\/\/koningdrone.be\/#website\"},\"primaryImageOfPage\":{\"@id\":\"https:\/\/koningdrone.be\/product\/insta360-ace-pro-carry-case\/#primaryimage\"},\"image\":{\"@id\":\"https:\/\/koningdrone.be\/product\/insta360-ace-pro-carry-case\/#primaryimage\"},\"thumbnailUrl\":\"https:\/\/koningdrone.be\/wp-content\/uploads\/sites\/13\/2025\/04\/2673_5ce4fb69-17b1-4916-adee-b91179d5e9d0.webp\",\"datePublished\":\"2024-09-18T08:31:00+00:00\",\"dateModified\":\"2026-05-01T02:41:00+00:00\",\"breadcrumb\":{\"@id\":\"https:\/\/koningdrone.be\/product\/insta360-ace-pro-carry-case\/#breadcrumb\"},\"inLanguage\":\"de\",\"potentialAction\":[{\"@type\":\"ReadAction\",\"target\":[\"https:\/\/koningdrone.be\/product\/insta360-ace-pro-carry-case\/\"]}]},{\"@type\":\"ImageObject\",\"inLanguage\":\"de\",\"@id\":\"https:\/\/koningdrone.be\/product\/insta360-ace-pro-carry-case\/#primaryimage\",\"url\":\"https:\/\/koningdrone.be\/wp-content\/uploads\/sites\/13\/2025\/04\/2673_5ce4fb69-17b1-4916-adee-b91179d5e9d0.webp\",\"contentUrl\":\"https:\/\/koningdrone.be\/wp-content\/uploads\/sites\/13\/2025\/04\/2673_5ce4fb69-17b1-4916-adee-b91179d5e9d0.webp\",\"width\":1280,\"height\":1280},{\"@type\":\"BreadcrumbList\",\"@id\":\"https:\/\/koningdrone.be\/product\/insta360-ace-pro-carry-case\/#breadcrumb\",\"itemListElement\":[{\"@type\":\"ListItem\",\"position\":1,\"name\":\"Home\",\"item\":\"https:\/\/koningdrone.be\/\"},{\"@type\":\"ListItem\",\"position\":2,\"name\":\"AVSS Parachute Recovery System for DJI Matrice 300\/350\",\"item\":\"https:\/\/koningdrone.be\/product\/avss-parachute-recovery-system-for-dji-matrice-300-350\/\"},{\"@type\":\"ListItem\",\"position\":3,\"name\":\"Alle producten\",\"item\":\"https:\/\/koningdrone.be\/categorie\/alle-producten\/\"},{\"@type\":\"ListItem\",\"position\":4,\"name\":\"Insta360 Ace Pro &#8211; Carry Case\"}]},{\"@type\":\"WebSite\",\"@id\":\"https:\/\/koningdrone.be\/#website\",\"url\":\"https:\/\/koningdrone.be\/\",\"name\":\"Koningdrone.be - Uw online specialist in drones, gimbals, camera's en power stations.\",\"description\":\"De webshop in drones en gimbals\",\"publisher\":{\"@id\":\"https:\/\/koningdrone.be\/#organization\"},\"potentialAction\":[{\"@type\":\"SearchAction\",\"target\":{\"@type\":\"EntryPoint\",\"urlTemplate\":\"https:\/\/koningdrone.be\/?s={search_term_string}\"},\"query-input\":{\"@type\":\"PropertyValueSpecification\",\"valueRequired\":true,\"valueName\":\"search_term_string\"}}],\"inLanguage\":\"de\"},{\"@type\":\"Organization\",\"@id\":\"https:\/\/koningdrone.be\/#organization\",\"name\":\"Koningdrone.be\",\"url\":\"https:\/\/koningdrone.be\/\",\"logo\":{\"@type\":\"ImageObject\",\"inLanguage\":\"de\",\"@id\":\"https:\/\/koningdrone.be\/#\/schema\/logo\/image\/\",\"url\":\"https:\/\/koningdrone.be\/wp-content\/uploads\/sites\/13\/2025\/04\/koningdrone-copyright-logo.svg\",\"contentUrl\":\"https:\/\/koningdrone.be\/wp-content\/uploads\/sites\/13\/2025\/04\/koningdrone-copyright-logo.svg\",\"width\":227,\"height\":38,\"caption\":\"Koningdrone.be\"},\"image\":{\"@id\":\"https:\/\/koningdrone.be\/#\/schema\/logo\/image\/\"}}]}<\/script>\n<!-- \/ Yoast SEO Premium plugin. -->","yoast_head_json":{"title":"Insta360 Ace Pro - Carry Case - koningdrone.be","robots":{"index":"index","follow":"follow","max-snippet":"max-snippet:-1","max-image-preview":"max-image-preview:large","max-video-preview":"max-video-preview:-1"},"canonical":"https:\/\/koningdrone.be\/de\/produkt\/insta360-ace-pro-carry-case\/","og_locale":"de_DE","og_type":"article","og_title":"Insta360 Ace Pro - Carry Case","og_description":"Biedt plaats aan je Insta360 Ace\/Insta360 Ace Pro, twee batterijen en je accessoires.Voorgevormd ontwerp, met nauwkeurige plaatsing voor je camera en accessoires.Harde buitenkant, bestand tegen stoten en krassen, terwijl het lichtgewicht blijft.Stoffen voering voor gemakkelijke en comfortabele grip.","og_url":"https:\/\/koningdrone.be\/de\/produkt\/insta360-ace-pro-carry-case\/","og_site_name":"koningdrone.be","article_modified_time":"2026-05-01T02:41:00+00:00","og_image":[{"width":1280,"height":1280,"url":"https:\/\/koningdrone.be\/wp-content\/uploads\/sites\/13\/2025\/04\/2673_5ce4fb69-17b1-4916-adee-b91179d5e9d0.webp","type":"image\/webp"}],"twitter_card":"summary_large_image","schema":{"@context":"https:\/\/schema.org","@graph":[{"@type":"WebPage","@id":"https:\/\/koningdrone.be\/product\/insta360-ace-pro-carry-case\/","url":"https:\/\/koningdrone.be\/product\/insta360-ace-pro-carry-case\/","name":"Insta360 Ace Pro - Carry Case - koningdrone.be","isPartOf":{"@id":"https:\/\/koningdrone.be\/#website"},"primaryImageOfPage":{"@id":"https:\/\/koningdrone.be\/product\/insta360-ace-pro-carry-case\/#primaryimage"},"image":{"@id":"https:\/\/koningdrone.be\/product\/insta360-ace-pro-carry-case\/#primaryimage"},"thumbnailUrl":"https:\/\/koningdrone.be\/wp-content\/uploads\/sites\/13\/2025\/04\/2673_5ce4fb69-17b1-4916-adee-b91179d5e9d0.webp","datePublished":"2024-09-18T08:31:00+00:00","dateModified":"2026-05-01T02:41:00+00:00","breadcrumb":{"@id":"https:\/\/koningdrone.be\/product\/insta360-ace-pro-carry-case\/#breadcrumb"},"inLanguage":"de","potentialAction":[{"@type":"ReadAction","target":["https:\/\/koningdrone.be\/product\/insta360-ace-pro-carry-case\/"]}]},{"@type":"ImageObject","inLanguage":"de","@id":"https:\/\/koningdrone.be\/product\/insta360-ace-pro-carry-case\/#primaryimage","url":"https:\/\/koningdrone.be\/wp-content\/uploads\/sites\/13\/2025\/04\/2673_5ce4fb69-17b1-4916-adee-b91179d5e9d0.webp","contentUrl":"https:\/\/koningdrone.be\/wp-content\/uploads\/sites\/13\/2025\/04\/2673_5ce4fb69-17b1-4916-adee-b91179d5e9d0.webp","width":1280,"height":1280},{"@type":"BreadcrumbList","@id":"https:\/\/koningdrone.be\/product\/insta360-ace-pro-carry-case\/#breadcrumb","itemListElement":[{"@type":"ListItem","position":1,"name":"Home","item":"https:\/\/koningdrone.be\/"},{"@type":"ListItem","position":2,"name":"AVSS Parachute Recovery System for DJI Matrice 300\/350","item":"https:\/\/koningdrone.be\/product\/avss-parachute-recovery-system-for-dji-matrice-300-350\/"},{"@type":"ListItem","position":3,"name":"Alle producten","item":"https:\/\/koningdrone.be\/categorie\/alle-producten\/"},{"@type":"ListItem","position":4,"name":"Insta360 Ace Pro &#8211; Carry Case"}]},{"@type":"WebSite","@id":"https:\/\/koningdrone.be\/#website","url":"https:\/\/koningdrone.be\/","name":"Koningdrone.be - Ihr Online-Spezialist f\u00fcr Drohnen, Gimbals, Kameras und Kraftwerke.","description":"Der Webshop f\u00fcr Drohnen und Gimbals","publisher":{"@id":"https:\/\/koningdrone.be\/#organization"},"potentialAction":[{"@type":"SearchAction","target":{"@type":"EntryPoint","urlTemplate":"https:\/\/koningdrone.be\/?s={search_term_string}"},"query-input":{"@type":"PropertyValueSpecification","valueRequired":true,"valueName":"search_term_string"}}],"inLanguage":"de"},{"@type":"Organization","@id":"https:\/\/koningdrone.be\/#organization","name":"Kingdrone.de","url":"https:\/\/koningdrone.be\/","logo":{"@type":"ImageObject","inLanguage":"de","@id":"https:\/\/koningdrone.be\/#\/schema\/logo\/image\/","url":"https:\/\/koningdrone.be\/wp-content\/uploads\/sites\/13\/2025\/04\/koningdrone-copyright-logo.svg","contentUrl":"https:\/\/koningdrone.be\/wp-content\/uploads\/sites\/13\/2025\/04\/koningdrone-copyright-logo.svg","width":227,"height":38,"caption":"Koningdrone.be"},"image":{"@id":"https:\/\/koningdrone.be\/#\/schema\/logo\/image\/"}}]}},"df_price":31,"df_sale_price":"","df_regular_price":31,"df_image_link":"https:\/\/koningdrone.be\/wp-content\/uploads\/sites\/13\/2025\/04\/2673_5ce4fb69-17b1-4916-adee-b91179d5e9d0-300x300.webp","_links":{"self":[{"href":"https:\/\/koningdrone.be\/de\/wp-json\/wp\/v2\/product\/2281","targetHints":{"allow":["GET"]}}],"collection":[{"href":"https:\/\/koningdrone.be\/de\/wp-json\/wp\/v2\/product"}],"about":[{"href":"https:\/\/koningdrone.be\/de\/wp-json\/wp\/v2\/types\/product"}],"wp:featuredmedia":[{"embeddable":true,"href":"https:\/\/koningdrone.be\/de\/wp-json\/wp\/v2\/media\/2277"}],"wp:attachment":[{"href":"https:\/\/koningdrone.be\/de\/wp-json\/wp\/v2\/media?parent=2281"}],"wp:term":[{"taxonomy":"product_brand","embeddable":true,"href":"https:\/\/koningdrone.be\/de\/wp-json\/wp\/v2\/product_brand?post=2281"},{"taxonomy":"product_cat","embeddable":true,"href":"https:\/\/koningdrone.be\/de\/wp-json\/wp\/v2\/product_cat?post=2281"},{"taxonomy":"product_tag","embeddable":true,"href":"https:\/\/koningdrone.be\/de\/wp-json\/wp\/v2\/product_tag?post=2281"}],"curies":[{"name":"wp","href":"https:\/\/api.w.org\/{rel}","templated":true}]}}