{"id":2225,"date":"2024-09-18T10:31:38","date_gmt":"2024-09-18T08:31:38","guid":{"rendered":"https:\/\/koningdrone.nl\/kon\/product\/insta360-triple-suction-cup-car-mount\/"},"modified":"2026-05-01T04:50:20","modified_gmt":"2026-05-01T02:50:20","slug":"insta360-triple-suction-cup-car-mount","status":"publish","type":"product","link":"https:\/\/koningdrone.be\/de\/produkt\/insta360-triple-suction-cup-car-mount\/","title":{"rendered":"Insta360 Dreifach-Saugnapf-Autohalterung"},"content":{"rendered":"<p>Die Insta360 Dual\/Triple Suction Cup Car Mount ist eine vielseitige und sichere Montagel\u00f6sung f\u00fcr die Aufnahme von stabilen Bildern aus dem Auto. Die doppelten oder dreifachen Saugn\u00e4pfe sorgen f\u00fcr eine starke und zuverl\u00e4ssige Befestigung an glatten Oberfl\u00e4chen wie Autoscheiben oder Armaturenbrettern. Die verstellbaren Arme erm\u00f6glichen eine flexible Positionierung Ihrer Insta360-Kamera, wodurch sie sich ideal f\u00fcr die Aufnahme von Szenen w\u00e4hrend der Fahrt, Landschaftsansichten oder Hochgeschwindigkeits-Action eignet und dabei eine stabile und ungehinderte Sicht gew\u00e4hrleistet.<\/p>","protected":false},"excerpt":{"rendered":"<ul>\n<li>Diese Auto-Dreifach-Saugnapf-Autohalterung kann nur mit dem Insta360 Action Invisible Selfie Stick verwendet werden, nicht mit anderen Selfie-Sticks.<\/li>\n<li>Verabschieden Sie sich von den Beschr\u00e4nkungen mit einzigartigen Ansichten Ihres Autos aus der dritten Person oder anderen videospiele\u00e4hnlichen Blickwinkeln.<\/li>\n<li>Drei Saugn\u00e4pfe bilden eine dreieckige Struktur f\u00fcr maximale Stabilit\u00e4t.<\/li>\n<li>Doppelsaugnapf, geeignet f\u00fcr Fahrten in der Stadt und auf ebenen Stra\u00dfen.<\/li>\n<li>Drei Saugn\u00e4pfe in einem Design, kann bei Bedarf in Doppelsaugnapfhalter oder Einzelsaugnapfhalter aufgeteilt werden.<\/li>\n<li>Einzelne Saugn\u00e4pfe mit statischer Saugkraft bis zu 20 kg, halten fest an Ihrem Auto.<\/li>\n<\/ul>","protected":false},"featured_media":2221,"template":"","meta":{"_acf_changed":false},"product_brand":[],"product_cat":[97,343],"product_tag":[],"class_list":{"0":"post-2225","1":"product","2":"type-product","3":"status-publish","4":"has-post-thumbnail","6":"product_cat-alle-producten","7":"product_cat-insta360","8":"product_shipping_class-outofstock","9":"pa_brand-insta360","10":"pa_productfamily-camera-accessoires","11":"pa_producttype-camera-accessoires","12":"pa_series-insta360-go","14":"first","15":"outofstock","16":"taxable","17":"shipping-taxable","18":"purchasable","19":"product-type-simple"},"acf":[],"yoast_head":"<!-- This site is optimized with the Yoast SEO Premium plugin v27.2 (Yoast SEO v27.2) - https:\/\/yoast.com\/product\/yoast-seo-premium-wordpress\/ -->\n<title>Insta360 Triple Suction Cup Car Mount - koningdrone.be<\/title>\n<meta name=\"robots\" content=\"index, follow, max-snippet:-1, max-image-preview:large, max-video-preview:-1\" \/>\n<link rel=\"canonical\" href=\"https:\/\/koningdrone.be\/de\/produkt\/insta360-triple-suction-cup-car-mount\/\" \/>\n<meta property=\"og:locale\" content=\"de_DE\" \/>\n<meta property=\"og:type\" content=\"article\" \/>\n<meta property=\"og:title\" content=\"Insta360 Triple Suction Cup Car Mount\" \/>\n<meta property=\"og:description\" content=\"Deze auto Triple Suction Cup Car Mount kan alleen gebruikt worden met de Insta360 Action Invisible Selfie Stick, niet gebruiken met andere selfie sticks.Zeg vaarwel tegen beperkingen, met unieke, derde-persoons uitzicht op je auto, of andere video-game stijl hoeken.Drie zuignappen vormen een driehoekige structuur voor maximale stabiliteit.Dubbele zuignap geschikt voor het rijden in steden en op vlakke wegen.Drie zuignappen in \u00e9\u00e9n ontwerp, kan indien nodig worden opgesplitst in dubbele zuignaphouders of enkele zuignaphouders.Individuele zuignappen met een statische zuigkracht tot 20 kg, houden stevig vast aan je auto.\" \/>\n<meta property=\"og:url\" content=\"https:\/\/koningdrone.be\/de\/produkt\/insta360-triple-suction-cup-car-mount\/\" \/>\n<meta property=\"og:site_name\" content=\"koningdrone.be\" \/>\n<meta property=\"article:modified_time\" content=\"2026-05-01T02:50:20+00:00\" \/>\n<meta property=\"og:image\" content=\"https:\/\/koningdrone.be\/wp-content\/uploads\/sites\/13\/2025\/04\/AV03-7.webp\" \/>\n\t<meta property=\"og:image:width\" content=\"780\" \/>\n\t<meta property=\"og:image:height\" content=\"780\" \/>\n\t<meta property=\"og:image:type\" content=\"image\/webp\" \/>\n<meta name=\"twitter:card\" content=\"summary_large_image\" \/>\n<script type=\"application\/ld+json\" class=\"yoast-schema-graph\">{\"@context\":\"https:\/\/schema.org\",\"@graph\":[{\"@type\":\"WebPage\",\"@id\":\"https:\/\/koningdrone.be\/product\/insta360-triple-suction-cup-car-mount\/\",\"url\":\"https:\/\/koningdrone.be\/product\/insta360-triple-suction-cup-car-mount\/\",\"name\":\"Insta360 Triple Suction Cup Car Mount - koningdrone.be\",\"isPartOf\":{\"@id\":\"https:\/\/koningdrone.be\/#website\"},\"primaryImageOfPage\":{\"@id\":\"https:\/\/koningdrone.be\/product\/insta360-triple-suction-cup-car-mount\/#primaryimage\"},\"image\":{\"@id\":\"https:\/\/koningdrone.be\/product\/insta360-triple-suction-cup-car-mount\/#primaryimage\"},\"thumbnailUrl\":\"https:\/\/koningdrone.be\/wp-content\/uploads\/sites\/13\/2025\/04\/AV03-7.webp\",\"datePublished\":\"2024-09-18T08:31:38+00:00\",\"dateModified\":\"2026-05-01T02:50:20+00:00\",\"breadcrumb\":{\"@id\":\"https:\/\/koningdrone.be\/product\/insta360-triple-suction-cup-car-mount\/#breadcrumb\"},\"inLanguage\":\"de\",\"potentialAction\":[{\"@type\":\"ReadAction\",\"target\":[\"https:\/\/koningdrone.be\/product\/insta360-triple-suction-cup-car-mount\/\"]}]},{\"@type\":\"ImageObject\",\"inLanguage\":\"de\",\"@id\":\"https:\/\/koningdrone.be\/product\/insta360-triple-suction-cup-car-mount\/#primaryimage\",\"url\":\"https:\/\/koningdrone.be\/wp-content\/uploads\/sites\/13\/2025\/04\/AV03-7.webp\",\"contentUrl\":\"https:\/\/koningdrone.be\/wp-content\/uploads\/sites\/13\/2025\/04\/AV03-7.webp\",\"width\":780,\"height\":780},{\"@type\":\"BreadcrumbList\",\"@id\":\"https:\/\/koningdrone.be\/product\/insta360-triple-suction-cup-car-mount\/#breadcrumb\",\"itemListElement\":[{\"@type\":\"ListItem\",\"position\":1,\"name\":\"Home\",\"item\":\"https:\/\/koningdrone.be\/\"},{\"@type\":\"ListItem\",\"position\":2,\"name\":\"AVSS Parachute Recovery System for DJI Matrice 300\/350\",\"item\":\"https:\/\/koningdrone.be\/product\/avss-parachute-recovery-system-for-dji-matrice-300-350\/\"},{\"@type\":\"ListItem\",\"position\":3,\"name\":\"Alle producten\",\"item\":\"https:\/\/koningdrone.be\/categorie\/alle-producten\/\"},{\"@type\":\"ListItem\",\"position\":4,\"name\":\"Insta360 Triple Suction Cup Car Mount\"}]},{\"@type\":\"WebSite\",\"@id\":\"https:\/\/koningdrone.be\/#website\",\"url\":\"https:\/\/koningdrone.be\/\",\"name\":\"Koningdrone.be - Uw online specialist in drones, gimbals, camera's en power stations.\",\"description\":\"De webshop in drones en gimbals\",\"publisher\":{\"@id\":\"https:\/\/koningdrone.be\/#organization\"},\"potentialAction\":[{\"@type\":\"SearchAction\",\"target\":{\"@type\":\"EntryPoint\",\"urlTemplate\":\"https:\/\/koningdrone.be\/?s={search_term_string}\"},\"query-input\":{\"@type\":\"PropertyValueSpecification\",\"valueRequired\":true,\"valueName\":\"search_term_string\"}}],\"inLanguage\":\"de\"},{\"@type\":\"Organization\",\"@id\":\"https:\/\/koningdrone.be\/#organization\",\"name\":\"Koningdrone.be\",\"url\":\"https:\/\/koningdrone.be\/\",\"logo\":{\"@type\":\"ImageObject\",\"inLanguage\":\"de\",\"@id\":\"https:\/\/koningdrone.be\/#\/schema\/logo\/image\/\",\"url\":\"https:\/\/koningdrone.be\/wp-content\/uploads\/sites\/13\/2025\/04\/koningdrone-copyright-logo.svg\",\"contentUrl\":\"https:\/\/koningdrone.be\/wp-content\/uploads\/sites\/13\/2025\/04\/koningdrone-copyright-logo.svg\",\"width\":227,\"height\":38,\"caption\":\"Koningdrone.be\"},\"image\":{\"@id\":\"https:\/\/koningdrone.be\/#\/schema\/logo\/image\/\"}}]}<\/script>\n<!-- \/ Yoast SEO Premium plugin. -->","yoast_head_json":{"title":"Insta360 Triple Suction Cup Car Mount - koningdrone.be","robots":{"index":"index","follow":"follow","max-snippet":"max-snippet:-1","max-image-preview":"max-image-preview:large","max-video-preview":"max-video-preview:-1"},"canonical":"https:\/\/koningdrone.be\/de\/produkt\/insta360-triple-suction-cup-car-mount\/","og_locale":"de_DE","og_type":"article","og_title":"Insta360 Triple Suction Cup Car Mount","og_description":"Deze auto Triple Suction Cup Car Mount kan alleen gebruikt worden met de Insta360 Action Invisible Selfie Stick, niet gebruiken met andere selfie sticks.Zeg vaarwel tegen beperkingen, met unieke, derde-persoons uitzicht op je auto, of andere video-game stijl hoeken.Drie zuignappen vormen een driehoekige structuur voor maximale stabiliteit.Dubbele zuignap geschikt voor het rijden in steden en op vlakke wegen.Drie zuignappen in \u00e9\u00e9n ontwerp, kan indien nodig worden opgesplitst in dubbele zuignaphouders of enkele zuignaphouders.Individuele zuignappen met een statische zuigkracht tot 20 kg, houden stevig vast aan je auto.","og_url":"https:\/\/koningdrone.be\/de\/produkt\/insta360-triple-suction-cup-car-mount\/","og_site_name":"koningdrone.be","article_modified_time":"2026-05-01T02:50:20+00:00","og_image":[{"width":780,"height":780,"url":"https:\/\/koningdrone.be\/wp-content\/uploads\/sites\/13\/2025\/04\/AV03-7.webp","type":"image\/webp"}],"twitter_card":"summary_large_image","schema":{"@context":"https:\/\/schema.org","@graph":[{"@type":"WebPage","@id":"https:\/\/koningdrone.be\/product\/insta360-triple-suction-cup-car-mount\/","url":"https:\/\/koningdrone.be\/product\/insta360-triple-suction-cup-car-mount\/","name":"Insta360 Triple Suction Cup Car Mount - koningdrone.be","isPartOf":{"@id":"https:\/\/koningdrone.be\/#website"},"primaryImageOfPage":{"@id":"https:\/\/koningdrone.be\/product\/insta360-triple-suction-cup-car-mount\/#primaryimage"},"image":{"@id":"https:\/\/koningdrone.be\/product\/insta360-triple-suction-cup-car-mount\/#primaryimage"},"thumbnailUrl":"https:\/\/koningdrone.be\/wp-content\/uploads\/sites\/13\/2025\/04\/AV03-7.webp","datePublished":"2024-09-18T08:31:38+00:00","dateModified":"2026-05-01T02:50:20+00:00","breadcrumb":{"@id":"https:\/\/koningdrone.be\/product\/insta360-triple-suction-cup-car-mount\/#breadcrumb"},"inLanguage":"de","potentialAction":[{"@type":"ReadAction","target":["https:\/\/koningdrone.be\/product\/insta360-triple-suction-cup-car-mount\/"]}]},{"@type":"ImageObject","inLanguage":"de","@id":"https:\/\/koningdrone.be\/product\/insta360-triple-suction-cup-car-mount\/#primaryimage","url":"https:\/\/koningdrone.be\/wp-content\/uploads\/sites\/13\/2025\/04\/AV03-7.webp","contentUrl":"https:\/\/koningdrone.be\/wp-content\/uploads\/sites\/13\/2025\/04\/AV03-7.webp","width":780,"height":780},{"@type":"BreadcrumbList","@id":"https:\/\/koningdrone.be\/product\/insta360-triple-suction-cup-car-mount\/#breadcrumb","itemListElement":[{"@type":"ListItem","position":1,"name":"Home","item":"https:\/\/koningdrone.be\/"},{"@type":"ListItem","position":2,"name":"AVSS Parachute Recovery System for DJI Matrice 300\/350","item":"https:\/\/koningdrone.be\/product\/avss-parachute-recovery-system-for-dji-matrice-300-350\/"},{"@type":"ListItem","position":3,"name":"Alle producten","item":"https:\/\/koningdrone.be\/categorie\/alle-producten\/"},{"@type":"ListItem","position":4,"name":"Insta360 Triple Suction Cup Car Mount"}]},{"@type":"WebSite","@id":"https:\/\/koningdrone.be\/#website","url":"https:\/\/koningdrone.be\/","name":"Koningdrone.be - Ihr Online-Spezialist f\u00fcr Drohnen, Gimbals, Kameras und Kraftwerke.","description":"Der Webshop f\u00fcr Drohnen und Gimbals","publisher":{"@id":"https:\/\/koningdrone.be\/#organization"},"potentialAction":[{"@type":"SearchAction","target":{"@type":"EntryPoint","urlTemplate":"https:\/\/koningdrone.be\/?s={search_term_string}"},"query-input":{"@type":"PropertyValueSpecification","valueRequired":true,"valueName":"search_term_string"}}],"inLanguage":"de"},{"@type":"Organization","@id":"https:\/\/koningdrone.be\/#organization","name":"Kingdrone.de","url":"https:\/\/koningdrone.be\/","logo":{"@type":"ImageObject","inLanguage":"de","@id":"https:\/\/koningdrone.be\/#\/schema\/logo\/image\/","url":"https:\/\/koningdrone.be\/wp-content\/uploads\/sites\/13\/2025\/04\/koningdrone-copyright-logo.svg","contentUrl":"https:\/\/koningdrone.be\/wp-content\/uploads\/sites\/13\/2025\/04\/koningdrone-copyright-logo.svg","width":227,"height":38,"caption":"Koningdrone.be"},"image":{"@id":"https:\/\/koningdrone.be\/#\/schema\/logo\/image\/"}}]}},"df_price":403,"df_sale_price":"","df_regular_price":403,"df_image_link":"https:\/\/koningdrone.be\/wp-content\/uploads\/sites\/13\/2025\/04\/AV03-7-300x300.webp","_links":{"self":[{"href":"https:\/\/koningdrone.be\/de\/wp-json\/wp\/v2\/product\/2225","targetHints":{"allow":["GET"]}}],"collection":[{"href":"https:\/\/koningdrone.be\/de\/wp-json\/wp\/v2\/product"}],"about":[{"href":"https:\/\/koningdrone.be\/de\/wp-json\/wp\/v2\/types\/product"}],"wp:featuredmedia":[{"embeddable":true,"href":"https:\/\/koningdrone.be\/de\/wp-json\/wp\/v2\/media\/2221"}],"wp:attachment":[{"href":"https:\/\/koningdrone.be\/de\/wp-json\/wp\/v2\/media?parent=2225"}],"wp:term":[{"taxonomy":"product_brand","embeddable":true,"href":"https:\/\/koningdrone.be\/de\/wp-json\/wp\/v2\/product_brand?post=2225"},{"taxonomy":"product_cat","embeddable":true,"href":"https:\/\/koningdrone.be\/de\/wp-json\/wp\/v2\/product_cat?post=2225"},{"taxonomy":"product_tag","embeddable":true,"href":"https:\/\/koningdrone.be\/de\/wp-json\/wp\/v2\/product_tag?post=2225"}],"curies":[{"name":"wp","href":"https:\/\/api.w.org\/{rel}","templated":true}]}}