{"id":2197,"date":"2024-09-18T10:31:49","date_gmt":"2024-09-18T08:31:49","guid":{"rendered":"https:\/\/koningdrone.nl\/kon\/product\/insta360-invisible-selfie-stick-gold-edition\/"},"modified":"2026-04-30T11:20:49","modified_gmt":"2026-04-30T09:20:49","slug":"insta360-invisible-selfie-stick-gold-edition","status":"publish","type":"product","link":"https:\/\/koningdrone.be\/de\/produkt\/insta360-invisible-selfie-stick-gold-edition\/","title":{"rendered":"Insta360 Unsichtbarer Selfie-Stick Gold Edition"},"content":{"rendered":"<p>Der Insta360 Selfie Stick ist ein vielseitiges und ausziehbares Zubeh\u00f6r, mit dem Sie dynamische und beeindruckende Aufnahmen machen k\u00f6nnen. Mit seiner leichten und robusten Konstruktion ist er f\u00fcr eine gr\u00f6\u00dfere Reichweite ausziehbar und bleibt dabei diskret in Ihren Aufnahmen. Er ist ideal f\u00fcr Selfies, Gruppen- und Action-Aufnahmen und sorgt f\u00fcr stabile, hochwertige Inhalte.<\/p>","protected":false},"excerpt":{"rendered":"<ul>\n<li>Entfernt automatisch 360 Aufnahmen f\u00fcr unglaubliche Aufnahmen aus der dritten Person und unm\u00f6glichen Winkeln.<\/li>\n<li>Hinweis: Wenn Sie dieses Produkt mit Ace Pro &amp; Ace verwenden, m\u00fcssen Sie die separat erh\u00e4ltliche Schnellwechselhalterung oder den Adapter von 3-polig auf 1\/4\" kaufen.<\/li>\n<li>Das superleichte Design macht es einfach, ihn \u00fcber l\u00e4ngere Zeit zu tragen.<\/li>\n<li>Sehr starke Materialien f\u00fcr die stabile Verwendung mit Insta360-Kameras.<\/li>\n<li>Neue, ultra-robuste Erweiterungsstruktur.<\/li>\n<li>Um die beste Stabilit\u00e4t zu gew\u00e4hrleisten, verl\u00e4ngern Sie den Selfie-Stick nur bis zu 2 Abschnitte (~70 cm) mit der ONE RS 1-Zoll 360 Edition. Wenn Sie den Selfie-Stick l\u00e4nger ausfahren, sollten Sie die Stabilit\u00e4t der Kamera w\u00e4hrend des Filmens mit Bedacht beurteilen. Verwenden Sie lange Selfie-Sticks nicht bei hohen Geschwindigkeiten oder in Actionszenarien.<\/li>\n<li>Der unsichtbare Selfie-Stick-Effekt kann nur mit 360-Kameras erzielt werden.<\/li>\n<li>Wir empfehlen die Verwendung der Selfie Stick-H\u00fclle f\u00fcr ein besseres Aufnahmeerlebnis.<\/li>\n<\/ul>","protected":false},"featured_media":2193,"template":"","meta":{"_acf_changed":false},"product_brand":[],"product_cat":[97,343],"product_tag":[],"class_list":{"0":"post-2197","1":"product","2":"type-product","3":"status-publish","4":"has-post-thumbnail","6":"product_cat-alle-producten","7":"product_cat-insta360","8":"product_shipping_class-outofstock","9":"pa_brand-insta360","10":"pa_productfamily-selfie-stick","11":"pa_producttype-selfie-stick","12":"pa_series-insta360-go","14":"first","15":"outofstock","16":"taxable","17":"shipping-taxable","18":"product-type-simple"},"acf":[],"yoast_head":"<!-- This site is optimized with the Yoast SEO Premium plugin v27.2 (Yoast SEO v27.2) - https:\/\/yoast.com\/product\/yoast-seo-premium-wordpress\/ -->\n<title>Insta360 Invisible Selfie Stick Gold Edition - koningdrone.be<\/title>\n<meta name=\"robots\" content=\"index, follow, max-snippet:-1, max-image-preview:large, max-video-preview:-1\" \/>\n<link rel=\"canonical\" href=\"https:\/\/koningdrone.be\/de\/produkt\/insta360-invisible-selfie-stick-gold-edition\/\" \/>\n<meta property=\"og:locale\" content=\"de_DE\" \/>\n<meta property=\"og:type\" content=\"article\" \/>\n<meta property=\"og:title\" content=\"Insta360 Invisible Selfie Stick Gold Edition\" \/>\n<meta property=\"og:description\" content=\"Wordt automatisch verwijderd in 360 opnamen voor ongelooflijke opnamen vanuit de derde persoon en onmogelijke hoeken.Opmerking: wanneer dit product wordt gebruikt met Ace Pro &amp; Ace, moeten gebruikers de Quick Release Mount of 3-prong naar 1\/4\u201d Adapter aanschaffen, afzonderlijk verkrijgbaar.Superlicht ontwerp maakt het gemakkelijk om mee te nemen voor langere periodes.Zeer sterke materialen voor stabiel gebruik met Insta360-camera&#039;s.Nieuwe, ultra-duurzame verlengstructuur.Voor de beste stabiliteit, verleng de selfie stick alleen tot 2 secties (~70cm) met de ONE RS 1-Inch 360 Edition. Als je de selfie stick langer uitschuift, ga dan discreet te werk en beoordeel de stabiliteit van de camera tijdens het filmen. Gebruik geen lange selfie sticks bij hoge snelheden of in actiescenario&#039;s.Invisible Selfie Stick effect kan alleen worden bereikt met 360 camera&#039;s.We raden aan de Selfie Stick Sleeve te gebruiken voor een betere opname-ervaring.\" \/>\n<meta property=\"og:url\" content=\"https:\/\/koningdrone.be\/de\/produkt\/insta360-invisible-selfie-stick-gold-edition\/\" \/>\n<meta property=\"og:site_name\" content=\"koningdrone.be\" \/>\n<meta property=\"article:modified_time\" content=\"2026-04-30T09:20:49+00:00\" \/>\n<meta property=\"og:image\" content=\"https:\/\/koningdrone.be\/wp-content\/uploads\/sites\/13\/2025\/04\/2673_1ec40766-681e-40e6-9592-88bb65c8e34a.webp\" \/>\n\t<meta property=\"og:image:width\" content=\"1280\" \/>\n\t<meta property=\"og:image:height\" content=\"1280\" \/>\n\t<meta property=\"og:image:type\" content=\"image\/webp\" \/>\n<meta name=\"twitter:card\" content=\"summary_large_image\" \/>\n<script type=\"application\/ld+json\" class=\"yoast-schema-graph\">{\"@context\":\"https:\/\/schema.org\",\"@graph\":[{\"@type\":\"WebPage\",\"@id\":\"https:\/\/koningdrone.be\/product\/insta360-invisible-selfie-stick-gold-edition\/\",\"url\":\"https:\/\/koningdrone.be\/product\/insta360-invisible-selfie-stick-gold-edition\/\",\"name\":\"Insta360 Invisible Selfie Stick Gold Edition - koningdrone.be\",\"isPartOf\":{\"@id\":\"https:\/\/koningdrone.be\/#website\"},\"primaryImageOfPage\":{\"@id\":\"https:\/\/koningdrone.be\/product\/insta360-invisible-selfie-stick-gold-edition\/#primaryimage\"},\"image\":{\"@id\":\"https:\/\/koningdrone.be\/product\/insta360-invisible-selfie-stick-gold-edition\/#primaryimage\"},\"thumbnailUrl\":\"https:\/\/koningdrone.be\/wp-content\/uploads\/sites\/13\/2025\/04\/2673_1ec40766-681e-40e6-9592-88bb65c8e34a.webp\",\"datePublished\":\"2024-09-18T08:31:49+00:00\",\"dateModified\":\"2026-04-30T09:20:49+00:00\",\"breadcrumb\":{\"@id\":\"https:\/\/koningdrone.be\/product\/insta360-invisible-selfie-stick-gold-edition\/#breadcrumb\"},\"inLanguage\":\"de\",\"potentialAction\":[{\"@type\":\"ReadAction\",\"target\":[\"https:\/\/koningdrone.be\/product\/insta360-invisible-selfie-stick-gold-edition\/\"]}]},{\"@type\":\"ImageObject\",\"inLanguage\":\"de\",\"@id\":\"https:\/\/koningdrone.be\/product\/insta360-invisible-selfie-stick-gold-edition\/#primaryimage\",\"url\":\"https:\/\/koningdrone.be\/wp-content\/uploads\/sites\/13\/2025\/04\/2673_1ec40766-681e-40e6-9592-88bb65c8e34a.webp\",\"contentUrl\":\"https:\/\/koningdrone.be\/wp-content\/uploads\/sites\/13\/2025\/04\/2673_1ec40766-681e-40e6-9592-88bb65c8e34a.webp\",\"width\":1280,\"height\":1280},{\"@type\":\"BreadcrumbList\",\"@id\":\"https:\/\/koningdrone.be\/product\/insta360-invisible-selfie-stick-gold-edition\/#breadcrumb\",\"itemListElement\":[{\"@type\":\"ListItem\",\"position\":1,\"name\":\"Home\",\"item\":\"https:\/\/koningdrone.be\/\"},{\"@type\":\"ListItem\",\"position\":2,\"name\":\"AVSS Parachute Recovery System for DJI Matrice 300\/350\",\"item\":\"https:\/\/koningdrone.be\/product\/avss-parachute-recovery-system-for-dji-matrice-300-350\/\"},{\"@type\":\"ListItem\",\"position\":3,\"name\":\"Alle producten\",\"item\":\"https:\/\/koningdrone.be\/categorie\/alle-producten\/\"},{\"@type\":\"ListItem\",\"position\":4,\"name\":\"Insta360 Invisible Selfie Stick Gold Edition\"}]},{\"@type\":\"WebSite\",\"@id\":\"https:\/\/koningdrone.be\/#website\",\"url\":\"https:\/\/koningdrone.be\/\",\"name\":\"Koningdrone.be - Uw online specialist in drones, gimbals, camera's en power stations.\",\"description\":\"De webshop in drones en gimbals\",\"publisher\":{\"@id\":\"https:\/\/koningdrone.be\/#organization\"},\"potentialAction\":[{\"@type\":\"SearchAction\",\"target\":{\"@type\":\"EntryPoint\",\"urlTemplate\":\"https:\/\/koningdrone.be\/?s={search_term_string}\"},\"query-input\":{\"@type\":\"PropertyValueSpecification\",\"valueRequired\":true,\"valueName\":\"search_term_string\"}}],\"inLanguage\":\"de\"},{\"@type\":\"Organization\",\"@id\":\"https:\/\/koningdrone.be\/#organization\",\"name\":\"Koningdrone.be\",\"url\":\"https:\/\/koningdrone.be\/\",\"logo\":{\"@type\":\"ImageObject\",\"inLanguage\":\"de\",\"@id\":\"https:\/\/koningdrone.be\/#\/schema\/logo\/image\/\",\"url\":\"https:\/\/koningdrone.be\/wp-content\/uploads\/sites\/13\/2025\/04\/koningdrone-copyright-logo.svg\",\"contentUrl\":\"https:\/\/koningdrone.be\/wp-content\/uploads\/sites\/13\/2025\/04\/koningdrone-copyright-logo.svg\",\"width\":227,\"height\":38,\"caption\":\"Koningdrone.be\"},\"image\":{\"@id\":\"https:\/\/koningdrone.be\/#\/schema\/logo\/image\/\"}}]}<\/script>\n<!-- \/ Yoast SEO Premium plugin. -->","yoast_head_json":{"title":"Insta360 Invisible Selfie Stick Gold Edition - koningdrone.be","robots":{"index":"index","follow":"follow","max-snippet":"max-snippet:-1","max-image-preview":"max-image-preview:large","max-video-preview":"max-video-preview:-1"},"canonical":"https:\/\/koningdrone.be\/de\/produkt\/insta360-invisible-selfie-stick-gold-edition\/","og_locale":"de_DE","og_type":"article","og_title":"Insta360 Invisible Selfie Stick Gold Edition","og_description":"Wordt automatisch verwijderd in 360 opnamen voor ongelooflijke opnamen vanuit de derde persoon en onmogelijke hoeken.Opmerking: wanneer dit product wordt gebruikt met Ace Pro &amp; Ace, moeten gebruikers de Quick Release Mount of 3-prong naar 1\/4\u201d Adapter aanschaffen, afzonderlijk verkrijgbaar.Superlicht ontwerp maakt het gemakkelijk om mee te nemen voor langere periodes.Zeer sterke materialen voor stabiel gebruik met Insta360-camera's.Nieuwe, ultra-duurzame verlengstructuur.Voor de beste stabiliteit, verleng de selfie stick alleen tot 2 secties (~70cm) met de ONE RS 1-Inch 360 Edition. Als je de selfie stick langer uitschuift, ga dan discreet te werk en beoordeel de stabiliteit van de camera tijdens het filmen. Gebruik geen lange selfie sticks bij hoge snelheden of in actiescenario's.Invisible Selfie Stick effect kan alleen worden bereikt met 360 camera's.We raden aan de Selfie Stick Sleeve te gebruiken voor een betere opname-ervaring.","og_url":"https:\/\/koningdrone.be\/de\/produkt\/insta360-invisible-selfie-stick-gold-edition\/","og_site_name":"koningdrone.be","article_modified_time":"2026-04-30T09:20:49+00:00","og_image":[{"width":1280,"height":1280,"url":"https:\/\/koningdrone.be\/wp-content\/uploads\/sites\/13\/2025\/04\/2673_1ec40766-681e-40e6-9592-88bb65c8e34a.webp","type":"image\/webp"}],"twitter_card":"summary_large_image","schema":{"@context":"https:\/\/schema.org","@graph":[{"@type":"WebPage","@id":"https:\/\/koningdrone.be\/product\/insta360-invisible-selfie-stick-gold-edition\/","url":"https:\/\/koningdrone.be\/product\/insta360-invisible-selfie-stick-gold-edition\/","name":"Insta360 Invisible Selfie Stick Gold Edition - koningdrone.be","isPartOf":{"@id":"https:\/\/koningdrone.be\/#website"},"primaryImageOfPage":{"@id":"https:\/\/koningdrone.be\/product\/insta360-invisible-selfie-stick-gold-edition\/#primaryimage"},"image":{"@id":"https:\/\/koningdrone.be\/product\/insta360-invisible-selfie-stick-gold-edition\/#primaryimage"},"thumbnailUrl":"https:\/\/koningdrone.be\/wp-content\/uploads\/sites\/13\/2025\/04\/2673_1ec40766-681e-40e6-9592-88bb65c8e34a.webp","datePublished":"2024-09-18T08:31:49+00:00","dateModified":"2026-04-30T09:20:49+00:00","breadcrumb":{"@id":"https:\/\/koningdrone.be\/product\/insta360-invisible-selfie-stick-gold-edition\/#breadcrumb"},"inLanguage":"de","potentialAction":[{"@type":"ReadAction","target":["https:\/\/koningdrone.be\/product\/insta360-invisible-selfie-stick-gold-edition\/"]}]},{"@type":"ImageObject","inLanguage":"de","@id":"https:\/\/koningdrone.be\/product\/insta360-invisible-selfie-stick-gold-edition\/#primaryimage","url":"https:\/\/koningdrone.be\/wp-content\/uploads\/sites\/13\/2025\/04\/2673_1ec40766-681e-40e6-9592-88bb65c8e34a.webp","contentUrl":"https:\/\/koningdrone.be\/wp-content\/uploads\/sites\/13\/2025\/04\/2673_1ec40766-681e-40e6-9592-88bb65c8e34a.webp","width":1280,"height":1280},{"@type":"BreadcrumbList","@id":"https:\/\/koningdrone.be\/product\/insta360-invisible-selfie-stick-gold-edition\/#breadcrumb","itemListElement":[{"@type":"ListItem","position":1,"name":"Home","item":"https:\/\/koningdrone.be\/"},{"@type":"ListItem","position":2,"name":"AVSS Parachute Recovery System for DJI Matrice 300\/350","item":"https:\/\/koningdrone.be\/product\/avss-parachute-recovery-system-for-dji-matrice-300-350\/"},{"@type":"ListItem","position":3,"name":"Alle producten","item":"https:\/\/koningdrone.be\/categorie\/alle-producten\/"},{"@type":"ListItem","position":4,"name":"Insta360 Invisible Selfie Stick Gold Edition"}]},{"@type":"WebSite","@id":"https:\/\/koningdrone.be\/#website","url":"https:\/\/koningdrone.be\/","name":"Koningdrone.be - Ihr Online-Spezialist f\u00fcr Drohnen, Gimbals, Kameras und Kraftwerke.","description":"Der Webshop f\u00fcr Drohnen und Gimbals","publisher":{"@id":"https:\/\/koningdrone.be\/#organization"},"potentialAction":[{"@type":"SearchAction","target":{"@type":"EntryPoint","urlTemplate":"https:\/\/koningdrone.be\/?s={search_term_string}"},"query-input":{"@type":"PropertyValueSpecification","valueRequired":true,"valueName":"search_term_string"}}],"inLanguage":"de"},{"@type":"Organization","@id":"https:\/\/koningdrone.be\/#organization","name":"Kingdrone.de","url":"https:\/\/koningdrone.be\/","logo":{"@type":"ImageObject","inLanguage":"de","@id":"https:\/\/koningdrone.be\/#\/schema\/logo\/image\/","url":"https:\/\/koningdrone.be\/wp-content\/uploads\/sites\/13\/2025\/04\/koningdrone-copyright-logo.svg","contentUrl":"https:\/\/koningdrone.be\/wp-content\/uploads\/sites\/13\/2025\/04\/koningdrone-copyright-logo.svg","width":227,"height":38,"caption":"Koningdrone.be"},"image":{"@id":"https:\/\/koningdrone.be\/#\/schema\/logo\/image\/"}}]}},"df_price":"","df_sale_price":"","df_regular_price":"","df_image_link":"https:\/\/koningdrone.be\/wp-content\/uploads\/sites\/13\/2025\/04\/2673_1ec40766-681e-40e6-9592-88bb65c8e34a-300x300.webp","_links":{"self":[{"href":"https:\/\/koningdrone.be\/de\/wp-json\/wp\/v2\/product\/2197","targetHints":{"allow":["GET"]}}],"collection":[{"href":"https:\/\/koningdrone.be\/de\/wp-json\/wp\/v2\/product"}],"about":[{"href":"https:\/\/koningdrone.be\/de\/wp-json\/wp\/v2\/types\/product"}],"wp:featuredmedia":[{"embeddable":true,"href":"https:\/\/koningdrone.be\/de\/wp-json\/wp\/v2\/media\/2193"}],"wp:attachment":[{"href":"https:\/\/koningdrone.be\/de\/wp-json\/wp\/v2\/media?parent=2197"}],"wp:term":[{"taxonomy":"product_brand","embeddable":true,"href":"https:\/\/koningdrone.be\/de\/wp-json\/wp\/v2\/product_brand?post=2197"},{"taxonomy":"product_cat","embeddable":true,"href":"https:\/\/koningdrone.be\/de\/wp-json\/wp\/v2\/product_cat?post=2197"},{"taxonomy":"product_tag","embeddable":true,"href":"https:\/\/koningdrone.be\/de\/wp-json\/wp\/v2\/product_tag?post=2197"}],"curies":[{"name":"wp","href":"https:\/\/api.w.org\/{rel}","templated":true}]}}