{"id":2072,"date":"2024-10-16T07:59:36","date_gmt":"2024-10-16T05:59:36","guid":{"rendered":"https:\/\/koningdrone.nl\/kon\/product\/osmo-action-5-pro-vlog-combo\/"},"modified":"2026-04-29T13:10:11","modified_gmt":"2026-04-29T11:10:11","slug":"osmo-action-5-pro-vlog-combo","status":"publish","type":"product","link":"https:\/\/koningdrone.be\/de\/produkt\/osmo-action-5-pro-vlog-combo\/","title":{"rendered":"Osmo Action 5 Pro Vlog-Kombination"},"content":{"rendered":"<p>Die Action 5 Pro ist eine fortschrittliche Kamera mit einer Pixelgr\u00f6\u00dfe von 2,4 \u03bcm und einem hohen Dynamikbereich von 13,5 Blendenstufen, angetrieben von einem leistungsstarken 4-nm-Chip. Die Kamera erkennt auf intelligente Weise die Position des Motivs und passt die Komposition automatisch an, sodass das Motiv immer im Mittelpunkt steht.<\/p>\n<p>&nbsp;<\/p>\n<p><strong>Lebensdauer der Batterie:<\/strong><\/p>\n<p>Die Akkulaufzeit hat sich mit dem 50% erh\u00f6ht, der mit einer einzigen Batterie bis zu 4 Stunden aufnimmt. Selbst bei -20\u00b0 C k\u00f6nnen Sie bis zu 3,6 Stunden lang aufzeichnen.<\/p>\n<p>&nbsp;<\/p>\n<p><strong>Anzeigen:<\/strong><\/p>\n<p>Ausgestattet mit OLED-Touchscreens, die hell und farbenfroh sind, mit 16% gr\u00f6\u00dferem Bildschirm-zu-K\u00f6rper-Verh\u00e4ltnis f\u00fcr ein verbessertes Seherlebnis.<\/p>\n<p>&nbsp;<\/p>\n<p><strong>Stabilisierung:<\/strong><\/p>\n<p>Die HorizonSteady-Technologie reduziert Vibrationen und korrigiert horizontale Neigungen bis zu 360\u00b0, geeignet f\u00fcr verschiedene Sportarten.<\/p>\n<p>&nbsp;<\/p>\n<p><strong>Audioaufnahme:<\/strong><\/p>\n<p>Das DJI OsmoAudio\u2122 System kann mit bis zu zwei DJI Mic 2 Sendern verbunden werden, um 48kHz ohne Empf\u00e4nger aufzunehmen.<\/p>\n<p>&nbsp;<\/p>\n<p><strong>Erweiterungsf\u00e4higkeit:<\/strong><\/p>\n<p>Erweiterbar mit Zubeh\u00f6r f\u00fcr Aktivit\u00e4ten wie Radfahren, Wandern, Fallschirmspringen, Tauchen, Surfen und Skifahren\/Snowboarding.<\/p>\n<p>&nbsp;<\/p>","protected":false},"excerpt":{"rendered":"<ul>\n<li>\u00c4quivalente Pixelgr\u00f6\u00dfe von 2,4 \u03bcm und hoher Dynamikbereich von 13,5 Blendenstufen.<\/li>\n<li>4nm-Hochleistungschip f\u00fcr optimale Leistung.<\/li>\n<li>Intelligente Motiverkennung mit dynamischen Kompositionsanpassungen.<\/li>\n<li>Die Betriebszeit mit dem 50% erh\u00f6ht sich um bis zu 4 Stunden pro Akku.<\/li>\n<li>Absorbiert bis zu 3,6 Stunden bei -20\u00b0 C.<\/li>\n<li>OLED-Touchscreens mit hoher Helligkeit und 16% gr\u00f6\u00dferem Bildschirm-zu-K\u00f6rper-Verh\u00e4ltnis.<\/li>\n<li>HorizonSteady korrigiert horizontale Neigungen in einem Bereich von 360\u00b0.<\/li>\n<li>M\u00fchelose Audioverbindung mit DJI OsmoAudio\u2122 und zwei DJI Mic 2 Sendern.<\/li>\n<li>48-kHz-Audioaufnahmen ohne Empf\u00e4nger.<\/li>\n<li>Gro\u00dfe Auswahl an Zubeh\u00f6r f\u00fcr verschiedene sportliche Aktivit\u00e4ten.<\/li>\n<\/ul>","protected":false},"featured_media":2070,"template":"","meta":{"_acf_changed":false},"product_brand":[],"product_cat":[97,297,329],"product_tag":[],"class_list":{"0":"post-2072","1":"product","2":"type-product","3":"status-publish","4":"has-post-thumbnail","6":"product_cat-alle-producten","7":"product_cat-dji-osmo","8":"product_cat-dji-osmo-action-5","9":"product_shipping_class-outofstock","10":"pa_brand-dji","11":"pa_producttype-action-cam","13":"first","14":"outofstock","15":"taxable","16":"shipping-taxable","17":"product-type-simple"},"acf":[],"yoast_head":"<!-- This site is optimized with the Yoast SEO Premium plugin v27.2 (Yoast SEO v27.2) - https:\/\/yoast.com\/product\/yoast-seo-premium-wordpress\/ -->\n<title>Osmo Action 5 Pro Vlog Combo - koningdrone.be<\/title>\n<meta name=\"robots\" content=\"index, follow, max-snippet:-1, max-image-preview:large, max-video-preview:-1\" \/>\n<link rel=\"canonical\" href=\"https:\/\/koningdrone.be\/de\/produkt\/osmo-action-5-pro-vlog-combo\/\" \/>\n<meta property=\"og:locale\" content=\"de_DE\" \/>\n<meta property=\"og:type\" content=\"article\" \/>\n<meta property=\"og:title\" content=\"Osmo Action 5 Pro Vlog Combo\" \/>\n<meta property=\"og:description\" content=\"Equivalente pixelgrootte van 2,4 \u03bcm en hoog dynamisch bereik van 13,5 stops.  4nm high-performance chip voor optimale prestaties.  Intelligente onderwerpdetectie met dynamische compositieaanpassingen.  Bedrijfstijd met 50% toegenomen met maximaal 4 uur per batterij.  Neemt tot 3,6 uur op bij -20\u00b0 C.  OLED-touchscreens met hoge helderheid met 16% grotere scherm-tot-behuizingverhouding.  HorizonSteady corrigeert horizontale kantelingen binnen een bereik van 360\u00b0.  Moeiteloze audioverbinding met DJI OsmoAudio\u2122 en twee DJI Mic 2-zenders.  48kHz audio-opname zonder dat er een ontvanger nodig is.  Breed scala aan accessoires voor verschillende sportactiviteiten.\" \/>\n<meta property=\"og:url\" content=\"https:\/\/koningdrone.be\/de\/produkt\/osmo-action-5-pro-vlog-combo\/\" \/>\n<meta property=\"og:site_name\" content=\"koningdrone.be\" \/>\n<meta property=\"article:modified_time\" content=\"2026-04-29T11:10:11+00:00\" \/>\n<meta property=\"og:image\" content=\"https:\/\/koningdrone.be\/wp-content\/uploads\/sites\/13\/2025\/04\/9fc11c9f7d50999abe972edd4ff1dcdd@ultra.jpg\" \/>\n\t<meta property=\"og:image:width\" content=\"1280\" \/>\n\t<meta property=\"og:image:height\" content=\"1280\" \/>\n\t<meta property=\"og:image:type\" content=\"image\/jpeg\" \/>\n<meta name=\"twitter:card\" content=\"summary_large_image\" \/>\n<meta name=\"twitter:label1\" content=\"Gesch\u00e4tzte Lesezeit\" \/>\n\t<meta name=\"twitter:data1\" content=\"1\u00a0Minute\" \/>\n<script type=\"application\/ld+json\" class=\"yoast-schema-graph\">{\"@context\":\"https:\/\/schema.org\",\"@graph\":[{\"@type\":\"WebPage\",\"@id\":\"https:\/\/koningdrone.be\/product\/osmo-action-5-pro-vlog-combo\/\",\"url\":\"https:\/\/koningdrone.be\/product\/osmo-action-5-pro-vlog-combo\/\",\"name\":\"Osmo Action 5 Pro Vlog Combo - koningdrone.be\",\"isPartOf\":{\"@id\":\"https:\/\/koningdrone.be\/#website\"},\"primaryImageOfPage\":{\"@id\":\"https:\/\/koningdrone.be\/product\/osmo-action-5-pro-vlog-combo\/#primaryimage\"},\"image\":{\"@id\":\"https:\/\/koningdrone.be\/product\/osmo-action-5-pro-vlog-combo\/#primaryimage\"},\"thumbnailUrl\":\"https:\/\/koningdrone.be\/wp-content\/uploads\/sites\/13\/2025\/04\/9fc11c9f7d50999abe972edd4ff1dcdd@ultra.jpg\",\"datePublished\":\"2024-10-16T05:59:36+00:00\",\"dateModified\":\"2026-04-29T11:10:11+00:00\",\"breadcrumb\":{\"@id\":\"https:\/\/koningdrone.be\/product\/osmo-action-5-pro-vlog-combo\/#breadcrumb\"},\"inLanguage\":\"de\",\"potentialAction\":[{\"@type\":\"ReadAction\",\"target\":[\"https:\/\/koningdrone.be\/product\/osmo-action-5-pro-vlog-combo\/\"]}]},{\"@type\":\"ImageObject\",\"inLanguage\":\"de\",\"@id\":\"https:\/\/koningdrone.be\/product\/osmo-action-5-pro-vlog-combo\/#primaryimage\",\"url\":\"https:\/\/koningdrone.be\/wp-content\/uploads\/sites\/13\/2025\/04\/9fc11c9f7d50999abe972edd4ff1dcdd@ultra.jpg\",\"contentUrl\":\"https:\/\/koningdrone.be\/wp-content\/uploads\/sites\/13\/2025\/04\/9fc11c9f7d50999abe972edd4ff1dcdd@ultra.jpg\",\"width\":1280,\"height\":1280},{\"@type\":\"BreadcrumbList\",\"@id\":\"https:\/\/koningdrone.be\/product\/osmo-action-5-pro-vlog-combo\/#breadcrumb\",\"itemListElement\":[{\"@type\":\"ListItem\",\"position\":1,\"name\":\"Home\",\"item\":\"https:\/\/koningdrone.be\/\"},{\"@type\":\"ListItem\",\"position\":2,\"name\":\"AVSS Parachute Recovery System for DJI Matrice 300\/350\",\"item\":\"https:\/\/koningdrone.be\/product\/avss-parachute-recovery-system-for-dji-matrice-300-350\/\"},{\"@type\":\"ListItem\",\"position\":3,\"name\":\"Alle producten\",\"item\":\"https:\/\/koningdrone.be\/categorie\/alle-producten\/\"},{\"@type\":\"ListItem\",\"position\":4,\"name\":\"Osmo Action 5 Pro Vlog Combo\"}]},{\"@type\":\"WebSite\",\"@id\":\"https:\/\/koningdrone.be\/#website\",\"url\":\"https:\/\/koningdrone.be\/\",\"name\":\"Koningdrone.be - Uw online specialist in drones, gimbals, camera's en power stations.\",\"description\":\"De webshop in drones en gimbals\",\"publisher\":{\"@id\":\"https:\/\/koningdrone.be\/#organization\"},\"potentialAction\":[{\"@type\":\"SearchAction\",\"target\":{\"@type\":\"EntryPoint\",\"urlTemplate\":\"https:\/\/koningdrone.be\/?s={search_term_string}\"},\"query-input\":{\"@type\":\"PropertyValueSpecification\",\"valueRequired\":true,\"valueName\":\"search_term_string\"}}],\"inLanguage\":\"de\"},{\"@type\":\"Organization\",\"@id\":\"https:\/\/koningdrone.be\/#organization\",\"name\":\"Koningdrone.be\",\"url\":\"https:\/\/koningdrone.be\/\",\"logo\":{\"@type\":\"ImageObject\",\"inLanguage\":\"de\",\"@id\":\"https:\/\/koningdrone.be\/#\/schema\/logo\/image\/\",\"url\":\"https:\/\/koningdrone.be\/wp-content\/uploads\/sites\/13\/2025\/04\/koningdrone-copyright-logo.svg\",\"contentUrl\":\"https:\/\/koningdrone.be\/wp-content\/uploads\/sites\/13\/2025\/04\/koningdrone-copyright-logo.svg\",\"width\":227,\"height\":38,\"caption\":\"Koningdrone.be\"},\"image\":{\"@id\":\"https:\/\/koningdrone.be\/#\/schema\/logo\/image\/\"}}]}<\/script>\n<!-- \/ Yoast SEO Premium plugin. -->","yoast_head_json":{"title":"Osmo Action 5 Pro Vlog Combo - koningdrone.be","robots":{"index":"index","follow":"follow","max-snippet":"max-snippet:-1","max-image-preview":"max-image-preview:large","max-video-preview":"max-video-preview:-1"},"canonical":"https:\/\/koningdrone.be\/de\/produkt\/osmo-action-5-pro-vlog-combo\/","og_locale":"de_DE","og_type":"article","og_title":"Osmo Action 5 Pro Vlog Combo","og_description":"Equivalente pixelgrootte van 2,4 \u03bcm en hoog dynamisch bereik van 13,5 stops.  4nm high-performance chip voor optimale prestaties.  Intelligente onderwerpdetectie met dynamische compositieaanpassingen.  Bedrijfstijd met 50% toegenomen met maximaal 4 uur per batterij.  Neemt tot 3,6 uur op bij -20\u00b0 C.  OLED-touchscreens met hoge helderheid met 16% grotere scherm-tot-behuizingverhouding.  HorizonSteady corrigeert horizontale kantelingen binnen een bereik van 360\u00b0.  Moeiteloze audioverbinding met DJI OsmoAudio\u2122 en twee DJI Mic 2-zenders.  48kHz audio-opname zonder dat er een ontvanger nodig is.  Breed scala aan accessoires voor verschillende sportactiviteiten.","og_url":"https:\/\/koningdrone.be\/de\/produkt\/osmo-action-5-pro-vlog-combo\/","og_site_name":"koningdrone.be","article_modified_time":"2026-04-29T11:10:11+00:00","og_image":[{"width":1280,"height":1280,"url":"https:\/\/koningdrone.be\/wp-content\/uploads\/sites\/13\/2025\/04\/9fc11c9f7d50999abe972edd4ff1dcdd@ultra.jpg","type":"image\/jpeg"}],"twitter_card":"summary_large_image","twitter_misc":{"Gesch\u00e4tzte Lesezeit":"1\u00a0Minute"},"schema":{"@context":"https:\/\/schema.org","@graph":[{"@type":"WebPage","@id":"https:\/\/koningdrone.be\/product\/osmo-action-5-pro-vlog-combo\/","url":"https:\/\/koningdrone.be\/product\/osmo-action-5-pro-vlog-combo\/","name":"Osmo Action 5 Pro Vlog Combo - koningdrone.be","isPartOf":{"@id":"https:\/\/koningdrone.be\/#website"},"primaryImageOfPage":{"@id":"https:\/\/koningdrone.be\/product\/osmo-action-5-pro-vlog-combo\/#primaryimage"},"image":{"@id":"https:\/\/koningdrone.be\/product\/osmo-action-5-pro-vlog-combo\/#primaryimage"},"thumbnailUrl":"https:\/\/koningdrone.be\/wp-content\/uploads\/sites\/13\/2025\/04\/9fc11c9f7d50999abe972edd4ff1dcdd@ultra.jpg","datePublished":"2024-10-16T05:59:36+00:00","dateModified":"2026-04-29T11:10:11+00:00","breadcrumb":{"@id":"https:\/\/koningdrone.be\/product\/osmo-action-5-pro-vlog-combo\/#breadcrumb"},"inLanguage":"de","potentialAction":[{"@type":"ReadAction","target":["https:\/\/koningdrone.be\/product\/osmo-action-5-pro-vlog-combo\/"]}]},{"@type":"ImageObject","inLanguage":"de","@id":"https:\/\/koningdrone.be\/product\/osmo-action-5-pro-vlog-combo\/#primaryimage","url":"https:\/\/koningdrone.be\/wp-content\/uploads\/sites\/13\/2025\/04\/9fc11c9f7d50999abe972edd4ff1dcdd@ultra.jpg","contentUrl":"https:\/\/koningdrone.be\/wp-content\/uploads\/sites\/13\/2025\/04\/9fc11c9f7d50999abe972edd4ff1dcdd@ultra.jpg","width":1280,"height":1280},{"@type":"BreadcrumbList","@id":"https:\/\/koningdrone.be\/product\/osmo-action-5-pro-vlog-combo\/#breadcrumb","itemListElement":[{"@type":"ListItem","position":1,"name":"Home","item":"https:\/\/koningdrone.be\/"},{"@type":"ListItem","position":2,"name":"AVSS Parachute Recovery System for DJI Matrice 300\/350","item":"https:\/\/koningdrone.be\/product\/avss-parachute-recovery-system-for-dji-matrice-300-350\/"},{"@type":"ListItem","position":3,"name":"Alle producten","item":"https:\/\/koningdrone.be\/categorie\/alle-producten\/"},{"@type":"ListItem","position":4,"name":"Osmo Action 5 Pro Vlog Combo"}]},{"@type":"WebSite","@id":"https:\/\/koningdrone.be\/#website","url":"https:\/\/koningdrone.be\/","name":"Koningdrone.be - Ihr Online-Spezialist f\u00fcr Drohnen, Gimbals, Kameras und Kraftwerke.","description":"Der Webshop f\u00fcr Drohnen und Gimbals","publisher":{"@id":"https:\/\/koningdrone.be\/#organization"},"potentialAction":[{"@type":"SearchAction","target":{"@type":"EntryPoint","urlTemplate":"https:\/\/koningdrone.be\/?s={search_term_string}"},"query-input":{"@type":"PropertyValueSpecification","valueRequired":true,"valueName":"search_term_string"}}],"inLanguage":"de"},{"@type":"Organization","@id":"https:\/\/koningdrone.be\/#organization","name":"Kingdrone.de","url":"https:\/\/koningdrone.be\/","logo":{"@type":"ImageObject","inLanguage":"de","@id":"https:\/\/koningdrone.be\/#\/schema\/logo\/image\/","url":"https:\/\/koningdrone.be\/wp-content\/uploads\/sites\/13\/2025\/04\/koningdrone-copyright-logo.svg","contentUrl":"https:\/\/koningdrone.be\/wp-content\/uploads\/sites\/13\/2025\/04\/koningdrone-copyright-logo.svg","width":227,"height":38,"caption":"Koningdrone.be"},"image":{"@id":"https:\/\/koningdrone.be\/#\/schema\/logo\/image\/"}}]}},"df_price":"","df_sale_price":"","df_regular_price":"","df_image_link":"https:\/\/koningdrone.be\/wp-content\/uploads\/sites\/13\/2025\/04\/9fc11c9f7d50999abe972edd4ff1dcdd@ultra-300x300.jpg","_links":{"self":[{"href":"https:\/\/koningdrone.be\/de\/wp-json\/wp\/v2\/product\/2072","targetHints":{"allow":["GET"]}}],"collection":[{"href":"https:\/\/koningdrone.be\/de\/wp-json\/wp\/v2\/product"}],"about":[{"href":"https:\/\/koningdrone.be\/de\/wp-json\/wp\/v2\/types\/product"}],"wp:featuredmedia":[{"embeddable":true,"href":"https:\/\/koningdrone.be\/de\/wp-json\/wp\/v2\/media\/2070"}],"wp:attachment":[{"href":"https:\/\/koningdrone.be\/de\/wp-json\/wp\/v2\/media?parent=2072"}],"wp:term":[{"taxonomy":"product_brand","embeddable":true,"href":"https:\/\/koningdrone.be\/de\/wp-json\/wp\/v2\/product_brand?post=2072"},{"taxonomy":"product_cat","embeddable":true,"href":"https:\/\/koningdrone.be\/de\/wp-json\/wp\/v2\/product_cat?post=2072"},{"taxonomy":"product_tag","embeddable":true,"href":"https:\/\/koningdrone.be\/de\/wp-json\/wp\/v2\/product_tag?post=2072"}],"curies":[{"name":"wp","href":"https:\/\/api.w.org\/{rel}","templated":true}]}}