{"id":1984,"date":"2024-11-05T10:22:17","date_gmt":"2024-11-05T09:22:17","guid":{"rendered":"https:\/\/koningdrone.nl\/kon\/product\/dji-dl-75mm-f1-8-lens\/"},"modified":"2026-04-29T15:00:47","modified_gmt":"2026-04-29T13:00:47","slug":"dji-dl-75mm-f1-8-lens","status":"publish","type":"product","link":"https:\/\/koningdrone.be\/de\/produkt\/dji-dl-75mm-f1-8-lens\/","title":{"rendered":"DJI DL 75mm F1.8 Objektiv"},"content":{"rendered":"<p>Das DJI DL 75mm F1.8 Objektiv ist ein Premium-Objektiv, das f\u00fcr die DJI Zenmuse X7 Kamera entwickelt wurde und eine au\u00dfergew\u00f6hnliche optische Leistung und Vielseitigkeit f\u00fcr die Luftbildfotografie und Videografie bietet. Mit seiner hohen Lichtst\u00e4rke von F1,8 zeichnet es sich besonders bei schlechten Lichtverh\u00e4ltnissen aus und bietet eine beeindruckende Sch\u00e4rfentiefe und Sch\u00e4rfe. Durch ihr geringes Gewicht ist sie einfach zu montieren und zu man\u00f6vrieren und damit ideal f\u00fcr die Aufnahme von hochwertigen Luftaufnahmen und Videos.<\/p>","protected":false},"excerpt":{"rendered":"<ul>\n<li>Au\u00dfergew\u00f6hnliche Leistung bei schlechten Lichtverh\u00e4ltnissen mit einer schnellen F1,8-Blende<\/li>\n<li>Leichtes Design f\u00fcr einfache Montage und Man\u00f6vrierbarkeit<\/li>\n<li>Erzeugt eine beeindruckende Tiefensch\u00e4rfe und Sch\u00e4rfe in Fotos und Videos<\/li>\n<\/ul>","protected":false},"featured_media":1977,"template":"","meta":{"_acf_changed":false},"product_brand":[],"product_cat":[315,298,97,433,316],"product_tag":[],"class_list":{"0":"post-1984","1":"product","2":"type-product","3":"status-publish","4":"has-post-thumbnail","6":"product_cat-alle-gimbals-en-cameras","7":"product_cat-alle-industriele-camera","8":"product_cat-alle-producten","9":"product_cat-dji-inspire-3","10":"product_cat-dji-zenmuse","11":"product_shipping_class-outofstock","12":"pa_brand-dji","13":"pa_productfamily-zenmuse","14":"pa_producttype-cameralens","15":"pa_series-zenmuse-x9","17":"first","18":"outofstock","19":"taxable","20":"shipping-taxable","21":"purchasable","22":"product-type-simple"},"acf":[],"yoast_head":"<!-- This site is optimized with the Yoast SEO Premium plugin v27.2 (Yoast SEO v27.2) - https:\/\/yoast.com\/product\/yoast-seo-premium-wordpress\/ -->\n<title>DJI DL 75mm F1.8 Lens - koningdrone.be<\/title>\n<meta name=\"robots\" content=\"index, follow, max-snippet:-1, max-image-preview:large, max-video-preview:-1\" \/>\n<link rel=\"canonical\" href=\"https:\/\/koningdrone.be\/de\/produkt\/dji-dl-75mm-f1-8-lens\/\" \/>\n<meta property=\"og:locale\" content=\"de_DE\" \/>\n<meta property=\"og:type\" content=\"article\" \/>\n<meta property=\"og:title\" content=\"DJI DL 75mm F1.8 Lens\" \/>\n<meta property=\"og:description\" content=\"Uitzonderlijke prestaties bij weinig licht met een snel F1.8 diafragma  Lichtgewicht ontwerp voor eenvoudige montage en manoeuvreerbaarheid  Produceert verbluffende scherptediepte en scherpte in foto&#039;s en video&#039;s\" \/>\n<meta property=\"og:url\" content=\"https:\/\/koningdrone.be\/de\/produkt\/dji-dl-75mm-f1-8-lens\/\" \/>\n<meta property=\"og:site_name\" content=\"koningdrone.be\" \/>\n<meta property=\"article:modified_time\" content=\"2026-04-29T13:00:47+00:00\" \/>\n<meta property=\"og:image\" content=\"https:\/\/koningdrone.be\/wp-content\/uploads\/sites\/13\/2025\/04\/940f35343b10b3bc6024c2157d2f0b8a@large.jpg\" \/>\n\t<meta property=\"og:image:width\" content=\"1200\" \/>\n\t<meta property=\"og:image:height\" content=\"800\" \/>\n\t<meta property=\"og:image:type\" content=\"image\/jpeg\" \/>\n<meta name=\"twitter:card\" content=\"summary_large_image\" \/>\n<script type=\"application\/ld+json\" class=\"yoast-schema-graph\">{\"@context\":\"https:\/\/schema.org\",\"@graph\":[{\"@type\":\"WebPage\",\"@id\":\"https:\/\/koningdrone.be\/product\/dji-dl-75mm-f1-8-lens\/\",\"url\":\"https:\/\/koningdrone.be\/product\/dji-dl-75mm-f1-8-lens\/\",\"name\":\"DJI DL 75mm F1.8 Lens - koningdrone.be\",\"isPartOf\":{\"@id\":\"https:\/\/koningdrone.be\/#website\"},\"primaryImageOfPage\":{\"@id\":\"https:\/\/koningdrone.be\/product\/dji-dl-75mm-f1-8-lens\/#primaryimage\"},\"image\":{\"@id\":\"https:\/\/koningdrone.be\/product\/dji-dl-75mm-f1-8-lens\/#primaryimage\"},\"thumbnailUrl\":\"https:\/\/koningdrone.be\/wp-content\/uploads\/sites\/13\/2025\/04\/940f35343b10b3bc6024c2157d2f0b8a@large.jpg\",\"datePublished\":\"2024-11-05T09:22:17+00:00\",\"dateModified\":\"2026-04-29T13:00:47+00:00\",\"breadcrumb\":{\"@id\":\"https:\/\/koningdrone.be\/product\/dji-dl-75mm-f1-8-lens\/#breadcrumb\"},\"inLanguage\":\"de\",\"potentialAction\":[{\"@type\":\"ReadAction\",\"target\":[\"https:\/\/koningdrone.be\/product\/dji-dl-75mm-f1-8-lens\/\"]}]},{\"@type\":\"ImageObject\",\"inLanguage\":\"de\",\"@id\":\"https:\/\/koningdrone.be\/product\/dji-dl-75mm-f1-8-lens\/#primaryimage\",\"url\":\"https:\/\/koningdrone.be\/wp-content\/uploads\/sites\/13\/2025\/04\/940f35343b10b3bc6024c2157d2f0b8a@large.jpg\",\"contentUrl\":\"https:\/\/koningdrone.be\/wp-content\/uploads\/sites\/13\/2025\/04\/940f35343b10b3bc6024c2157d2f0b8a@large.jpg\",\"width\":1200,\"height\":800},{\"@type\":\"BreadcrumbList\",\"@id\":\"https:\/\/koningdrone.be\/product\/dji-dl-75mm-f1-8-lens\/#breadcrumb\",\"itemListElement\":[{\"@type\":\"ListItem\",\"position\":1,\"name\":\"Home\",\"item\":\"https:\/\/koningdrone.be\/\"},{\"@type\":\"ListItem\",\"position\":2,\"name\":\"AVSS Parachute Recovery System for DJI Matrice 300\/350\",\"item\":\"https:\/\/koningdrone.be\/product\/avss-parachute-recovery-system-for-dji-matrice-300-350\/\"},{\"@type\":\"ListItem\",\"position\":3,\"name\":\"Alle gimbals en cameras\",\"item\":\"https:\/\/koningdrone.be\/categorie\/alle-gimbals-en-cameras\/\"},{\"@type\":\"ListItem\",\"position\":4,\"name\":\"DJI DL 75mm F1.8 Lens\"}]},{\"@type\":\"WebSite\",\"@id\":\"https:\/\/koningdrone.be\/#website\",\"url\":\"https:\/\/koningdrone.be\/\",\"name\":\"Koningdrone.be - Uw online specialist in drones, gimbals, camera's en power stations.\",\"description\":\"De webshop in drones en gimbals\",\"publisher\":{\"@id\":\"https:\/\/koningdrone.be\/#organization\"},\"potentialAction\":[{\"@type\":\"SearchAction\",\"target\":{\"@type\":\"EntryPoint\",\"urlTemplate\":\"https:\/\/koningdrone.be\/?s={search_term_string}\"},\"query-input\":{\"@type\":\"PropertyValueSpecification\",\"valueRequired\":true,\"valueName\":\"search_term_string\"}}],\"inLanguage\":\"de\"},{\"@type\":\"Organization\",\"@id\":\"https:\/\/koningdrone.be\/#organization\",\"name\":\"Koningdrone.be\",\"url\":\"https:\/\/koningdrone.be\/\",\"logo\":{\"@type\":\"ImageObject\",\"inLanguage\":\"de\",\"@id\":\"https:\/\/koningdrone.be\/#\/schema\/logo\/image\/\",\"url\":\"https:\/\/koningdrone.be\/wp-content\/uploads\/sites\/13\/2025\/04\/koningdrone-copyright-logo.svg\",\"contentUrl\":\"https:\/\/koningdrone.be\/wp-content\/uploads\/sites\/13\/2025\/04\/koningdrone-copyright-logo.svg\",\"width\":227,\"height\":38,\"caption\":\"Koningdrone.be\"},\"image\":{\"@id\":\"https:\/\/koningdrone.be\/#\/schema\/logo\/image\/\"}}]}<\/script>\n<!-- \/ Yoast SEO Premium plugin. -->","yoast_head_json":{"title":"DJI DL 75mm F1.8 Lens - koningdrone.be","robots":{"index":"index","follow":"follow","max-snippet":"max-snippet:-1","max-image-preview":"max-image-preview:large","max-video-preview":"max-video-preview:-1"},"canonical":"https:\/\/koningdrone.be\/de\/produkt\/dji-dl-75mm-f1-8-lens\/","og_locale":"de_DE","og_type":"article","og_title":"DJI DL 75mm F1.8 Lens","og_description":"Uitzonderlijke prestaties bij weinig licht met een snel F1.8 diafragma  Lichtgewicht ontwerp voor eenvoudige montage en manoeuvreerbaarheid  Produceert verbluffende scherptediepte en scherpte in foto's en video's","og_url":"https:\/\/koningdrone.be\/de\/produkt\/dji-dl-75mm-f1-8-lens\/","og_site_name":"koningdrone.be","article_modified_time":"2026-04-29T13:00:47+00:00","og_image":[{"width":1200,"height":800,"url":"https:\/\/koningdrone.be\/wp-content\/uploads\/sites\/13\/2025\/04\/940f35343b10b3bc6024c2157d2f0b8a@large.jpg","type":"image\/jpeg"}],"twitter_card":"summary_large_image","schema":{"@context":"https:\/\/schema.org","@graph":[{"@type":"WebPage","@id":"https:\/\/koningdrone.be\/product\/dji-dl-75mm-f1-8-lens\/","url":"https:\/\/koningdrone.be\/product\/dji-dl-75mm-f1-8-lens\/","name":"DJI DL 75mm F1.8 Lens - koningdrone.be","isPartOf":{"@id":"https:\/\/koningdrone.be\/#website"},"primaryImageOfPage":{"@id":"https:\/\/koningdrone.be\/product\/dji-dl-75mm-f1-8-lens\/#primaryimage"},"image":{"@id":"https:\/\/koningdrone.be\/product\/dji-dl-75mm-f1-8-lens\/#primaryimage"},"thumbnailUrl":"https:\/\/koningdrone.be\/wp-content\/uploads\/sites\/13\/2025\/04\/940f35343b10b3bc6024c2157d2f0b8a@large.jpg","datePublished":"2024-11-05T09:22:17+00:00","dateModified":"2026-04-29T13:00:47+00:00","breadcrumb":{"@id":"https:\/\/koningdrone.be\/product\/dji-dl-75mm-f1-8-lens\/#breadcrumb"},"inLanguage":"de","potentialAction":[{"@type":"ReadAction","target":["https:\/\/koningdrone.be\/product\/dji-dl-75mm-f1-8-lens\/"]}]},{"@type":"ImageObject","inLanguage":"de","@id":"https:\/\/koningdrone.be\/product\/dji-dl-75mm-f1-8-lens\/#primaryimage","url":"https:\/\/koningdrone.be\/wp-content\/uploads\/sites\/13\/2025\/04\/940f35343b10b3bc6024c2157d2f0b8a@large.jpg","contentUrl":"https:\/\/koningdrone.be\/wp-content\/uploads\/sites\/13\/2025\/04\/940f35343b10b3bc6024c2157d2f0b8a@large.jpg","width":1200,"height":800},{"@type":"BreadcrumbList","@id":"https:\/\/koningdrone.be\/product\/dji-dl-75mm-f1-8-lens\/#breadcrumb","itemListElement":[{"@type":"ListItem","position":1,"name":"Home","item":"https:\/\/koningdrone.be\/"},{"@type":"ListItem","position":2,"name":"AVSS Parachute Recovery System for DJI Matrice 300\/350","item":"https:\/\/koningdrone.be\/product\/avss-parachute-recovery-system-for-dji-matrice-300-350\/"},{"@type":"ListItem","position":3,"name":"Alle gimbals en cameras","item":"https:\/\/koningdrone.be\/categorie\/alle-gimbals-en-cameras\/"},{"@type":"ListItem","position":4,"name":"DJI DL 75mm F1.8 Lens"}]},{"@type":"WebSite","@id":"https:\/\/koningdrone.be\/#website","url":"https:\/\/koningdrone.be\/","name":"Koningdrone.be - Ihr Online-Spezialist f\u00fcr Drohnen, Gimbals, Kameras und Kraftwerke.","description":"Der Webshop f\u00fcr Drohnen und Gimbals","publisher":{"@id":"https:\/\/koningdrone.be\/#organization"},"potentialAction":[{"@type":"SearchAction","target":{"@type":"EntryPoint","urlTemplate":"https:\/\/koningdrone.be\/?s={search_term_string}"},"query-input":{"@type":"PropertyValueSpecification","valueRequired":true,"valueName":"search_term_string"}}],"inLanguage":"de"},{"@type":"Organization","@id":"https:\/\/koningdrone.be\/#organization","name":"Kingdrone.de","url":"https:\/\/koningdrone.be\/","logo":{"@type":"ImageObject","inLanguage":"de","@id":"https:\/\/koningdrone.be\/#\/schema\/logo\/image\/","url":"https:\/\/koningdrone.be\/wp-content\/uploads\/sites\/13\/2025\/04\/koningdrone-copyright-logo.svg","contentUrl":"https:\/\/koningdrone.be\/wp-content\/uploads\/sites\/13\/2025\/04\/koningdrone-copyright-logo.svg","width":227,"height":38,"caption":"Koningdrone.be"},"image":{"@id":"https:\/\/koningdrone.be\/#\/schema\/logo\/image\/"}}]}},"df_price":1499,"df_sale_price":"","df_regular_price":1499,"df_image_link":"https:\/\/koningdrone.be\/wp-content\/uploads\/sites\/13\/2025\/04\/940f35343b10b3bc6024c2157d2f0b8a@large-300x200.jpg","_links":{"self":[{"href":"https:\/\/koningdrone.be\/de\/wp-json\/wp\/v2\/product\/1984","targetHints":{"allow":["GET"]}}],"collection":[{"href":"https:\/\/koningdrone.be\/de\/wp-json\/wp\/v2\/product"}],"about":[{"href":"https:\/\/koningdrone.be\/de\/wp-json\/wp\/v2\/types\/product"}],"wp:featuredmedia":[{"embeddable":true,"href":"https:\/\/koningdrone.be\/de\/wp-json\/wp\/v2\/media\/1977"}],"wp:attachment":[{"href":"https:\/\/koningdrone.be\/de\/wp-json\/wp\/v2\/media?parent=1984"}],"wp:term":[{"taxonomy":"product_brand","embeddable":true,"href":"https:\/\/koningdrone.be\/de\/wp-json\/wp\/v2\/product_brand?post=1984"},{"taxonomy":"product_cat","embeddable":true,"href":"https:\/\/koningdrone.be\/de\/wp-json\/wp\/v2\/product_cat?post=1984"},{"taxonomy":"product_tag","embeddable":true,"href":"https:\/\/koningdrone.be\/de\/wp-json\/wp\/v2\/product_tag?post=1984"}],"curies":[{"name":"wp","href":"https:\/\/api.w.org\/{rel}","templated":true}]}}