{"id":19168,"date":"2026-04-20T15:09:06","date_gmt":"2026-04-20T13:09:06","guid":{"rendered":"https:\/\/koningdrone.be\/?post_type=product&#038;p=19168"},"modified":"2026-04-20T15:09:09","modified_gmt":"2026-04-20T13:09:09","slug":"dji-mini-4k-eu-refurbished","status":"publish","type":"product","link":"https:\/\/koningdrone.be\/de\/produkt\/dji-mini-4k-eu-refurbished\/","title":{"rendered":"DJI Mini 4K (EU) - Refurbished"},"content":{"rendered":"<p>Die DJI Mini 4K ist eine kompakte und leichte Drohne, die ein leistungsstarkes Flugerlebnis bietet. Mit einem Gewicht von weniger als 249 g bietet sie 4K\/30fps Videoaufnahmen, einen 4-fachen digitalen Zoom und eine maximale Flugzeit von 31 Minuten. Mit einer Reichweite von 10 km f\u00fcr die Video\u00fcbertragung liefert sie stabile, hochwertige Aufnahmen. Die Drohne unterst\u00fctzt die Modi QuickShots und Panorama f\u00fcr kreative Aufnahmen, w\u00e4hrend die Return-to-Home-Funktion und das Einsteigerhandbuch die Bedienung vereinfachen. Die Drohne h\u00e4lt Windb\u00f6en von bis zu 38 km\/h (Stufe 5) stand und bietet sowohl Anf\u00e4ngern als auch erfahrenen Piloten eine zuverl\u00e4ssige Leistung.<\/p>\n<h4>\u00dcber \u00fcberholte Produkte<\/h4>\n<p><em><strong>Dieses Produkt wurde benutzt, ist aber in sehr gutem\/neuwertigem Zustand. Es wurde innerhalb von 14 Tagen zur\u00fcckgeschickt und oft nur kurz benutzt. Der Gesamtzustand ist fast wie neu.<\/strong><\/em><\/p>","protected":false},"excerpt":{"rendered":"<ul>\n<li>Weniger als 249 g<\/li>\n<li>4K\/30fps Video<\/li>\n<li>4-facher Digitalzoom<\/li>\n<li>10 km Video\u00fcbertragung<\/li>\n<li>31 Min. maximale Flugzeit<\/li>\n<li>Zur\u00fcck zu Home<\/li>\n<li>QuickShots, Panorama<\/li>\n<li>Stabiler Schwebeflug<\/li>\n<li>Leitfaden f\u00fcr Einsteiger<\/li>\n<li>38 km\/h (Stufe 5) Windwiderstand<\/li>\n<\/ul>","protected":false},"featured_media":2081,"template":"","meta":{"_acf_changed":false},"product_brand":[],"product_cat":[135,139],"product_tag":[],"class_list":{"0":"post-19168","1":"product","2":"type-product","3":"status-publish","4":"has-post-thumbnail","6":"product_cat-alle-drones","7":"product_cat-refurbished","9":"first","10":"instock","11":"sale","12":"taxable","13":"shipping-taxable","14":"purchasable","15":"product-type-simple"},"acf":[],"yoast_head":"<!-- This site is optimized with the Yoast SEO Premium plugin v27.2 (Yoast SEO v27.2) - https:\/\/yoast.com\/product\/yoast-seo-premium-wordpress\/ -->\n<title>DJI Mini 4K (EU) - Refurbished - koningdrone.be<\/title>\n<meta name=\"robots\" content=\"index, follow, max-snippet:-1, max-image-preview:large, max-video-preview:-1\" \/>\n<link rel=\"canonical\" href=\"https:\/\/koningdrone.be\/de\/produkt\/dji-mini-4k-eu-refurbished\/\" \/>\n<meta property=\"og:locale\" content=\"de_DE\" \/>\n<meta property=\"og:type\" content=\"article\" \/>\n<meta property=\"og:title\" content=\"DJI Mini 4K (EU) - Refurbished\" \/>\n<meta property=\"og:description\" content=\"Minder dan 249 g  4K\/30fps video  4x digitale zoom  10 km videotransmissie  31 Min. Max. vliegtijd  Terug naar Home  QuickShots, Panorama  Stabiel zweven  Handleiding voor beginners  38 km\/u (Niveau 5) Windweerstand\" \/>\n<meta property=\"og:url\" content=\"https:\/\/koningdrone.be\/de\/produkt\/dji-mini-4k-eu-refurbished\/\" \/>\n<meta property=\"og:site_name\" content=\"koningdrone.be\" \/>\n<meta property=\"article:modified_time\" content=\"2026-04-20T13:09:09+00:00\" \/>\n<meta property=\"og:image\" content=\"https:\/\/koningdrone.be\/wp-content\/uploads\/sites\/13\/2025\/04\/6737c1dc90512f0f019b17256bc40b65@ultra.jpg\" \/>\n\t<meta property=\"og:image:width\" content=\"1280\" \/>\n\t<meta property=\"og:image:height\" content=\"1280\" \/>\n\t<meta property=\"og:image:type\" content=\"image\/jpeg\" \/>\n<meta name=\"twitter:card\" content=\"summary_large_image\" \/>\n<meta name=\"twitter:label1\" content=\"Gesch\u00e4tzte Lesezeit\" \/>\n\t<meta name=\"twitter:data1\" content=\"1\u00a0Minute\" \/>\n<script type=\"application\/ld+json\" class=\"yoast-schema-graph\">{\"@context\":\"https:\/\/schema.org\",\"@graph\":[{\"@type\":\"WebPage\",\"@id\":\"https:\/\/koningdrone.be\/product\/dji-mini-4k-eu-refurbished\/\",\"url\":\"https:\/\/koningdrone.be\/product\/dji-mini-4k-eu-refurbished\/\",\"name\":\"DJI Mini 4K (EU) - Refurbished - koningdrone.be\",\"isPartOf\":{\"@id\":\"https:\/\/koningdrone.be\/#website\"},\"primaryImageOfPage\":{\"@id\":\"https:\/\/koningdrone.be\/product\/dji-mini-4k-eu-refurbished\/#primaryimage\"},\"image\":{\"@id\":\"https:\/\/koningdrone.be\/product\/dji-mini-4k-eu-refurbished\/#primaryimage\"},\"thumbnailUrl\":\"https:\/\/koningdrone.be\/wp-content\/uploads\/sites\/13\/2025\/04\/6737c1dc90512f0f019b17256bc40b65@ultra.jpg\",\"datePublished\":\"2026-04-20T13:09:06+00:00\",\"dateModified\":\"2026-04-20T13:09:09+00:00\",\"breadcrumb\":{\"@id\":\"https:\/\/koningdrone.be\/product\/dji-mini-4k-eu-refurbished\/#breadcrumb\"},\"inLanguage\":\"de\",\"potentialAction\":[{\"@type\":\"ReadAction\",\"target\":[\"https:\/\/koningdrone.be\/product\/dji-mini-4k-eu-refurbished\/\"]}]},{\"@type\":\"ImageObject\",\"inLanguage\":\"de\",\"@id\":\"https:\/\/koningdrone.be\/product\/dji-mini-4k-eu-refurbished\/#primaryimage\",\"url\":\"https:\/\/koningdrone.be\/wp-content\/uploads\/sites\/13\/2025\/04\/6737c1dc90512f0f019b17256bc40b65@ultra.jpg\",\"contentUrl\":\"https:\/\/koningdrone.be\/wp-content\/uploads\/sites\/13\/2025\/04\/6737c1dc90512f0f019b17256bc40b65@ultra.jpg\",\"width\":1280,\"height\":1280},{\"@type\":\"BreadcrumbList\",\"@id\":\"https:\/\/koningdrone.be\/product\/dji-mini-4k-eu-refurbished\/#breadcrumb\",\"itemListElement\":[{\"@type\":\"ListItem\",\"position\":1,\"name\":\"Home\",\"item\":\"https:\/\/koningdrone.be\/\"},{\"@type\":\"ListItem\",\"position\":2,\"name\":\"AVSS Parachute Recovery System for DJI Matrice 300\/350\",\"item\":\"https:\/\/koningdrone.be\/product\/avss-parachute-recovery-system-for-dji-matrice-300-350\/\"},{\"@type\":\"ListItem\",\"position\":3,\"name\":\"Alle drones\",\"item\":\"https:\/\/koningdrone.be\/categorie\/alle-drones\/\"},{\"@type\":\"ListItem\",\"position\":4,\"name\":\"DJI Mini 4K (EU) &#8211; Refurbished\"}]},{\"@type\":\"WebSite\",\"@id\":\"https:\/\/koningdrone.be\/#website\",\"url\":\"https:\/\/koningdrone.be\/\",\"name\":\"Koningdrone.be - Uw online specialist in drones, gimbals, camera's en power stations.\",\"description\":\"De webshop in drones en gimbals\",\"publisher\":{\"@id\":\"https:\/\/koningdrone.be\/#organization\"},\"potentialAction\":[{\"@type\":\"SearchAction\",\"target\":{\"@type\":\"EntryPoint\",\"urlTemplate\":\"https:\/\/koningdrone.be\/?s={search_term_string}\"},\"query-input\":{\"@type\":\"PropertyValueSpecification\",\"valueRequired\":true,\"valueName\":\"search_term_string\"}}],\"inLanguage\":\"de\"},{\"@type\":\"Organization\",\"@id\":\"https:\/\/koningdrone.be\/#organization\",\"name\":\"Koningdrone.be\",\"url\":\"https:\/\/koningdrone.be\/\",\"logo\":{\"@type\":\"ImageObject\",\"inLanguage\":\"de\",\"@id\":\"https:\/\/koningdrone.be\/#\/schema\/logo\/image\/\",\"url\":\"https:\/\/koningdrone.be\/wp-content\/uploads\/sites\/13\/2025\/04\/koningdrone-copyright-logo.svg\",\"contentUrl\":\"https:\/\/koningdrone.be\/wp-content\/uploads\/sites\/13\/2025\/04\/koningdrone-copyright-logo.svg\",\"width\":227,\"height\":38,\"caption\":\"Koningdrone.be\"},\"image\":{\"@id\":\"https:\/\/koningdrone.be\/#\/schema\/logo\/image\/\"}}]}<\/script>\n<!-- \/ Yoast SEO Premium plugin. -->","yoast_head_json":{"title":"DJI Mini 4K (EU) - Refurbished - koningdrone.be","robots":{"index":"index","follow":"follow","max-snippet":"max-snippet:-1","max-image-preview":"max-image-preview:large","max-video-preview":"max-video-preview:-1"},"canonical":"https:\/\/koningdrone.be\/de\/produkt\/dji-mini-4k-eu-refurbished\/","og_locale":"de_DE","og_type":"article","og_title":"DJI Mini 4K (EU) - Refurbished","og_description":"Minder dan 249 g  4K\/30fps video  4x digitale zoom  10 km videotransmissie  31 Min. Max. vliegtijd  Terug naar Home  QuickShots, Panorama  Stabiel zweven  Handleiding voor beginners  38 km\/u (Niveau 5) Windweerstand","og_url":"https:\/\/koningdrone.be\/de\/produkt\/dji-mini-4k-eu-refurbished\/","og_site_name":"koningdrone.be","article_modified_time":"2026-04-20T13:09:09+00:00","og_image":[{"width":1280,"height":1280,"url":"https:\/\/koningdrone.be\/wp-content\/uploads\/sites\/13\/2025\/04\/6737c1dc90512f0f019b17256bc40b65@ultra.jpg","type":"image\/jpeg"}],"twitter_card":"summary_large_image","twitter_misc":{"Gesch\u00e4tzte Lesezeit":"1\u00a0Minute"},"schema":{"@context":"https:\/\/schema.org","@graph":[{"@type":"WebPage","@id":"https:\/\/koningdrone.be\/product\/dji-mini-4k-eu-refurbished\/","url":"https:\/\/koningdrone.be\/product\/dji-mini-4k-eu-refurbished\/","name":"DJI Mini 4K (EU) - Refurbished - koningdrone.be","isPartOf":{"@id":"https:\/\/koningdrone.be\/#website"},"primaryImageOfPage":{"@id":"https:\/\/koningdrone.be\/product\/dji-mini-4k-eu-refurbished\/#primaryimage"},"image":{"@id":"https:\/\/koningdrone.be\/product\/dji-mini-4k-eu-refurbished\/#primaryimage"},"thumbnailUrl":"https:\/\/koningdrone.be\/wp-content\/uploads\/sites\/13\/2025\/04\/6737c1dc90512f0f019b17256bc40b65@ultra.jpg","datePublished":"2026-04-20T13:09:06+00:00","dateModified":"2026-04-20T13:09:09+00:00","breadcrumb":{"@id":"https:\/\/koningdrone.be\/product\/dji-mini-4k-eu-refurbished\/#breadcrumb"},"inLanguage":"de","potentialAction":[{"@type":"ReadAction","target":["https:\/\/koningdrone.be\/product\/dji-mini-4k-eu-refurbished\/"]}]},{"@type":"ImageObject","inLanguage":"de","@id":"https:\/\/koningdrone.be\/product\/dji-mini-4k-eu-refurbished\/#primaryimage","url":"https:\/\/koningdrone.be\/wp-content\/uploads\/sites\/13\/2025\/04\/6737c1dc90512f0f019b17256bc40b65@ultra.jpg","contentUrl":"https:\/\/koningdrone.be\/wp-content\/uploads\/sites\/13\/2025\/04\/6737c1dc90512f0f019b17256bc40b65@ultra.jpg","width":1280,"height":1280},{"@type":"BreadcrumbList","@id":"https:\/\/koningdrone.be\/product\/dji-mini-4k-eu-refurbished\/#breadcrumb","itemListElement":[{"@type":"ListItem","position":1,"name":"Home","item":"https:\/\/koningdrone.be\/"},{"@type":"ListItem","position":2,"name":"AVSS Parachute Recovery System for DJI Matrice 300\/350","item":"https:\/\/koningdrone.be\/product\/avss-parachute-recovery-system-for-dji-matrice-300-350\/"},{"@type":"ListItem","position":3,"name":"Alle drones","item":"https:\/\/koningdrone.be\/categorie\/alle-drones\/"},{"@type":"ListItem","position":4,"name":"DJI Mini 4K (EU) &#8211; Refurbished"}]},{"@type":"WebSite","@id":"https:\/\/koningdrone.be\/#website","url":"https:\/\/koningdrone.be\/","name":"Koningdrone.be - Ihr Online-Spezialist f\u00fcr Drohnen, Gimbals, Kameras und Kraftwerke.","description":"Der Webshop f\u00fcr Drohnen und Gimbals","publisher":{"@id":"https:\/\/koningdrone.be\/#organization"},"potentialAction":[{"@type":"SearchAction","target":{"@type":"EntryPoint","urlTemplate":"https:\/\/koningdrone.be\/?s={search_term_string}"},"query-input":{"@type":"PropertyValueSpecification","valueRequired":true,"valueName":"search_term_string"}}],"inLanguage":"de"},{"@type":"Organization","@id":"https:\/\/koningdrone.be\/#organization","name":"Kingdrone.de","url":"https:\/\/koningdrone.be\/","logo":{"@type":"ImageObject","inLanguage":"de","@id":"https:\/\/koningdrone.be\/#\/schema\/logo\/image\/","url":"https:\/\/koningdrone.be\/wp-content\/uploads\/sites\/13\/2025\/04\/koningdrone-copyright-logo.svg","contentUrl":"https:\/\/koningdrone.be\/wp-content\/uploads\/sites\/13\/2025\/04\/koningdrone-copyright-logo.svg","width":227,"height":38,"caption":"Koningdrone.be"},"image":{"@id":"https:\/\/koningdrone.be\/#\/schema\/logo\/image\/"}}]}},"df_price":199,"df_sale_price":199,"df_regular_price":279,"df_image_link":"https:\/\/koningdrone.be\/wp-content\/uploads\/sites\/13\/2025\/04\/6737c1dc90512f0f019b17256bc40b65@ultra-300x300.jpg","_links":{"self":[{"href":"https:\/\/koningdrone.be\/de\/wp-json\/wp\/v2\/product\/19168","targetHints":{"allow":["GET"]}}],"collection":[{"href":"https:\/\/koningdrone.be\/de\/wp-json\/wp\/v2\/product"}],"about":[{"href":"https:\/\/koningdrone.be\/de\/wp-json\/wp\/v2\/types\/product"}],"wp:featuredmedia":[{"embeddable":true,"href":"https:\/\/koningdrone.be\/de\/wp-json\/wp\/v2\/media\/2081"}],"wp:attachment":[{"href":"https:\/\/koningdrone.be\/de\/wp-json\/wp\/v2\/media?parent=19168"}],"wp:term":[{"taxonomy":"product_brand","embeddable":true,"href":"https:\/\/koningdrone.be\/de\/wp-json\/wp\/v2\/product_brand?post=19168"},{"taxonomy":"product_cat","embeddable":true,"href":"https:\/\/koningdrone.be\/de\/wp-json\/wp\/v2\/product_cat?post=19168"},{"taxonomy":"product_tag","embeddable":true,"href":"https:\/\/koningdrone.be\/de\/wp-json\/wp\/v2\/product_tag?post=19168"}],"curies":[{"name":"wp","href":"https:\/\/api.w.org\/{rel}","templated":true}]}}