{"id":1888,"date":"2024-11-05T10:25:04","date_gmt":"2024-11-05T09:25:04","guid":{"rendered":"https:\/\/koningdrone.nl\/kon\/product\/kronos-mini-pod-for-parachute\/"},"modified":"2026-04-29T14:10:53","modified_gmt":"2026-04-29T12:10:53","slug":"kronos-mini-pod-for-parachute","status":"publish","type":"product","link":"https:\/\/koningdrone.be\/de\/produkt\/kronos-mini-pod-for-parachute\/","title":{"rendered":"Kronos Mini Pod f\u00fcr Fallschirm"},"content":{"rendered":"<p>Der Kronos Mini-Pod f\u00fcr Fallschirm ist ein kompaktes und leichtes Zubeh\u00f6r, das zur sicheren Aufbewahrung von Fallschirmsystemen f\u00fcr kleinere Drohnen entwickelt wurde. Dieser Mini-Pod wurde f\u00fcr eine zuverl\u00e4ssige Leistung entwickelt und erm\u00f6glicht ein schnelles und effektives Fallschirmspringen in Notsituationen, wodurch die Flugsicherheit verbessert wird. Das stromlinienf\u00f6rmige Design l\u00e4sst sich leicht in verschiedene Drohnenmodelle integrieren und ist somit eine ideale L\u00f6sung f\u00fcr Betreiber, die die Sicherheit verbessern m\u00f6chten, ohne die Agilit\u00e4t und Leistung der Drohne zu beeintr\u00e4chtigen.<\/p>","protected":false},"excerpt":{"rendered":"<ul>\n<li>Durch das kompakte Design ist es auch f\u00fcr kleinere Drohnen geeignet.<\/li>\n<li>Erm\u00f6glicht einen schnellen und effektiven Fallschirmsprung in Notf\u00e4llen.<\/li>\n<li>Die Leichtbauweise erh\u00e4lt die Man\u00f6vrierf\u00e4higkeit und Leistung der Drohne.<\/li>\n<li>Einfach mit verschiedenen Drohnenmodellen zu integrieren.<\/li>\n<li>Verbessert die allgemeine Flugsicherheit f\u00fcr die Betreiber.<\/li>\n<\/ul>","protected":false},"featured_media":1887,"template":"","meta":{"_acf_changed":false},"product_brand":[],"product_cat":[292,97],"product_tag":[],"class_list":{"0":"post-1888","1":"product","2":"type-product","3":"status-publish","4":"has-post-thumbnail","6":"product_cat-alle-parachutes","7":"product_cat-alle-producten","8":"product_shipping_class-outofstock","9":"pa_brand-dronavia","10":"pa_productfamily-kronos","11":"pa_producttype-parachute","12":"pa_series-mavic-3","14":"first","15":"outofstock","16":"taxable","17":"shipping-taxable","18":"product-type-simple"},"acf":[],"yoast_head":"<!-- This site is optimized with the Yoast SEO Premium plugin v27.2 (Yoast SEO v27.2) - https:\/\/yoast.com\/product\/yoast-seo-premium-wordpress\/ -->\n<title>Kronos Mini Pod for parachute - koningdrone.be<\/title>\n<meta name=\"robots\" content=\"index, follow, max-snippet:-1, max-image-preview:large, max-video-preview:-1\" \/>\n<link rel=\"canonical\" href=\"https:\/\/koningdrone.be\/de\/produkt\/kronos-mini-pod-for-parachute\/\" \/>\n<meta property=\"og:locale\" content=\"de_DE\" \/>\n<meta property=\"og:type\" content=\"article\" \/>\n<meta property=\"og:title\" content=\"Kronos Mini Pod for parachute\" \/>\n<meta property=\"og:description\" content=\"Compact ontwerp maakt het geschikt voor kleinere drones.  Zorgt voor snelle en effectieve parachutering in noodgevallen.  Lichtgewicht constructie zorgt voor behoud van wendbaarheid en prestaties van de drone.  Eenvoudig te integreren met verschillende dronemodellen.  Verbetert de algehele vliegveiligheid voor operators.\" \/>\n<meta property=\"og:url\" content=\"https:\/\/koningdrone.be\/de\/produkt\/kronos-mini-pod-for-parachute\/\" \/>\n<meta property=\"og:site_name\" content=\"koningdrone.be\" \/>\n<meta property=\"article:modified_time\" content=\"2026-04-29T12:10:53+00:00\" \/>\n<meta property=\"og:image\" content=\"https:\/\/koningdrone.be\/wp-content\/uploads\/sites\/13\/2025\/04\/M3EPRSreplacment.jpg\" \/>\n\t<meta property=\"og:image:width\" content=\"1680\" \/>\n\t<meta property=\"og:image:height\" content=\"1680\" \/>\n\t<meta property=\"og:image:type\" content=\"image\/jpeg\" \/>\n<meta name=\"twitter:card\" content=\"summary_large_image\" \/>\n<script type=\"application\/ld+json\" class=\"yoast-schema-graph\">{\"@context\":\"https:\/\/schema.org\",\"@graph\":[{\"@type\":\"WebPage\",\"@id\":\"https:\/\/koningdrone.be\/product\/kronos-mini-pod-for-parachute\/\",\"url\":\"https:\/\/koningdrone.be\/product\/kronos-mini-pod-for-parachute\/\",\"name\":\"Kronos Mini Pod for parachute - koningdrone.be\",\"isPartOf\":{\"@id\":\"https:\/\/koningdrone.be\/#website\"},\"primaryImageOfPage\":{\"@id\":\"https:\/\/koningdrone.be\/product\/kronos-mini-pod-for-parachute\/#primaryimage\"},\"image\":{\"@id\":\"https:\/\/koningdrone.be\/product\/kronos-mini-pod-for-parachute\/#primaryimage\"},\"thumbnailUrl\":\"https:\/\/koningdrone.be\/wp-content\/uploads\/sites\/13\/2025\/04\/M3EPRSreplacment.jpg\",\"datePublished\":\"2024-11-05T09:25:04+00:00\",\"dateModified\":\"2026-04-29T12:10:53+00:00\",\"breadcrumb\":{\"@id\":\"https:\/\/koningdrone.be\/product\/kronos-mini-pod-for-parachute\/#breadcrumb\"},\"inLanguage\":\"de\",\"potentialAction\":[{\"@type\":\"ReadAction\",\"target\":[\"https:\/\/koningdrone.be\/product\/kronos-mini-pod-for-parachute\/\"]}]},{\"@type\":\"ImageObject\",\"inLanguage\":\"de\",\"@id\":\"https:\/\/koningdrone.be\/product\/kronos-mini-pod-for-parachute\/#primaryimage\",\"url\":\"https:\/\/koningdrone.be\/wp-content\/uploads\/sites\/13\/2025\/04\/M3EPRSreplacment.jpg\",\"contentUrl\":\"https:\/\/koningdrone.be\/wp-content\/uploads\/sites\/13\/2025\/04\/M3EPRSreplacment.jpg\",\"width\":1680,\"height\":1680},{\"@type\":\"BreadcrumbList\",\"@id\":\"https:\/\/koningdrone.be\/product\/kronos-mini-pod-for-parachute\/#breadcrumb\",\"itemListElement\":[{\"@type\":\"ListItem\",\"position\":1,\"name\":\"Home\",\"item\":\"https:\/\/koningdrone.be\/\"},{\"@type\":\"ListItem\",\"position\":2,\"name\":\"AVSS Parachute Recovery System for DJI Matrice 300\/350\",\"item\":\"https:\/\/koningdrone.be\/product\/avss-parachute-recovery-system-for-dji-matrice-300-350\/\"},{\"@type\":\"ListItem\",\"position\":3,\"name\":\"Alle parachutes\",\"item\":\"https:\/\/koningdrone.be\/categorie\/alle-parachutes\/\"},{\"@type\":\"ListItem\",\"position\":4,\"name\":\"Kronos Mini Pod for parachute\"}]},{\"@type\":\"WebSite\",\"@id\":\"https:\/\/koningdrone.be\/#website\",\"url\":\"https:\/\/koningdrone.be\/\",\"name\":\"Koningdrone.be - Uw online specialist in drones, gimbals, camera's en power stations.\",\"description\":\"De webshop in drones en gimbals\",\"publisher\":{\"@id\":\"https:\/\/koningdrone.be\/#organization\"},\"potentialAction\":[{\"@type\":\"SearchAction\",\"target\":{\"@type\":\"EntryPoint\",\"urlTemplate\":\"https:\/\/koningdrone.be\/?s={search_term_string}\"},\"query-input\":{\"@type\":\"PropertyValueSpecification\",\"valueRequired\":true,\"valueName\":\"search_term_string\"}}],\"inLanguage\":\"de\"},{\"@type\":\"Organization\",\"@id\":\"https:\/\/koningdrone.be\/#organization\",\"name\":\"Koningdrone.be\",\"url\":\"https:\/\/koningdrone.be\/\",\"logo\":{\"@type\":\"ImageObject\",\"inLanguage\":\"de\",\"@id\":\"https:\/\/koningdrone.be\/#\/schema\/logo\/image\/\",\"url\":\"https:\/\/koningdrone.be\/wp-content\/uploads\/sites\/13\/2025\/04\/koningdrone-copyright-logo.svg\",\"contentUrl\":\"https:\/\/koningdrone.be\/wp-content\/uploads\/sites\/13\/2025\/04\/koningdrone-copyright-logo.svg\",\"width\":227,\"height\":38,\"caption\":\"Koningdrone.be\"},\"image\":{\"@id\":\"https:\/\/koningdrone.be\/#\/schema\/logo\/image\/\"}}]}<\/script>\n<!-- \/ Yoast SEO Premium plugin. -->","yoast_head_json":{"title":"Kronos Mini Pod for parachute - koningdrone.be","robots":{"index":"index","follow":"follow","max-snippet":"max-snippet:-1","max-image-preview":"max-image-preview:large","max-video-preview":"max-video-preview:-1"},"canonical":"https:\/\/koningdrone.be\/de\/produkt\/kronos-mini-pod-for-parachute\/","og_locale":"de_DE","og_type":"article","og_title":"Kronos Mini Pod for parachute","og_description":"Compact ontwerp maakt het geschikt voor kleinere drones.  Zorgt voor snelle en effectieve parachutering in noodgevallen.  Lichtgewicht constructie zorgt voor behoud van wendbaarheid en prestaties van de drone.  Eenvoudig te integreren met verschillende dronemodellen.  Verbetert de algehele vliegveiligheid voor operators.","og_url":"https:\/\/koningdrone.be\/de\/produkt\/kronos-mini-pod-for-parachute\/","og_site_name":"koningdrone.be","article_modified_time":"2026-04-29T12:10:53+00:00","og_image":[{"width":1680,"height":1680,"url":"https:\/\/koningdrone.be\/wp-content\/uploads\/sites\/13\/2025\/04\/M3EPRSreplacment.jpg","type":"image\/jpeg"}],"twitter_card":"summary_large_image","schema":{"@context":"https:\/\/schema.org","@graph":[{"@type":"WebPage","@id":"https:\/\/koningdrone.be\/product\/kronos-mini-pod-for-parachute\/","url":"https:\/\/koningdrone.be\/product\/kronos-mini-pod-for-parachute\/","name":"Kronos Mini Pod for parachute - koningdrone.be","isPartOf":{"@id":"https:\/\/koningdrone.be\/#website"},"primaryImageOfPage":{"@id":"https:\/\/koningdrone.be\/product\/kronos-mini-pod-for-parachute\/#primaryimage"},"image":{"@id":"https:\/\/koningdrone.be\/product\/kronos-mini-pod-for-parachute\/#primaryimage"},"thumbnailUrl":"https:\/\/koningdrone.be\/wp-content\/uploads\/sites\/13\/2025\/04\/M3EPRSreplacment.jpg","datePublished":"2024-11-05T09:25:04+00:00","dateModified":"2026-04-29T12:10:53+00:00","breadcrumb":{"@id":"https:\/\/koningdrone.be\/product\/kronos-mini-pod-for-parachute\/#breadcrumb"},"inLanguage":"de","potentialAction":[{"@type":"ReadAction","target":["https:\/\/koningdrone.be\/product\/kronos-mini-pod-for-parachute\/"]}]},{"@type":"ImageObject","inLanguage":"de","@id":"https:\/\/koningdrone.be\/product\/kronos-mini-pod-for-parachute\/#primaryimage","url":"https:\/\/koningdrone.be\/wp-content\/uploads\/sites\/13\/2025\/04\/M3EPRSreplacment.jpg","contentUrl":"https:\/\/koningdrone.be\/wp-content\/uploads\/sites\/13\/2025\/04\/M3EPRSreplacment.jpg","width":1680,"height":1680},{"@type":"BreadcrumbList","@id":"https:\/\/koningdrone.be\/product\/kronos-mini-pod-for-parachute\/#breadcrumb","itemListElement":[{"@type":"ListItem","position":1,"name":"Home","item":"https:\/\/koningdrone.be\/"},{"@type":"ListItem","position":2,"name":"AVSS Parachute Recovery System for DJI Matrice 300\/350","item":"https:\/\/koningdrone.be\/product\/avss-parachute-recovery-system-for-dji-matrice-300-350\/"},{"@type":"ListItem","position":3,"name":"Alle parachutes","item":"https:\/\/koningdrone.be\/categorie\/alle-parachutes\/"},{"@type":"ListItem","position":4,"name":"Kronos Mini Pod for parachute"}]},{"@type":"WebSite","@id":"https:\/\/koningdrone.be\/#website","url":"https:\/\/koningdrone.be\/","name":"Koningdrone.be - Ihr Online-Spezialist f\u00fcr Drohnen, Gimbals, Kameras und Kraftwerke.","description":"Der Webshop f\u00fcr Drohnen und Gimbals","publisher":{"@id":"https:\/\/koningdrone.be\/#organization"},"potentialAction":[{"@type":"SearchAction","target":{"@type":"EntryPoint","urlTemplate":"https:\/\/koningdrone.be\/?s={search_term_string}"},"query-input":{"@type":"PropertyValueSpecification","valueRequired":true,"valueName":"search_term_string"}}],"inLanguage":"de"},{"@type":"Organization","@id":"https:\/\/koningdrone.be\/#organization","name":"Kingdrone.de","url":"https:\/\/koningdrone.be\/","logo":{"@type":"ImageObject","inLanguage":"de","@id":"https:\/\/koningdrone.be\/#\/schema\/logo\/image\/","url":"https:\/\/koningdrone.be\/wp-content\/uploads\/sites\/13\/2025\/04\/koningdrone-copyright-logo.svg","contentUrl":"https:\/\/koningdrone.be\/wp-content\/uploads\/sites\/13\/2025\/04\/koningdrone-copyright-logo.svg","width":227,"height":38,"caption":"Koningdrone.be"},"image":{"@id":"https:\/\/koningdrone.be\/#\/schema\/logo\/image\/"}}]}},"df_price":"","df_sale_price":"","df_regular_price":"","df_image_link":"https:\/\/koningdrone.be\/wp-content\/uploads\/sites\/13\/2025\/04\/M3EPRSreplacment-300x300.jpg","_links":{"self":[{"href":"https:\/\/koningdrone.be\/de\/wp-json\/wp\/v2\/product\/1888","targetHints":{"allow":["GET"]}}],"collection":[{"href":"https:\/\/koningdrone.be\/de\/wp-json\/wp\/v2\/product"}],"about":[{"href":"https:\/\/koningdrone.be\/de\/wp-json\/wp\/v2\/types\/product"}],"wp:featuredmedia":[{"embeddable":true,"href":"https:\/\/koningdrone.be\/de\/wp-json\/wp\/v2\/media\/1887"}],"wp:attachment":[{"href":"https:\/\/koningdrone.be\/de\/wp-json\/wp\/v2\/media?parent=1888"}],"wp:term":[{"taxonomy":"product_brand","embeddable":true,"href":"https:\/\/koningdrone.be\/de\/wp-json\/wp\/v2\/product_brand?post=1888"},{"taxonomy":"product_cat","embeddable":true,"href":"https:\/\/koningdrone.be\/de\/wp-json\/wp\/v2\/product_cat?post=1888"},{"taxonomy":"product_tag","embeddable":true,"href":"https:\/\/koningdrone.be\/de\/wp-json\/wp\/v2\/product_tag?post=1888"}],"curies":[{"name":"wp","href":"https:\/\/api.w.org\/{rel}","templated":true}]}}