{"id":18514,"date":"2026-04-08T10:39:20","date_gmt":"2026-04-08T08:39:20","guid":{"rendered":"https:\/\/koningdrone.be\/?post_type=product&#038;p=18514"},"modified":"2026-04-29T17:00:08","modified_gmt":"2026-04-29T15:00:08","slug":"dji-terra","status":"publish","type":"product","link":"https:\/\/koningdrone.be\/de\/produkt\/dji-terra\/","title":{"rendered":"DJI Terra"},"content":{"rendered":"<h3 data-start=\"114\" data-end=\"179\">DJI Terra - Kartierungs- und Analysesoftware (Mehrere Varianten)<\/h3>\n<p data-start=\"181\" data-end=\"531\">DJI Terra ist eine leistungsstarke, professionelle Kartierungs- und Analysesoftware, die Drohnenbilder problemlos in pr\u00e4zise 2D-Karten, 3D-Modelle und Punktwolken umwandelt. Die Plattform wurde f\u00fcr Bereiche wie Vermessung, Bauwesen, Infrastruktur und \u00f6ffentliche Sicherheit entwickelt und bietet einen effizienten Workflow von der Datenerfassung bis zur Analyse.<\/p>\n<p data-start=\"533\" data-end=\"869\">Dieses Produkt ist in mehreren Varianten erh\u00e4ltlich, darunter <strong data-start=\"593\" data-end=\"625\">Standard- und Flaggschiff-Versionen<\/strong>, <strong data-start=\"627\" data-end=\"671\">1-Jahres-Lizenzen und Dauerlizenzen<\/strong>, <strong data-start=\"673\" data-end=\"702\">Online- und Offline-Nutzung<\/strong>, und umfangreiche <strong data-start=\"719\" data-end=\"745\">Bundles mit DJI Modify<\/strong> f\u00fcr erweiterte 3D-Bearbeitung. Das macht es einfach, die L\u00f6sung zu w\u00e4hlen, die zu Ihrem Workflow, Ihrem Budget und Ihrer Arbeitsumgebung passt.<\/p>\n<p data-start=\"533\" data-end=\"869\"><a href=\"https:\/\/koningdrone.nl\/wp-content\/uploads\/2026\/04\/DJI-Terra-Flagship-Permanent.jpg\"><img loading=\"lazy\" decoding=\"async\" class=\"size-medium wp-image-472157 aligncenter\" src=\"https:\/\/koningdrone.nl\/wp-content\/uploads\/2026\/04\/DJI-Terra-Flagship-Permanent-300x300.jpg\" alt=\"DJI Terra Flagship Permanent\" width=\"300\" height=\"300\" \/><\/a><\/p>\n<h4 data-start=\"876\" data-end=\"914\"><span role=\"text\">Leistung und Funktionalit\u00e4t<\/span><\/h4>\n<p data-start=\"915\" data-end=\"1102\">DJI Terra unterst\u00fctzt Echtzeit-Kartierung, 2D- und 3D-Rekonstruktion und erweiterte Datenverarbeitung. Drohnenbilder werden schnell in genaue Ortho-Mosaike, Modelle und Punktwolken umgewandelt.<\/p>\n<ul data-start=\"1104\" data-end=\"1420\">\n<li data-start=\"1104\" data-end=\"1179\"><strong data-start=\"1106\" data-end=\"1118\">Standard<\/strong>: Schwerpunkt auf effizienter 2D-Kartierung und schneller Datenverarbeitung<\/li>\n<li data-start=\"1180\" data-end=\"1269\"><strong data-start=\"1182\" data-end=\"1194\">Flaggschiff<\/strong>: umfassende 3D-Rekonstruktion, Punktwolkenanalyse und fortschrittliche Werkzeuge<\/li>\n<li data-start=\"1270\" data-end=\"1337\"><strong data-start=\"1272\" data-end=\"1290\">Upgrade-Optionen<\/strong>: einfache Skalierung von Standard zu Flaggschiff<\/li>\n<li data-start=\"1338\" data-end=\"1420\"><strong data-start=\"1340\" data-end=\"1366\">Bundles mit DJI Modify<\/strong>: zus\u00e4tzliche leistungsstarke Werkzeuge f\u00fcr die 3D-Bearbeitung und -Analyse<\/li>\n<\/ul>\n<p data-start=\"1422\" data-end=\"1578\">Dank der nahtlosen Integration mit DJI Enterprise-Drohnen ist der gesamte Workflow schnell und zuverl\u00e4ssig, selbst bei gro\u00dfen Datens\u00e4tzen und komplexen Projekten.<\/p>\n<p data-start=\"1422\" data-end=\"1578\"><a href=\"https:\/\/koningdrone.nl\/wp-content\/uploads\/2026\/04\/DJI-Terra-Standard-1Year-online.jpg\"><img loading=\"lazy\" decoding=\"async\" class=\"size-medium wp-image-472163 aligncenter\" src=\"https:\/\/koningdrone.nl\/wp-content\/uploads\/2026\/04\/DJI-Terra-Standard-1Year-online-300x300.jpg\" alt=\"DJI Terra - Standard - 1Year (online)\" width=\"300\" height=\"300\" \/><\/a><\/p>\n<h4 data-start=\"1585\" data-end=\"1615\"><span role=\"text\">Lizenz &amp; Variationen<\/span><\/h4>\n<p data-start=\"1616\" data-end=\"1675\">DJI Terra ist in verschiedenen Lizenzformen erh\u00e4ltlich:<\/p>\n<ul data-start=\"1677\" data-end=\"2060\">\n<li data-start=\"1677\" data-end=\"1748\"><strong data-start=\"1679\" data-end=\"1704\">1 Jahr (Abonnement)<\/strong>: flexible Nutzung mit regelm\u00e4\u00dfigen Updates<\/li>\n<li data-start=\"1749\" data-end=\"1816\"><strong data-start=\"1751\" data-end=\"1764\">Dauerhaft<\/strong>Einmalige Investition ohne wiederkehrende Kosten<\/li>\n<li data-start=\"1817\" data-end=\"1886\"><strong data-start=\"1819\" data-end=\"1829\">Online<\/strong>: einfache Aktivierung, Updates und Cloud-Optimierungen<\/li>\n<li data-start=\"1887\" data-end=\"1985\"><strong data-start=\"1889\" data-end=\"1900\">Offline<\/strong>: voller Betrieb ohne Internet, ideal f\u00fcr sichere oder abgelegene Umgebungen<\/li>\n<li data-start=\"1986\" data-end=\"2060\"><strong data-start=\"1988\" data-end=\"2010\">Edu (10 Ger\u00e4te)<\/strong>: vor allem zu Bildungs- und Ausbildungszwecken<\/li>\n<\/ul>\n<p data-start=\"2062\" data-end=\"2197\">Dar\u00fcber hinaus gibt es vollst\u00e4ndige <strong data-start=\"2089\" data-end=\"2111\">End-to-End-B\u00fcndel<\/strong> verf\u00fcgbar, die Kartierung mit fortschrittlicher 3D-Analyse kombinieren (DJI Modify Flagship).<\/p>\n<h4 data-start=\"2204\" data-end=\"2237\"><span role=\"text\">Verarbeitungsqualit\u00e4t und Design<\/span><\/h4>\n<p data-start=\"2238\" data-end=\"2480\">DJI Terra verf\u00fcgt \u00fcber eine intuitive und professionelle Benutzeroberfl\u00e4che, mit der sich komplexe Arbeitsabl\u00e4ufe einfach verwalten lassen. Es l\u00e4uft lokal auf leistungsstarken Computersystemen und bietet eine stabile Leistung f\u00fcr intensive Anwendungen.<\/p>\n<p data-start=\"2482\" data-end=\"2652\">Regelm\u00e4\u00dfige Updates gew\u00e4hrleisten die Kompatibilit\u00e4t mit den neuesten DJI Enterprise Drohnen und Technologien, w\u00e4hrend Offline-Varianten zus\u00e4tzliche Kontrolle und Datensicherheit bieten.<\/p>\n<p data-start=\"2482\" data-end=\"2652\"><a href=\"https:\/\/koningdrone.nl\/wp-content\/uploads\/2026\/04\/DJI-Terra-Flagship-Permanent-Offline.jpg\"><img loading=\"lazy\" decoding=\"async\" class=\"size-medium wp-image-472160 aligncenter\" src=\"https:\/\/koningdrone.nl\/wp-content\/uploads\/2026\/04\/DJI-Terra-Flagship-Permanent-Offline-300x300.jpg\" alt=\"DJI Terra Flagship Permanent (Offline)\" width=\"300\" height=\"300\" \/><\/a><\/p>\n<h4 data-start=\"2659\" data-end=\"2693\"><span role=\"text\">Warum Sie es brauchen<\/span><\/h4>\n<p data-start=\"2694\" data-end=\"2875\">DJI Terra ist unverzichtbar f\u00fcr Profis, die Drohnendaten in verwertbare Erkenntnisse umwandeln wollen. Ob Sie sich f\u00fcr ein Einsteigermodell oder ein komplettes Flagship-Paket entscheiden, die Software:<\/p>\n<ul data-start=\"2877\" data-end=\"3061\">\n<li data-start=\"2877\" data-end=\"2918\">beschleunigt Kartierungs- und Analyseprozesse<\/li>\n<li data-start=\"2919\" data-end=\"2961\">erh\u00f6ht die Genauigkeit und Effizienz<\/li>\n<li data-start=\"2962\" data-end=\"3013\">bietet volle Kontrolle \u00fcber Daten und Arbeitsabl\u00e4ufe<\/li>\n<li data-start=\"3014\" data-end=\"3061\">Skalen mit Ihren Projekten und Bed\u00fcrfnissen<\/li>\n<\/ul>\n<p data-start=\"3063\" data-end=\"3208\">Mit DJI Terra holen Sie das Beste aus Ihrer Drohne heraus und haben eine zukunftssichere L\u00f6sung f\u00fcr einfache und komplexe Projekte.<\/p>","protected":false},"excerpt":{"rendered":"<ul>\n<li>Online-Lizenz f\u00fcr schnelle Aktivierung und Updates<\/li>\n<\/ul>","protected":false},"featured_media":18515,"template":"","meta":{"_acf_changed":false},"product_brand":[],"product_cat":[2019,218],"product_tag":[],"class_list":{"0":"post-18514","1":"product","2":"type-product","3":"status-publish","4":"has-post-thumbnail","6":"product_cat-dji-modify","7":"product_cat-dji-terra","8":"pa_brand-dji","9":"pa_productfamily-dji-terra-flagship-1year","10":"pa_productfamily-dji-terra-standard-1year-online","11":"pa_productfamily-dji-terra-edu-permanent-10-control-devices","12":"pa_productfamily-dji-terra-flagship-dji-modify-flagship-1year","13":"pa_productfamily-dji-terra-flagship-dji-modify-flagship-permanent","14":"pa_productfamily-dji-terra-flagship-permanent","15":"pa_productfamily-dji-terra-flagship-permanent-offline","16":"pa_productfamily-dji-terra-standard-dji-modify-flagship-1year","17":"pa_productfamily-dji-terra-standard-dji-modify-flagship-permanent","18":"pa_productfamily-dji-terra-standard-1year-offline","19":"pa_productfamily-dji-terra-standard-permanent","20":"pa_productfamily-dji-terra-standard-permanent-offline","21":"pa_productfamily-dji-terra-standard-upgrade-to-flagship-offline","22":"pa_productfamily-dji-terra-standard-upgrade-to-flagship-online","23":"pa_producttype-serviceplan","24":"pa_series-terra","26":"first","27":"instock","28":"taxable","29":"shipping-taxable","30":"purchasable","31":"product-type-variable"},"acf":[],"yoast_head":"<!-- This site is optimized with the Yoast SEO Premium plugin v27.2 (Yoast SEO v27.2) - https:\/\/yoast.com\/product\/yoast-seo-premium-wordpress\/ -->\n<title>DJI Terra - koningdrone.be<\/title>\n<meta name=\"robots\" content=\"index, follow, max-snippet:-1, max-image-preview:large, max-video-preview:-1\" \/>\n<link rel=\"canonical\" href=\"https:\/\/koningdrone.be\/de\/produkt\/dji-terra\/\" \/>\n<meta property=\"og:locale\" content=\"de_DE\" \/>\n<meta property=\"og:type\" content=\"article\" \/>\n<meta property=\"og:title\" content=\"DJI Terra\" \/>\n<meta property=\"og:description\" content=\"Online licentie voor snelle activatie en updates\" \/>\n<meta property=\"og:url\" content=\"https:\/\/koningdrone.be\/de\/produkt\/dji-terra\/\" \/>\n<meta property=\"og:site_name\" content=\"koningdrone.be\" \/>\n<meta property=\"article:modified_time\" content=\"2026-04-29T15:00:08+00:00\" \/>\n<meta property=\"og:image\" content=\"https:\/\/koningdrone.be\/wp-content\/uploads\/sites\/13\/2026\/04\/DJI-Terra-Flagship-Permanent.jpg\" \/>\n\t<meta property=\"og:image:width\" content=\"1500\" \/>\n\t<meta property=\"og:image:height\" content=\"1500\" \/>\n\t<meta property=\"og:image:type\" content=\"image\/jpeg\" \/>\n<meta name=\"twitter:card\" content=\"summary_large_image\" \/>\n<meta name=\"twitter:label1\" content=\"Gesch\u00e4tzte Lesezeit\" \/>\n\t<meta name=\"twitter:data1\" content=\"2\u00a0Minuten\" \/>\n<script type=\"application\/ld+json\" class=\"yoast-schema-graph\">{\"@context\":\"https:\/\/schema.org\",\"@graph\":[{\"@type\":\"WebPage\",\"@id\":\"https:\/\/koningdrone.be\/product\/dji-terra\/\",\"url\":\"https:\/\/koningdrone.be\/product\/dji-terra\/\",\"name\":\"DJI Terra - koningdrone.be\",\"isPartOf\":{\"@id\":\"https:\/\/koningdrone.be\/#website\"},\"primaryImageOfPage\":{\"@id\":\"https:\/\/koningdrone.be\/product\/dji-terra\/#primaryimage\"},\"image\":{\"@id\":\"https:\/\/koningdrone.be\/product\/dji-terra\/#primaryimage\"},\"thumbnailUrl\":\"https:\/\/koningdrone.be\/wp-content\/uploads\/sites\/13\/2026\/04\/DJI-Terra-Flagship-Permanent.jpg\",\"datePublished\":\"2026-04-08T08:39:20+00:00\",\"dateModified\":\"2026-04-29T15:00:08+00:00\",\"breadcrumb\":{\"@id\":\"https:\/\/koningdrone.be\/product\/dji-terra\/#breadcrumb\"},\"inLanguage\":\"de\",\"potentialAction\":[{\"@type\":\"ReadAction\",\"target\":[\"https:\/\/koningdrone.be\/product\/dji-terra\/\"]}]},{\"@type\":\"ImageObject\",\"inLanguage\":\"de\",\"@id\":\"https:\/\/koningdrone.be\/product\/dji-terra\/#primaryimage\",\"url\":\"https:\/\/koningdrone.be\/wp-content\/uploads\/sites\/13\/2026\/04\/DJI-Terra-Flagship-Permanent.jpg\",\"contentUrl\":\"https:\/\/koningdrone.be\/wp-content\/uploads\/sites\/13\/2026\/04\/DJI-Terra-Flagship-Permanent.jpg\",\"width\":1500,\"height\":1500},{\"@type\":\"BreadcrumbList\",\"@id\":\"https:\/\/koningdrone.be\/product\/dji-terra\/#breadcrumb\",\"itemListElement\":[{\"@type\":\"ListItem\",\"position\":1,\"name\":\"Home\",\"item\":\"https:\/\/koningdrone.be\/\"},{\"@type\":\"ListItem\",\"position\":2,\"name\":\"AVSS Parachute Recovery System for DJI Matrice 300\/350\",\"item\":\"https:\/\/koningdrone.be\/product\/avss-parachute-recovery-system-for-dji-matrice-300-350\/\"},{\"@type\":\"ListItem\",\"position\":3,\"name\":\"DJI Modify\",\"item\":\"https:\/\/koningdrone.be\/categorie\/dji-modify\/\"},{\"@type\":\"ListItem\",\"position\":4,\"name\":\"DJI Terra\"}]},{\"@type\":\"WebSite\",\"@id\":\"https:\/\/koningdrone.be\/#website\",\"url\":\"https:\/\/koningdrone.be\/\",\"name\":\"Koningdrone.be - Uw online specialist in drones, gimbals, camera's en power stations.\",\"description\":\"De webshop in drones en gimbals\",\"publisher\":{\"@id\":\"https:\/\/koningdrone.be\/#organization\"},\"potentialAction\":[{\"@type\":\"SearchAction\",\"target\":{\"@type\":\"EntryPoint\",\"urlTemplate\":\"https:\/\/koningdrone.be\/?s={search_term_string}\"},\"query-input\":{\"@type\":\"PropertyValueSpecification\",\"valueRequired\":true,\"valueName\":\"search_term_string\"}}],\"inLanguage\":\"de\"},{\"@type\":\"Organization\",\"@id\":\"https:\/\/koningdrone.be\/#organization\",\"name\":\"Koningdrone.be\",\"url\":\"https:\/\/koningdrone.be\/\",\"logo\":{\"@type\":\"ImageObject\",\"inLanguage\":\"de\",\"@id\":\"https:\/\/koningdrone.be\/#\/schema\/logo\/image\/\",\"url\":\"https:\/\/koningdrone.be\/wp-content\/uploads\/sites\/13\/2025\/04\/koningdrone-copyright-logo.svg\",\"contentUrl\":\"https:\/\/koningdrone.be\/wp-content\/uploads\/sites\/13\/2025\/04\/koningdrone-copyright-logo.svg\",\"width\":227,\"height\":38,\"caption\":\"Koningdrone.be\"},\"image\":{\"@id\":\"https:\/\/koningdrone.be\/#\/schema\/logo\/image\/\"}}]}<\/script>\n<!-- \/ Yoast SEO Premium plugin. -->","yoast_head_json":{"title":"DJI Terra - koningdrone.be","robots":{"index":"index","follow":"follow","max-snippet":"max-snippet:-1","max-image-preview":"max-image-preview:large","max-video-preview":"max-video-preview:-1"},"canonical":"https:\/\/koningdrone.be\/de\/produkt\/dji-terra\/","og_locale":"de_DE","og_type":"article","og_title":"DJI Terra","og_description":"Online licentie voor snelle activatie en updates","og_url":"https:\/\/koningdrone.be\/de\/produkt\/dji-terra\/","og_site_name":"koningdrone.be","article_modified_time":"2026-04-29T15:00:08+00:00","og_image":[{"width":1500,"height":1500,"url":"https:\/\/koningdrone.be\/wp-content\/uploads\/sites\/13\/2026\/04\/DJI-Terra-Flagship-Permanent.jpg","type":"image\/jpeg"}],"twitter_card":"summary_large_image","twitter_misc":{"Gesch\u00e4tzte Lesezeit":"2\u00a0Minuten"},"schema":{"@context":"https:\/\/schema.org","@graph":[{"@type":"WebPage","@id":"https:\/\/koningdrone.be\/product\/dji-terra\/","url":"https:\/\/koningdrone.be\/product\/dji-terra\/","name":"DJI Terra - koningdrone.be","isPartOf":{"@id":"https:\/\/koningdrone.be\/#website"},"primaryImageOfPage":{"@id":"https:\/\/koningdrone.be\/product\/dji-terra\/#primaryimage"},"image":{"@id":"https:\/\/koningdrone.be\/product\/dji-terra\/#primaryimage"},"thumbnailUrl":"https:\/\/koningdrone.be\/wp-content\/uploads\/sites\/13\/2026\/04\/DJI-Terra-Flagship-Permanent.jpg","datePublished":"2026-04-08T08:39:20+00:00","dateModified":"2026-04-29T15:00:08+00:00","breadcrumb":{"@id":"https:\/\/koningdrone.be\/product\/dji-terra\/#breadcrumb"},"inLanguage":"de","potentialAction":[{"@type":"ReadAction","target":["https:\/\/koningdrone.be\/product\/dji-terra\/"]}]},{"@type":"ImageObject","inLanguage":"de","@id":"https:\/\/koningdrone.be\/product\/dji-terra\/#primaryimage","url":"https:\/\/koningdrone.be\/wp-content\/uploads\/sites\/13\/2026\/04\/DJI-Terra-Flagship-Permanent.jpg","contentUrl":"https:\/\/koningdrone.be\/wp-content\/uploads\/sites\/13\/2026\/04\/DJI-Terra-Flagship-Permanent.jpg","width":1500,"height":1500},{"@type":"BreadcrumbList","@id":"https:\/\/koningdrone.be\/product\/dji-terra\/#breadcrumb","itemListElement":[{"@type":"ListItem","position":1,"name":"Home","item":"https:\/\/koningdrone.be\/"},{"@type":"ListItem","position":2,"name":"AVSS Parachute Recovery System for DJI Matrice 300\/350","item":"https:\/\/koningdrone.be\/product\/avss-parachute-recovery-system-for-dji-matrice-300-350\/"},{"@type":"ListItem","position":3,"name":"DJI Modify","item":"https:\/\/koningdrone.be\/categorie\/dji-modify\/"},{"@type":"ListItem","position":4,"name":"DJI Terra"}]},{"@type":"WebSite","@id":"https:\/\/koningdrone.be\/#website","url":"https:\/\/koningdrone.be\/","name":"Koningdrone.be - Ihr Online-Spezialist f\u00fcr Drohnen, Gimbals, Kameras und Kraftwerke.","description":"Der Webshop f\u00fcr Drohnen und Gimbals","publisher":{"@id":"https:\/\/koningdrone.be\/#organization"},"potentialAction":[{"@type":"SearchAction","target":{"@type":"EntryPoint","urlTemplate":"https:\/\/koningdrone.be\/?s={search_term_string}"},"query-input":{"@type":"PropertyValueSpecification","valueRequired":true,"valueName":"search_term_string"}}],"inLanguage":"de"},{"@type":"Organization","@id":"https:\/\/koningdrone.be\/#organization","name":"Kingdrone.de","url":"https:\/\/koningdrone.be\/","logo":{"@type":"ImageObject","inLanguage":"de","@id":"https:\/\/koningdrone.be\/#\/schema\/logo\/image\/","url":"https:\/\/koningdrone.be\/wp-content\/uploads\/sites\/13\/2025\/04\/koningdrone-copyright-logo.svg","contentUrl":"https:\/\/koningdrone.be\/wp-content\/uploads\/sites\/13\/2025\/04\/koningdrone-copyright-logo.svg","width":227,"height":38,"caption":"Koningdrone.be"},"image":{"@id":"https:\/\/koningdrone.be\/#\/schema\/logo\/image\/"}}]}},"df_price":1860,"df_sale_price":"","df_regular_price":1860,"df_image_link":"https:\/\/koningdrone.be\/wp-content\/uploads\/sites\/13\/2026\/04\/DJI-Terra-Flagship-Permanent-300x300.jpg","_links":{"self":[{"href":"https:\/\/koningdrone.be\/de\/wp-json\/wp\/v2\/product\/18514","targetHints":{"allow":["GET"]}}],"collection":[{"href":"https:\/\/koningdrone.be\/de\/wp-json\/wp\/v2\/product"}],"about":[{"href":"https:\/\/koningdrone.be\/de\/wp-json\/wp\/v2\/types\/product"}],"wp:featuredmedia":[{"embeddable":true,"href":"https:\/\/koningdrone.be\/de\/wp-json\/wp\/v2\/media\/18515"}],"wp:attachment":[{"href":"https:\/\/koningdrone.be\/de\/wp-json\/wp\/v2\/media?parent=18514"}],"wp:term":[{"taxonomy":"product_brand","embeddable":true,"href":"https:\/\/koningdrone.be\/de\/wp-json\/wp\/v2\/product_brand?post=18514"},{"taxonomy":"product_cat","embeddable":true,"href":"https:\/\/koningdrone.be\/de\/wp-json\/wp\/v2\/product_cat?post=18514"},{"taxonomy":"product_tag","embeddable":true,"href":"https:\/\/koningdrone.be\/de\/wp-json\/wp\/v2\/product_tag?post=18514"}],"curies":[{"name":"wp","href":"https:\/\/api.w.org\/{rel}","templated":true}]}}