{"id":18454,"date":"2026-04-06T18:54:21","date_gmt":"2026-04-06T16:54:21","guid":{"rendered":"https:\/\/koningdrone.be\/?post_type=product&#038;p=18454"},"modified":"2026-04-29T04:10:19","modified_gmt":"2026-04-29T02:10:19","slug":"dji-osmo-360-dji-care-refresh-card-1-year-plan","status":"publish","type":"product","link":"https:\/\/koningdrone.be\/de\/produkt\/dji-osmo-360-dji-care-refresh-card-1-year-plan\/","title":{"rendered":"DJI Osmo 360 - DJI Care Refresh Card - 1-Jahres-Plan"},"content":{"rendered":"<h3>DJI Osmo 360 - DJI Care Refresh Card - 1-Jahres-Plan<\/h3>\n<p>Der DJI Care Refresh 1-Jahres-Plan ist der erste Schutzservice f\u00fcr den DJI Osmo 360, DJIs revolution\u00e4re 8K-Panoramakamera. Diese digitale Aktivierungskarte bietet 12 Monate lang Schutz f\u00fcr die fortschrittlichen dualen 1-Zoll-Sensoren der Osmo 360. Sie ist ein unverzichtbares Sicherheitsnetz f\u00fcr eine Kamera, die f\u00fcr Allround-Aufnahmen entwickelt wurde, sodass Ihre kreativen Projekte nicht durch unvorhergesehene Sch\u00e4den unterbrochen werden.<\/p>\n<h4>Leistung und Funktionalit\u00e4t<\/h4>\n<p>Dieser Plan bietet bis zu zwei Ersatzger\u00e4te innerhalb eines Jahres zu einer festen, niedrigen Geb\u00fchr. Er deckt verschiedene Sch\u00e4den ab, darunter Kollisions- und Wassersch\u00e4den - wichtig f\u00fcr ein Ger\u00e4t, das oft in schwierigen Au\u00dfenumgebungen eingesetzt wird. Dank DJI Care Express k\u00f6nnen Sie die standardm\u00e4\u00dfige Schadensbeurteilung \u00fcberspringen. DJI schickt Ihnen sofort ein Ersatzger\u00e4t, sobald die defekte Kamera bei DJI eintrifft, so dass Sie in k\u00fcrzester Zeit wieder filmen k\u00f6nnen.<\/p>\n<p><a href=\"https:\/\/koningdrone.nl\/wp-content\/uploads\/2026\/04\/DJI-Osmo-360-DJI-Care-Refresh-Card.jpg\"><img loading=\"lazy\" decoding=\"async\" class=\"size-medium wp-image-471883 aligncenter\" src=\"https:\/\/koningdrone.nl\/wp-content\/uploads\/2026\/04\/DJI-Osmo-360-DJI-Care-Refresh-Card-300x300.jpg\" alt=\"DJI Osmo 360 - DJI Care Refresh Card\" width=\"300\" height=\"300\" \/><\/a><\/p>\n<h4>Verarbeitungsqualit\u00e4t und Design<\/h4>\n<p>Obwohl es sich um ein virtuelles Produkt (Aktivierungscode) handelt, bietet es physische Sicherheit f\u00fcr die empfindliche Optik Ihrer Kamera. Der Code muss innerhalb von 30 Tagen nach der ersten Aktivierung des Osmo 360 verkn\u00fcpft werden. Der Plan beinhaltet den kostenlosen Versand in beide Richtungen, d. h. DJI \u00fcbernimmt alle Logistikkosten. Dar\u00fcber hinaus bietet der Global Service Zugang zum Austausch oder zur Reparatur in jedem autorisierten DJI-Servicezentrum weltweit.<\/p>\n<h4>Warum Sie es brauchen<\/h4>\n<p>Der Osmo 360 ist mit zwei Fischaugenobjektiven ausgestattet, die w\u00e4hrend der Verwendung immer leicht belichtet sind. Egal, ob Sie den unsichtbaren Selfie-Stick f\u00fcr Aufnahmen aus der dritten Person verwenden oder im 8K-SuperNight-Modus filmen, ein Unfall liegt in einer kleinen Ecke. DJI Care Refresh bietet eine offizielle Garantie und gibt Ihnen exklusiven Zugang zu technischen Experten, damit Sie sich voll und ganz auf Ihre Aufnahmen statt auf Reparaturkosten konzentrieren k\u00f6nnen.<\/p>","protected":false},"excerpt":{"rendered":"<ul>\n<li>Bis zu 2 vorteilhafte Ersatzbeschaffungen innerhalb eines Jahres.<\/li>\n<li>Voller Versicherungsschutz f\u00fcr Sturz-, Kollisions- und Wassersch\u00e4den.<\/li>\n<li>DJI Care Express f\u00fcr eine beschleunigte Abwicklung ohne Wartezeit bei der Inspektion.<\/li>\n<li>Inklusive kostenlosem Versand (Hin- und R\u00fcckfahrt) f\u00fcr alle Serviceanfragen.<\/li>\n<li>Weltweiter Service und offizielle DJI-Garantie.<\/li>\n<\/ul>","protected":false},"featured_media":18455,"template":"","meta":{"_acf_changed":false},"product_brand":[],"product_cat":[175,1819],"product_tag":[],"class_list":{"0":"post-18454","1":"product","2":"type-product","3":"status-publish","4":"has-post-thumbnail","6":"product_cat-alle-care-refresh","7":"product_cat-dji-osmo-360","8":"product_shipping_class-acsystemsall","9":"pa_brand-dji","10":"pa_producttype-serviceplan","11":"pa_series-osmo","13":"first","14":"instock","15":"taxable","16":"shipping-taxable","17":"purchasable","18":"product-type-simple"},"acf":[],"yoast_head":"<!-- This site is optimized with the Yoast SEO Premium plugin v27.2 (Yoast SEO v27.2) - https:\/\/yoast.com\/product\/yoast-seo-premium-wordpress\/ -->\n<title>DJI Osmo 360 - DJI Care Refresh Card - 1-Year Plan - koningdrone.be<\/title>\n<meta name=\"robots\" content=\"index, follow, max-snippet:-1, max-image-preview:large, max-video-preview:-1\" \/>\n<link rel=\"canonical\" href=\"https:\/\/koningdrone.be\/de\/produkt\/dji-osmo-360-dji-care-refresh-card-1-year-plan\/\" \/>\n<meta property=\"og:locale\" content=\"de_DE\" \/>\n<meta property=\"og:type\" content=\"article\" \/>\n<meta property=\"og:title\" content=\"DJI Osmo 360 - DJI Care Refresh Card - 1-Year Plan\" \/>\n<meta property=\"og:description\" content=\"Tot 2 voordelige vervangingen binnen een periode van \u00e9\u00e9n jaar.  Volledige dekking voor valschade, botsingen en waterschade.  DJI Care Express voor een versnelde afhandeling zonder inspectiewachttijd.  Inclusief gratis verzending (heen en terug) voor alle service-aanvragen.  Wereldwijde service en offici\u00eble DJI-garantie gedurende de hele looptijd.\" \/>\n<meta property=\"og:url\" content=\"https:\/\/koningdrone.be\/de\/produkt\/dji-osmo-360-dji-care-refresh-card-1-year-plan\/\" \/>\n<meta property=\"og:site_name\" content=\"koningdrone.be\" \/>\n<meta property=\"article:modified_time\" content=\"2026-04-29T02:10:19+00:00\" \/>\n<meta property=\"og:image\" content=\"https:\/\/koningdrone.be\/wp-content\/uploads\/sites\/13\/2026\/04\/DJI-Osmo-360-DJI-Care-Refresh-Card.jpg\" \/>\n\t<meta property=\"og:image:width\" content=\"2560\" \/>\n\t<meta property=\"og:image:height\" content=\"2560\" \/>\n\t<meta property=\"og:image:type\" content=\"image\/jpeg\" \/>\n<meta name=\"twitter:card\" content=\"summary_large_image\" \/>\n<meta name=\"twitter:label1\" content=\"Gesch\u00e4tzte Lesezeit\" \/>\n\t<meta name=\"twitter:data1\" content=\"1\u00a0Minute\" \/>\n<script type=\"application\/ld+json\" class=\"yoast-schema-graph\">{\"@context\":\"https:\/\/schema.org\",\"@graph\":[{\"@type\":\"WebPage\",\"@id\":\"https:\/\/koningdrone.be\/product\/dji-osmo-360-dji-care-refresh-card-1-year-plan\/\",\"url\":\"https:\/\/koningdrone.be\/product\/dji-osmo-360-dji-care-refresh-card-1-year-plan\/\",\"name\":\"DJI Osmo 360 - DJI Care Refresh Card - 1-Year Plan - koningdrone.be\",\"isPartOf\":{\"@id\":\"https:\/\/koningdrone.be\/#website\"},\"primaryImageOfPage\":{\"@id\":\"https:\/\/koningdrone.be\/product\/dji-osmo-360-dji-care-refresh-card-1-year-plan\/#primaryimage\"},\"image\":{\"@id\":\"https:\/\/koningdrone.be\/product\/dji-osmo-360-dji-care-refresh-card-1-year-plan\/#primaryimage\"},\"thumbnailUrl\":\"https:\/\/koningdrone.be\/wp-content\/uploads\/sites\/13\/2026\/04\/DJI-Osmo-360-DJI-Care-Refresh-Card.jpg\",\"datePublished\":\"2026-04-06T16:54:21+00:00\",\"dateModified\":\"2026-04-29T02:10:19+00:00\",\"breadcrumb\":{\"@id\":\"https:\/\/koningdrone.be\/product\/dji-osmo-360-dji-care-refresh-card-1-year-plan\/#breadcrumb\"},\"inLanguage\":\"de\",\"potentialAction\":[{\"@type\":\"ReadAction\",\"target\":[\"https:\/\/koningdrone.be\/product\/dji-osmo-360-dji-care-refresh-card-1-year-plan\/\"]}]},{\"@type\":\"ImageObject\",\"inLanguage\":\"de\",\"@id\":\"https:\/\/koningdrone.be\/product\/dji-osmo-360-dji-care-refresh-card-1-year-plan\/#primaryimage\",\"url\":\"https:\/\/koningdrone.be\/wp-content\/uploads\/sites\/13\/2026\/04\/DJI-Osmo-360-DJI-Care-Refresh-Card.jpg\",\"contentUrl\":\"https:\/\/koningdrone.be\/wp-content\/uploads\/sites\/13\/2026\/04\/DJI-Osmo-360-DJI-Care-Refresh-Card.jpg\",\"width\":2560,\"height\":2560},{\"@type\":\"BreadcrumbList\",\"@id\":\"https:\/\/koningdrone.be\/product\/dji-osmo-360-dji-care-refresh-card-1-year-plan\/#breadcrumb\",\"itemListElement\":[{\"@type\":\"ListItem\",\"position\":1,\"name\":\"Home\",\"item\":\"https:\/\/koningdrone.be\/\"},{\"@type\":\"ListItem\",\"position\":2,\"name\":\"AVSS Parachute Recovery System for DJI Matrice 300\/350\",\"item\":\"https:\/\/koningdrone.be\/product\/avss-parachute-recovery-system-for-dji-matrice-300-350\/\"},{\"@type\":\"ListItem\",\"position\":3,\"name\":\"Alle care refresh\",\"item\":\"https:\/\/koningdrone.be\/categorie\/alle-care-refresh\/\"},{\"@type\":\"ListItem\",\"position\":4,\"name\":\"DJI Osmo 360 &#8211; DJI Care Refresh Card &#8211; 1-Year Plan\"}]},{\"@type\":\"WebSite\",\"@id\":\"https:\/\/koningdrone.be\/#website\",\"url\":\"https:\/\/koningdrone.be\/\",\"name\":\"Koningdrone.be - Uw online specialist in drones, gimbals, camera's en power stations.\",\"description\":\"De webshop in drones en gimbals\",\"publisher\":{\"@id\":\"https:\/\/koningdrone.be\/#organization\"},\"potentialAction\":[{\"@type\":\"SearchAction\",\"target\":{\"@type\":\"EntryPoint\",\"urlTemplate\":\"https:\/\/koningdrone.be\/?s={search_term_string}\"},\"query-input\":{\"@type\":\"PropertyValueSpecification\",\"valueRequired\":true,\"valueName\":\"search_term_string\"}}],\"inLanguage\":\"de\"},{\"@type\":\"Organization\",\"@id\":\"https:\/\/koningdrone.be\/#organization\",\"name\":\"Koningdrone.be\",\"url\":\"https:\/\/koningdrone.be\/\",\"logo\":{\"@type\":\"ImageObject\",\"inLanguage\":\"de\",\"@id\":\"https:\/\/koningdrone.be\/#\/schema\/logo\/image\/\",\"url\":\"https:\/\/koningdrone.be\/wp-content\/uploads\/sites\/13\/2025\/04\/koningdrone-copyright-logo.svg\",\"contentUrl\":\"https:\/\/koningdrone.be\/wp-content\/uploads\/sites\/13\/2025\/04\/koningdrone-copyright-logo.svg\",\"width\":227,\"height\":38,\"caption\":\"Koningdrone.be\"},\"image\":{\"@id\":\"https:\/\/koningdrone.be\/#\/schema\/logo\/image\/\"}}]}<\/script>\n<!-- \/ Yoast SEO Premium plugin. -->","yoast_head_json":{"title":"DJI Osmo 360 - DJI Care Refresh Card - 1-Year Plan - koningdrone.be","robots":{"index":"index","follow":"follow","max-snippet":"max-snippet:-1","max-image-preview":"max-image-preview:large","max-video-preview":"max-video-preview:-1"},"canonical":"https:\/\/koningdrone.be\/de\/produkt\/dji-osmo-360-dji-care-refresh-card-1-year-plan\/","og_locale":"de_DE","og_type":"article","og_title":"DJI Osmo 360 - DJI Care Refresh Card - 1-Year Plan","og_description":"Tot 2 voordelige vervangingen binnen een periode van \u00e9\u00e9n jaar.  Volledige dekking voor valschade, botsingen en waterschade.  DJI Care Express voor een versnelde afhandeling zonder inspectiewachttijd.  Inclusief gratis verzending (heen en terug) voor alle service-aanvragen.  Wereldwijde service en offici\u00eble DJI-garantie gedurende de hele looptijd.","og_url":"https:\/\/koningdrone.be\/de\/produkt\/dji-osmo-360-dji-care-refresh-card-1-year-plan\/","og_site_name":"koningdrone.be","article_modified_time":"2026-04-29T02:10:19+00:00","og_image":[{"width":2560,"height":2560,"url":"https:\/\/koningdrone.be\/wp-content\/uploads\/sites\/13\/2026\/04\/DJI-Osmo-360-DJI-Care-Refresh-Card.jpg","type":"image\/jpeg"}],"twitter_card":"summary_large_image","twitter_misc":{"Gesch\u00e4tzte Lesezeit":"1\u00a0Minute"},"schema":{"@context":"https:\/\/schema.org","@graph":[{"@type":"WebPage","@id":"https:\/\/koningdrone.be\/product\/dji-osmo-360-dji-care-refresh-card-1-year-plan\/","url":"https:\/\/koningdrone.be\/product\/dji-osmo-360-dji-care-refresh-card-1-year-plan\/","name":"DJI Osmo 360 - DJI Care Refresh Card - 1-Year Plan - koningdrone.be","isPartOf":{"@id":"https:\/\/koningdrone.be\/#website"},"primaryImageOfPage":{"@id":"https:\/\/koningdrone.be\/product\/dji-osmo-360-dji-care-refresh-card-1-year-plan\/#primaryimage"},"image":{"@id":"https:\/\/koningdrone.be\/product\/dji-osmo-360-dji-care-refresh-card-1-year-plan\/#primaryimage"},"thumbnailUrl":"https:\/\/koningdrone.be\/wp-content\/uploads\/sites\/13\/2026\/04\/DJI-Osmo-360-DJI-Care-Refresh-Card.jpg","datePublished":"2026-04-06T16:54:21+00:00","dateModified":"2026-04-29T02:10:19+00:00","breadcrumb":{"@id":"https:\/\/koningdrone.be\/product\/dji-osmo-360-dji-care-refresh-card-1-year-plan\/#breadcrumb"},"inLanguage":"de","potentialAction":[{"@type":"ReadAction","target":["https:\/\/koningdrone.be\/product\/dji-osmo-360-dji-care-refresh-card-1-year-plan\/"]}]},{"@type":"ImageObject","inLanguage":"de","@id":"https:\/\/koningdrone.be\/product\/dji-osmo-360-dji-care-refresh-card-1-year-plan\/#primaryimage","url":"https:\/\/koningdrone.be\/wp-content\/uploads\/sites\/13\/2026\/04\/DJI-Osmo-360-DJI-Care-Refresh-Card.jpg","contentUrl":"https:\/\/koningdrone.be\/wp-content\/uploads\/sites\/13\/2026\/04\/DJI-Osmo-360-DJI-Care-Refresh-Card.jpg","width":2560,"height":2560},{"@type":"BreadcrumbList","@id":"https:\/\/koningdrone.be\/product\/dji-osmo-360-dji-care-refresh-card-1-year-plan\/#breadcrumb","itemListElement":[{"@type":"ListItem","position":1,"name":"Home","item":"https:\/\/koningdrone.be\/"},{"@type":"ListItem","position":2,"name":"AVSS Parachute Recovery System for DJI Matrice 300\/350","item":"https:\/\/koningdrone.be\/product\/avss-parachute-recovery-system-for-dji-matrice-300-350\/"},{"@type":"ListItem","position":3,"name":"Alle care refresh","item":"https:\/\/koningdrone.be\/categorie\/alle-care-refresh\/"},{"@type":"ListItem","position":4,"name":"DJI Osmo 360 &#8211; DJI Care Refresh Card &#8211; 1-Year Plan"}]},{"@type":"WebSite","@id":"https:\/\/koningdrone.be\/#website","url":"https:\/\/koningdrone.be\/","name":"Koningdrone.be - Ihr Online-Spezialist f\u00fcr Drohnen, Gimbals, Kameras und Kraftwerke.","description":"Der Webshop f\u00fcr Drohnen und Gimbals","publisher":{"@id":"https:\/\/koningdrone.be\/#organization"},"potentialAction":[{"@type":"SearchAction","target":{"@type":"EntryPoint","urlTemplate":"https:\/\/koningdrone.be\/?s={search_term_string}"},"query-input":{"@type":"PropertyValueSpecification","valueRequired":true,"valueName":"search_term_string"}}],"inLanguage":"de"},{"@type":"Organization","@id":"https:\/\/koningdrone.be\/#organization","name":"Kingdrone.de","url":"https:\/\/koningdrone.be\/","logo":{"@type":"ImageObject","inLanguage":"de","@id":"https:\/\/koningdrone.be\/#\/schema\/logo\/image\/","url":"https:\/\/koningdrone.be\/wp-content\/uploads\/sites\/13\/2025\/04\/koningdrone-copyright-logo.svg","contentUrl":"https:\/\/koningdrone.be\/wp-content\/uploads\/sites\/13\/2025\/04\/koningdrone-copyright-logo.svg","width":227,"height":38,"caption":"Koningdrone.be"},"image":{"@id":"https:\/\/koningdrone.be\/#\/schema\/logo\/image\/"}}]}},"df_price":35,"df_sale_price":"","df_regular_price":35,"df_image_link":"https:\/\/koningdrone.be\/wp-content\/uploads\/sites\/13\/2026\/04\/DJI-Osmo-360-DJI-Care-Refresh-Card-300x300.jpg","_links":{"self":[{"href":"https:\/\/koningdrone.be\/de\/wp-json\/wp\/v2\/product\/18454","targetHints":{"allow":["GET"]}}],"collection":[{"href":"https:\/\/koningdrone.be\/de\/wp-json\/wp\/v2\/product"}],"about":[{"href":"https:\/\/koningdrone.be\/de\/wp-json\/wp\/v2\/types\/product"}],"wp:featuredmedia":[{"embeddable":true,"href":"https:\/\/koningdrone.be\/de\/wp-json\/wp\/v2\/media\/18455"}],"wp:attachment":[{"href":"https:\/\/koningdrone.be\/de\/wp-json\/wp\/v2\/media?parent=18454"}],"wp:term":[{"taxonomy":"product_brand","embeddable":true,"href":"https:\/\/koningdrone.be\/de\/wp-json\/wp\/v2\/product_brand?post=18454"},{"taxonomy":"product_cat","embeddable":true,"href":"https:\/\/koningdrone.be\/de\/wp-json\/wp\/v2\/product_cat?post=18454"},{"taxonomy":"product_tag","embeddable":true,"href":"https:\/\/koningdrone.be\/de\/wp-json\/wp\/v2\/product_tag?post=18454"}],"curies":[{"name":"wp","href":"https:\/\/api.w.org\/{rel}","templated":true}]}}