{"id":18424,"date":"2026-04-06T18:52:25","date_gmt":"2026-04-06T16:52:25","guid":{"rendered":"https:\/\/koningdrone.be\/?post_type=product&#038;p=18424"},"modified":"2026-04-29T15:20:04","modified_gmt":"2026-04-29T13:20:04","slug":"dji-mini-5-pro-dji-care-refresh-2-year-plan-card","status":"publish","type":"product","link":"https:\/\/koningdrone.be\/de\/produkt\/dji-mini-5-pro-dji-care-refresh-2-year-plan-card\/","title":{"rendered":"DJI Mini 5 Pro - DJI Care Refresh - 2-Jahres-Plan-Karte"},"content":{"rendered":"<h3>DJI Mini 5 Pro - DJI Care Refresh - 2-Jahres-Plan-Karte<\/h3>\n<p>Der DJI Care Refresh 2-Jahres-Plan ist das umfassendste Schutzpaket f\u00fcr den DJI Mini 5 Pro. Dieser Plan bietet eine 24-monatige Abdeckung, die sicherstellt, dass Ihre leichte Drohne w\u00e4hrend all Ihrer Fl\u00fcge vor unvorhergesehenen Sch\u00e4den gesch\u00fctzt ist. Es handelt sich um ein digitales Produkt, das \u00fcber einen Aktivierungscode ausgeliefert wird und die langfristige Sicherheit Ihrer Investition gew\u00e4hrleistet.<\/p>\n<h4>Leistung und Funktionalit\u00e4t<\/h4>\n<p>Dieser 2-Jahres-Tarif bietet bis zu vier Ersatzger\u00e4te innerhalb von zwei Jahren, einschlie\u00dflich Deckung f\u00fcr Kollisionen, Wassersch\u00e4den und nat\u00fcrliche Abnutzung. Ein gro\u00dfer Vorteil ist die Flyaway-Deckung (bis zu zweimal), die es Ihnen erm\u00f6glicht, die Drohne zu ersetzen, selbst wenn sie verloren geht. Dar\u00fcber hinaus beinhaltet der Tarif eine Verl\u00e4ngerung der offiziellen Garantie, sodass Ihre Drohne f\u00fcr die vollen zwei Jahre gegen Herstellungsfehler gesch\u00fctzt ist.<\/p>\n<p><a href=\"https:\/\/koningdrone.nl\/wp-content\/uploads\/2026\/04\/DJI-Mini-5-Pro-DJI-Care-Refresh-Plan-Card.jpg\"><img loading=\"lazy\" decoding=\"async\" class=\"size-medium wp-image-471805 aligncenter\" src=\"https:\/\/koningdrone.nl\/wp-content\/uploads\/2026\/04\/DJI-Mini-5-Pro-DJI-Care-Refresh-Plan-Card-300x300.jpg\" alt=\"DJI Mini 5 Pro - DJI Care Refresh - Plan Card\" width=\"300\" height=\"300\" \/><\/a><\/p>\n<h4>Verarbeitungsqualit\u00e4t und Design<\/h4>\n<p>Da es sich um einen virtuellen Service handelt, ist keine physische Hardware vorhanden. Der Plan bietet jedoch Zugang zum DJI Care Express Service, der sicherstellt, dass Ihre Ersatzanforderung mit Priorit\u00e4t behandelt wird. Ersatzger\u00e4te sind garantiert fabrikneu oder gleichwertig in der Leistung. Dar\u00fcber hinaus \u00fcbernimmt DJI die vollen Versandkosten (Hin- und R\u00fcckfahrt) f\u00fcr alle Serviceanfragen innerhalb der Region.<\/p>\n<h4>Warum Sie es brauchen<\/h4>\n<p>F\u00fcr Piloten, die maximale Sicherheit f\u00fcr ihr Mini 5 Pro w\u00fcnschen, ist der 2-Jahres-Plan die beste Wahl. Er vermeidet hohe Reparaturkosten und bietet ein gr\u00f6\u00dferes Kontingent f\u00fcr Ersatzger\u00e4te als der 1-Jahres-Plan. Ob Signalverlust, Absturz oder Wasserschaden, dieser Serviceplan sorgt daf\u00fcr, dass Sie schnell und ohne gro\u00dfe finanzielle R\u00fcckschl\u00e4ge wieder sicher in der Luft sind.<\/p>","protected":false},"excerpt":{"rendered":"<ul>\n<li>Bietet bis zu 4 kosteng\u00fcnstige Ersatzbeschaffungen \u00fcber einen Zeitraum von zwei Jahren.<\/li>\n<li>Beinhaltet bis zu 2 Flyaway-Ersatzflugzeuge im Falle eines Verlusts des Flugzeugs.<\/li>\n<li>Verl\u00e4ngert die offizielle Herstellergarantie auf den vollen Zeitraum von 24 Monaten.<\/li>\n<li>Nutzung von DJI Care Express f\u00fcr vorrangigen Austausch und minimale Ausfallzeiten.<\/li>\n<li>Kostenloser Versand in beide Richtungen f\u00fcr alle abgedeckten Serviceanfragen.<\/li>\n<\/ul>","protected":false},"featured_media":18420,"template":"","meta":{"_acf_changed":false},"product_brand":[],"product_cat":[175,1698],"product_tag":[],"class_list":{"0":"post-18424","1":"product","2":"type-product","3":"status-publish","4":"has-post-thumbnail","6":"product_cat-alle-care-refresh","7":"product_cat-dji-mini-5-pro","8":"product_shipping_class-outofstock","9":"pa_brand-dji","10":"pa_producttype-serviceplan","11":"pa_series-mini","13":"first","14":"outofstock","15":"taxable","16":"shipping-taxable","17":"purchasable","18":"product-type-simple"},"acf":[],"yoast_head":"<!-- This site is optimized with the Yoast SEO Premium plugin v27.2 (Yoast SEO v27.2) - https:\/\/yoast.com\/product\/yoast-seo-premium-wordpress\/ -->\n<title>DJI Mini 5 Pro - DJI Care Refresh - 2-Year Plan Card - koningdrone.be<\/title>\n<meta name=\"robots\" content=\"index, follow, max-snippet:-1, max-image-preview:large, max-video-preview:-1\" \/>\n<link rel=\"canonical\" href=\"https:\/\/koningdrone.be\/de\/produkt\/dji-mini-5-pro-dji-care-refresh-2-year-plan-card\/\" \/>\n<meta property=\"og:locale\" content=\"de_DE\" \/>\n<meta property=\"og:type\" content=\"article\" \/>\n<meta property=\"og:title\" content=\"DJI Mini 5 Pro - DJI Care Refresh - 2-Year Plan Card\" \/>\n<meta property=\"og:description\" content=\"Biedt tot 4 voordelige vervangingen verspreid over een periode van twee jaar.  Inclusief maximaal 2 Flyaway-vervangingen bij verlies van het toestel.  Verlengt de offici\u00eble fabrieksgarantie naar de volledige periode van 24 maanden.  Gebruik van DJI Care Express voor prioriteit bij vervanging en minimale downtime.  Gratis verzending in beide richtingen voor alle gedekte service-aanvragen.\" \/>\n<meta property=\"og:url\" content=\"https:\/\/koningdrone.be\/de\/produkt\/dji-mini-5-pro-dji-care-refresh-2-year-plan-card\/\" \/>\n<meta property=\"og:site_name\" content=\"koningdrone.be\" \/>\n<meta property=\"article:modified_time\" content=\"2026-04-29T13:20:04+00:00\" \/>\n<meta property=\"og:image\" content=\"https:\/\/koningdrone.be\/wp-content\/uploads\/sites\/13\/2026\/04\/DJI-Mini-5-Pro-DJI-Care-Refresh-Plan-Card.jpg\" \/>\n\t<meta property=\"og:image:width\" content=\"2560\" \/>\n\t<meta property=\"og:image:height\" content=\"2560\" \/>\n\t<meta property=\"og:image:type\" content=\"image\/jpeg\" \/>\n<meta name=\"twitter:card\" content=\"summary_large_image\" \/>\n<meta name=\"twitter:label1\" content=\"Gesch\u00e4tzte Lesezeit\" \/>\n\t<meta name=\"twitter:data1\" content=\"1\u00a0Minute\" \/>\n<script type=\"application\/ld+json\" class=\"yoast-schema-graph\">{\"@context\":\"https:\/\/schema.org\",\"@graph\":[{\"@type\":\"WebPage\",\"@id\":\"https:\/\/koningdrone.be\/product\/dji-mini-5-pro-dji-care-refresh-2-year-plan-card\/\",\"url\":\"https:\/\/koningdrone.be\/product\/dji-mini-5-pro-dji-care-refresh-2-year-plan-card\/\",\"name\":\"DJI Mini 5 Pro - DJI Care Refresh - 2-Year Plan Card - koningdrone.be\",\"isPartOf\":{\"@id\":\"https:\/\/koningdrone.be\/#website\"},\"primaryImageOfPage\":{\"@id\":\"https:\/\/koningdrone.be\/product\/dji-mini-5-pro-dji-care-refresh-2-year-plan-card\/#primaryimage\"},\"image\":{\"@id\":\"https:\/\/koningdrone.be\/product\/dji-mini-5-pro-dji-care-refresh-2-year-plan-card\/#primaryimage\"},\"thumbnailUrl\":\"https:\/\/koningdrone.be\/wp-content\/uploads\/sites\/13\/2026\/04\/DJI-Mini-5-Pro-DJI-Care-Refresh-Plan-Card.jpg\",\"datePublished\":\"2026-04-06T16:52:25+00:00\",\"dateModified\":\"2026-04-29T13:20:04+00:00\",\"breadcrumb\":{\"@id\":\"https:\/\/koningdrone.be\/product\/dji-mini-5-pro-dji-care-refresh-2-year-plan-card\/#breadcrumb\"},\"inLanguage\":\"de\",\"potentialAction\":[{\"@type\":\"ReadAction\",\"target\":[\"https:\/\/koningdrone.be\/product\/dji-mini-5-pro-dji-care-refresh-2-year-plan-card\/\"]}]},{\"@type\":\"ImageObject\",\"inLanguage\":\"de\",\"@id\":\"https:\/\/koningdrone.be\/product\/dji-mini-5-pro-dji-care-refresh-2-year-plan-card\/#primaryimage\",\"url\":\"https:\/\/koningdrone.be\/wp-content\/uploads\/sites\/13\/2026\/04\/DJI-Mini-5-Pro-DJI-Care-Refresh-Plan-Card.jpg\",\"contentUrl\":\"https:\/\/koningdrone.be\/wp-content\/uploads\/sites\/13\/2026\/04\/DJI-Mini-5-Pro-DJI-Care-Refresh-Plan-Card.jpg\",\"width\":2560,\"height\":2560},{\"@type\":\"BreadcrumbList\",\"@id\":\"https:\/\/koningdrone.be\/product\/dji-mini-5-pro-dji-care-refresh-2-year-plan-card\/#breadcrumb\",\"itemListElement\":[{\"@type\":\"ListItem\",\"position\":1,\"name\":\"Home\",\"item\":\"https:\/\/koningdrone.be\/\"},{\"@type\":\"ListItem\",\"position\":2,\"name\":\"AVSS Parachute Recovery System for DJI Matrice 300\/350\",\"item\":\"https:\/\/koningdrone.be\/product\/avss-parachute-recovery-system-for-dji-matrice-300-350\/\"},{\"@type\":\"ListItem\",\"position\":3,\"name\":\"Alle care refresh\",\"item\":\"https:\/\/koningdrone.be\/categorie\/alle-care-refresh\/\"},{\"@type\":\"ListItem\",\"position\":4,\"name\":\"DJI Mini 5 Pro &#8211; DJI Care Refresh &#8211; 2-Year Plan Card\"}]},{\"@type\":\"WebSite\",\"@id\":\"https:\/\/koningdrone.be\/#website\",\"url\":\"https:\/\/koningdrone.be\/\",\"name\":\"Koningdrone.be - Uw online specialist in drones, gimbals, camera's en power stations.\",\"description\":\"De webshop in drones en gimbals\",\"publisher\":{\"@id\":\"https:\/\/koningdrone.be\/#organization\"},\"potentialAction\":[{\"@type\":\"SearchAction\",\"target\":{\"@type\":\"EntryPoint\",\"urlTemplate\":\"https:\/\/koningdrone.be\/?s={search_term_string}\"},\"query-input\":{\"@type\":\"PropertyValueSpecification\",\"valueRequired\":true,\"valueName\":\"search_term_string\"}}],\"inLanguage\":\"de\"},{\"@type\":\"Organization\",\"@id\":\"https:\/\/koningdrone.be\/#organization\",\"name\":\"Koningdrone.be\",\"url\":\"https:\/\/koningdrone.be\/\",\"logo\":{\"@type\":\"ImageObject\",\"inLanguage\":\"de\",\"@id\":\"https:\/\/koningdrone.be\/#\/schema\/logo\/image\/\",\"url\":\"https:\/\/koningdrone.be\/wp-content\/uploads\/sites\/13\/2025\/04\/koningdrone-copyright-logo.svg\",\"contentUrl\":\"https:\/\/koningdrone.be\/wp-content\/uploads\/sites\/13\/2025\/04\/koningdrone-copyright-logo.svg\",\"width\":227,\"height\":38,\"caption\":\"Koningdrone.be\"},\"image\":{\"@id\":\"https:\/\/koningdrone.be\/#\/schema\/logo\/image\/\"}}]}<\/script>\n<!-- \/ Yoast SEO Premium plugin. -->","yoast_head_json":{"title":"DJI Mini 5 Pro - DJI Care Refresh - 2-Year Plan Card - koningdrone.be","robots":{"index":"index","follow":"follow","max-snippet":"max-snippet:-1","max-image-preview":"max-image-preview:large","max-video-preview":"max-video-preview:-1"},"canonical":"https:\/\/koningdrone.be\/de\/produkt\/dji-mini-5-pro-dji-care-refresh-2-year-plan-card\/","og_locale":"de_DE","og_type":"article","og_title":"DJI Mini 5 Pro - DJI Care Refresh - 2-Year Plan Card","og_description":"Biedt tot 4 voordelige vervangingen verspreid over een periode van twee jaar.  Inclusief maximaal 2 Flyaway-vervangingen bij verlies van het toestel.  Verlengt de offici\u00eble fabrieksgarantie naar de volledige periode van 24 maanden.  Gebruik van DJI Care Express voor prioriteit bij vervanging en minimale downtime.  Gratis verzending in beide richtingen voor alle gedekte service-aanvragen.","og_url":"https:\/\/koningdrone.be\/de\/produkt\/dji-mini-5-pro-dji-care-refresh-2-year-plan-card\/","og_site_name":"koningdrone.be","article_modified_time":"2026-04-29T13:20:04+00:00","og_image":[{"width":2560,"height":2560,"url":"https:\/\/koningdrone.be\/wp-content\/uploads\/sites\/13\/2026\/04\/DJI-Mini-5-Pro-DJI-Care-Refresh-Plan-Card.jpg","type":"image\/jpeg"}],"twitter_card":"summary_large_image","twitter_misc":{"Gesch\u00e4tzte Lesezeit":"1\u00a0Minute"},"schema":{"@context":"https:\/\/schema.org","@graph":[{"@type":"WebPage","@id":"https:\/\/koningdrone.be\/product\/dji-mini-5-pro-dji-care-refresh-2-year-plan-card\/","url":"https:\/\/koningdrone.be\/product\/dji-mini-5-pro-dji-care-refresh-2-year-plan-card\/","name":"DJI Mini 5 Pro - DJI Care Refresh - 2-Year Plan Card - koningdrone.be","isPartOf":{"@id":"https:\/\/koningdrone.be\/#website"},"primaryImageOfPage":{"@id":"https:\/\/koningdrone.be\/product\/dji-mini-5-pro-dji-care-refresh-2-year-plan-card\/#primaryimage"},"image":{"@id":"https:\/\/koningdrone.be\/product\/dji-mini-5-pro-dji-care-refresh-2-year-plan-card\/#primaryimage"},"thumbnailUrl":"https:\/\/koningdrone.be\/wp-content\/uploads\/sites\/13\/2026\/04\/DJI-Mini-5-Pro-DJI-Care-Refresh-Plan-Card.jpg","datePublished":"2026-04-06T16:52:25+00:00","dateModified":"2026-04-29T13:20:04+00:00","breadcrumb":{"@id":"https:\/\/koningdrone.be\/product\/dji-mini-5-pro-dji-care-refresh-2-year-plan-card\/#breadcrumb"},"inLanguage":"de","potentialAction":[{"@type":"ReadAction","target":["https:\/\/koningdrone.be\/product\/dji-mini-5-pro-dji-care-refresh-2-year-plan-card\/"]}]},{"@type":"ImageObject","inLanguage":"de","@id":"https:\/\/koningdrone.be\/product\/dji-mini-5-pro-dji-care-refresh-2-year-plan-card\/#primaryimage","url":"https:\/\/koningdrone.be\/wp-content\/uploads\/sites\/13\/2026\/04\/DJI-Mini-5-Pro-DJI-Care-Refresh-Plan-Card.jpg","contentUrl":"https:\/\/koningdrone.be\/wp-content\/uploads\/sites\/13\/2026\/04\/DJI-Mini-5-Pro-DJI-Care-Refresh-Plan-Card.jpg","width":2560,"height":2560},{"@type":"BreadcrumbList","@id":"https:\/\/koningdrone.be\/product\/dji-mini-5-pro-dji-care-refresh-2-year-plan-card\/#breadcrumb","itemListElement":[{"@type":"ListItem","position":1,"name":"Home","item":"https:\/\/koningdrone.be\/"},{"@type":"ListItem","position":2,"name":"AVSS Parachute Recovery System for DJI Matrice 300\/350","item":"https:\/\/koningdrone.be\/product\/avss-parachute-recovery-system-for-dji-matrice-300-350\/"},{"@type":"ListItem","position":3,"name":"Alle care refresh","item":"https:\/\/koningdrone.be\/categorie\/alle-care-refresh\/"},{"@type":"ListItem","position":4,"name":"DJI Mini 5 Pro &#8211; DJI Care Refresh &#8211; 2-Year Plan Card"}]},{"@type":"WebSite","@id":"https:\/\/koningdrone.be\/#website","url":"https:\/\/koningdrone.be\/","name":"Koningdrone.be - Ihr Online-Spezialist f\u00fcr Drohnen, Gimbals, Kameras und Kraftwerke.","description":"Der Webshop f\u00fcr Drohnen und Gimbals","publisher":{"@id":"https:\/\/koningdrone.be\/#organization"},"potentialAction":[{"@type":"SearchAction","target":{"@type":"EntryPoint","urlTemplate":"https:\/\/koningdrone.be\/?s={search_term_string}"},"query-input":{"@type":"PropertyValueSpecification","valueRequired":true,"valueName":"search_term_string"}}],"inLanguage":"de"},{"@type":"Organization","@id":"https:\/\/koningdrone.be\/#organization","name":"Kingdrone.de","url":"https:\/\/koningdrone.be\/","logo":{"@type":"ImageObject","inLanguage":"de","@id":"https:\/\/koningdrone.be\/#\/schema\/logo\/image\/","url":"https:\/\/koningdrone.be\/wp-content\/uploads\/sites\/13\/2025\/04\/koningdrone-copyright-logo.svg","contentUrl":"https:\/\/koningdrone.be\/wp-content\/uploads\/sites\/13\/2025\/04\/koningdrone-copyright-logo.svg","width":227,"height":38,"caption":"Koningdrone.be"},"image":{"@id":"https:\/\/koningdrone.be\/#\/schema\/logo\/image\/"}}]}},"df_price":139,"df_sale_price":"","df_regular_price":139,"df_image_link":"https:\/\/koningdrone.be\/wp-content\/uploads\/sites\/13\/2026\/04\/DJI-Mini-5-Pro-DJI-Care-Refresh-Plan-Card-300x300.jpg","_links":{"self":[{"href":"https:\/\/koningdrone.be\/de\/wp-json\/wp\/v2\/product\/18424","targetHints":{"allow":["GET"]}}],"collection":[{"href":"https:\/\/koningdrone.be\/de\/wp-json\/wp\/v2\/product"}],"about":[{"href":"https:\/\/koningdrone.be\/de\/wp-json\/wp\/v2\/types\/product"}],"wp:featuredmedia":[{"embeddable":true,"href":"https:\/\/koningdrone.be\/de\/wp-json\/wp\/v2\/media\/18420"}],"wp:attachment":[{"href":"https:\/\/koningdrone.be\/de\/wp-json\/wp\/v2\/media?parent=18424"}],"wp:term":[{"taxonomy":"product_brand","embeddable":true,"href":"https:\/\/koningdrone.be\/de\/wp-json\/wp\/v2\/product_brand?post=18424"},{"taxonomy":"product_cat","embeddable":true,"href":"https:\/\/koningdrone.be\/de\/wp-json\/wp\/v2\/product_cat?post=18424"},{"taxonomy":"product_tag","embeddable":true,"href":"https:\/\/koningdrone.be\/de\/wp-json\/wp\/v2\/product_tag?post=18424"}],"curies":[{"name":"wp","href":"https:\/\/api.w.org\/{rel}","templated":true}]}}