{"id":18364,"date":"2026-04-06T08:51:35","date_gmt":"2026-04-06T06:51:35","guid":{"rendered":"https:\/\/koningdrone.be\/?post_type=product&#038;p=18364"},"modified":"2026-04-29T03:40:02","modified_gmt":"2026-04-29T01:40:02","slug":"dji-care-ent-basic-2-year-plan-l2","status":"publish","type":"product","link":"https:\/\/koningdrone.be\/de\/produkt\/dji-care-ent-basic-2-year-plan-l2\/","title":{"rendered":"DJI Care Ent. Basic 2-Jahres-Plan L2"},"content":{"rendered":"<h3>DJI Care Ent. Basic 2-Jahres-Plan L2<\/h3>\n<p>DJI Care Enterprise Basic 2-Year Plan L2 is een professioneel serviceplan dat speciaal is ontwikkeld voor de DJI Zenmuse L2 LiDAR payload. Dit digitale product biedt twee jaar essenti\u00eble bescherming en serviceondersteuning vanaf het moment dat de payload wordt geactiveerd. Het plan wordt automatisch gekoppeld aan het apparaat en zorgt voor een naadloze en betrouwbare dekking zonder extra installatie.<\/p>\n<p>Het is ideaal voor professionals in mapping, landmeting en infrastructuurinspectie die werken met hoogwaardige LiDAR-technologie en maximale betrouwbaarheid nodig hebben in hun dagelijkse operaties.<\/p>\n<h4>Leistung und Funktionalit\u00e4t<\/h4>\n<p>DJI Care Enterprise Basic (2-Year Plan) biedt uitgebreide dekking voor accidentele schade tijdens normaal gebruik, zoals crashes, waterschade en operationele fouten. Gedurende de looptijd van twee jaar zijn tot vier vervangingen mogelijk tegen een vaste servicekost per vervanging.<\/p>\n<p>Dit zorgt ervoor dat je snel weer operationeel bent na een incident, waardoor projectvertragingen worden geminimaliseerd en workflows effici\u00ebnt blijven. Het plan ondersteunt intensief gebruik en is ideaal voor commerci\u00eble toepassingen waarbij continu\u00efteit essentieel is.<\/p>\n<p>Daarnaast profiteer je van snelle serviceafhandeling via DJI Care Express en ondersteuning via offici\u00eble DJI servicekanalen, zodat stilstand tot een minimum wordt beperkt.<\/p>\n<p><a href=\"https:\/\/koningdrone.nl\/wp-content\/uploads\/2026\/04\/DJI-Care-Ent.-Basic-2-Year-Plan-L2-scaled.jpg\"><img loading=\"lazy\" decoding=\"async\" class=\"size-medium wp-image-471618 aligncenter\" src=\"https:\/\/koningdrone.nl\/wp-content\/uploads\/2026\/04\/DJI-Care-Ent.-Basic-2-Year-Plan-L2-300x200.jpg\" alt=\"DJI Care Ent. Basic 2-Year Plan L2\" width=\"300\" height=\"200\" \/><\/a><\/p>\n<h4>Verarbeitungsqualit\u00e4t und Design<\/h4>\n<p>Als digitaal serviceproduct is DJI Care Enterprise Basic volledig ge\u00efntegreerd binnen het DJI ecosysteem. De cloudgebaseerde registratie en automatische koppeling zorgen voor een gebruiksvriendelijke ervaring zonder fysieke installatie.<\/p>\n<p>Het plan is schaalbaar en geschikt voor zowel individuele operators als grotere professionele drone- en LiDAR-workflows die afhankelijk zijn van consistente prestaties en betrouwbaarheid.<\/p>\n<h4>Warum Sie es brauchen<\/h4>\n<p>Der DJI Care Enterprise Basic 2-Jahres-Plan L2 ist unverzichtbar f\u00fcr Profis, die ihre Zenmuse L2 Nutzlast vor unerwarteten Sch\u00e4den sch\u00fctzen m\u00f6chten. Er bietet langfristige Sicherheit, reduziert betriebliche Risiken und sorgt daf\u00fcr, dass Sie schnell und ohne Unterbrechungen zu Ihren Projekten zur\u00fcckkehren k\u00f6nnen.<\/p>","protected":false},"excerpt":{"rendered":"<ul>\n<li>Zwei Jahre erweiterter Schutz f\u00fcr die Zenmuse L2 LiDAR-Nutzlast<\/li>\n<li>Bis zu 4 Ersetzungen w\u00e4hrend der Laufzeit des Plans m\u00f6glich<\/li>\n<li>Schnelle Serviceabwicklung \u00fcber DJI Care Express<\/li>\n<li>Reduziert Ausfallzeiten und erh\u00f6ht die Kontinuit\u00e4t bei LiDAR-Projekten<\/li>\n<li>Erh\u00f6ht die Zuverl\u00e4ssigkeit bei intensivem professionellem Einsatz<\/li>\n<\/ul>","protected":false},"featured_media":18365,"template":"","meta":{"_acf_changed":false},"product_brand":[],"product_cat":[175,1879],"product_tag":[],"class_list":{"0":"post-18364","1":"product","2":"type-product","3":"status-publish","4":"has-post-thumbnail","6":"product_cat-alle-care-refresh","7":"product_cat-dji-zenmuse-l2","8":"product_shipping_class-uavspacesall","9":"pa_brand-dji","10":"pa_producttype-serviceplan","12":"first","13":"instock","14":"taxable","15":"shipping-taxable","16":"purchasable","17":"product-type-simple"},"acf":[],"yoast_head":"<!-- This site is optimized with the Yoast SEO Premium plugin v27.2 (Yoast SEO v27.2) - https:\/\/yoast.com\/product\/yoast-seo-premium-wordpress\/ -->\n<title>DJI Care Ent. Basic 2-Year Plan L2 - koningdrone.be<\/title>\n<meta name=\"robots\" content=\"index, follow, max-snippet:-1, max-image-preview:large, max-video-preview:-1\" \/>\n<link rel=\"canonical\" href=\"https:\/\/koningdrone.be\/de\/produkt\/dji-care-ent-basic-2-year-plan-l2\/\" \/>\n<meta property=\"og:locale\" content=\"de_DE\" \/>\n<meta property=\"og:type\" content=\"article\" \/>\n<meta property=\"og:title\" content=\"DJI Care Ent. Basic 2-Year Plan L2\" \/>\n<meta property=\"og:description\" content=\"Twee jaar uitgebreide bescherming voor de Zenmuse L2 LiDAR payload  Tot 4 vervangingen mogelijk binnen de looptijd van het plan  Snelle serviceafhandeling via DJI Care Express  Vermindert downtime en verhoogt continu\u00efteit bij LiDAR\u2011projecten  Verhoogt betrouwbaarheid tijdens intensief professioneel gebruik\" \/>\n<meta property=\"og:url\" content=\"https:\/\/koningdrone.be\/de\/produkt\/dji-care-ent-basic-2-year-plan-l2\/\" \/>\n<meta property=\"og:site_name\" content=\"koningdrone.be\" \/>\n<meta property=\"article:modified_time\" content=\"2026-04-29T01:40:02+00:00\" \/>\n<meta property=\"og:image\" content=\"https:\/\/koningdrone.be\/wp-content\/uploads\/sites\/13\/2026\/04\/DJI-Care-Ent.-Basic-2-Year-Plan-L2-scaled-1.jpg\" \/>\n\t<meta property=\"og:image:width\" content=\"2560\" \/>\n\t<meta property=\"og:image:height\" content=\"1707\" \/>\n\t<meta property=\"og:image:type\" content=\"image\/jpeg\" \/>\n<meta name=\"twitter:card\" content=\"summary_large_image\" \/>\n<meta name=\"twitter:label1\" content=\"Gesch\u00e4tzte Lesezeit\" \/>\n\t<meta name=\"twitter:data1\" content=\"1\u00a0Minute\" \/>\n<script type=\"application\/ld+json\" class=\"yoast-schema-graph\">{\"@context\":\"https:\/\/schema.org\",\"@graph\":[{\"@type\":\"WebPage\",\"@id\":\"https:\/\/koningdrone.be\/product\/dji-care-ent-basic-2-year-plan-l2\/\",\"url\":\"https:\/\/koningdrone.be\/product\/dji-care-ent-basic-2-year-plan-l2\/\",\"name\":\"DJI Care Ent. Basic 2-Year Plan L2 - koningdrone.be\",\"isPartOf\":{\"@id\":\"https:\/\/koningdrone.be\/#website\"},\"primaryImageOfPage\":{\"@id\":\"https:\/\/koningdrone.be\/product\/dji-care-ent-basic-2-year-plan-l2\/#primaryimage\"},\"image\":{\"@id\":\"https:\/\/koningdrone.be\/product\/dji-care-ent-basic-2-year-plan-l2\/#primaryimage\"},\"thumbnailUrl\":\"https:\/\/koningdrone.be\/wp-content\/uploads\/sites\/13\/2026\/04\/DJI-Care-Ent.-Basic-2-Year-Plan-L2-scaled-1.jpg\",\"datePublished\":\"2026-04-06T06:51:35+00:00\",\"dateModified\":\"2026-04-29T01:40:02+00:00\",\"breadcrumb\":{\"@id\":\"https:\/\/koningdrone.be\/product\/dji-care-ent-basic-2-year-plan-l2\/#breadcrumb\"},\"inLanguage\":\"de\",\"potentialAction\":[{\"@type\":\"ReadAction\",\"target\":[\"https:\/\/koningdrone.be\/product\/dji-care-ent-basic-2-year-plan-l2\/\"]}]},{\"@type\":\"ImageObject\",\"inLanguage\":\"de\",\"@id\":\"https:\/\/koningdrone.be\/product\/dji-care-ent-basic-2-year-plan-l2\/#primaryimage\",\"url\":\"https:\/\/koningdrone.be\/wp-content\/uploads\/sites\/13\/2026\/04\/DJI-Care-Ent.-Basic-2-Year-Plan-L2-scaled-1.jpg\",\"contentUrl\":\"https:\/\/koningdrone.be\/wp-content\/uploads\/sites\/13\/2026\/04\/DJI-Care-Ent.-Basic-2-Year-Plan-L2-scaled-1.jpg\",\"width\":2560,\"height\":1707},{\"@type\":\"BreadcrumbList\",\"@id\":\"https:\/\/koningdrone.be\/product\/dji-care-ent-basic-2-year-plan-l2\/#breadcrumb\",\"itemListElement\":[{\"@type\":\"ListItem\",\"position\":1,\"name\":\"Home\",\"item\":\"https:\/\/koningdrone.be\/\"},{\"@type\":\"ListItem\",\"position\":2,\"name\":\"AVSS Parachute Recovery System for DJI Matrice 300\/350\",\"item\":\"https:\/\/koningdrone.be\/product\/avss-parachute-recovery-system-for-dji-matrice-300-350\/\"},{\"@type\":\"ListItem\",\"position\":3,\"name\":\"Alle care refresh\",\"item\":\"https:\/\/koningdrone.be\/categorie\/alle-care-refresh\/\"},{\"@type\":\"ListItem\",\"position\":4,\"name\":\"DJI Care Ent. Basic 2-Year Plan L2\"}]},{\"@type\":\"WebSite\",\"@id\":\"https:\/\/koningdrone.be\/#website\",\"url\":\"https:\/\/koningdrone.be\/\",\"name\":\"Koningdrone.be - Uw online specialist in drones, gimbals, camera's en power stations.\",\"description\":\"De webshop in drones en gimbals\",\"publisher\":{\"@id\":\"https:\/\/koningdrone.be\/#organization\"},\"potentialAction\":[{\"@type\":\"SearchAction\",\"target\":{\"@type\":\"EntryPoint\",\"urlTemplate\":\"https:\/\/koningdrone.be\/?s={search_term_string}\"},\"query-input\":{\"@type\":\"PropertyValueSpecification\",\"valueRequired\":true,\"valueName\":\"search_term_string\"}}],\"inLanguage\":\"de\"},{\"@type\":\"Organization\",\"@id\":\"https:\/\/koningdrone.be\/#organization\",\"name\":\"Koningdrone.be\",\"url\":\"https:\/\/koningdrone.be\/\",\"logo\":{\"@type\":\"ImageObject\",\"inLanguage\":\"de\",\"@id\":\"https:\/\/koningdrone.be\/#\/schema\/logo\/image\/\",\"url\":\"https:\/\/koningdrone.be\/wp-content\/uploads\/sites\/13\/2025\/04\/koningdrone-copyright-logo.svg\",\"contentUrl\":\"https:\/\/koningdrone.be\/wp-content\/uploads\/sites\/13\/2025\/04\/koningdrone-copyright-logo.svg\",\"width\":227,\"height\":38,\"caption\":\"Koningdrone.be\"},\"image\":{\"@id\":\"https:\/\/koningdrone.be\/#\/schema\/logo\/image\/\"}}]}<\/script>\n<!-- \/ Yoast SEO Premium plugin. -->","yoast_head_json":{"title":"DJI Care Ent. Basic 2-Year Plan L2 - koningdrone.be","robots":{"index":"index","follow":"follow","max-snippet":"max-snippet:-1","max-image-preview":"max-image-preview:large","max-video-preview":"max-video-preview:-1"},"canonical":"https:\/\/koningdrone.be\/de\/produkt\/dji-care-ent-basic-2-year-plan-l2\/","og_locale":"de_DE","og_type":"article","og_title":"DJI Care Ent. Basic 2-Year Plan L2","og_description":"Twee jaar uitgebreide bescherming voor de Zenmuse L2 LiDAR payload  Tot 4 vervangingen mogelijk binnen de looptijd van het plan  Snelle serviceafhandeling via DJI Care Express  Vermindert downtime en verhoogt continu\u00efteit bij LiDAR\u2011projecten  Verhoogt betrouwbaarheid tijdens intensief professioneel gebruik","og_url":"https:\/\/koningdrone.be\/de\/produkt\/dji-care-ent-basic-2-year-plan-l2\/","og_site_name":"koningdrone.be","article_modified_time":"2026-04-29T01:40:02+00:00","og_image":[{"width":2560,"height":1707,"url":"https:\/\/koningdrone.be\/wp-content\/uploads\/sites\/13\/2026\/04\/DJI-Care-Ent.-Basic-2-Year-Plan-L2-scaled-1.jpg","type":"image\/jpeg"}],"twitter_card":"summary_large_image","twitter_misc":{"Gesch\u00e4tzte Lesezeit":"1\u00a0Minute"},"schema":{"@context":"https:\/\/schema.org","@graph":[{"@type":"WebPage","@id":"https:\/\/koningdrone.be\/product\/dji-care-ent-basic-2-year-plan-l2\/","url":"https:\/\/koningdrone.be\/product\/dji-care-ent-basic-2-year-plan-l2\/","name":"DJI Care Ent. Basic 2-Year Plan L2 - koningdrone.be","isPartOf":{"@id":"https:\/\/koningdrone.be\/#website"},"primaryImageOfPage":{"@id":"https:\/\/koningdrone.be\/product\/dji-care-ent-basic-2-year-plan-l2\/#primaryimage"},"image":{"@id":"https:\/\/koningdrone.be\/product\/dji-care-ent-basic-2-year-plan-l2\/#primaryimage"},"thumbnailUrl":"https:\/\/koningdrone.be\/wp-content\/uploads\/sites\/13\/2026\/04\/DJI-Care-Ent.-Basic-2-Year-Plan-L2-scaled-1.jpg","datePublished":"2026-04-06T06:51:35+00:00","dateModified":"2026-04-29T01:40:02+00:00","breadcrumb":{"@id":"https:\/\/koningdrone.be\/product\/dji-care-ent-basic-2-year-plan-l2\/#breadcrumb"},"inLanguage":"de","potentialAction":[{"@type":"ReadAction","target":["https:\/\/koningdrone.be\/product\/dji-care-ent-basic-2-year-plan-l2\/"]}]},{"@type":"ImageObject","inLanguage":"de","@id":"https:\/\/koningdrone.be\/product\/dji-care-ent-basic-2-year-plan-l2\/#primaryimage","url":"https:\/\/koningdrone.be\/wp-content\/uploads\/sites\/13\/2026\/04\/DJI-Care-Ent.-Basic-2-Year-Plan-L2-scaled-1.jpg","contentUrl":"https:\/\/koningdrone.be\/wp-content\/uploads\/sites\/13\/2026\/04\/DJI-Care-Ent.-Basic-2-Year-Plan-L2-scaled-1.jpg","width":2560,"height":1707},{"@type":"BreadcrumbList","@id":"https:\/\/koningdrone.be\/product\/dji-care-ent-basic-2-year-plan-l2\/#breadcrumb","itemListElement":[{"@type":"ListItem","position":1,"name":"Home","item":"https:\/\/koningdrone.be\/"},{"@type":"ListItem","position":2,"name":"AVSS Parachute Recovery System for DJI Matrice 300\/350","item":"https:\/\/koningdrone.be\/product\/avss-parachute-recovery-system-for-dji-matrice-300-350\/"},{"@type":"ListItem","position":3,"name":"Alle care refresh","item":"https:\/\/koningdrone.be\/categorie\/alle-care-refresh\/"},{"@type":"ListItem","position":4,"name":"DJI Care Ent. Basic 2-Year Plan L2"}]},{"@type":"WebSite","@id":"https:\/\/koningdrone.be\/#website","url":"https:\/\/koningdrone.be\/","name":"Koningdrone.be - Ihr Online-Spezialist f\u00fcr Drohnen, Gimbals, Kameras und Kraftwerke.","description":"Der Webshop f\u00fcr Drohnen und Gimbals","publisher":{"@id":"https:\/\/koningdrone.be\/#organization"},"potentialAction":[{"@type":"SearchAction","target":{"@type":"EntryPoint","urlTemplate":"https:\/\/koningdrone.be\/?s={search_term_string}"},"query-input":{"@type":"PropertyValueSpecification","valueRequired":true,"valueName":"search_term_string"}}],"inLanguage":"de"},{"@type":"Organization","@id":"https:\/\/koningdrone.be\/#organization","name":"Kingdrone.de","url":"https:\/\/koningdrone.be\/","logo":{"@type":"ImageObject","inLanguage":"de","@id":"https:\/\/koningdrone.be\/#\/schema\/logo\/image\/","url":"https:\/\/koningdrone.be\/wp-content\/uploads\/sites\/13\/2025\/04\/koningdrone-copyright-logo.svg","contentUrl":"https:\/\/koningdrone.be\/wp-content\/uploads\/sites\/13\/2025\/04\/koningdrone-copyright-logo.svg","width":227,"height":38,"caption":"Koningdrone.be"},"image":{"@id":"https:\/\/koningdrone.be\/#\/schema\/logo\/image\/"}}]}},"df_price":1785,"df_sale_price":"","df_regular_price":1785,"df_image_link":"https:\/\/koningdrone.be\/wp-content\/uploads\/sites\/13\/2026\/04\/DJI-Care-Ent.-Basic-2-Year-Plan-L2-scaled-1-300x200.jpg","_links":{"self":[{"href":"https:\/\/koningdrone.be\/de\/wp-json\/wp\/v2\/product\/18364","targetHints":{"allow":["GET"]}}],"collection":[{"href":"https:\/\/koningdrone.be\/de\/wp-json\/wp\/v2\/product"}],"about":[{"href":"https:\/\/koningdrone.be\/de\/wp-json\/wp\/v2\/types\/product"}],"wp:featuredmedia":[{"embeddable":true,"href":"https:\/\/koningdrone.be\/de\/wp-json\/wp\/v2\/media\/18365"}],"wp:attachment":[{"href":"https:\/\/koningdrone.be\/de\/wp-json\/wp\/v2\/media?parent=18364"}],"wp:term":[{"taxonomy":"product_brand","embeddable":true,"href":"https:\/\/koningdrone.be\/de\/wp-json\/wp\/v2\/product_brand?post=18364"},{"taxonomy":"product_cat","embeddable":true,"href":"https:\/\/koningdrone.be\/de\/wp-json\/wp\/v2\/product_cat?post=18364"},{"taxonomy":"product_tag","embeddable":true,"href":"https:\/\/koningdrone.be\/de\/wp-json\/wp\/v2\/product_tag?post=18364"}],"curies":[{"name":"wp","href":"https:\/\/api.w.org\/{rel}","templated":true}]}}