{"id":1823,"date":"2024-11-05T10:26:43","date_gmt":"2024-11-05T09:26:43","guid":{"rendered":"https:\/\/koningdrone.nl\/kon\/product\/ecoflow-175w-rigid-topcon-solar-panel-2\/"},"modified":"2025-05-20T12:10:51","modified_gmt":"2025-05-20T10:10:51","slug":"ecoflow-175w-rigid-topcon-solar-panel-2","status":"publish","type":"product","link":"https:\/\/koningdrone.be\/de\/produkt\/ecoflow-175w-rigid-topcon-solar-panel-2\/","title":{"rendered":"EcoFlow 175W starres TOPcon-Solarmodul"},"content":{"rendered":"<p>Das EcoFlow 175W Rigid Solar Panel ist eine hocheffiziente Solarladel\u00f6sung, die f\u00fcr die zuverl\u00e4ssige Stromerzeugung in einer Vielzahl von Outdoor-Umgebungen entwickelt wurde. Das aus strapazierf\u00e4higen Materialien gefertigte Modul bietet eine hervorragende Leistung und Langlebigkeit und ist somit ideal f\u00fcr Camping, netzunabh\u00e4ngige Abenteuer und Notf\u00e4lle. Sein geringes Gewicht und sein robustes Design sorgen f\u00fcr eine einfache Installation und Tragbarkeit, w\u00e4hrend seine hohe Umwandlungseffizienz ein schnelles Aufladen kompatibler EcoFlow-Kraftwerke und anderer Ger\u00e4te gew\u00e4hrleistet. Ob Sie Ihre Ausr\u00fcstung w\u00e4hrend eines Wochenendausflugs mit Strom versorgen oder sich auf unvorhergesehene Stromausf\u00e4lle vorbereiten, das EcoFlow 175W Rigid Solar Panel bietet eine zuverl\u00e4ssige Quelle f\u00fcr saubere Energie.<\/p>","protected":false},"excerpt":{"rendered":"<ul>\n<li>Bis zu 25% fortschrittliche Solarumwandlungseffizienz.<\/li>\n<li>Verwenden Sie TOPcon-Solarzellen, die auch in Umgebungen mit wenig Licht und hohen Temperaturen gut funktionieren und gleichzeitig eine hohe Leistung erbringen.<\/li>\n<li>Robuste Bauweise mit IP68-Wasserbest\u00e4ndigkeit.<\/li>\n<li>F\u00fcr den Einsatz in verschiedenen Szenarien, einschlie\u00dflich Klasse-B-Transportern und zu Hause.<\/li>\n<li>Schnelle und einfache Installation.<\/li>\n<li>Bis zu 5 Jahre Garantie und 30 Jahre Lebensdauer.<\/li>\n<\/ul>","protected":false},"featured_media":1820,"template":"","meta":{"_acf_changed":false},"product_brand":[],"product_cat":[268,97,245,198],"product_tag":[],"class_list":{"0":"post-1823","1":"product","2":"type-product","3":"status-publish","4":"has-post-thumbnail","6":"product_cat-alle-accessoires","7":"product_cat-alle-producten","8":"product_cat-ecoflow","9":"product_cat-zonnepanelen","10":"pa_brand-ecoflow","11":"pa_producttype-zonnepaneel","13":"first","14":"outofstock","15":"taxable","16":"shipping-taxable","17":"product-type-simple"},"acf":[],"yoast_head":"<!-- This site is optimized with the Yoast SEO Premium plugin v27.2 (Yoast SEO v27.2) - https:\/\/yoast.com\/product\/yoast-seo-premium-wordpress\/ -->\n<title>EcoFlow 175W Rigid TOPcon Solar Panel - koningdrone.be<\/title>\n<meta name=\"robots\" content=\"index, follow, max-snippet:-1, max-image-preview:large, max-video-preview:-1\" \/>\n<link rel=\"canonical\" href=\"https:\/\/koningdrone.be\/de\/produkt\/ecoflow-175w-rigid-topcon-solar-panel-2\/\" \/>\n<meta property=\"og:locale\" content=\"de_DE\" \/>\n<meta property=\"og:type\" content=\"article\" \/>\n<meta property=\"og:title\" content=\"EcoFlow 175W Rigid TOPcon Solar Panel\" \/>\n<meta property=\"og:description\" content=\"Tot 25% geavanceerde zonneomzettingseffici\u00ebntie.Gebruik TOPcon-zonnecellen die goed werken in omgevingen met weinig licht en hoge temperaturen, met behoud van een hoge stroomopbrengst.Duurzaam gebouwd met een IP68-waterdichtheid.Te gebruiken in verschillende scenario&#039;s, waaronder klasse B-busjes en thuis.Snelle en eenvoudige installatie.Tot 5 jaar garantie en 30 jaar levensduur.\" \/>\n<meta property=\"og:url\" content=\"https:\/\/koningdrone.be\/de\/produkt\/ecoflow-175w-rigid-topcon-solar-panel-2\/\" \/>\n<meta property=\"og:site_name\" content=\"koningdrone.be\" \/>\n<meta property=\"article:modified_time\" content=\"2025-05-20T10:10:51+00:00\" \/>\n<meta property=\"og:image\" content=\"https:\/\/koningdrone.be\/wp-content\/uploads\/sites\/13\/2025\/04\/ecoflow-us-ecoflow-175w-rigid-solar-panel-solar-panels-175w-rigid-solar-panel-31896324702281_720x-1.png\" \/>\n\t<meta property=\"og:image:width\" content=\"720\" \/>\n\t<meta property=\"og:image:height\" content=\"721\" \/>\n\t<meta property=\"og:image:type\" content=\"image\/png\" \/>\n<meta name=\"twitter:card\" content=\"summary_large_image\" \/>\n<meta name=\"twitter:label1\" content=\"Gesch\u00e4tzte Lesezeit\" \/>\n\t<meta name=\"twitter:data1\" content=\"1\u00a0Minute\" \/>\n<script type=\"application\/ld+json\" class=\"yoast-schema-graph\">{\"@context\":\"https:\/\/schema.org\",\"@graph\":[{\"@type\":\"WebPage\",\"@id\":\"https:\/\/koningdrone.be\/product\/ecoflow-175w-rigid-topcon-solar-panel-2\/\",\"url\":\"https:\/\/koningdrone.be\/product\/ecoflow-175w-rigid-topcon-solar-panel-2\/\",\"name\":\"EcoFlow 175W Rigid TOPcon Solar Panel - koningdrone.be\",\"isPartOf\":{\"@id\":\"https:\/\/koningdrone.be\/#website\"},\"primaryImageOfPage\":{\"@id\":\"https:\/\/koningdrone.be\/product\/ecoflow-175w-rigid-topcon-solar-panel-2\/#primaryimage\"},\"image\":{\"@id\":\"https:\/\/koningdrone.be\/product\/ecoflow-175w-rigid-topcon-solar-panel-2\/#primaryimage\"},\"thumbnailUrl\":\"https:\/\/koningdrone.be\/wp-content\/uploads\/sites\/13\/2025\/04\/ecoflow-us-ecoflow-175w-rigid-solar-panel-solar-panels-175w-rigid-solar-panel-31896324702281_720x-1.png\",\"datePublished\":\"2024-11-05T09:26:43+00:00\",\"dateModified\":\"2025-05-20T10:10:51+00:00\",\"breadcrumb\":{\"@id\":\"https:\/\/koningdrone.be\/product\/ecoflow-175w-rigid-topcon-solar-panel-2\/#breadcrumb\"},\"inLanguage\":\"de\",\"potentialAction\":[{\"@type\":\"ReadAction\",\"target\":[\"https:\/\/koningdrone.be\/product\/ecoflow-175w-rigid-topcon-solar-panel-2\/\"]}]},{\"@type\":\"ImageObject\",\"inLanguage\":\"de\",\"@id\":\"https:\/\/koningdrone.be\/product\/ecoflow-175w-rigid-topcon-solar-panel-2\/#primaryimage\",\"url\":\"https:\/\/koningdrone.be\/wp-content\/uploads\/sites\/13\/2025\/04\/ecoflow-us-ecoflow-175w-rigid-solar-panel-solar-panels-175w-rigid-solar-panel-31896324702281_720x-1.png\",\"contentUrl\":\"https:\/\/koningdrone.be\/wp-content\/uploads\/sites\/13\/2025\/04\/ecoflow-us-ecoflow-175w-rigid-solar-panel-solar-panels-175w-rigid-solar-panel-31896324702281_720x-1.png\",\"width\":720,\"height\":721},{\"@type\":\"BreadcrumbList\",\"@id\":\"https:\/\/koningdrone.be\/product\/ecoflow-175w-rigid-topcon-solar-panel-2\/#breadcrumb\",\"itemListElement\":[{\"@type\":\"ListItem\",\"position\":1,\"name\":\"Home\",\"item\":\"https:\/\/koningdrone.be\/\"},{\"@type\":\"ListItem\",\"position\":2,\"name\":\"AVSS Parachute Recovery System for DJI Matrice 300\/350\",\"item\":\"https:\/\/koningdrone.be\/product\/avss-parachute-recovery-system-for-dji-matrice-300-350\/\"},{\"@type\":\"ListItem\",\"position\":3,\"name\":\"Alle accessoires\",\"item\":\"https:\/\/koningdrone.be\/categorie\/alle-accessoires\/\"},{\"@type\":\"ListItem\",\"position\":4,\"name\":\"EcoFlow 175W Rigid TOPcon Solar Panel\"}]},{\"@type\":\"WebSite\",\"@id\":\"https:\/\/koningdrone.be\/#website\",\"url\":\"https:\/\/koningdrone.be\/\",\"name\":\"Koningdrone.be - Uw online specialist in drones, gimbals, camera's en power stations.\",\"description\":\"De webshop in drones en gimbals\",\"publisher\":{\"@id\":\"https:\/\/koningdrone.be\/#organization\"},\"potentialAction\":[{\"@type\":\"SearchAction\",\"target\":{\"@type\":\"EntryPoint\",\"urlTemplate\":\"https:\/\/koningdrone.be\/?s={search_term_string}\"},\"query-input\":{\"@type\":\"PropertyValueSpecification\",\"valueRequired\":true,\"valueName\":\"search_term_string\"}}],\"inLanguage\":\"de\"},{\"@type\":\"Organization\",\"@id\":\"https:\/\/koningdrone.be\/#organization\",\"name\":\"Koningdrone.be\",\"url\":\"https:\/\/koningdrone.be\/\",\"logo\":{\"@type\":\"ImageObject\",\"inLanguage\":\"de\",\"@id\":\"https:\/\/koningdrone.be\/#\/schema\/logo\/image\/\",\"url\":\"https:\/\/koningdrone.be\/wp-content\/uploads\/sites\/13\/2025\/04\/koningdrone-copyright-logo.svg\",\"contentUrl\":\"https:\/\/koningdrone.be\/wp-content\/uploads\/sites\/13\/2025\/04\/koningdrone-copyright-logo.svg\",\"width\":227,\"height\":38,\"caption\":\"Koningdrone.be\"},\"image\":{\"@id\":\"https:\/\/koningdrone.be\/#\/schema\/logo\/image\/\"}}]}<\/script>\n<!-- \/ Yoast SEO Premium plugin. -->","yoast_head_json":{"title":"EcoFlow 175W Rigid TOPcon Solar Panel - koningdrone.be","robots":{"index":"index","follow":"follow","max-snippet":"max-snippet:-1","max-image-preview":"max-image-preview:large","max-video-preview":"max-video-preview:-1"},"canonical":"https:\/\/koningdrone.be\/de\/produkt\/ecoflow-175w-rigid-topcon-solar-panel-2\/","og_locale":"de_DE","og_type":"article","og_title":"EcoFlow 175W Rigid TOPcon Solar Panel","og_description":"Tot 25% geavanceerde zonneomzettingseffici\u00ebntie.Gebruik TOPcon-zonnecellen die goed werken in omgevingen met weinig licht en hoge temperaturen, met behoud van een hoge stroomopbrengst.Duurzaam gebouwd met een IP68-waterdichtheid.Te gebruiken in verschillende scenario's, waaronder klasse B-busjes en thuis.Snelle en eenvoudige installatie.Tot 5 jaar garantie en 30 jaar levensduur.","og_url":"https:\/\/koningdrone.be\/de\/produkt\/ecoflow-175w-rigid-topcon-solar-panel-2\/","og_site_name":"koningdrone.be","article_modified_time":"2025-05-20T10:10:51+00:00","og_image":[{"width":720,"height":721,"url":"https:\/\/koningdrone.be\/wp-content\/uploads\/sites\/13\/2025\/04\/ecoflow-us-ecoflow-175w-rigid-solar-panel-solar-panels-175w-rigid-solar-panel-31896324702281_720x-1.png","type":"image\/png"}],"twitter_card":"summary_large_image","twitter_misc":{"Gesch\u00e4tzte Lesezeit":"1\u00a0Minute"},"schema":{"@context":"https:\/\/schema.org","@graph":[{"@type":"WebPage","@id":"https:\/\/koningdrone.be\/product\/ecoflow-175w-rigid-topcon-solar-panel-2\/","url":"https:\/\/koningdrone.be\/product\/ecoflow-175w-rigid-topcon-solar-panel-2\/","name":"EcoFlow 175W Rigid TOPcon Solar Panel - koningdrone.be","isPartOf":{"@id":"https:\/\/koningdrone.be\/#website"},"primaryImageOfPage":{"@id":"https:\/\/koningdrone.be\/product\/ecoflow-175w-rigid-topcon-solar-panel-2\/#primaryimage"},"image":{"@id":"https:\/\/koningdrone.be\/product\/ecoflow-175w-rigid-topcon-solar-panel-2\/#primaryimage"},"thumbnailUrl":"https:\/\/koningdrone.be\/wp-content\/uploads\/sites\/13\/2025\/04\/ecoflow-us-ecoflow-175w-rigid-solar-panel-solar-panels-175w-rigid-solar-panel-31896324702281_720x-1.png","datePublished":"2024-11-05T09:26:43+00:00","dateModified":"2025-05-20T10:10:51+00:00","breadcrumb":{"@id":"https:\/\/koningdrone.be\/product\/ecoflow-175w-rigid-topcon-solar-panel-2\/#breadcrumb"},"inLanguage":"de","potentialAction":[{"@type":"ReadAction","target":["https:\/\/koningdrone.be\/product\/ecoflow-175w-rigid-topcon-solar-panel-2\/"]}]},{"@type":"ImageObject","inLanguage":"de","@id":"https:\/\/koningdrone.be\/product\/ecoflow-175w-rigid-topcon-solar-panel-2\/#primaryimage","url":"https:\/\/koningdrone.be\/wp-content\/uploads\/sites\/13\/2025\/04\/ecoflow-us-ecoflow-175w-rigid-solar-panel-solar-panels-175w-rigid-solar-panel-31896324702281_720x-1.png","contentUrl":"https:\/\/koningdrone.be\/wp-content\/uploads\/sites\/13\/2025\/04\/ecoflow-us-ecoflow-175w-rigid-solar-panel-solar-panels-175w-rigid-solar-panel-31896324702281_720x-1.png","width":720,"height":721},{"@type":"BreadcrumbList","@id":"https:\/\/koningdrone.be\/product\/ecoflow-175w-rigid-topcon-solar-panel-2\/#breadcrumb","itemListElement":[{"@type":"ListItem","position":1,"name":"Home","item":"https:\/\/koningdrone.be\/"},{"@type":"ListItem","position":2,"name":"AVSS Parachute Recovery System for DJI Matrice 300\/350","item":"https:\/\/koningdrone.be\/product\/avss-parachute-recovery-system-for-dji-matrice-300-350\/"},{"@type":"ListItem","position":3,"name":"Alle accessoires","item":"https:\/\/koningdrone.be\/categorie\/alle-accessoires\/"},{"@type":"ListItem","position":4,"name":"EcoFlow 175W Rigid TOPcon Solar Panel"}]},{"@type":"WebSite","@id":"https:\/\/koningdrone.be\/#website","url":"https:\/\/koningdrone.be\/","name":"Koningdrone.be - Ihr Online-Spezialist f\u00fcr Drohnen, Gimbals, Kameras und Kraftwerke.","description":"Der Webshop f\u00fcr Drohnen und Gimbals","publisher":{"@id":"https:\/\/koningdrone.be\/#organization"},"potentialAction":[{"@type":"SearchAction","target":{"@type":"EntryPoint","urlTemplate":"https:\/\/koningdrone.be\/?s={search_term_string}"},"query-input":{"@type":"PropertyValueSpecification","valueRequired":true,"valueName":"search_term_string"}}],"inLanguage":"de"},{"@type":"Organization","@id":"https:\/\/koningdrone.be\/#organization","name":"Kingdrone.de","url":"https:\/\/koningdrone.be\/","logo":{"@type":"ImageObject","inLanguage":"de","@id":"https:\/\/koningdrone.be\/#\/schema\/logo\/image\/","url":"https:\/\/koningdrone.be\/wp-content\/uploads\/sites\/13\/2025\/04\/koningdrone-copyright-logo.svg","contentUrl":"https:\/\/koningdrone.be\/wp-content\/uploads\/sites\/13\/2025\/04\/koningdrone-copyright-logo.svg","width":227,"height":38,"caption":"Koningdrone.be"},"image":{"@id":"https:\/\/koningdrone.be\/#\/schema\/logo\/image\/"}}]}},"df_price":"","df_sale_price":"","df_regular_price":"","df_image_link":"https:\/\/koningdrone.be\/wp-content\/uploads\/sites\/13\/2025\/04\/ecoflow-us-ecoflow-175w-rigid-solar-panel-solar-panels-175w-rigid-solar-panel-31896324702281_720x-1-300x300.png","_links":{"self":[{"href":"https:\/\/koningdrone.be\/de\/wp-json\/wp\/v2\/product\/1823","targetHints":{"allow":["GET"]}}],"collection":[{"href":"https:\/\/koningdrone.be\/de\/wp-json\/wp\/v2\/product"}],"about":[{"href":"https:\/\/koningdrone.be\/de\/wp-json\/wp\/v2\/types\/product"}],"wp:featuredmedia":[{"embeddable":true,"href":"https:\/\/koningdrone.be\/de\/wp-json\/wp\/v2\/media\/1820"}],"wp:attachment":[{"href":"https:\/\/koningdrone.be\/de\/wp-json\/wp\/v2\/media?parent=1823"}],"wp:term":[{"taxonomy":"product_brand","embeddable":true,"href":"https:\/\/koningdrone.be\/de\/wp-json\/wp\/v2\/product_brand?post=1823"},{"taxonomy":"product_cat","embeddable":true,"href":"https:\/\/koningdrone.be\/de\/wp-json\/wp\/v2\/product_cat?post=1823"},{"taxonomy":"product_tag","embeddable":true,"href":"https:\/\/koningdrone.be\/de\/wp-json\/wp\/v2\/product_tag?post=1823"}],"curies":[{"name":"wp","href":"https:\/\/api.w.org\/{rel}","templated":true}]}}