{"id":18115,"date":"2026-03-31T15:10:23","date_gmt":"2026-03-31T13:10:23","guid":{"rendered":"https:\/\/koningdrone.be\/?post_type=product&#038;p=18115"},"modified":"2026-04-29T16:30:09","modified_gmt":"2026-04-29T14:30:09","slug":"hprc-2800w-for-dji-matrice-400","status":"publish","type":"product","link":"https:\/\/koningdrone.be\/de\/produkt\/hprc-2800w-for-dji-matrice-400\/","title":{"rendered":"HPRC 2800W f\u00fcr DJI Matrice 400"},"content":{"rendered":"<h3>HPRC 2800W f\u00fcr DJI Matrice 400<\/h3>\n<p>De HPRC 2800W voor DJI Matrice 400 is een robuuste beschermingskoffer die speciaal ontworpen is om je DJI Matrice 400 drone en accessoires veilig te vervoeren. Deze hardshell\u2011koffer is gericht op professionals die maximale bescherming, organisatie en draagbaarheid willen voor hun hoogwaardige apparatuur. Hij combineert een slank design met topklasse bescherming, zodat je apparatuur tegen stoten, vocht en stof wordt beveiligd tijdens transport.<\/p>\n<p>Of je nu reist naar een werklocatie, filmt op locatie of je drone regelmatig verplaatst, deze case biedt de bescherming die je nodig hebt om je gear in perfecte staat te houden.<\/p>\n<p><a href=\"https:\/\/koningdrone.nl\/wp-content\/uploads\/2026\/03\/HPRC-2800W-For-DJI-Matrice-400.webp\"><img loading=\"lazy\" decoding=\"async\" class=\"size-medium wp-image-471151 aligncenter\" src=\"https:\/\/koningdrone.nl\/wp-content\/uploads\/2026\/03\/HPRC-2800W-For-DJI-Matrice-400-300x300.webp\" alt=\"HPRC 2800W For DJI Matrice 400\" width=\"300\" height=\"300\" \/><\/a><\/p>\n<h4>Leistung und Funktionalit\u00e4t<\/h4>\n<p>Deze koffer is vervaardigd uit hoogwaardig TTX01\u2011materiaal dat waterdicht, stofdicht en schokbestendig is. Dankzij de hoge IP67\u2011classificatie blijft je drone beschermd tegen water, zand, stof en andere elementen. De dubbele sluiting zorgt ervoor dat de koffer niet per ongeluk opent, zelfs niet bij impact. De interne schuimvulling is voorgesneden en op maat gemaakt om je DJI Matrice 400, controllers, batterijen en gimbals netjes en veilig te organiseren.<\/p>\n<p>Transport is eenvoudig dankzij twee ingebouwde wielen en een ergonomische handgreep, waardoor je de zware case comfortabel kunt verplaatsen, zelfs op ruw terrein.<\/p>\n<h4>Verarbeitungsqualit\u00e4t und Design<\/h4>\n<p>Der HPRC 2800W ist auf Langlebigkeit ausgelegt und widersteht rauen Bedingungen. Das harte Au\u00dfenmaterial h\u00e4lt St\u00f6\u00dfen und mechanischem Druck stand und ist somit ideal f\u00fcr den intensiven professionellen Einsatz. Der Innenraum ist mit zwei Lagen hochdichtem Schaumstoff ausgekleidet, so dass jede Komponente ihren eigenen sicheren Platz hat, ohne zu verrutschen. Der Koffer erf\u00fcllt die ATA-300-Normen und ist somit f\u00fcr den Lufttransport und den Einsatz als Schwerlastkoffer geeignet.<\/p>\n<p><a href=\"https:\/\/koningdrone.nl\/wp-content\/uploads\/2026\/03\/Product-HPRC-2800W-For-DJI-Matrice-400.webp\"><img loading=\"lazy\" decoding=\"async\" class=\"size-medium wp-image-471150 aligncenter\" src=\"https:\/\/koningdrone.nl\/wp-content\/uploads\/2026\/03\/Product-HPRC-2800W-For-DJI-Matrice-400-300x300.webp\" alt=\"Product HPRC 2800W For DJI Matrice 400\" width=\"300\" height=\"300\" \/><\/a><\/p>\n<h4>Warum Sie das brauchen<\/h4>\n<p>Wenn Sie mit einer DJI Matrice 400 Drohne arbeiten, wollen Sie maximalen Schutz und Organisation f\u00fcr Ihre Ausr\u00fcstung. Dieser HPRC-Koffer bietet Schutz, Robustheit und Tragekomfort auf h\u00f6chstem Niveau, sodass Sie unbeschwert reisen und arbeiten k\u00f6nnen, ohne Sch\u00e4den zu riskieren.<\/p>","protected":false},"excerpt":{"rendered":"<ul>\n<li>Wasser- und staubdichter Schutz nach IP67-Standard<\/li>\n<li>Schlagfeste TTX01-Harzkonstruktion f\u00fcr langfristigen Schutz<\/li>\n<li>Vorgeschnittener hochdichter Schaumstoff f\u00fcr sichere Lagerung<\/li>\n<li>Doppelte Verschl\u00fcsse f\u00fcr sicheren Verschluss beim Transport<\/li>\n<li>Eingebaute R\u00e4der und ergonomischer Griff f\u00fcr einfachen Transport<\/li>\n<\/ul>","protected":false},"featured_media":18108,"template":"","meta":{"_acf_changed":false},"product_brand":[],"product_cat":[1583],"product_tag":[],"class_list":{"0":"post-18115","1":"product","2":"type-product","3":"status-publish","4":"has-post-thumbnail","6":"product_cat-dji-matrice-400","7":"product_shipping_class-outofstock","8":"pa_brand-hprc","9":"pa_producttype-beschermkoffer","11":"first","12":"outofstock","13":"taxable","14":"shipping-taxable","15":"purchasable","16":"product-type-simple"},"acf":[],"yoast_head":"<!-- This site is optimized with the Yoast SEO Premium plugin v27.2 (Yoast SEO v27.2) - https:\/\/yoast.com\/product\/yoast-seo-premium-wordpress\/ -->\n<title>HPRC 2800W For DJI Matrice 400 - koningdrone.be<\/title>\n<meta name=\"robots\" content=\"index, follow, max-snippet:-1, max-image-preview:large, max-video-preview:-1\" \/>\n<link rel=\"canonical\" href=\"https:\/\/koningdrone.be\/de\/produkt\/hprc-2800w-for-dji-matrice-400\/\" \/>\n<meta property=\"og:locale\" content=\"de_DE\" \/>\n<meta property=\"og:type\" content=\"article\" \/>\n<meta property=\"og:title\" content=\"HPRC 2800W For DJI Matrice 400\" \/>\n<meta property=\"og:description\" content=\"Waterdichte en stofdichte bescherming volgens IP67\u2011standaard  Stootvaste TTX01\u2011harsconstructie voor langdurige bescherming  Voorgesneden hoog\u2011dichtheid schuim voor veilige opslag  Dubbele sluitingen voor veilige afsluiting tijdens transport  Ingebouwde wielen en ergonomische handgreep voor eenvoudig vervoer\" \/>\n<meta property=\"og:url\" content=\"https:\/\/koningdrone.be\/de\/produkt\/hprc-2800w-for-dji-matrice-400\/\" \/>\n<meta property=\"og:site_name\" content=\"koningdrone.be\" \/>\n<meta property=\"article:modified_time\" content=\"2026-04-29T14:30:09+00:00\" \/>\n<meta property=\"og:image\" content=\"https:\/\/koningdrone.be\/wp-content\/uploads\/sites\/13\/2026\/03\/HPRC-2800W-For-DJI-Matrice-400.webp\" \/>\n\t<meta property=\"og:image:width\" content=\"2048\" \/>\n\t<meta property=\"og:image:height\" content=\"2048\" \/>\n\t<meta property=\"og:image:type\" content=\"image\/webp\" \/>\n<meta name=\"twitter:card\" content=\"summary_large_image\" \/>\n<meta name=\"twitter:label1\" content=\"Gesch\u00e4tzte Lesezeit\" \/>\n\t<meta name=\"twitter:data1\" content=\"2\u00a0Minuten\" \/>\n<script type=\"application\/ld+json\" class=\"yoast-schema-graph\">{\"@context\":\"https:\/\/schema.org\",\"@graph\":[{\"@type\":\"WebPage\",\"@id\":\"https:\/\/koningdrone.be\/product\/hprc-2800w-for-dji-matrice-400\/\",\"url\":\"https:\/\/koningdrone.be\/product\/hprc-2800w-for-dji-matrice-400\/\",\"name\":\"HPRC 2800W For DJI Matrice 400 - koningdrone.be\",\"isPartOf\":{\"@id\":\"https:\/\/koningdrone.be\/#website\"},\"primaryImageOfPage\":{\"@id\":\"https:\/\/koningdrone.be\/product\/hprc-2800w-for-dji-matrice-400\/#primaryimage\"},\"image\":{\"@id\":\"https:\/\/koningdrone.be\/product\/hprc-2800w-for-dji-matrice-400\/#primaryimage\"},\"thumbnailUrl\":\"https:\/\/koningdrone.be\/wp-content\/uploads\/sites\/13\/2026\/03\/HPRC-2800W-For-DJI-Matrice-400.webp\",\"datePublished\":\"2026-03-31T13:10:23+00:00\",\"dateModified\":\"2026-04-29T14:30:09+00:00\",\"breadcrumb\":{\"@id\":\"https:\/\/koningdrone.be\/product\/hprc-2800w-for-dji-matrice-400\/#breadcrumb\"},\"inLanguage\":\"de\",\"potentialAction\":[{\"@type\":\"ReadAction\",\"target\":[\"https:\/\/koningdrone.be\/product\/hprc-2800w-for-dji-matrice-400\/\"]}]},{\"@type\":\"ImageObject\",\"inLanguage\":\"de\",\"@id\":\"https:\/\/koningdrone.be\/product\/hprc-2800w-for-dji-matrice-400\/#primaryimage\",\"url\":\"https:\/\/koningdrone.be\/wp-content\/uploads\/sites\/13\/2026\/03\/HPRC-2800W-For-DJI-Matrice-400.webp\",\"contentUrl\":\"https:\/\/koningdrone.be\/wp-content\/uploads\/sites\/13\/2026\/03\/HPRC-2800W-For-DJI-Matrice-400.webp\",\"width\":2048,\"height\":2048},{\"@type\":\"BreadcrumbList\",\"@id\":\"https:\/\/koningdrone.be\/product\/hprc-2800w-for-dji-matrice-400\/#breadcrumb\",\"itemListElement\":[{\"@type\":\"ListItem\",\"position\":1,\"name\":\"Home\",\"item\":\"https:\/\/koningdrone.be\/\"},{\"@type\":\"ListItem\",\"position\":2,\"name\":\"AVSS Parachute Recovery System for DJI Matrice 300\/350\",\"item\":\"https:\/\/koningdrone.be\/product\/avss-parachute-recovery-system-for-dji-matrice-300-350\/\"},{\"@type\":\"ListItem\",\"position\":3,\"name\":\"DJI Matrice 400\",\"item\":\"https:\/\/koningdrone.be\/categorie\/dji-matrice-400\/\"},{\"@type\":\"ListItem\",\"position\":4,\"name\":\"HPRC 2800W For DJI Matrice 400\"}]},{\"@type\":\"WebSite\",\"@id\":\"https:\/\/koningdrone.be\/#website\",\"url\":\"https:\/\/koningdrone.be\/\",\"name\":\"Koningdrone.be - Uw online specialist in drones, gimbals, camera's en power stations.\",\"description\":\"De webshop in drones en gimbals\",\"publisher\":{\"@id\":\"https:\/\/koningdrone.be\/#organization\"},\"potentialAction\":[{\"@type\":\"SearchAction\",\"target\":{\"@type\":\"EntryPoint\",\"urlTemplate\":\"https:\/\/koningdrone.be\/?s={search_term_string}\"},\"query-input\":{\"@type\":\"PropertyValueSpecification\",\"valueRequired\":true,\"valueName\":\"search_term_string\"}}],\"inLanguage\":\"de\"},{\"@type\":\"Organization\",\"@id\":\"https:\/\/koningdrone.be\/#organization\",\"name\":\"Koningdrone.be\",\"url\":\"https:\/\/koningdrone.be\/\",\"logo\":{\"@type\":\"ImageObject\",\"inLanguage\":\"de\",\"@id\":\"https:\/\/koningdrone.be\/#\/schema\/logo\/image\/\",\"url\":\"https:\/\/koningdrone.be\/wp-content\/uploads\/sites\/13\/2025\/04\/koningdrone-copyright-logo.svg\",\"contentUrl\":\"https:\/\/koningdrone.be\/wp-content\/uploads\/sites\/13\/2025\/04\/koningdrone-copyright-logo.svg\",\"width\":227,\"height\":38,\"caption\":\"Koningdrone.be\"},\"image\":{\"@id\":\"https:\/\/koningdrone.be\/#\/schema\/logo\/image\/\"}}]}<\/script>\n<!-- \/ Yoast SEO Premium plugin. -->","yoast_head_json":{"title":"HPRC 2800W For DJI Matrice 400 - koningdrone.be","robots":{"index":"index","follow":"follow","max-snippet":"max-snippet:-1","max-image-preview":"max-image-preview:large","max-video-preview":"max-video-preview:-1"},"canonical":"https:\/\/koningdrone.be\/de\/produkt\/hprc-2800w-for-dji-matrice-400\/","og_locale":"de_DE","og_type":"article","og_title":"HPRC 2800W For DJI Matrice 400","og_description":"Waterdichte en stofdichte bescherming volgens IP67\u2011standaard  Stootvaste TTX01\u2011harsconstructie voor langdurige bescherming  Voorgesneden hoog\u2011dichtheid schuim voor veilige opslag  Dubbele sluitingen voor veilige afsluiting tijdens transport  Ingebouwde wielen en ergonomische handgreep voor eenvoudig vervoer","og_url":"https:\/\/koningdrone.be\/de\/produkt\/hprc-2800w-for-dji-matrice-400\/","og_site_name":"koningdrone.be","article_modified_time":"2026-04-29T14:30:09+00:00","og_image":[{"width":2048,"height":2048,"url":"https:\/\/koningdrone.be\/wp-content\/uploads\/sites\/13\/2026\/03\/HPRC-2800W-For-DJI-Matrice-400.webp","type":"image\/webp"}],"twitter_card":"summary_large_image","twitter_misc":{"Gesch\u00e4tzte Lesezeit":"2\u00a0Minuten"},"schema":{"@context":"https:\/\/schema.org","@graph":[{"@type":"WebPage","@id":"https:\/\/koningdrone.be\/product\/hprc-2800w-for-dji-matrice-400\/","url":"https:\/\/koningdrone.be\/product\/hprc-2800w-for-dji-matrice-400\/","name":"HPRC 2800W For DJI Matrice 400 - koningdrone.be","isPartOf":{"@id":"https:\/\/koningdrone.be\/#website"},"primaryImageOfPage":{"@id":"https:\/\/koningdrone.be\/product\/hprc-2800w-for-dji-matrice-400\/#primaryimage"},"image":{"@id":"https:\/\/koningdrone.be\/product\/hprc-2800w-for-dji-matrice-400\/#primaryimage"},"thumbnailUrl":"https:\/\/koningdrone.be\/wp-content\/uploads\/sites\/13\/2026\/03\/HPRC-2800W-For-DJI-Matrice-400.webp","datePublished":"2026-03-31T13:10:23+00:00","dateModified":"2026-04-29T14:30:09+00:00","breadcrumb":{"@id":"https:\/\/koningdrone.be\/product\/hprc-2800w-for-dji-matrice-400\/#breadcrumb"},"inLanguage":"de","potentialAction":[{"@type":"ReadAction","target":["https:\/\/koningdrone.be\/product\/hprc-2800w-for-dji-matrice-400\/"]}]},{"@type":"ImageObject","inLanguage":"de","@id":"https:\/\/koningdrone.be\/product\/hprc-2800w-for-dji-matrice-400\/#primaryimage","url":"https:\/\/koningdrone.be\/wp-content\/uploads\/sites\/13\/2026\/03\/HPRC-2800W-For-DJI-Matrice-400.webp","contentUrl":"https:\/\/koningdrone.be\/wp-content\/uploads\/sites\/13\/2026\/03\/HPRC-2800W-For-DJI-Matrice-400.webp","width":2048,"height":2048},{"@type":"BreadcrumbList","@id":"https:\/\/koningdrone.be\/product\/hprc-2800w-for-dji-matrice-400\/#breadcrumb","itemListElement":[{"@type":"ListItem","position":1,"name":"Home","item":"https:\/\/koningdrone.be\/"},{"@type":"ListItem","position":2,"name":"AVSS Parachute Recovery System for DJI Matrice 300\/350","item":"https:\/\/koningdrone.be\/product\/avss-parachute-recovery-system-for-dji-matrice-300-350\/"},{"@type":"ListItem","position":3,"name":"DJI Matrice 400","item":"https:\/\/koningdrone.be\/categorie\/dji-matrice-400\/"},{"@type":"ListItem","position":4,"name":"HPRC 2800W For DJI Matrice 400"}]},{"@type":"WebSite","@id":"https:\/\/koningdrone.be\/#website","url":"https:\/\/koningdrone.be\/","name":"Koningdrone.be - Ihr Online-Spezialist f\u00fcr Drohnen, Gimbals, Kameras und Kraftwerke.","description":"Der Webshop f\u00fcr Drohnen und Gimbals","publisher":{"@id":"https:\/\/koningdrone.be\/#organization"},"potentialAction":[{"@type":"SearchAction","target":{"@type":"EntryPoint","urlTemplate":"https:\/\/koningdrone.be\/?s={search_term_string}"},"query-input":{"@type":"PropertyValueSpecification","valueRequired":true,"valueName":"search_term_string"}}],"inLanguage":"de"},{"@type":"Organization","@id":"https:\/\/koningdrone.be\/#organization","name":"Kingdrone.de","url":"https:\/\/koningdrone.be\/","logo":{"@type":"ImageObject","inLanguage":"de","@id":"https:\/\/koningdrone.be\/#\/schema\/logo\/image\/","url":"https:\/\/koningdrone.be\/wp-content\/uploads\/sites\/13\/2025\/04\/koningdrone-copyright-logo.svg","contentUrl":"https:\/\/koningdrone.be\/wp-content\/uploads\/sites\/13\/2025\/04\/koningdrone-copyright-logo.svg","width":227,"height":38,"caption":"Koningdrone.be"},"image":{"@id":"https:\/\/koningdrone.be\/#\/schema\/logo\/image\/"}}]}},"df_price":1205.77,"df_sale_price":"","df_regular_price":1205.77,"df_image_link":"https:\/\/koningdrone.be\/wp-content\/uploads\/sites\/13\/2026\/03\/HPRC-2800W-For-DJI-Matrice-400-300x300.webp","_links":{"self":[{"href":"https:\/\/koningdrone.be\/de\/wp-json\/wp\/v2\/product\/18115","targetHints":{"allow":["GET"]}}],"collection":[{"href":"https:\/\/koningdrone.be\/de\/wp-json\/wp\/v2\/product"}],"about":[{"href":"https:\/\/koningdrone.be\/de\/wp-json\/wp\/v2\/types\/product"}],"wp:featuredmedia":[{"embeddable":true,"href":"https:\/\/koningdrone.be\/de\/wp-json\/wp\/v2\/media\/18108"}],"wp:attachment":[{"href":"https:\/\/koningdrone.be\/de\/wp-json\/wp\/v2\/media?parent=18115"}],"wp:term":[{"taxonomy":"product_brand","embeddable":true,"href":"https:\/\/koningdrone.be\/de\/wp-json\/wp\/v2\/product_brand?post=18115"},{"taxonomy":"product_cat","embeddable":true,"href":"https:\/\/koningdrone.be\/de\/wp-json\/wp\/v2\/product_cat?post=18115"},{"taxonomy":"product_tag","embeddable":true,"href":"https:\/\/koningdrone.be\/de\/wp-json\/wp\/v2\/product_tag?post=18115"}],"curies":[{"name":"wp","href":"https:\/\/api.w.org\/{rel}","templated":true}]}}