{"id":18042,"date":"2026-03-28T15:00:49","date_gmt":"2026-03-28T14:00:49","guid":{"rendered":"https:\/\/koningdrone.be\/?post_type=product&#038;p=18042"},"modified":"2026-04-29T16:30:07","modified_gmt":"2026-04-29T14:30:07","slug":"dronavia-parachute-moc-m2-with-internal-flight-termination-system-moc-2511-kronos-for-mavic-4-c5","status":"publish","type":"product","link":"https:\/\/koningdrone.be\/de\/produkt\/dronavia-parachute-moc-m2-with-internal-flight-termination-system-moc-2511-kronos-for-mavic-4-c5\/","title":{"rendered":"Dronavia Fallschirm Moc M2 mit internem Flugabbruchsystem MOC 2511 Kronos f\u00fcr Mavic 4 \/ C5"},"content":{"rendered":"<h3>Dronavia Fallschirm Moc M2 mit internem Flugabbruchsystem MOC 2511 Kronos f\u00fcr Mavic 4 \/ C5<\/h3>\n<p>Das Dronavia Kronos MVC4 Parachute Moc M2 mit internem Flight Termination System (MOC 2511) ist ein fortschrittliches Sicherheitssystem f\u00fcr professionelle Drohnenpiloten, die die DJI Mavic 4 Pro fliegen. Dieses System kombiniert ein Fallschirmrettungsmodul (PRS) mit einem internen Flight Termination System (FTS), um maximale Sicherheit bei professionellen Drohneneins\u00e4tzen zu gew\u00e4hrleisten. Das System wurde speziell f\u00fcr die Umwandlung von Drohnen der Klasse C2 in die Klassifizierung C5 gem\u00e4\u00df den europ\u00e4ischen EASA-Vorschriften entwickelt. Dadurch kann die Drohne f\u00fcr komplexere Eins\u00e4tze, wie z. B. Inspektionen in St\u00e4dten oder Fl\u00fcge in der spezifischen Kategorie, verwendet werden.<\/p>\n<p><a href=\"https:\/\/koningdrone.nl\/wp-content\/uploads\/2026\/03\/Dronavia-Parachute-Moc-M2-with-Internal-Flight-Termination-System-MOC-2511-Kronos-for-Mavic-4-C5.webp\"><img loading=\"lazy\" decoding=\"async\" class=\"size-medium wp-image-470967 aligncenter\" src=\"https:\/\/koningdrone.nl\/wp-content\/uploads\/2026\/03\/Dronavia-Parachute-Moc-M2-with-Internal-Flight-Termination-System-MOC-2511-Kronos-for-Mavic-4-C5-300x300.webp\" alt=\"Dronavia Parachute Moc M2 with Internal Flight Termination System MOC 2511 Kronos for Mavic 4 C5\" width=\"300\" height=\"300\" \/><\/a><\/p>\n<h4>Leistung und Funktionalit\u00e4t<\/h4>\n<p>Das Kronos-System verf\u00fcgt \u00fcber einen autonomen Fallschirmausl\u00f6semechanismus, der bei kritischen Flugproblemen in weniger als 0,27 Sekunden aktiviert wird. Dadurch wird die Aufprallenergie bei einer Notlandung erheblich reduziert und die Sicherheit von Menschen und Eigentum am Boden verbessert. Das integrierte Flight Termination System kann die Triebwerke der Drohne sofort abschalten, wenn ein Flug abgebrochen werden muss. Mit der Klick-Fernbedienung kann das System auch manuell bis zu einer Entfernung von ca. 1,5 km aktiviert werden, optional ist eine Erweiterung auf ca. 10 km m\u00f6glich.<\/p>\n<h4>Verarbeitungsqualit\u00e4t und Design<\/h4>\n<p style=\"margin-bottom: 20px\">Das Kronos MVC4 Kit verwendet ein leichtes Fallschirmsystem mit einer PARA\u00b2-Kappe f\u00fcr einen stabilen und kontrollierten Abstieg. Das System verwendet einen Federmechanismus f\u00fcr den Fallschirmauswurf, so dass keine Pyrotechnik oder Gaspatronen ben\u00f6tigt werden. Dank des wiederverwendbaren POD-Systems kann der Fallschirm nach einer Ausl\u00f6sung leicht ausgetauscht und das System innerhalb weniger Minuten reaktiviert werden.<\/p>\n<p><a href=\"https:\/\/koningdrone.nl\/wp-content\/uploads\/2026\/03\/Product-Dronavia-Parachute-Moc-M2-with-Internal-Flight-Termination-System-MOC-2511-Kronos-for-Mavic-4-C5.webp\"><img loading=\"lazy\" decoding=\"async\" class=\"size-medium wp-image-470966 aligncenter\" src=\"https:\/\/koningdrone.nl\/wp-content\/uploads\/2026\/03\/Product-Dronavia-Parachute-Moc-M2-with-Internal-Flight-Termination-System-MOC-2511-Kronos-for-Mavic-4-C5-300x300.webp\" alt=\"Product Dronavia Parachute Moc M2 with Internal Flight Termination System MOC 2511 Kronos for Mavic 4 C5\" width=\"300\" height=\"300\" \/><\/a><\/p>\n<h4>Warum Sie es brauchen<\/h4>\n<p>F\u00fcr professionelle Drohnenbetreiber, die in Europa unter EASA-Vorschriften arbeiten, ist ein zuverl\u00e4ssiges Sicherheitssystem unerl\u00e4sslich. Mit dem Dronavia Kronos MVC4 Upgrade kann Ihre DJI Mavic 4 Pro die C5-Klassifizierung erf\u00fcllen und in komplexeren Szenarien wie STS-01 oder SORA-basierten Missionen sicher operieren. Dieses System reduziert das Risiko erheblich und erh\u00f6ht die Sicherheit bei kritischen Eins\u00e4tzen.<\/p>","protected":false},"excerpt":{"rendered":"<ul>\n<li>Autonome Aktivierung des Fallschirms in weniger als 0,27 Sekunden<\/li>\n<li>Internes Flugabbruchsystem (FTS) zur sofortigen Abschaltung des Triebwerks<\/li>\n<li>Upgrade von C2-Drohne auf C5-Klassifizierung gem\u00e4\u00df EASA-Standards<\/li>\n<li>Klick-Fernbedienung f\u00fcr manuelle Aktivierung bis zu 1,5 km (optional bis zu 10 km)<\/li>\n<li>Wiederverwendbares POD-System f\u00fcr schnelles Zur\u00fccksetzen nach der Fallschirm\u00f6ffnung<\/li>\n<\/ul>","protected":false},"featured_media":18043,"template":"","meta":{"_acf_changed":false},"product_brand":[],"product_cat":[292,1415,430],"product_tag":[],"class_list":{"0":"post-18042","1":"product","2":"type-product","3":"status-publish","4":"has-post-thumbnail","6":"product_cat-alle-parachutes","7":"product_cat-dji-mavic-4-pro","8":"product_cat-dronavia","9":"product_shipping_class-outofstock","10":"pa_brand-dronavia","11":"pa_producttype-veiligheidssysteem","13":"first","14":"outofstock","15":"taxable","16":"shipping-taxable","17":"purchasable","18":"product-type-simple"},"acf":[],"yoast_head":"<!-- This site is optimized with the Yoast SEO Premium plugin v27.2 (Yoast SEO v27.2) - https:\/\/yoast.com\/product\/yoast-seo-premium-wordpress\/ -->\n<title>Dronavia Parachute Moc M2 with Internal Flight Termination System MOC 2511 Kronos for Mavic 4 \/ C5 - koningdrone.be<\/title>\n<meta name=\"robots\" content=\"index, follow, max-snippet:-1, max-image-preview:large, max-video-preview:-1\" \/>\n<link rel=\"canonical\" href=\"https:\/\/koningdrone.be\/de\/produkt\/dronavia-parachute-moc-m2-with-internal-flight-termination-system-moc-2511-kronos-for-mavic-4-c5\/\" \/>\n<meta property=\"og:locale\" content=\"de_DE\" \/>\n<meta property=\"og:type\" content=\"article\" \/>\n<meta property=\"og:title\" content=\"Dronavia Parachute Moc M2 with Internal Flight Termination System MOC 2511 Kronos for Mavic 4 \/ C5\" \/>\n<meta property=\"og:description\" content=\"Autonome parachute-activatie in minder dan 0,27 seconden  Interne Flight Termination System (FTS) voor directe motoruitschakeling  Upgrade van C2 drone naar C5-classificatie volgens EASA-normen  Klick-remote voor handmatige activatie tot 1,5 km (optioneel tot 10 km)  Herbruikbaar POD-systeem voor snelle reset na parachute-deploy\" \/>\n<meta property=\"og:url\" content=\"https:\/\/koningdrone.be\/de\/produkt\/dronavia-parachute-moc-m2-with-internal-flight-termination-system-moc-2511-kronos-for-mavic-4-c5\/\" \/>\n<meta property=\"og:site_name\" content=\"koningdrone.be\" \/>\n<meta property=\"article:modified_time\" content=\"2026-04-29T14:30:07+00:00\" \/>\n<meta property=\"og:image\" content=\"https:\/\/koningdrone.be\/wp-content\/uploads\/sites\/13\/2026\/03\/Dronavia-Parachute-Moc-M2-with-Internal-Flight-Termination-System-MOC-2511-Kronos-for-Mavic-4-C5.webp\" \/>\n\t<meta property=\"og:image:width\" content=\"2048\" \/>\n\t<meta property=\"og:image:height\" content=\"2048\" \/>\n\t<meta property=\"og:image:type\" content=\"image\/webp\" \/>\n<meta name=\"twitter:card\" content=\"summary_large_image\" \/>\n<meta name=\"twitter:label1\" content=\"Gesch\u00e4tzte Lesezeit\" \/>\n\t<meta name=\"twitter:data1\" content=\"3\u00a0Minuten\" \/>\n<script type=\"application\/ld+json\" class=\"yoast-schema-graph\">{\"@context\":\"https:\/\/schema.org\",\"@graph\":[{\"@type\":\"WebPage\",\"@id\":\"https:\/\/koningdrone.be\/product\/dronavia-parachute-moc-m2-with-internal-flight-termination-system-moc-2511-kronos-for-mavic-4-c5\/\",\"url\":\"https:\/\/koningdrone.be\/product\/dronavia-parachute-moc-m2-with-internal-flight-termination-system-moc-2511-kronos-for-mavic-4-c5\/\",\"name\":\"Dronavia Parachute Moc M2 with Internal Flight Termination System MOC 2511 Kronos for Mavic 4 \/ C5 - koningdrone.be\",\"isPartOf\":{\"@id\":\"https:\/\/koningdrone.be\/#website\"},\"primaryImageOfPage\":{\"@id\":\"https:\/\/koningdrone.be\/product\/dronavia-parachute-moc-m2-with-internal-flight-termination-system-moc-2511-kronos-for-mavic-4-c5\/#primaryimage\"},\"image\":{\"@id\":\"https:\/\/koningdrone.be\/product\/dronavia-parachute-moc-m2-with-internal-flight-termination-system-moc-2511-kronos-for-mavic-4-c5\/#primaryimage\"},\"thumbnailUrl\":\"https:\/\/koningdrone.be\/wp-content\/uploads\/sites\/13\/2026\/03\/Dronavia-Parachute-Moc-M2-with-Internal-Flight-Termination-System-MOC-2511-Kronos-for-Mavic-4-C5.webp\",\"datePublished\":\"2026-03-28T14:00:49+00:00\",\"dateModified\":\"2026-04-29T14:30:07+00:00\",\"breadcrumb\":{\"@id\":\"https:\/\/koningdrone.be\/product\/dronavia-parachute-moc-m2-with-internal-flight-termination-system-moc-2511-kronos-for-mavic-4-c5\/#breadcrumb\"},\"inLanguage\":\"de\",\"potentialAction\":[{\"@type\":\"ReadAction\",\"target\":[\"https:\/\/koningdrone.be\/product\/dronavia-parachute-moc-m2-with-internal-flight-termination-system-moc-2511-kronos-for-mavic-4-c5\/\"]}]},{\"@type\":\"ImageObject\",\"inLanguage\":\"de\",\"@id\":\"https:\/\/koningdrone.be\/product\/dronavia-parachute-moc-m2-with-internal-flight-termination-system-moc-2511-kronos-for-mavic-4-c5\/#primaryimage\",\"url\":\"https:\/\/koningdrone.be\/wp-content\/uploads\/sites\/13\/2026\/03\/Dronavia-Parachute-Moc-M2-with-Internal-Flight-Termination-System-MOC-2511-Kronos-for-Mavic-4-C5.webp\",\"contentUrl\":\"https:\/\/koningdrone.be\/wp-content\/uploads\/sites\/13\/2026\/03\/Dronavia-Parachute-Moc-M2-with-Internal-Flight-Termination-System-MOC-2511-Kronos-for-Mavic-4-C5.webp\",\"width\":2048,\"height\":2048},{\"@type\":\"BreadcrumbList\",\"@id\":\"https:\/\/koningdrone.be\/product\/dronavia-parachute-moc-m2-with-internal-flight-termination-system-moc-2511-kronos-for-mavic-4-c5\/#breadcrumb\",\"itemListElement\":[{\"@type\":\"ListItem\",\"position\":1,\"name\":\"Home\",\"item\":\"https:\/\/koningdrone.be\/\"},{\"@type\":\"ListItem\",\"position\":2,\"name\":\"AVSS Parachute Recovery System for DJI Matrice 300\/350\",\"item\":\"https:\/\/koningdrone.be\/product\/avss-parachute-recovery-system-for-dji-matrice-300-350\/\"},{\"@type\":\"ListItem\",\"position\":3,\"name\":\"Alle parachutes\",\"item\":\"https:\/\/koningdrone.be\/categorie\/alle-parachutes\/\"},{\"@type\":\"ListItem\",\"position\":4,\"name\":\"Dronavia Parachute Moc M2 with Internal Flight Termination System MOC 2511 Kronos for Mavic 4 \/ C5\"}]},{\"@type\":\"WebSite\",\"@id\":\"https:\/\/koningdrone.be\/#website\",\"url\":\"https:\/\/koningdrone.be\/\",\"name\":\"Koningdrone.be - Uw online specialist in drones, gimbals, camera's en power stations.\",\"description\":\"De webshop in drones en gimbals\",\"publisher\":{\"@id\":\"https:\/\/koningdrone.be\/#organization\"},\"potentialAction\":[{\"@type\":\"SearchAction\",\"target\":{\"@type\":\"EntryPoint\",\"urlTemplate\":\"https:\/\/koningdrone.be\/?s={search_term_string}\"},\"query-input\":{\"@type\":\"PropertyValueSpecification\",\"valueRequired\":true,\"valueName\":\"search_term_string\"}}],\"inLanguage\":\"de\"},{\"@type\":\"Organization\",\"@id\":\"https:\/\/koningdrone.be\/#organization\",\"name\":\"Koningdrone.be\",\"url\":\"https:\/\/koningdrone.be\/\",\"logo\":{\"@type\":\"ImageObject\",\"inLanguage\":\"de\",\"@id\":\"https:\/\/koningdrone.be\/#\/schema\/logo\/image\/\",\"url\":\"https:\/\/koningdrone.be\/wp-content\/uploads\/sites\/13\/2025\/04\/koningdrone-copyright-logo.svg\",\"contentUrl\":\"https:\/\/koningdrone.be\/wp-content\/uploads\/sites\/13\/2025\/04\/koningdrone-copyright-logo.svg\",\"width\":227,\"height\":38,\"caption\":\"Koningdrone.be\"},\"image\":{\"@id\":\"https:\/\/koningdrone.be\/#\/schema\/logo\/image\/\"}}]}<\/script>\n<!-- \/ Yoast SEO Premium plugin. -->","yoast_head_json":{"title":"Dronavia Parachute Moc M2 with Internal Flight Termination System MOC 2511 Kronos for Mavic 4 \/ C5 - koningdrone.be","robots":{"index":"index","follow":"follow","max-snippet":"max-snippet:-1","max-image-preview":"max-image-preview:large","max-video-preview":"max-video-preview:-1"},"canonical":"https:\/\/koningdrone.be\/de\/produkt\/dronavia-parachute-moc-m2-with-internal-flight-termination-system-moc-2511-kronos-for-mavic-4-c5\/","og_locale":"de_DE","og_type":"article","og_title":"Dronavia Parachute Moc M2 with Internal Flight Termination System MOC 2511 Kronos for Mavic 4 \/ C5","og_description":"Autonome parachute-activatie in minder dan 0,27 seconden  Interne Flight Termination System (FTS) voor directe motoruitschakeling  Upgrade van C2 drone naar C5-classificatie volgens EASA-normen  Klick-remote voor handmatige activatie tot 1,5 km (optioneel tot 10 km)  Herbruikbaar POD-systeem voor snelle reset na parachute-deploy","og_url":"https:\/\/koningdrone.be\/de\/produkt\/dronavia-parachute-moc-m2-with-internal-flight-termination-system-moc-2511-kronos-for-mavic-4-c5\/","og_site_name":"koningdrone.be","article_modified_time":"2026-04-29T14:30:07+00:00","og_image":[{"width":2048,"height":2048,"url":"https:\/\/koningdrone.be\/wp-content\/uploads\/sites\/13\/2026\/03\/Dronavia-Parachute-Moc-M2-with-Internal-Flight-Termination-System-MOC-2511-Kronos-for-Mavic-4-C5.webp","type":"image\/webp"}],"twitter_card":"summary_large_image","twitter_misc":{"Gesch\u00e4tzte Lesezeit":"3\u00a0Minuten"},"schema":{"@context":"https:\/\/schema.org","@graph":[{"@type":"WebPage","@id":"https:\/\/koningdrone.be\/product\/dronavia-parachute-moc-m2-with-internal-flight-termination-system-moc-2511-kronos-for-mavic-4-c5\/","url":"https:\/\/koningdrone.be\/product\/dronavia-parachute-moc-m2-with-internal-flight-termination-system-moc-2511-kronos-for-mavic-4-c5\/","name":"Dronavia Parachute Moc M2 with Internal Flight Termination System MOC 2511 Kronos for Mavic 4 \/ C5 - koningdrone.be","isPartOf":{"@id":"https:\/\/koningdrone.be\/#website"},"primaryImageOfPage":{"@id":"https:\/\/koningdrone.be\/product\/dronavia-parachute-moc-m2-with-internal-flight-termination-system-moc-2511-kronos-for-mavic-4-c5\/#primaryimage"},"image":{"@id":"https:\/\/koningdrone.be\/product\/dronavia-parachute-moc-m2-with-internal-flight-termination-system-moc-2511-kronos-for-mavic-4-c5\/#primaryimage"},"thumbnailUrl":"https:\/\/koningdrone.be\/wp-content\/uploads\/sites\/13\/2026\/03\/Dronavia-Parachute-Moc-M2-with-Internal-Flight-Termination-System-MOC-2511-Kronos-for-Mavic-4-C5.webp","datePublished":"2026-03-28T14:00:49+00:00","dateModified":"2026-04-29T14:30:07+00:00","breadcrumb":{"@id":"https:\/\/koningdrone.be\/product\/dronavia-parachute-moc-m2-with-internal-flight-termination-system-moc-2511-kronos-for-mavic-4-c5\/#breadcrumb"},"inLanguage":"de","potentialAction":[{"@type":"ReadAction","target":["https:\/\/koningdrone.be\/product\/dronavia-parachute-moc-m2-with-internal-flight-termination-system-moc-2511-kronos-for-mavic-4-c5\/"]}]},{"@type":"ImageObject","inLanguage":"de","@id":"https:\/\/koningdrone.be\/product\/dronavia-parachute-moc-m2-with-internal-flight-termination-system-moc-2511-kronos-for-mavic-4-c5\/#primaryimage","url":"https:\/\/koningdrone.be\/wp-content\/uploads\/sites\/13\/2026\/03\/Dronavia-Parachute-Moc-M2-with-Internal-Flight-Termination-System-MOC-2511-Kronos-for-Mavic-4-C5.webp","contentUrl":"https:\/\/koningdrone.be\/wp-content\/uploads\/sites\/13\/2026\/03\/Dronavia-Parachute-Moc-M2-with-Internal-Flight-Termination-System-MOC-2511-Kronos-for-Mavic-4-C5.webp","width":2048,"height":2048},{"@type":"BreadcrumbList","@id":"https:\/\/koningdrone.be\/product\/dronavia-parachute-moc-m2-with-internal-flight-termination-system-moc-2511-kronos-for-mavic-4-c5\/#breadcrumb","itemListElement":[{"@type":"ListItem","position":1,"name":"Home","item":"https:\/\/koningdrone.be\/"},{"@type":"ListItem","position":2,"name":"AVSS Parachute Recovery System for DJI Matrice 300\/350","item":"https:\/\/koningdrone.be\/product\/avss-parachute-recovery-system-for-dji-matrice-300-350\/"},{"@type":"ListItem","position":3,"name":"Alle parachutes","item":"https:\/\/koningdrone.be\/categorie\/alle-parachutes\/"},{"@type":"ListItem","position":4,"name":"Dronavia Parachute Moc M2 with Internal Flight Termination System MOC 2511 Kronos for Mavic 4 \/ C5"}]},{"@type":"WebSite","@id":"https:\/\/koningdrone.be\/#website","url":"https:\/\/koningdrone.be\/","name":"Koningdrone.be - Ihr Online-Spezialist f\u00fcr Drohnen, Gimbals, Kameras und Kraftwerke.","description":"Der Webshop f\u00fcr Drohnen und Gimbals","publisher":{"@id":"https:\/\/koningdrone.be\/#organization"},"potentialAction":[{"@type":"SearchAction","target":{"@type":"EntryPoint","urlTemplate":"https:\/\/koningdrone.be\/?s={search_term_string}"},"query-input":{"@type":"PropertyValueSpecification","valueRequired":true,"valueName":"search_term_string"}}],"inLanguage":"de"},{"@type":"Organization","@id":"https:\/\/koningdrone.be\/#organization","name":"Kingdrone.de","url":"https:\/\/koningdrone.be\/","logo":{"@type":"ImageObject","inLanguage":"de","@id":"https:\/\/koningdrone.be\/#\/schema\/logo\/image\/","url":"https:\/\/koningdrone.be\/wp-content\/uploads\/sites\/13\/2025\/04\/koningdrone-copyright-logo.svg","contentUrl":"https:\/\/koningdrone.be\/wp-content\/uploads\/sites\/13\/2025\/04\/koningdrone-copyright-logo.svg","width":227,"height":38,"caption":"Koningdrone.be"},"image":{"@id":"https:\/\/koningdrone.be\/#\/schema\/logo\/image\/"}}]}},"df_price":1813.79,"df_sale_price":"","df_regular_price":1813.79,"df_image_link":"https:\/\/koningdrone.be\/wp-content\/uploads\/sites\/13\/2026\/03\/Dronavia-Parachute-Moc-M2-with-Internal-Flight-Termination-System-MOC-2511-Kronos-for-Mavic-4-C5-300x300.webp","_links":{"self":[{"href":"https:\/\/koningdrone.be\/de\/wp-json\/wp\/v2\/product\/18042","targetHints":{"allow":["GET"]}}],"collection":[{"href":"https:\/\/koningdrone.be\/de\/wp-json\/wp\/v2\/product"}],"about":[{"href":"https:\/\/koningdrone.be\/de\/wp-json\/wp\/v2\/types\/product"}],"wp:featuredmedia":[{"embeddable":true,"href":"https:\/\/koningdrone.be\/de\/wp-json\/wp\/v2\/media\/18043"}],"wp:attachment":[{"href":"https:\/\/koningdrone.be\/de\/wp-json\/wp\/v2\/media?parent=18042"}],"wp:term":[{"taxonomy":"product_brand","embeddable":true,"href":"https:\/\/koningdrone.be\/de\/wp-json\/wp\/v2\/product_brand?post=18042"},{"taxonomy":"product_cat","embeddable":true,"href":"https:\/\/koningdrone.be\/de\/wp-json\/wp\/v2\/product_cat?post=18042"},{"taxonomy":"product_tag","embeddable":true,"href":"https:\/\/koningdrone.be\/de\/wp-json\/wp\/v2\/product_tag?post=18042"}],"curies":[{"name":"wp","href":"https:\/\/api.w.org\/{rel}","templated":true}]}}