{"id":18015,"date":"2026-04-03T18:11:36","date_gmt":"2026-04-03T16:11:36","guid":{"rendered":"https:\/\/koningdrone.be\/?post_type=product&#038;p=18015"},"modified":"2026-04-29T04:31:02","modified_gmt":"2026-04-29T02:31:02","slug":"dji-avata-360-motion-fly-more-combo-including-rc-motion-3-goggles-n3","status":"publish","type":"product","link":"https:\/\/koningdrone.be\/de\/produkt\/dji-avata-360-motion-fly-more-combo-including-rc-motion-3-goggles-n3\/","title":{"rendered":"DJI Avata 360 - Motion Fly More Combo - einschlie\u00dflich RC Motion 3 &amp; Goggles N3"},"content":{"rendered":"<h3>DJI Avata 360 Motion Fly More Combo: Das ultimative, intuitive Flugerlebnis<\/h3>\n<p><iframe loading=\"lazy\" title=\"Lernen Sie DJI Avata 360 kennen - \u00fcber alles, alles sehen\" width=\"800\" height=\"450\" src=\"https:\/\/www.youtube.com\/embed\/LFZmfqA48ec?feature=oembed&#038;enablejsapi=1&#038;origin=https:\/\/koningdrone.be\" frameborder=\"0\" allow=\"accelerometer; autoplay; clipboard-write; encrypted-media; gyroscope; picture-in-picture; web-share\" referrerpolicy=\"strict-origin-when-cross-origin\" allowfullscreen><\/iframe><\/p>\n<p style=\"margin: 20px 0\">Die DJI Avata 360 Motion Fly More Combo wurde f\u00fcr diejenigen entwickelt, die die Grenze zwischen Pilot und Maschine verwischen wollen. Die Kombination der leistungsstarken Avata 360 mit der RC Motion 3 und der Goggles N3 schafft ein Flugerlebnis, das sich so nat\u00fcrlich anf\u00fchlt wie das Zeigen mit der Hand. W\u00e4hrend Sie mit noch nie dagewesener Pr\u00e4zision durch die Luft gleiten, nehmen die dualen 64 MP-Sensoren buchst\u00e4blich alles um Sie herum in 8K-Aufl\u00f6sung auf. Mit den zus\u00e4tzlichen Batterien der Fly More Combo sind Sie nicht l\u00e4nger an kurze Sessions gebunden, sondern k\u00f6nnen stundenlang die Welt aus einer v\u00f6llig neuen, immersiven Perspektive erkunden und einfangen.<\/p>\n<p><a href=\"https:\/\/koningdrone.nl\/wp-content\/uploads\/2026\/03\/DJI-Avata-360-Motion-Fly-More-Combo-including-RC-Motion-3-Goggles-N3.webp\"><img loading=\"lazy\" decoding=\"async\" class=\"aligncenter wp-image-470957 size-full\" src=\"https:\/\/koningdrone.nl\/wp-content\/uploads\/2026\/03\/DJI-Avata-360-Motion-Fly-More-Combo-including-RC-Motion-3-Goggles-N3.webp\" alt=\"DJI Avata 360 - Motion Fly More Combo - including RC Motion 3 &amp; Goggles N3\" width=\"1200\" height=\"800\" \/><\/a><\/p>\n<h4>Revolution\u00e4re Sehkraft &amp; Post-Flight Direction<\/h4>\n<p><span style=\"font-weight: 400\">Der Avata 360 verwandelt jeden Flug in ein filmisches Meisterwerk:<\/span><\/p>\n<ul>\n<li style=\"font-weight: 400\"><b>Zwei 1\/1,1-Zoll-64-MP-Sensoren:<\/b><span style=\"font-weight: 400\"> Diese extragro\u00dfen Sensoren bieten eine hervorragende Lichtleistung und einen beeindruckenden Dynamikbereich. Ganz gleich, ob Sie Aufnahmen in <\/span><b>120 MP<\/b><span style=\"font-weight: 400\"> oder Filmen in <\/span><b>8K bei 60 fps<\/b><span style=\"font-weight: 400\">, So bleibt die Bildqualit\u00e4t auch bei schwierigen Lichtverh\u00e4ltnissen professionell.<\/span><\/li>\n<li style=\"font-weight: 400\"><b>Grenzenloses Re-Framing:<\/b><span style=\"font-weight: 400\"> Da die Drohne in voller Atmosph\u00e4re aufnimmt, m\u00fcssen Sie sich keine Sorgen machen, dass Sie das Motiv beim Fliegen verpassen. Sie entscheiden erst bei der Bearbeitung, ob Sie einen dramatischen Zoom, einen sanften Schwenk oder einen vertikalen Ausschnitt f\u00fcr soziale Medien erstellen m\u00f6chten.<\/span><\/li>\n<li style=\"font-weight: 400\"><b>Schutzbrille N3 Immersion:<\/b> Setzen Sie die Goggles N3 auf und steigen Sie direkt in das Cockpit. Das kristallklare Display und die geringe Latenz sorgen f\u00fcr ein Flugerlebnis, bei dem du dich eins mit der Drohne f\u00fchlst, w\u00e4hrend die 360\u00b0-Kameras in der Zwischenzeit jeden Winkel der Umgebung sichern.<\/li>\n<\/ul>\n<p><a href=\"https:\/\/koningdrone.nl\/wp-content\/uploads\/2026\/03\/DJI-Product-Avata-360-Motion-Fly-More-Combo-including-RC-Motion-3-Goggles-N3.webp\"><img loading=\"lazy\" decoding=\"async\" class=\"size-medium wp-image-470955 aligncenter\" src=\"https:\/\/koningdrone.nl\/wp-content\/uploads\/2026\/03\/DJI-Product-Avata-360-Motion-Fly-More-Combo-including-RC-Motion-3-Goggles-N3-300x300.webp\" alt=\"DJI Product Avata 360 - Motion Fly More Combo - including RC Motion 3 &amp; Goggles N3\" width=\"300\" height=\"300\" \/><\/a><\/p>\n<h4>Intuitive Bewegungssteuerung und mehr Ausdauer beim Fliegen<\/h4>\n<p><span style=\"font-weight: 400\">Die Hardware ist f\u00fcr instinktives Handeln und lang anhaltende Produktivit\u00e4t ausgelegt:<\/span><\/p>\n<ul>\n<li style=\"font-weight: 400\"><b>DJI RC Motion 3:<\/b><span style=\"font-weight: 400\"> Steuern Sie die Drohne mit einfachen Handbewegungen. Neigen, Drehen und Beschleunigen sind v\u00f6llig intuitiv und machen selbst komplexe FPV-Man\u00f6ver f\u00fcr alle zug\u00e4nglich, ohne die steile Lernkurve herk\u00f6mmlicher Controller.<\/span><\/li>\n<li style=\"font-weight: 400\"><b>Fly More-Paket:<\/b><span style=\"font-weight: 400\"> Mit insgesamt drei Batterien haben Sie etwa <\/span><b>70 Minuten effektive Flugzeit<\/b><span style=\"font-weight: 400\">. Die mitgelieferte Ladestation erm\u00f6glicht ein effizientes Arbeiten, was bei Aufnahmen an abgelegenen Orten oder an intensiven Drehtagen entscheidend ist.<\/span><\/li>\n<li style=\"font-weight: 400\"><b>Cinewhoop Sicherheit:<\/b> Mit dem integrierten Propellerschutz und den omnidirektionalen Sensoren k\u00f6nnen Sie sicher durch enge Korridore oder niedrig \u00fcber dem Boden fliegen. Mit einem Gewicht von <b>455 Gramm<\/b> Die Drohne bleibt auch bei starkem Wind sehr wendig und stabil.<\/li>\n<\/ul>\n<p><a href=\"https:\/\/koningdrone.nl\/wp-content\/uploads\/2026\/03\/DJI-Avata-360-including-RC-Motion-3-Goggles-N3-Product-Motion-Fly-More-Combo.webp\"><img loading=\"lazy\" decoding=\"async\" class=\"size-medium wp-image-470944 aligncenter\" src=\"https:\/\/koningdrone.nl\/wp-content\/uploads\/2026\/03\/DJI-Avata-360-including-RC-Motion-3-Goggles-N3-Product-Motion-Fly-More-Combo-300x300.webp\" alt=\"DJI Avata 360 - including RC Motion 3 &amp; Goggles N3 - Product Motion Fly More Combo\" width=\"300\" height=\"300\" \/><\/a><\/p>\n<h4>Warum die Motion Fly More Combo unverzichtbar ist<\/h4>\n<p><span style=\"font-weight: 400\">Die DJI Avata 360 Motion Fly More Combo ist der umfassendste Einstieg in die Welt des High-End-FPV und der 360\u00b0-Videografie. Sie beseitigt die Barriere zwischen technischer Komplexit\u00e4t und kreativem Output. Sie m\u00fcssen kein erfahrener Pilot sein, um Aufnahmen zu erstellen, die wie eine Hollywood-Produktion aussehen. Mit den Zusatzakkus, den immersiven Brillen und der intuitiven Steuerung erhalten Sie ein System, das nicht nur Inhalte erstellt, sondern auch eine Geschichte aus jedem erdenklichen Blickwinkel erz\u00e4hlt.<\/span><\/p>","protected":false},"excerpt":{"rendered":"<ul>\n<li>Komplettset mit Goggles N3 und dem bewegungssensitiven RC Motion 3 Controller<\/li>\n<li>8K\/60fps HDR 360-Grad-Aufnahmen f\u00fcr maximale Kreativit\u00e4t in der Postproduktion<\/li>\n<li>Intuitive Bewegungssteuerung, die direkt auf Ihre Handgesten reagiert<\/li>\n<li>Inklusive drei Akkus und Ladestation f\u00fcr einen ganzen Tag ununterbrochenen Flugspa\u00df<\/li>\n<li>42 GB interner Speicher, damit Sie jeden Moment sofort festhalten k\u00f6nnen<\/li>\n<li>Omnidirektionale Erkennung mit LiDAR, effektiv f\u00fcr sicheres Fliegen in komplexen Umgebungen<\/li>\n<li>O4+ System f\u00fcr ein stabiles Bildsignal mit hoher Aufl\u00f6sung und geringer Verz\u00f6gerung<br \/>\n- Einfache ACRO-Funktionalit\u00e4t f\u00fcr spektakul\u00e4re Flugman\u00f6ver auf Tastendruck<\/li>\n<\/ul>","protected":false},"featured_media":18017,"template":"","meta":{"_acf_changed":false},"product_brand":[],"product_cat":[1838],"product_tag":[],"class_list":{"0":"post-18015","1":"product","2":"type-product","3":"status-publish","4":"has-post-thumbnail","6":"product_cat-dji-avata-360","7":"product_shipping_class-dronelandall","8":"pa_brand-dji","9":"pa_producttype-enterprise-drone","10":"pa_series-avata","12":"first","13":"instock","14":"taxable","15":"shipping-taxable","16":"purchasable","17":"product-type-simple"},"acf":[],"yoast_head":"<!-- This site is optimized with the Yoast SEO Premium plugin v27.2 (Yoast SEO v27.2) - https:\/\/yoast.com\/product\/yoast-seo-premium-wordpress\/ -->\n<title>DJI Avata 360 - Motion Fly More Combo - including RC Motion 3 &amp; Goggles N3 - koningdrone.be<\/title>\n<meta name=\"robots\" content=\"index, follow, max-snippet:-1, max-image-preview:large, max-video-preview:-1\" \/>\n<link rel=\"canonical\" href=\"https:\/\/koningdrone.be\/de\/produkt\/dji-avata-360-motion-fly-more-combo-including-rc-motion-3-goggles-n3\/\" \/>\n<meta property=\"og:locale\" content=\"de_DE\" \/>\n<meta property=\"og:type\" content=\"article\" \/>\n<meta property=\"og:title\" content=\"DJI Avata 360 - Motion Fly More Combo - including RC Motion 3 &amp; Goggles N3\" \/>\n<meta property=\"og:description\" content=\"Complete set met Goggles N3 en de bewegingsgevoelige RC Motion 3 controller  8K\/60fps HDR 360-graden opnames voor maximale creativiteit in de nabewerking  Intu\u00eftieve bewegingsbesturing die direct reageert op je handgebaren  Inclusief drie accu&#039;s en oplaadhub voor een hele dag ononderbroken vliegplezier  42GB interne opslag zodat je elk moment direct kunt vastleggen  Omnidirectionele detectie met LiDAR, effectief voor veilig vliegen in complexe omgevingen  O4+ systeem voor een stabiel beeldsignaal met hoge resolutie en lage vertraging \u2022 Easy ACRO-functionaliteit voor spectaculaire luchtmanoeuvres met \u00e9\u00e9n druk op de knop\" \/>\n<meta property=\"og:url\" content=\"https:\/\/koningdrone.be\/de\/produkt\/dji-avata-360-motion-fly-more-combo-including-rc-motion-3-goggles-n3\/\" \/>\n<meta property=\"og:site_name\" content=\"koningdrone.be\" \/>\n<meta property=\"article:modified_time\" content=\"2026-04-29T02:31:02+00:00\" \/>\n<meta property=\"og:image\" content=\"https:\/\/koningdrone.be\/wp-content\/uploads\/sites\/13\/2026\/03\/DJI-Product-Avata-360-Motion-Fly-More-Combo-including-RC-Motion-3-Goggles-N3.webp\" \/>\n\t<meta property=\"og:image:width\" content=\"2048\" \/>\n\t<meta property=\"og:image:height\" content=\"2048\" \/>\n\t<meta property=\"og:image:type\" content=\"image\/webp\" \/>\n<meta name=\"twitter:card\" content=\"summary_large_image\" \/>\n<meta name=\"twitter:label1\" content=\"Gesch\u00e4tzte Lesezeit\" \/>\n\t<meta name=\"twitter:data1\" content=\"2\u00a0Minuten\" \/>\n<script type=\"application\/ld+json\" class=\"yoast-schema-graph\">{\"@context\":\"https:\/\/schema.org\",\"@graph\":[{\"@type\":\"WebPage\",\"@id\":\"https:\/\/koningdrone.be\/product\/dji-avata-360-motion-fly-more-combo-including-rc-motion-3-goggles-n3\/\",\"url\":\"https:\/\/koningdrone.be\/product\/dji-avata-360-motion-fly-more-combo-including-rc-motion-3-goggles-n3\/\",\"name\":\"DJI Avata 360 - Motion Fly More Combo - including RC Motion 3 &amp; Goggles N3 - koningdrone.be\",\"isPartOf\":{\"@id\":\"https:\/\/koningdrone.be\/#website\"},\"primaryImageOfPage\":{\"@id\":\"https:\/\/koningdrone.be\/product\/dji-avata-360-motion-fly-more-combo-including-rc-motion-3-goggles-n3\/#primaryimage\"},\"image\":{\"@id\":\"https:\/\/koningdrone.be\/product\/dji-avata-360-motion-fly-more-combo-including-rc-motion-3-goggles-n3\/#primaryimage\"},\"thumbnailUrl\":\"https:\/\/koningdrone.be\/wp-content\/uploads\/sites\/13\/2026\/03\/DJI-Product-Avata-360-Motion-Fly-More-Combo-including-RC-Motion-3-Goggles-N3.webp\",\"datePublished\":\"2026-04-03T16:11:36+00:00\",\"dateModified\":\"2026-04-29T02:31:02+00:00\",\"breadcrumb\":{\"@id\":\"https:\/\/koningdrone.be\/product\/dji-avata-360-motion-fly-more-combo-including-rc-motion-3-goggles-n3\/#breadcrumb\"},\"inLanguage\":\"de\",\"potentialAction\":[{\"@type\":\"ReadAction\",\"target\":[\"https:\/\/koningdrone.be\/product\/dji-avata-360-motion-fly-more-combo-including-rc-motion-3-goggles-n3\/\"]}]},{\"@type\":\"ImageObject\",\"inLanguage\":\"de\",\"@id\":\"https:\/\/koningdrone.be\/product\/dji-avata-360-motion-fly-more-combo-including-rc-motion-3-goggles-n3\/#primaryimage\",\"url\":\"https:\/\/koningdrone.be\/wp-content\/uploads\/sites\/13\/2026\/03\/DJI-Product-Avata-360-Motion-Fly-More-Combo-including-RC-Motion-3-Goggles-N3.webp\",\"contentUrl\":\"https:\/\/koningdrone.be\/wp-content\/uploads\/sites\/13\/2026\/03\/DJI-Product-Avata-360-Motion-Fly-More-Combo-including-RC-Motion-3-Goggles-N3.webp\",\"width\":2048,\"height\":2048},{\"@type\":\"BreadcrumbList\",\"@id\":\"https:\/\/koningdrone.be\/product\/dji-avata-360-motion-fly-more-combo-including-rc-motion-3-goggles-n3\/#breadcrumb\",\"itemListElement\":[{\"@type\":\"ListItem\",\"position\":1,\"name\":\"Home\",\"item\":\"https:\/\/koningdrone.be\/\"},{\"@type\":\"ListItem\",\"position\":2,\"name\":\"AVSS Parachute Recovery System for DJI Matrice 300\/350\",\"item\":\"https:\/\/koningdrone.be\/product\/avss-parachute-recovery-system-for-dji-matrice-300-350\/\"},{\"@type\":\"ListItem\",\"position\":3,\"name\":\"DJI Avata 360\",\"item\":\"https:\/\/koningdrone.be\/categorie\/dji-avata-360\/\"},{\"@type\":\"ListItem\",\"position\":4,\"name\":\"DJI Avata 360 &#8211; Motion Fly More Combo &#8211; including RC Motion 3 &amp; Goggles N3\"}]},{\"@type\":\"WebSite\",\"@id\":\"https:\/\/koningdrone.be\/#website\",\"url\":\"https:\/\/koningdrone.be\/\",\"name\":\"Koningdrone.be - Uw online specialist in drones, gimbals, camera's en power stations.\",\"description\":\"De webshop in drones en gimbals\",\"publisher\":{\"@id\":\"https:\/\/koningdrone.be\/#organization\"},\"potentialAction\":[{\"@type\":\"SearchAction\",\"target\":{\"@type\":\"EntryPoint\",\"urlTemplate\":\"https:\/\/koningdrone.be\/?s={search_term_string}\"},\"query-input\":{\"@type\":\"PropertyValueSpecification\",\"valueRequired\":true,\"valueName\":\"search_term_string\"}}],\"inLanguage\":\"de\"},{\"@type\":\"Organization\",\"@id\":\"https:\/\/koningdrone.be\/#organization\",\"name\":\"Koningdrone.be\",\"url\":\"https:\/\/koningdrone.be\/\",\"logo\":{\"@type\":\"ImageObject\",\"inLanguage\":\"de\",\"@id\":\"https:\/\/koningdrone.be\/#\/schema\/logo\/image\/\",\"url\":\"https:\/\/koningdrone.be\/wp-content\/uploads\/sites\/13\/2025\/04\/koningdrone-copyright-logo.svg\",\"contentUrl\":\"https:\/\/koningdrone.be\/wp-content\/uploads\/sites\/13\/2025\/04\/koningdrone-copyright-logo.svg\",\"width\":227,\"height\":38,\"caption\":\"Koningdrone.be\"},\"image\":{\"@id\":\"https:\/\/koningdrone.be\/#\/schema\/logo\/image\/\"}}]}<\/script>\n<!-- \/ Yoast SEO Premium plugin. -->","yoast_head_json":{"title":"DJI Avata 360 - Motion Fly More Combo - including RC Motion 3 &amp; Goggles N3 - koningdrone.be","robots":{"index":"index","follow":"follow","max-snippet":"max-snippet:-1","max-image-preview":"max-image-preview:large","max-video-preview":"max-video-preview:-1"},"canonical":"https:\/\/koningdrone.be\/de\/produkt\/dji-avata-360-motion-fly-more-combo-including-rc-motion-3-goggles-n3\/","og_locale":"de_DE","og_type":"article","og_title":"DJI Avata 360 - Motion Fly More Combo - including RC Motion 3 &amp; Goggles N3","og_description":"Complete set met Goggles N3 en de bewegingsgevoelige RC Motion 3 controller  8K\/60fps HDR 360-graden opnames voor maximale creativiteit in de nabewerking  Intu\u00eftieve bewegingsbesturing die direct reageert op je handgebaren  Inclusief drie accu's en oplaadhub voor een hele dag ononderbroken vliegplezier  42GB interne opslag zodat je elk moment direct kunt vastleggen  Omnidirectionele detectie met LiDAR, effectief voor veilig vliegen in complexe omgevingen  O4+ systeem voor een stabiel beeldsignaal met hoge resolutie en lage vertraging \u2022 Easy ACRO-functionaliteit voor spectaculaire luchtmanoeuvres met \u00e9\u00e9n druk op de knop","og_url":"https:\/\/koningdrone.be\/de\/produkt\/dji-avata-360-motion-fly-more-combo-including-rc-motion-3-goggles-n3\/","og_site_name":"koningdrone.be","article_modified_time":"2026-04-29T02:31:02+00:00","og_image":[{"width":2048,"height":2048,"url":"https:\/\/koningdrone.be\/wp-content\/uploads\/sites\/13\/2026\/03\/DJI-Product-Avata-360-Motion-Fly-More-Combo-including-RC-Motion-3-Goggles-N3.webp","type":"image\/webp"}],"twitter_card":"summary_large_image","twitter_misc":{"Gesch\u00e4tzte Lesezeit":"2\u00a0Minuten"},"schema":{"@context":"https:\/\/schema.org","@graph":[{"@type":"WebPage","@id":"https:\/\/koningdrone.be\/product\/dji-avata-360-motion-fly-more-combo-including-rc-motion-3-goggles-n3\/","url":"https:\/\/koningdrone.be\/product\/dji-avata-360-motion-fly-more-combo-including-rc-motion-3-goggles-n3\/","name":"DJI Avata 360 - Motion Fly More Combo - including RC Motion 3 &amp; Goggles N3 - koningdrone.be","isPartOf":{"@id":"https:\/\/koningdrone.be\/#website"},"primaryImageOfPage":{"@id":"https:\/\/koningdrone.be\/product\/dji-avata-360-motion-fly-more-combo-including-rc-motion-3-goggles-n3\/#primaryimage"},"image":{"@id":"https:\/\/koningdrone.be\/product\/dji-avata-360-motion-fly-more-combo-including-rc-motion-3-goggles-n3\/#primaryimage"},"thumbnailUrl":"https:\/\/koningdrone.be\/wp-content\/uploads\/sites\/13\/2026\/03\/DJI-Product-Avata-360-Motion-Fly-More-Combo-including-RC-Motion-3-Goggles-N3.webp","datePublished":"2026-04-03T16:11:36+00:00","dateModified":"2026-04-29T02:31:02+00:00","breadcrumb":{"@id":"https:\/\/koningdrone.be\/product\/dji-avata-360-motion-fly-more-combo-including-rc-motion-3-goggles-n3\/#breadcrumb"},"inLanguage":"de","potentialAction":[{"@type":"ReadAction","target":["https:\/\/koningdrone.be\/product\/dji-avata-360-motion-fly-more-combo-including-rc-motion-3-goggles-n3\/"]}]},{"@type":"ImageObject","inLanguage":"de","@id":"https:\/\/koningdrone.be\/product\/dji-avata-360-motion-fly-more-combo-including-rc-motion-3-goggles-n3\/#primaryimage","url":"https:\/\/koningdrone.be\/wp-content\/uploads\/sites\/13\/2026\/03\/DJI-Product-Avata-360-Motion-Fly-More-Combo-including-RC-Motion-3-Goggles-N3.webp","contentUrl":"https:\/\/koningdrone.be\/wp-content\/uploads\/sites\/13\/2026\/03\/DJI-Product-Avata-360-Motion-Fly-More-Combo-including-RC-Motion-3-Goggles-N3.webp","width":2048,"height":2048},{"@type":"BreadcrumbList","@id":"https:\/\/koningdrone.be\/product\/dji-avata-360-motion-fly-more-combo-including-rc-motion-3-goggles-n3\/#breadcrumb","itemListElement":[{"@type":"ListItem","position":1,"name":"Home","item":"https:\/\/koningdrone.be\/"},{"@type":"ListItem","position":2,"name":"AVSS Parachute Recovery System for DJI Matrice 300\/350","item":"https:\/\/koningdrone.be\/product\/avss-parachute-recovery-system-for-dji-matrice-300-350\/"},{"@type":"ListItem","position":3,"name":"DJI Avata 360","item":"https:\/\/koningdrone.be\/categorie\/dji-avata-360\/"},{"@type":"ListItem","position":4,"name":"DJI Avata 360 &#8211; Motion Fly More Combo &#8211; including RC Motion 3 &amp; Goggles N3"}]},{"@type":"WebSite","@id":"https:\/\/koningdrone.be\/#website","url":"https:\/\/koningdrone.be\/","name":"Koningdrone.be - Ihr Online-Spezialist f\u00fcr Drohnen, Gimbals, Kameras und Kraftwerke.","description":"Der Webshop f\u00fcr Drohnen und Gimbals","publisher":{"@id":"https:\/\/koningdrone.be\/#organization"},"potentialAction":[{"@type":"SearchAction","target":{"@type":"EntryPoint","urlTemplate":"https:\/\/koningdrone.be\/?s={search_term_string}"},"query-input":{"@type":"PropertyValueSpecification","valueRequired":true,"valueName":"search_term_string"}}],"inLanguage":"de"},{"@type":"Organization","@id":"https:\/\/koningdrone.be\/#organization","name":"Kingdrone.de","url":"https:\/\/koningdrone.be\/","logo":{"@type":"ImageObject","inLanguage":"de","@id":"https:\/\/koningdrone.be\/#\/schema\/logo\/image\/","url":"https:\/\/koningdrone.be\/wp-content\/uploads\/sites\/13\/2025\/04\/koningdrone-copyright-logo.svg","contentUrl":"https:\/\/koningdrone.be\/wp-content\/uploads\/sites\/13\/2025\/04\/koningdrone-copyright-logo.svg","width":227,"height":38,"caption":"Koningdrone.be"},"image":{"@id":"https:\/\/koningdrone.be\/#\/schema\/logo\/image\/"}}]}},"df_price":930,"df_sale_price":"","df_regular_price":930,"df_image_link":"https:\/\/koningdrone.be\/wp-content\/uploads\/sites\/13\/2026\/03\/DJI-Product-Avata-360-Motion-Fly-More-Combo-including-RC-Motion-3-Goggles-N3-300x300.webp","_links":{"self":[{"href":"https:\/\/koningdrone.be\/de\/wp-json\/wp\/v2\/product\/18015","targetHints":{"allow":["GET"]}}],"collection":[{"href":"https:\/\/koningdrone.be\/de\/wp-json\/wp\/v2\/product"}],"about":[{"href":"https:\/\/koningdrone.be\/de\/wp-json\/wp\/v2\/types\/product"}],"wp:featuredmedia":[{"embeddable":true,"href":"https:\/\/koningdrone.be\/de\/wp-json\/wp\/v2\/media\/18017"}],"wp:attachment":[{"href":"https:\/\/koningdrone.be\/de\/wp-json\/wp\/v2\/media?parent=18015"}],"wp:term":[{"taxonomy":"product_brand","embeddable":true,"href":"https:\/\/koningdrone.be\/de\/wp-json\/wp\/v2\/product_brand?post=18015"},{"taxonomy":"product_cat","embeddable":true,"href":"https:\/\/koningdrone.be\/de\/wp-json\/wp\/v2\/product_cat?post=18015"},{"taxonomy":"product_tag","embeddable":true,"href":"https:\/\/koningdrone.be\/de\/wp-json\/wp\/v2\/product_tag?post=18015"}],"curies":[{"name":"wp","href":"https:\/\/api.w.org\/{rel}","templated":true}]}}