{"id":17979,"date":"2026-04-03T18:11:27","date_gmt":"2026-04-03T16:11:27","guid":{"rendered":"https:\/\/koningdrone.be\/?post_type=product&#038;p=17979"},"modified":"2026-04-29T04:31:01","modified_gmt":"2026-04-29T02:31:01","slug":"dji-avata-360-including-rc331-smart-controller","status":"publish","type":"product","link":"https:\/\/koningdrone.be\/de\/produkt\/dji-avata-360-including-rc331-smart-controller\/","title":{"rendered":"DJI Avata 360 - einschlie\u00dflich RC331 Smart Controller"},"content":{"rendered":"<h3>DJI Avata 360: Die Revolution bei immersiven FPV-Inhalten<\/h3>\n<p><iframe loading=\"lazy\" title=\"Lernen Sie DJI Avata 360 kennen - \u00fcber alles, alles sehen\" width=\"800\" height=\"450\" src=\"https:\/\/www.youtube.com\/embed\/LFZmfqA48ec?feature=oembed&#038;enablejsapi=1&#038;origin=https:\/\/koningdrone.be\" frameborder=\"0\" allow=\"accelerometer; autoplay; clipboard-write; encrypted-media; gyroscope; picture-in-picture; web-share\" referrerpolicy=\"strict-origin-when-cross-origin\" allowfullscreen><\/iframe><\/p>\n<p style=\"margin: 20px 0\">Der DJI Avata 360 mit RC331 Smart Controller er\u00f6ffnet eine neue Dimension f\u00fcr Filmemacher und FPV-Piloten. Dieses Ger\u00e4t kombiniert die Agilit\u00e4t eines Cinewhoop mit den grenzenlosen M\u00f6glichkeiten der 360\u00b0-Aufnahmetechnologie. Wo herk\u00f6mmliche Drohnen auf eine Blickrichtung beschr\u00e4nkt sind, nimmt der Avata 360 alles um ihn herum in atemberaubender Aufl\u00f6sung auf. Das bedeutet, dass Sie sich voll und ganz darauf konzentrieren k\u00f6nnen, w\u00e4hrend des Fluges durch enge L\u00fccken und komplexe Umgebungen zu fliegen und erst in der Postproduktion den perfekten Kamerawinkel zu w\u00e4hlen. Mit dem mitgelieferten RC331 Smart Controller haben Sie eine sofortige und klare Sicht, ohne dass Sie zus\u00e4tzliche Bildschirme oder Smartphones ben\u00f6tigen.<\/p>\n<p><a href=\"https:\/\/koningdrone.nl\/wp-content\/uploads\/2026\/03\/Product-Action-DJI-Avata-360-Including-RC331-Smart-Controller.webp\"><img loading=\"lazy\" decoding=\"async\" class=\"aligncenter wp-image-470878 size-full\" src=\"https:\/\/koningdrone.nl\/wp-content\/uploads\/2026\/03\/Product-Action-DJI-Avata-360-Including-RC331-Smart-Controller.webp\" alt=\"Product Action DJI Avata 360 - Including RC331 Smart Controller\" width=\"1200\" height=\"800\" \/><\/a><\/p>\n<h4>8K Dual-Sensor Leistung &amp; Unbegrenzte Neuausrichtung<\/h4>\n<p>Der Avata 360 ist ein visuelles Kraftpaket, das die Regeln der Komposition neu schreibt:<\/p>\n<ul>\n<li><strong>Dual-Sensor 8K-Aufnahme:<\/strong> Dank der strategisch platzierten Doppelsensoren nimmt die Drohne Bilder in <strong>8K-Aufl\u00f6sung<\/strong>. Dies gew\u00e4hrleistet eine noch nie dagewesene Sch\u00e4rfe, selbst wenn Sie einen bestimmten Teil des 360\u00b0-Bildes f\u00fcr ein Standard-Breitbild- oder Hochformat ausgew\u00e4hlt haben.<\/li>\n<li><strong>Post-Flight Framing:<\/strong> \u201cErst schie\u00dfen, dann zielen\u201d. Nie wieder m\u00fcssen Sie eine Aufnahme verpassen, weil die Drohne in die falsche Richtung geschaut hat. Bei der Bearbeitung k\u00f6nnen Sie flie\u00dfende Schwenks, Neigungen und Zooms zu Ihrem Filmmaterial hinzuf\u00fcgen, was zu unm\u00f6glichen Kamerabewegungen f\u00fchrt, die mit einer Standarddrohne nicht m\u00f6glich sind.<\/li>\n<li><strong>FPV Eintauchen mit Sicherheit:<\/strong> Erleben Sie den Nervenkitzel des Fliegens vom Cockpit aus. Dank der stabilen Flugleistung und der intelligenten Hinderniserkennung k\u00f6nnen Sie selbst in engen R\u00e4umen sicher navigieren, wobei die Drohne hilft, Kollisionen zu vermeiden.<\/li>\n<\/ul>\n<p><a href=\"https:\/\/koningdrone.nl\/wp-content\/uploads\/2026\/03\/DJI-Avata-360-Product-Including-RC331-Smart-Controller.webp\"><img loading=\"lazy\" decoding=\"async\" class=\"size-medium wp-image-470886 aligncenter\" src=\"https:\/\/koningdrone.nl\/wp-content\/uploads\/2026\/03\/DJI-Avata-360-Product-Including-RC331-Smart-Controller-300x300.webp\" alt=\"DJI Avata 360 Product - Including RC331 Smart Controller\" width=\"300\" height=\"300\" \/><\/a><\/p>\n<h4>Robustes Cinewhoop-Design und intuitive Steuerung<\/h4>\n<p>Konzipiert f\u00fcr den Einsatz in Innenr\u00e4umen und im Freien:<\/p>\n<ul>\n<li><strong>Integrierter Propellerschutz:<\/strong> Der Avata 360 eignet sich dank seines markanten Schutzrahmens perfekt f\u00fcr Fl\u00fcge in der N\u00e4he von Gegenst\u00e4nden, Menschen oder in Innenr\u00e4umen. Eine kleine Ber\u00fchrung mit einer Wand bedeutet nicht mehr das Ende Ihres Fluges.<\/li>\n<li><strong>RC331 Smart Controller:<\/strong> Der mitgelieferte Controller verf\u00fcgt \u00fcber eine <strong>ultra-helles eingebautes Display<\/strong>. Dies gew\u00e4hrleistet eine minimale Verz\u00f6gerung der Video\u00fcbertragung und maximale Zuverl\u00e4ssigkeit, so dass Sie die volle Kontrolle \u00fcber Ihren Flugweg haben, w\u00e4hrend die 360\u00b0-Sensoren ihre Arbeit erledigen.<\/li>\n<li><strong>20+ Minuten Flugzeit:<\/strong> F\u00fcr eine FPV-Drohne dieses Kalibers bietet die Avata 360 eine beeindruckende Ausdauer. Sie haben reichlich Zeit, um komplexe Fl\u00fcge durchzuf\u00fchren und mehrere Blickwinkel in einem einzigen Flug aufzunehmen.<\/li>\n<\/ul>\n<p><a href=\"https:\/\/koningdrone.nl\/wp-content\/uploads\/2026\/03\/Avata-360-DJI-Product-Including-RC331-Smart-Controller.webp\"><img loading=\"lazy\" decoding=\"async\" class=\"size-medium wp-image-470880 aligncenter\" src=\"https:\/\/koningdrone.nl\/wp-content\/uploads\/2026\/03\/Avata-360-DJI-Product-Including-RC331-Smart-Controller-300x300.webp\" alt=\"Avata 360 DJI - Product Including RC331 Smart Controller\" width=\"300\" height=\"300\" \/><\/a><\/p>\n<h4>Warum die DJI Avata 360 unverzichtbar ist<\/h4>\n<p>Die DJI Avata 360 ist das ultimative Werkzeug f\u00fcr Content Creators, die die Grenzen von Social Media und professioneller Videografie erweitern wollen. Sie macht Schluss mit dem Stress, Ihre Kamera in rasanten Action-Momenten perfekt auszurichten. Egal, ob Sie eine dynamische Tour durch ein Geb\u00e4ude oder eine rasante Verfolgungsjagd filmen - die Avata 360 garantiert Ihnen immer die perfekte Aufnahme, weil sie einfach alles sieht. Es ist eine zukunftssichere Investition in kreative Freiheit.<\/p>","protected":false},"excerpt":{"rendered":"<ul>\n<li>8K\/60fps HDR-Video und 120MP 360-Grad-Fotos f\u00fcr extreme Details<\/li>\n<li>Zwei 1\/1,1-Zoll-Sensoren mit hohem Dynamikbereich<\/li>\n<li>Omnidirektionale Hinderniserkennung mit nach vorne gerichtetem LiDAR f\u00fcr maximale Sicherheit<\/li>\n<li>Bis zu 23 Minuten Flugzeit pro Akku, um l\u00e4nger in der Luft zu bleiben<\/li>\n<li>42 GB interner Speicher, so dass Sie ohne externe Karte direkt aufnehmen k\u00f6nnen<\/li>\n<li>O4+ Full HD-Video\u00fcbertragung mit einer Reichweite von bis zu 10 km in Europa<\/li>\n<li>Inklusive DJI RC331 Controller mit integriertem Bildschirm f\u00fcr sofortige und pr\u00e4zise Nutzung<\/li>\n<\/ul>","protected":false},"featured_media":17981,"template":"","meta":{"_acf_changed":false},"product_brand":[],"product_cat":[1838],"product_tag":[],"class_list":{"0":"post-17979","1":"product","2":"type-product","3":"status-publish","4":"has-post-thumbnail","6":"product_cat-dji-avata-360","7":"product_shipping_class-dronelandall","8":"pa_brand-dji","9":"pa_producttype-enterprise-drone","10":"pa_series-avata","12":"first","13":"instock","14":"taxable","15":"shipping-taxable","16":"purchasable","17":"product-type-simple"},"acf":[],"yoast_head":"<!-- This site is optimized with the Yoast SEO Premium plugin v27.2 (Yoast SEO v27.2) - https:\/\/yoast.com\/product\/yoast-seo-premium-wordpress\/ -->\n<title>DJI Avata 360 - Including RC331 Smart Controller - koningdrone.be<\/title>\n<meta name=\"robots\" content=\"index, follow, max-snippet:-1, max-image-preview:large, max-video-preview:-1\" \/>\n<link rel=\"canonical\" href=\"https:\/\/koningdrone.be\/de\/produkt\/dji-avata-360-including-rc331-smart-controller\/\" \/>\n<meta property=\"og:locale\" content=\"de_DE\" \/>\n<meta property=\"og:type\" content=\"article\" \/>\n<meta property=\"og:title\" content=\"DJI Avata 360 - Including RC331 Smart Controller\" \/>\n<meta property=\"og:description\" content=\"8K\/60fps HDR video en 120MP 360-graden foto&#039;s voor extreem veel detail  Twee 1\/1.1-inch sensoren die zorgen voor een hoog dynamisch bereik  Omnidirectionele obstakeldetectie met forward-facing LiDAR voor maximale veiligheid  Tot 23 minuten vliegtijd per accu om langer in de lucht te kunnen blijven  42GB intern geheugen zodat je direct kunt opnemen zonder externe kaart  O4+ Full HD videotransmissie met een bereik tot 10km in Europa  Inclusief DJI RC331 controller met ingebouwd scherm voor direct en nauwkeurig gebruik\" \/>\n<meta property=\"og:url\" content=\"https:\/\/koningdrone.be\/de\/produkt\/dji-avata-360-including-rc331-smart-controller\/\" \/>\n<meta property=\"og:site_name\" content=\"koningdrone.be\" \/>\n<meta property=\"article:modified_time\" content=\"2026-04-29T02:31:01+00:00\" \/>\n<meta property=\"og:image\" content=\"https:\/\/koningdrone.be\/wp-content\/uploads\/sites\/13\/2026\/03\/DJI-Avata-360-Including-RC331-Smart-Controller.webp\" \/>\n\t<meta property=\"og:image:width\" content=\"2048\" \/>\n\t<meta property=\"og:image:height\" content=\"2048\" \/>\n\t<meta property=\"og:image:type\" content=\"image\/webp\" \/>\n<meta name=\"twitter:card\" content=\"summary_large_image\" \/>\n<meta name=\"twitter:label1\" content=\"Gesch\u00e4tzte Lesezeit\" \/>\n\t<meta name=\"twitter:data1\" content=\"2\u00a0Minuten\" \/>\n<script type=\"application\/ld+json\" class=\"yoast-schema-graph\">{\"@context\":\"https:\/\/schema.org\",\"@graph\":[{\"@type\":\"WebPage\",\"@id\":\"https:\/\/koningdrone.be\/product\/dji-avata-360-including-rc331-smart-controller\/\",\"url\":\"https:\/\/koningdrone.be\/product\/dji-avata-360-including-rc331-smart-controller\/\",\"name\":\"DJI Avata 360 - Including RC331 Smart Controller - koningdrone.be\",\"isPartOf\":{\"@id\":\"https:\/\/koningdrone.be\/#website\"},\"primaryImageOfPage\":{\"@id\":\"https:\/\/koningdrone.be\/product\/dji-avata-360-including-rc331-smart-controller\/#primaryimage\"},\"image\":{\"@id\":\"https:\/\/koningdrone.be\/product\/dji-avata-360-including-rc331-smart-controller\/#primaryimage\"},\"thumbnailUrl\":\"https:\/\/koningdrone.be\/wp-content\/uploads\/sites\/13\/2026\/03\/DJI-Avata-360-Including-RC331-Smart-Controller.webp\",\"datePublished\":\"2026-04-03T16:11:27+00:00\",\"dateModified\":\"2026-04-29T02:31:01+00:00\",\"breadcrumb\":{\"@id\":\"https:\/\/koningdrone.be\/product\/dji-avata-360-including-rc331-smart-controller\/#breadcrumb\"},\"inLanguage\":\"de\",\"potentialAction\":[{\"@type\":\"ReadAction\",\"target\":[\"https:\/\/koningdrone.be\/product\/dji-avata-360-including-rc331-smart-controller\/\"]}]},{\"@type\":\"ImageObject\",\"inLanguage\":\"de\",\"@id\":\"https:\/\/koningdrone.be\/product\/dji-avata-360-including-rc331-smart-controller\/#primaryimage\",\"url\":\"https:\/\/koningdrone.be\/wp-content\/uploads\/sites\/13\/2026\/03\/DJI-Avata-360-Including-RC331-Smart-Controller.webp\",\"contentUrl\":\"https:\/\/koningdrone.be\/wp-content\/uploads\/sites\/13\/2026\/03\/DJI-Avata-360-Including-RC331-Smart-Controller.webp\",\"width\":2048,\"height\":2048},{\"@type\":\"BreadcrumbList\",\"@id\":\"https:\/\/koningdrone.be\/product\/dji-avata-360-including-rc331-smart-controller\/#breadcrumb\",\"itemListElement\":[{\"@type\":\"ListItem\",\"position\":1,\"name\":\"Home\",\"item\":\"https:\/\/koningdrone.be\/\"},{\"@type\":\"ListItem\",\"position\":2,\"name\":\"AVSS Parachute Recovery System for DJI Matrice 300\/350\",\"item\":\"https:\/\/koningdrone.be\/product\/avss-parachute-recovery-system-for-dji-matrice-300-350\/\"},{\"@type\":\"ListItem\",\"position\":3,\"name\":\"DJI Avata 360\",\"item\":\"https:\/\/koningdrone.be\/categorie\/dji-avata-360\/\"},{\"@type\":\"ListItem\",\"position\":4,\"name\":\"DJI Avata 360 &#8211; Including RC331 Smart Controller\"}]},{\"@type\":\"WebSite\",\"@id\":\"https:\/\/koningdrone.be\/#website\",\"url\":\"https:\/\/koningdrone.be\/\",\"name\":\"Koningdrone.be - Uw online specialist in drones, gimbals, camera's en power stations.\",\"description\":\"De webshop in drones en gimbals\",\"publisher\":{\"@id\":\"https:\/\/koningdrone.be\/#organization\"},\"potentialAction\":[{\"@type\":\"SearchAction\",\"target\":{\"@type\":\"EntryPoint\",\"urlTemplate\":\"https:\/\/koningdrone.be\/?s={search_term_string}\"},\"query-input\":{\"@type\":\"PropertyValueSpecification\",\"valueRequired\":true,\"valueName\":\"search_term_string\"}}],\"inLanguage\":\"de\"},{\"@type\":\"Organization\",\"@id\":\"https:\/\/koningdrone.be\/#organization\",\"name\":\"Koningdrone.be\",\"url\":\"https:\/\/koningdrone.be\/\",\"logo\":{\"@type\":\"ImageObject\",\"inLanguage\":\"de\",\"@id\":\"https:\/\/koningdrone.be\/#\/schema\/logo\/image\/\",\"url\":\"https:\/\/koningdrone.be\/wp-content\/uploads\/sites\/13\/2025\/04\/koningdrone-copyright-logo.svg\",\"contentUrl\":\"https:\/\/koningdrone.be\/wp-content\/uploads\/sites\/13\/2025\/04\/koningdrone-copyright-logo.svg\",\"width\":227,\"height\":38,\"caption\":\"Koningdrone.be\"},\"image\":{\"@id\":\"https:\/\/koningdrone.be\/#\/schema\/logo\/image\/\"}}]}<\/script>\n<!-- \/ Yoast SEO Premium plugin. -->","yoast_head_json":{"title":"DJI Avata 360 - Including RC331 Smart Controller - koningdrone.be","robots":{"index":"index","follow":"follow","max-snippet":"max-snippet:-1","max-image-preview":"max-image-preview:large","max-video-preview":"max-video-preview:-1"},"canonical":"https:\/\/koningdrone.be\/de\/produkt\/dji-avata-360-including-rc331-smart-controller\/","og_locale":"de_DE","og_type":"article","og_title":"DJI Avata 360 - Including RC331 Smart Controller","og_description":"8K\/60fps HDR video en 120MP 360-graden foto's voor extreem veel detail  Twee 1\/1.1-inch sensoren die zorgen voor een hoog dynamisch bereik  Omnidirectionele obstakeldetectie met forward-facing LiDAR voor maximale veiligheid  Tot 23 minuten vliegtijd per accu om langer in de lucht te kunnen blijven  42GB intern geheugen zodat je direct kunt opnemen zonder externe kaart  O4+ Full HD videotransmissie met een bereik tot 10km in Europa  Inclusief DJI RC331 controller met ingebouwd scherm voor direct en nauwkeurig gebruik","og_url":"https:\/\/koningdrone.be\/de\/produkt\/dji-avata-360-including-rc331-smart-controller\/","og_site_name":"koningdrone.be","article_modified_time":"2026-04-29T02:31:01+00:00","og_image":[{"width":2048,"height":2048,"url":"https:\/\/koningdrone.be\/wp-content\/uploads\/sites\/13\/2026\/03\/DJI-Avata-360-Including-RC331-Smart-Controller.webp","type":"image\/webp"}],"twitter_card":"summary_large_image","twitter_misc":{"Gesch\u00e4tzte Lesezeit":"2\u00a0Minuten"},"schema":{"@context":"https:\/\/schema.org","@graph":[{"@type":"WebPage","@id":"https:\/\/koningdrone.be\/product\/dji-avata-360-including-rc331-smart-controller\/","url":"https:\/\/koningdrone.be\/product\/dji-avata-360-including-rc331-smart-controller\/","name":"DJI Avata 360 - Including RC331 Smart Controller - koningdrone.be","isPartOf":{"@id":"https:\/\/koningdrone.be\/#website"},"primaryImageOfPage":{"@id":"https:\/\/koningdrone.be\/product\/dji-avata-360-including-rc331-smart-controller\/#primaryimage"},"image":{"@id":"https:\/\/koningdrone.be\/product\/dji-avata-360-including-rc331-smart-controller\/#primaryimage"},"thumbnailUrl":"https:\/\/koningdrone.be\/wp-content\/uploads\/sites\/13\/2026\/03\/DJI-Avata-360-Including-RC331-Smart-Controller.webp","datePublished":"2026-04-03T16:11:27+00:00","dateModified":"2026-04-29T02:31:01+00:00","breadcrumb":{"@id":"https:\/\/koningdrone.be\/product\/dji-avata-360-including-rc331-smart-controller\/#breadcrumb"},"inLanguage":"de","potentialAction":[{"@type":"ReadAction","target":["https:\/\/koningdrone.be\/product\/dji-avata-360-including-rc331-smart-controller\/"]}]},{"@type":"ImageObject","inLanguage":"de","@id":"https:\/\/koningdrone.be\/product\/dji-avata-360-including-rc331-smart-controller\/#primaryimage","url":"https:\/\/koningdrone.be\/wp-content\/uploads\/sites\/13\/2026\/03\/DJI-Avata-360-Including-RC331-Smart-Controller.webp","contentUrl":"https:\/\/koningdrone.be\/wp-content\/uploads\/sites\/13\/2026\/03\/DJI-Avata-360-Including-RC331-Smart-Controller.webp","width":2048,"height":2048},{"@type":"BreadcrumbList","@id":"https:\/\/koningdrone.be\/product\/dji-avata-360-including-rc331-smart-controller\/#breadcrumb","itemListElement":[{"@type":"ListItem","position":1,"name":"Home","item":"https:\/\/koningdrone.be\/"},{"@type":"ListItem","position":2,"name":"AVSS Parachute Recovery System for DJI Matrice 300\/350","item":"https:\/\/koningdrone.be\/product\/avss-parachute-recovery-system-for-dji-matrice-300-350\/"},{"@type":"ListItem","position":3,"name":"DJI Avata 360","item":"https:\/\/koningdrone.be\/categorie\/dji-avata-360\/"},{"@type":"ListItem","position":4,"name":"DJI Avata 360 &#8211; Including RC331 Smart Controller"}]},{"@type":"WebSite","@id":"https:\/\/koningdrone.be\/#website","url":"https:\/\/koningdrone.be\/","name":"Koningdrone.be - Ihr Online-Spezialist f\u00fcr Drohnen, Gimbals, Kameras und Kraftwerke.","description":"Der Webshop f\u00fcr Drohnen und Gimbals","publisher":{"@id":"https:\/\/koningdrone.be\/#organization"},"potentialAction":[{"@type":"SearchAction","target":{"@type":"EntryPoint","urlTemplate":"https:\/\/koningdrone.be\/?s={search_term_string}"},"query-input":{"@type":"PropertyValueSpecification","valueRequired":true,"valueName":"search_term_string"}}],"inLanguage":"de"},{"@type":"Organization","@id":"https:\/\/koningdrone.be\/#organization","name":"Kingdrone.de","url":"https:\/\/koningdrone.be\/","logo":{"@type":"ImageObject","inLanguage":"de","@id":"https:\/\/koningdrone.be\/#\/schema\/logo\/image\/","url":"https:\/\/koningdrone.be\/wp-content\/uploads\/sites\/13\/2025\/04\/koningdrone-copyright-logo.svg","contentUrl":"https:\/\/koningdrone.be\/wp-content\/uploads\/sites\/13\/2025\/04\/koningdrone-copyright-logo.svg","width":227,"height":38,"caption":"Koningdrone.be"},"image":{"@id":"https:\/\/koningdrone.be\/#\/schema\/logo\/image\/"}}]}},"df_price":715,"df_sale_price":"","df_regular_price":715,"df_image_link":"https:\/\/koningdrone.be\/wp-content\/uploads\/sites\/13\/2026\/03\/DJI-Avata-360-Including-RC331-Smart-Controller-300x300.webp","_links":{"self":[{"href":"https:\/\/koningdrone.be\/de\/wp-json\/wp\/v2\/product\/17979","targetHints":{"allow":["GET"]}}],"collection":[{"href":"https:\/\/koningdrone.be\/de\/wp-json\/wp\/v2\/product"}],"about":[{"href":"https:\/\/koningdrone.be\/de\/wp-json\/wp\/v2\/types\/product"}],"wp:featuredmedia":[{"embeddable":true,"href":"https:\/\/koningdrone.be\/de\/wp-json\/wp\/v2\/media\/17981"}],"wp:attachment":[{"href":"https:\/\/koningdrone.be\/de\/wp-json\/wp\/v2\/media?parent=17979"}],"wp:term":[{"taxonomy":"product_brand","embeddable":true,"href":"https:\/\/koningdrone.be\/de\/wp-json\/wp\/v2\/product_brand?post=17979"},{"taxonomy":"product_cat","embeddable":true,"href":"https:\/\/koningdrone.be\/de\/wp-json\/wp\/v2\/product_cat?post=17979"},{"taxonomy":"product_tag","embeddable":true,"href":"https:\/\/koningdrone.be\/de\/wp-json\/wp\/v2\/product_tag?post=17979"}],"curies":[{"name":"wp","href":"https:\/\/api.w.org\/{rel}","templated":true}]}}