{"id":1797,"date":"2024-11-05T10:27:03","date_gmt":"2024-11-05T09:27:03","guid":{"rendered":"https:\/\/koningdrone.nl\/kon\/product\/ecoflow-river-3-plus-eb300-hard-bundle\/"},"modified":"2026-04-29T16:40:59","modified_gmt":"2026-04-29T14:40:59","slug":"ecoflow-river-3-plus-eb300-hard-bundle","status":"publish","type":"product","link":"https:\/\/koningdrone.be\/de\/produkt\/ecoflow-river-3-plus-eb300-hard-bundle\/","title":{"rendered":"EcoFlow RIVER 3 Plus + EB300 festes B\u00fcndel"},"content":{"rendered":"<p>Das EcoFlow RIVER 3 Max (Plus + EB300 Hard Bundle) ist ein leistungsstarkes Bundle, bestehend aus der kompakten RIVER 3 Plus Powerstation sowie dem EB300 Extra-Akku mit einer Gesamtkapazit\u00e4t von 572 Wh. Dieses Set bietet flexible Stroml\u00f6sungen f\u00fcr Reisen, Camping oder als zuverl\u00e4ssiges Backup bei Stromausf\u00e4llen.<\/p>\n<p>Mit einer Nennleistung von 600 W und X-Boost bis zu 1.200 W k\u00f6nnen bis zu 90% Haushaltsger\u00e4te sicher und effizient mit Strom versorgt werden. Dank der X-GaN-Power-Technologie zeigt das Kraftwerk eine au\u00dfergew\u00f6hnlich gute Leistung bei geringen Verbrauchslasten - ideal f\u00fcr die Langzeitversorgung von Laptops, Routern oder Beleuchtung.<\/p>\n<p>Der RIVER 3 Max verf\u00fcgt \u00fcber ein fortschrittliches Batteriemanagementsystem, einen leisen Betrieb unter 30 dB und unterst\u00fctzt ultraschnelles Aufladen \u00fcber Steckdose, Solarpanel, Auto oder Generator. Der EB300 verl\u00e4ngert nicht nur die Laufzeit, sondern l\u00e4sst sich dank der magnetischen Pogo-Pin-Technologie auch m\u00fchelos anschlie\u00dfen.<\/p>\n<p>Mit einem robusten LiFePO4-Akku und mehr als 3.000 Ladezyklen ist dieses Set f\u00fcr jahrelangen, intensiven Gebrauch ausgelegt - zuverl\u00e4ssig, leise und sicher.<\/p>","protected":false},"excerpt":{"rendered":"<ul>\n<li>Das Bundle bietet eine leistungsstarke Kombination aus dem RIVER 3 Plus und dem EB300-Akku f\u00fcr lang anhaltende Leistung.<\/li>\n<li>Es bietet vielseitige Stromversorgungsoptionen und ist damit ideal f\u00fcr Outdoor-Abenteuer und Notf\u00e4lle.<\/li>\n<li>Dank der Schnellladefunktion m\u00fcssen Sie weniger lange warten und haben mehr Zeit, Ihre Ger\u00e4te zu nutzen.<\/li>\n<li>Das kompakte und tragbare Design macht es einfach, es \u00fcberall hin mitzunehmen.<\/li>\n<li>Die nahtlose Integration zwischen dem Kraftwerk und der Batterie verbessert die Gesamtleistung und Zuverl\u00e4ssigkeit.<\/li>\n<\/ul>","protected":false},"featured_media":1790,"template":"","meta":{"_acf_changed":false},"product_brand":[],"product_cat":[97,245,276],"product_tag":[],"class_list":{"0":"post-1797","1":"product","2":"type-product","3":"status-publish","4":"has-post-thumbnail","6":"product_cat-alle-producten","7":"product_cat-ecoflow","8":"product_cat-ecoflow-powerstations","9":"product_shipping_class-outofstock","10":"pa_productfamily-river","11":"pa_producttype-power-station","13":"first","14":"outofstock","15":"taxable","16":"shipping-taxable","17":"purchasable","18":"product-type-simple"},"acf":[],"yoast_head":"<!-- This site is optimized with the Yoast SEO Premium plugin v27.2 (Yoast SEO v27.2) - https:\/\/yoast.com\/product\/yoast-seo-premium-wordpress\/ -->\n<title>EcoFlow RIVER 3 Plus + EB300 hard bundle - koningdrone.be<\/title>\n<meta name=\"robots\" content=\"index, follow, max-snippet:-1, max-image-preview:large, max-video-preview:-1\" \/>\n<link rel=\"canonical\" href=\"https:\/\/koningdrone.be\/de\/produkt\/ecoflow-river-3-plus-eb300-hard-bundle\/\" \/>\n<meta property=\"og:locale\" content=\"de_DE\" \/>\n<meta property=\"og:type\" content=\"article\" \/>\n<meta property=\"og:title\" content=\"EcoFlow RIVER 3 Plus + EB300 hard bundle\" \/>\n<meta property=\"og:description\" content=\"De bundel biedt een krachtige combinatie van de RIVER 3 Plus en EB300 batterij voor langdurig energiegebruik.  Het biedt veelzijdige energieopties, waardoor het ideaal is voor outdooravonturen en noodgevallen.  Dankzij de snelle oplaadmogelijkheden hoef je minder lang te wachten en heb je meer tijd om je apparaten te gebruiken.  Compact en draagbaar ontwerp maakt het gemakkelijk om overal mee naartoe te nemen.  Naadloze integratie tussen het voedingsstation en de batterij verbetert de algehele prestaties en betrouwbaarheid.\" \/>\n<meta property=\"og:url\" content=\"https:\/\/koningdrone.be\/de\/produkt\/ecoflow-river-3-plus-eb300-hard-bundle\/\" \/>\n<meta property=\"og:site_name\" content=\"koningdrone.be\" \/>\n<meta property=\"article:modified_time\" content=\"2026-04-29T14:40:59+00:00\" \/>\n<meta property=\"og:image\" content=\"https:\/\/koningdrone.be\/wp-content\/uploads\/sites\/13\/2025\/04\/ecoflow-river-3-max-plus-eb300-hard-bundle-2.webp\" \/>\n\t<meta property=\"og:image:width\" content=\"484\" \/>\n\t<meta property=\"og:image:height\" content=\"484\" \/>\n\t<meta property=\"og:image:type\" content=\"image\/webp\" \/>\n<meta name=\"twitter:card\" content=\"summary_large_image\" \/>\n<meta name=\"twitter:label1\" content=\"Gesch\u00e4tzte Lesezeit\" \/>\n\t<meta name=\"twitter:data1\" content=\"1\u00a0Minute\" \/>\n<script type=\"application\/ld+json\" class=\"yoast-schema-graph\">{\"@context\":\"https:\/\/schema.org\",\"@graph\":[{\"@type\":\"WebPage\",\"@id\":\"https:\/\/koningdrone.be\/product\/ecoflow-river-3-plus-eb300-hard-bundle\/\",\"url\":\"https:\/\/koningdrone.be\/product\/ecoflow-river-3-plus-eb300-hard-bundle\/\",\"name\":\"EcoFlow RIVER 3 Plus + EB300 hard bundle - koningdrone.be\",\"isPartOf\":{\"@id\":\"https:\/\/koningdrone.be\/#website\"},\"primaryImageOfPage\":{\"@id\":\"https:\/\/koningdrone.be\/product\/ecoflow-river-3-plus-eb300-hard-bundle\/#primaryimage\"},\"image\":{\"@id\":\"https:\/\/koningdrone.be\/product\/ecoflow-river-3-plus-eb300-hard-bundle\/#primaryimage\"},\"thumbnailUrl\":\"https:\/\/koningdrone.be\/wp-content\/uploads\/sites\/13\/2025\/04\/ecoflow-river-3-max-plus-eb300-hard-bundle-2.webp\",\"datePublished\":\"2024-11-05T09:27:03+00:00\",\"dateModified\":\"2026-04-29T14:40:59+00:00\",\"breadcrumb\":{\"@id\":\"https:\/\/koningdrone.be\/product\/ecoflow-river-3-plus-eb300-hard-bundle\/#breadcrumb\"},\"inLanguage\":\"de\",\"potentialAction\":[{\"@type\":\"ReadAction\",\"target\":[\"https:\/\/koningdrone.be\/product\/ecoflow-river-3-plus-eb300-hard-bundle\/\"]}]},{\"@type\":\"ImageObject\",\"inLanguage\":\"de\",\"@id\":\"https:\/\/koningdrone.be\/product\/ecoflow-river-3-plus-eb300-hard-bundle\/#primaryimage\",\"url\":\"https:\/\/koningdrone.be\/wp-content\/uploads\/sites\/13\/2025\/04\/ecoflow-river-3-max-plus-eb300-hard-bundle-2.webp\",\"contentUrl\":\"https:\/\/koningdrone.be\/wp-content\/uploads\/sites\/13\/2025\/04\/ecoflow-river-3-max-plus-eb300-hard-bundle-2.webp\",\"width\":484,\"height\":484},{\"@type\":\"BreadcrumbList\",\"@id\":\"https:\/\/koningdrone.be\/product\/ecoflow-river-3-plus-eb300-hard-bundle\/#breadcrumb\",\"itemListElement\":[{\"@type\":\"ListItem\",\"position\":1,\"name\":\"Home\",\"item\":\"https:\/\/koningdrone.be\/\"},{\"@type\":\"ListItem\",\"position\":2,\"name\":\"AVSS Parachute Recovery System for DJI Matrice 300\/350\",\"item\":\"https:\/\/koningdrone.be\/product\/avss-parachute-recovery-system-for-dji-matrice-300-350\/\"},{\"@type\":\"ListItem\",\"position\":3,\"name\":\"Alle producten\",\"item\":\"https:\/\/koningdrone.be\/categorie\/alle-producten\/\"},{\"@type\":\"ListItem\",\"position\":4,\"name\":\"EcoFlow RIVER 3 Plus + EB300 hard bundle\"}]},{\"@type\":\"WebSite\",\"@id\":\"https:\/\/koningdrone.be\/#website\",\"url\":\"https:\/\/koningdrone.be\/\",\"name\":\"Koningdrone.be - Uw online specialist in drones, gimbals, camera's en power stations.\",\"description\":\"De webshop in drones en gimbals\",\"publisher\":{\"@id\":\"https:\/\/koningdrone.be\/#organization\"},\"potentialAction\":[{\"@type\":\"SearchAction\",\"target\":{\"@type\":\"EntryPoint\",\"urlTemplate\":\"https:\/\/koningdrone.be\/?s={search_term_string}\"},\"query-input\":{\"@type\":\"PropertyValueSpecification\",\"valueRequired\":true,\"valueName\":\"search_term_string\"}}],\"inLanguage\":\"de\"},{\"@type\":\"Organization\",\"@id\":\"https:\/\/koningdrone.be\/#organization\",\"name\":\"Koningdrone.be\",\"url\":\"https:\/\/koningdrone.be\/\",\"logo\":{\"@type\":\"ImageObject\",\"inLanguage\":\"de\",\"@id\":\"https:\/\/koningdrone.be\/#\/schema\/logo\/image\/\",\"url\":\"https:\/\/koningdrone.be\/wp-content\/uploads\/sites\/13\/2025\/04\/koningdrone-copyright-logo.svg\",\"contentUrl\":\"https:\/\/koningdrone.be\/wp-content\/uploads\/sites\/13\/2025\/04\/koningdrone-copyright-logo.svg\",\"width\":227,\"height\":38,\"caption\":\"Koningdrone.be\"},\"image\":{\"@id\":\"https:\/\/koningdrone.be\/#\/schema\/logo\/image\/\"}}]}<\/script>\n<!-- \/ Yoast SEO Premium plugin. -->","yoast_head_json":{"title":"EcoFlow RIVER 3 Plus + EB300 hard bundle - koningdrone.be","robots":{"index":"index","follow":"follow","max-snippet":"max-snippet:-1","max-image-preview":"max-image-preview:large","max-video-preview":"max-video-preview:-1"},"canonical":"https:\/\/koningdrone.be\/de\/produkt\/ecoflow-river-3-plus-eb300-hard-bundle\/","og_locale":"de_DE","og_type":"article","og_title":"EcoFlow RIVER 3 Plus + EB300 hard bundle","og_description":"De bundel biedt een krachtige combinatie van de RIVER 3 Plus en EB300 batterij voor langdurig energiegebruik.  Het biedt veelzijdige energieopties, waardoor het ideaal is voor outdooravonturen en noodgevallen.  Dankzij de snelle oplaadmogelijkheden hoef je minder lang te wachten en heb je meer tijd om je apparaten te gebruiken.  Compact en draagbaar ontwerp maakt het gemakkelijk om overal mee naartoe te nemen.  Naadloze integratie tussen het voedingsstation en de batterij verbetert de algehele prestaties en betrouwbaarheid.","og_url":"https:\/\/koningdrone.be\/de\/produkt\/ecoflow-river-3-plus-eb300-hard-bundle\/","og_site_name":"koningdrone.be","article_modified_time":"2026-04-29T14:40:59+00:00","og_image":[{"width":484,"height":484,"url":"https:\/\/koningdrone.be\/wp-content\/uploads\/sites\/13\/2025\/04\/ecoflow-river-3-max-plus-eb300-hard-bundle-2.webp","type":"image\/webp"}],"twitter_card":"summary_large_image","twitter_misc":{"Gesch\u00e4tzte Lesezeit":"1\u00a0Minute"},"schema":{"@context":"https:\/\/schema.org","@graph":[{"@type":"WebPage","@id":"https:\/\/koningdrone.be\/product\/ecoflow-river-3-plus-eb300-hard-bundle\/","url":"https:\/\/koningdrone.be\/product\/ecoflow-river-3-plus-eb300-hard-bundle\/","name":"EcoFlow RIVER 3 Plus + EB300 hard bundle - koningdrone.be","isPartOf":{"@id":"https:\/\/koningdrone.be\/#website"},"primaryImageOfPage":{"@id":"https:\/\/koningdrone.be\/product\/ecoflow-river-3-plus-eb300-hard-bundle\/#primaryimage"},"image":{"@id":"https:\/\/koningdrone.be\/product\/ecoflow-river-3-plus-eb300-hard-bundle\/#primaryimage"},"thumbnailUrl":"https:\/\/koningdrone.be\/wp-content\/uploads\/sites\/13\/2025\/04\/ecoflow-river-3-max-plus-eb300-hard-bundle-2.webp","datePublished":"2024-11-05T09:27:03+00:00","dateModified":"2026-04-29T14:40:59+00:00","breadcrumb":{"@id":"https:\/\/koningdrone.be\/product\/ecoflow-river-3-plus-eb300-hard-bundle\/#breadcrumb"},"inLanguage":"de","potentialAction":[{"@type":"ReadAction","target":["https:\/\/koningdrone.be\/product\/ecoflow-river-3-plus-eb300-hard-bundle\/"]}]},{"@type":"ImageObject","inLanguage":"de","@id":"https:\/\/koningdrone.be\/product\/ecoflow-river-3-plus-eb300-hard-bundle\/#primaryimage","url":"https:\/\/koningdrone.be\/wp-content\/uploads\/sites\/13\/2025\/04\/ecoflow-river-3-max-plus-eb300-hard-bundle-2.webp","contentUrl":"https:\/\/koningdrone.be\/wp-content\/uploads\/sites\/13\/2025\/04\/ecoflow-river-3-max-plus-eb300-hard-bundle-2.webp","width":484,"height":484},{"@type":"BreadcrumbList","@id":"https:\/\/koningdrone.be\/product\/ecoflow-river-3-plus-eb300-hard-bundle\/#breadcrumb","itemListElement":[{"@type":"ListItem","position":1,"name":"Home","item":"https:\/\/koningdrone.be\/"},{"@type":"ListItem","position":2,"name":"AVSS Parachute Recovery System for DJI Matrice 300\/350","item":"https:\/\/koningdrone.be\/product\/avss-parachute-recovery-system-for-dji-matrice-300-350\/"},{"@type":"ListItem","position":3,"name":"Alle producten","item":"https:\/\/koningdrone.be\/categorie\/alle-producten\/"},{"@type":"ListItem","position":4,"name":"EcoFlow RIVER 3 Plus + EB300 hard bundle"}]},{"@type":"WebSite","@id":"https:\/\/koningdrone.be\/#website","url":"https:\/\/koningdrone.be\/","name":"Koningdrone.be - Ihr Online-Spezialist f\u00fcr Drohnen, Gimbals, Kameras und Kraftwerke.","description":"Der Webshop f\u00fcr Drohnen und Gimbals","publisher":{"@id":"https:\/\/koningdrone.be\/#organization"},"potentialAction":[{"@type":"SearchAction","target":{"@type":"EntryPoint","urlTemplate":"https:\/\/koningdrone.be\/?s={search_term_string}"},"query-input":{"@type":"PropertyValueSpecification","valueRequired":true,"valueName":"search_term_string"}}],"inLanguage":"de"},{"@type":"Organization","@id":"https:\/\/koningdrone.be\/#organization","name":"Kingdrone.de","url":"https:\/\/koningdrone.be\/","logo":{"@type":"ImageObject","inLanguage":"de","@id":"https:\/\/koningdrone.be\/#\/schema\/logo\/image\/","url":"https:\/\/koningdrone.be\/wp-content\/uploads\/sites\/13\/2025\/04\/koningdrone-copyright-logo.svg","contentUrl":"https:\/\/koningdrone.be\/wp-content\/uploads\/sites\/13\/2025\/04\/koningdrone-copyright-logo.svg","width":227,"height":38,"caption":"Koningdrone.be"},"image":{"@id":"https:\/\/koningdrone.be\/#\/schema\/logo\/image\/"}}]}},"df_price":449,"df_sale_price":"","df_regular_price":449,"df_image_link":"https:\/\/koningdrone.be\/wp-content\/uploads\/sites\/13\/2025\/04\/ecoflow-river-3-max-plus-eb300-hard-bundle-2-300x300.webp","_links":{"self":[{"href":"https:\/\/koningdrone.be\/de\/wp-json\/wp\/v2\/product\/1797","targetHints":{"allow":["GET"]}}],"collection":[{"href":"https:\/\/koningdrone.be\/de\/wp-json\/wp\/v2\/product"}],"about":[{"href":"https:\/\/koningdrone.be\/de\/wp-json\/wp\/v2\/types\/product"}],"wp:featuredmedia":[{"embeddable":true,"href":"https:\/\/koningdrone.be\/de\/wp-json\/wp\/v2\/media\/1790"}],"wp:attachment":[{"href":"https:\/\/koningdrone.be\/de\/wp-json\/wp\/v2\/media?parent=1797"}],"wp:term":[{"taxonomy":"product_brand","embeddable":true,"href":"https:\/\/koningdrone.be\/de\/wp-json\/wp\/v2\/product_brand?post=1797"},{"taxonomy":"product_cat","embeddable":true,"href":"https:\/\/koningdrone.be\/de\/wp-json\/wp\/v2\/product_cat?post=1797"},{"taxonomy":"product_tag","embeddable":true,"href":"https:\/\/koningdrone.be\/de\/wp-json\/wp\/v2\/product_tag?post=1797"}],"curies":[{"name":"wp","href":"https:\/\/api.w.org\/{rel}","templated":true}]}}