{"id":17950,"date":"2026-03-27T10:38:26","date_gmt":"2026-03-27T09:38:26","guid":{"rendered":"https:\/\/koningdrone.be\/?post_type=product&#038;p=17950"},"modified":"2026-04-29T04:40:13","modified_gmt":"2026-04-29T02:40:13","slug":"dji-avata-360-two-way-charging-hub","status":"publish","type":"product","link":"https:\/\/koningdrone.be\/de\/produkt\/dji-avata-360-two-way-charging-hub\/","title":{"rendered":"DJI Avata 360 Zwei-Wege-Ladehub"},"content":{"rendered":"<h3>DJI Avata 360 Zwei-Wege-Ladehub<\/h3>\n<p><iframe loading=\"lazy\" title=\"DJI AVATA 2\uff5cZwei-Wege Charing Hub\" width=\"800\" height=\"450\" src=\"https:\/\/www.youtube.com\/embed\/3TXqgM1o_1k?feature=oembed&#038;enablejsapi=1&#038;origin=https:\/\/koningdrone.be\" frameborder=\"0\" allow=\"accelerometer; autoplay; clipboard-write; encrypted-media; gyroscope; picture-in-picture; web-share\" referrerpolicy=\"strict-origin-when-cross-origin\" allowfullscreen><\/iframe><\/p>\n<p style=\"margin-top: 20px\">Der DJI Avata 360 Two-Way Charging Hub ist eine vielseitige Ladel\u00f6sung f\u00fcr die Intelligent Flight Akkus, die mit dem Avata 360 geliefert werden. Der Hub erm\u00f6glicht es Ihnen, mehrere Akkus nacheinander aufzuladen, sie geordnet zu lagern und selbst als mobile Powerbank f\u00fcr andere Ger\u00e4te zu fungieren. Dieses Produkt ist ideal f\u00fcr FPV-Piloten und Luftbildfotografen, die oft mehrere Fl\u00fcge machen und ihre Akkus effizient verwalten wollen.<\/p>\n<p style=\"margin-bottom: 20px\">Dank der intelligenten sequenziellen Ladefunktion m\u00fcssen Sie die Akkus nicht einzeln anschlie\u00dfen. Das spart Zeit und optimiert den Akkustand f\u00fcr l\u00e4ngere Flugtage.<\/p>\n<p><a href=\"https:\/\/koningdrone.nl\/wp-content\/uploads\/2026\/03\/Two-Way-Charging-Hub-DJI-Avata-360-Product.webp\"><img loading=\"lazy\" decoding=\"async\" class=\"aligncenter wp-image-470807 size-full\" src=\"https:\/\/koningdrone.nl\/wp-content\/uploads\/2026\/03\/Two-Way-Charging-Hub-DJI-Avata-360-Product.webp\" alt=\"Two-Way Charging Hub DJI Avata 360 Product\" width=\"1200\" height=\"800\" \/><\/a><\/p>\n<h4>Leistung und Funktionalit\u00e4t<\/h4>\n<p>Die Nabe l\u00e4dt drei Batterien nacheinander auf, beginnend mit der Batterie mit der h\u00f6chsten Restladung. Mit der Akkufunktion k\u00f6nnen Sie die Restenergie von mehreren Akkus auf einen Akku mit der h\u00f6chsten Ladung \u00fcbertragen, was in Situationen n\u00fctzlich ist, in denen Sie schnell einen vollen Akku ben\u00f6tigen.<\/p>\n<p>\u00dcber den USB-C-Anschluss kann der Hub auch externe Ger\u00e4te wie Smartphones oder kompatible DJI-Ger\u00e4te anschlie\u00dfen und diese bei Bedarf aufladen.<\/p>\n<h4>Verarbeitungsqualit\u00e4t und Design<\/h4>\n<p>Die Ladestation ist kompakt und leicht, so dass sie problemlos zu Flugh\u00e4fen oder an andere Orte mitgenommen werden kann. Sie bietet eine sichere Platzierung von bis zu drei Batterien gleichzeitig und verf\u00fcgt \u00fcber LED-Anzeigen, die den Ladestatus und die Nutzung der Powerbank visuell anzeigen.<\/p>\n<p>Mit Unterst\u00fctzung f\u00fcr USB Power Delivery mit bis zu 65 W bietet der Hub eine zukunftssichere und effiziente Ladel\u00f6sung.<\/p>\n<p><a href=\"https:\/\/koningdrone.nl\/wp-content\/uploads\/2026\/03\/DJI-Product-Avata-360-Two-Way-Charging-Hub.webp\"><img loading=\"lazy\" decoding=\"async\" class=\"size-medium wp-image-470804 aligncenter\" src=\"https:\/\/koningdrone.nl\/wp-content\/uploads\/2026\/03\/DJI-Product-Avata-360-Two-Way-Charging-Hub-300x300.webp\" alt=\"DJI Product Avata 360 Two-Way Charging Hub\" width=\"300\" height=\"300\" \/><\/a><\/p>\n<h4>Warum Sie das brauchen<\/h4>\n<p>Wenn Sie den DJI Avata 360 fliegen und mehrere Akkus verwenden, ist diese Ladestation ein unverzichtbares Zubeh\u00f6r, um die Akkus schnell und organisiert aufzuladen. Er spart Zeit, vereinfacht das Akkumanagement und bietet dank seiner Powerbank-Funktion zus\u00e4tzliche Flexibilit\u00e4t.<\/p>","protected":false},"excerpt":{"rendered":"<ul>\n<li>Effizientes Laden von bis zu drei Intelligent Flight Batteries nacheinander.<\/li>\n<li>Energiespeicherfunktion zur B\u00fcndelung der verbleibenden Energie in einer Batterie.<\/li>\n<li>Kann \u00fcber den USB-C-Anschluss als mobile Powerbank fungieren.<\/li>\n<li>Kompaktes und tragbares Design f\u00fcr den Einsatz unterwegs.<\/li>\n<li>Unterst\u00fctzung f\u00fcr USB Power Delivery mit bis zu 65 W.<\/li>\n<\/ul>","protected":false},"featured_media":17945,"template":"","meta":{"_acf_changed":false},"product_brand":[],"product_cat":[1838],"product_tag":[],"class_list":{"0":"post-17950","1":"product","2":"type-product","3":"status-publish","4":"has-post-thumbnail","6":"product_cat-dji-avata-360","7":"product_shipping_class-europafotoall","8":"pa_brand-dji","9":"pa_producttype-laadstation","10":"pa_series-avata","12":"first","13":"instock","14":"taxable","15":"shipping-taxable","16":"purchasable","17":"product-type-simple"},"acf":[],"yoast_head":"<!-- This site is optimized with the Yoast SEO Premium plugin v27.2 (Yoast SEO v27.2) - https:\/\/yoast.com\/product\/yoast-seo-premium-wordpress\/ -->\n<title>DJI Avata 360 Two-Way Charging Hub - koningdrone.be<\/title>\n<meta name=\"robots\" content=\"index, follow, max-snippet:-1, max-image-preview:large, max-video-preview:-1\" \/>\n<link rel=\"canonical\" href=\"https:\/\/koningdrone.be\/de\/produkt\/dji-avata-360-two-way-charging-hub\/\" \/>\n<meta property=\"og:locale\" content=\"de_DE\" \/>\n<meta property=\"og:type\" content=\"article\" \/>\n<meta property=\"og:title\" content=\"DJI Avata 360 Two-Way Charging Hub\" \/>\n<meta property=\"og:description\" content=\"Effici\u00ebnt opladen van maximaal drie Intelligent Flight Batteries in sequentie.  Power accumulation\u2011functie om resterende energie te bundelen in \u00e9\u00e9n batterij.  Kan fungeren als mobiele powerbank via USB\u2011C\u2011poort.  Compact en draagbaar ontwerp voor gebruik onderweg.  Ondersteuning voor USB Power Delivery tot 65\u202fW.\" \/>\n<meta property=\"og:url\" content=\"https:\/\/koningdrone.be\/de\/produkt\/dji-avata-360-two-way-charging-hub\/\" \/>\n<meta property=\"og:site_name\" content=\"koningdrone.be\" \/>\n<meta property=\"article:modified_time\" content=\"2026-04-29T02:40:13+00:00\" \/>\n<meta property=\"og:image\" content=\"https:\/\/koningdrone.be\/wp-content\/uploads\/sites\/13\/2026\/03\/DJI-Avata-360-Two-Way-Charging-Hub.webp\" \/>\n\t<meta property=\"og:image:width\" content=\"2048\" \/>\n\t<meta property=\"og:image:height\" content=\"2048\" \/>\n\t<meta property=\"og:image:type\" content=\"image\/webp\" \/>\n<meta name=\"twitter:card\" content=\"summary_large_image\" \/>\n<meta name=\"twitter:label1\" content=\"Gesch\u00e4tzte Lesezeit\" \/>\n\t<meta name=\"twitter:data1\" content=\"2\u00a0Minuten\" \/>\n<script type=\"application\/ld+json\" class=\"yoast-schema-graph\">{\"@context\":\"https:\/\/schema.org\",\"@graph\":[{\"@type\":\"WebPage\",\"@id\":\"https:\/\/koningdrone.be\/product\/dji-avata-360-two-way-charging-hub\/\",\"url\":\"https:\/\/koningdrone.be\/product\/dji-avata-360-two-way-charging-hub\/\",\"name\":\"DJI Avata 360 Two-Way Charging Hub - koningdrone.be\",\"isPartOf\":{\"@id\":\"https:\/\/koningdrone.be\/#website\"},\"primaryImageOfPage\":{\"@id\":\"https:\/\/koningdrone.be\/product\/dji-avata-360-two-way-charging-hub\/#primaryimage\"},\"image\":{\"@id\":\"https:\/\/koningdrone.be\/product\/dji-avata-360-two-way-charging-hub\/#primaryimage\"},\"thumbnailUrl\":\"https:\/\/koningdrone.be\/wp-content\/uploads\/sites\/13\/2026\/03\/DJI-Avata-360-Two-Way-Charging-Hub.webp\",\"datePublished\":\"2026-03-27T09:38:26+00:00\",\"dateModified\":\"2026-04-29T02:40:13+00:00\",\"breadcrumb\":{\"@id\":\"https:\/\/koningdrone.be\/product\/dji-avata-360-two-way-charging-hub\/#breadcrumb\"},\"inLanguage\":\"de\",\"potentialAction\":[{\"@type\":\"ReadAction\",\"target\":[\"https:\/\/koningdrone.be\/product\/dji-avata-360-two-way-charging-hub\/\"]}]},{\"@type\":\"ImageObject\",\"inLanguage\":\"de\",\"@id\":\"https:\/\/koningdrone.be\/product\/dji-avata-360-two-way-charging-hub\/#primaryimage\",\"url\":\"https:\/\/koningdrone.be\/wp-content\/uploads\/sites\/13\/2026\/03\/DJI-Avata-360-Two-Way-Charging-Hub.webp\",\"contentUrl\":\"https:\/\/koningdrone.be\/wp-content\/uploads\/sites\/13\/2026\/03\/DJI-Avata-360-Two-Way-Charging-Hub.webp\",\"width\":2048,\"height\":2048},{\"@type\":\"BreadcrumbList\",\"@id\":\"https:\/\/koningdrone.be\/product\/dji-avata-360-two-way-charging-hub\/#breadcrumb\",\"itemListElement\":[{\"@type\":\"ListItem\",\"position\":1,\"name\":\"Home\",\"item\":\"https:\/\/koningdrone.be\/\"},{\"@type\":\"ListItem\",\"position\":2,\"name\":\"AVSS Parachute Recovery System for DJI Matrice 300\/350\",\"item\":\"https:\/\/koningdrone.be\/product\/avss-parachute-recovery-system-for-dji-matrice-300-350\/\"},{\"@type\":\"ListItem\",\"position\":3,\"name\":\"DJI Avata 360\",\"item\":\"https:\/\/koningdrone.be\/categorie\/dji-avata-360\/\"},{\"@type\":\"ListItem\",\"position\":4,\"name\":\"DJI Avata 360 Two-Way Charging Hub\"}]},{\"@type\":\"WebSite\",\"@id\":\"https:\/\/koningdrone.be\/#website\",\"url\":\"https:\/\/koningdrone.be\/\",\"name\":\"Koningdrone.be - Uw online specialist in drones, gimbals, camera's en power stations.\",\"description\":\"De webshop in drones en gimbals\",\"publisher\":{\"@id\":\"https:\/\/koningdrone.be\/#organization\"},\"potentialAction\":[{\"@type\":\"SearchAction\",\"target\":{\"@type\":\"EntryPoint\",\"urlTemplate\":\"https:\/\/koningdrone.be\/?s={search_term_string}\"},\"query-input\":{\"@type\":\"PropertyValueSpecification\",\"valueRequired\":true,\"valueName\":\"search_term_string\"}}],\"inLanguage\":\"de\"},{\"@type\":\"Organization\",\"@id\":\"https:\/\/koningdrone.be\/#organization\",\"name\":\"Koningdrone.be\",\"url\":\"https:\/\/koningdrone.be\/\",\"logo\":{\"@type\":\"ImageObject\",\"inLanguage\":\"de\",\"@id\":\"https:\/\/koningdrone.be\/#\/schema\/logo\/image\/\",\"url\":\"https:\/\/koningdrone.be\/wp-content\/uploads\/sites\/13\/2025\/04\/koningdrone-copyright-logo.svg\",\"contentUrl\":\"https:\/\/koningdrone.be\/wp-content\/uploads\/sites\/13\/2025\/04\/koningdrone-copyright-logo.svg\",\"width\":227,\"height\":38,\"caption\":\"Koningdrone.be\"},\"image\":{\"@id\":\"https:\/\/koningdrone.be\/#\/schema\/logo\/image\/\"}}]}<\/script>\n<!-- \/ Yoast SEO Premium plugin. -->","yoast_head_json":{"title":"DJI Avata 360 Two-Way Charging Hub - koningdrone.be","robots":{"index":"index","follow":"follow","max-snippet":"max-snippet:-1","max-image-preview":"max-image-preview:large","max-video-preview":"max-video-preview:-1"},"canonical":"https:\/\/koningdrone.be\/de\/produkt\/dji-avata-360-two-way-charging-hub\/","og_locale":"de_DE","og_type":"article","og_title":"DJI Avata 360 Two-Way Charging Hub","og_description":"Effici\u00ebnt opladen van maximaal drie Intelligent Flight Batteries in sequentie.  Power accumulation\u2011functie om resterende energie te bundelen in \u00e9\u00e9n batterij.  Kan fungeren als mobiele powerbank via USB\u2011C\u2011poort.  Compact en draagbaar ontwerp voor gebruik onderweg.  Ondersteuning voor USB Power Delivery tot 65\u202fW.","og_url":"https:\/\/koningdrone.be\/de\/produkt\/dji-avata-360-two-way-charging-hub\/","og_site_name":"koningdrone.be","article_modified_time":"2026-04-29T02:40:13+00:00","og_image":[{"width":2048,"height":2048,"url":"https:\/\/koningdrone.be\/wp-content\/uploads\/sites\/13\/2026\/03\/DJI-Avata-360-Two-Way-Charging-Hub.webp","type":"image\/webp"}],"twitter_card":"summary_large_image","twitter_misc":{"Gesch\u00e4tzte Lesezeit":"2\u00a0Minuten"},"schema":{"@context":"https:\/\/schema.org","@graph":[{"@type":"WebPage","@id":"https:\/\/koningdrone.be\/product\/dji-avata-360-two-way-charging-hub\/","url":"https:\/\/koningdrone.be\/product\/dji-avata-360-two-way-charging-hub\/","name":"DJI Avata 360 Two-Way Charging Hub - koningdrone.be","isPartOf":{"@id":"https:\/\/koningdrone.be\/#website"},"primaryImageOfPage":{"@id":"https:\/\/koningdrone.be\/product\/dji-avata-360-two-way-charging-hub\/#primaryimage"},"image":{"@id":"https:\/\/koningdrone.be\/product\/dji-avata-360-two-way-charging-hub\/#primaryimage"},"thumbnailUrl":"https:\/\/koningdrone.be\/wp-content\/uploads\/sites\/13\/2026\/03\/DJI-Avata-360-Two-Way-Charging-Hub.webp","datePublished":"2026-03-27T09:38:26+00:00","dateModified":"2026-04-29T02:40:13+00:00","breadcrumb":{"@id":"https:\/\/koningdrone.be\/product\/dji-avata-360-two-way-charging-hub\/#breadcrumb"},"inLanguage":"de","potentialAction":[{"@type":"ReadAction","target":["https:\/\/koningdrone.be\/product\/dji-avata-360-two-way-charging-hub\/"]}]},{"@type":"ImageObject","inLanguage":"de","@id":"https:\/\/koningdrone.be\/product\/dji-avata-360-two-way-charging-hub\/#primaryimage","url":"https:\/\/koningdrone.be\/wp-content\/uploads\/sites\/13\/2026\/03\/DJI-Avata-360-Two-Way-Charging-Hub.webp","contentUrl":"https:\/\/koningdrone.be\/wp-content\/uploads\/sites\/13\/2026\/03\/DJI-Avata-360-Two-Way-Charging-Hub.webp","width":2048,"height":2048},{"@type":"BreadcrumbList","@id":"https:\/\/koningdrone.be\/product\/dji-avata-360-two-way-charging-hub\/#breadcrumb","itemListElement":[{"@type":"ListItem","position":1,"name":"Home","item":"https:\/\/koningdrone.be\/"},{"@type":"ListItem","position":2,"name":"AVSS Parachute Recovery System for DJI Matrice 300\/350","item":"https:\/\/koningdrone.be\/product\/avss-parachute-recovery-system-for-dji-matrice-300-350\/"},{"@type":"ListItem","position":3,"name":"DJI Avata 360","item":"https:\/\/koningdrone.be\/categorie\/dji-avata-360\/"},{"@type":"ListItem","position":4,"name":"DJI Avata 360 Two-Way Charging Hub"}]},{"@type":"WebSite","@id":"https:\/\/koningdrone.be\/#website","url":"https:\/\/koningdrone.be\/","name":"Koningdrone.be - Ihr Online-Spezialist f\u00fcr Drohnen, Gimbals, Kameras und Kraftwerke.","description":"Der Webshop f\u00fcr Drohnen und Gimbals","publisher":{"@id":"https:\/\/koningdrone.be\/#organization"},"potentialAction":[{"@type":"SearchAction","target":{"@type":"EntryPoint","urlTemplate":"https:\/\/koningdrone.be\/?s={search_term_string}"},"query-input":{"@type":"PropertyValueSpecification","valueRequired":true,"valueName":"search_term_string"}}],"inLanguage":"de"},{"@type":"Organization","@id":"https:\/\/koningdrone.be\/#organization","name":"Kingdrone.de","url":"https:\/\/koningdrone.be\/","logo":{"@type":"ImageObject","inLanguage":"de","@id":"https:\/\/koningdrone.be\/#\/schema\/logo\/image\/","url":"https:\/\/koningdrone.be\/wp-content\/uploads\/sites\/13\/2025\/04\/koningdrone-copyright-logo.svg","contentUrl":"https:\/\/koningdrone.be\/wp-content\/uploads\/sites\/13\/2025\/04\/koningdrone-copyright-logo.svg","width":227,"height":38,"caption":"Koningdrone.be"},"image":{"@id":"https:\/\/koningdrone.be\/#\/schema\/logo\/image\/"}}]}},"df_price":62,"df_sale_price":"","df_regular_price":62,"df_image_link":"https:\/\/koningdrone.be\/wp-content\/uploads\/sites\/13\/2026\/03\/DJI-Avata-360-Two-Way-Charging-Hub-300x300.webp","_links":{"self":[{"href":"https:\/\/koningdrone.be\/de\/wp-json\/wp\/v2\/product\/17950","targetHints":{"allow":["GET"]}}],"collection":[{"href":"https:\/\/koningdrone.be\/de\/wp-json\/wp\/v2\/product"}],"about":[{"href":"https:\/\/koningdrone.be\/de\/wp-json\/wp\/v2\/types\/product"}],"wp:featuredmedia":[{"embeddable":true,"href":"https:\/\/koningdrone.be\/de\/wp-json\/wp\/v2\/media\/17945"}],"wp:attachment":[{"href":"https:\/\/koningdrone.be\/de\/wp-json\/wp\/v2\/media?parent=17950"}],"wp:term":[{"taxonomy":"product_brand","embeddable":true,"href":"https:\/\/koningdrone.be\/de\/wp-json\/wp\/v2\/product_brand?post=17950"},{"taxonomy":"product_cat","embeddable":true,"href":"https:\/\/koningdrone.be\/de\/wp-json\/wp\/v2\/product_cat?post=17950"},{"taxonomy":"product_tag","embeddable":true,"href":"https:\/\/koningdrone.be\/de\/wp-json\/wp\/v2\/product_tag?post=17950"}],"curies":[{"name":"wp","href":"https:\/\/api.w.org\/{rel}","templated":true}]}}