{"id":1784,"date":"2024-11-05T10:27:03","date_gmt":"2024-11-05T09:27:03","guid":{"rendered":"https:\/\/koningdrone.nl\/kon\/product\/ecoflow-30400w-rigid-solar-panel-combo-this-special-price-is-only-available-when-you-purchase-together-with-powerocean\/"},"modified":"2026-04-29T14:10:45","modified_gmt":"2026-04-29T12:10:45","slug":"ecoflow-30400w-rigid-solar-panel-combo-this-special-price-is-only-available-when-you-purchase-together-with-powerocean","status":"publish","type":"product","link":"https:\/\/koningdrone.be\/de\/produkt\/ecoflow-30400w-rigid-solar-panel-combo-this-special-price-is-only-available-when-you-purchase-together-with-powerocean\/","title":{"rendered":"EcoFlow 30*400W Rigid Solar Panel Combo (Dieser Sonderpreis ist nur verf\u00fcgbar, wenn Sie zusammen mit PowerOcean kaufen)"},"content":{"rendered":"<p>Das starre Solarmodul EcoFlow 400W (2 St\u00fcck) liefert effizienten und zuverl\u00e4ssigen Solarstrom f\u00fcr Ihre netzunabh\u00e4ngigen Abenteuer oder Ihren Bedarf an Reserveenergie. Diese starren Paneele wurden mit Blick auf Langlebigkeit entwickelt und k\u00f6nnen rauen Wetterbedingungen standhalten, w\u00e4hrend sie gleichzeitig eine hohe Energieleistung liefern. Mit einer kombinierten Solarleistung von 800 W sind sie ideal zum Aufladen von EcoFlow-Kraftwerken oder anderen Solargeneratoren geeignet und somit perfekt f\u00fcr Outdoor-Aktivit\u00e4ten, Camping, Wohnmobilreisen und Notstromversorgung. Diese einfach zu installierenden und zu wartenden Paneele stellen sicher, dass Sie auch weiterhin \u00fcberall auf nachhaltige und effiziente Weise Strom erzeugen k\u00f6nnen.<\/p>","protected":false},"excerpt":{"rendered":"<ul>\n<li>Langlebig und wetterfest f\u00fcr den langfristigen Einsatz im Freien.<\/li>\n<li>Hohe Energieumwandlungseffizienz.<\/li>\n<li>Stabil und einfach auf verschiedenen Oberfl\u00e4chen zu installieren.<\/li>\n<li>Ideal f\u00fcr die Erweiterung von Solarstromanlagen.<\/li>\n<li>Liefert konstanten und zuverl\u00e4ssigen Solarstrom.<\/li>\n<\/ul>","protected":false},"featured_media":1781,"template":"","meta":{"_acf_changed":false},"product_brand":[],"product_cat":[268,97,245,198],"product_tag":[],"class_list":{"0":"post-1784","1":"product","2":"type-product","3":"status-publish","4":"has-post-thumbnail","6":"product_cat-alle-accessoires","7":"product_cat-alle-producten","8":"product_cat-ecoflow","9":"product_cat-zonnepanelen","10":"product_shipping_class-outofstock","11":"pa_productfamily-delta","12":"pa_producttype-zonnepaneel","14":"first","15":"outofstock","16":"taxable","17":"shipping-taxable","18":"product-type-simple"},"acf":[],"yoast_head":"<!-- This site is optimized with the Yoast SEO Premium plugin v27.2 (Yoast SEO v27.2) - https:\/\/yoast.com\/product\/yoast-seo-premium-wordpress\/ -->\n<title>EcoFlow 30*400W Rigid Solar Panel Combo (This special price is only available when you purchase together with PowerOcean ) - koningdrone.be<\/title>\n<meta name=\"robots\" content=\"index, follow, max-snippet:-1, max-image-preview:large, max-video-preview:-1\" \/>\n<link rel=\"canonical\" href=\"https:\/\/koningdrone.be\/de\/produkt\/ecoflow-30400w-rigid-solar-panel-combo-this-special-price-is-only-available-when-you-purchase-together-with-powerocean\/\" \/>\n<meta property=\"og:locale\" content=\"de_DE\" \/>\n<meta property=\"og:type\" content=\"article\" \/>\n<meta property=\"og:title\" content=\"EcoFlow 30*400W Rigid Solar Panel Combo (This special price is only available when you purchase together with PowerOcean )\" \/>\n<meta property=\"og:description\" content=\"Duurzaam en weerbestendig voor langdurig buitengebruik.Hoge energieomzettingseffici\u00ebntie.Stabiel en gemakkelijk te installeren op verschillende oppervlakken.Ideaal voor uitbreiding van zonne-energiesystemen.Levert consistente en betrouwbare zonne-energie.\" \/>\n<meta property=\"og:url\" content=\"https:\/\/koningdrone.be\/de\/produkt\/ecoflow-30400w-rigid-solar-panel-combo-this-special-price-is-only-available-when-you-purchase-together-with-powerocean\/\" \/>\n<meta property=\"og:site_name\" content=\"koningdrone.be\" \/>\n<meta property=\"article:modified_time\" content=\"2026-04-29T12:10:45+00:00\" \/>\n<meta property=\"og:image\" content=\"https:\/\/koningdrone.be\/wp-content\/uploads\/sites\/13\/2025\/04\/ecoflow-400w-rigid-solar-panel-42663959003300_720x.png\" \/>\n\t<meta property=\"og:image:width\" content=\"720\" \/>\n\t<meta property=\"og:image:height\" content=\"720\" \/>\n\t<meta property=\"og:image:type\" content=\"image\/png\" \/>\n<meta name=\"twitter:card\" content=\"summary_large_image\" \/>\n<script type=\"application\/ld+json\" class=\"yoast-schema-graph\">{\"@context\":\"https:\/\/schema.org\",\"@graph\":[{\"@type\":\"WebPage\",\"@id\":\"https:\/\/koningdrone.be\/product\/ecoflow-30400w-rigid-solar-panel-combo-this-special-price-is-only-available-when-you-purchase-together-with-powerocean\/\",\"url\":\"https:\/\/koningdrone.be\/product\/ecoflow-30400w-rigid-solar-panel-combo-this-special-price-is-only-available-when-you-purchase-together-with-powerocean\/\",\"name\":\"EcoFlow 30*400W Rigid Solar Panel Combo (This special price is only available when you purchase together with PowerOcean ) - koningdrone.be\",\"isPartOf\":{\"@id\":\"https:\/\/koningdrone.be\/#website\"},\"primaryImageOfPage\":{\"@id\":\"https:\/\/koningdrone.be\/product\/ecoflow-30400w-rigid-solar-panel-combo-this-special-price-is-only-available-when-you-purchase-together-with-powerocean\/#primaryimage\"},\"image\":{\"@id\":\"https:\/\/koningdrone.be\/product\/ecoflow-30400w-rigid-solar-panel-combo-this-special-price-is-only-available-when-you-purchase-together-with-powerocean\/#primaryimage\"},\"thumbnailUrl\":\"https:\/\/koningdrone.be\/wp-content\/uploads\/sites\/13\/2025\/04\/ecoflow-400w-rigid-solar-panel-42663959003300_720x.png\",\"datePublished\":\"2024-11-05T09:27:03+00:00\",\"dateModified\":\"2026-04-29T12:10:45+00:00\",\"breadcrumb\":{\"@id\":\"https:\/\/koningdrone.be\/product\/ecoflow-30400w-rigid-solar-panel-combo-this-special-price-is-only-available-when-you-purchase-together-with-powerocean\/#breadcrumb\"},\"inLanguage\":\"de\",\"potentialAction\":[{\"@type\":\"ReadAction\",\"target\":[\"https:\/\/koningdrone.be\/product\/ecoflow-30400w-rigid-solar-panel-combo-this-special-price-is-only-available-when-you-purchase-together-with-powerocean\/\"]}]},{\"@type\":\"ImageObject\",\"inLanguage\":\"de\",\"@id\":\"https:\/\/koningdrone.be\/product\/ecoflow-30400w-rigid-solar-panel-combo-this-special-price-is-only-available-when-you-purchase-together-with-powerocean\/#primaryimage\",\"url\":\"https:\/\/koningdrone.be\/wp-content\/uploads\/sites\/13\/2025\/04\/ecoflow-400w-rigid-solar-panel-42663959003300_720x.png\",\"contentUrl\":\"https:\/\/koningdrone.be\/wp-content\/uploads\/sites\/13\/2025\/04\/ecoflow-400w-rigid-solar-panel-42663959003300_720x.png\",\"width\":720,\"height\":720},{\"@type\":\"BreadcrumbList\",\"@id\":\"https:\/\/koningdrone.be\/product\/ecoflow-30400w-rigid-solar-panel-combo-this-special-price-is-only-available-when-you-purchase-together-with-powerocean\/#breadcrumb\",\"itemListElement\":[{\"@type\":\"ListItem\",\"position\":1,\"name\":\"Home\",\"item\":\"https:\/\/koningdrone.be\/\"},{\"@type\":\"ListItem\",\"position\":2,\"name\":\"AVSS Parachute Recovery System for DJI Matrice 300\/350\",\"item\":\"https:\/\/koningdrone.be\/product\/avss-parachute-recovery-system-for-dji-matrice-300-350\/\"},{\"@type\":\"ListItem\",\"position\":3,\"name\":\"Alle accessoires\",\"item\":\"https:\/\/koningdrone.be\/categorie\/alle-accessoires\/\"},{\"@type\":\"ListItem\",\"position\":4,\"name\":\"EcoFlow 30*400W Rigid Solar Panel Combo (This special price is only available when you purchase together with PowerOcean )\"}]},{\"@type\":\"WebSite\",\"@id\":\"https:\/\/koningdrone.be\/#website\",\"url\":\"https:\/\/koningdrone.be\/\",\"name\":\"Koningdrone.be - Uw online specialist in drones, gimbals, camera's en power stations.\",\"description\":\"De webshop in drones en gimbals\",\"publisher\":{\"@id\":\"https:\/\/koningdrone.be\/#organization\"},\"potentialAction\":[{\"@type\":\"SearchAction\",\"target\":{\"@type\":\"EntryPoint\",\"urlTemplate\":\"https:\/\/koningdrone.be\/?s={search_term_string}\"},\"query-input\":{\"@type\":\"PropertyValueSpecification\",\"valueRequired\":true,\"valueName\":\"search_term_string\"}}],\"inLanguage\":\"de\"},{\"@type\":\"Organization\",\"@id\":\"https:\/\/koningdrone.be\/#organization\",\"name\":\"Koningdrone.be\",\"url\":\"https:\/\/koningdrone.be\/\",\"logo\":{\"@type\":\"ImageObject\",\"inLanguage\":\"de\",\"@id\":\"https:\/\/koningdrone.be\/#\/schema\/logo\/image\/\",\"url\":\"https:\/\/koningdrone.be\/wp-content\/uploads\/sites\/13\/2025\/04\/koningdrone-copyright-logo.svg\",\"contentUrl\":\"https:\/\/koningdrone.be\/wp-content\/uploads\/sites\/13\/2025\/04\/koningdrone-copyright-logo.svg\",\"width\":227,\"height\":38,\"caption\":\"Koningdrone.be\"},\"image\":{\"@id\":\"https:\/\/koningdrone.be\/#\/schema\/logo\/image\/\"}}]}<\/script>\n<!-- \/ Yoast SEO Premium plugin. -->","yoast_head_json":{"title":"EcoFlow 30*400W Rigid Solar Panel Combo (This special price is only available when you purchase together with PowerOcean ) - koningdrone.be","robots":{"index":"index","follow":"follow","max-snippet":"max-snippet:-1","max-image-preview":"max-image-preview:large","max-video-preview":"max-video-preview:-1"},"canonical":"https:\/\/koningdrone.be\/de\/produkt\/ecoflow-30400w-rigid-solar-panel-combo-this-special-price-is-only-available-when-you-purchase-together-with-powerocean\/","og_locale":"de_DE","og_type":"article","og_title":"EcoFlow 30*400W Rigid Solar Panel Combo (This special price is only available when you purchase together with PowerOcean )","og_description":"Duurzaam en weerbestendig voor langdurig buitengebruik.Hoge energieomzettingseffici\u00ebntie.Stabiel en gemakkelijk te installeren op verschillende oppervlakken.Ideaal voor uitbreiding van zonne-energiesystemen.Levert consistente en betrouwbare zonne-energie.","og_url":"https:\/\/koningdrone.be\/de\/produkt\/ecoflow-30400w-rigid-solar-panel-combo-this-special-price-is-only-available-when-you-purchase-together-with-powerocean\/","og_site_name":"koningdrone.be","article_modified_time":"2026-04-29T12:10:45+00:00","og_image":[{"width":720,"height":720,"url":"https:\/\/koningdrone.be\/wp-content\/uploads\/sites\/13\/2025\/04\/ecoflow-400w-rigid-solar-panel-42663959003300_720x.png","type":"image\/png"}],"twitter_card":"summary_large_image","schema":{"@context":"https:\/\/schema.org","@graph":[{"@type":"WebPage","@id":"https:\/\/koningdrone.be\/product\/ecoflow-30400w-rigid-solar-panel-combo-this-special-price-is-only-available-when-you-purchase-together-with-powerocean\/","url":"https:\/\/koningdrone.be\/product\/ecoflow-30400w-rigid-solar-panel-combo-this-special-price-is-only-available-when-you-purchase-together-with-powerocean\/","name":"EcoFlow 30*400W Rigid Solar Panel Combo (This special price is only available when you purchase together with PowerOcean ) - koningdrone.be","isPartOf":{"@id":"https:\/\/koningdrone.be\/#website"},"primaryImageOfPage":{"@id":"https:\/\/koningdrone.be\/product\/ecoflow-30400w-rigid-solar-panel-combo-this-special-price-is-only-available-when-you-purchase-together-with-powerocean\/#primaryimage"},"image":{"@id":"https:\/\/koningdrone.be\/product\/ecoflow-30400w-rigid-solar-panel-combo-this-special-price-is-only-available-when-you-purchase-together-with-powerocean\/#primaryimage"},"thumbnailUrl":"https:\/\/koningdrone.be\/wp-content\/uploads\/sites\/13\/2025\/04\/ecoflow-400w-rigid-solar-panel-42663959003300_720x.png","datePublished":"2024-11-05T09:27:03+00:00","dateModified":"2026-04-29T12:10:45+00:00","breadcrumb":{"@id":"https:\/\/koningdrone.be\/product\/ecoflow-30400w-rigid-solar-panel-combo-this-special-price-is-only-available-when-you-purchase-together-with-powerocean\/#breadcrumb"},"inLanguage":"de","potentialAction":[{"@type":"ReadAction","target":["https:\/\/koningdrone.be\/product\/ecoflow-30400w-rigid-solar-panel-combo-this-special-price-is-only-available-when-you-purchase-together-with-powerocean\/"]}]},{"@type":"ImageObject","inLanguage":"de","@id":"https:\/\/koningdrone.be\/product\/ecoflow-30400w-rigid-solar-panel-combo-this-special-price-is-only-available-when-you-purchase-together-with-powerocean\/#primaryimage","url":"https:\/\/koningdrone.be\/wp-content\/uploads\/sites\/13\/2025\/04\/ecoflow-400w-rigid-solar-panel-42663959003300_720x.png","contentUrl":"https:\/\/koningdrone.be\/wp-content\/uploads\/sites\/13\/2025\/04\/ecoflow-400w-rigid-solar-panel-42663959003300_720x.png","width":720,"height":720},{"@type":"BreadcrumbList","@id":"https:\/\/koningdrone.be\/product\/ecoflow-30400w-rigid-solar-panel-combo-this-special-price-is-only-available-when-you-purchase-together-with-powerocean\/#breadcrumb","itemListElement":[{"@type":"ListItem","position":1,"name":"Home","item":"https:\/\/koningdrone.be\/"},{"@type":"ListItem","position":2,"name":"AVSS Parachute Recovery System for DJI Matrice 300\/350","item":"https:\/\/koningdrone.be\/product\/avss-parachute-recovery-system-for-dji-matrice-300-350\/"},{"@type":"ListItem","position":3,"name":"Alle accessoires","item":"https:\/\/koningdrone.be\/categorie\/alle-accessoires\/"},{"@type":"ListItem","position":4,"name":"EcoFlow 30*400W Rigid Solar Panel Combo (This special price is only available when you purchase together with PowerOcean )"}]},{"@type":"WebSite","@id":"https:\/\/koningdrone.be\/#website","url":"https:\/\/koningdrone.be\/","name":"Koningdrone.be - Ihr Online-Spezialist f\u00fcr Drohnen, Gimbals, Kameras und Kraftwerke.","description":"Der Webshop f\u00fcr Drohnen und Gimbals","publisher":{"@id":"https:\/\/koningdrone.be\/#organization"},"potentialAction":[{"@type":"SearchAction","target":{"@type":"EntryPoint","urlTemplate":"https:\/\/koningdrone.be\/?s={search_term_string}"},"query-input":{"@type":"PropertyValueSpecification","valueRequired":true,"valueName":"search_term_string"}}],"inLanguage":"de"},{"@type":"Organization","@id":"https:\/\/koningdrone.be\/#organization","name":"Kingdrone.de","url":"https:\/\/koningdrone.be\/","logo":{"@type":"ImageObject","inLanguage":"de","@id":"https:\/\/koningdrone.be\/#\/schema\/logo\/image\/","url":"https:\/\/koningdrone.be\/wp-content\/uploads\/sites\/13\/2025\/04\/koningdrone-copyright-logo.svg","contentUrl":"https:\/\/koningdrone.be\/wp-content\/uploads\/sites\/13\/2025\/04\/koningdrone-copyright-logo.svg","width":227,"height":38,"caption":"Koningdrone.be"},"image":{"@id":"https:\/\/koningdrone.be\/#\/schema\/logo\/image\/"}}]}},"df_price":"","df_sale_price":"","df_regular_price":"","df_image_link":"https:\/\/koningdrone.be\/wp-content\/uploads\/sites\/13\/2025\/04\/ecoflow-400w-rigid-solar-panel-42663959003300_720x-300x300.png","_links":{"self":[{"href":"https:\/\/koningdrone.be\/de\/wp-json\/wp\/v2\/product\/1784","targetHints":{"allow":["GET"]}}],"collection":[{"href":"https:\/\/koningdrone.be\/de\/wp-json\/wp\/v2\/product"}],"about":[{"href":"https:\/\/koningdrone.be\/de\/wp-json\/wp\/v2\/types\/product"}],"wp:featuredmedia":[{"embeddable":true,"href":"https:\/\/koningdrone.be\/de\/wp-json\/wp\/v2\/media\/1781"}],"wp:attachment":[{"href":"https:\/\/koningdrone.be\/de\/wp-json\/wp\/v2\/media?parent=1784"}],"wp:term":[{"taxonomy":"product_brand","embeddable":true,"href":"https:\/\/koningdrone.be\/de\/wp-json\/wp\/v2\/product_brand?post=1784"},{"taxonomy":"product_cat","embeddable":true,"href":"https:\/\/koningdrone.be\/de\/wp-json\/wp\/v2\/product_cat?post=1784"},{"taxonomy":"product_tag","embeddable":true,"href":"https:\/\/koningdrone.be\/de\/wp-json\/wp\/v2\/product_tag?post=1784"}],"curies":[{"name":"wp","href":"https:\/\/api.w.org\/{rel}","templated":true}]}}