{"id":17647,"date":"2026-03-25T01:51:28","date_gmt":"2026-03-25T00:51:28","guid":{"rendered":"https:\/\/koningdrone.be\/?post_type=product&#038;p=17647"},"modified":"2026-04-30T17:00:21","modified_gmt":"2026-04-30T15:00:21","slug":"ecoflow-trail-200-dc-portable-power-stat","status":"publish","type":"product","link":"https:\/\/koningdrone.be\/de\/produkt\/ecoflow-trail-200-dc-portable-power-stat\/","title":{"rendered":"EcoFlow TRAIL 200 DC Portable Power Stat"},"content":{"rendered":"<h3>EcoFlow TRAIL 200 DC Portable Power Stat<\/h3>\n<p><iframe loading=\"lazy\" title=\"Entfesseln Sie die netzunabh\u00e4ngige Gleichstromversorgung: EcoFlow TRAIL Serie 200 &amp; 300 DC\" width=\"800\" height=\"450\" src=\"https:\/\/www.youtube.com\/embed\/BV3bo67lsTE?feature=oembed&#038;enablejsapi=1&#038;origin=https:\/\/koningdrone.be\" frameborder=\"0\" allow=\"accelerometer; autoplay; clipboard-write; encrypted-media; gyroscope; picture-in-picture; web-share\" referrerpolicy=\"strict-origin-when-cross-origin\" allowfullscreen><\/iframe><\/p>\n<p style=\"margin: 20px 0\">Die EcoFlow TRAIL 200 DC Portable Power Station ist eine ultrakompakte und leichte, tragbare Stromquelle mit 192 Wh, die Ihre wichtigsten Ger\u00e4te unterwegs mit Strom versorgt. Dank ihres reinen Gleichstromdesigns liefert sie eine Gesamtausgangsleistung von bis zu 220 W, was ideal zum Aufladen von Smartphones, Tablets, Kameras, Laptops und anderen Ger\u00e4ten beim Camping, auf Reisen oder bei Outdoor-Aktivit\u00e4ten ist.<\/p>\n<p><a href=\"https:\/\/koningdrone.nl\/wp-content\/uploads\/2026\/03\/EcoFlow-TRAIL-200-DC-Portable-Power-Stat.webp\"><img loading=\"lazy\" decoding=\"async\" class=\"size-full wp-image-470427 aligncenter\" src=\"https:\/\/koningdrone.nl\/wp-content\/uploads\/2026\/03\/EcoFlow-TRAIL-200-DC-Portable-Power-Stat.webp\" alt=\"EcoFlow TRAIL 200 DC Portable Power Stat\" width=\"1200\" height=\"800\" \/><\/a><\/p>\n<h4>Leistung und Funktionalit\u00e4t<\/h4>\n<p>Mit mehreren USB-C- und USB-A-Anschl\u00fcssen k\u00f6nnen Sie bis zu vier Ger\u00e4te gleichzeitig aufladen, ohne viel Strom zu verlieren, und die schnellen USB-C-Anschl\u00fcsse unterst\u00fctzen bis zu 140 W PD-Leistung f\u00fcr schnelle Laptop- und Ger\u00e4teladefunktionen. Die Stromversorgung ist eine reine Gleichstromversorgung, die Stromeinsparungen und eine effizientere Nutzung erm\u00f6glicht, sodass Sie den Strom l\u00e4nger nutzen k\u00f6nnen, ohne unn\u00f6tigen Stromverlust.<\/p>\n<h4>Verarbeitungsqualit\u00e4t und Design<\/h4>\n<p>Der TRAIL 200 DC verf\u00fcgt \u00fcber eine robuste Konstruktion mit LFP (LiFePO4)-Akkutechnologie, die eine sichere und stabile Energiequelle mit l\u00e4ngerer Lebensdauer bietet. Durch sein kompaktes und leichtes Design (ca. 1,83 kg) l\u00e4sst er sich leicht in einem Rucksack oder einer Tasche transportieren - perfekt f\u00fcr Outdoor-Abenteuer und den t\u00e4glichen Gebrauch.<\/p>\n<p><a href=\"https:\/\/koningdrone.nl\/wp-content\/uploads\/2026\/03\/Product-TRAIL-200-DC-Portable-Power-Stat-EcoFlow.webp\"><img loading=\"lazy\" decoding=\"async\" class=\"aligncenter wp-image-470422 size-medium\" src=\"https:\/\/koningdrone.nl\/wp-content\/uploads\/2026\/03\/Product-TRAIL-200-DC-Portable-Power-Stat-EcoFlow-300x300.webp\" alt=\"Product TRAIL 200 DC Portable Power Stat EcoFlow\" width=\"300\" height=\"300\" \/><\/a><\/p>\n<h4>Warum Sie es brauchen<\/h4>\n<p>Ganz gleich, ob Sie einen Tag unterwegs sind, ein Festival besuchen, campen gehen oder einfach nur zus\u00e4tzlichen Strom ohne Steckdose ben\u00f6tigen - diese tragbare Stromstation bietet zuverl\u00e4ssige und mobile Stromversorgung f\u00fcr Ihre Ger\u00e4te. Seine vielseitigen Anschl\u00fcsse und seine effiziente Leistung machen es zu einem praktischen Begleiter f\u00fcr alle Situationen, in denen Sie keine feste Stromquelle haben.<\/p>","protected":false},"excerpt":{"rendered":"<ul>\n<li>192 Wh tragbarer Strom f\u00fcr den Au\u00dfenbereich und den t\u00e4glichen Gebrauch<\/li>\n<li>Bis zu 220 W Gesamtausgangsleistung \u00fcber DC-Ausgang<\/li>\n<li>USB-C PD bis zu 140 W f\u00fcr schnelle Laptop-Ladefunktionen<\/li>\n<li>LFP-Batterietechnologie f\u00fcr l\u00e4ngere Lebensdauer und Sicherheit<\/li>\n<li>Kompaktes und leichtes Design, einfach zu tragen<\/li>\n<\/ul>","protected":false},"featured_media":17648,"template":"","meta":{"_acf_changed":false},"product_brand":[],"product_cat":[1832],"product_tag":[],"class_list":{"0":"post-17647","1":"product","2":"type-product","3":"status-publish","4":"has-post-thumbnail","6":"product_cat-ecoflow-trail","7":"product_shipping_class-outofstock","8":"pa_brand-ecoflow","9":"pa_producttype-draagbare-power-station","10":"pa_series-trail","12":"first","13":"outofstock","14":"taxable","15":"shipping-taxable","16":"purchasable","17":"product-type-simple"},"acf":[],"yoast_head":"<!-- This site is optimized with the Yoast SEO Premium plugin v27.2 (Yoast SEO v27.2) - https:\/\/yoast.com\/product\/yoast-seo-premium-wordpress\/ -->\n<title>EcoFlow TRAIL 200 DC Portable Power Stat - koningdrone.be<\/title>\n<meta name=\"robots\" content=\"index, follow, max-snippet:-1, max-image-preview:large, max-video-preview:-1\" \/>\n<link rel=\"canonical\" href=\"https:\/\/koningdrone.be\/de\/produkt\/ecoflow-trail-200-dc-portable-power-stat\/\" \/>\n<meta property=\"og:locale\" content=\"de_DE\" \/>\n<meta property=\"og:type\" content=\"article\" \/>\n<meta property=\"og:title\" content=\"EcoFlow TRAIL 200 DC Portable Power Stat\" \/>\n<meta property=\"og:description\" content=\"192\u202fWh draagbare energie voor outdoor en dagelijks gebruik  Tot 220\u202fW totaal uitgangsvermogen via DC\u2011uitgang  USB\u2011C PD tot 140\u202fW voor snelle laptop\u2011oplaadfuncties  LFP\u2011batterijtechnologie voor langere levensduur en veiligheid  Compact en lichtgewicht design makkelijk mee te nemen\" \/>\n<meta property=\"og:url\" content=\"https:\/\/koningdrone.be\/de\/produkt\/ecoflow-trail-200-dc-portable-power-stat\/\" \/>\n<meta property=\"og:site_name\" content=\"koningdrone.be\" \/>\n<meta property=\"article:modified_time\" content=\"2026-04-30T15:00:21+00:00\" \/>\n<meta property=\"og:image\" content=\"https:\/\/koningdrone.be\/wp-content\/uploads\/sites\/13\/2026\/03\/EcoFlow-TRAIL-200-DC-Portable-Power-Stat-Product.webp\" \/>\n\t<meta property=\"og:image:width\" content=\"2048\" \/>\n\t<meta property=\"og:image:height\" content=\"2048\" \/>\n\t<meta property=\"og:image:type\" content=\"image\/webp\" \/>\n<meta name=\"twitter:card\" content=\"summary_large_image\" \/>\n<meta name=\"twitter:label1\" content=\"Gesch\u00e4tzte Lesezeit\" \/>\n\t<meta name=\"twitter:data1\" content=\"1\u00a0Minute\" \/>\n<script type=\"application\/ld+json\" class=\"yoast-schema-graph\">{\"@context\":\"https:\/\/schema.org\",\"@graph\":[{\"@type\":\"WebPage\",\"@id\":\"https:\/\/koningdrone.be\/product\/ecoflow-trail-200-dc-portable-power-stat\/\",\"url\":\"https:\/\/koningdrone.be\/product\/ecoflow-trail-200-dc-portable-power-stat\/\",\"name\":\"EcoFlow TRAIL 200 DC Portable Power Stat - koningdrone.be\",\"isPartOf\":{\"@id\":\"https:\/\/koningdrone.be\/#website\"},\"primaryImageOfPage\":{\"@id\":\"https:\/\/koningdrone.be\/product\/ecoflow-trail-200-dc-portable-power-stat\/#primaryimage\"},\"image\":{\"@id\":\"https:\/\/koningdrone.be\/product\/ecoflow-trail-200-dc-portable-power-stat\/#primaryimage\"},\"thumbnailUrl\":\"https:\/\/koningdrone.be\/wp-content\/uploads\/sites\/13\/2026\/03\/EcoFlow-TRAIL-200-DC-Portable-Power-Stat-Product.webp\",\"datePublished\":\"2026-03-25T00:51:28+00:00\",\"dateModified\":\"2026-04-30T15:00:21+00:00\",\"breadcrumb\":{\"@id\":\"https:\/\/koningdrone.be\/product\/ecoflow-trail-200-dc-portable-power-stat\/#breadcrumb\"},\"inLanguage\":\"de\",\"potentialAction\":[{\"@type\":\"ReadAction\",\"target\":[\"https:\/\/koningdrone.be\/product\/ecoflow-trail-200-dc-portable-power-stat\/\"]}]},{\"@type\":\"ImageObject\",\"inLanguage\":\"de\",\"@id\":\"https:\/\/koningdrone.be\/product\/ecoflow-trail-200-dc-portable-power-stat\/#primaryimage\",\"url\":\"https:\/\/koningdrone.be\/wp-content\/uploads\/sites\/13\/2026\/03\/EcoFlow-TRAIL-200-DC-Portable-Power-Stat-Product.webp\",\"contentUrl\":\"https:\/\/koningdrone.be\/wp-content\/uploads\/sites\/13\/2026\/03\/EcoFlow-TRAIL-200-DC-Portable-Power-Stat-Product.webp\",\"width\":2048,\"height\":2048},{\"@type\":\"BreadcrumbList\",\"@id\":\"https:\/\/koningdrone.be\/product\/ecoflow-trail-200-dc-portable-power-stat\/#breadcrumb\",\"itemListElement\":[{\"@type\":\"ListItem\",\"position\":1,\"name\":\"Home\",\"item\":\"https:\/\/koningdrone.be\/\"},{\"@type\":\"ListItem\",\"position\":2,\"name\":\"AVSS Parachute Recovery System for DJI Matrice 300\/350\",\"item\":\"https:\/\/koningdrone.be\/product\/avss-parachute-recovery-system-for-dji-matrice-300-350\/\"},{\"@type\":\"ListItem\",\"position\":3,\"name\":\"EcoFlow TRAIL\",\"item\":\"https:\/\/koningdrone.be\/categorie\/ecoflow-trail\/\"},{\"@type\":\"ListItem\",\"position\":4,\"name\":\"EcoFlow TRAIL 200 DC Portable Power Stat\"}]},{\"@type\":\"WebSite\",\"@id\":\"https:\/\/koningdrone.be\/#website\",\"url\":\"https:\/\/koningdrone.be\/\",\"name\":\"Koningdrone.be - Uw online specialist in drones, gimbals, camera's en power stations.\",\"description\":\"De webshop in drones en gimbals\",\"publisher\":{\"@id\":\"https:\/\/koningdrone.be\/#organization\"},\"potentialAction\":[{\"@type\":\"SearchAction\",\"target\":{\"@type\":\"EntryPoint\",\"urlTemplate\":\"https:\/\/koningdrone.be\/?s={search_term_string}\"},\"query-input\":{\"@type\":\"PropertyValueSpecification\",\"valueRequired\":true,\"valueName\":\"search_term_string\"}}],\"inLanguage\":\"de\"},{\"@type\":\"Organization\",\"@id\":\"https:\/\/koningdrone.be\/#organization\",\"name\":\"Koningdrone.be\",\"url\":\"https:\/\/koningdrone.be\/\",\"logo\":{\"@type\":\"ImageObject\",\"inLanguage\":\"de\",\"@id\":\"https:\/\/koningdrone.be\/#\/schema\/logo\/image\/\",\"url\":\"https:\/\/koningdrone.be\/wp-content\/uploads\/sites\/13\/2025\/04\/koningdrone-copyright-logo.svg\",\"contentUrl\":\"https:\/\/koningdrone.be\/wp-content\/uploads\/sites\/13\/2025\/04\/koningdrone-copyright-logo.svg\",\"width\":227,\"height\":38,\"caption\":\"Koningdrone.be\"},\"image\":{\"@id\":\"https:\/\/koningdrone.be\/#\/schema\/logo\/image\/\"}}]}<\/script>\n<!-- \/ Yoast SEO Premium plugin. -->","yoast_head_json":{"title":"EcoFlow TRAIL 200 DC Portable Power Stat - koningdrone.be","robots":{"index":"index","follow":"follow","max-snippet":"max-snippet:-1","max-image-preview":"max-image-preview:large","max-video-preview":"max-video-preview:-1"},"canonical":"https:\/\/koningdrone.be\/de\/produkt\/ecoflow-trail-200-dc-portable-power-stat\/","og_locale":"de_DE","og_type":"article","og_title":"EcoFlow TRAIL 200 DC Portable Power Stat","og_description":"192\u202fWh draagbare energie voor outdoor en dagelijks gebruik  Tot 220\u202fW totaal uitgangsvermogen via DC\u2011uitgang  USB\u2011C PD tot 140\u202fW voor snelle laptop\u2011oplaadfuncties  LFP\u2011batterijtechnologie voor langere levensduur en veiligheid  Compact en lichtgewicht design makkelijk mee te nemen","og_url":"https:\/\/koningdrone.be\/de\/produkt\/ecoflow-trail-200-dc-portable-power-stat\/","og_site_name":"koningdrone.be","article_modified_time":"2026-04-30T15:00:21+00:00","og_image":[{"width":2048,"height":2048,"url":"https:\/\/koningdrone.be\/wp-content\/uploads\/sites\/13\/2026\/03\/EcoFlow-TRAIL-200-DC-Portable-Power-Stat-Product.webp","type":"image\/webp"}],"twitter_card":"summary_large_image","twitter_misc":{"Gesch\u00e4tzte Lesezeit":"1\u00a0Minute"},"schema":{"@context":"https:\/\/schema.org","@graph":[{"@type":"WebPage","@id":"https:\/\/koningdrone.be\/product\/ecoflow-trail-200-dc-portable-power-stat\/","url":"https:\/\/koningdrone.be\/product\/ecoflow-trail-200-dc-portable-power-stat\/","name":"EcoFlow TRAIL 200 DC Portable Power Stat - koningdrone.be","isPartOf":{"@id":"https:\/\/koningdrone.be\/#website"},"primaryImageOfPage":{"@id":"https:\/\/koningdrone.be\/product\/ecoflow-trail-200-dc-portable-power-stat\/#primaryimage"},"image":{"@id":"https:\/\/koningdrone.be\/product\/ecoflow-trail-200-dc-portable-power-stat\/#primaryimage"},"thumbnailUrl":"https:\/\/koningdrone.be\/wp-content\/uploads\/sites\/13\/2026\/03\/EcoFlow-TRAIL-200-DC-Portable-Power-Stat-Product.webp","datePublished":"2026-03-25T00:51:28+00:00","dateModified":"2026-04-30T15:00:21+00:00","breadcrumb":{"@id":"https:\/\/koningdrone.be\/product\/ecoflow-trail-200-dc-portable-power-stat\/#breadcrumb"},"inLanguage":"de","potentialAction":[{"@type":"ReadAction","target":["https:\/\/koningdrone.be\/product\/ecoflow-trail-200-dc-portable-power-stat\/"]}]},{"@type":"ImageObject","inLanguage":"de","@id":"https:\/\/koningdrone.be\/product\/ecoflow-trail-200-dc-portable-power-stat\/#primaryimage","url":"https:\/\/koningdrone.be\/wp-content\/uploads\/sites\/13\/2026\/03\/EcoFlow-TRAIL-200-DC-Portable-Power-Stat-Product.webp","contentUrl":"https:\/\/koningdrone.be\/wp-content\/uploads\/sites\/13\/2026\/03\/EcoFlow-TRAIL-200-DC-Portable-Power-Stat-Product.webp","width":2048,"height":2048},{"@type":"BreadcrumbList","@id":"https:\/\/koningdrone.be\/product\/ecoflow-trail-200-dc-portable-power-stat\/#breadcrumb","itemListElement":[{"@type":"ListItem","position":1,"name":"Home","item":"https:\/\/koningdrone.be\/"},{"@type":"ListItem","position":2,"name":"AVSS Parachute Recovery System for DJI Matrice 300\/350","item":"https:\/\/koningdrone.be\/product\/avss-parachute-recovery-system-for-dji-matrice-300-350\/"},{"@type":"ListItem","position":3,"name":"EcoFlow TRAIL","item":"https:\/\/koningdrone.be\/categorie\/ecoflow-trail\/"},{"@type":"ListItem","position":4,"name":"EcoFlow TRAIL 200 DC Portable Power Stat"}]},{"@type":"WebSite","@id":"https:\/\/koningdrone.be\/#website","url":"https:\/\/koningdrone.be\/","name":"Koningdrone.be - Ihr Online-Spezialist f\u00fcr Drohnen, Gimbals, Kameras und Kraftwerke.","description":"Der Webshop f\u00fcr Drohnen und Gimbals","publisher":{"@id":"https:\/\/koningdrone.be\/#organization"},"potentialAction":[{"@type":"SearchAction","target":{"@type":"EntryPoint","urlTemplate":"https:\/\/koningdrone.be\/?s={search_term_string}"},"query-input":{"@type":"PropertyValueSpecification","valueRequired":true,"valueName":"search_term_string"}}],"inLanguage":"de"},{"@type":"Organization","@id":"https:\/\/koningdrone.be\/#organization","name":"Kingdrone.de","url":"https:\/\/koningdrone.be\/","logo":{"@type":"ImageObject","inLanguage":"de","@id":"https:\/\/koningdrone.be\/#\/schema\/logo\/image\/","url":"https:\/\/koningdrone.be\/wp-content\/uploads\/sites\/13\/2025\/04\/koningdrone-copyright-logo.svg","contentUrl":"https:\/\/koningdrone.be\/wp-content\/uploads\/sites\/13\/2025\/04\/koningdrone-copyright-logo.svg","width":227,"height":38,"caption":"Koningdrone.be"},"image":{"@id":"https:\/\/koningdrone.be\/#\/schema\/logo\/image\/"}}]}},"df_price":149,"df_sale_price":"","df_regular_price":149,"df_image_link":"https:\/\/koningdrone.be\/wp-content\/uploads\/sites\/13\/2026\/03\/EcoFlow-TRAIL-200-DC-Portable-Power-Stat-Product-300x300.webp","_links":{"self":[{"href":"https:\/\/koningdrone.be\/de\/wp-json\/wp\/v2\/product\/17647","targetHints":{"allow":["GET"]}}],"collection":[{"href":"https:\/\/koningdrone.be\/de\/wp-json\/wp\/v2\/product"}],"about":[{"href":"https:\/\/koningdrone.be\/de\/wp-json\/wp\/v2\/types\/product"}],"wp:featuredmedia":[{"embeddable":true,"href":"https:\/\/koningdrone.be\/de\/wp-json\/wp\/v2\/media\/17648"}],"wp:attachment":[{"href":"https:\/\/koningdrone.be\/de\/wp-json\/wp\/v2\/media?parent=17647"}],"wp:term":[{"taxonomy":"product_brand","embeddable":true,"href":"https:\/\/koningdrone.be\/de\/wp-json\/wp\/v2\/product_brand?post=17647"},{"taxonomy":"product_cat","embeddable":true,"href":"https:\/\/koningdrone.be\/de\/wp-json\/wp\/v2\/product_cat?post=17647"},{"taxonomy":"product_tag","embeddable":true,"href":"https:\/\/koningdrone.be\/de\/wp-json\/wp\/v2\/product_tag?post=17647"}],"curies":[{"name":"wp","href":"https:\/\/api.w.org\/{rel}","templated":true}]}}