{"id":17350,"date":"2026-03-18T09:00:58","date_gmt":"2026-03-18T08:00:58","guid":{"rendered":"https:\/\/koningdrone.be\/?post_type=product&#038;p=17350"},"modified":"2026-04-29T03:31:03","modified_gmt":"2026-04-29T01:31:03","slug":"dji-cellular-dongle","status":"publish","type":"product","link":"https:\/\/koningdrone.be\/de\/produkt\/dji-cellular-dongle\/","title":{"rendered":"DJI-Mobilfunk-Dongle"},"content":{"rendered":"<h3>DJI-Mobilfunk-Dongle<\/h3>\n<p>Der DJI Cellular Dongle (LTE USB Modem) ist ein kompaktes 4G-Modul, das DJI-Ger\u00e4ten den Zugang zu mobilen Netzwerken f\u00fcr eine stabile und zuverl\u00e4ssige Konnektivit\u00e4t erm\u00f6glicht. Mit diesem Dongle kann sich Ihre Drohne mit einem 4G-Netzwerk verbinden, was f\u00fcr zus\u00e4tzliche Stabilit\u00e4t w\u00e4hrend des Flugbetriebs sorgt. Dies ist besonders n\u00fctzlich, wenn das Standard-Videosignal durch Hindernisse, Interferenzen oder gro\u00dfe Entfernungen gest\u00f6rt wird. Der Dongle wurde f\u00fcr professionelle und Unternehmensanwendungen entwickelt, bei denen eine zuverl\u00e4ssige Datenverbindung unerl\u00e4sslich ist.<\/p>\n<h4>Leistung und Funktionalit\u00e4t<\/h4>\n<p>Der DJI Cellular Dongle nutzt 4G LTE-Netzwerke, um Funktionen wie Enhanced Transmission und Network RTK zu erm\u00f6glichen. Dies erm\u00f6glicht der Drohne, die Kommunikation \u00fcber das Mobilfunknetz fortzusetzen, wenn die Standard-Video- oder Funksignalverbindung vor\u00fcbergehend unterbrochen wird. Dadurch wird das Risiko eines Signalverlusts verringert und eine stabilere Steuerung der Drohne erm\u00f6glicht. Der Dongle bietet au\u00dferdem Hochgeschwindigkeits-Datenverbindungen und wird mit einem einj\u00e4hrigen Abonnement f\u00fcr DJI Enhanced Transmission Services geliefert.<\/p>\n<p><a href=\"https:\/\/koningdrone.nl\/wp-content\/uploads\/2026\/03\/DJI-Cellular-Dongle.jpg\"><img loading=\"lazy\" decoding=\"async\" class=\"size-medium wp-image-467695 aligncenter\" src=\"https:\/\/koningdrone.nl\/wp-content\/uploads\/2026\/03\/DJI-Cellular-Dongle-300x300.jpg\" alt=\"DJI Cellular Dongle\" width=\"300\" height=\"300\" \/><\/a><\/p>\n<h4>Verarbeitungsqualit\u00e4t und Design<\/h4>\n<p>Der Dongle hat ein sehr kompaktes und leichtes Design und kann einfach \u00fcber eine USB-Schnittstelle an kompatible DJI-Ger\u00e4te angeschlossen werden. Dank des integrierten Nano-SIM-Kartensteckplatzes und des Dual-Antennen-Designs kann das Modul stabile mobile Netzwerkverbindungen aufrechterhalten. Das robuste Design ist f\u00fcr den professionellen Einsatz in verschiedenen Umgebungen wie Inspektionen, Kartierungen und industrielle Drohneneins\u00e4tze konzipiert.<\/p>\n<h4>Warum Sie das brauchen<\/h4>\n<p>F\u00fcr professionelle Drohnennutzer, die ein Maximum an Zuverl\u00e4ssigkeit und Konnektivit\u00e4t ben\u00f6tigen, ist der DJI Cellular Dongle ein wertvolles Zusatzger\u00e4t. Dieser Dongle nutzt ein 4G-Netzwerk als zus\u00e4tzliche Kommunikationsebene und tr\u00e4gt dazu bei, die Verbindungen stabil zu halten und das Risiko von Unterbrechungen bei kritischen Fl\u00fcgen deutlich zu reduzieren.<\/p>","protected":false},"excerpt":{"rendered":"<ul>\n<li>Erm\u00f6glicht DJI-Drohnen und -Controllern den Zugang zu schnellen 4G-LTE-Netzwerken<\/li>\n<li>Unterst\u00fctzt Enhanced Transmission f\u00fcr eine stabilere Video\u00fcbertragung<\/li>\n<li>Reduziert das Risiko von Signalverlusten w\u00e4hrend des Fluges<\/li>\n<li>Unterst\u00fctzt Netzwerk-RTK f\u00fcr pr\u00e4zise Positionierung<\/li>\n<li>Beinhaltet ein Jahr DJI Enhanced Transmission Service<\/li>\n<\/ul>","protected":false},"featured_media":17349,"template":"","meta":{"_acf_changed":false},"product_brand":[],"product_cat":[149,543,153,165,1721],"product_tag":[],"class_list":{"0":"post-17350","1":"product","2":"type-product","3":"status-publish","4":"has-post-thumbnail","6":"product_cat-dji-matrice-30","7":"product_cat-dji-matrice-30t","8":"product_cat-dji-matrice-350","9":"product_cat-dji-mavic-3-enterprise","10":"product_cat-dji-oplaadaccessoires","11":"product_shipping_class-uavspacesall","12":"pa_brand-dji","13":"pa_producttype-4g-dongle-2","15":"first","16":"instock","17":"taxable","18":"shipping-taxable","19":"purchasable","20":"product-type-simple"},"acf":[],"yoast_head":"<!-- This site is optimized with the Yoast SEO Premium plugin v27.2 (Yoast SEO v27.2) - https:\/\/yoast.com\/product\/yoast-seo-premium-wordpress\/ -->\n<title>DJI Cellular Dongle - koningdrone.be<\/title>\n<meta name=\"robots\" content=\"index, follow, max-snippet:-1, max-image-preview:large, max-video-preview:-1\" \/>\n<link rel=\"canonical\" href=\"https:\/\/koningdrone.be\/de\/produkt\/dji-cellular-dongle\/\" \/>\n<meta property=\"og:locale\" content=\"de_DE\" \/>\n<meta property=\"og:type\" content=\"article\" \/>\n<meta property=\"og:title\" content=\"DJI Cellular Dongle\" \/>\n<meta property=\"og:description\" content=\"Geeft DJI drones en controllers toegang tot snelle 4G LTE-netwerken  Ondersteunt Enhanced Transmission voor stabielere videotransmissie  Vermindert het risico op signaalverlies tijdens vluchten  Ondersteunt Network RTK voor nauwkeurige positionering  Inclusief \u00e9\u00e9n jaar DJI Enhanced Transmission service\" \/>\n<meta property=\"og:url\" content=\"https:\/\/koningdrone.be\/de\/produkt\/dji-cellular-dongle\/\" \/>\n<meta property=\"og:site_name\" content=\"koningdrone.be\" \/>\n<meta property=\"article:modified_time\" content=\"2026-04-29T01:31:03+00:00\" \/>\n<meta property=\"og:image\" content=\"https:\/\/koningdrone.be\/wp-content\/uploads\/sites\/13\/2026\/03\/DJI-Cellular-Dongle.jpg\" \/>\n\t<meta property=\"og:image:width\" content=\"2048\" \/>\n\t<meta property=\"og:image:height\" content=\"2048\" \/>\n\t<meta property=\"og:image:type\" content=\"image\/jpeg\" \/>\n<meta name=\"twitter:card\" content=\"summary_large_image\" \/>\n<meta name=\"twitter:label1\" content=\"Gesch\u00e4tzte Lesezeit\" \/>\n\t<meta name=\"twitter:data1\" content=\"1\u00a0Minute\" \/>\n<script type=\"application\/ld+json\" class=\"yoast-schema-graph\">{\"@context\":\"https:\/\/schema.org\",\"@graph\":[{\"@type\":\"WebPage\",\"@id\":\"https:\/\/koningdrone.be\/product\/dji-cellular-dongle\/\",\"url\":\"https:\/\/koningdrone.be\/product\/dji-cellular-dongle\/\",\"name\":\"DJI Cellular Dongle - koningdrone.be\",\"isPartOf\":{\"@id\":\"https:\/\/koningdrone.be\/#website\"},\"primaryImageOfPage\":{\"@id\":\"https:\/\/koningdrone.be\/product\/dji-cellular-dongle\/#primaryimage\"},\"image\":{\"@id\":\"https:\/\/koningdrone.be\/product\/dji-cellular-dongle\/#primaryimage\"},\"thumbnailUrl\":\"https:\/\/koningdrone.be\/wp-content\/uploads\/sites\/13\/2026\/03\/DJI-Cellular-Dongle.jpg\",\"datePublished\":\"2026-03-18T08:00:58+00:00\",\"dateModified\":\"2026-04-29T01:31:03+00:00\",\"breadcrumb\":{\"@id\":\"https:\/\/koningdrone.be\/product\/dji-cellular-dongle\/#breadcrumb\"},\"inLanguage\":\"de\",\"potentialAction\":[{\"@type\":\"ReadAction\",\"target\":[\"https:\/\/koningdrone.be\/product\/dji-cellular-dongle\/\"]}]},{\"@type\":\"ImageObject\",\"inLanguage\":\"de\",\"@id\":\"https:\/\/koningdrone.be\/product\/dji-cellular-dongle\/#primaryimage\",\"url\":\"https:\/\/koningdrone.be\/wp-content\/uploads\/sites\/13\/2026\/03\/DJI-Cellular-Dongle.jpg\",\"contentUrl\":\"https:\/\/koningdrone.be\/wp-content\/uploads\/sites\/13\/2026\/03\/DJI-Cellular-Dongle.jpg\",\"width\":2048,\"height\":2048},{\"@type\":\"BreadcrumbList\",\"@id\":\"https:\/\/koningdrone.be\/product\/dji-cellular-dongle\/#breadcrumb\",\"itemListElement\":[{\"@type\":\"ListItem\",\"position\":1,\"name\":\"Home\",\"item\":\"https:\/\/koningdrone.be\/\"},{\"@type\":\"ListItem\",\"position\":2,\"name\":\"AVSS Parachute Recovery System for DJI Matrice 300\/350\",\"item\":\"https:\/\/koningdrone.be\/product\/avss-parachute-recovery-system-for-dji-matrice-300-350\/\"},{\"@type\":\"ListItem\",\"position\":3,\"name\":\"DJI Matrice 30\",\"item\":\"https:\/\/koningdrone.be\/categorie\/dji-matrice-30\/\"},{\"@type\":\"ListItem\",\"position\":4,\"name\":\"DJI Cellular Dongle\"}]},{\"@type\":\"WebSite\",\"@id\":\"https:\/\/koningdrone.be\/#website\",\"url\":\"https:\/\/koningdrone.be\/\",\"name\":\"Koningdrone.be - Uw online specialist in drones, gimbals, camera's en power stations.\",\"description\":\"De webshop in drones en gimbals\",\"publisher\":{\"@id\":\"https:\/\/koningdrone.be\/#organization\"},\"potentialAction\":[{\"@type\":\"SearchAction\",\"target\":{\"@type\":\"EntryPoint\",\"urlTemplate\":\"https:\/\/koningdrone.be\/?s={search_term_string}\"},\"query-input\":{\"@type\":\"PropertyValueSpecification\",\"valueRequired\":true,\"valueName\":\"search_term_string\"}}],\"inLanguage\":\"de\"},{\"@type\":\"Organization\",\"@id\":\"https:\/\/koningdrone.be\/#organization\",\"name\":\"Koningdrone.be\",\"url\":\"https:\/\/koningdrone.be\/\",\"logo\":{\"@type\":\"ImageObject\",\"inLanguage\":\"de\",\"@id\":\"https:\/\/koningdrone.be\/#\/schema\/logo\/image\/\",\"url\":\"https:\/\/koningdrone.be\/wp-content\/uploads\/sites\/13\/2025\/04\/koningdrone-copyright-logo.svg\",\"contentUrl\":\"https:\/\/koningdrone.be\/wp-content\/uploads\/sites\/13\/2025\/04\/koningdrone-copyright-logo.svg\",\"width\":227,\"height\":38,\"caption\":\"Koningdrone.be\"},\"image\":{\"@id\":\"https:\/\/koningdrone.be\/#\/schema\/logo\/image\/\"}}]}<\/script>\n<!-- \/ Yoast SEO Premium plugin. -->","yoast_head_json":{"title":"DJI Cellular Dongle - koningdrone.be","robots":{"index":"index","follow":"follow","max-snippet":"max-snippet:-1","max-image-preview":"max-image-preview:large","max-video-preview":"max-video-preview:-1"},"canonical":"https:\/\/koningdrone.be\/de\/produkt\/dji-cellular-dongle\/","og_locale":"de_DE","og_type":"article","og_title":"DJI Cellular Dongle","og_description":"Geeft DJI drones en controllers toegang tot snelle 4G LTE-netwerken  Ondersteunt Enhanced Transmission voor stabielere videotransmissie  Vermindert het risico op signaalverlies tijdens vluchten  Ondersteunt Network RTK voor nauwkeurige positionering  Inclusief \u00e9\u00e9n jaar DJI Enhanced Transmission service","og_url":"https:\/\/koningdrone.be\/de\/produkt\/dji-cellular-dongle\/","og_site_name":"koningdrone.be","article_modified_time":"2026-04-29T01:31:03+00:00","og_image":[{"width":2048,"height":2048,"url":"https:\/\/koningdrone.be\/wp-content\/uploads\/sites\/13\/2026\/03\/DJI-Cellular-Dongle.jpg","type":"image\/jpeg"}],"twitter_card":"summary_large_image","twitter_misc":{"Gesch\u00e4tzte Lesezeit":"1\u00a0Minute"},"schema":{"@context":"https:\/\/schema.org","@graph":[{"@type":"WebPage","@id":"https:\/\/koningdrone.be\/product\/dji-cellular-dongle\/","url":"https:\/\/koningdrone.be\/product\/dji-cellular-dongle\/","name":"DJI Cellular Dongle - koningdrone.be","isPartOf":{"@id":"https:\/\/koningdrone.be\/#website"},"primaryImageOfPage":{"@id":"https:\/\/koningdrone.be\/product\/dji-cellular-dongle\/#primaryimage"},"image":{"@id":"https:\/\/koningdrone.be\/product\/dji-cellular-dongle\/#primaryimage"},"thumbnailUrl":"https:\/\/koningdrone.be\/wp-content\/uploads\/sites\/13\/2026\/03\/DJI-Cellular-Dongle.jpg","datePublished":"2026-03-18T08:00:58+00:00","dateModified":"2026-04-29T01:31:03+00:00","breadcrumb":{"@id":"https:\/\/koningdrone.be\/product\/dji-cellular-dongle\/#breadcrumb"},"inLanguage":"de","potentialAction":[{"@type":"ReadAction","target":["https:\/\/koningdrone.be\/product\/dji-cellular-dongle\/"]}]},{"@type":"ImageObject","inLanguage":"de","@id":"https:\/\/koningdrone.be\/product\/dji-cellular-dongle\/#primaryimage","url":"https:\/\/koningdrone.be\/wp-content\/uploads\/sites\/13\/2026\/03\/DJI-Cellular-Dongle.jpg","contentUrl":"https:\/\/koningdrone.be\/wp-content\/uploads\/sites\/13\/2026\/03\/DJI-Cellular-Dongle.jpg","width":2048,"height":2048},{"@type":"BreadcrumbList","@id":"https:\/\/koningdrone.be\/product\/dji-cellular-dongle\/#breadcrumb","itemListElement":[{"@type":"ListItem","position":1,"name":"Home","item":"https:\/\/koningdrone.be\/"},{"@type":"ListItem","position":2,"name":"AVSS Parachute Recovery System for DJI Matrice 300\/350","item":"https:\/\/koningdrone.be\/product\/avss-parachute-recovery-system-for-dji-matrice-300-350\/"},{"@type":"ListItem","position":3,"name":"DJI Matrice 30","item":"https:\/\/koningdrone.be\/categorie\/dji-matrice-30\/"},{"@type":"ListItem","position":4,"name":"DJI Cellular Dongle"}]},{"@type":"WebSite","@id":"https:\/\/koningdrone.be\/#website","url":"https:\/\/koningdrone.be\/","name":"Koningdrone.be - Ihr Online-Spezialist f\u00fcr Drohnen, Gimbals, Kameras und Kraftwerke.","description":"Der Webshop f\u00fcr Drohnen und Gimbals","publisher":{"@id":"https:\/\/koningdrone.be\/#organization"},"potentialAction":[{"@type":"SearchAction","target":{"@type":"EntryPoint","urlTemplate":"https:\/\/koningdrone.be\/?s={search_term_string}"},"query-input":{"@type":"PropertyValueSpecification","valueRequired":true,"valueName":"search_term_string"}}],"inLanguage":"de"},{"@type":"Organization","@id":"https:\/\/koningdrone.be\/#organization","name":"Kingdrone.de","url":"https:\/\/koningdrone.be\/","logo":{"@type":"ImageObject","inLanguage":"de","@id":"https:\/\/koningdrone.be\/#\/schema\/logo\/image\/","url":"https:\/\/koningdrone.be\/wp-content\/uploads\/sites\/13\/2025\/04\/koningdrone-copyright-logo.svg","contentUrl":"https:\/\/koningdrone.be\/wp-content\/uploads\/sites\/13\/2025\/04\/koningdrone-copyright-logo.svg","width":227,"height":38,"caption":"Koningdrone.be"},"image":{"@id":"https:\/\/koningdrone.be\/#\/schema\/logo\/image\/"}}]}},"df_price":134,"df_sale_price":"","df_regular_price":134,"df_image_link":"https:\/\/koningdrone.be\/wp-content\/uploads\/sites\/13\/2026\/03\/DJI-Cellular-Dongle-300x300.jpg","_links":{"self":[{"href":"https:\/\/koningdrone.be\/de\/wp-json\/wp\/v2\/product\/17350","targetHints":{"allow":["GET"]}}],"collection":[{"href":"https:\/\/koningdrone.be\/de\/wp-json\/wp\/v2\/product"}],"about":[{"href":"https:\/\/koningdrone.be\/de\/wp-json\/wp\/v2\/types\/product"}],"wp:featuredmedia":[{"embeddable":true,"href":"https:\/\/koningdrone.be\/de\/wp-json\/wp\/v2\/media\/17349"}],"wp:attachment":[{"href":"https:\/\/koningdrone.be\/de\/wp-json\/wp\/v2\/media?parent=17350"}],"wp:term":[{"taxonomy":"product_brand","embeddable":true,"href":"https:\/\/koningdrone.be\/de\/wp-json\/wp\/v2\/product_brand?post=17350"},{"taxonomy":"product_cat","embeddable":true,"href":"https:\/\/koningdrone.be\/de\/wp-json\/wp\/v2\/product_cat?post=17350"},{"taxonomy":"product_tag","embeddable":true,"href":"https:\/\/koningdrone.be\/de\/wp-json\/wp\/v2\/product_tag?post=17350"}],"curies":[{"name":"wp","href":"https:\/\/api.w.org\/{rel}","templated":true}]}}