{"id":17324,"date":"2026-03-20T13:13:28","date_gmt":"2026-03-20T12:13:28","guid":{"rendered":"https:\/\/koningdrone.be\/?post_type=product&#038;p=17324"},"modified":"2026-04-29T03:31:13","modified_gmt":"2026-04-29T01:31:13","slug":"dji-mavic-3t-adv-eu-uni-sp-1y","status":"publish","type":"product","link":"https:\/\/koningdrone.be\/de\/produkt\/dji-mavic-3t-adv-eu-uni-sp-1y\/","title":{"rendered":"DJI Mavic 3T Adv. EU Uni. SP 1Y"},"content":{"rendered":"<h3>DJI Mavic 3 Thermal Advanced: Taktische Spitzenleistung im Kompaktformat<\/h3>\n<p><iframe loading=\"lazy\" title=\"DJI Enterprise - Vorstellung der Mavic 3 Enterprise Serie\" width=\"800\" height=\"450\" src=\"https:\/\/www.youtube.com\/embed\/R1lT-NatLMA?start=17&#038;feature=oembed&#038;enablejsapi=1&#038;origin=https:\/\/koningdrone.be\" frameborder=\"0\" allow=\"accelerometer; autoplay; clipboard-write; encrypted-media; gyroscope; picture-in-picture; web-share\" referrerpolicy=\"strict-origin-when-cross-origin\" allowfullscreen><\/iframe><\/p>\n<p style=\"margin: 20px\">Die <strong>DJI Mavic 3 Thermal Advanced<\/strong> ist die ultimative Hybridl\u00f6sung f\u00fcr Profis, die keine Kompromisse bei der Leistung eingehen wollen, aber maximale Mobilit\u00e4t ben\u00f6tigen. Wo gr\u00f6\u00dfere Drohnen Zeit brauchen, um abzuheben, ist die Mavic 3T innerhalb von Sekunden in der Luft und liefert wichtige visuelle und thermische Informationen. Diese Plattform wurde speziell f\u00fcr die \u00f6ffentliche Sicherheit, industrielle Inspektionen und n\u00e4chtliche Such- und Rettungseins\u00e4tze entwickelt. Mit dem Zusatz einer 1-Jahres <strong>DJI Care Enterprise Plan<\/strong> ist die Kontinuit\u00e4t des Betriebs auch unter schwierigsten Bedingungen gew\u00e4hrleistet.<\/p>\n<p><a href=\"https:\/\/koningdrone.nl\/wp-content\/uploads\/2026\/03\/DJI-Mavic-3T-Adv.-EU-Uni.-SP-1Y.jpg\"><img loading=\"lazy\" decoding=\"async\" class=\"aligncenter wp-image-467657 size-full\" src=\"https:\/\/koningdrone.nl\/wp-content\/uploads\/2026\/03\/DJI-Mavic-3T-Adv.-EU-Uni.-SP-1Y.jpg\" alt=\"DJI Mavic 3T Adv. EU Uni. SP 1Y\" width=\"1200\" height=\"800\" \/><\/a><\/p>\n<h4><strong>Multispektrale Bildgebung und nie dagewesene Zoomleistung<\/strong><\/h4>\n<p>Die optische Architektur der Mavic 3 Thermal ist in ihrer Gewichtsklasse konkurrenzlos. Die Drohne beherbergt drei leistungsstarke Sensoren in einer einzigen kardanischen Einheit:<\/p>\n<ul>\n<li><strong>Thermische Pr\u00e4zision:<\/strong> A <strong>640 \u00d7 512 radiometrischer Sensor<\/strong> zeichnet genaue Temperaturdaten auf, die f\u00fcr die Erkennung von Brandherden bei der Brandbek\u00e4mpfung oder die Ortung von Opfern in v\u00f6lliger Dunkelheit unerl\u00e4sslich sind.<\/li>\n<li><strong>Hochaufl\u00f6sende Optik:<\/strong> Die <strong>48 MP Weitwinkelkamera<\/strong> mit einem 1\/2-Zoll-CMOS-Sensor liefert kristallklare Bilder f\u00fcr detaillierte Ansichten.<\/li>\n<li><strong>Extremer Zoom:<\/strong> Mit dem <strong>56\u00d7 Hybrid-Zoom<\/strong> erm\u00f6glicht Inspektoren und Einsatzkr\u00e4ften die Beobachtung von Details aus gro\u00dfer Entfernung, so dass die Drohne sicher au\u00dferhalb der Reichweite von Hindernissen oder Gefahrenzonen bleibt. Dank der Unterst\u00fctzung f\u00fcr ein optionales <strong>RTK-Modul<\/strong> k\u00f6nnen diese Eins\u00e4tze mit zentimetergenauer Positionierung durchgef\u00fchrt werden, was f\u00fcr Kartierungen und Pr\u00e4zisionsinspektionen entscheidend ist.<\/li>\n<\/ul>\n<h4>Betriebseffizienz und unzerst\u00f6rbare Verbindung<\/h4>\n<p>Trotz seines bescheidenen Gewichts von etwa <strong>920 Gramm<\/strong>, Der Mavic 3T bietet eine Leistung, die bisher nur gr\u00f6\u00dferen Industrieflugzeugen vorbehalten war. Mit einer beeindruckenden Flugzeit von bis zu <strong>45 Minuten<\/strong> pro Akku k\u00f6nnen Sie gro\u00dfe Gebiete absuchen, ohne st\u00e4ndig landen zu m\u00fcssen. Die <strong>DJI O3 Enterprise \u00dcbertragungssystem<\/strong> garantiert eine stabile, hochaufl\u00f6sende Videoverbindung \u00fcber gro\u00dfe Entfernungen, selbst in Umgebungen mit starken Interferenzen. Durch das faltbare Design passt das System in einen kompakten Koffer und ist jederzeit und an jedem Ort einsatzbereit.<\/p>\n<p><a href=\"https:\/\/koningdrone.nl\/wp-content\/uploads\/2026\/03\/DJI-Product-Mavic-3T-Adv.-EU-Uni.-SP-1Y.jpg\"><img loading=\"lazy\" decoding=\"async\" class=\"size-medium wp-image-467655 aligncenter\" src=\"https:\/\/koningdrone.nl\/wp-content\/uploads\/2026\/03\/DJI-Product-Mavic-3T-Adv.-EU-Uni.-SP-1Y-300x300.jpg\" alt=\"DJI Product Mavic 3T Adv. EU Uni. SP 1Y\" width=\"300\" height=\"300\" \/><\/a><\/p>\n<h4>Warum der Mavic 3 Thermal unverzichtbar ist<\/h4>\n<p>F\u00fcr Organisationen, die eine vielseitige, zuverl\u00e4ssige und schnell einsetzbare Luftplattform ben\u00f6tigen, bietet die Mavic 3 Thermal die perfekte L\u00f6sung. Ob bei der Inspektion von Solarparks auf thermische Defekte, der Unterst\u00fctzung von Polizeieinheiten bei Verfolgungsjagden oder der \u00dcberwachung von Waldbr\u00e4nden durch dichten Rauch - diese Drohne liefert die Daten, die ben\u00f6tigt werden, um Leben zu retten und Kosten zu senken. Die Kombination aus thermischer Intelligenz, leistungsstarkem Zoom und professionellem Support durch DJI Care macht sie zur kl\u00fcgsten Investition f\u00fcr modernes Unternehmensmanagement.<\/p>","protected":false},"excerpt":{"rendered":"<ul>\n<li>Dreifach-Kamerasystem f\u00fcr thermische und visuelle Daten<\/li>\n<li>640 \u00d7 512 thermische Aufl\u00f6sung mit Punkt- und Fl\u00e4chenmessungen<\/li>\n<li>Bis zu ca. 45 Minuten Flugzeit pro Akkuladung<\/li>\n<li>Hybridzoom-Kamera mit 56facher Reichweite<\/li>\n<li>DJI O3 Enterprise \u00dcbertragungs- und Sicherheitssensorik<\/li>\n<\/ul>","protected":false},"featured_media":17317,"template":"","meta":{"_acf_changed":false},"product_brand":[],"product_cat":[165,1790],"product_tag":[],"class_list":{"0":"post-17324","1":"product","2":"type-product","3":"status-publish","4":"has-post-thumbnail","6":"product_cat-dji-mavic-3-enterprise","7":"product_cat-dji-mavic-3t","8":"product_shipping_class-uavspacesall","9":"pa_brand-dji","10":"pa_producttype-enterprise-drone","11":"pa_series-mavic","13":"first","14":"instock","15":"taxable","16":"shipping-taxable","17":"purchasable","18":"product-type-simple"},"acf":[],"yoast_head":"<!-- This site is optimized with the Yoast SEO Premium plugin v27.2 (Yoast SEO v27.2) - https:\/\/yoast.com\/product\/yoast-seo-premium-wordpress\/ -->\n<title>DJI Mavic 3T Adv. EU Uni. SP 1Y - koningdrone.be<\/title>\n<meta name=\"robots\" content=\"index, follow, max-snippet:-1, max-image-preview:large, max-video-preview:-1\" \/>\n<link rel=\"canonical\" href=\"https:\/\/koningdrone.be\/de\/produkt\/dji-mavic-3t-adv-eu-uni-sp-1y\/\" \/>\n<meta property=\"og:locale\" content=\"de_DE\" \/>\n<meta property=\"og:type\" content=\"article\" \/>\n<meta property=\"og:title\" content=\"DJI Mavic 3T Adv. EU Uni. SP 1Y\" \/>\n<meta property=\"og:description\" content=\"Triple\u2011camerasysteem voor thermische en visuele data  640\u202f\u00d7\u202f512 thermische resolutie met point &amp; area\u2011metingen  Tot ca. 45\u202fminuten vliegtijd per batterijlading  56\u00d7 hybride zoomcamera voor lange afstand  DJI O3 Enterprise\u2011transmissie en veiligheids\u2011sensortechnologie\" \/>\n<meta property=\"og:url\" content=\"https:\/\/koningdrone.be\/de\/produkt\/dji-mavic-3t-adv-eu-uni-sp-1y\/\" \/>\n<meta property=\"og:site_name\" content=\"koningdrone.be\" \/>\n<meta property=\"article:modified_time\" content=\"2026-04-29T01:31:13+00:00\" \/>\n<meta property=\"og:image\" content=\"https:\/\/koningdrone.be\/wp-content\/uploads\/sites\/13\/2026\/03\/DJI-Mavic-3T-Adv.-EU-Uni.-SP-1Y-Product.jpg\" \/>\n\t<meta property=\"og:image:width\" content=\"2048\" \/>\n\t<meta property=\"og:image:height\" content=\"2048\" \/>\n\t<meta property=\"og:image:type\" content=\"image\/jpeg\" \/>\n<meta name=\"twitter:card\" content=\"summary_large_image\" \/>\n<meta name=\"twitter:label1\" content=\"Gesch\u00e4tzte Lesezeit\" \/>\n\t<meta name=\"twitter:data1\" content=\"2\u00a0Minuten\" \/>\n<script type=\"application\/ld+json\" class=\"yoast-schema-graph\">{\"@context\":\"https:\/\/schema.org\",\"@graph\":[{\"@type\":\"WebPage\",\"@id\":\"https:\/\/koningdrone.be\/product\/dji-mavic-3t-adv-eu-uni-sp-1y\/\",\"url\":\"https:\/\/koningdrone.be\/product\/dji-mavic-3t-adv-eu-uni-sp-1y\/\",\"name\":\"DJI Mavic 3T Adv. EU Uni. SP 1Y - koningdrone.be\",\"isPartOf\":{\"@id\":\"https:\/\/koningdrone.be\/#website\"},\"primaryImageOfPage\":{\"@id\":\"https:\/\/koningdrone.be\/product\/dji-mavic-3t-adv-eu-uni-sp-1y\/#primaryimage\"},\"image\":{\"@id\":\"https:\/\/koningdrone.be\/product\/dji-mavic-3t-adv-eu-uni-sp-1y\/#primaryimage\"},\"thumbnailUrl\":\"https:\/\/koningdrone.be\/wp-content\/uploads\/sites\/13\/2026\/03\/DJI-Mavic-3T-Adv.-EU-Uni.-SP-1Y-Product.jpg\",\"datePublished\":\"2026-03-20T12:13:28+00:00\",\"dateModified\":\"2026-04-29T01:31:13+00:00\",\"breadcrumb\":{\"@id\":\"https:\/\/koningdrone.be\/product\/dji-mavic-3t-adv-eu-uni-sp-1y\/#breadcrumb\"},\"inLanguage\":\"de\",\"potentialAction\":[{\"@type\":\"ReadAction\",\"target\":[\"https:\/\/koningdrone.be\/product\/dji-mavic-3t-adv-eu-uni-sp-1y\/\"]}]},{\"@type\":\"ImageObject\",\"inLanguage\":\"de\",\"@id\":\"https:\/\/koningdrone.be\/product\/dji-mavic-3t-adv-eu-uni-sp-1y\/#primaryimage\",\"url\":\"https:\/\/koningdrone.be\/wp-content\/uploads\/sites\/13\/2026\/03\/DJI-Mavic-3T-Adv.-EU-Uni.-SP-1Y-Product.jpg\",\"contentUrl\":\"https:\/\/koningdrone.be\/wp-content\/uploads\/sites\/13\/2026\/03\/DJI-Mavic-3T-Adv.-EU-Uni.-SP-1Y-Product.jpg\",\"width\":2048,\"height\":2048},{\"@type\":\"BreadcrumbList\",\"@id\":\"https:\/\/koningdrone.be\/product\/dji-mavic-3t-adv-eu-uni-sp-1y\/#breadcrumb\",\"itemListElement\":[{\"@type\":\"ListItem\",\"position\":1,\"name\":\"Home\",\"item\":\"https:\/\/koningdrone.be\/\"},{\"@type\":\"ListItem\",\"position\":2,\"name\":\"AVSS Parachute Recovery System for DJI Matrice 300\/350\",\"item\":\"https:\/\/koningdrone.be\/product\/avss-parachute-recovery-system-for-dji-matrice-300-350\/\"},{\"@type\":\"ListItem\",\"position\":3,\"name\":\"DJI Mavic 3 Enterprise\",\"item\":\"https:\/\/koningdrone.be\/categorie\/dji-mavic-3-enterprise\/\"},{\"@type\":\"ListItem\",\"position\":4,\"name\":\"DJI Mavic 3T Adv. EU Uni. SP 1Y\"}]},{\"@type\":\"WebSite\",\"@id\":\"https:\/\/koningdrone.be\/#website\",\"url\":\"https:\/\/koningdrone.be\/\",\"name\":\"Koningdrone.be - Uw online specialist in drones, gimbals, camera's en power stations.\",\"description\":\"De webshop in drones en gimbals\",\"publisher\":{\"@id\":\"https:\/\/koningdrone.be\/#organization\"},\"potentialAction\":[{\"@type\":\"SearchAction\",\"target\":{\"@type\":\"EntryPoint\",\"urlTemplate\":\"https:\/\/koningdrone.be\/?s={search_term_string}\"},\"query-input\":{\"@type\":\"PropertyValueSpecification\",\"valueRequired\":true,\"valueName\":\"search_term_string\"}}],\"inLanguage\":\"de\"},{\"@type\":\"Organization\",\"@id\":\"https:\/\/koningdrone.be\/#organization\",\"name\":\"Koningdrone.be\",\"url\":\"https:\/\/koningdrone.be\/\",\"logo\":{\"@type\":\"ImageObject\",\"inLanguage\":\"de\",\"@id\":\"https:\/\/koningdrone.be\/#\/schema\/logo\/image\/\",\"url\":\"https:\/\/koningdrone.be\/wp-content\/uploads\/sites\/13\/2025\/04\/koningdrone-copyright-logo.svg\",\"contentUrl\":\"https:\/\/koningdrone.be\/wp-content\/uploads\/sites\/13\/2025\/04\/koningdrone-copyright-logo.svg\",\"width\":227,\"height\":38,\"caption\":\"Koningdrone.be\"},\"image\":{\"@id\":\"https:\/\/koningdrone.be\/#\/schema\/logo\/image\/\"}}]}<\/script>\n<!-- \/ Yoast SEO Premium plugin. -->","yoast_head_json":{"title":"DJI Mavic 3T Adv. EU Uni. SP 1Y - koningdrone.be","robots":{"index":"index","follow":"follow","max-snippet":"max-snippet:-1","max-image-preview":"max-image-preview:large","max-video-preview":"max-video-preview:-1"},"canonical":"https:\/\/koningdrone.be\/de\/produkt\/dji-mavic-3t-adv-eu-uni-sp-1y\/","og_locale":"de_DE","og_type":"article","og_title":"DJI Mavic 3T Adv. EU Uni. SP 1Y","og_description":"Triple\u2011camerasysteem voor thermische en visuele data  640\u202f\u00d7\u202f512 thermische resolutie met point &amp; area\u2011metingen  Tot ca. 45\u202fminuten vliegtijd per batterijlading  56\u00d7 hybride zoomcamera voor lange afstand  DJI O3 Enterprise\u2011transmissie en veiligheids\u2011sensortechnologie","og_url":"https:\/\/koningdrone.be\/de\/produkt\/dji-mavic-3t-adv-eu-uni-sp-1y\/","og_site_name":"koningdrone.be","article_modified_time":"2026-04-29T01:31:13+00:00","og_image":[{"width":2048,"height":2048,"url":"https:\/\/koningdrone.be\/wp-content\/uploads\/sites\/13\/2026\/03\/DJI-Mavic-3T-Adv.-EU-Uni.-SP-1Y-Product.jpg","type":"image\/jpeg"}],"twitter_card":"summary_large_image","twitter_misc":{"Gesch\u00e4tzte Lesezeit":"2\u00a0Minuten"},"schema":{"@context":"https:\/\/schema.org","@graph":[{"@type":"WebPage","@id":"https:\/\/koningdrone.be\/product\/dji-mavic-3t-adv-eu-uni-sp-1y\/","url":"https:\/\/koningdrone.be\/product\/dji-mavic-3t-adv-eu-uni-sp-1y\/","name":"DJI Mavic 3T Adv. EU Uni. SP 1Y - koningdrone.be","isPartOf":{"@id":"https:\/\/koningdrone.be\/#website"},"primaryImageOfPage":{"@id":"https:\/\/koningdrone.be\/product\/dji-mavic-3t-adv-eu-uni-sp-1y\/#primaryimage"},"image":{"@id":"https:\/\/koningdrone.be\/product\/dji-mavic-3t-adv-eu-uni-sp-1y\/#primaryimage"},"thumbnailUrl":"https:\/\/koningdrone.be\/wp-content\/uploads\/sites\/13\/2026\/03\/DJI-Mavic-3T-Adv.-EU-Uni.-SP-1Y-Product.jpg","datePublished":"2026-03-20T12:13:28+00:00","dateModified":"2026-04-29T01:31:13+00:00","breadcrumb":{"@id":"https:\/\/koningdrone.be\/product\/dji-mavic-3t-adv-eu-uni-sp-1y\/#breadcrumb"},"inLanguage":"de","potentialAction":[{"@type":"ReadAction","target":["https:\/\/koningdrone.be\/product\/dji-mavic-3t-adv-eu-uni-sp-1y\/"]}]},{"@type":"ImageObject","inLanguage":"de","@id":"https:\/\/koningdrone.be\/product\/dji-mavic-3t-adv-eu-uni-sp-1y\/#primaryimage","url":"https:\/\/koningdrone.be\/wp-content\/uploads\/sites\/13\/2026\/03\/DJI-Mavic-3T-Adv.-EU-Uni.-SP-1Y-Product.jpg","contentUrl":"https:\/\/koningdrone.be\/wp-content\/uploads\/sites\/13\/2026\/03\/DJI-Mavic-3T-Adv.-EU-Uni.-SP-1Y-Product.jpg","width":2048,"height":2048},{"@type":"BreadcrumbList","@id":"https:\/\/koningdrone.be\/product\/dji-mavic-3t-adv-eu-uni-sp-1y\/#breadcrumb","itemListElement":[{"@type":"ListItem","position":1,"name":"Home","item":"https:\/\/koningdrone.be\/"},{"@type":"ListItem","position":2,"name":"AVSS Parachute Recovery System for DJI Matrice 300\/350","item":"https:\/\/koningdrone.be\/product\/avss-parachute-recovery-system-for-dji-matrice-300-350\/"},{"@type":"ListItem","position":3,"name":"DJI Mavic 3 Enterprise","item":"https:\/\/koningdrone.be\/categorie\/dji-mavic-3-enterprise\/"},{"@type":"ListItem","position":4,"name":"DJI Mavic 3T Adv. EU Uni. SP 1Y"}]},{"@type":"WebSite","@id":"https:\/\/koningdrone.be\/#website","url":"https:\/\/koningdrone.be\/","name":"Koningdrone.be - Ihr Online-Spezialist f\u00fcr Drohnen, Gimbals, Kameras und Kraftwerke.","description":"Der Webshop f\u00fcr Drohnen und Gimbals","publisher":{"@id":"https:\/\/koningdrone.be\/#organization"},"potentialAction":[{"@type":"SearchAction","target":{"@type":"EntryPoint","urlTemplate":"https:\/\/koningdrone.be\/?s={search_term_string}"},"query-input":{"@type":"PropertyValueSpecification","valueRequired":true,"valueName":"search_term_string"}}],"inLanguage":"de"},{"@type":"Organization","@id":"https:\/\/koningdrone.be\/#organization","name":"Kingdrone.de","url":"https:\/\/koningdrone.be\/","logo":{"@type":"ImageObject","inLanguage":"de","@id":"https:\/\/koningdrone.be\/#\/schema\/logo\/image\/","url":"https:\/\/koningdrone.be\/wp-content\/uploads\/sites\/13\/2025\/04\/koningdrone-copyright-logo.svg","contentUrl":"https:\/\/koningdrone.be\/wp-content\/uploads\/sites\/13\/2025\/04\/koningdrone-copyright-logo.svg","width":227,"height":38,"caption":"Koningdrone.be"},"image":{"@id":"https:\/\/koningdrone.be\/#\/schema\/logo\/image\/"}}]}},"df_price":6344,"df_sale_price":"","df_regular_price":6344,"df_image_link":"https:\/\/koningdrone.be\/wp-content\/uploads\/sites\/13\/2026\/03\/DJI-Mavic-3T-Adv.-EU-Uni.-SP-1Y-Product-300x300.jpg","_links":{"self":[{"href":"https:\/\/koningdrone.be\/de\/wp-json\/wp\/v2\/product\/17324","targetHints":{"allow":["GET"]}}],"collection":[{"href":"https:\/\/koningdrone.be\/de\/wp-json\/wp\/v2\/product"}],"about":[{"href":"https:\/\/koningdrone.be\/de\/wp-json\/wp\/v2\/types\/product"}],"wp:featuredmedia":[{"embeddable":true,"href":"https:\/\/koningdrone.be\/de\/wp-json\/wp\/v2\/media\/17317"}],"wp:attachment":[{"href":"https:\/\/koningdrone.be\/de\/wp-json\/wp\/v2\/media?parent=17324"}],"wp:term":[{"taxonomy":"product_brand","embeddable":true,"href":"https:\/\/koningdrone.be\/de\/wp-json\/wp\/v2\/product_brand?post=17324"},{"taxonomy":"product_cat","embeddable":true,"href":"https:\/\/koningdrone.be\/de\/wp-json\/wp\/v2\/product_cat?post=17324"},{"taxonomy":"product_tag","embeddable":true,"href":"https:\/\/koningdrone.be\/de\/wp-json\/wp\/v2\/product_tag?post=17324"}],"curies":[{"name":"wp","href":"https:\/\/api.w.org\/{rel}","templated":true}]}}