{"id":1716,"date":"2024-12-04T12:13:14","date_gmt":"2024-12-04T11:13:14","guid":{"rendered":"https:\/\/koningdrone.nl\/kon\/product\/dji-care-refresh-card-1-year-plan-dji-avata-2\/"},"modified":"2026-04-29T03:30:19","modified_gmt":"2026-04-29T01:30:19","slug":"dji-care-refresh-card-1-year-plan-dji-avata-2","status":"publish","type":"product","link":"https:\/\/koningdrone.be\/de\/produkt\/dji-care-refresh-card-1-year-plan-dji-avata-2\/","title":{"rendered":"DJI Care Refresh Card - 1-Jahres-Plan - DJI Avata 2"},"content":{"rendered":"<p>Der DJI Avata 2 Care Refresh 1-Jahres-Plan bietet umfassenden Schutz f\u00fcr die DJI Avata 2 Drohne und deckt versehentliche Sch\u00e4den wie Kollisionen, Wassereinwirkung und St\u00fcrze ab. Mit diesem 1-Jahres-Tarif haben Nutzer Anspruch auf bis zu zwei kosteng\u00fcnstige Ersatzger\u00e4te, die ihnen Sicherheit und einen schnellen Austauschprozess bieten, damit sie mit minimaler Ausfallzeit weiterfliegen k\u00f6nnen. Genie\u00dfen Sie das Vertrauen in den DJI-Support und die schnellen, erschwinglichen Ersatzoptionen, die f\u00fcr Enthusiasten und Profis gleicherma\u00dfen ideal sind.<\/p>","protected":false},"excerpt":{"rendered":"<ul>\n<li>Schutz f\u00fcr 1 Jahr: Ein Jahr Schutz f\u00fcr Ihren DJI Avata 2.<\/li>\n<li>Bis zu zwei Ersatzger\u00e4te: Kosteng\u00fcnstiger Ersatz im Falle einer Besch\u00e4digung durch einen Unfall.<\/li>\n<li>Schneller und effizienter Service: Schnelles Austauschverfahren mit minimaler Ausfallzeit.<\/li>\n<li>Priority Support: Exklusiver Kundensupport f\u00fcr Care Refresh-Nutzer.<\/li>\n<li>Deckung f\u00fcr Unfallsch\u00e4den: Deckt St\u00fcrze, Wassersch\u00e4den und andere Unf\u00e4lle ab.<\/li>\n<\/ul>","protected":false},"featured_media":1712,"template":"","meta":{"_acf_changed":false},"product_brand":[],"product_cat":[175,263],"product_tag":[],"class_list":{"0":"post-1716","1":"product","2":"type-product","3":"status-publish","4":"has-post-thumbnail","6":"product_cat-alle-care-refresh","7":"product_cat-dji-avata-2","8":"product_shipping_class-uavspacesall","9":"pa_brand-dji","10":"pa_producttype-zorgplan","11":"pa_series-avata-2","13":"first","14":"instock","15":"taxable","16":"shipping-taxable","17":"purchasable","18":"product-type-simple"},"acf":[],"yoast_head":"<!-- This site is optimized with the Yoast SEO Premium plugin v27.2 (Yoast SEO v27.2) - https:\/\/yoast.com\/product\/yoast-seo-premium-wordpress\/ -->\n<title>DJI Care Refresh Card - 1-Year Plan - DJI Avata 2 - koningdrone.be<\/title>\n<meta name=\"robots\" content=\"index, follow, max-snippet:-1, max-image-preview:large, max-video-preview:-1\" \/>\n<link rel=\"canonical\" href=\"https:\/\/koningdrone.be\/de\/produkt\/dji-care-refresh-card-1-year-plan-dji-avata-2\/\" \/>\n<meta property=\"og:locale\" content=\"de_DE\" \/>\n<meta property=\"og:type\" content=\"article\" \/>\n<meta property=\"og:title\" content=\"DJI Care Refresh Card - 1-Year Plan - DJI Avata 2\" \/>\n<meta property=\"og:description\" content=\"Dekking voor 1 jaar: Een jaar lang bescherming voor je DJI Avata 2.Tot twee vervangingen: Voordelige vervanging bij onopzettelijke schade.Snelle en effici\u00ebnte service: Snel vervangingsproces met minimale uitvaltijd.Prioriteit Ondersteuning: Exclusieve klantenondersteuning voor gebruikers van Care Refresh.Dekking voor onopzettelijke schade: Omvat dekking voor crashes, waterschade en andere ongelukken.\" \/>\n<meta property=\"og:url\" content=\"https:\/\/koningdrone.be\/de\/produkt\/dji-care-refresh-card-1-year-plan-dji-avata-2\/\" \/>\n<meta property=\"og:site_name\" content=\"koningdrone.be\" \/>\n<meta property=\"article:modified_time\" content=\"2026-04-29T01:30:19+00:00\" \/>\n<meta property=\"og:image\" content=\"https:\/\/koningdrone.be\/wp-content\/uploads\/sites\/13\/2025\/04\/93ded48b9bdfebd73b389f0eb518d5e4@ultra.jpg\" \/>\n\t<meta property=\"og:image:width\" content=\"1280\" \/>\n\t<meta property=\"og:image:height\" content=\"1280\" \/>\n\t<meta property=\"og:image:type\" content=\"image\/jpeg\" \/>\n<meta name=\"twitter:card\" content=\"summary_large_image\" \/>\n<script type=\"application\/ld+json\" class=\"yoast-schema-graph\">{\"@context\":\"https:\/\/schema.org\",\"@graph\":[{\"@type\":\"WebPage\",\"@id\":\"https:\/\/koningdrone.be\/product\/dji-care-refresh-card-1-year-plan-dji-avata-2\/\",\"url\":\"https:\/\/koningdrone.be\/product\/dji-care-refresh-card-1-year-plan-dji-avata-2\/\",\"name\":\"DJI Care Refresh Card - 1-Year Plan - DJI Avata 2 - koningdrone.be\",\"isPartOf\":{\"@id\":\"https:\/\/koningdrone.be\/#website\"},\"primaryImageOfPage\":{\"@id\":\"https:\/\/koningdrone.be\/product\/dji-care-refresh-card-1-year-plan-dji-avata-2\/#primaryimage\"},\"image\":{\"@id\":\"https:\/\/koningdrone.be\/product\/dji-care-refresh-card-1-year-plan-dji-avata-2\/#primaryimage\"},\"thumbnailUrl\":\"https:\/\/koningdrone.be\/wp-content\/uploads\/sites\/13\/2025\/04\/93ded48b9bdfebd73b389f0eb518d5e4@ultra.jpg\",\"datePublished\":\"2024-12-04T11:13:14+00:00\",\"dateModified\":\"2026-04-29T01:30:19+00:00\",\"breadcrumb\":{\"@id\":\"https:\/\/koningdrone.be\/product\/dji-care-refresh-card-1-year-plan-dji-avata-2\/#breadcrumb\"},\"inLanguage\":\"de\",\"potentialAction\":[{\"@type\":\"ReadAction\",\"target\":[\"https:\/\/koningdrone.be\/product\/dji-care-refresh-card-1-year-plan-dji-avata-2\/\"]}]},{\"@type\":\"ImageObject\",\"inLanguage\":\"de\",\"@id\":\"https:\/\/koningdrone.be\/product\/dji-care-refresh-card-1-year-plan-dji-avata-2\/#primaryimage\",\"url\":\"https:\/\/koningdrone.be\/wp-content\/uploads\/sites\/13\/2025\/04\/93ded48b9bdfebd73b389f0eb518d5e4@ultra.jpg\",\"contentUrl\":\"https:\/\/koningdrone.be\/wp-content\/uploads\/sites\/13\/2025\/04\/93ded48b9bdfebd73b389f0eb518d5e4@ultra.jpg\",\"width\":1280,\"height\":1280},{\"@type\":\"BreadcrumbList\",\"@id\":\"https:\/\/koningdrone.be\/product\/dji-care-refresh-card-1-year-plan-dji-avata-2\/#breadcrumb\",\"itemListElement\":[{\"@type\":\"ListItem\",\"position\":1,\"name\":\"Home\",\"item\":\"https:\/\/koningdrone.be\/\"},{\"@type\":\"ListItem\",\"position\":2,\"name\":\"AVSS Parachute Recovery System for DJI Matrice 300\/350\",\"item\":\"https:\/\/koningdrone.be\/product\/avss-parachute-recovery-system-for-dji-matrice-300-350\/\"},{\"@type\":\"ListItem\",\"position\":3,\"name\":\"Alle care refresh\",\"item\":\"https:\/\/koningdrone.be\/categorie\/alle-care-refresh\/\"},{\"@type\":\"ListItem\",\"position\":4,\"name\":\"DJI Care Refresh Card &#8211; 1-Year Plan &#8211; DJI Avata 2\"}]},{\"@type\":\"WebSite\",\"@id\":\"https:\/\/koningdrone.be\/#website\",\"url\":\"https:\/\/koningdrone.be\/\",\"name\":\"Koningdrone.be - Uw online specialist in drones, gimbals, camera's en power stations.\",\"description\":\"De webshop in drones en gimbals\",\"publisher\":{\"@id\":\"https:\/\/koningdrone.be\/#organization\"},\"potentialAction\":[{\"@type\":\"SearchAction\",\"target\":{\"@type\":\"EntryPoint\",\"urlTemplate\":\"https:\/\/koningdrone.be\/?s={search_term_string}\"},\"query-input\":{\"@type\":\"PropertyValueSpecification\",\"valueRequired\":true,\"valueName\":\"search_term_string\"}}],\"inLanguage\":\"de\"},{\"@type\":\"Organization\",\"@id\":\"https:\/\/koningdrone.be\/#organization\",\"name\":\"Koningdrone.be\",\"url\":\"https:\/\/koningdrone.be\/\",\"logo\":{\"@type\":\"ImageObject\",\"inLanguage\":\"de\",\"@id\":\"https:\/\/koningdrone.be\/#\/schema\/logo\/image\/\",\"url\":\"https:\/\/koningdrone.be\/wp-content\/uploads\/sites\/13\/2025\/04\/koningdrone-copyright-logo.svg\",\"contentUrl\":\"https:\/\/koningdrone.be\/wp-content\/uploads\/sites\/13\/2025\/04\/koningdrone-copyright-logo.svg\",\"width\":227,\"height\":38,\"caption\":\"Koningdrone.be\"},\"image\":{\"@id\":\"https:\/\/koningdrone.be\/#\/schema\/logo\/image\/\"}}]}<\/script>\n<!-- \/ Yoast SEO Premium plugin. -->","yoast_head_json":{"title":"DJI Care Refresh Card - 1-Year Plan - DJI Avata 2 - koningdrone.be","robots":{"index":"index","follow":"follow","max-snippet":"max-snippet:-1","max-image-preview":"max-image-preview:large","max-video-preview":"max-video-preview:-1"},"canonical":"https:\/\/koningdrone.be\/de\/produkt\/dji-care-refresh-card-1-year-plan-dji-avata-2\/","og_locale":"de_DE","og_type":"article","og_title":"DJI Care Refresh Card - 1-Year Plan - DJI Avata 2","og_description":"Dekking voor 1 jaar: Een jaar lang bescherming voor je DJI Avata 2.Tot twee vervangingen: Voordelige vervanging bij onopzettelijke schade.Snelle en effici\u00ebnte service: Snel vervangingsproces met minimale uitvaltijd.Prioriteit Ondersteuning: Exclusieve klantenondersteuning voor gebruikers van Care Refresh.Dekking voor onopzettelijke schade: Omvat dekking voor crashes, waterschade en andere ongelukken.","og_url":"https:\/\/koningdrone.be\/de\/produkt\/dji-care-refresh-card-1-year-plan-dji-avata-2\/","og_site_name":"koningdrone.be","article_modified_time":"2026-04-29T01:30:19+00:00","og_image":[{"width":1280,"height":1280,"url":"https:\/\/koningdrone.be\/wp-content\/uploads\/sites\/13\/2025\/04\/93ded48b9bdfebd73b389f0eb518d5e4@ultra.jpg","type":"image\/jpeg"}],"twitter_card":"summary_large_image","schema":{"@context":"https:\/\/schema.org","@graph":[{"@type":"WebPage","@id":"https:\/\/koningdrone.be\/product\/dji-care-refresh-card-1-year-plan-dji-avata-2\/","url":"https:\/\/koningdrone.be\/product\/dji-care-refresh-card-1-year-plan-dji-avata-2\/","name":"DJI Care Refresh Card - 1-Year Plan - DJI Avata 2 - koningdrone.be","isPartOf":{"@id":"https:\/\/koningdrone.be\/#website"},"primaryImageOfPage":{"@id":"https:\/\/koningdrone.be\/product\/dji-care-refresh-card-1-year-plan-dji-avata-2\/#primaryimage"},"image":{"@id":"https:\/\/koningdrone.be\/product\/dji-care-refresh-card-1-year-plan-dji-avata-2\/#primaryimage"},"thumbnailUrl":"https:\/\/koningdrone.be\/wp-content\/uploads\/sites\/13\/2025\/04\/93ded48b9bdfebd73b389f0eb518d5e4@ultra.jpg","datePublished":"2024-12-04T11:13:14+00:00","dateModified":"2026-04-29T01:30:19+00:00","breadcrumb":{"@id":"https:\/\/koningdrone.be\/product\/dji-care-refresh-card-1-year-plan-dji-avata-2\/#breadcrumb"},"inLanguage":"de","potentialAction":[{"@type":"ReadAction","target":["https:\/\/koningdrone.be\/product\/dji-care-refresh-card-1-year-plan-dji-avata-2\/"]}]},{"@type":"ImageObject","inLanguage":"de","@id":"https:\/\/koningdrone.be\/product\/dji-care-refresh-card-1-year-plan-dji-avata-2\/#primaryimage","url":"https:\/\/koningdrone.be\/wp-content\/uploads\/sites\/13\/2025\/04\/93ded48b9bdfebd73b389f0eb518d5e4@ultra.jpg","contentUrl":"https:\/\/koningdrone.be\/wp-content\/uploads\/sites\/13\/2025\/04\/93ded48b9bdfebd73b389f0eb518d5e4@ultra.jpg","width":1280,"height":1280},{"@type":"BreadcrumbList","@id":"https:\/\/koningdrone.be\/product\/dji-care-refresh-card-1-year-plan-dji-avata-2\/#breadcrumb","itemListElement":[{"@type":"ListItem","position":1,"name":"Home","item":"https:\/\/koningdrone.be\/"},{"@type":"ListItem","position":2,"name":"AVSS Parachute Recovery System for DJI Matrice 300\/350","item":"https:\/\/koningdrone.be\/product\/avss-parachute-recovery-system-for-dji-matrice-300-350\/"},{"@type":"ListItem","position":3,"name":"Alle care refresh","item":"https:\/\/koningdrone.be\/categorie\/alle-care-refresh\/"},{"@type":"ListItem","position":4,"name":"DJI Care Refresh Card &#8211; 1-Year Plan &#8211; DJI Avata 2"}]},{"@type":"WebSite","@id":"https:\/\/koningdrone.be\/#website","url":"https:\/\/koningdrone.be\/","name":"Koningdrone.be - Ihr Online-Spezialist f\u00fcr Drohnen, Gimbals, Kameras und Kraftwerke.","description":"Der Webshop f\u00fcr Drohnen und Gimbals","publisher":{"@id":"https:\/\/koningdrone.be\/#organization"},"potentialAction":[{"@type":"SearchAction","target":{"@type":"EntryPoint","urlTemplate":"https:\/\/koningdrone.be\/?s={search_term_string}"},"query-input":{"@type":"PropertyValueSpecification","valueRequired":true,"valueName":"search_term_string"}}],"inLanguage":"de"},{"@type":"Organization","@id":"https:\/\/koningdrone.be\/#organization","name":"Kingdrone.de","url":"https:\/\/koningdrone.be\/","logo":{"@type":"ImageObject","inLanguage":"de","@id":"https:\/\/koningdrone.be\/#\/schema\/logo\/image\/","url":"https:\/\/koningdrone.be\/wp-content\/uploads\/sites\/13\/2025\/04\/koningdrone-copyright-logo.svg","contentUrl":"https:\/\/koningdrone.be\/wp-content\/uploads\/sites\/13\/2025\/04\/koningdrone-copyright-logo.svg","width":227,"height":38,"caption":"Koningdrone.be"},"image":{"@id":"https:\/\/koningdrone.be\/#\/schema\/logo\/image\/"}}]}},"df_price":55,"df_sale_price":"","df_regular_price":55,"df_image_link":"https:\/\/koningdrone.be\/wp-content\/uploads\/sites\/13\/2025\/04\/93ded48b9bdfebd73b389f0eb518d5e4@ultra-300x300.jpg","_links":{"self":[{"href":"https:\/\/koningdrone.be\/de\/wp-json\/wp\/v2\/product\/1716","targetHints":{"allow":["GET"]}}],"collection":[{"href":"https:\/\/koningdrone.be\/de\/wp-json\/wp\/v2\/product"}],"about":[{"href":"https:\/\/koningdrone.be\/de\/wp-json\/wp\/v2\/types\/product"}],"wp:featuredmedia":[{"embeddable":true,"href":"https:\/\/koningdrone.be\/de\/wp-json\/wp\/v2\/media\/1712"}],"wp:attachment":[{"href":"https:\/\/koningdrone.be\/de\/wp-json\/wp\/v2\/media?parent=1716"}],"wp:term":[{"taxonomy":"product_brand","embeddable":true,"href":"https:\/\/koningdrone.be\/de\/wp-json\/wp\/v2\/product_brand?post=1716"},{"taxonomy":"product_cat","embeddable":true,"href":"https:\/\/koningdrone.be\/de\/wp-json\/wp\/v2\/product_cat?post=1716"},{"taxonomy":"product_tag","embeddable":true,"href":"https:\/\/koningdrone.be\/de\/wp-json\/wp\/v2\/product_tag?post=1716"}],"curies":[{"name":"wp","href":"https:\/\/api.w.org\/{rel}","templated":true}]}}