{"id":17159,"date":"2026-03-22T08:34:02","date_gmt":"2026-03-22T07:34:02","guid":{"rendered":"https:\/\/koningdrone.be\/?post_type=product&#038;p=17159"},"modified":"2026-04-29T03:30:03","modified_gmt":"2026-04-29T01:30:03","slug":"dji-matrice-400-worry-free-plus-combo","status":"publish","type":"product","link":"https:\/\/koningdrone.be\/de\/produkt\/dji-matrice-400-worry-free-plus-combo\/","title":{"rendered":"DJI Matrice 400 Sorgenfrei Plus Combo"},"content":{"rendered":"<h3>DJI Matrice 400 Worry-Free Plus Combo - Maximale Sicherheit f\u00fcr missionskritische Eins\u00e4tze<\/h3>\n<p><iframe loading=\"lazy\" title=\"DJI Matrice 400: Alles was Sie wissen m\u00fcssen\" width=\"800\" height=\"450\" src=\"https:\/\/www.youtube.com\/embed\/Cc7UMhmshpI?feature=oembed&#038;enablejsapi=1&#038;origin=https:\/\/koningdrone.be\" frameborder=\"0\" allow=\"accelerometer; autoplay; clipboard-write; encrypted-media; gyroscope; picture-in-picture; web-share\" referrerpolicy=\"strict-origin-when-cross-origin\" allowfullscreen><\/iframe><\/p>\n<p data-start=\"330\" data-end=\"593\"><strong data-start=\"330\" data-end=\"593\">Die DJI Matrice 400 Worry-Free Plus Combo wurde f\u00fcr Unternehmen entwickelt, die keinen Raum f\u00fcr Ausfallzeiten lassen. Dieses Komplettpaket f\u00fcr Unternehmen kombiniert die Kraft und Leistung der Matrice 400 mit umfassendem Service-Support und unverzichtbarem Zubeh\u00f6r.<\/strong><\/p>\n<p data-start=\"595\" data-end=\"910\">Kommt mit <strong data-start=\"614\" data-end=\"664\">1 Jahr DJI Care Enterprise Plus (Care Refresh)<\/strong> f\u00fcr maximale Sicherheit bei Eins\u00e4tzen, einschlie\u00dflich der Absicherung im Falle einer Besch\u00e4digung. Dar\u00fcber hinaus enth\u00e4lt dieses Set eine <strong data-start=\"767\" data-end=\"803\">TB100 Intelligente Flugbatterie<\/strong> und eine <strong data-start=\"811\" data-end=\"848\">BS100 Intelligente Batteriestation<\/strong>, So k\u00f6nnen Sie ohne zus\u00e4tzliche Investitionen sofort einsatzbereit sein.<\/p>\n<p data-start=\"912\" data-end=\"1066\">Ideal f\u00fcr Inspektionen, Notfalleins\u00e4tze, Kartierungen, Offshore-Arbeiten und langfristige Industrieeins\u00e4tze, bei denen es auf Zuverl\u00e4ssigkeit und Kontinuit\u00e4t ankommt.<\/p>\n<p><a href=\"https:\/\/koningdrone.nl\/wp-content\/uploads\/2026\/03\/DJI-Matrice-400-Worry-free-plus-combo.webp\"><img loading=\"lazy\" decoding=\"async\" class=\"size-full wp-image-467343 aligncenter\" src=\"https:\/\/koningdrone.nl\/wp-content\/uploads\/2026\/03\/DJI-Matrice-400-Worry-free-plus-combo.webp\" alt=\"DJI Matrice 400 Worry free plus combo\" width=\"1200\" height=\"800\" \/><\/a><\/p>\n<h4>Langfristige Leistung und hohe Effizienz<\/h4>\n<p><strong>Bis zu 59 Minuten Flugzeit<br \/>\n<\/strong>\u00a0Kartierung von Korridoren, \u00dcberwachung von Waldbr\u00e4nden oder Inspektionen der Infrastruktur in einem einzigen Flug.<\/p>\n<p><strong>Reisegeschwindigkeit bis zu 25 m\/s<br \/>\n<\/strong>\u00a0Schnellere Bewegungen zwischen Wegpunkten erh\u00f6hen die Produktivit\u00e4t pro Einsatz.<\/p>\n<p><strong>Intelligente TB100-Batterien<br \/>\n<\/strong>\u00a0Selbsterhitzung bei niedrigen Temperaturen, bis zu 400 Ladezyklen und Vollladung in ca. 45 Minuten \u00fcber die Akkustation.<\/p>\n<h4>Hohe Nutzlast und Flexibilit\u00e4t bei mehreren Missionen<\/h4>\n<p><strong>Maximale Tragf\u00e4higkeit von 6 kg<br \/>\n<\/strong>\u00a0Unterst\u00fctzt mehrere Nutzlasten gleichzeitig \u00fcber vier E-Port-V2-Anschl\u00fcsse, zwei nach unten gerichtete Kardanringe und einen zus\u00e4tzlichen, unten angebrachten Kardanring.<\/p>\n<p style=\"text-align: center\"><a href=\"https:\/\/koningdrone.nl\/wp-content\/uploads\/2026\/03\/Product-DJI-Matrice-400-Worry-free-plus-combo.webp\"><img loading=\"lazy\" decoding=\"async\" class=\"alignnone wp-image-467341 size-medium\" src=\"https:\/\/koningdrone.nl\/wp-content\/uploads\/2026\/03\/Product-DJI-Matrice-400-Worry-free-plus-combo-300x300.webp\" alt=\"Product DJI Matrice 400 Worry free plus combo\" width=\"300\" height=\"300\" \/><\/a><\/p>\n<p><strong>Kompatibel mit:<\/strong><\/p>\n<ul>\n<li><strong>DJI Zenmuse H30 Serie<\/strong> - Weitwinkel-, Zoom-, W\u00e4rmebild- und Laser-Entfernungsmesser f\u00fcr den Einsatz bei Tag und Nacht.<\/li>\n<li><strong>DJI Zenmuse L3 - <\/strong>Revolution\u00e4res 2.000.000 pts\/s LiDAR mit zwei 100-MP-RGB-Kameras f\u00fcr ultrapr\u00e4zise 3D-Kartierung und hervorragende Gel\u00e4ndemodellierung.<\/li>\n<li><strong>DJI Zenmuse P1<\/strong> - Vollformatkamera mit 45 MP f\u00fcr Vermessung und Modellierung.<\/li>\n<li><strong>DJI Zenmuse S1<\/strong> &amp; <strong>DJI Zenmuse V1<\/strong> - Beleuchtung und Lautsprecher f\u00fcr Nachtbetrieb und Kommunikation.<\/li>\n<li><strong>DJI Verteiler 3<\/strong> - Fortschrittliche KI an Bord und Datenverarbeitung in Echtzeit.<\/li>\n<\/ul>\n<h4>Sicher und zuverl\u00e4ssig in jeder Umgebung<\/h4>\n<p><strong>Schutzart IP55<br \/>\n<\/strong>\u00a0Widerstandsf\u00e4hig gegen Regen, Staub und Nebel. Einsetzbar zwischen -20 \u00b0C und 50 \u00b0C.<\/p>\n<p><strong>Dreifach-Hinderniserkennung<br \/>\n<\/strong>\u00a0Rotierendes LiDAR, mmWave-Radar und Vollfarb-Lowlight-Vision erkennen selbst kleine Hindernisse bei Dunkelheit.<\/p>\n<p><strong>O4 Enterprise Verbesserte \u00dcbertragung<br \/>\n<\/strong>\u00a01080p-Live-Ansicht bis zu 40 km, mit dualer 4G- und Sub-2-GHz-Unterst\u00fctzung f\u00fcr eine stabile Verbindung in schwierigen Umgebungen.<\/p>\n<p style=\"text-align: center\"><a href=\"https:\/\/koningdrone.nl\/wp-content\/uploads\/2026\/03\/Worry-free-plus-combo-Product-DJI-Matrice-400.webp\"><img loading=\"lazy\" decoding=\"async\" class=\"aligncenter wp-image-467339 size-medium\" src=\"https:\/\/koningdrone.nl\/wp-content\/uploads\/2026\/03\/Worry-free-plus-combo-Product-DJI-Matrice-400-300x300.webp\" alt=\"Worry free plus combo Product DJI Matrice 400\" width=\"300\" height=\"300\" \/><\/a><\/p>\n<h4>Intelligente Escape-Funktionen<\/h4>\n<ul>\n<li>Intelligente Verfolgung und automatische Missionen<\/li>\n<li>Echtzeit-Gel\u00e4ndeverfolgung f\u00fcr konstante H\u00f6he<\/li>\n<li>Sicheres Starten und Landen auf fahrenden Schiffen<\/li>\n<li>AR-Overlays f\u00fcr verbessertes Situationsbewusstsein<\/li>\n<\/ul>\n<h4>Plus Combo Advantage - Weniger Risiko, mehr Sicherheit<\/h4>\n<p>Die Worry-Free Plus Combo bietet umfassenden Schutz vor unerwarteten Sch\u00e4den, vorrangigen Service und schnellen Ersatz, falls erforderlich. Dadurch werden Ausfallzeiten minimiert und Ihre Investition bei intensivem Betrieb gesch\u00fctzt.<\/p>\n<h4>Vollst\u00e4ndiges Unternehmens-\u00d6kosystem<\/h4>\n<ul>\n<li><strong>DJI RC Plus 2 Enterprise Enhanced<\/strong> - 7,02-Zoll-Display mit 1400 Nits, IP54, geeignet f\u00fcr raue Umgebungen.<\/li>\n<li><strong>DJI BS100 Akku-Station<\/strong> - L\u00e4dt drei TB100-Batterien gleichzeitig und effizient.<\/li>\n<li><strong>DJI D-RTK 3 Multifunktionsstation<\/strong> - Zentimetergenaue Positionierung.<\/li>\n<li><strong>DJI TB100C Fesselbatterie<\/strong> - Kontinuierliche Stromversorgung f\u00fcr Langzeitbetrieb.<\/li>\n<\/ul>\n<h4>Software und Integration<\/h4>\n<ul>\n<li><strong>DJI FlightHub 2<\/strong> - Cloud-basiertes Flottenmanagement und Live-\u00dcberwachung.<\/li>\n<li><strong>DJI Terra<\/strong> - Schnelle 2D- und 3D-Rekonstruktion.<\/li>\n<li><strong>DJI \u00c4ndern<\/strong> - KI-gesteuerte Punktwolkenoptimierung.<\/li>\n<li>Offene Entwicklerunterst\u00fctzung mit PSDK und MSDK f\u00fcr ma\u00dfgeschneiderte L\u00f6sungen.<\/li>\n<\/ul>\n<p style=\"text-align: center\"><a href=\"https:\/\/koningdrone.nl\/wp-content\/uploads\/2026\/03\/Worry-free-plus-combo-DJI-Matrice-400-Product.webp\"><img loading=\"lazy\" decoding=\"async\" class=\"aligncenter wp-image-467340 size-medium\" src=\"https:\/\/koningdrone.nl\/wp-content\/uploads\/2026\/03\/Worry-free-plus-combo-DJI-Matrice-400-Product-300x300.webp\" alt=\"Worry free plus combo DJI Matrice 400 Product\" width=\"300\" height=\"300\" \/><\/a><\/p>\n<h4>Warum w\u00e4hlen Sie die Worry-Free Plus Combo?<\/h4>\n<p>Die DJI Matrice 400 Worry-Free Plus Combo ist mehr als ein Drohnen-Bundle. Es ist eine komplette, professionelle L\u00f6sung f\u00fcr den Flugbetrieb mit maximalem Schutz, minimaler Ausfallzeit und vollem Einsatz unter rauen Bedingungen.<\/p>\n<p style=\"margin-bottom: 20px\">F\u00fcr Unternehmen, bei denen Kontinuit\u00e4t und Zuverl\u00e4ssigkeit von entscheidender Bedeutung sind, bietet dieser Plus Combo die n\u00f6tige Sicherheit, um jeden Auftrag mit Zuversicht auszuf\u00fchren.<\/p>\n<p><iframe loading=\"lazy\" title=\"Das ist die DJI Matrice 400\" width=\"800\" height=\"450\" src=\"https:\/\/www.youtube.com\/embed\/3UrKq7xj7TI?feature=oembed&#038;enablejsapi=1&#038;origin=https:\/\/koningdrone.be\" frameborder=\"0\" allow=\"accelerometer; autoplay; clipboard-write; encrypted-media; gyroscope; picture-in-picture; web-share\" referrerpolicy=\"strict-origin-when-cross-origin\" allowfullscreen><\/iframe><\/p>","protected":false},"excerpt":{"rendered":"<ul>\n<li>Bis zu 59 Minuten echte Flugzeit, auch mit angebrachter Nutzlast.<\/li>\n<li>Maximale Nutzlast von 6 kg, die bis zu sieben montierte Sensoren oder Werkzeuge auf einmal tr\u00e4gt.<\/li>\n<li>Fortschrittliche Hinderniserkennung mittels rotierendem LiDAR, mmWave-Radar und mehreren Sichtsystemen.<\/li>\n<li>Video\u00fcbertragung bis zu 40 km mit dem O4 Enterprise Enhanced System.<\/li>\n<li>Robustes IP55-Design und gro\u00dfer Temperaturbereich f\u00fcr zuverl\u00e4ssige Leistung in anspruchsvollen Umgebungen.<\/li>\n<\/ul>","protected":false},"featured_media":17574,"template":"","meta":{"_acf_changed":false},"product_brand":[],"product_cat":[135,1583],"product_tag":[],"class_list":{"0":"post-17159","1":"product","2":"type-product","3":"status-publish","4":"has-post-thumbnail","6":"product_cat-alle-drones","7":"product_cat-dji-matrice-400","8":"product_shipping_class-uavspacesall","9":"pa_brand-dji","10":"pa_producttype-professionele-drone-voor-bedrijven","11":"pa_series-matrice","13":"first","14":"instock","15":"taxable","16":"shipping-taxable","17":"purchasable","18":"product-type-simple"},"acf":[],"yoast_head":"<!-- This site is optimized with the Yoast SEO Premium plugin v27.2 (Yoast SEO v27.2) - https:\/\/yoast.com\/product\/yoast-seo-premium-wordpress\/ -->\n<title>DJI Matrice 400 Worry free plus combo - koningdrone.be<\/title>\n<meta name=\"robots\" content=\"index, follow, max-snippet:-1, max-image-preview:large, max-video-preview:-1\" \/>\n<link rel=\"canonical\" href=\"https:\/\/koningdrone.be\/de\/produkt\/dji-matrice-400-worry-free-plus-combo\/\" \/>\n<meta property=\"og:locale\" content=\"de_DE\" \/>\n<meta property=\"og:type\" content=\"article\" \/>\n<meta property=\"og:title\" content=\"DJI Matrice 400 Worry free plus combo\" \/>\n<meta property=\"og:description\" content=\"Tot 59 minuten echte vliegtijd, zelfs met payload bevestigd.  Maximaal laadvermogen van 6 kg, met ondersteuning voor maximaal zeven gemonteerde sensoren of tools tegelijk.  Geavanceerde obstakeldetectie via roterende LiDAR, mmWave-radar en meervoudige visiesystemen.  Videotransmissie tot 40 km met het O4 Enterprise Enhanced-systeem.  Robuust IP55-ontwerp en breed temperatuurbereik voor betrouwbare prestaties in veeleisende omgevingen.\" \/>\n<meta property=\"og:url\" content=\"https:\/\/koningdrone.be\/de\/produkt\/dji-matrice-400-worry-free-plus-combo\/\" \/>\n<meta property=\"og:site_name\" content=\"koningdrone.be\" \/>\n<meta property=\"article:modified_time\" content=\"2026-04-29T01:30:03+00:00\" \/>\n<meta property=\"og:image\" content=\"https:\/\/koningdrone.be\/wp-content\/uploads\/sites\/13\/2026\/03\/DJI-Matrice-400-Drone-Worry-Free-Plus-Combo-main-image-1.webp\" \/>\n\t<meta property=\"og:image:width\" content=\"1200\" \/>\n\t<meta property=\"og:image:height\" content=\"1200\" \/>\n\t<meta property=\"og:image:type\" content=\"image\/webp\" \/>\n<meta name=\"twitter:card\" content=\"summary_large_image\" \/>\n<meta name=\"twitter:label1\" content=\"Gesch\u00e4tzte Lesezeit\" \/>\n\t<meta name=\"twitter:data1\" content=\"4\u00a0Minuten\" \/>\n<script type=\"application\/ld+json\" class=\"yoast-schema-graph\">{\"@context\":\"https:\/\/schema.org\",\"@graph\":[{\"@type\":\"WebPage\",\"@id\":\"https:\/\/koningdrone.be\/product\/dji-matrice-400-worry-free-plus-combo\/\",\"url\":\"https:\/\/koningdrone.be\/product\/dji-matrice-400-worry-free-plus-combo\/\",\"name\":\"DJI Matrice 400 Worry free plus combo - koningdrone.be\",\"isPartOf\":{\"@id\":\"https:\/\/koningdrone.be\/#website\"},\"primaryImageOfPage\":{\"@id\":\"https:\/\/koningdrone.be\/product\/dji-matrice-400-worry-free-plus-combo\/#primaryimage\"},\"image\":{\"@id\":\"https:\/\/koningdrone.be\/product\/dji-matrice-400-worry-free-plus-combo\/#primaryimage\"},\"thumbnailUrl\":\"https:\/\/koningdrone.be\/wp-content\/uploads\/sites\/13\/2026\/03\/DJI-Matrice-400-Drone-Worry-Free-Plus-Combo-main-image-1.webp\",\"datePublished\":\"2026-03-22T07:34:02+00:00\",\"dateModified\":\"2026-04-29T01:30:03+00:00\",\"breadcrumb\":{\"@id\":\"https:\/\/koningdrone.be\/product\/dji-matrice-400-worry-free-plus-combo\/#breadcrumb\"},\"inLanguage\":\"de\",\"potentialAction\":[{\"@type\":\"ReadAction\",\"target\":[\"https:\/\/koningdrone.be\/product\/dji-matrice-400-worry-free-plus-combo\/\"]}]},{\"@type\":\"ImageObject\",\"inLanguage\":\"de\",\"@id\":\"https:\/\/koningdrone.be\/product\/dji-matrice-400-worry-free-plus-combo\/#primaryimage\",\"url\":\"https:\/\/koningdrone.be\/wp-content\/uploads\/sites\/13\/2026\/03\/DJI-Matrice-400-Drone-Worry-Free-Plus-Combo-main-image-1.webp\",\"contentUrl\":\"https:\/\/koningdrone.be\/wp-content\/uploads\/sites\/13\/2026\/03\/DJI-Matrice-400-Drone-Worry-Free-Plus-Combo-main-image-1.webp\",\"width\":1200,\"height\":1200},{\"@type\":\"BreadcrumbList\",\"@id\":\"https:\/\/koningdrone.be\/product\/dji-matrice-400-worry-free-plus-combo\/#breadcrumb\",\"itemListElement\":[{\"@type\":\"ListItem\",\"position\":1,\"name\":\"Home\",\"item\":\"https:\/\/koningdrone.be\/\"},{\"@type\":\"ListItem\",\"position\":2,\"name\":\"AVSS Parachute Recovery System for DJI Matrice 300\/350\",\"item\":\"https:\/\/koningdrone.be\/product\/avss-parachute-recovery-system-for-dji-matrice-300-350\/\"},{\"@type\":\"ListItem\",\"position\":3,\"name\":\"Alle drones\",\"item\":\"https:\/\/koningdrone.be\/categorie\/alle-drones\/\"},{\"@type\":\"ListItem\",\"position\":4,\"name\":\"DJI Matrice 400 Worry free plus combo\"}]},{\"@type\":\"WebSite\",\"@id\":\"https:\/\/koningdrone.be\/#website\",\"url\":\"https:\/\/koningdrone.be\/\",\"name\":\"Koningdrone.be - Uw online specialist in drones, gimbals, camera's en power stations.\",\"description\":\"De webshop in drones en gimbals\",\"publisher\":{\"@id\":\"https:\/\/koningdrone.be\/#organization\"},\"potentialAction\":[{\"@type\":\"SearchAction\",\"target\":{\"@type\":\"EntryPoint\",\"urlTemplate\":\"https:\/\/koningdrone.be\/?s={search_term_string}\"},\"query-input\":{\"@type\":\"PropertyValueSpecification\",\"valueRequired\":true,\"valueName\":\"search_term_string\"}}],\"inLanguage\":\"de\"},{\"@type\":\"Organization\",\"@id\":\"https:\/\/koningdrone.be\/#organization\",\"name\":\"Koningdrone.be\",\"url\":\"https:\/\/koningdrone.be\/\",\"logo\":{\"@type\":\"ImageObject\",\"inLanguage\":\"de\",\"@id\":\"https:\/\/koningdrone.be\/#\/schema\/logo\/image\/\",\"url\":\"https:\/\/koningdrone.be\/wp-content\/uploads\/sites\/13\/2025\/04\/koningdrone-copyright-logo.svg\",\"contentUrl\":\"https:\/\/koningdrone.be\/wp-content\/uploads\/sites\/13\/2025\/04\/koningdrone-copyright-logo.svg\",\"width\":227,\"height\":38,\"caption\":\"Koningdrone.be\"},\"image\":{\"@id\":\"https:\/\/koningdrone.be\/#\/schema\/logo\/image\/\"}}]}<\/script>\n<!-- \/ Yoast SEO Premium plugin. -->","yoast_head_json":{"title":"DJI Matrice 400 Worry free plus combo - koningdrone.be","robots":{"index":"index","follow":"follow","max-snippet":"max-snippet:-1","max-image-preview":"max-image-preview:large","max-video-preview":"max-video-preview:-1"},"canonical":"https:\/\/koningdrone.be\/de\/produkt\/dji-matrice-400-worry-free-plus-combo\/","og_locale":"de_DE","og_type":"article","og_title":"DJI Matrice 400 Worry free plus combo","og_description":"Tot 59 minuten echte vliegtijd, zelfs met payload bevestigd.  Maximaal laadvermogen van 6 kg, met ondersteuning voor maximaal zeven gemonteerde sensoren of tools tegelijk.  Geavanceerde obstakeldetectie via roterende LiDAR, mmWave-radar en meervoudige visiesystemen.  Videotransmissie tot 40 km met het O4 Enterprise Enhanced-systeem.  Robuust IP55-ontwerp en breed temperatuurbereik voor betrouwbare prestaties in veeleisende omgevingen.","og_url":"https:\/\/koningdrone.be\/de\/produkt\/dji-matrice-400-worry-free-plus-combo\/","og_site_name":"koningdrone.be","article_modified_time":"2026-04-29T01:30:03+00:00","og_image":[{"width":1200,"height":1200,"url":"https:\/\/koningdrone.be\/wp-content\/uploads\/sites\/13\/2026\/03\/DJI-Matrice-400-Drone-Worry-Free-Plus-Combo-main-image-1.webp","type":"image\/webp"}],"twitter_card":"summary_large_image","twitter_misc":{"Gesch\u00e4tzte Lesezeit":"4\u00a0Minuten"},"schema":{"@context":"https:\/\/schema.org","@graph":[{"@type":"WebPage","@id":"https:\/\/koningdrone.be\/product\/dji-matrice-400-worry-free-plus-combo\/","url":"https:\/\/koningdrone.be\/product\/dji-matrice-400-worry-free-plus-combo\/","name":"DJI Matrice 400 Worry free plus combo - koningdrone.be","isPartOf":{"@id":"https:\/\/koningdrone.be\/#website"},"primaryImageOfPage":{"@id":"https:\/\/koningdrone.be\/product\/dji-matrice-400-worry-free-plus-combo\/#primaryimage"},"image":{"@id":"https:\/\/koningdrone.be\/product\/dji-matrice-400-worry-free-plus-combo\/#primaryimage"},"thumbnailUrl":"https:\/\/koningdrone.be\/wp-content\/uploads\/sites\/13\/2026\/03\/DJI-Matrice-400-Drone-Worry-Free-Plus-Combo-main-image-1.webp","datePublished":"2026-03-22T07:34:02+00:00","dateModified":"2026-04-29T01:30:03+00:00","breadcrumb":{"@id":"https:\/\/koningdrone.be\/product\/dji-matrice-400-worry-free-plus-combo\/#breadcrumb"},"inLanguage":"de","potentialAction":[{"@type":"ReadAction","target":["https:\/\/koningdrone.be\/product\/dji-matrice-400-worry-free-plus-combo\/"]}]},{"@type":"ImageObject","inLanguage":"de","@id":"https:\/\/koningdrone.be\/product\/dji-matrice-400-worry-free-plus-combo\/#primaryimage","url":"https:\/\/koningdrone.be\/wp-content\/uploads\/sites\/13\/2026\/03\/DJI-Matrice-400-Drone-Worry-Free-Plus-Combo-main-image-1.webp","contentUrl":"https:\/\/koningdrone.be\/wp-content\/uploads\/sites\/13\/2026\/03\/DJI-Matrice-400-Drone-Worry-Free-Plus-Combo-main-image-1.webp","width":1200,"height":1200},{"@type":"BreadcrumbList","@id":"https:\/\/koningdrone.be\/product\/dji-matrice-400-worry-free-plus-combo\/#breadcrumb","itemListElement":[{"@type":"ListItem","position":1,"name":"Home","item":"https:\/\/koningdrone.be\/"},{"@type":"ListItem","position":2,"name":"AVSS Parachute Recovery System for DJI Matrice 300\/350","item":"https:\/\/koningdrone.be\/product\/avss-parachute-recovery-system-for-dji-matrice-300-350\/"},{"@type":"ListItem","position":3,"name":"Alle drones","item":"https:\/\/koningdrone.be\/categorie\/alle-drones\/"},{"@type":"ListItem","position":4,"name":"DJI Matrice 400 Worry free plus combo"}]},{"@type":"WebSite","@id":"https:\/\/koningdrone.be\/#website","url":"https:\/\/koningdrone.be\/","name":"Koningdrone.be - Ihr Online-Spezialist f\u00fcr Drohnen, Gimbals, Kameras und Kraftwerke.","description":"Der Webshop f\u00fcr Drohnen und Gimbals","publisher":{"@id":"https:\/\/koningdrone.be\/#organization"},"potentialAction":[{"@type":"SearchAction","target":{"@type":"EntryPoint","urlTemplate":"https:\/\/koningdrone.be\/?s={search_term_string}"},"query-input":{"@type":"PropertyValueSpecification","valueRequired":true,"valueName":"search_term_string"}}],"inLanguage":"de"},{"@type":"Organization","@id":"https:\/\/koningdrone.be\/#organization","name":"Kingdrone.de","url":"https:\/\/koningdrone.be\/","logo":{"@type":"ImageObject","inLanguage":"de","@id":"https:\/\/koningdrone.be\/#\/schema\/logo\/image\/","url":"https:\/\/koningdrone.be\/wp-content\/uploads\/sites\/13\/2025\/04\/koningdrone-copyright-logo.svg","contentUrl":"https:\/\/koningdrone.be\/wp-content\/uploads\/sites\/13\/2025\/04\/koningdrone-copyright-logo.svg","width":227,"height":38,"caption":"Koningdrone.be"},"image":{"@id":"https:\/\/koningdrone.be\/#\/schema\/logo\/image\/"}}]}},"df_price":11985,"df_sale_price":"","df_regular_price":11985,"df_image_link":"https:\/\/koningdrone.be\/wp-content\/uploads\/sites\/13\/2026\/03\/DJI-Matrice-400-Drone-Worry-Free-Plus-Combo-main-image-1-300x300.webp","_links":{"self":[{"href":"https:\/\/koningdrone.be\/de\/wp-json\/wp\/v2\/product\/17159","targetHints":{"allow":["GET"]}}],"collection":[{"href":"https:\/\/koningdrone.be\/de\/wp-json\/wp\/v2\/product"}],"about":[{"href":"https:\/\/koningdrone.be\/de\/wp-json\/wp\/v2\/types\/product"}],"wp:featuredmedia":[{"embeddable":true,"href":"https:\/\/koningdrone.be\/de\/wp-json\/wp\/v2\/media\/17574"}],"wp:attachment":[{"href":"https:\/\/koningdrone.be\/de\/wp-json\/wp\/v2\/media?parent=17159"}],"wp:term":[{"taxonomy":"product_brand","embeddable":true,"href":"https:\/\/koningdrone.be\/de\/wp-json\/wp\/v2\/product_brand?post=17159"},{"taxonomy":"product_cat","embeddable":true,"href":"https:\/\/koningdrone.be\/de\/wp-json\/wp\/v2\/product_cat?post=17159"},{"taxonomy":"product_tag","embeddable":true,"href":"https:\/\/koningdrone.be\/de\/wp-json\/wp\/v2\/product_tag?post=17159"}],"curies":[{"name":"wp","href":"https:\/\/api.w.org\/{rel}","templated":true}]}}