{"id":1710,"date":"2024-12-04T12:13:14","date_gmt":"2024-12-04T11:13:14","guid":{"rendered":"https:\/\/koningdrone.nl\/kon\/product\/dji-sdr-transmission-phone-holder-kit\/"},"modified":"2026-04-29T04:00:42","modified_gmt":"2026-04-29T02:00:42","slug":"dji-sdr-transmission-phone-holder-kit","status":"publish","type":"product","link":"https:\/\/koningdrone.be\/de\/produkt\/dji-sdr-transmission-phone-holder-kit\/","title":{"rendered":"DJI SDR \u00dcbertragung Telefonhalterung Kit"},"content":{"rendered":"<p>Der DJI SDR-\u00dcbertragungs-Telefonhalter ist ein vielseitiges Zubeh\u00f6r, das entwickelt wurde, um Ihr Telefon sicher zu halten, w\u00e4hrend Sie das SDR-\u00dcbertragungssystem von DJI verwenden. Es bietet eine stabile und anpassbare Einrichtung f\u00fcr die Anzeige von Echtzeit-Videobildern w\u00e4hrend Luftaufnahmen und bietet Komfort und Zuverl\u00e4ssigkeit f\u00fcr Drohnenbetreiber. Das Kit ist einfach zu installieren und mit verschiedenen Telefonformaten kompatibel, was es zu einer praktischen L\u00f6sung f\u00fcr freih\u00e4ndigen Betrieb und problemlose Video\u00fcberwachung macht.<\/p>","protected":false},"excerpt":{"rendered":"<ul>\n<li>Das DJI SDR Transmissions-Handyhalterungs-Kit befestigt Ihr Handy sicher f\u00fcr eine stabile Sicht.<\/li>\n<li>Er bietet eine einstellbare Positionierung f\u00fcr eine optimale Anzeige des Videomaterials.<\/li>\n<li>Das Kit erm\u00f6glicht eine freih\u00e4ndige Bedienung f\u00fcr eine einfachere Kontrolle w\u00e4hrend des Fluges.<\/li>\n<li>Seine einfache Installation macht ihn zu einem praktischen Zubeh\u00f6r.<\/li>\n<li>Der Halter ist mit verschiedenen Handygr\u00f6\u00dfen kompatibel.<\/li>\n<\/ul>","protected":false},"featured_media":1706,"template":"","meta":{"_acf_changed":false},"product_brand":[],"product_cat":[97,1815,265],"product_tag":[],"class_list":{"0":"post-1710","1":"product","2":"type-product","3":"status-publish","4":"has-post-thumbnail","6":"product_cat-alle-producten","7":"product_cat-dji-pro-accessoires","8":"product_cat-dji-ronin","9":"product_shipping_class-acsystemsall","10":"pa_brand-dji","11":"pa_producttype-telefoonhouder","13":"first","14":"instock","15":"taxable","16":"shipping-taxable","17":"purchasable","18":"product-type-simple"},"acf":[],"yoast_head":"<!-- This site is optimized with the Yoast SEO Premium plugin v27.2 (Yoast SEO v27.2) - https:\/\/yoast.com\/product\/yoast-seo-premium-wordpress\/ -->\n<title>DJI SDR Transmission Phone Holder Kit - koningdrone.be<\/title>\n<meta name=\"robots\" content=\"index, follow, max-snippet:-1, max-image-preview:large, max-video-preview:-1\" \/>\n<link rel=\"canonical\" href=\"https:\/\/koningdrone.be\/de\/produkt\/dji-sdr-transmission-phone-holder-kit\/\" \/>\n<meta property=\"og:locale\" content=\"de_DE\" \/>\n<meta property=\"og:type\" content=\"article\" \/>\n<meta property=\"og:title\" content=\"DJI SDR Transmission Phone Holder Kit\" \/>\n<meta property=\"og:description\" content=\"De DJI SDR-transmissietelefoonhouderkit bevestigt je telefoon veilig voor een stabiele weergave.Hij biedt een verstelbare positionering voor een optimale weergave van de videofeed.De kit zorgt voor handsfree bediening voor eenvoudigere controle tijdens vluchten.De eenvoudige installatie maakt het een handig accessoire.De houder is compatibel met verschillende telefoonformaten.\" \/>\n<meta property=\"og:url\" content=\"https:\/\/koningdrone.be\/de\/produkt\/dji-sdr-transmission-phone-holder-kit\/\" \/>\n<meta property=\"og:site_name\" content=\"koningdrone.be\" \/>\n<meta property=\"article:modified_time\" content=\"2026-04-29T02:00:42+00:00\" \/>\n<meta property=\"og:image\" content=\"https:\/\/koningdrone.be\/wp-content\/uploads\/sites\/13\/2025\/04\/80c1687481b27e6aa8a872e3d75c952e@large.jpg\" \/>\n\t<meta property=\"og:image:width\" content=\"1200\" \/>\n\t<meta property=\"og:image:height\" content=\"800\" \/>\n\t<meta property=\"og:image:type\" content=\"image\/jpeg\" \/>\n<meta name=\"twitter:card\" content=\"summary_large_image\" \/>\n<script type=\"application\/ld+json\" class=\"yoast-schema-graph\">{\"@context\":\"https:\/\/schema.org\",\"@graph\":[{\"@type\":\"WebPage\",\"@id\":\"https:\/\/koningdrone.be\/product\/dji-sdr-transmission-phone-holder-kit\/\",\"url\":\"https:\/\/koningdrone.be\/product\/dji-sdr-transmission-phone-holder-kit\/\",\"name\":\"DJI SDR Transmission Phone Holder Kit - koningdrone.be\",\"isPartOf\":{\"@id\":\"https:\/\/koningdrone.be\/#website\"},\"primaryImageOfPage\":{\"@id\":\"https:\/\/koningdrone.be\/product\/dji-sdr-transmission-phone-holder-kit\/#primaryimage\"},\"image\":{\"@id\":\"https:\/\/koningdrone.be\/product\/dji-sdr-transmission-phone-holder-kit\/#primaryimage\"},\"thumbnailUrl\":\"https:\/\/koningdrone.be\/wp-content\/uploads\/sites\/13\/2025\/04\/80c1687481b27e6aa8a872e3d75c952e@large.jpg\",\"datePublished\":\"2024-12-04T11:13:14+00:00\",\"dateModified\":\"2026-04-29T02:00:42+00:00\",\"breadcrumb\":{\"@id\":\"https:\/\/koningdrone.be\/product\/dji-sdr-transmission-phone-holder-kit\/#breadcrumb\"},\"inLanguage\":\"de\",\"potentialAction\":[{\"@type\":\"ReadAction\",\"target\":[\"https:\/\/koningdrone.be\/product\/dji-sdr-transmission-phone-holder-kit\/\"]}]},{\"@type\":\"ImageObject\",\"inLanguage\":\"de\",\"@id\":\"https:\/\/koningdrone.be\/product\/dji-sdr-transmission-phone-holder-kit\/#primaryimage\",\"url\":\"https:\/\/koningdrone.be\/wp-content\/uploads\/sites\/13\/2025\/04\/80c1687481b27e6aa8a872e3d75c952e@large.jpg\",\"contentUrl\":\"https:\/\/koningdrone.be\/wp-content\/uploads\/sites\/13\/2025\/04\/80c1687481b27e6aa8a872e3d75c952e@large.jpg\",\"width\":1200,\"height\":800},{\"@type\":\"BreadcrumbList\",\"@id\":\"https:\/\/koningdrone.be\/product\/dji-sdr-transmission-phone-holder-kit\/#breadcrumb\",\"itemListElement\":[{\"@type\":\"ListItem\",\"position\":1,\"name\":\"Home\",\"item\":\"https:\/\/koningdrone.be\/\"},{\"@type\":\"ListItem\",\"position\":2,\"name\":\"AVSS Parachute Recovery System for DJI Matrice 300\/350\",\"item\":\"https:\/\/koningdrone.be\/product\/avss-parachute-recovery-system-for-dji-matrice-300-350\/\"},{\"@type\":\"ListItem\",\"position\":3,\"name\":\"Alle producten\",\"item\":\"https:\/\/koningdrone.be\/categorie\/alle-producten\/\"},{\"@type\":\"ListItem\",\"position\":4,\"name\":\"DJI SDR Transmission Phone Holder Kit\"}]},{\"@type\":\"WebSite\",\"@id\":\"https:\/\/koningdrone.be\/#website\",\"url\":\"https:\/\/koningdrone.be\/\",\"name\":\"Koningdrone.be - Uw online specialist in drones, gimbals, camera's en power stations.\",\"description\":\"De webshop in drones en gimbals\",\"publisher\":{\"@id\":\"https:\/\/koningdrone.be\/#organization\"},\"potentialAction\":[{\"@type\":\"SearchAction\",\"target\":{\"@type\":\"EntryPoint\",\"urlTemplate\":\"https:\/\/koningdrone.be\/?s={search_term_string}\"},\"query-input\":{\"@type\":\"PropertyValueSpecification\",\"valueRequired\":true,\"valueName\":\"search_term_string\"}}],\"inLanguage\":\"de\"},{\"@type\":\"Organization\",\"@id\":\"https:\/\/koningdrone.be\/#organization\",\"name\":\"Koningdrone.be\",\"url\":\"https:\/\/koningdrone.be\/\",\"logo\":{\"@type\":\"ImageObject\",\"inLanguage\":\"de\",\"@id\":\"https:\/\/koningdrone.be\/#\/schema\/logo\/image\/\",\"url\":\"https:\/\/koningdrone.be\/wp-content\/uploads\/sites\/13\/2025\/04\/koningdrone-copyright-logo.svg\",\"contentUrl\":\"https:\/\/koningdrone.be\/wp-content\/uploads\/sites\/13\/2025\/04\/koningdrone-copyright-logo.svg\",\"width\":227,\"height\":38,\"caption\":\"Koningdrone.be\"},\"image\":{\"@id\":\"https:\/\/koningdrone.be\/#\/schema\/logo\/image\/\"}}]}<\/script>\n<!-- \/ Yoast SEO Premium plugin. -->","yoast_head_json":{"title":"DJI SDR Transmission Phone Holder Kit - koningdrone.be","robots":{"index":"index","follow":"follow","max-snippet":"max-snippet:-1","max-image-preview":"max-image-preview:large","max-video-preview":"max-video-preview:-1"},"canonical":"https:\/\/koningdrone.be\/de\/produkt\/dji-sdr-transmission-phone-holder-kit\/","og_locale":"de_DE","og_type":"article","og_title":"DJI SDR Transmission Phone Holder Kit","og_description":"De DJI SDR-transmissietelefoonhouderkit bevestigt je telefoon veilig voor een stabiele weergave.Hij biedt een verstelbare positionering voor een optimale weergave van de videofeed.De kit zorgt voor handsfree bediening voor eenvoudigere controle tijdens vluchten.De eenvoudige installatie maakt het een handig accessoire.De houder is compatibel met verschillende telefoonformaten.","og_url":"https:\/\/koningdrone.be\/de\/produkt\/dji-sdr-transmission-phone-holder-kit\/","og_site_name":"koningdrone.be","article_modified_time":"2026-04-29T02:00:42+00:00","og_image":[{"width":1200,"height":800,"url":"https:\/\/koningdrone.be\/wp-content\/uploads\/sites\/13\/2025\/04\/80c1687481b27e6aa8a872e3d75c952e@large.jpg","type":"image\/jpeg"}],"twitter_card":"summary_large_image","schema":{"@context":"https:\/\/schema.org","@graph":[{"@type":"WebPage","@id":"https:\/\/koningdrone.be\/product\/dji-sdr-transmission-phone-holder-kit\/","url":"https:\/\/koningdrone.be\/product\/dji-sdr-transmission-phone-holder-kit\/","name":"DJI SDR Transmission Phone Holder Kit - koningdrone.be","isPartOf":{"@id":"https:\/\/koningdrone.be\/#website"},"primaryImageOfPage":{"@id":"https:\/\/koningdrone.be\/product\/dji-sdr-transmission-phone-holder-kit\/#primaryimage"},"image":{"@id":"https:\/\/koningdrone.be\/product\/dji-sdr-transmission-phone-holder-kit\/#primaryimage"},"thumbnailUrl":"https:\/\/koningdrone.be\/wp-content\/uploads\/sites\/13\/2025\/04\/80c1687481b27e6aa8a872e3d75c952e@large.jpg","datePublished":"2024-12-04T11:13:14+00:00","dateModified":"2026-04-29T02:00:42+00:00","breadcrumb":{"@id":"https:\/\/koningdrone.be\/product\/dji-sdr-transmission-phone-holder-kit\/#breadcrumb"},"inLanguage":"de","potentialAction":[{"@type":"ReadAction","target":["https:\/\/koningdrone.be\/product\/dji-sdr-transmission-phone-holder-kit\/"]}]},{"@type":"ImageObject","inLanguage":"de","@id":"https:\/\/koningdrone.be\/product\/dji-sdr-transmission-phone-holder-kit\/#primaryimage","url":"https:\/\/koningdrone.be\/wp-content\/uploads\/sites\/13\/2025\/04\/80c1687481b27e6aa8a872e3d75c952e@large.jpg","contentUrl":"https:\/\/koningdrone.be\/wp-content\/uploads\/sites\/13\/2025\/04\/80c1687481b27e6aa8a872e3d75c952e@large.jpg","width":1200,"height":800},{"@type":"BreadcrumbList","@id":"https:\/\/koningdrone.be\/product\/dji-sdr-transmission-phone-holder-kit\/#breadcrumb","itemListElement":[{"@type":"ListItem","position":1,"name":"Home","item":"https:\/\/koningdrone.be\/"},{"@type":"ListItem","position":2,"name":"AVSS Parachute Recovery System for DJI Matrice 300\/350","item":"https:\/\/koningdrone.be\/product\/avss-parachute-recovery-system-for-dji-matrice-300-350\/"},{"@type":"ListItem","position":3,"name":"Alle producten","item":"https:\/\/koningdrone.be\/categorie\/alle-producten\/"},{"@type":"ListItem","position":4,"name":"DJI SDR Transmission Phone Holder Kit"}]},{"@type":"WebSite","@id":"https:\/\/koningdrone.be\/#website","url":"https:\/\/koningdrone.be\/","name":"Koningdrone.be - Ihr Online-Spezialist f\u00fcr Drohnen, Gimbals, Kameras und Kraftwerke.","description":"Der Webshop f\u00fcr Drohnen und Gimbals","publisher":{"@id":"https:\/\/koningdrone.be\/#organization"},"potentialAction":[{"@type":"SearchAction","target":{"@type":"EntryPoint","urlTemplate":"https:\/\/koningdrone.be\/?s={search_term_string}"},"query-input":{"@type":"PropertyValueSpecification","valueRequired":true,"valueName":"search_term_string"}}],"inLanguage":"de"},{"@type":"Organization","@id":"https:\/\/koningdrone.be\/#organization","name":"Kingdrone.de","url":"https:\/\/koningdrone.be\/","logo":{"@type":"ImageObject","inLanguage":"de","@id":"https:\/\/koningdrone.be\/#\/schema\/logo\/image\/","url":"https:\/\/koningdrone.be\/wp-content\/uploads\/sites\/13\/2025\/04\/koningdrone-copyright-logo.svg","contentUrl":"https:\/\/koningdrone.be\/wp-content\/uploads\/sites\/13\/2025\/04\/koningdrone-copyright-logo.svg","width":227,"height":38,"caption":"Koningdrone.be"},"image":{"@id":"https:\/\/koningdrone.be\/#\/schema\/logo\/image\/"}}]}},"df_price":49,"df_sale_price":"","df_regular_price":49,"df_image_link":"https:\/\/koningdrone.be\/wp-content\/uploads\/sites\/13\/2025\/04\/80c1687481b27e6aa8a872e3d75c952e@large-300x200.jpg","_links":{"self":[{"href":"https:\/\/koningdrone.be\/de\/wp-json\/wp\/v2\/product\/1710","targetHints":{"allow":["GET"]}}],"collection":[{"href":"https:\/\/koningdrone.be\/de\/wp-json\/wp\/v2\/product"}],"about":[{"href":"https:\/\/koningdrone.be\/de\/wp-json\/wp\/v2\/types\/product"}],"wp:featuredmedia":[{"embeddable":true,"href":"https:\/\/koningdrone.be\/de\/wp-json\/wp\/v2\/media\/1706"}],"wp:attachment":[{"href":"https:\/\/koningdrone.be\/de\/wp-json\/wp\/v2\/media?parent=1710"}],"wp:term":[{"taxonomy":"product_brand","embeddable":true,"href":"https:\/\/koningdrone.be\/de\/wp-json\/wp\/v2\/product_brand?post=1710"},{"taxonomy":"product_cat","embeddable":true,"href":"https:\/\/koningdrone.be\/de\/wp-json\/wp\/v2\/product_cat?post=1710"},{"taxonomy":"product_tag","embeddable":true,"href":"https:\/\/koningdrone.be\/de\/wp-json\/wp\/v2\/product_tag?post=1710"}],"curies":[{"name":"wp","href":"https:\/\/api.w.org\/{rel}","templated":true}]}}