{"id":16801,"date":"2026-03-07T13:30:36","date_gmt":"2026-03-07T12:30:36","guid":{"rendered":"https:\/\/koningdrone.be\/?post_type=product&#038;p=16801"},"modified":"2026-05-02T14:41:00","modified_gmt":"2026-05-02T12:41:00","slug":"dji-neo-2-two-way-charging-hub","status":"publish","type":"product","link":"https:\/\/koningdrone.be\/de\/produkt\/dji-neo-2-two-way-charging-hub\/","title":{"rendered":"DJI Neo 2 Zwei-Wege-Ladehub"},"content":{"rendered":"<h3>DJI Neo 2 Zwei-Wege-Ladehub<\/h3>\n<p>Die <strong>DJI Neo 2 Zwei-Wege-Ladehub<\/strong> ist eine vielseitige Ladel\u00f6sung, die speziell f\u00fcr DJI Neo 2 Drohnenakkus entwickelt wurde. Diese intelligente Ladestation funktioniert nicht nur als Hub, mit dem Sie mehrere intelligente Flugakkus gleichzeitig aufladen k\u00f6nnen, sondern auch als tragbare Powerbank, mit der Sie Ger\u00e4te wie Smartphones oder Brillen aufladen k\u00f6nnen, wenn keine Steckdose verf\u00fcgbar ist.<\/p>\n<p style=\"text-align: center\"><a href=\"https:\/\/koningdrone.nl\/wp-content\/uploads\/2026\/03\/DJI-Neo-2-Two-Way.webp\"><img loading=\"lazy\" decoding=\"async\" class=\"alignnone size-medium wp-image-466402\" src=\"https:\/\/koningdrone.nl\/wp-content\/uploads\/2026\/03\/DJI-Neo-2-Two-Way-300x300.webp\" alt=\"DJI Neo 2 Two-Way\" width=\"300\" height=\"300\" \/><\/a><\/p>\n<h4>Leistung und Funktionalit\u00e4t<\/h4>\n<p>Mit diesem Hub k\u00f6nnen Sie mehrere Neo 2-Akkus gleichzeitig aufladen, je nach verwendetem Netzteil. Mit einem leistungsstarken Adapter (45 W oder h\u00f6her) k\u00f6nnen Sie bis zu <strong>l\u00e4dt drei Neo 2 Akkus gleichzeitig<\/strong>, Das ist ideal f\u00fcr Piloten, die l\u00e4ngere Fl\u00fcge oder mehrere Flugaufgaben hintereinander planen. Au\u00dferdem unterst\u00fctzt der Hub die Zwei-Wege-Stromversorgung: Der Strom kann zum Aufladen in die Batterien flie\u00dfen, aber auch von den Batterien zu externen USB-C-Ger\u00e4ten wie Telefonen oder Brillen.<\/p>\n<h4>Verarbeitungsqualit\u00e4t und Design<\/h4>\n<p>Die Ladestation hat eine kompakte und tragbare Gr\u00f6\u00dfe, so dass Sie sie leicht auf Reisen oder bei Dreharbeiten mitnehmen k\u00f6nnen. Das Geh\u00e4use ist robust genug, um den t\u00e4glichen Gebrauch zu bew\u00e4ltigen und ist mit den offiziellen DJI-Netzteilen kompatibel. Der Anschluss und die Platzierung des Akkus sind intuitiv und bieten eine reibungslose Benutzererfahrung.<\/p>\n<p style=\"text-align: center\"><a href=\"https:\/\/koningdrone.nl\/wp-content\/uploads\/2026\/03\/DJI-Charging-Hub-Neo-2-Two-Way.webp\"><img loading=\"lazy\" decoding=\"async\" class=\"alignnone size-medium wp-image-466403\" src=\"https:\/\/koningdrone.nl\/wp-content\/uploads\/2026\/03\/DJI-Charging-Hub-Neo-2-Two-Way-300x300.webp\" alt=\"DJI Charging Hub Neo 2 Two-Way\" width=\"300\" height=\"300\" \/><\/a><\/p>\n<h4>Warum Sie das brauchen<\/h4>\n<p>Wenn Sie mehrere Akkus verwenden und oft im Freien fliegen, k\u00f6nnen Sie mit diesem Zwei-Wege-Hub die Akkus effizient aufladen, ohne stundenlang warten zu m\u00fcssen. Au\u00dferdem k\u00f6nnen Sie mit der Powerbank-Funktion Ihre Ger\u00e4te unterwegs mit Strom versorgen, was bei l\u00e4ngeren Drehs oder auf Reisen ohne feste Stromquelle ein Muss ist.<\/p>","protected":false},"excerpt":{"rendered":"<ul>\n<li>L\u00e4dt mit dem richtigen Ladeger\u00e4t bis zu drei DJI Neo 2 Intelligent Flight Akkus gleichzeitig.<\/li>\n<li>Funktioniert als Powerbank, so dass Sie Telefone oder Brillen mit der gespeicherten Akkukapazit\u00e4t aufladen k\u00f6nnen.<\/li>\n<li>Breite Eingangsspannungsunterst\u00fctzung (5 V bis 20 V) f\u00fcr Kompatibilit\u00e4t mit vielen USB-C-Adaptern.<\/li>\n<li>Kompaktes und leichtes Design, so dass Sie Ihre Drohnenausr\u00fcstung problemlos mit auf Reisen nehmen k\u00f6nnen.<\/li>\n<li>Kompatibel mit dem offiziellen DJI-Ladesystem, einschlie\u00dflich Ladeger\u00e4ten mit hoher Wattzahl.<\/li>\n<\/ul>","protected":false},"featured_media":16797,"template":"","meta":{"_acf_changed":false},"product_brand":[],"product_cat":[1722],"product_tag":[],"class_list":{"0":"post-16801","1":"product","2":"type-product","3":"status-publish","4":"has-post-thumbnail","6":"product_cat-dji-neo-2","7":"product_shipping_class-outofstock","8":"pa_brand-dji","9":"pa_productfamily-neo-2","10":"pa_producttype-oplader","11":"pa_series-neo","13":"first","14":"onbackorder","15":"taxable","16":"shipping-taxable","17":"purchasable","18":"product-type-simple"},"acf":[],"yoast_head":"<!-- This site is optimized with the Yoast SEO Premium plugin v27.2 (Yoast SEO v27.2) - https:\/\/yoast.com\/product\/yoast-seo-premium-wordpress\/ -->\n<title>DJI Neo 2 Two-Way Charging Hub - koningdrone.be<\/title>\n<meta name=\"robots\" content=\"index, follow, max-snippet:-1, max-image-preview:large, max-video-preview:-1\" \/>\n<link rel=\"canonical\" href=\"https:\/\/koningdrone.be\/de\/produkt\/dji-neo-2-two-way-charging-hub\/\" \/>\n<meta property=\"og:locale\" content=\"de_DE\" \/>\n<meta property=\"og:type\" content=\"article\" \/>\n<meta property=\"og:title\" content=\"DJI Neo 2 Two-Way Charging Hub\" \/>\n<meta property=\"og:description\" content=\"Laadt tot drie DJI Neo 2 intelligente vliegbatterijen tegelijk op met de juiste oplader.  Werkt als een powerbank, zodat u telefoons of brillen kunt opladen met de opgeslagen batterijcapaciteit.  Brede ondersteuning voor ingangsspanning (5 V tot 20 V) voor compatibiliteit met veel USB-C-adapters.  Compact en lichtgewicht ontwerp, zodat u uw drone-apparatuur gemakkelijk mee kunt nemen op reis.  Compatibel met het offici\u00eble DJI-oplaadecosysteem, inclusief opladers met een hoog wattage.\" \/>\n<meta property=\"og:url\" content=\"https:\/\/koningdrone.be\/de\/produkt\/dji-neo-2-two-way-charging-hub\/\" \/>\n<meta property=\"og:site_name\" content=\"koningdrone.be\" \/>\n<meta property=\"article:modified_time\" content=\"2026-05-02T12:41:00+00:00\" \/>\n<meta property=\"og:image\" content=\"https:\/\/koningdrone.be\/wp-content\/uploads\/sites\/13\/2026\/03\/DJI-Charging-Hub-Neo-2-Two-Way.webp\" \/>\n\t<meta property=\"og:image:width\" content=\"2048\" \/>\n\t<meta property=\"og:image:height\" content=\"2048\" \/>\n\t<meta property=\"og:image:type\" content=\"image\/webp\" \/>\n<meta name=\"twitter:card\" content=\"summary_large_image\" \/>\n<meta name=\"twitter:label1\" content=\"Gesch\u00e4tzte Lesezeit\" \/>\n\t<meta name=\"twitter:data1\" content=\"1\u00a0Minute\" \/>\n<script type=\"application\/ld+json\" class=\"yoast-schema-graph\">{\"@context\":\"https:\/\/schema.org\",\"@graph\":[{\"@type\":\"WebPage\",\"@id\":\"https:\/\/koningdrone.be\/product\/dji-neo-2-two-way-charging-hub\/\",\"url\":\"https:\/\/koningdrone.be\/product\/dji-neo-2-two-way-charging-hub\/\",\"name\":\"DJI Neo 2 Two-Way Charging Hub - koningdrone.be\",\"isPartOf\":{\"@id\":\"https:\/\/koningdrone.be\/#website\"},\"primaryImageOfPage\":{\"@id\":\"https:\/\/koningdrone.be\/product\/dji-neo-2-two-way-charging-hub\/#primaryimage\"},\"image\":{\"@id\":\"https:\/\/koningdrone.be\/product\/dji-neo-2-two-way-charging-hub\/#primaryimage\"},\"thumbnailUrl\":\"https:\/\/koningdrone.be\/wp-content\/uploads\/sites\/13\/2026\/03\/DJI-Charging-Hub-Neo-2-Two-Way.webp\",\"datePublished\":\"2026-03-07T12:30:36+00:00\",\"dateModified\":\"2026-05-02T12:41:00+00:00\",\"breadcrumb\":{\"@id\":\"https:\/\/koningdrone.be\/product\/dji-neo-2-two-way-charging-hub\/#breadcrumb\"},\"inLanguage\":\"de\",\"potentialAction\":[{\"@type\":\"ReadAction\",\"target\":[\"https:\/\/koningdrone.be\/product\/dji-neo-2-two-way-charging-hub\/\"]}]},{\"@type\":\"ImageObject\",\"inLanguage\":\"de\",\"@id\":\"https:\/\/koningdrone.be\/product\/dji-neo-2-two-way-charging-hub\/#primaryimage\",\"url\":\"https:\/\/koningdrone.be\/wp-content\/uploads\/sites\/13\/2026\/03\/DJI-Charging-Hub-Neo-2-Two-Way.webp\",\"contentUrl\":\"https:\/\/koningdrone.be\/wp-content\/uploads\/sites\/13\/2026\/03\/DJI-Charging-Hub-Neo-2-Two-Way.webp\",\"width\":2048,\"height\":2048},{\"@type\":\"BreadcrumbList\",\"@id\":\"https:\/\/koningdrone.be\/product\/dji-neo-2-two-way-charging-hub\/#breadcrumb\",\"itemListElement\":[{\"@type\":\"ListItem\",\"position\":1,\"name\":\"Home\",\"item\":\"https:\/\/koningdrone.be\/\"},{\"@type\":\"ListItem\",\"position\":2,\"name\":\"AVSS Parachute Recovery System for DJI Matrice 300\/350\",\"item\":\"https:\/\/koningdrone.be\/product\/avss-parachute-recovery-system-for-dji-matrice-300-350\/\"},{\"@type\":\"ListItem\",\"position\":3,\"name\":\"DJI Neo 2\",\"item\":\"https:\/\/koningdrone.be\/categorie\/dji-neo-2\/\"},{\"@type\":\"ListItem\",\"position\":4,\"name\":\"DJI Neo 2 Two-Way Charging Hub\"}]},{\"@type\":\"WebSite\",\"@id\":\"https:\/\/koningdrone.be\/#website\",\"url\":\"https:\/\/koningdrone.be\/\",\"name\":\"Koningdrone.be - Uw online specialist in drones, gimbals, camera's en power stations.\",\"description\":\"De webshop in drones en gimbals\",\"publisher\":{\"@id\":\"https:\/\/koningdrone.be\/#organization\"},\"potentialAction\":[{\"@type\":\"SearchAction\",\"target\":{\"@type\":\"EntryPoint\",\"urlTemplate\":\"https:\/\/koningdrone.be\/?s={search_term_string}\"},\"query-input\":{\"@type\":\"PropertyValueSpecification\",\"valueRequired\":true,\"valueName\":\"search_term_string\"}}],\"inLanguage\":\"de\"},{\"@type\":\"Organization\",\"@id\":\"https:\/\/koningdrone.be\/#organization\",\"name\":\"Koningdrone.be\",\"url\":\"https:\/\/koningdrone.be\/\",\"logo\":{\"@type\":\"ImageObject\",\"inLanguage\":\"de\",\"@id\":\"https:\/\/koningdrone.be\/#\/schema\/logo\/image\/\",\"url\":\"https:\/\/koningdrone.be\/wp-content\/uploads\/sites\/13\/2025\/04\/koningdrone-copyright-logo.svg\",\"contentUrl\":\"https:\/\/koningdrone.be\/wp-content\/uploads\/sites\/13\/2025\/04\/koningdrone-copyright-logo.svg\",\"width\":227,\"height\":38,\"caption\":\"Koningdrone.be\"},\"image\":{\"@id\":\"https:\/\/koningdrone.be\/#\/schema\/logo\/image\/\"}}]}<\/script>\n<!-- \/ Yoast SEO Premium plugin. -->","yoast_head_json":{"title":"DJI Neo 2 Two-Way Charging Hub - koningdrone.be","robots":{"index":"index","follow":"follow","max-snippet":"max-snippet:-1","max-image-preview":"max-image-preview:large","max-video-preview":"max-video-preview:-1"},"canonical":"https:\/\/koningdrone.be\/de\/produkt\/dji-neo-2-two-way-charging-hub\/","og_locale":"de_DE","og_type":"article","og_title":"DJI Neo 2 Two-Way Charging Hub","og_description":"Laadt tot drie DJI Neo 2 intelligente vliegbatterijen tegelijk op met de juiste oplader.  Werkt als een powerbank, zodat u telefoons of brillen kunt opladen met de opgeslagen batterijcapaciteit.  Brede ondersteuning voor ingangsspanning (5 V tot 20 V) voor compatibiliteit met veel USB-C-adapters.  Compact en lichtgewicht ontwerp, zodat u uw drone-apparatuur gemakkelijk mee kunt nemen op reis.  Compatibel met het offici\u00eble DJI-oplaadecosysteem, inclusief opladers met een hoog wattage.","og_url":"https:\/\/koningdrone.be\/de\/produkt\/dji-neo-2-two-way-charging-hub\/","og_site_name":"koningdrone.be","article_modified_time":"2026-05-02T12:41:00+00:00","og_image":[{"width":2048,"height":2048,"url":"https:\/\/koningdrone.be\/wp-content\/uploads\/sites\/13\/2026\/03\/DJI-Charging-Hub-Neo-2-Two-Way.webp","type":"image\/webp"}],"twitter_card":"summary_large_image","twitter_misc":{"Gesch\u00e4tzte Lesezeit":"1\u00a0Minute"},"schema":{"@context":"https:\/\/schema.org","@graph":[{"@type":"WebPage","@id":"https:\/\/koningdrone.be\/product\/dji-neo-2-two-way-charging-hub\/","url":"https:\/\/koningdrone.be\/product\/dji-neo-2-two-way-charging-hub\/","name":"DJI Neo 2 Two-Way Charging Hub - koningdrone.be","isPartOf":{"@id":"https:\/\/koningdrone.be\/#website"},"primaryImageOfPage":{"@id":"https:\/\/koningdrone.be\/product\/dji-neo-2-two-way-charging-hub\/#primaryimage"},"image":{"@id":"https:\/\/koningdrone.be\/product\/dji-neo-2-two-way-charging-hub\/#primaryimage"},"thumbnailUrl":"https:\/\/koningdrone.be\/wp-content\/uploads\/sites\/13\/2026\/03\/DJI-Charging-Hub-Neo-2-Two-Way.webp","datePublished":"2026-03-07T12:30:36+00:00","dateModified":"2026-05-02T12:41:00+00:00","breadcrumb":{"@id":"https:\/\/koningdrone.be\/product\/dji-neo-2-two-way-charging-hub\/#breadcrumb"},"inLanguage":"de","potentialAction":[{"@type":"ReadAction","target":["https:\/\/koningdrone.be\/product\/dji-neo-2-two-way-charging-hub\/"]}]},{"@type":"ImageObject","inLanguage":"de","@id":"https:\/\/koningdrone.be\/product\/dji-neo-2-two-way-charging-hub\/#primaryimage","url":"https:\/\/koningdrone.be\/wp-content\/uploads\/sites\/13\/2026\/03\/DJI-Charging-Hub-Neo-2-Two-Way.webp","contentUrl":"https:\/\/koningdrone.be\/wp-content\/uploads\/sites\/13\/2026\/03\/DJI-Charging-Hub-Neo-2-Two-Way.webp","width":2048,"height":2048},{"@type":"BreadcrumbList","@id":"https:\/\/koningdrone.be\/product\/dji-neo-2-two-way-charging-hub\/#breadcrumb","itemListElement":[{"@type":"ListItem","position":1,"name":"Home","item":"https:\/\/koningdrone.be\/"},{"@type":"ListItem","position":2,"name":"AVSS Parachute Recovery System for DJI Matrice 300\/350","item":"https:\/\/koningdrone.be\/product\/avss-parachute-recovery-system-for-dji-matrice-300-350\/"},{"@type":"ListItem","position":3,"name":"DJI Neo 2","item":"https:\/\/koningdrone.be\/categorie\/dji-neo-2\/"},{"@type":"ListItem","position":4,"name":"DJI Neo 2 Two-Way Charging Hub"}]},{"@type":"WebSite","@id":"https:\/\/koningdrone.be\/#website","url":"https:\/\/koningdrone.be\/","name":"Koningdrone.be - Ihr Online-Spezialist f\u00fcr Drohnen, Gimbals, Kameras und Kraftwerke.","description":"Der Webshop f\u00fcr Drohnen und Gimbals","publisher":{"@id":"https:\/\/koningdrone.be\/#organization"},"potentialAction":[{"@type":"SearchAction","target":{"@type":"EntryPoint","urlTemplate":"https:\/\/koningdrone.be\/?s={search_term_string}"},"query-input":{"@type":"PropertyValueSpecification","valueRequired":true,"valueName":"search_term_string"}}],"inLanguage":"de"},{"@type":"Organization","@id":"https:\/\/koningdrone.be\/#organization","name":"Kingdrone.de","url":"https:\/\/koningdrone.be\/","logo":{"@type":"ImageObject","inLanguage":"de","@id":"https:\/\/koningdrone.be\/#\/schema\/logo\/image\/","url":"https:\/\/koningdrone.be\/wp-content\/uploads\/sites\/13\/2025\/04\/koningdrone-copyright-logo.svg","contentUrl":"https:\/\/koningdrone.be\/wp-content\/uploads\/sites\/13\/2025\/04\/koningdrone-copyright-logo.svg","width":227,"height":38,"caption":"Koningdrone.be"},"image":{"@id":"https:\/\/koningdrone.be\/#\/schema\/logo\/image\/"}}]}},"df_price":35,"df_sale_price":"","df_regular_price":35,"df_image_link":"https:\/\/koningdrone.be\/wp-content\/uploads\/sites\/13\/2026\/03\/DJI-Charging-Hub-Neo-2-Two-Way-300x300.webp","_links":{"self":[{"href":"https:\/\/koningdrone.be\/de\/wp-json\/wp\/v2\/product\/16801","targetHints":{"allow":["GET"]}}],"collection":[{"href":"https:\/\/koningdrone.be\/de\/wp-json\/wp\/v2\/product"}],"about":[{"href":"https:\/\/koningdrone.be\/de\/wp-json\/wp\/v2\/types\/product"}],"wp:featuredmedia":[{"embeddable":true,"href":"https:\/\/koningdrone.be\/de\/wp-json\/wp\/v2\/media\/16797"}],"wp:attachment":[{"href":"https:\/\/koningdrone.be\/de\/wp-json\/wp\/v2\/media?parent=16801"}],"wp:term":[{"taxonomy":"product_brand","embeddable":true,"href":"https:\/\/koningdrone.be\/de\/wp-json\/wp\/v2\/product_brand?post=16801"},{"taxonomy":"product_cat","embeddable":true,"href":"https:\/\/koningdrone.be\/de\/wp-json\/wp\/v2\/product_cat?post=16801"},{"taxonomy":"product_tag","embeddable":true,"href":"https:\/\/koningdrone.be\/de\/wp-json\/wp\/v2\/product_tag?post=16801"}],"curies":[{"name":"wp","href":"https:\/\/api.w.org\/{rel}","templated":true}]}}