{"id":1666,"date":"2024-12-04T12:14:28","date_gmt":"2024-12-04T11:14:28","guid":{"rendered":"https:\/\/koningdrone.nl\/kon\/product\/dji-care-refresh-card-2-year-plan-dji-rs-4-pro-combo\/"},"modified":"2026-04-29T04:10:29","modified_gmt":"2026-04-29T02:10:29","slug":"dji-care-refresh-card-2-year-plan-dji-rs-4-pro-combo","status":"publish","type":"product","link":"https:\/\/koningdrone.be\/de\/produkt\/dji-care-refresh-card-2-year-plan-dji-rs-4-pro-combo\/","title":{"rendered":"DJI Care Refresh Card - 2-Jahres-Plan - DJI RS 4 Pro (Combo)"},"content":{"rendered":"<p>Die DJI Care Refresh Card - 2-Jahres-Plan f\u00fcr DJI RS 4 Pro (Combo) bietet umfassenden Schutz vor versehentlichen Sch\u00e4den wie St\u00fcrzen, Zusammenst\u00f6\u00dfen und Wassereinwirkung. Profitieren Sie von bis zu drei Ersatzger\u00e4ten innerhalb von zwei Jahren f\u00fcr eine geringe Servicegeb\u00fchr und sichern Sie sich so zuverl\u00e4ssige Leistung und Sicherheit f\u00fcr eine langfristige Nutzung.<\/p>","protected":false},"excerpt":{"rendered":"<ul>\n<li>Der 2-Jahres-Plan verl\u00e4ngert den Schutz f\u00fcr Ihren DJI RS 4 Pro (Combo) und deckt versehentliche Sch\u00e4den ab.<\/li>\n<li>Profitieren Sie von bis zu drei Austauschaktionen innerhalb von zwei Jahren f\u00fcr einen geringen Zusatzbetrag.<\/li>\n<li>Mit diesem Plan haben Sie langfristige Sicherheit und Unterst\u00fctzung f\u00fcr Ihre Filmausr\u00fcstung.<\/li>\n<\/ul>","protected":false},"featured_media":1654,"template":"","meta":{"_acf_changed":false},"product_brand":[],"product_cat":[175,613],"product_tag":[],"class_list":{"0":"post-1666","1":"product","2":"type-product","3":"status-publish","4":"has-post-thumbnail","6":"product_cat-alle-care-refresh","7":"product_cat-dji-rs4","8":"product_shipping_class-acsystemsall","9":"pa_brand-dji","10":"pa_producttype-zorgplan","11":"pa_series-rs-4-pro","13":"first","14":"instock","15":"taxable","16":"shipping-taxable","17":"purchasable","18":"product-type-simple"},"acf":[],"yoast_head":"<!-- This site is optimized with the Yoast SEO Premium plugin v27.2 (Yoast SEO v27.2) - https:\/\/yoast.com\/product\/yoast-seo-premium-wordpress\/ -->\n<title>DJI Care Refresh Card - 2-Year Plan - DJI RS 4 Pro (Combo) - koningdrone.be<\/title>\n<meta name=\"robots\" content=\"index, follow, max-snippet:-1, max-image-preview:large, max-video-preview:-1\" \/>\n<link rel=\"canonical\" href=\"https:\/\/koningdrone.be\/de\/produkt\/dji-care-refresh-card-2-year-plan-dji-rs-4-pro-combo\/\" \/>\n<meta property=\"og:locale\" content=\"de_DE\" \/>\n<meta property=\"og:type\" content=\"article\" \/>\n<meta property=\"og:title\" content=\"DJI Care Refresh Card - 2-Year Plan - DJI RS 4 Pro (Combo)\" \/>\n<meta property=\"og:description\" content=\"Het 2-jarenplan breidt de bescherming voor je DJI RS 4 Pro (Combo) uit en dekt onopzettelijke schade.Profiteer van maximaal drie vervangingen binnen twee jaar voor een minimaal extra bedrag.Met dit plan heb je langdurige gemoedsrust en ondersteuning voor je filmapparatuur.\" \/>\n<meta property=\"og:url\" content=\"https:\/\/koningdrone.be\/de\/produkt\/dji-care-refresh-card-2-year-plan-dji-rs-4-pro-combo\/\" \/>\n<meta property=\"og:site_name\" content=\"koningdrone.be\" \/>\n<meta property=\"article:modified_time\" content=\"2026-04-29T02:10:29+00:00\" \/>\n<meta property=\"og:image\" content=\"https:\/\/koningdrone.be\/wp-content\/uploads\/sites\/13\/2025\/04\/932f0305cef06675afdf1543537ddae1@ultra.jpg\" \/>\n\t<meta property=\"og:image:width\" content=\"1280\" \/>\n\t<meta property=\"og:image:height\" content=\"1280\" \/>\n\t<meta property=\"og:image:type\" content=\"image\/jpeg\" \/>\n<meta name=\"twitter:card\" content=\"summary_large_image\" \/>\n<script type=\"application\/ld+json\" class=\"yoast-schema-graph\">{\"@context\":\"https:\/\/schema.org\",\"@graph\":[{\"@type\":\"WebPage\",\"@id\":\"https:\/\/koningdrone.be\/product\/dji-care-refresh-card-2-year-plan-dji-rs-4-pro-combo\/\",\"url\":\"https:\/\/koningdrone.be\/product\/dji-care-refresh-card-2-year-plan-dji-rs-4-pro-combo\/\",\"name\":\"DJI Care Refresh Card - 2-Year Plan - DJI RS 4 Pro (Combo) - koningdrone.be\",\"isPartOf\":{\"@id\":\"https:\/\/koningdrone.be\/#website\"},\"primaryImageOfPage\":{\"@id\":\"https:\/\/koningdrone.be\/product\/dji-care-refresh-card-2-year-plan-dji-rs-4-pro-combo\/#primaryimage\"},\"image\":{\"@id\":\"https:\/\/koningdrone.be\/product\/dji-care-refresh-card-2-year-plan-dji-rs-4-pro-combo\/#primaryimage\"},\"thumbnailUrl\":\"https:\/\/koningdrone.be\/wp-content\/uploads\/sites\/13\/2025\/04\/932f0305cef06675afdf1543537ddae1@ultra.jpg\",\"datePublished\":\"2024-12-04T11:14:28+00:00\",\"dateModified\":\"2026-04-29T02:10:29+00:00\",\"breadcrumb\":{\"@id\":\"https:\/\/koningdrone.be\/product\/dji-care-refresh-card-2-year-plan-dji-rs-4-pro-combo\/#breadcrumb\"},\"inLanguage\":\"de\",\"potentialAction\":[{\"@type\":\"ReadAction\",\"target\":[\"https:\/\/koningdrone.be\/product\/dji-care-refresh-card-2-year-plan-dji-rs-4-pro-combo\/\"]}]},{\"@type\":\"ImageObject\",\"inLanguage\":\"de\",\"@id\":\"https:\/\/koningdrone.be\/product\/dji-care-refresh-card-2-year-plan-dji-rs-4-pro-combo\/#primaryimage\",\"url\":\"https:\/\/koningdrone.be\/wp-content\/uploads\/sites\/13\/2025\/04\/932f0305cef06675afdf1543537ddae1@ultra.jpg\",\"contentUrl\":\"https:\/\/koningdrone.be\/wp-content\/uploads\/sites\/13\/2025\/04\/932f0305cef06675afdf1543537ddae1@ultra.jpg\",\"width\":1280,\"height\":1280},{\"@type\":\"BreadcrumbList\",\"@id\":\"https:\/\/koningdrone.be\/product\/dji-care-refresh-card-2-year-plan-dji-rs-4-pro-combo\/#breadcrumb\",\"itemListElement\":[{\"@type\":\"ListItem\",\"position\":1,\"name\":\"Home\",\"item\":\"https:\/\/koningdrone.be\/\"},{\"@type\":\"ListItem\",\"position\":2,\"name\":\"AVSS Parachute Recovery System for DJI Matrice 300\/350\",\"item\":\"https:\/\/koningdrone.be\/product\/avss-parachute-recovery-system-for-dji-matrice-300-350\/\"},{\"@type\":\"ListItem\",\"position\":3,\"name\":\"Alle care refresh\",\"item\":\"https:\/\/koningdrone.be\/categorie\/alle-care-refresh\/\"},{\"@type\":\"ListItem\",\"position\":4,\"name\":\"DJI Care Refresh Card &#8211; 2-Year Plan &#8211; DJI RS 4 Pro (Combo)\"}]},{\"@type\":\"WebSite\",\"@id\":\"https:\/\/koningdrone.be\/#website\",\"url\":\"https:\/\/koningdrone.be\/\",\"name\":\"Koningdrone.be - Uw online specialist in drones, gimbals, camera's en power stations.\",\"description\":\"De webshop in drones en gimbals\",\"publisher\":{\"@id\":\"https:\/\/koningdrone.be\/#organization\"},\"potentialAction\":[{\"@type\":\"SearchAction\",\"target\":{\"@type\":\"EntryPoint\",\"urlTemplate\":\"https:\/\/koningdrone.be\/?s={search_term_string}\"},\"query-input\":{\"@type\":\"PropertyValueSpecification\",\"valueRequired\":true,\"valueName\":\"search_term_string\"}}],\"inLanguage\":\"de\"},{\"@type\":\"Organization\",\"@id\":\"https:\/\/koningdrone.be\/#organization\",\"name\":\"Koningdrone.be\",\"url\":\"https:\/\/koningdrone.be\/\",\"logo\":{\"@type\":\"ImageObject\",\"inLanguage\":\"de\",\"@id\":\"https:\/\/koningdrone.be\/#\/schema\/logo\/image\/\",\"url\":\"https:\/\/koningdrone.be\/wp-content\/uploads\/sites\/13\/2025\/04\/koningdrone-copyright-logo.svg\",\"contentUrl\":\"https:\/\/koningdrone.be\/wp-content\/uploads\/sites\/13\/2025\/04\/koningdrone-copyright-logo.svg\",\"width\":227,\"height\":38,\"caption\":\"Koningdrone.be\"},\"image\":{\"@id\":\"https:\/\/koningdrone.be\/#\/schema\/logo\/image\/\"}}]}<\/script>\n<!-- \/ Yoast SEO Premium plugin. -->","yoast_head_json":{"title":"DJI Care Refresh Card - 2-Year Plan - DJI RS 4 Pro (Combo) - koningdrone.be","robots":{"index":"index","follow":"follow","max-snippet":"max-snippet:-1","max-image-preview":"max-image-preview:large","max-video-preview":"max-video-preview:-1"},"canonical":"https:\/\/koningdrone.be\/de\/produkt\/dji-care-refresh-card-2-year-plan-dji-rs-4-pro-combo\/","og_locale":"de_DE","og_type":"article","og_title":"DJI Care Refresh Card - 2-Year Plan - DJI RS 4 Pro (Combo)","og_description":"Het 2-jarenplan breidt de bescherming voor je DJI RS 4 Pro (Combo) uit en dekt onopzettelijke schade.Profiteer van maximaal drie vervangingen binnen twee jaar voor een minimaal extra bedrag.Met dit plan heb je langdurige gemoedsrust en ondersteuning voor je filmapparatuur.","og_url":"https:\/\/koningdrone.be\/de\/produkt\/dji-care-refresh-card-2-year-plan-dji-rs-4-pro-combo\/","og_site_name":"koningdrone.be","article_modified_time":"2026-04-29T02:10:29+00:00","og_image":[{"width":1280,"height":1280,"url":"https:\/\/koningdrone.be\/wp-content\/uploads\/sites\/13\/2025\/04\/932f0305cef06675afdf1543537ddae1@ultra.jpg","type":"image\/jpeg"}],"twitter_card":"summary_large_image","schema":{"@context":"https:\/\/schema.org","@graph":[{"@type":"WebPage","@id":"https:\/\/koningdrone.be\/product\/dji-care-refresh-card-2-year-plan-dji-rs-4-pro-combo\/","url":"https:\/\/koningdrone.be\/product\/dji-care-refresh-card-2-year-plan-dji-rs-4-pro-combo\/","name":"DJI Care Refresh Card - 2-Year Plan - DJI RS 4 Pro (Combo) - koningdrone.be","isPartOf":{"@id":"https:\/\/koningdrone.be\/#website"},"primaryImageOfPage":{"@id":"https:\/\/koningdrone.be\/product\/dji-care-refresh-card-2-year-plan-dji-rs-4-pro-combo\/#primaryimage"},"image":{"@id":"https:\/\/koningdrone.be\/product\/dji-care-refresh-card-2-year-plan-dji-rs-4-pro-combo\/#primaryimage"},"thumbnailUrl":"https:\/\/koningdrone.be\/wp-content\/uploads\/sites\/13\/2025\/04\/932f0305cef06675afdf1543537ddae1@ultra.jpg","datePublished":"2024-12-04T11:14:28+00:00","dateModified":"2026-04-29T02:10:29+00:00","breadcrumb":{"@id":"https:\/\/koningdrone.be\/product\/dji-care-refresh-card-2-year-plan-dji-rs-4-pro-combo\/#breadcrumb"},"inLanguage":"de","potentialAction":[{"@type":"ReadAction","target":["https:\/\/koningdrone.be\/product\/dji-care-refresh-card-2-year-plan-dji-rs-4-pro-combo\/"]}]},{"@type":"ImageObject","inLanguage":"de","@id":"https:\/\/koningdrone.be\/product\/dji-care-refresh-card-2-year-plan-dji-rs-4-pro-combo\/#primaryimage","url":"https:\/\/koningdrone.be\/wp-content\/uploads\/sites\/13\/2025\/04\/932f0305cef06675afdf1543537ddae1@ultra.jpg","contentUrl":"https:\/\/koningdrone.be\/wp-content\/uploads\/sites\/13\/2025\/04\/932f0305cef06675afdf1543537ddae1@ultra.jpg","width":1280,"height":1280},{"@type":"BreadcrumbList","@id":"https:\/\/koningdrone.be\/product\/dji-care-refresh-card-2-year-plan-dji-rs-4-pro-combo\/#breadcrumb","itemListElement":[{"@type":"ListItem","position":1,"name":"Home","item":"https:\/\/koningdrone.be\/"},{"@type":"ListItem","position":2,"name":"AVSS Parachute Recovery System for DJI Matrice 300\/350","item":"https:\/\/koningdrone.be\/product\/avss-parachute-recovery-system-for-dji-matrice-300-350\/"},{"@type":"ListItem","position":3,"name":"Alle care refresh","item":"https:\/\/koningdrone.be\/categorie\/alle-care-refresh\/"},{"@type":"ListItem","position":4,"name":"DJI Care Refresh Card &#8211; 2-Year Plan &#8211; DJI RS 4 Pro (Combo)"}]},{"@type":"WebSite","@id":"https:\/\/koningdrone.be\/#website","url":"https:\/\/koningdrone.be\/","name":"Koningdrone.be - Ihr Online-Spezialist f\u00fcr Drohnen, Gimbals, Kameras und Kraftwerke.","description":"Der Webshop f\u00fcr Drohnen und Gimbals","publisher":{"@id":"https:\/\/koningdrone.be\/#organization"},"potentialAction":[{"@type":"SearchAction","target":{"@type":"EntryPoint","urlTemplate":"https:\/\/koningdrone.be\/?s={search_term_string}"},"query-input":{"@type":"PropertyValueSpecification","valueRequired":true,"valueName":"search_term_string"}}],"inLanguage":"de"},{"@type":"Organization","@id":"https:\/\/koningdrone.be\/#organization","name":"Kingdrone.de","url":"https:\/\/koningdrone.be\/","logo":{"@type":"ImageObject","inLanguage":"de","@id":"https:\/\/koningdrone.be\/#\/schema\/logo\/image\/","url":"https:\/\/koningdrone.be\/wp-content\/uploads\/sites\/13\/2025\/04\/koningdrone-copyright-logo.svg","contentUrl":"https:\/\/koningdrone.be\/wp-content\/uploads\/sites\/13\/2025\/04\/koningdrone-copyright-logo.svg","width":227,"height":38,"caption":"Koningdrone.be"},"image":{"@id":"https:\/\/koningdrone.be\/#\/schema\/logo\/image\/"}}]}},"df_price":133,"df_sale_price":"","df_regular_price":133,"df_image_link":"https:\/\/koningdrone.be\/wp-content\/uploads\/sites\/13\/2025\/04\/932f0305cef06675afdf1543537ddae1@ultra-300x300.jpg","_links":{"self":[{"href":"https:\/\/koningdrone.be\/de\/wp-json\/wp\/v2\/product\/1666","targetHints":{"allow":["GET"]}}],"collection":[{"href":"https:\/\/koningdrone.be\/de\/wp-json\/wp\/v2\/product"}],"about":[{"href":"https:\/\/koningdrone.be\/de\/wp-json\/wp\/v2\/types\/product"}],"wp:featuredmedia":[{"embeddable":true,"href":"https:\/\/koningdrone.be\/de\/wp-json\/wp\/v2\/media\/1654"}],"wp:attachment":[{"href":"https:\/\/koningdrone.be\/de\/wp-json\/wp\/v2\/media?parent=1666"}],"wp:term":[{"taxonomy":"product_brand","embeddable":true,"href":"https:\/\/koningdrone.be\/de\/wp-json\/wp\/v2\/product_brand?post=1666"},{"taxonomy":"product_cat","embeddable":true,"href":"https:\/\/koningdrone.be\/de\/wp-json\/wp\/v2\/product_cat?post=1666"},{"taxonomy":"product_tag","embeddable":true,"href":"https:\/\/koningdrone.be\/de\/wp-json\/wp\/v2\/product_tag?post=1666"}],"curies":[{"name":"wp","href":"https:\/\/api.w.org\/{rel}","templated":true}]}}