{"id":1635,"date":"2024-12-04T12:14:28","date_gmt":"2024-12-04T11:14:28","guid":{"rendered":"https:\/\/koningdrone.nl\/kon\/product\/icom-ic-a120e-vhf-air-band-transceiver\/"},"modified":"2026-04-30T15:40:28","modified_gmt":"2026-04-30T13:40:28","slug":"icom-ic-a120e-vhf-air-band-transceiver","status":"publish","type":"product","link":"https:\/\/koningdrone.be\/de\/produkt\/icom-ic-a120e-vhf-air-band-transceiver\/","title":{"rendered":"Icom IC-A120E VHF-Luftband-Sender\/Empf\u00e4nger"},"content":{"rendered":"<p>Der Icom IC-A120E ist ein leistungsstarker UKW-Luftfunk-Transceiver mit 36 W HF-Ausgang, der f\u00fcr den Einsatz in der Luftfahrt konzipiert wurde. Es verf\u00fcgt \u00fcber ein volles Punktmatrix-LCD-Display f\u00fcr eine klare Ablesung und unterst\u00fctzt 200 Speicherkan\u00e4le. Ausgestattet mit aktiver Rauschunterdr\u00fcckung (ANC) und einem automatischen Rauschbegrenzer (ANL) sorgt es f\u00fcr klare Kommunikation in lauten Umgebungen. Das Ger\u00e4t ist nach IP54 staub- und wasserdicht und damit auch f\u00fcr raue Umgebungen geeignet.<\/p>","protected":false},"excerpt":{"rendered":"<ul>\n<li>Das Icom IC-A120E bietet klare Luftfahrtkommunikation mit fortschrittlichen Rauschunterdr\u00fcckungsfunktionen.<\/li>\n<li>Es unterst\u00fctzt Bluetooth f\u00fcr kabellose Headset-Verbindungen, was die Flexibilit\u00e4t erh\u00f6ht.<\/li>\n<li>Das Ger\u00e4t hat die Schutzart IP54 und ist somit auch unter rauen Bedingungen im Freien einsetzbar.<\/li>\n<li>Ein Dot-Matrix-LCD bietet einfachen Zugang zu den Einstellungen und eine gute Sichtbarkeit.<\/li>\n<li>Der IC-A120E ist sowohl mit 12- als auch mit 24-Volt-Systemen kompatibel und daher vielseitig einsetzbar.<\/li>\n<\/ul>","protected":false},"featured_media":0,"template":"","meta":{"_acf_changed":false},"product_brand":[],"product_cat":[97,206,250],"product_tag":[],"class_list":{"0":"post-1635","1":"product","2":"type-product","3":"status-publish","5":"product_cat-alle-producten","6":"product_cat-communicatie","7":"product_cat-icom","8":"product_shipping_class-outofstock","9":"pa_brand-icom","10":"pa_producttype-luchtbandontvanger","12":"first","13":"outofstock","14":"taxable","15":"shipping-taxable","16":"purchasable","17":"product-type-simple"},"acf":[],"yoast_head":"<!-- This site is optimized with the Yoast SEO Premium plugin v27.2 (Yoast SEO v27.2) - https:\/\/yoast.com\/product\/yoast-seo-premium-wordpress\/ -->\n<title>Icom IC-A120E VHF Air Band Transceiver - koningdrone.be<\/title>\n<meta name=\"robots\" content=\"index, follow, max-snippet:-1, max-image-preview:large, max-video-preview:-1\" \/>\n<link rel=\"canonical\" href=\"https:\/\/koningdrone.be\/de\/produkt\/icom-ic-a120e-vhf-air-band-transceiver\/\" \/>\n<meta property=\"og:locale\" content=\"de_DE\" \/>\n<meta property=\"og:type\" content=\"article\" \/>\n<meta property=\"og:title\" content=\"Icom IC-A120E VHF Air Band Transceiver\" \/>\n<meta property=\"og:description\" content=\"De Icom IC-A120E biedt heldere communicatie in de luchtvaart met geavanceerde ruisonderdrukkende functies.Hij ondersteunt Bluetooth voor draadloze headset-verbindingen, wat de flexibiliteit verhoogt.Het toestel heeft een IP54-classificatie, wat duurzaamheid garandeert in zware omstandigheden buitenshuis.Een volledig dot-matrix LCD-scherm biedt eenvoudige toegang tot instellingen en zichtbaarheid.De IC-A120E is compatibel met zowel 12V als 24V systemen voor veelzijdig gebruik.\" \/>\n<meta property=\"og:url\" content=\"https:\/\/koningdrone.be\/de\/produkt\/icom-ic-a120e-vhf-air-band-transceiver\/\" \/>\n<meta property=\"og:site_name\" content=\"koningdrone.be\" \/>\n<meta property=\"article:modified_time\" content=\"2026-04-30T13:40:28+00:00\" \/>\n<meta name=\"twitter:card\" content=\"summary_large_image\" \/>\n<script type=\"application\/ld+json\" class=\"yoast-schema-graph\">{\"@context\":\"https:\/\/schema.org\",\"@graph\":[{\"@type\":\"WebPage\",\"@id\":\"https:\/\/koningdrone.be\/product\/icom-ic-a120e-vhf-air-band-transceiver\/\",\"url\":\"https:\/\/koningdrone.be\/product\/icom-ic-a120e-vhf-air-band-transceiver\/\",\"name\":\"Icom IC-A120E VHF Air Band Transceiver - koningdrone.be\",\"isPartOf\":{\"@id\":\"https:\/\/koningdrone.be\/#website\"},\"datePublished\":\"2024-12-04T11:14:28+00:00\",\"dateModified\":\"2026-04-30T13:40:28+00:00\",\"breadcrumb\":{\"@id\":\"https:\/\/koningdrone.be\/product\/icom-ic-a120e-vhf-air-band-transceiver\/#breadcrumb\"},\"inLanguage\":\"de\",\"potentialAction\":[{\"@type\":\"ReadAction\",\"target\":[\"https:\/\/koningdrone.be\/product\/icom-ic-a120e-vhf-air-band-transceiver\/\"]}]},{\"@type\":\"BreadcrumbList\",\"@id\":\"https:\/\/koningdrone.be\/product\/icom-ic-a120e-vhf-air-band-transceiver\/#breadcrumb\",\"itemListElement\":[{\"@type\":\"ListItem\",\"position\":1,\"name\":\"Home\",\"item\":\"https:\/\/koningdrone.be\/\"},{\"@type\":\"ListItem\",\"position\":2,\"name\":\"AVSS Parachute Recovery System for DJI Matrice 300\/350\",\"item\":\"https:\/\/koningdrone.be\/product\/avss-parachute-recovery-system-for-dji-matrice-300-350\/\"},{\"@type\":\"ListItem\",\"position\":3,\"name\":\"Alle producten\",\"item\":\"https:\/\/koningdrone.be\/categorie\/alle-producten\/\"},{\"@type\":\"ListItem\",\"position\":4,\"name\":\"Icom IC-A120E VHF Air Band Transceiver\"}]},{\"@type\":\"WebSite\",\"@id\":\"https:\/\/koningdrone.be\/#website\",\"url\":\"https:\/\/koningdrone.be\/\",\"name\":\"Koningdrone.be - Uw online specialist in drones, gimbals, camera's en power stations.\",\"description\":\"De webshop in drones en gimbals\",\"publisher\":{\"@id\":\"https:\/\/koningdrone.be\/#organization\"},\"potentialAction\":[{\"@type\":\"SearchAction\",\"target\":{\"@type\":\"EntryPoint\",\"urlTemplate\":\"https:\/\/koningdrone.be\/?s={search_term_string}\"},\"query-input\":{\"@type\":\"PropertyValueSpecification\",\"valueRequired\":true,\"valueName\":\"search_term_string\"}}],\"inLanguage\":\"de\"},{\"@type\":\"Organization\",\"@id\":\"https:\/\/koningdrone.be\/#organization\",\"name\":\"Koningdrone.be\",\"url\":\"https:\/\/koningdrone.be\/\",\"logo\":{\"@type\":\"ImageObject\",\"inLanguage\":\"de\",\"@id\":\"https:\/\/koningdrone.be\/#\/schema\/logo\/image\/\",\"url\":\"https:\/\/koningdrone.be\/wp-content\/uploads\/sites\/13\/2025\/04\/koningdrone-copyright-logo.svg\",\"contentUrl\":\"https:\/\/koningdrone.be\/wp-content\/uploads\/sites\/13\/2025\/04\/koningdrone-copyright-logo.svg\",\"width\":227,\"height\":38,\"caption\":\"Koningdrone.be\"},\"image\":{\"@id\":\"https:\/\/koningdrone.be\/#\/schema\/logo\/image\/\"}}]}<\/script>\n<!-- \/ Yoast SEO Premium plugin. -->","yoast_head_json":{"title":"Icom IC-A120E VHF Air Band Transceiver - koningdrone.be","robots":{"index":"index","follow":"follow","max-snippet":"max-snippet:-1","max-image-preview":"max-image-preview:large","max-video-preview":"max-video-preview:-1"},"canonical":"https:\/\/koningdrone.be\/de\/produkt\/icom-ic-a120e-vhf-air-band-transceiver\/","og_locale":"de_DE","og_type":"article","og_title":"Icom IC-A120E VHF Air Band Transceiver","og_description":"De Icom IC-A120E biedt heldere communicatie in de luchtvaart met geavanceerde ruisonderdrukkende functies.Hij ondersteunt Bluetooth voor draadloze headset-verbindingen, wat de flexibiliteit verhoogt.Het toestel heeft een IP54-classificatie, wat duurzaamheid garandeert in zware omstandigheden buitenshuis.Een volledig dot-matrix LCD-scherm biedt eenvoudige toegang tot instellingen en zichtbaarheid.De IC-A120E is compatibel met zowel 12V als 24V systemen voor veelzijdig gebruik.","og_url":"https:\/\/koningdrone.be\/de\/produkt\/icom-ic-a120e-vhf-air-band-transceiver\/","og_site_name":"koningdrone.be","article_modified_time":"2026-04-30T13:40:28+00:00","twitter_card":"summary_large_image","schema":{"@context":"https:\/\/schema.org","@graph":[{"@type":"WebPage","@id":"https:\/\/koningdrone.be\/product\/icom-ic-a120e-vhf-air-band-transceiver\/","url":"https:\/\/koningdrone.be\/product\/icom-ic-a120e-vhf-air-band-transceiver\/","name":"Icom IC-A120E VHF Air Band Transceiver - koningdrone.be","isPartOf":{"@id":"https:\/\/koningdrone.be\/#website"},"datePublished":"2024-12-04T11:14:28+00:00","dateModified":"2026-04-30T13:40:28+00:00","breadcrumb":{"@id":"https:\/\/koningdrone.be\/product\/icom-ic-a120e-vhf-air-band-transceiver\/#breadcrumb"},"inLanguage":"de","potentialAction":[{"@type":"ReadAction","target":["https:\/\/koningdrone.be\/product\/icom-ic-a120e-vhf-air-band-transceiver\/"]}]},{"@type":"BreadcrumbList","@id":"https:\/\/koningdrone.be\/product\/icom-ic-a120e-vhf-air-band-transceiver\/#breadcrumb","itemListElement":[{"@type":"ListItem","position":1,"name":"Home","item":"https:\/\/koningdrone.be\/"},{"@type":"ListItem","position":2,"name":"AVSS Parachute Recovery System for DJI Matrice 300\/350","item":"https:\/\/koningdrone.be\/product\/avss-parachute-recovery-system-for-dji-matrice-300-350\/"},{"@type":"ListItem","position":3,"name":"Alle producten","item":"https:\/\/koningdrone.be\/categorie\/alle-producten\/"},{"@type":"ListItem","position":4,"name":"Icom IC-A120E VHF Air Band Transceiver"}]},{"@type":"WebSite","@id":"https:\/\/koningdrone.be\/#website","url":"https:\/\/koningdrone.be\/","name":"Koningdrone.be - Ihr Online-Spezialist f\u00fcr Drohnen, Gimbals, Kameras und Kraftwerke.","description":"Der Webshop f\u00fcr Drohnen und Gimbals","publisher":{"@id":"https:\/\/koningdrone.be\/#organization"},"potentialAction":[{"@type":"SearchAction","target":{"@type":"EntryPoint","urlTemplate":"https:\/\/koningdrone.be\/?s={search_term_string}"},"query-input":{"@type":"PropertyValueSpecification","valueRequired":true,"valueName":"search_term_string"}}],"inLanguage":"de"},{"@type":"Organization","@id":"https:\/\/koningdrone.be\/#organization","name":"Kingdrone.de","url":"https:\/\/koningdrone.be\/","logo":{"@type":"ImageObject","inLanguage":"de","@id":"https:\/\/koningdrone.be\/#\/schema\/logo\/image\/","url":"https:\/\/koningdrone.be\/wp-content\/uploads\/sites\/13\/2025\/04\/koningdrone-copyright-logo.svg","contentUrl":"https:\/\/koningdrone.be\/wp-content\/uploads\/sites\/13\/2025\/04\/koningdrone-copyright-logo.svg","width":227,"height":38,"caption":"Koningdrone.be"},"image":{"@id":"https:\/\/koningdrone.be\/#\/schema\/logo\/image\/"}}]}},"df_price":1249,"df_sale_price":"","df_regular_price":1249,"df_image_link":"https:\/\/koningdrone.be\/wp-content\/uploads\/sites\/13\/woocommerce-placeholder-300x300.png","_links":{"self":[{"href":"https:\/\/koningdrone.be\/de\/wp-json\/wp\/v2\/product\/1635","targetHints":{"allow":["GET"]}}],"collection":[{"href":"https:\/\/koningdrone.be\/de\/wp-json\/wp\/v2\/product"}],"about":[{"href":"https:\/\/koningdrone.be\/de\/wp-json\/wp\/v2\/types\/product"}],"wp:attachment":[{"href":"https:\/\/koningdrone.be\/de\/wp-json\/wp\/v2\/media?parent=1635"}],"wp:term":[{"taxonomy":"product_brand","embeddable":true,"href":"https:\/\/koningdrone.be\/de\/wp-json\/wp\/v2\/product_brand?post=1635"},{"taxonomy":"product_cat","embeddable":true,"href":"https:\/\/koningdrone.be\/de\/wp-json\/wp\/v2\/product_cat?post=1635"},{"taxonomy":"product_tag","embeddable":true,"href":"https:\/\/koningdrone.be\/de\/wp-json\/wp\/v2\/product_tag?post=1635"}],"curies":[{"name":"wp","href":"https:\/\/api.w.org\/{rel}","templated":true}]}}