{"id":1634,"date":"2024-12-04T12:14:28","date_gmt":"2024-12-04T11:14:28","guid":{"rendered":"https:\/\/koningdrone.nl\/kon\/product\/ecoflow-delta-pro-3-ev-stream-adapter\/"},"modified":"2026-04-29T16:50:19","modified_gmt":"2026-04-29T14:50:19","slug":"ecoflow-delta-pro-3-ev-stream-adapter","status":"publish","type":"product","link":"https:\/\/koningdrone.be\/de\/produkt\/ecoflow-delta-pro-3-ev-stream-adapter\/","title":{"rendered":"EcoFlow Delta Pro 3 EV Stromadapter"},"content":{"rendered":"<p>Der EcoFlow Delta Pro 3 EV Stream Adapter ist ein vielseitiges Zubeh\u00f6r, das die M\u00f6glichkeiten der tragbaren EcoFlow Delta Pro Stromtankstelle erweitert. Er erm\u00f6glicht das Aufladen von Elektrofahrzeugen (EVs), indem er an den EV-Ladeanschluss angeschlossen wird, und bietet so eine bequeme und mobile L\u00f6sung f\u00fcr EV-Besitzer, die unterwegs sind. Mit seiner hohen Leistung sorgt der Adapter f\u00fcr effizientes und zuverl\u00e4ssiges Laden und ist damit ideal f\u00fcr unterwegs oder in Notsituationen, wenn herk\u00f6mmliche Ladestationen nicht verf\u00fcgbar sind. Dieser Adapter passt perfekt zu den robusten Stromsystemen von EcoFlow und erweitert die Ladem\u00f6glichkeiten f\u00fcr Elektrofahrzeuge.<\/p>","protected":false},"excerpt":{"rendered":"<ul>\n<li>Der EcoFlow Delta Pro 3 EV Stream Adapter erm\u00f6glicht das Laden von Elektrofahrzeugen unterwegs.<\/li>\n<li>Sie erweitert die EcoFlow Delta Pro-Station um die M\u00f6glichkeit zum Laden von Elektrofahrzeugen.<\/li>\n<li>Der Adapter ist einfach zu bedienen und verf\u00fcgt \u00fcber schnelle Anschl\u00fcsse.<\/li>\n<li>Ideal f\u00fcr unterwegs oder in Notf\u00e4llen mit begrenzten Ladem\u00f6glichkeiten.<\/li>\n<li>Es bietet eine zuverl\u00e4ssige Stromversorgung f\u00fcr E-Fahrzeuge an abgelegenen Orten.<\/li>\n<\/ul>","protected":false},"featured_media":1632,"template":"","meta":{"_acf_changed":false},"product_brand":[],"product_cat":[244,97,245],"product_tag":[],"class_list":{"0":"post-1634","1":"product","2":"type-product","3":"status-publish","4":"has-post-thumbnail","6":"product_cat-alle-kabels","7":"product_cat-alle-producten","8":"product_cat-ecoflow","9":"product_shipping_class-outofstock","10":"pa_brand-ecoflow","11":"pa_producttype-stream-adapter","12":"pa_series-delta-pro-3","14":"first","15":"outofstock","16":"taxable","17":"shipping-taxable","18":"purchasable","19":"product-type-simple"},"acf":[],"yoast_head":"<!-- This site is optimized with the Yoast SEO Premium plugin v27.2 (Yoast SEO v27.2) - https:\/\/yoast.com\/product\/yoast-seo-premium-wordpress\/ -->\n<title>EcoFlow Delta Pro 3 EV stream adapter - koningdrone.be<\/title>\n<meta name=\"robots\" content=\"index, follow, max-snippet:-1, max-image-preview:large, max-video-preview:-1\" \/>\n<link rel=\"canonical\" href=\"https:\/\/koningdrone.be\/de\/produkt\/ecoflow-delta-pro-3-ev-stream-adapter\/\" \/>\n<meta property=\"og:locale\" content=\"de_DE\" \/>\n<meta property=\"og:type\" content=\"article\" \/>\n<meta property=\"og:title\" content=\"EcoFlow Delta Pro 3 EV stream adapter\" \/>\n<meta property=\"og:description\" content=\"De EcoFlow Delta Pro 3 EV Stream Adapter maakt het mogelijk om EV onderweg op te laden.Het voegt EV-oplaadmogelijkheden toe aan het EcoFlow Delta Pro-station.De adapter is eenvoudig te gebruiken met snelle aansluitingen.Ideaal voor onderweg of in noodgevallen met beperkte oplaadmogelijkheden.Hij biedt betrouwbare stroom voor EV&#039;s op afgelegen locaties.\" \/>\n<meta property=\"og:url\" content=\"https:\/\/koningdrone.be\/de\/produkt\/ecoflow-delta-pro-3-ev-stream-adapter\/\" \/>\n<meta property=\"og:site_name\" content=\"koningdrone.be\" \/>\n<meta property=\"article:modified_time\" content=\"2026-04-29T14:50:19+00:00\" \/>\n<meta property=\"og:image\" content=\"https:\/\/koningdrone.be\/wp-content\/uploads\/sites\/13\/2025\/04\/ecoflow-ecoflow-ev-x-stream-adapter-delta-pro-ultra-30641339859017_2000x.png\" \/>\n\t<meta property=\"og:image:width\" content=\"1500\" \/>\n\t<meta property=\"og:image:height\" content=\"1500\" \/>\n\t<meta property=\"og:image:type\" content=\"image\/png\" \/>\n<meta name=\"twitter:card\" content=\"summary_large_image\" \/>\n<meta name=\"twitter:label1\" content=\"Gesch\u00e4tzte Lesezeit\" \/>\n\t<meta name=\"twitter:data1\" content=\"1\u00a0Minute\" \/>\n<script type=\"application\/ld+json\" class=\"yoast-schema-graph\">{\"@context\":\"https:\/\/schema.org\",\"@graph\":[{\"@type\":\"WebPage\",\"@id\":\"https:\/\/koningdrone.be\/product\/ecoflow-delta-pro-3-ev-stream-adapter\/\",\"url\":\"https:\/\/koningdrone.be\/product\/ecoflow-delta-pro-3-ev-stream-adapter\/\",\"name\":\"EcoFlow Delta Pro 3 EV stream adapter - koningdrone.be\",\"isPartOf\":{\"@id\":\"https:\/\/koningdrone.be\/#website\"},\"primaryImageOfPage\":{\"@id\":\"https:\/\/koningdrone.be\/product\/ecoflow-delta-pro-3-ev-stream-adapter\/#primaryimage\"},\"image\":{\"@id\":\"https:\/\/koningdrone.be\/product\/ecoflow-delta-pro-3-ev-stream-adapter\/#primaryimage\"},\"thumbnailUrl\":\"https:\/\/koningdrone.be\/wp-content\/uploads\/sites\/13\/2025\/04\/ecoflow-ecoflow-ev-x-stream-adapter-delta-pro-ultra-30641339859017_2000x.png\",\"datePublished\":\"2024-12-04T11:14:28+00:00\",\"dateModified\":\"2026-04-29T14:50:19+00:00\",\"breadcrumb\":{\"@id\":\"https:\/\/koningdrone.be\/product\/ecoflow-delta-pro-3-ev-stream-adapter\/#breadcrumb\"},\"inLanguage\":\"de\",\"potentialAction\":[{\"@type\":\"ReadAction\",\"target\":[\"https:\/\/koningdrone.be\/product\/ecoflow-delta-pro-3-ev-stream-adapter\/\"]}]},{\"@type\":\"ImageObject\",\"inLanguage\":\"de\",\"@id\":\"https:\/\/koningdrone.be\/product\/ecoflow-delta-pro-3-ev-stream-adapter\/#primaryimage\",\"url\":\"https:\/\/koningdrone.be\/wp-content\/uploads\/sites\/13\/2025\/04\/ecoflow-ecoflow-ev-x-stream-adapter-delta-pro-ultra-30641339859017_2000x.png\",\"contentUrl\":\"https:\/\/koningdrone.be\/wp-content\/uploads\/sites\/13\/2025\/04\/ecoflow-ecoflow-ev-x-stream-adapter-delta-pro-ultra-30641339859017_2000x.png\",\"width\":1500,\"height\":1500},{\"@type\":\"BreadcrumbList\",\"@id\":\"https:\/\/koningdrone.be\/product\/ecoflow-delta-pro-3-ev-stream-adapter\/#breadcrumb\",\"itemListElement\":[{\"@type\":\"ListItem\",\"position\":1,\"name\":\"Home\",\"item\":\"https:\/\/koningdrone.be\/\"},{\"@type\":\"ListItem\",\"position\":2,\"name\":\"AVSS Parachute Recovery System for DJI Matrice 300\/350\",\"item\":\"https:\/\/koningdrone.be\/product\/avss-parachute-recovery-system-for-dji-matrice-300-350\/\"},{\"@type\":\"ListItem\",\"position\":3,\"name\":\"Alle kabels\",\"item\":\"https:\/\/koningdrone.be\/categorie\/alle-kabels\/\"},{\"@type\":\"ListItem\",\"position\":4,\"name\":\"EcoFlow Delta Pro 3 EV stream adapter\"}]},{\"@type\":\"WebSite\",\"@id\":\"https:\/\/koningdrone.be\/#website\",\"url\":\"https:\/\/koningdrone.be\/\",\"name\":\"Koningdrone.be - Uw online specialist in drones, gimbals, camera's en power stations.\",\"description\":\"De webshop in drones en gimbals\",\"publisher\":{\"@id\":\"https:\/\/koningdrone.be\/#organization\"},\"potentialAction\":[{\"@type\":\"SearchAction\",\"target\":{\"@type\":\"EntryPoint\",\"urlTemplate\":\"https:\/\/koningdrone.be\/?s={search_term_string}\"},\"query-input\":{\"@type\":\"PropertyValueSpecification\",\"valueRequired\":true,\"valueName\":\"search_term_string\"}}],\"inLanguage\":\"de\"},{\"@type\":\"Organization\",\"@id\":\"https:\/\/koningdrone.be\/#organization\",\"name\":\"Koningdrone.be\",\"url\":\"https:\/\/koningdrone.be\/\",\"logo\":{\"@type\":\"ImageObject\",\"inLanguage\":\"de\",\"@id\":\"https:\/\/koningdrone.be\/#\/schema\/logo\/image\/\",\"url\":\"https:\/\/koningdrone.be\/wp-content\/uploads\/sites\/13\/2025\/04\/koningdrone-copyright-logo.svg\",\"contentUrl\":\"https:\/\/koningdrone.be\/wp-content\/uploads\/sites\/13\/2025\/04\/koningdrone-copyright-logo.svg\",\"width\":227,\"height\":38,\"caption\":\"Koningdrone.be\"},\"image\":{\"@id\":\"https:\/\/koningdrone.be\/#\/schema\/logo\/image\/\"}}]}<\/script>\n<!-- \/ Yoast SEO Premium plugin. -->","yoast_head_json":{"title":"EcoFlow Delta Pro 3 EV stream adapter - koningdrone.be","robots":{"index":"index","follow":"follow","max-snippet":"max-snippet:-1","max-image-preview":"max-image-preview:large","max-video-preview":"max-video-preview:-1"},"canonical":"https:\/\/koningdrone.be\/de\/produkt\/ecoflow-delta-pro-3-ev-stream-adapter\/","og_locale":"de_DE","og_type":"article","og_title":"EcoFlow Delta Pro 3 EV stream adapter","og_description":"De EcoFlow Delta Pro 3 EV Stream Adapter maakt het mogelijk om EV onderweg op te laden.Het voegt EV-oplaadmogelijkheden toe aan het EcoFlow Delta Pro-station.De adapter is eenvoudig te gebruiken met snelle aansluitingen.Ideaal voor onderweg of in noodgevallen met beperkte oplaadmogelijkheden.Hij biedt betrouwbare stroom voor EV's op afgelegen locaties.","og_url":"https:\/\/koningdrone.be\/de\/produkt\/ecoflow-delta-pro-3-ev-stream-adapter\/","og_site_name":"koningdrone.be","article_modified_time":"2026-04-29T14:50:19+00:00","og_image":[{"width":1500,"height":1500,"url":"https:\/\/koningdrone.be\/wp-content\/uploads\/sites\/13\/2025\/04\/ecoflow-ecoflow-ev-x-stream-adapter-delta-pro-ultra-30641339859017_2000x.png","type":"image\/png"}],"twitter_card":"summary_large_image","twitter_misc":{"Gesch\u00e4tzte Lesezeit":"1\u00a0Minute"},"schema":{"@context":"https:\/\/schema.org","@graph":[{"@type":"WebPage","@id":"https:\/\/koningdrone.be\/product\/ecoflow-delta-pro-3-ev-stream-adapter\/","url":"https:\/\/koningdrone.be\/product\/ecoflow-delta-pro-3-ev-stream-adapter\/","name":"EcoFlow Delta Pro 3 EV stream adapter - koningdrone.be","isPartOf":{"@id":"https:\/\/koningdrone.be\/#website"},"primaryImageOfPage":{"@id":"https:\/\/koningdrone.be\/product\/ecoflow-delta-pro-3-ev-stream-adapter\/#primaryimage"},"image":{"@id":"https:\/\/koningdrone.be\/product\/ecoflow-delta-pro-3-ev-stream-adapter\/#primaryimage"},"thumbnailUrl":"https:\/\/koningdrone.be\/wp-content\/uploads\/sites\/13\/2025\/04\/ecoflow-ecoflow-ev-x-stream-adapter-delta-pro-ultra-30641339859017_2000x.png","datePublished":"2024-12-04T11:14:28+00:00","dateModified":"2026-04-29T14:50:19+00:00","breadcrumb":{"@id":"https:\/\/koningdrone.be\/product\/ecoflow-delta-pro-3-ev-stream-adapter\/#breadcrumb"},"inLanguage":"de","potentialAction":[{"@type":"ReadAction","target":["https:\/\/koningdrone.be\/product\/ecoflow-delta-pro-3-ev-stream-adapter\/"]}]},{"@type":"ImageObject","inLanguage":"de","@id":"https:\/\/koningdrone.be\/product\/ecoflow-delta-pro-3-ev-stream-adapter\/#primaryimage","url":"https:\/\/koningdrone.be\/wp-content\/uploads\/sites\/13\/2025\/04\/ecoflow-ecoflow-ev-x-stream-adapter-delta-pro-ultra-30641339859017_2000x.png","contentUrl":"https:\/\/koningdrone.be\/wp-content\/uploads\/sites\/13\/2025\/04\/ecoflow-ecoflow-ev-x-stream-adapter-delta-pro-ultra-30641339859017_2000x.png","width":1500,"height":1500},{"@type":"BreadcrumbList","@id":"https:\/\/koningdrone.be\/product\/ecoflow-delta-pro-3-ev-stream-adapter\/#breadcrumb","itemListElement":[{"@type":"ListItem","position":1,"name":"Home","item":"https:\/\/koningdrone.be\/"},{"@type":"ListItem","position":2,"name":"AVSS Parachute Recovery System for DJI Matrice 300\/350","item":"https:\/\/koningdrone.be\/product\/avss-parachute-recovery-system-for-dji-matrice-300-350\/"},{"@type":"ListItem","position":3,"name":"Alle kabels","item":"https:\/\/koningdrone.be\/categorie\/alle-kabels\/"},{"@type":"ListItem","position":4,"name":"EcoFlow Delta Pro 3 EV stream adapter"}]},{"@type":"WebSite","@id":"https:\/\/koningdrone.be\/#website","url":"https:\/\/koningdrone.be\/","name":"Koningdrone.be - Ihr Online-Spezialist f\u00fcr Drohnen, Gimbals, Kameras und Kraftwerke.","description":"Der Webshop f\u00fcr Drohnen und Gimbals","publisher":{"@id":"https:\/\/koningdrone.be\/#organization"},"potentialAction":[{"@type":"SearchAction","target":{"@type":"EntryPoint","urlTemplate":"https:\/\/koningdrone.be\/?s={search_term_string}"},"query-input":{"@type":"PropertyValueSpecification","valueRequired":true,"valueName":"search_term_string"}}],"inLanguage":"de"},{"@type":"Organization","@id":"https:\/\/koningdrone.be\/#organization","name":"Kingdrone.de","url":"https:\/\/koningdrone.be\/","logo":{"@type":"ImageObject","inLanguage":"de","@id":"https:\/\/koningdrone.be\/#\/schema\/logo\/image\/","url":"https:\/\/koningdrone.be\/wp-content\/uploads\/sites\/13\/2025\/04\/koningdrone-copyright-logo.svg","contentUrl":"https:\/\/koningdrone.be\/wp-content\/uploads\/sites\/13\/2025\/04\/koningdrone-copyright-logo.svg","width":227,"height":38,"caption":"Koningdrone.be"},"image":{"@id":"https:\/\/koningdrone.be\/#\/schema\/logo\/image\/"}}]}},"df_price":99,"df_sale_price":"","df_regular_price":99,"df_image_link":"https:\/\/koningdrone.be\/wp-content\/uploads\/sites\/13\/2025\/04\/ecoflow-ecoflow-ev-x-stream-adapter-delta-pro-ultra-30641339859017_2000x-300x300.png","_links":{"self":[{"href":"https:\/\/koningdrone.be\/de\/wp-json\/wp\/v2\/product\/1634","targetHints":{"allow":["GET"]}}],"collection":[{"href":"https:\/\/koningdrone.be\/de\/wp-json\/wp\/v2\/product"}],"about":[{"href":"https:\/\/koningdrone.be\/de\/wp-json\/wp\/v2\/types\/product"}],"wp:featuredmedia":[{"embeddable":true,"href":"https:\/\/koningdrone.be\/de\/wp-json\/wp\/v2\/media\/1632"}],"wp:attachment":[{"href":"https:\/\/koningdrone.be\/de\/wp-json\/wp\/v2\/media?parent=1634"}],"wp:term":[{"taxonomy":"product_brand","embeddable":true,"href":"https:\/\/koningdrone.be\/de\/wp-json\/wp\/v2\/product_brand?post=1634"},{"taxonomy":"product_cat","embeddable":true,"href":"https:\/\/koningdrone.be\/de\/wp-json\/wp\/v2\/product_cat?post=1634"},{"taxonomy":"product_tag","embeddable":true,"href":"https:\/\/koningdrone.be\/de\/wp-json\/wp\/v2\/product_tag?post=1634"}],"curies":[{"name":"wp","href":"https:\/\/api.w.org\/{rel}","templated":true}]}}