{"id":16184,"date":"2025-09-03T10:25:13","date_gmt":"2025-09-03T08:25:13","guid":{"rendered":"https:\/\/koningdrone.be\/product\/anker-solix-bp1600\/"},"modified":"2025-09-03T10:25:13","modified_gmt":"2025-09-03T08:25:13","slug":"anker-solix-bp1600","status":"publish","type":"product","link":"https:\/\/koningdrone.be\/de\/produkt\/anker-solix-bp1600\/","title":{"rendered":"Verankerung SOLIX BP1600"},"content":{"rendered":"<h2>Die Anker SOLIX BP1600 ist eine Erweiterungsbatterie mit hoher Kapazit\u00e4t, um die Energiespeicherung Ihres Anker SOLIX Kraftwerks zu erh\u00f6hen<\/h2>\n<p>Met 1536Wh betrouwbare LiFePO4 accucapaciteit is hij perfect voor het uitbreiden van back-up stroom tijdens stroomuitval, buitenavonturen of off-grid leven.<\/p>\n<p>Gebouwd voor duurzaamheid en veiligheid, ondersteunt de BP1600 langdurige prestaties, snel opladen en naadloze integratie met Anker&#8217;s draagbare stroomoplossingen &#8211; waardoor je gemoedsrust hebt waar betrouwbare energie nodig is..<\/p>","protected":false},"excerpt":{"rendered":"<ul>\n<li>Erweitern Sie Ihren Energiespeicher f\u00fcr eine erweiterte Unterst\u00fctzung bei Stromausf\u00e4llen oder im Au\u00dfeneinsatz.<\/li>\n<li><\/li>\n<li>Ausgestattet mit einem LiFePO4-Akku f\u00fcr erh\u00f6hte Sicherheit und Langzeitleistung.<\/li>\n<li><\/li>\n<li>Das IP65-Geh\u00e4use sch\u00fctzt vor Staub, Regen und rauen Bedingungen.<\/li>\n<li><\/li>\n<li>Nahtlose Integration mit Anker SOLIX-Systemen f\u00fcr skalierbare Energiel\u00f6sungen.<\/li>\n<li><\/li>\n<li>Mit einer 10-Jahres-Garantie f\u00fcr zuverl\u00e4ssige, langfristige Zuverl\u00e4ssigkeit.<\/li>\n<\/ul>","protected":false},"featured_media":16019,"template":"","meta":{"_acf_changed":false},"product_brand":[],"product_cat":[97,197,1701],"product_tag":[],"class_list":{"0":"post-16184","1":"product","2":"type-product","3":"status-publish","4":"has-post-thumbnail","6":"product_cat-alle-producten","7":"product_cat-anker","8":"product_cat-anker-bluetti","9":"pa_brand-anker","10":"pa_producttype-extension-battery","12":"first","13":"outofstock","14":"taxable","15":"shipping-taxable","16":"product-type-simple"},"acf":[],"yoast_head":"<!-- This site is optimized with the Yoast SEO Premium plugin v27.2 (Yoast SEO v27.2) - https:\/\/yoast.com\/product\/yoast-seo-premium-wordpress\/ -->\n<title>Anker SOLIX BP1600 - koningdrone.be<\/title>\n<meta name=\"robots\" content=\"index, follow, max-snippet:-1, max-image-preview:large, max-video-preview:-1\" \/>\n<link rel=\"canonical\" href=\"https:\/\/koningdrone.be\/de\/produkt\/anker-solix-bp1600\/\" \/>\n<meta property=\"og:locale\" content=\"de_DE\" \/>\n<meta property=\"og:type\" content=\"article\" \/>\n<meta property=\"og:title\" content=\"Anker SOLIX BP1600\" \/>\n<meta property=\"og:description\" content=\"Breidt je energieopslag uit voor uitgebreide back-up tijdens stroomuitval of gebruik buitenshuis.    Uitgerust met een LiFePO4-batterij voor verbeterde veiligheid en langdurige prestaties.    IP65-behuizing beschermt tegen stof, regen en zware omstandigheden.    Integreert naadloos met Anker SOLIX systemen voor schaalbare energie-oplossingen.    Wordt geleverd met 10 jaar garantie voor vertrouwde, langdurige betrouwbaarheid.\" \/>\n<meta property=\"og:url\" content=\"https:\/\/koningdrone.be\/de\/produkt\/anker-solix-bp1600\/\" \/>\n<meta property=\"og:site_name\" content=\"koningdrone.be\" \/>\n<meta property=\"og:image\" content=\"https:\/\/koningdrone.be\/wp-content\/uploads\/sites\/13\/2026\/01\/11_1_3840x.png\" \/>\n\t<meta property=\"og:image:width\" content=\"2000\" \/>\n\t<meta property=\"og:image:height\" content=\"2000\" \/>\n\t<meta property=\"og:image:type\" content=\"image\/png\" \/>\n<meta name=\"twitter:card\" content=\"summary_large_image\" \/>\n<script type=\"application\/ld+json\" class=\"yoast-schema-graph\">{\"@context\":\"https:\/\/schema.org\",\"@graph\":[{\"@type\":\"WebPage\",\"@id\":\"https:\/\/koningdrone.be\/en\/product\/anker-solix-bp1600\/\",\"url\":\"https:\/\/koningdrone.be\/en\/product\/anker-solix-bp1600\/\",\"name\":\"Anker SOLIX BP1600 - koningdrone.be\",\"isPartOf\":{\"@id\":\"https:\/\/koningdrone.be\/#website\"},\"primaryImageOfPage\":{\"@id\":\"https:\/\/koningdrone.be\/en\/product\/anker-solix-bp1600\/#primaryimage\"},\"image\":{\"@id\":\"https:\/\/koningdrone.be\/en\/product\/anker-solix-bp1600\/#primaryimage\"},\"thumbnailUrl\":\"https:\/\/koningdrone.be\/wp-content\/uploads\/sites\/13\/2026\/01\/11_1_3840x.png\",\"datePublished\":\"2025-09-03T08:25:13+00:00\",\"breadcrumb\":{\"@id\":\"https:\/\/koningdrone.be\/en\/product\/anker-solix-bp1600\/#breadcrumb\"},\"inLanguage\":\"de\",\"potentialAction\":[{\"@type\":\"ReadAction\",\"target\":[\"https:\/\/koningdrone.be\/en\/product\/anker-solix-bp1600\/\"]}]},{\"@type\":\"ImageObject\",\"inLanguage\":\"de\",\"@id\":\"https:\/\/koningdrone.be\/en\/product\/anker-solix-bp1600\/#primaryimage\",\"url\":\"https:\/\/koningdrone.be\/wp-content\/uploads\/sites\/13\/2026\/01\/11_1_3840x.png\",\"contentUrl\":\"https:\/\/koningdrone.be\/wp-content\/uploads\/sites\/13\/2026\/01\/11_1_3840x.png\",\"width\":2000,\"height\":2000},{\"@type\":\"BreadcrumbList\",\"@id\":\"https:\/\/koningdrone.be\/en\/product\/anker-solix-bp1600\/#breadcrumb\",\"itemListElement\":[{\"@type\":\"ListItem\",\"position\":1,\"name\":\"Home\",\"item\":\"https:\/\/koningdrone.be\/\"},{\"@type\":\"ListItem\",\"position\":2,\"name\":\"AVSS Parachute Recovery System for DJI Matrice 300\/350\",\"item\":\"https:\/\/koningdrone.be\/product\/avss-parachute-recovery-system-for-dji-matrice-300-350\/\"},{\"@type\":\"ListItem\",\"position\":3,\"name\":\"Alle producten\",\"item\":\"https:\/\/koningdrone.be\/categorie\/alle-producten\/\"},{\"@type\":\"ListItem\",\"position\":4,\"name\":\"Anker SOLIX BP1600\"}]},{\"@type\":\"WebSite\",\"@id\":\"https:\/\/koningdrone.be\/#website\",\"url\":\"https:\/\/koningdrone.be\/\",\"name\":\"Koningdrone.be - Uw online specialist in drones, gimbals, camera's en power stations.\",\"description\":\"De webshop in drones en gimbals\",\"publisher\":{\"@id\":\"https:\/\/koningdrone.be\/#organization\"},\"potentialAction\":[{\"@type\":\"SearchAction\",\"target\":{\"@type\":\"EntryPoint\",\"urlTemplate\":\"https:\/\/koningdrone.be\/?s={search_term_string}\"},\"query-input\":{\"@type\":\"PropertyValueSpecification\",\"valueRequired\":true,\"valueName\":\"search_term_string\"}}],\"inLanguage\":\"de\"},{\"@type\":\"Organization\",\"@id\":\"https:\/\/koningdrone.be\/#organization\",\"name\":\"Koningdrone.be\",\"url\":\"https:\/\/koningdrone.be\/\",\"logo\":{\"@type\":\"ImageObject\",\"inLanguage\":\"de\",\"@id\":\"https:\/\/koningdrone.be\/#\/schema\/logo\/image\/\",\"url\":\"https:\/\/koningdrone.be\/wp-content\/uploads\/sites\/13\/2025\/04\/koningdrone-copyright-logo.svg\",\"contentUrl\":\"https:\/\/koningdrone.be\/wp-content\/uploads\/sites\/13\/2025\/04\/koningdrone-copyright-logo.svg\",\"width\":227,\"height\":38,\"caption\":\"Koningdrone.be\"},\"image\":{\"@id\":\"https:\/\/koningdrone.be\/#\/schema\/logo\/image\/\"}}]}<\/script>\n<!-- \/ Yoast SEO Premium plugin. -->","yoast_head_json":{"title":"Anker SOLIX BP1600 - koningdrone.be","robots":{"index":"index","follow":"follow","max-snippet":"max-snippet:-1","max-image-preview":"max-image-preview:large","max-video-preview":"max-video-preview:-1"},"canonical":"https:\/\/koningdrone.be\/de\/produkt\/anker-solix-bp1600\/","og_locale":"de_DE","og_type":"article","og_title":"Anker SOLIX BP1600","og_description":"Breidt je energieopslag uit voor uitgebreide back-up tijdens stroomuitval of gebruik buitenshuis.    Uitgerust met een LiFePO4-batterij voor verbeterde veiligheid en langdurige prestaties.    IP65-behuizing beschermt tegen stof, regen en zware omstandigheden.    Integreert naadloos met Anker SOLIX systemen voor schaalbare energie-oplossingen.    Wordt geleverd met 10 jaar garantie voor vertrouwde, langdurige betrouwbaarheid.","og_url":"https:\/\/koningdrone.be\/de\/produkt\/anker-solix-bp1600\/","og_site_name":"koningdrone.be","og_image":[{"width":2000,"height":2000,"url":"https:\/\/koningdrone.be\/wp-content\/uploads\/sites\/13\/2026\/01\/11_1_3840x.png","type":"image\/png"}],"twitter_card":"summary_large_image","schema":{"@context":"https:\/\/schema.org","@graph":[{"@type":"WebPage","@id":"https:\/\/koningdrone.be\/en\/product\/anker-solix-bp1600\/","url":"https:\/\/koningdrone.be\/en\/product\/anker-solix-bp1600\/","name":"Anker SOLIX BP1600 - koningdrone.be","isPartOf":{"@id":"https:\/\/koningdrone.be\/#website"},"primaryImageOfPage":{"@id":"https:\/\/koningdrone.be\/en\/product\/anker-solix-bp1600\/#primaryimage"},"image":{"@id":"https:\/\/koningdrone.be\/en\/product\/anker-solix-bp1600\/#primaryimage"},"thumbnailUrl":"https:\/\/koningdrone.be\/wp-content\/uploads\/sites\/13\/2026\/01\/11_1_3840x.png","datePublished":"2025-09-03T08:25:13+00:00","breadcrumb":{"@id":"https:\/\/koningdrone.be\/en\/product\/anker-solix-bp1600\/#breadcrumb"},"inLanguage":"de","potentialAction":[{"@type":"ReadAction","target":["https:\/\/koningdrone.be\/en\/product\/anker-solix-bp1600\/"]}]},{"@type":"ImageObject","inLanguage":"de","@id":"https:\/\/koningdrone.be\/en\/product\/anker-solix-bp1600\/#primaryimage","url":"https:\/\/koningdrone.be\/wp-content\/uploads\/sites\/13\/2026\/01\/11_1_3840x.png","contentUrl":"https:\/\/koningdrone.be\/wp-content\/uploads\/sites\/13\/2026\/01\/11_1_3840x.png","width":2000,"height":2000},{"@type":"BreadcrumbList","@id":"https:\/\/koningdrone.be\/en\/product\/anker-solix-bp1600\/#breadcrumb","itemListElement":[{"@type":"ListItem","position":1,"name":"Home","item":"https:\/\/koningdrone.be\/"},{"@type":"ListItem","position":2,"name":"AVSS Parachute Recovery System for DJI Matrice 300\/350","item":"https:\/\/koningdrone.be\/product\/avss-parachute-recovery-system-for-dji-matrice-300-350\/"},{"@type":"ListItem","position":3,"name":"Alle producten","item":"https:\/\/koningdrone.be\/categorie\/alle-producten\/"},{"@type":"ListItem","position":4,"name":"Anker SOLIX BP1600"}]},{"@type":"WebSite","@id":"https:\/\/koningdrone.be\/#website","url":"https:\/\/koningdrone.be\/","name":"Koningdrone.be - Ihr Online-Spezialist f\u00fcr Drohnen, Gimbals, Kameras und Kraftwerke.","description":"Der Webshop f\u00fcr Drohnen und Gimbals","publisher":{"@id":"https:\/\/koningdrone.be\/#organization"},"potentialAction":[{"@type":"SearchAction","target":{"@type":"EntryPoint","urlTemplate":"https:\/\/koningdrone.be\/?s={search_term_string}"},"query-input":{"@type":"PropertyValueSpecification","valueRequired":true,"valueName":"search_term_string"}}],"inLanguage":"de"},{"@type":"Organization","@id":"https:\/\/koningdrone.be\/#organization","name":"Kingdrone.de","url":"https:\/\/koningdrone.be\/","logo":{"@type":"ImageObject","inLanguage":"de","@id":"https:\/\/koningdrone.be\/#\/schema\/logo\/image\/","url":"https:\/\/koningdrone.be\/wp-content\/uploads\/sites\/13\/2025\/04\/koningdrone-copyright-logo.svg","contentUrl":"https:\/\/koningdrone.be\/wp-content\/uploads\/sites\/13\/2025\/04\/koningdrone-copyright-logo.svg","width":227,"height":38,"caption":"Koningdrone.be"},"image":{"@id":"https:\/\/koningdrone.be\/#\/schema\/logo\/image\/"}}]}},"df_price":"","df_sale_price":"","df_regular_price":"","df_image_link":"https:\/\/koningdrone.be\/wp-content\/uploads\/sites\/13\/2026\/01\/11_1_3840x-300x300.png","_links":{"self":[{"href":"https:\/\/koningdrone.be\/de\/wp-json\/wp\/v2\/product\/16184","targetHints":{"allow":["GET"]}}],"collection":[{"href":"https:\/\/koningdrone.be\/de\/wp-json\/wp\/v2\/product"}],"about":[{"href":"https:\/\/koningdrone.be\/de\/wp-json\/wp\/v2\/types\/product"}],"wp:featuredmedia":[{"embeddable":true,"href":"https:\/\/koningdrone.be\/de\/wp-json\/wp\/v2\/media\/16019"}],"wp:attachment":[{"href":"https:\/\/koningdrone.be\/de\/wp-json\/wp\/v2\/media?parent=16184"}],"wp:term":[{"taxonomy":"product_brand","embeddable":true,"href":"https:\/\/koningdrone.be\/de\/wp-json\/wp\/v2\/product_brand?post=16184"},{"taxonomy":"product_cat","embeddable":true,"href":"https:\/\/koningdrone.be\/de\/wp-json\/wp\/v2\/product_cat?post=16184"},{"taxonomy":"product_tag","embeddable":true,"href":"https:\/\/koningdrone.be\/de\/wp-json\/wp\/v2\/product_tag?post=16184"}],"curies":[{"name":"wp","href":"https:\/\/api.w.org\/{rel}","templated":true}]}}