{"id":16171,"date":"2025-09-01T13:35:09","date_gmt":"2025-09-01T11:35:09","guid":{"rendered":"https:\/\/koningdrone.be\/product\/bluetti-ac240p-power-station\/"},"modified":"2026-04-29T06:40:55","modified_gmt":"2026-04-29T04:40:55","slug":"bluetti-ac240p-power-station","status":"publish","type":"product","link":"https:\/\/koningdrone.be\/de\/produkt\/bluetti-ac240p-power-station\/","title":{"rendered":"Bluetti AC240P Kraftwerk"},"content":{"rendered":"<h2>Bluetti AC240P Solarstromanlage<\/h2>\n<p><strong>Leistungsstark, robust und f\u00fcr jedes Abenteuer geeignet.<\/strong><\/p>\n<p>Die <strong>Bluetti AC240P<\/strong> ist ein vielseitiges und wetterfestes tragbares Kraftwerk, ideal f\u00fcr <strong>Au\u00dfenanwendung<\/strong>, <strong>Notstromversorgung<\/strong> und <strong>netzunabh\u00e4ngiges Leben<\/strong>. Dank der <strong>IP65-zertifizierte Konstruktion<\/strong> Das Ger\u00e4t ist absolut wasser- und staubdicht und funktioniert auch unter schwierigen Bedingungen zuverl\u00e4ssig.<\/p>\n<h2>Wesentliche Merkmale<\/h2>\n<ul>\n<li><strong>AC-Leistung von 2.400 W:<\/strong> mit einer Spitzenleistung von bis zu <strong>3.600W<\/strong> (Power Lifting) f\u00fcr den Antrieb von schweren Ger\u00e4ten.<\/li>\n<li><strong>Wasser- und staubbest\u00e4ndig:<\/strong> Dank der Schutzart IP65 ist das Ger\u00e4t f\u00fcr den Einsatz in Regen, Staub und anderen rauen Umgebungen geeignet.<\/li>\n<li><strong>Erweiterungsf\u00e4hige Kapazit\u00e4t:<\/strong> skalierbar bis zu <strong>10.443Wh<\/strong> mit Anschluss an vier Erweiterungsbatterien B210P.<\/li>\n<li><strong>Solare Unterst\u00fctzung:<\/strong> zu <strong>1.200W Solareingang<\/strong> f\u00fcr effizientes netzunabh\u00e4ngiges Laden.<\/li>\n<li><strong>Erweiterte Konnektivit\u00e4t:<\/strong> Sie k\u00f6nnen alles einfach \u00fcber das Internet verwalten und \u00fcberwachen. <strong>Bluetti-App<\/strong> mit Bluetooth- und Wi-Fi-Funktionalit\u00e4t.<\/li>\n<\/ul>\n<p>Egal, ob Sie auf einem Campingausflug sind, in einem Notfall Strom ben\u00f6tigen oder v\u00f6llig netzunabh\u00e4ngig leben, der <strong>Bluetti AC240P<\/strong> bietet zuverl\u00e4ssige Energie in einem robusten und intelligenten Paket.<\/p>","protected":false},"excerpt":{"rendered":"<ul>\n<li><strong>Zuverl\u00e4ssige Stromversorgung:<\/strong> Ideal f\u00fcr Notf\u00e4lle, Outdoor-Abenteuer und netzferne Situationen.<\/li>\n<li><strong>Wetterfeste Konstruktion:<\/strong> Vollst\u00e4ndig staub- und wasserdicht (IP65) f\u00fcr den Einsatz in anspruchsvollen Umgebungen.<\/li>\n<li><strong>Un\u00fcbertroffene Zuverl\u00e4ssigkeit:<\/strong> dank der eingebauten USV-Funktion f\u00fcr kontinuierliche Stromversorgung bei Stromausfall.<\/li>\n<li><strong>Erweiterungsf\u00e4hige Kapazit\u00e4t:<\/strong> Leicht erweiterbar mit B210P Erweiterungsbatterien f\u00fcr l\u00e4ngere Fahrten oder gr\u00f6\u00dferen Strombedarf.<\/li>\n<li><strong>Ger\u00e4uschloser Betrieb:<\/strong> ideal f\u00fcr den Einsatz auf dem Campingplatz, im Wohnmobil oder beim Schlafen.<\/li>\n<li><strong>Intelligentes Management:<\/strong> \u00fcberwachen und steuern Sie die Anlage m\u00fchelos \u00fcber die benutzerfreundliche Bluetti Mobile App.<\/li>\n<li><strong>Nachhaltig und effizient:<\/strong> Perfekt f\u00fcr netzunabh\u00e4ngiges Leben und umweltbewusste Energienutzer.<\/li>\n<\/ul>","protected":false},"featured_media":0,"template":"","meta":{"_acf_changed":false},"product_brand":[],"product_cat":[97,1701,829],"product_tag":[],"class_list":{"0":"post-16171","1":"product","2":"type-product","3":"status-publish","5":"product_cat-alle-producten","6":"product_cat-anker-bluetti","7":"product_cat-bluetti","8":"product_shipping_class-outofstock","9":"pa_brand-bluetti","10":"pa_producttype-draagbare-energiecentrale","12":"first","13":"outofstock","14":"taxable","15":"shipping-taxable","16":"product-type-simple"},"acf":[],"yoast_head":"<!-- This site is optimized with the Yoast SEO Premium plugin v27.2 (Yoast SEO v27.2) - https:\/\/yoast.com\/product\/yoast-seo-premium-wordpress\/ -->\n<title>Bluetti AC240P Power station - koningdrone.be<\/title>\n<meta name=\"robots\" content=\"index, follow, max-snippet:-1, max-image-preview:large, max-video-preview:-1\" \/>\n<link rel=\"canonical\" href=\"https:\/\/koningdrone.be\/de\/produkt\/bluetti-ac240p-power-station\/\" \/>\n<meta property=\"og:locale\" content=\"de_DE\" \/>\n<meta property=\"og:type\" content=\"article\" \/>\n<meta property=\"og:title\" content=\"Bluetti AC240P Power station\" \/>\n<meta property=\"og:description\" content=\"Betrouwbare stroomvoorziening: ideaal voor noodgevallen, buitenavonturen en off-grid situaties.  Weerbestendig ontwerp: volledig stof- en waterdicht (IP65) voor gebruik in veeleisende omgevingen.  Onovertroffen betrouwbaarheid: dankzij ingebouwde UPS-functie voor continue stroom bij stroomuitval.  Uitbreidbare capaciteit: eenvoudig schaalbaar met B210P-uitbreidingsbatterijen voor langere reizen of grotere energiebehoeften.  Stille werking: ideaal voor gebruik op de camping, in de camper of tijdens nachtrust.  Slim beheer: controleer en bedien de centrale moeiteloos via de gebruiksvriendelijke Bluetti mobiele app.  Duurzaam en effici\u00ebnt: perfect voor off-grid leven en milieubewuste energiegebruikers.\" \/>\n<meta property=\"og:url\" content=\"https:\/\/koningdrone.be\/de\/produkt\/bluetti-ac240p-power-station\/\" \/>\n<meta property=\"og:site_name\" content=\"koningdrone.be\" \/>\n<meta property=\"article:modified_time\" content=\"2026-04-29T04:40:55+00:00\" \/>\n<meta name=\"twitter:card\" content=\"summary_large_image\" \/>\n<meta name=\"twitter:label1\" content=\"Gesch\u00e4tzte Lesezeit\" \/>\n\t<meta name=\"twitter:data1\" content=\"1\u00a0Minute\" \/>\n<script type=\"application\/ld+json\" class=\"yoast-schema-graph\">{\"@context\":\"https:\/\/schema.org\",\"@graph\":[{\"@type\":\"WebPage\",\"@id\":\"https:\/\/koningdrone.be\/product\/bluetti-ac240p-power-station\/\",\"url\":\"https:\/\/koningdrone.be\/product\/bluetti-ac240p-power-station\/\",\"name\":\"Bluetti AC240P Power station - koningdrone.be\",\"isPartOf\":{\"@id\":\"https:\/\/koningdrone.be\/#website\"},\"datePublished\":\"2025-09-01T11:35:09+00:00\",\"dateModified\":\"2026-04-29T04:40:55+00:00\",\"breadcrumb\":{\"@id\":\"https:\/\/koningdrone.be\/product\/bluetti-ac240p-power-station\/#breadcrumb\"},\"inLanguage\":\"de\",\"potentialAction\":[{\"@type\":\"ReadAction\",\"target\":[\"https:\/\/koningdrone.be\/product\/bluetti-ac240p-power-station\/\"]}]},{\"@type\":\"BreadcrumbList\",\"@id\":\"https:\/\/koningdrone.be\/product\/bluetti-ac240p-power-station\/#breadcrumb\",\"itemListElement\":[{\"@type\":\"ListItem\",\"position\":1,\"name\":\"Home\",\"item\":\"https:\/\/koningdrone.be\/\"},{\"@type\":\"ListItem\",\"position\":2,\"name\":\"AVSS Parachute Recovery System for DJI Matrice 300\/350\",\"item\":\"https:\/\/koningdrone.be\/product\/avss-parachute-recovery-system-for-dji-matrice-300-350\/\"},{\"@type\":\"ListItem\",\"position\":3,\"name\":\"Alle producten\",\"item\":\"https:\/\/koningdrone.be\/categorie\/alle-producten\/\"},{\"@type\":\"ListItem\",\"position\":4,\"name\":\"Bluetti AC240P Power station\"}]},{\"@type\":\"WebSite\",\"@id\":\"https:\/\/koningdrone.be\/#website\",\"url\":\"https:\/\/koningdrone.be\/\",\"name\":\"Koningdrone.be - Uw online specialist in drones, gimbals, camera's en power stations.\",\"description\":\"De webshop in drones en gimbals\",\"publisher\":{\"@id\":\"https:\/\/koningdrone.be\/#organization\"},\"potentialAction\":[{\"@type\":\"SearchAction\",\"target\":{\"@type\":\"EntryPoint\",\"urlTemplate\":\"https:\/\/koningdrone.be\/?s={search_term_string}\"},\"query-input\":{\"@type\":\"PropertyValueSpecification\",\"valueRequired\":true,\"valueName\":\"search_term_string\"}}],\"inLanguage\":\"de\"},{\"@type\":\"Organization\",\"@id\":\"https:\/\/koningdrone.be\/#organization\",\"name\":\"Koningdrone.be\",\"url\":\"https:\/\/koningdrone.be\/\",\"logo\":{\"@type\":\"ImageObject\",\"inLanguage\":\"de\",\"@id\":\"https:\/\/koningdrone.be\/#\/schema\/logo\/image\/\",\"url\":\"https:\/\/koningdrone.be\/wp-content\/uploads\/sites\/13\/2025\/04\/koningdrone-copyright-logo.svg\",\"contentUrl\":\"https:\/\/koningdrone.be\/wp-content\/uploads\/sites\/13\/2025\/04\/koningdrone-copyright-logo.svg\",\"width\":227,\"height\":38,\"caption\":\"Koningdrone.be\"},\"image\":{\"@id\":\"https:\/\/koningdrone.be\/#\/schema\/logo\/image\/\"}}]}<\/script>\n<!-- \/ Yoast SEO Premium plugin. -->","yoast_head_json":{"title":"Bluetti AC240P Power station - koningdrone.be","robots":{"index":"index","follow":"follow","max-snippet":"max-snippet:-1","max-image-preview":"max-image-preview:large","max-video-preview":"max-video-preview:-1"},"canonical":"https:\/\/koningdrone.be\/de\/produkt\/bluetti-ac240p-power-station\/","og_locale":"de_DE","og_type":"article","og_title":"Bluetti AC240P Power station","og_description":"Betrouwbare stroomvoorziening: ideaal voor noodgevallen, buitenavonturen en off-grid situaties.  Weerbestendig ontwerp: volledig stof- en waterdicht (IP65) voor gebruik in veeleisende omgevingen.  Onovertroffen betrouwbaarheid: dankzij ingebouwde UPS-functie voor continue stroom bij stroomuitval.  Uitbreidbare capaciteit: eenvoudig schaalbaar met B210P-uitbreidingsbatterijen voor langere reizen of grotere energiebehoeften.  Stille werking: ideaal voor gebruik op de camping, in de camper of tijdens nachtrust.  Slim beheer: controleer en bedien de centrale moeiteloos via de gebruiksvriendelijke Bluetti mobiele app.  Duurzaam en effici\u00ebnt: perfect voor off-grid leven en milieubewuste energiegebruikers.","og_url":"https:\/\/koningdrone.be\/de\/produkt\/bluetti-ac240p-power-station\/","og_site_name":"koningdrone.be","article_modified_time":"2026-04-29T04:40:55+00:00","twitter_card":"summary_large_image","twitter_misc":{"Gesch\u00e4tzte Lesezeit":"1\u00a0Minute"},"schema":{"@context":"https:\/\/schema.org","@graph":[{"@type":"WebPage","@id":"https:\/\/koningdrone.be\/product\/bluetti-ac240p-power-station\/","url":"https:\/\/koningdrone.be\/product\/bluetti-ac240p-power-station\/","name":"Bluetti AC240P Power station - koningdrone.be","isPartOf":{"@id":"https:\/\/koningdrone.be\/#website"},"datePublished":"2025-09-01T11:35:09+00:00","dateModified":"2026-04-29T04:40:55+00:00","breadcrumb":{"@id":"https:\/\/koningdrone.be\/product\/bluetti-ac240p-power-station\/#breadcrumb"},"inLanguage":"de","potentialAction":[{"@type":"ReadAction","target":["https:\/\/koningdrone.be\/product\/bluetti-ac240p-power-station\/"]}]},{"@type":"BreadcrumbList","@id":"https:\/\/koningdrone.be\/product\/bluetti-ac240p-power-station\/#breadcrumb","itemListElement":[{"@type":"ListItem","position":1,"name":"Home","item":"https:\/\/koningdrone.be\/"},{"@type":"ListItem","position":2,"name":"AVSS Parachute Recovery System for DJI Matrice 300\/350","item":"https:\/\/koningdrone.be\/product\/avss-parachute-recovery-system-for-dji-matrice-300-350\/"},{"@type":"ListItem","position":3,"name":"Alle producten","item":"https:\/\/koningdrone.be\/categorie\/alle-producten\/"},{"@type":"ListItem","position":4,"name":"Bluetti AC240P Power station"}]},{"@type":"WebSite","@id":"https:\/\/koningdrone.be\/#website","url":"https:\/\/koningdrone.be\/","name":"Koningdrone.be - Ihr Online-Spezialist f\u00fcr Drohnen, Gimbals, Kameras und Kraftwerke.","description":"Der Webshop f\u00fcr Drohnen und Gimbals","publisher":{"@id":"https:\/\/koningdrone.be\/#organization"},"potentialAction":[{"@type":"SearchAction","target":{"@type":"EntryPoint","urlTemplate":"https:\/\/koningdrone.be\/?s={search_term_string}"},"query-input":{"@type":"PropertyValueSpecification","valueRequired":true,"valueName":"search_term_string"}}],"inLanguage":"de"},{"@type":"Organization","@id":"https:\/\/koningdrone.be\/#organization","name":"Kingdrone.de","url":"https:\/\/koningdrone.be\/","logo":{"@type":"ImageObject","inLanguage":"de","@id":"https:\/\/koningdrone.be\/#\/schema\/logo\/image\/","url":"https:\/\/koningdrone.be\/wp-content\/uploads\/sites\/13\/2025\/04\/koningdrone-copyright-logo.svg","contentUrl":"https:\/\/koningdrone.be\/wp-content\/uploads\/sites\/13\/2025\/04\/koningdrone-copyright-logo.svg","width":227,"height":38,"caption":"Koningdrone.be"},"image":{"@id":"https:\/\/koningdrone.be\/#\/schema\/logo\/image\/"}}]}},"df_price":"","df_sale_price":"","df_regular_price":"","df_image_link":"https:\/\/koningdrone.be\/wp-content\/uploads\/sites\/13\/woocommerce-placeholder-300x300.png","_links":{"self":[{"href":"https:\/\/koningdrone.be\/de\/wp-json\/wp\/v2\/product\/16171","targetHints":{"allow":["GET"]}}],"collection":[{"href":"https:\/\/koningdrone.be\/de\/wp-json\/wp\/v2\/product"}],"about":[{"href":"https:\/\/koningdrone.be\/de\/wp-json\/wp\/v2\/types\/product"}],"wp:attachment":[{"href":"https:\/\/koningdrone.be\/de\/wp-json\/wp\/v2\/media?parent=16171"}],"wp:term":[{"taxonomy":"product_brand","embeddable":true,"href":"https:\/\/koningdrone.be\/de\/wp-json\/wp\/v2\/product_brand?post=16171"},{"taxonomy":"product_cat","embeddable":true,"href":"https:\/\/koningdrone.be\/de\/wp-json\/wp\/v2\/product_cat?post=16171"},{"taxonomy":"product_tag","embeddable":true,"href":"https:\/\/koningdrone.be\/de\/wp-json\/wp\/v2\/product_tag?post=16171"}],"curies":[{"name":"wp","href":"https:\/\/api.w.org\/{rel}","templated":true}]}}