{"id":16162,"date":"2025-09-03T10:25:13","date_gmt":"2025-09-03T08:25:13","guid":{"rendered":"https:\/\/koningdrone.be\/product\/anker-solix-solarbank-2-e1600-ac\/"},"modified":"2026-04-29T06:50:15","modified_gmt":"2026-04-29T04:50:15","slug":"anker-solix-solarbank-2-e1600-ac","status":"publish","type":"product","link":"https:\/\/koningdrone.be\/de\/produkt\/anker-solix-solarbank-2-e1600-ac\/","title":{"rendered":"Anker SOLIX Solarbank 2 E1600 AC"},"content":{"rendered":"<h2>Die Anker SOLIX Solarbank 2 E1600 AC ist eine All-in-One-Batteriespeicherl\u00f6sung f\u00fcr zu Hause, die entwickelt wurde, um die Nutzung von Solarenergie zu maximieren und eine zuverl\u00e4ssige Notstromversorgung zu gew\u00e4hrleisten<\/h2>\n<p>Met een capaciteit van 1600Wh, AC-uitgang en duurzame LiFePO4-cellen garandeert het langdurige prestaties en effici\u00ebntie.<\/p>\n<p>Het weerbestendige ontwerp en de naadloze integratie met zonne-installaties maken het perfect voor zowel dagelijkse energiebesparingen als noodstroomzekerheid..<\/p>","protected":false},"excerpt":{"rendered":"<ul>\n<li>Speichert effizient Solarenergie f\u00fcr die Nutzung bei Stromausf\u00e4llen oder wenn Sie netzunabh\u00e4ngig leben.<\/li>\n<li><\/li>\n<li>Der langlebige LiFePO4-Akku sorgt f\u00fcr eine lang anhaltende, sichere und zuverl\u00e4ssige Leistung.<\/li>\n<li><\/li>\n<li>Kompakt und tragbar, daher ideal f\u00fcr den Einsatz zu Hause und im Freien.<\/li>\n<li><\/li>\n<li>Das wetterfeste Design erm\u00f6glicht den Einsatz unter verschiedenen Bedingungen.<\/li>\n<li><\/li>\n<li>Einfache Integration mit Solarsystemen f\u00fcr nahtloses Energiemanagement.<\/li>\n<\/ul>","protected":false},"featured_media":16156,"template":"","meta":{"_acf_changed":false},"product_brand":[],"product_cat":[97,197,1701],"product_tag":[],"class_list":{"0":"post-16162","1":"product","2":"type-product","3":"status-publish","4":"has-post-thumbnail","6":"product_cat-alle-producten","7":"product_cat-anker","8":"product_cat-anker-bluetti","9":"product_shipping_class-outofstock","10":"pa_brand-anker","11":"pa_producttype-thuisbatterij","13":"first","14":"outofstock","15":"taxable","16":"shipping-taxable","17":"product-type-simple"},"acf":[],"yoast_head":"<!-- This site is optimized with the Yoast SEO Premium plugin v27.2 (Yoast SEO v27.2) - https:\/\/yoast.com\/product\/yoast-seo-premium-wordpress\/ -->\n<title>Anker SOLIX Solarbank 2 E1600 AC - koningdrone.be<\/title>\n<meta name=\"robots\" content=\"index, follow, max-snippet:-1, max-image-preview:large, max-video-preview:-1\" \/>\n<link rel=\"canonical\" href=\"https:\/\/koningdrone.be\/de\/produkt\/anker-solix-solarbank-2-e1600-ac\/\" \/>\n<meta property=\"og:locale\" content=\"de_DE\" \/>\n<meta property=\"og:type\" content=\"article\" \/>\n<meta property=\"og:title\" content=\"Anker SOLIX Solarbank 2 E1600 AC\" \/>\n<meta property=\"og:description\" content=\"Slaat zonne-energie effici\u00ebnt op voor gebruik tijdens stroomuitval of als je niet aan het net woont.    De duurzame LiFePO4-batterij zorgt voor langdurige, veilige en betrouwbare prestaties.    Compact en draagbaar, dus ideaal voor zowel thuis als buiten.    Weerbestendig ontwerp maakt gebruik in verschillende omstandigheden mogelijk.    Eenvoudige integratie met zonne-installaties voor naadloos energiebeheer.\" \/>\n<meta property=\"og:url\" content=\"https:\/\/koningdrone.be\/de\/produkt\/anker-solix-solarbank-2-e1600-ac\/\" \/>\n<meta property=\"og:site_name\" content=\"koningdrone.be\" \/>\n<meta property=\"article:modified_time\" content=\"2026-04-29T04:50:15+00:00\" \/>\n<meta property=\"og:image\" content=\"https:\/\/koningdrone.be\/wp-content\/uploads\/sites\/13\/2026\/01\/17C2-435-1_3840x.png\" \/>\n\t<meta property=\"og:image:width\" content=\"2048\" \/>\n\t<meta property=\"og:image:height\" content=\"2048\" \/>\n\t<meta property=\"og:image:type\" content=\"image\/png\" \/>\n<meta name=\"twitter:card\" content=\"summary_large_image\" \/>\n<script type=\"application\/ld+json\" class=\"yoast-schema-graph\">{\"@context\":\"https:\/\/schema.org\",\"@graph\":[{\"@type\":\"WebPage\",\"@id\":\"https:\/\/koningdrone.be\/product\/anker-solix-solarbank-2-e1600-ac\/\",\"url\":\"https:\/\/koningdrone.be\/product\/anker-solix-solarbank-2-e1600-ac\/\",\"name\":\"Anker SOLIX Solarbank 2 E1600 AC - koningdrone.be\",\"isPartOf\":{\"@id\":\"https:\/\/koningdrone.be\/#website\"},\"primaryImageOfPage\":{\"@id\":\"https:\/\/koningdrone.be\/product\/anker-solix-solarbank-2-e1600-ac\/#primaryimage\"},\"image\":{\"@id\":\"https:\/\/koningdrone.be\/product\/anker-solix-solarbank-2-e1600-ac\/#primaryimage\"},\"thumbnailUrl\":\"https:\/\/koningdrone.be\/wp-content\/uploads\/sites\/13\/2026\/01\/17C2-435-1_3840x.png\",\"datePublished\":\"2025-09-03T08:25:13+00:00\",\"dateModified\":\"2026-04-29T04:50:15+00:00\",\"breadcrumb\":{\"@id\":\"https:\/\/koningdrone.be\/product\/anker-solix-solarbank-2-e1600-ac\/#breadcrumb\"},\"inLanguage\":\"de\",\"potentialAction\":[{\"@type\":\"ReadAction\",\"target\":[\"https:\/\/koningdrone.be\/product\/anker-solix-solarbank-2-e1600-ac\/\"]}]},{\"@type\":\"ImageObject\",\"inLanguage\":\"de\",\"@id\":\"https:\/\/koningdrone.be\/product\/anker-solix-solarbank-2-e1600-ac\/#primaryimage\",\"url\":\"https:\/\/koningdrone.be\/wp-content\/uploads\/sites\/13\/2026\/01\/17C2-435-1_3840x.png\",\"contentUrl\":\"https:\/\/koningdrone.be\/wp-content\/uploads\/sites\/13\/2026\/01\/17C2-435-1_3840x.png\",\"width\":2048,\"height\":2048},{\"@type\":\"BreadcrumbList\",\"@id\":\"https:\/\/koningdrone.be\/product\/anker-solix-solarbank-2-e1600-ac\/#breadcrumb\",\"itemListElement\":[{\"@type\":\"ListItem\",\"position\":1,\"name\":\"Home\",\"item\":\"https:\/\/koningdrone.be\/\"},{\"@type\":\"ListItem\",\"position\":2,\"name\":\"AVSS Parachute Recovery System for DJI Matrice 300\/350\",\"item\":\"https:\/\/koningdrone.be\/product\/avss-parachute-recovery-system-for-dji-matrice-300-350\/\"},{\"@type\":\"ListItem\",\"position\":3,\"name\":\"Alle producten\",\"item\":\"https:\/\/koningdrone.be\/categorie\/alle-producten\/\"},{\"@type\":\"ListItem\",\"position\":4,\"name\":\"Anker SOLIX Solarbank 2 E1600 AC\"}]},{\"@type\":\"WebSite\",\"@id\":\"https:\/\/koningdrone.be\/#website\",\"url\":\"https:\/\/koningdrone.be\/\",\"name\":\"Koningdrone.be - Uw online specialist in drones, gimbals, camera's en power stations.\",\"description\":\"De webshop in drones en gimbals\",\"publisher\":{\"@id\":\"https:\/\/koningdrone.be\/#organization\"},\"potentialAction\":[{\"@type\":\"SearchAction\",\"target\":{\"@type\":\"EntryPoint\",\"urlTemplate\":\"https:\/\/koningdrone.be\/?s={search_term_string}\"},\"query-input\":{\"@type\":\"PropertyValueSpecification\",\"valueRequired\":true,\"valueName\":\"search_term_string\"}}],\"inLanguage\":\"de\"},{\"@type\":\"Organization\",\"@id\":\"https:\/\/koningdrone.be\/#organization\",\"name\":\"Koningdrone.be\",\"url\":\"https:\/\/koningdrone.be\/\",\"logo\":{\"@type\":\"ImageObject\",\"inLanguage\":\"de\",\"@id\":\"https:\/\/koningdrone.be\/#\/schema\/logo\/image\/\",\"url\":\"https:\/\/koningdrone.be\/wp-content\/uploads\/sites\/13\/2025\/04\/koningdrone-copyright-logo.svg\",\"contentUrl\":\"https:\/\/koningdrone.be\/wp-content\/uploads\/sites\/13\/2025\/04\/koningdrone-copyright-logo.svg\",\"width\":227,\"height\":38,\"caption\":\"Koningdrone.be\"},\"image\":{\"@id\":\"https:\/\/koningdrone.be\/#\/schema\/logo\/image\/\"}}]}<\/script>\n<!-- \/ Yoast SEO Premium plugin. -->","yoast_head_json":{"title":"Anker SOLIX Solarbank 2 E1600 AC - koningdrone.be","robots":{"index":"index","follow":"follow","max-snippet":"max-snippet:-1","max-image-preview":"max-image-preview:large","max-video-preview":"max-video-preview:-1"},"canonical":"https:\/\/koningdrone.be\/de\/produkt\/anker-solix-solarbank-2-e1600-ac\/","og_locale":"de_DE","og_type":"article","og_title":"Anker SOLIX Solarbank 2 E1600 AC","og_description":"Slaat zonne-energie effici\u00ebnt op voor gebruik tijdens stroomuitval of als je niet aan het net woont.    De duurzame LiFePO4-batterij zorgt voor langdurige, veilige en betrouwbare prestaties.    Compact en draagbaar, dus ideaal voor zowel thuis als buiten.    Weerbestendig ontwerp maakt gebruik in verschillende omstandigheden mogelijk.    Eenvoudige integratie met zonne-installaties voor naadloos energiebeheer.","og_url":"https:\/\/koningdrone.be\/de\/produkt\/anker-solix-solarbank-2-e1600-ac\/","og_site_name":"koningdrone.be","article_modified_time":"2026-04-29T04:50:15+00:00","og_image":[{"width":2048,"height":2048,"url":"https:\/\/koningdrone.be\/wp-content\/uploads\/sites\/13\/2026\/01\/17C2-435-1_3840x.png","type":"image\/png"}],"twitter_card":"summary_large_image","schema":{"@context":"https:\/\/schema.org","@graph":[{"@type":"WebPage","@id":"https:\/\/koningdrone.be\/product\/anker-solix-solarbank-2-e1600-ac\/","url":"https:\/\/koningdrone.be\/product\/anker-solix-solarbank-2-e1600-ac\/","name":"Anker SOLIX Solarbank 2 E1600 AC - koningdrone.be","isPartOf":{"@id":"https:\/\/koningdrone.be\/#website"},"primaryImageOfPage":{"@id":"https:\/\/koningdrone.be\/product\/anker-solix-solarbank-2-e1600-ac\/#primaryimage"},"image":{"@id":"https:\/\/koningdrone.be\/product\/anker-solix-solarbank-2-e1600-ac\/#primaryimage"},"thumbnailUrl":"https:\/\/koningdrone.be\/wp-content\/uploads\/sites\/13\/2026\/01\/17C2-435-1_3840x.png","datePublished":"2025-09-03T08:25:13+00:00","dateModified":"2026-04-29T04:50:15+00:00","breadcrumb":{"@id":"https:\/\/koningdrone.be\/product\/anker-solix-solarbank-2-e1600-ac\/#breadcrumb"},"inLanguage":"de","potentialAction":[{"@type":"ReadAction","target":["https:\/\/koningdrone.be\/product\/anker-solix-solarbank-2-e1600-ac\/"]}]},{"@type":"ImageObject","inLanguage":"de","@id":"https:\/\/koningdrone.be\/product\/anker-solix-solarbank-2-e1600-ac\/#primaryimage","url":"https:\/\/koningdrone.be\/wp-content\/uploads\/sites\/13\/2026\/01\/17C2-435-1_3840x.png","contentUrl":"https:\/\/koningdrone.be\/wp-content\/uploads\/sites\/13\/2026\/01\/17C2-435-1_3840x.png","width":2048,"height":2048},{"@type":"BreadcrumbList","@id":"https:\/\/koningdrone.be\/product\/anker-solix-solarbank-2-e1600-ac\/#breadcrumb","itemListElement":[{"@type":"ListItem","position":1,"name":"Home","item":"https:\/\/koningdrone.be\/"},{"@type":"ListItem","position":2,"name":"AVSS Parachute Recovery System for DJI Matrice 300\/350","item":"https:\/\/koningdrone.be\/product\/avss-parachute-recovery-system-for-dji-matrice-300-350\/"},{"@type":"ListItem","position":3,"name":"Alle producten","item":"https:\/\/koningdrone.be\/categorie\/alle-producten\/"},{"@type":"ListItem","position":4,"name":"Anker SOLIX Solarbank 2 E1600 AC"}]},{"@type":"WebSite","@id":"https:\/\/koningdrone.be\/#website","url":"https:\/\/koningdrone.be\/","name":"Koningdrone.be - Ihr Online-Spezialist f\u00fcr Drohnen, Gimbals, Kameras und Kraftwerke.","description":"Der Webshop f\u00fcr Drohnen und Gimbals","publisher":{"@id":"https:\/\/koningdrone.be\/#organization"},"potentialAction":[{"@type":"SearchAction","target":{"@type":"EntryPoint","urlTemplate":"https:\/\/koningdrone.be\/?s={search_term_string}"},"query-input":{"@type":"PropertyValueSpecification","valueRequired":true,"valueName":"search_term_string"}}],"inLanguage":"de"},{"@type":"Organization","@id":"https:\/\/koningdrone.be\/#organization","name":"Kingdrone.de","url":"https:\/\/koningdrone.be\/","logo":{"@type":"ImageObject","inLanguage":"de","@id":"https:\/\/koningdrone.be\/#\/schema\/logo\/image\/","url":"https:\/\/koningdrone.be\/wp-content\/uploads\/sites\/13\/2025\/04\/koningdrone-copyright-logo.svg","contentUrl":"https:\/\/koningdrone.be\/wp-content\/uploads\/sites\/13\/2025\/04\/koningdrone-copyright-logo.svg","width":227,"height":38,"caption":"Koningdrone.be"},"image":{"@id":"https:\/\/koningdrone.be\/#\/schema\/logo\/image\/"}}]}},"df_price":"","df_sale_price":"","df_regular_price":"","df_image_link":"https:\/\/koningdrone.be\/wp-content\/uploads\/sites\/13\/2026\/01\/17C2-435-1_3840x-300x300.png","_links":{"self":[{"href":"https:\/\/koningdrone.be\/de\/wp-json\/wp\/v2\/product\/16162","targetHints":{"allow":["GET"]}}],"collection":[{"href":"https:\/\/koningdrone.be\/de\/wp-json\/wp\/v2\/product"}],"about":[{"href":"https:\/\/koningdrone.be\/de\/wp-json\/wp\/v2\/types\/product"}],"wp:featuredmedia":[{"embeddable":true,"href":"https:\/\/koningdrone.be\/de\/wp-json\/wp\/v2\/media\/16156"}],"wp:attachment":[{"href":"https:\/\/koningdrone.be\/de\/wp-json\/wp\/v2\/media?parent=16162"}],"wp:term":[{"taxonomy":"product_brand","embeddable":true,"href":"https:\/\/koningdrone.be\/de\/wp-json\/wp\/v2\/product_brand?post=16162"},{"taxonomy":"product_cat","embeddable":true,"href":"https:\/\/koningdrone.be\/de\/wp-json\/wp\/v2\/product_cat?post=16162"},{"taxonomy":"product_tag","embeddable":true,"href":"https:\/\/koningdrone.be\/de\/wp-json\/wp\/v2\/product_tag?post=16162"}],"curies":[{"name":"wp","href":"https:\/\/api.w.org\/{rel}","templated":true}]}}