{"id":1613,"date":"2024-12-04T12:15:51","date_gmt":"2024-12-04T11:15:51","guid":{"rendered":"https:\/\/koningdrone.nl\/kon\/?post_type=product&#038;p=1613"},"modified":"2026-04-29T15:00:13","modified_gmt":"2026-04-29T13:00:13","slug":"dji-care-enterprise-plus-upgrade-for-dji-zenmuse-h20n","status":"publish","type":"product","link":"https:\/\/koningdrone.be\/de\/produkt\/dji-care-enterprise-plus-upgrade-for-dji-zenmuse-h20n\/","title":{"rendered":"DJI Care Enterprise Plus Upgrade f\u00fcr DJI Zenmuse H20N"},"content":{"rendered":"<p>Das DJI Care Enterprise Plus Upgrade f\u00fcr die DJI Zenmuse H20N bietet umfassenden Schutz f\u00fcr das Zenmuse H20N Kamerasystem. Dieser Plan bietet Seelenfrieden mit einer Abdeckung f\u00fcr versehentliche Sch\u00e4den, einschlie\u00dflich Wassersch\u00e4den, Kollisionen und Signalausf\u00e4llen. Er beinhaltet kostenlose Reparaturen oder Ersatz innerhalb der Deckungsbedingungen, so dass Sie Ihre Ausr\u00fcstung weiterhin nutzen k\u00f6nnen, ohne sich um die Kosten f\u00fcr unerwartete Zwischenf\u00e4lle sorgen zu m\u00fcssen. Der Tarif deckt auch Benutzerfehler ab, so dass Sie nicht auf den Kosten sitzen bleiben, wenn bei der Nutzung etwas schief geht. Dar\u00fcber hinaus bietet er erweiterte Supportleistungen und ist damit die ideale Wahl f\u00fcr alle, die sich bei professionellen Eins\u00e4tzen stark auf ihre Drohnen verlassen.<\/p>","protected":false},"excerpt":{"rendered":"<ul>\n<li>Bietet eine umfassende Abdeckung f\u00fcr das DJI Zenmuse H20N Kamerasystem.<\/li>\n<li>Sch\u00fctzt vor Unfallsch\u00e4den, einschlie\u00dflich Kollisionen und Wassersch\u00e4den.<\/li>\n<li>Deckt kostenlose Reparaturen oder Ersatz f\u00fcr versicherte Vorf\u00e4lle.<\/li>\n<li>Bietet Schutz vor Benutzerfehlern und gew\u00e4hrleistet volle Betriebssicherheit.<\/li>\n<li>Verbessert die betriebliche Effizienz durch vorrangige Reparaturdienste.<\/li>\n<\/ul>","protected":false},"featured_media":1612,"template":"","meta":{"_acf_changed":false},"product_brand":[],"product_cat":[58],"product_tag":[],"class_list":{"0":"post-1613","1":"product","2":"type-product","3":"status-publish","4":"has-post-thumbnail","6":"product_cat-uncategorized","7":"product_shipping_class-outofstock","8":"pa_brand-dji","9":"pa_producttype-service-plan","10":"pa_series-zenmuse-h20n","12":"first","13":"outofstock","14":"taxable","15":"shipping-taxable","16":"purchasable","17":"product-type-simple"},"acf":[],"yoast_head":"<!-- This site is optimized with the Yoast SEO Premium plugin v27.2 (Yoast SEO v27.2) - https:\/\/yoast.com\/product\/yoast-seo-premium-wordpress\/ -->\n<title>DJI Care Enterprise Plus Upgrade For DJI Zenmuse H20N - koningdrone.be<\/title>\n<meta name=\"robots\" content=\"index, follow, max-snippet:-1, max-image-preview:large, max-video-preview:-1\" \/>\n<link rel=\"canonical\" href=\"https:\/\/koningdrone.be\/de\/produkt\/dji-care-enterprise-plus-upgrade-for-dji-zenmuse-h20n\/\" \/>\n<meta property=\"og:locale\" content=\"de_DE\" \/>\n<meta property=\"og:type\" content=\"article\" \/>\n<meta property=\"og:title\" content=\"DJI Care Enterprise Plus Upgrade For DJI Zenmuse H20N\" \/>\n<meta property=\"og:description\" content=\"Biedt uitgebreide dekking voor het DJI Zenmuse H20N camerasysteem.Beschermt tegen schade door ongelukken, inclusief botsingen en waterschade.Omvat gratis reparaties of vervangingen voor gedekte incidenten.Biedt dekking voor gebruikersfouten, waardoor volledige operationele veiligheid wordt gegarandeerd.Verbetert de operationele effici\u00ebntie met prioritaire reparatieservices.\" \/>\n<meta property=\"og:url\" content=\"https:\/\/koningdrone.be\/de\/produkt\/dji-care-enterprise-plus-upgrade-for-dji-zenmuse-h20n\/\" \/>\n<meta property=\"og:site_name\" content=\"koningdrone.be\" \/>\n<meta property=\"article:modified_time\" content=\"2026-04-29T13:00:13+00:00\" \/>\n<meta property=\"og:image\" content=\"https:\/\/koningdrone.be\/wp-content\/uploads\/sites\/13\/2025\/04\/h20n_plus_payload.png\" \/>\n\t<meta property=\"og:image:width\" content=\"720\" \/>\n\t<meta property=\"og:image:height\" content=\"720\" \/>\n\t<meta property=\"og:image:type\" content=\"image\/png\" \/>\n<meta name=\"twitter:card\" content=\"summary_large_image\" \/>\n<meta name=\"twitter:label1\" content=\"Gesch\u00e4tzte Lesezeit\" \/>\n\t<meta name=\"twitter:data1\" content=\"1\u00a0Minute\" \/>\n<script type=\"application\/ld+json\" class=\"yoast-schema-graph\">{\"@context\":\"https:\/\/schema.org\",\"@graph\":[{\"@type\":\"WebPage\",\"@id\":\"https:\/\/koningdrone.be\/product\/dji-care-enterprise-plus-upgrade-for-dji-zenmuse-h20n\/\",\"url\":\"https:\/\/koningdrone.be\/product\/dji-care-enterprise-plus-upgrade-for-dji-zenmuse-h20n\/\",\"name\":\"DJI Care Enterprise Plus Upgrade For DJI Zenmuse H20N - koningdrone.be\",\"isPartOf\":{\"@id\":\"https:\/\/koningdrone.be\/#website\"},\"primaryImageOfPage\":{\"@id\":\"https:\/\/koningdrone.be\/product\/dji-care-enterprise-plus-upgrade-for-dji-zenmuse-h20n\/#primaryimage\"},\"image\":{\"@id\":\"https:\/\/koningdrone.be\/product\/dji-care-enterprise-plus-upgrade-for-dji-zenmuse-h20n\/#primaryimage\"},\"thumbnailUrl\":\"https:\/\/koningdrone.be\/wp-content\/uploads\/sites\/13\/2025\/04\/h20n_plus_payload.png\",\"datePublished\":\"2024-12-04T11:15:51+00:00\",\"dateModified\":\"2026-04-29T13:00:13+00:00\",\"breadcrumb\":{\"@id\":\"https:\/\/koningdrone.be\/product\/dji-care-enterprise-plus-upgrade-for-dji-zenmuse-h20n\/#breadcrumb\"},\"inLanguage\":\"de\",\"potentialAction\":[{\"@type\":\"ReadAction\",\"target\":[\"https:\/\/koningdrone.be\/product\/dji-care-enterprise-plus-upgrade-for-dji-zenmuse-h20n\/\"]}]},{\"@type\":\"ImageObject\",\"inLanguage\":\"de\",\"@id\":\"https:\/\/koningdrone.be\/product\/dji-care-enterprise-plus-upgrade-for-dji-zenmuse-h20n\/#primaryimage\",\"url\":\"https:\/\/koningdrone.be\/wp-content\/uploads\/sites\/13\/2025\/04\/h20n_plus_payload.png\",\"contentUrl\":\"https:\/\/koningdrone.be\/wp-content\/uploads\/sites\/13\/2025\/04\/h20n_plus_payload.png\",\"width\":720,\"height\":720},{\"@type\":\"BreadcrumbList\",\"@id\":\"https:\/\/koningdrone.be\/product\/dji-care-enterprise-plus-upgrade-for-dji-zenmuse-h20n\/#breadcrumb\",\"itemListElement\":[{\"@type\":\"ListItem\",\"position\":1,\"name\":\"Home\",\"item\":\"https:\/\/koningdrone.be\/\"},{\"@type\":\"ListItem\",\"position\":2,\"name\":\"AVSS Parachute Recovery System for DJI Matrice 300\/350\",\"item\":\"https:\/\/koningdrone.be\/product\/avss-parachute-recovery-system-for-dji-matrice-300-350\/\"},{\"@type\":\"ListItem\",\"position\":3,\"name\":\"Uncategorized\",\"item\":\"https:\/\/koningdrone.be\/categorie\/uncategorized\/\"},{\"@type\":\"ListItem\",\"position\":4,\"name\":\"DJI Care Enterprise Plus Upgrade For DJI Zenmuse H20N\"}]},{\"@type\":\"WebSite\",\"@id\":\"https:\/\/koningdrone.be\/#website\",\"url\":\"https:\/\/koningdrone.be\/\",\"name\":\"Koningdrone.be - Uw online specialist in drones, gimbals, camera's en power stations.\",\"description\":\"De webshop in drones en gimbals\",\"publisher\":{\"@id\":\"https:\/\/koningdrone.be\/#organization\"},\"potentialAction\":[{\"@type\":\"SearchAction\",\"target\":{\"@type\":\"EntryPoint\",\"urlTemplate\":\"https:\/\/koningdrone.be\/?s={search_term_string}\"},\"query-input\":{\"@type\":\"PropertyValueSpecification\",\"valueRequired\":true,\"valueName\":\"search_term_string\"}}],\"inLanguage\":\"de\"},{\"@type\":\"Organization\",\"@id\":\"https:\/\/koningdrone.be\/#organization\",\"name\":\"Koningdrone.be\",\"url\":\"https:\/\/koningdrone.be\/\",\"logo\":{\"@type\":\"ImageObject\",\"inLanguage\":\"de\",\"@id\":\"https:\/\/koningdrone.be\/#\/schema\/logo\/image\/\",\"url\":\"https:\/\/koningdrone.be\/wp-content\/uploads\/sites\/13\/2025\/04\/koningdrone-copyright-logo.svg\",\"contentUrl\":\"https:\/\/koningdrone.be\/wp-content\/uploads\/sites\/13\/2025\/04\/koningdrone-copyright-logo.svg\",\"width\":227,\"height\":38,\"caption\":\"Koningdrone.be\"},\"image\":{\"@id\":\"https:\/\/koningdrone.be\/#\/schema\/logo\/image\/\"}}]}<\/script>\n<!-- \/ Yoast SEO Premium plugin. -->","yoast_head_json":{"title":"DJI Care Enterprise Plus Upgrade For DJI Zenmuse H20N - koningdrone.be","robots":{"index":"index","follow":"follow","max-snippet":"max-snippet:-1","max-image-preview":"max-image-preview:large","max-video-preview":"max-video-preview:-1"},"canonical":"https:\/\/koningdrone.be\/de\/produkt\/dji-care-enterprise-plus-upgrade-for-dji-zenmuse-h20n\/","og_locale":"de_DE","og_type":"article","og_title":"DJI Care Enterprise Plus Upgrade For DJI Zenmuse H20N","og_description":"Biedt uitgebreide dekking voor het DJI Zenmuse H20N camerasysteem.Beschermt tegen schade door ongelukken, inclusief botsingen en waterschade.Omvat gratis reparaties of vervangingen voor gedekte incidenten.Biedt dekking voor gebruikersfouten, waardoor volledige operationele veiligheid wordt gegarandeerd.Verbetert de operationele effici\u00ebntie met prioritaire reparatieservices.","og_url":"https:\/\/koningdrone.be\/de\/produkt\/dji-care-enterprise-plus-upgrade-for-dji-zenmuse-h20n\/","og_site_name":"koningdrone.be","article_modified_time":"2026-04-29T13:00:13+00:00","og_image":[{"width":720,"height":720,"url":"https:\/\/koningdrone.be\/wp-content\/uploads\/sites\/13\/2025\/04\/h20n_plus_payload.png","type":"image\/png"}],"twitter_card":"summary_large_image","twitter_misc":{"Gesch\u00e4tzte Lesezeit":"1\u00a0Minute"},"schema":{"@context":"https:\/\/schema.org","@graph":[{"@type":"WebPage","@id":"https:\/\/koningdrone.be\/product\/dji-care-enterprise-plus-upgrade-for-dji-zenmuse-h20n\/","url":"https:\/\/koningdrone.be\/product\/dji-care-enterprise-plus-upgrade-for-dji-zenmuse-h20n\/","name":"DJI Care Enterprise Plus Upgrade For DJI Zenmuse H20N - koningdrone.be","isPartOf":{"@id":"https:\/\/koningdrone.be\/#website"},"primaryImageOfPage":{"@id":"https:\/\/koningdrone.be\/product\/dji-care-enterprise-plus-upgrade-for-dji-zenmuse-h20n\/#primaryimage"},"image":{"@id":"https:\/\/koningdrone.be\/product\/dji-care-enterprise-plus-upgrade-for-dji-zenmuse-h20n\/#primaryimage"},"thumbnailUrl":"https:\/\/koningdrone.be\/wp-content\/uploads\/sites\/13\/2025\/04\/h20n_plus_payload.png","datePublished":"2024-12-04T11:15:51+00:00","dateModified":"2026-04-29T13:00:13+00:00","breadcrumb":{"@id":"https:\/\/koningdrone.be\/product\/dji-care-enterprise-plus-upgrade-for-dji-zenmuse-h20n\/#breadcrumb"},"inLanguage":"de","potentialAction":[{"@type":"ReadAction","target":["https:\/\/koningdrone.be\/product\/dji-care-enterprise-plus-upgrade-for-dji-zenmuse-h20n\/"]}]},{"@type":"ImageObject","inLanguage":"de","@id":"https:\/\/koningdrone.be\/product\/dji-care-enterprise-plus-upgrade-for-dji-zenmuse-h20n\/#primaryimage","url":"https:\/\/koningdrone.be\/wp-content\/uploads\/sites\/13\/2025\/04\/h20n_plus_payload.png","contentUrl":"https:\/\/koningdrone.be\/wp-content\/uploads\/sites\/13\/2025\/04\/h20n_plus_payload.png","width":720,"height":720},{"@type":"BreadcrumbList","@id":"https:\/\/koningdrone.be\/product\/dji-care-enterprise-plus-upgrade-for-dji-zenmuse-h20n\/#breadcrumb","itemListElement":[{"@type":"ListItem","position":1,"name":"Home","item":"https:\/\/koningdrone.be\/"},{"@type":"ListItem","position":2,"name":"AVSS Parachute Recovery System for DJI Matrice 300\/350","item":"https:\/\/koningdrone.be\/product\/avss-parachute-recovery-system-for-dji-matrice-300-350\/"},{"@type":"ListItem","position":3,"name":"Uncategorized","item":"https:\/\/koningdrone.be\/categorie\/uncategorized\/"},{"@type":"ListItem","position":4,"name":"DJI Care Enterprise Plus Upgrade For DJI Zenmuse H20N"}]},{"@type":"WebSite","@id":"https:\/\/koningdrone.be\/#website","url":"https:\/\/koningdrone.be\/","name":"Koningdrone.be - Ihr Online-Spezialist f\u00fcr Drohnen, Gimbals, Kameras und Kraftwerke.","description":"Der Webshop f\u00fcr Drohnen und Gimbals","publisher":{"@id":"https:\/\/koningdrone.be\/#organization"},"potentialAction":[{"@type":"SearchAction","target":{"@type":"EntryPoint","urlTemplate":"https:\/\/koningdrone.be\/?s={search_term_string}"},"query-input":{"@type":"PropertyValueSpecification","valueRequired":true,"valueName":"search_term_string"}}],"inLanguage":"de"},{"@type":"Organization","@id":"https:\/\/koningdrone.be\/#organization","name":"Kingdrone.de","url":"https:\/\/koningdrone.be\/","logo":{"@type":"ImageObject","inLanguage":"de","@id":"https:\/\/koningdrone.be\/#\/schema\/logo\/image\/","url":"https:\/\/koningdrone.be\/wp-content\/uploads\/sites\/13\/2025\/04\/koningdrone-copyright-logo.svg","contentUrl":"https:\/\/koningdrone.be\/wp-content\/uploads\/sites\/13\/2025\/04\/koningdrone-copyright-logo.svg","width":227,"height":38,"caption":"Koningdrone.be"},"image":{"@id":"https:\/\/koningdrone.be\/#\/schema\/logo\/image\/"}}]}},"df_price":967,"df_sale_price":"","df_regular_price":967,"df_image_link":"https:\/\/koningdrone.be\/wp-content\/uploads\/sites\/13\/2025\/04\/h20n_plus_payload-300x300.png","_links":{"self":[{"href":"https:\/\/koningdrone.be\/de\/wp-json\/wp\/v2\/product\/1613","targetHints":{"allow":["GET"]}}],"collection":[{"href":"https:\/\/koningdrone.be\/de\/wp-json\/wp\/v2\/product"}],"about":[{"href":"https:\/\/koningdrone.be\/de\/wp-json\/wp\/v2\/types\/product"}],"wp:featuredmedia":[{"embeddable":true,"href":"https:\/\/koningdrone.be\/de\/wp-json\/wp\/v2\/media\/1612"}],"wp:attachment":[{"href":"https:\/\/koningdrone.be\/de\/wp-json\/wp\/v2\/media?parent=1613"}],"wp:term":[{"taxonomy":"product_brand","embeddable":true,"href":"https:\/\/koningdrone.be\/de\/wp-json\/wp\/v2\/product_brand?post=1613"},{"taxonomy":"product_cat","embeddable":true,"href":"https:\/\/koningdrone.be\/de\/wp-json\/wp\/v2\/product_cat?post=1613"},{"taxonomy":"product_tag","embeddable":true,"href":"https:\/\/koningdrone.be\/de\/wp-json\/wp\/v2\/product_tag?post=1613"}],"curies":[{"name":"wp","href":"https:\/\/api.w.org\/{rel}","templated":true}]}}