{"id":16128,"date":"2025-09-01T15:52:49","date_gmt":"2025-09-01T13:52:49","guid":{"rendered":"https:\/\/koningdrone.be\/product\/anker-solix-f3800\/"},"modified":"2025-09-01T15:52:49","modified_gmt":"2025-09-01T13:52:49","slug":"anker-solix-f3800","status":"publish","type":"product","link":"https:\/\/koningdrone.be\/de\/produkt\/anker-solix-f3800\/","title":{"rendered":"Verankerung SOLIX F3800"},"content":{"rendered":"<h2>Anker SOLIX F3800 Kraftwerk<\/h2>\n<p><strong>Extreme Leistung f\u00fcr den Einsatz zu Hause, im Freien und in Notf\u00e4llen.<\/strong><\/p>\n<p>Die <strong>Verankerung SOLIX F3800<\/strong> ist ein leistungsstarkes, tragbares Kraftwerk, das als <strong>Home-Backup-L\u00f6sung<\/strong> und f\u00fcr <strong>Au\u00dfenanwendungen<\/strong>. Mit einer riesigen <strong>Kapazit\u00e4t von 3,84kWh<\/strong> (erweiterbar auf bis zu 26,9kWh) und ein <strong>AC-Leistung von 6.000 W<\/strong> Dieses Ger\u00e4t ist in der Lage, selbst schwere Ger\u00e4te und wichtige Haushaltsgegenst\u00e4nde bei Stromausf\u00e4llen oder in netzunabh\u00e4ngigen Situationen m\u00fchelos mit Strom zu versorgen.<\/p>\n<p>Dank an <strong>Solarunterst\u00fctzung<\/strong>, eine integrierte <strong>USV-Funktion<\/strong> und die Kompatibilit\u00e4t mit Wohnmobilen und Hausinstallationen bietet der F3800 maximale <strong>Flexibilit\u00e4t, Zuverl\u00e4ssigkeit und Sicherheit<\/strong>. Egal, ob Sie f\u00fcr den Notfall ger\u00fcstet sein wollen, netzunabh\u00e4ngig leben oder Ihr Wohnmobil unabh\u00e4ngig vom Stromnetz betreiben wollen - diese L\u00f6sung bietet <strong>Seelenfrieden und Leistung<\/strong> im unverwechselbaren Anchor-Design.<\/p>","protected":false},"excerpt":{"rendered":"<ul>\n<li><strong>Zuverl\u00e4ssige Notstromversorgung:<\/strong> h\u00e4lt Ihr Haus bei Stromausf\u00e4llen am Laufen<\/li>\n<li><strong>Flexibel im Einsatz:<\/strong> f\u00fcr den Innen- und Au\u00dfeneinsatz geeignet<\/li>\n<li><strong>Solare Integration:<\/strong> kompatibel mit Sonnenkollektoren f\u00fcr eine nachhaltige Energieversorgung<\/li>\n<li><strong>Tragbares Design:<\/strong> leicht zu bewegen trotz gro\u00dfer Energiekapazit\u00e4t<\/li>\n<li><strong>Strom f\u00fcr schwere Ger\u00e4te:<\/strong> Einfache Stromversorgung wichtiger und leistungsstarker Ger\u00e4te<\/li>\n<li><strong>Intelligentes Management:<\/strong> App-Unterst\u00fctzung f\u00fcr Fern\u00fcberwachung und -steuerung<\/li>\n<li><strong>Nachhaltig gebaut:<\/strong> hochwertige Materialien garantieren langfristige Leistung<\/li>\n<\/ul>","protected":false},"featured_media":16118,"template":"","meta":{"_acf_changed":false},"product_brand":[],"product_cat":[97,197,1701],"product_tag":[],"class_list":{"0":"post-16128","1":"product","2":"type-product","3":"status-publish","4":"has-post-thumbnail","6":"product_cat-alle-producten","7":"product_cat-anker","8":"product_cat-anker-bluetti","9":"pa_brand-anker","10":"pa_producttype-draagbare-energiecentrale","12":"first","13":"outofstock","14":"taxable","15":"shipping-taxable","16":"product-type-simple"},"acf":[],"yoast_head":"<!-- This site is optimized with the Yoast SEO Premium plugin v27.2 (Yoast SEO v27.2) - https:\/\/yoast.com\/product\/yoast-seo-premium-wordpress\/ -->\n<title>Anker SOLIX F3800 - koningdrone.be<\/title>\n<meta name=\"robots\" content=\"index, follow, max-snippet:-1, max-image-preview:large, max-video-preview:-1\" \/>\n<link rel=\"canonical\" href=\"https:\/\/koningdrone.be\/de\/produkt\/anker-solix-f3800\/\" \/>\n<meta property=\"og:locale\" content=\"de_DE\" \/>\n<meta property=\"og:type\" content=\"article\" \/>\n<meta property=\"og:title\" content=\"Anker SOLIX F3800\" \/>\n<meta property=\"og:description\" content=\"Betrouwbare back-upstroom: houdt je huis draaiende tijdens stroomuitval  Flexibel in gebruik: geschikt voor zowel binnen- als buitengebruik  Zonne-integratie: compatibel met zonnepanelen voor duurzame energievoorziening  Draagbaar ontwerp: eenvoudig te verplaatsen ondanks de grote energiecapaciteit  Vermogen voor zware apparatuur: voorziet moeiteloos essenti\u00eble en krachtige apparaten van stroom  Slim beheer: app-ondersteuning voor monitoring en bediening op afstand  Duurzaam gebouwd: hoogwaardige materialen garanderen langdurige prestaties\" \/>\n<meta property=\"og:url\" content=\"https:\/\/koningdrone.be\/de\/produkt\/anker-solix-f3800\/\" \/>\n<meta property=\"og:site_name\" content=\"koningdrone.be\" \/>\n<meta property=\"og:image\" content=\"https:\/\/koningdrone.be\/wp-content\/uploads\/sites\/13\/2026\/01\/anker-solix-F3800-portable-power-station-03-20240105.jpg\" \/>\n\t<meta property=\"og:image:width\" content=\"800\" \/>\n\t<meta property=\"og:image:height\" content=\"800\" \/>\n\t<meta property=\"og:image:type\" content=\"image\/jpeg\" \/>\n<meta name=\"twitter:card\" content=\"summary_large_image\" \/>\n<meta name=\"twitter:label1\" content=\"Gesch\u00e4tzte Lesezeit\" \/>\n\t<meta name=\"twitter:data1\" content=\"1\u00a0Minute\" \/>\n<script type=\"application\/ld+json\" class=\"yoast-schema-graph\">{\"@context\":\"https:\/\/schema.org\",\"@graph\":[{\"@type\":\"WebPage\",\"@id\":\"https:\/\/koningdrone.be\/en\/product\/anker-solix-f3800\/\",\"url\":\"https:\/\/koningdrone.be\/en\/product\/anker-solix-f3800\/\",\"name\":\"Anker SOLIX F3800 - koningdrone.be\",\"isPartOf\":{\"@id\":\"https:\/\/koningdrone.be\/#website\"},\"primaryImageOfPage\":{\"@id\":\"https:\/\/koningdrone.be\/en\/product\/anker-solix-f3800\/#primaryimage\"},\"image\":{\"@id\":\"https:\/\/koningdrone.be\/en\/product\/anker-solix-f3800\/#primaryimage\"},\"thumbnailUrl\":\"https:\/\/koningdrone.be\/wp-content\/uploads\/sites\/13\/2026\/01\/anker-solix-F3800-portable-power-station-03-20240105.jpg\",\"datePublished\":\"2025-09-01T13:52:49+00:00\",\"breadcrumb\":{\"@id\":\"https:\/\/koningdrone.be\/en\/product\/anker-solix-f3800\/#breadcrumb\"},\"inLanguage\":\"de\",\"potentialAction\":[{\"@type\":\"ReadAction\",\"target\":[\"https:\/\/koningdrone.be\/en\/product\/anker-solix-f3800\/\"]}]},{\"@type\":\"ImageObject\",\"inLanguage\":\"de\",\"@id\":\"https:\/\/koningdrone.be\/en\/product\/anker-solix-f3800\/#primaryimage\",\"url\":\"https:\/\/koningdrone.be\/wp-content\/uploads\/sites\/13\/2026\/01\/anker-solix-F3800-portable-power-station-03-20240105.jpg\",\"contentUrl\":\"https:\/\/koningdrone.be\/wp-content\/uploads\/sites\/13\/2026\/01\/anker-solix-F3800-portable-power-station-03-20240105.jpg\",\"width\":800,\"height\":800},{\"@type\":\"BreadcrumbList\",\"@id\":\"https:\/\/koningdrone.be\/en\/product\/anker-solix-f3800\/#breadcrumb\",\"itemListElement\":[{\"@type\":\"ListItem\",\"position\":1,\"name\":\"Home\",\"item\":\"https:\/\/koningdrone.be\/\"},{\"@type\":\"ListItem\",\"position\":2,\"name\":\"AVSS Parachute Recovery System for DJI Matrice 300\/350\",\"item\":\"https:\/\/koningdrone.be\/product\/avss-parachute-recovery-system-for-dji-matrice-300-350\/\"},{\"@type\":\"ListItem\",\"position\":3,\"name\":\"Alle producten\",\"item\":\"https:\/\/koningdrone.be\/categorie\/alle-producten\/\"},{\"@type\":\"ListItem\",\"position\":4,\"name\":\"Anker SOLIX F3800\"}]},{\"@type\":\"WebSite\",\"@id\":\"https:\/\/koningdrone.be\/#website\",\"url\":\"https:\/\/koningdrone.be\/\",\"name\":\"Koningdrone.be - Uw online specialist in drones, gimbals, camera's en power stations.\",\"description\":\"De webshop in drones en gimbals\",\"publisher\":{\"@id\":\"https:\/\/koningdrone.be\/#organization\"},\"potentialAction\":[{\"@type\":\"SearchAction\",\"target\":{\"@type\":\"EntryPoint\",\"urlTemplate\":\"https:\/\/koningdrone.be\/?s={search_term_string}\"},\"query-input\":{\"@type\":\"PropertyValueSpecification\",\"valueRequired\":true,\"valueName\":\"search_term_string\"}}],\"inLanguage\":\"de\"},{\"@type\":\"Organization\",\"@id\":\"https:\/\/koningdrone.be\/#organization\",\"name\":\"Koningdrone.be\",\"url\":\"https:\/\/koningdrone.be\/\",\"logo\":{\"@type\":\"ImageObject\",\"inLanguage\":\"de\",\"@id\":\"https:\/\/koningdrone.be\/#\/schema\/logo\/image\/\",\"url\":\"https:\/\/koningdrone.be\/wp-content\/uploads\/sites\/13\/2025\/04\/koningdrone-copyright-logo.svg\",\"contentUrl\":\"https:\/\/koningdrone.be\/wp-content\/uploads\/sites\/13\/2025\/04\/koningdrone-copyright-logo.svg\",\"width\":227,\"height\":38,\"caption\":\"Koningdrone.be\"},\"image\":{\"@id\":\"https:\/\/koningdrone.be\/#\/schema\/logo\/image\/\"}}]}<\/script>\n<!-- \/ Yoast SEO Premium plugin. -->","yoast_head_json":{"title":"Anker SOLIX F3800 - koningdrone.be","robots":{"index":"index","follow":"follow","max-snippet":"max-snippet:-1","max-image-preview":"max-image-preview:large","max-video-preview":"max-video-preview:-1"},"canonical":"https:\/\/koningdrone.be\/de\/produkt\/anker-solix-f3800\/","og_locale":"de_DE","og_type":"article","og_title":"Anker SOLIX F3800","og_description":"Betrouwbare back-upstroom: houdt je huis draaiende tijdens stroomuitval  Flexibel in gebruik: geschikt voor zowel binnen- als buitengebruik  Zonne-integratie: compatibel met zonnepanelen voor duurzame energievoorziening  Draagbaar ontwerp: eenvoudig te verplaatsen ondanks de grote energiecapaciteit  Vermogen voor zware apparatuur: voorziet moeiteloos essenti\u00eble en krachtige apparaten van stroom  Slim beheer: app-ondersteuning voor monitoring en bediening op afstand  Duurzaam gebouwd: hoogwaardige materialen garanderen langdurige prestaties","og_url":"https:\/\/koningdrone.be\/de\/produkt\/anker-solix-f3800\/","og_site_name":"koningdrone.be","og_image":[{"width":800,"height":800,"url":"https:\/\/koningdrone.be\/wp-content\/uploads\/sites\/13\/2026\/01\/anker-solix-F3800-portable-power-station-03-20240105.jpg","type":"image\/jpeg"}],"twitter_card":"summary_large_image","twitter_misc":{"Gesch\u00e4tzte Lesezeit":"1\u00a0Minute"},"schema":{"@context":"https:\/\/schema.org","@graph":[{"@type":"WebPage","@id":"https:\/\/koningdrone.be\/en\/product\/anker-solix-f3800\/","url":"https:\/\/koningdrone.be\/en\/product\/anker-solix-f3800\/","name":"Anker SOLIX F3800 - koningdrone.be","isPartOf":{"@id":"https:\/\/koningdrone.be\/#website"},"primaryImageOfPage":{"@id":"https:\/\/koningdrone.be\/en\/product\/anker-solix-f3800\/#primaryimage"},"image":{"@id":"https:\/\/koningdrone.be\/en\/product\/anker-solix-f3800\/#primaryimage"},"thumbnailUrl":"https:\/\/koningdrone.be\/wp-content\/uploads\/sites\/13\/2026\/01\/anker-solix-F3800-portable-power-station-03-20240105.jpg","datePublished":"2025-09-01T13:52:49+00:00","breadcrumb":{"@id":"https:\/\/koningdrone.be\/en\/product\/anker-solix-f3800\/#breadcrumb"},"inLanguage":"de","potentialAction":[{"@type":"ReadAction","target":["https:\/\/koningdrone.be\/en\/product\/anker-solix-f3800\/"]}]},{"@type":"ImageObject","inLanguage":"de","@id":"https:\/\/koningdrone.be\/en\/product\/anker-solix-f3800\/#primaryimage","url":"https:\/\/koningdrone.be\/wp-content\/uploads\/sites\/13\/2026\/01\/anker-solix-F3800-portable-power-station-03-20240105.jpg","contentUrl":"https:\/\/koningdrone.be\/wp-content\/uploads\/sites\/13\/2026\/01\/anker-solix-F3800-portable-power-station-03-20240105.jpg","width":800,"height":800},{"@type":"BreadcrumbList","@id":"https:\/\/koningdrone.be\/en\/product\/anker-solix-f3800\/#breadcrumb","itemListElement":[{"@type":"ListItem","position":1,"name":"Home","item":"https:\/\/koningdrone.be\/"},{"@type":"ListItem","position":2,"name":"AVSS Parachute Recovery System for DJI Matrice 300\/350","item":"https:\/\/koningdrone.be\/product\/avss-parachute-recovery-system-for-dji-matrice-300-350\/"},{"@type":"ListItem","position":3,"name":"Alle producten","item":"https:\/\/koningdrone.be\/categorie\/alle-producten\/"},{"@type":"ListItem","position":4,"name":"Anker SOLIX F3800"}]},{"@type":"WebSite","@id":"https:\/\/koningdrone.be\/#website","url":"https:\/\/koningdrone.be\/","name":"Koningdrone.be - Ihr Online-Spezialist f\u00fcr Drohnen, Gimbals, Kameras und Kraftwerke.","description":"Der Webshop f\u00fcr Drohnen und Gimbals","publisher":{"@id":"https:\/\/koningdrone.be\/#organization"},"potentialAction":[{"@type":"SearchAction","target":{"@type":"EntryPoint","urlTemplate":"https:\/\/koningdrone.be\/?s={search_term_string}"},"query-input":{"@type":"PropertyValueSpecification","valueRequired":true,"valueName":"search_term_string"}}],"inLanguage":"de"},{"@type":"Organization","@id":"https:\/\/koningdrone.be\/#organization","name":"Kingdrone.de","url":"https:\/\/koningdrone.be\/","logo":{"@type":"ImageObject","inLanguage":"de","@id":"https:\/\/koningdrone.be\/#\/schema\/logo\/image\/","url":"https:\/\/koningdrone.be\/wp-content\/uploads\/sites\/13\/2025\/04\/koningdrone-copyright-logo.svg","contentUrl":"https:\/\/koningdrone.be\/wp-content\/uploads\/sites\/13\/2025\/04\/koningdrone-copyright-logo.svg","width":227,"height":38,"caption":"Koningdrone.be"},"image":{"@id":"https:\/\/koningdrone.be\/#\/schema\/logo\/image\/"}}]}},"df_price":"","df_sale_price":"","df_regular_price":"","df_image_link":"https:\/\/koningdrone.be\/wp-content\/uploads\/sites\/13\/2026\/01\/anker-solix-F3800-portable-power-station-03-20240105-300x300.jpg","_links":{"self":[{"href":"https:\/\/koningdrone.be\/de\/wp-json\/wp\/v2\/product\/16128","targetHints":{"allow":["GET"]}}],"collection":[{"href":"https:\/\/koningdrone.be\/de\/wp-json\/wp\/v2\/product"}],"about":[{"href":"https:\/\/koningdrone.be\/de\/wp-json\/wp\/v2\/types\/product"}],"wp:featuredmedia":[{"embeddable":true,"href":"https:\/\/koningdrone.be\/de\/wp-json\/wp\/v2\/media\/16118"}],"wp:attachment":[{"href":"https:\/\/koningdrone.be\/de\/wp-json\/wp\/v2\/media?parent=16128"}],"wp:term":[{"taxonomy":"product_brand","embeddable":true,"href":"https:\/\/koningdrone.be\/de\/wp-json\/wp\/v2\/product_brand?post=16128"},{"taxonomy":"product_cat","embeddable":true,"href":"https:\/\/koningdrone.be\/de\/wp-json\/wp\/v2\/product_cat?post=16128"},{"taxonomy":"product_tag","embeddable":true,"href":"https:\/\/koningdrone.be\/de\/wp-json\/wp\/v2\/product_tag?post=16128"}],"curies":[{"name":"wp","href":"https:\/\/api.w.org\/{rel}","templated":true}]}}