{"id":16106,"date":"2025-09-03T10:24:11","date_gmt":"2025-09-03T08:24:11","guid":{"rendered":"https:\/\/koningdrone.be\/product\/anker-solix-f1500-1536wh-1800w\/"},"modified":"2026-04-29T06:50:25","modified_gmt":"2026-04-29T04:50:25","slug":"anker-solix-f1500-1536wh-1800w","status":"publish","type":"product","link":"https:\/\/koningdrone.be\/de\/produkt\/anker-solix-f1500-1536wh-1800w\/","title":{"rendered":"Anker SOLIX F1500 - 1536Wh | 1800W"},"content":{"rendered":"<h2>Der Anker SOLIX F1500 ist eine leistungsstarke tragbare Stromversorgungsstation mit einem 1536Wh LiFePO\u2084-Akku und 1800W Leistung, ideal f\u00fcr den Einsatz zu Hause, bei Outdoor-Abenteuern oder auf Baustellen<\/h2>\n<p>Es bietet schnelle AC-Ladung (80% in 1 Stunde), Unterst\u00fctzung f\u00fcr Solarenergie und 13 vielseitige Anschl\u00fcsse f\u00fcr die Stromversorgung von Telefonen und anderen Ger\u00e4ten.<\/p>\n<p>Es ist mit mehr als 3.000 Ladezyklen sehr langlebig und bietet au\u00dferdem eine intelligente App-Steuerung und ein robustes, reisetaugliches Design.<\/p>\n<p>Mit seiner zuverl\u00e4ssigen Leistung und seinem langlebigen Akku ist der SOLIX F1500 eine zuverl\u00e4ssige Stromversorgungsl\u00f6sung f\u00fcr jede Situation, vom Notfall bis zum t\u00e4glichen Gebrauch....<\/p>","protected":false},"excerpt":{"rendered":"<ul>\n<li>Er wurde entwickelt, um alles mit Leichtigkeit zu bew\u00e4ltigen, von Stromausf\u00e4llen zu Hause bis hin zu Abenteuern im Freien.<\/li>\n<li><\/li>\n<li>Entwickelt f\u00fcr langfristige Zuverl\u00e4ssigkeit mit einem langlebigen, robusten Design.<\/li>\n<li><\/li>\n<li>L\u00e4dt sich unglaublich schnell auf, sodass Sie im Handumdrehen einsatzbereit sind.<\/li>\n<li><\/li>\n<li>Unterst\u00fctzt die Nutzung von gr\u00fcner Energie durch die Kompatibilit\u00e4t mit Solarladungen.<\/li>\n<li><\/li>\n<li>Sie k\u00f6nnen mehrere Ger\u00e4te gleichzeitig mit Strom versorgen, ohne dass es zu Problemen kommt.<\/li>\n<li><\/li>\n<li>Einfache \u00dcberwachung und Steuerung aus der Ferne \u00fcber die Anker-App.<\/li>\n<li><\/li>\n<li>Die leise und saubere Leistung macht ihn auch f\u00fcr den Einsatz in Innenr\u00e4umen perfekt.<\/li>\n<li><\/li>\n<\/ul>","protected":false},"featured_media":16076,"template":"","meta":{"_acf_changed":false},"product_brand":[],"product_cat":[97,197,1701],"product_tag":[],"class_list":{"0":"post-16106","1":"product","2":"type-product","3":"status-publish","4":"has-post-thumbnail","6":"product_cat-alle-producten","7":"product_cat-anker","8":"product_cat-anker-bluetti","9":"product_shipping_class-outofstock","10":"pa_brand-anker","11":"pa_producttype-power-station","13":"first","14":"outofstock","15":"taxable","16":"shipping-taxable","17":"product-type-simple"},"acf":[],"yoast_head":"<!-- This site is optimized with the Yoast SEO Premium plugin v27.2 (Yoast SEO v27.2) - https:\/\/yoast.com\/product\/yoast-seo-premium-wordpress\/ -->\n<title>Anker SOLIX F1500 - 1536Wh | 1800W - koningdrone.be<\/title>\n<meta name=\"robots\" content=\"index, follow, max-snippet:-1, max-image-preview:large, max-video-preview:-1\" \/>\n<link rel=\"canonical\" href=\"https:\/\/koningdrone.be\/de\/produkt\/anker-solix-f1500-1536wh-1800w\/\" \/>\n<meta property=\"og:locale\" content=\"de_DE\" \/>\n<meta property=\"og:type\" content=\"article\" \/>\n<meta property=\"og:title\" content=\"Anker SOLIX F1500 - 1536Wh | 1800W\" \/>\n<meta property=\"og:description\" content=\"Gebouwd om alles met gemak aan te kunnen, van stroomstoringen thuis tot avonturen buitenshuis.    Ontworpen voor langdurige betrouwbaarheid met een duurzaam, robuust ontwerp.    Laadt ongelooflijk snel op, dus je bent in een mum van tijd klaar om te gaan.    Ondersteunt het gebruik van groene energie met compatibiliteit met opladen op zonne-energie.    Je kunt meerdere apparaten tegelijk van stroom voorzien zonder gedoe.    Eenvoudig op afstand te controleren en te bedienen via de Anker app.    Stille en schone stroom maakt hem ook perfect voor gebruik binnenshuis.\" \/>\n<meta property=\"og:url\" content=\"https:\/\/koningdrone.be\/de\/produkt\/anker-solix-f1500-1536wh-1800w\/\" \/>\n<meta property=\"og:site_name\" content=\"koningdrone.be\" \/>\n<meta property=\"article:modified_time\" content=\"2026-04-29T04:50:25+00:00\" \/>\n<meta property=\"og:image\" content=\"https:\/\/koningdrone.be\/wp-content\/uploads\/sites\/13\/2026\/01\/anker-solix-f1500-portable-power-station-01-20240612.jpg\" \/>\n\t<meta property=\"og:image:width\" content=\"800\" \/>\n\t<meta property=\"og:image:height\" content=\"800\" \/>\n\t<meta property=\"og:image:type\" content=\"image\/jpeg\" \/>\n<meta name=\"twitter:card\" content=\"summary_large_image\" \/>\n<script type=\"application\/ld+json\" class=\"yoast-schema-graph\">{\"@context\":\"https:\/\/schema.org\",\"@graph\":[{\"@type\":\"WebPage\",\"@id\":\"https:\/\/koningdrone.be\/product\/anker-solix-f1500-1536wh-1800w\/\",\"url\":\"https:\/\/koningdrone.be\/product\/anker-solix-f1500-1536wh-1800w\/\",\"name\":\"Anker SOLIX F1500 - 1536Wh | 1800W - koningdrone.be\",\"isPartOf\":{\"@id\":\"https:\/\/koningdrone.be\/#website\"},\"primaryImageOfPage\":{\"@id\":\"https:\/\/koningdrone.be\/product\/anker-solix-f1500-1536wh-1800w\/#primaryimage\"},\"image\":{\"@id\":\"https:\/\/koningdrone.be\/product\/anker-solix-f1500-1536wh-1800w\/#primaryimage\"},\"thumbnailUrl\":\"https:\/\/koningdrone.be\/wp-content\/uploads\/sites\/13\/2026\/01\/anker-solix-f1500-portable-power-station-01-20240612.jpg\",\"datePublished\":\"2025-09-03T08:24:11+00:00\",\"dateModified\":\"2026-04-29T04:50:25+00:00\",\"breadcrumb\":{\"@id\":\"https:\/\/koningdrone.be\/product\/anker-solix-f1500-1536wh-1800w\/#breadcrumb\"},\"inLanguage\":\"de\",\"potentialAction\":[{\"@type\":\"ReadAction\",\"target\":[\"https:\/\/koningdrone.be\/product\/anker-solix-f1500-1536wh-1800w\/\"]}]},{\"@type\":\"ImageObject\",\"inLanguage\":\"de\",\"@id\":\"https:\/\/koningdrone.be\/product\/anker-solix-f1500-1536wh-1800w\/#primaryimage\",\"url\":\"https:\/\/koningdrone.be\/wp-content\/uploads\/sites\/13\/2026\/01\/anker-solix-f1500-portable-power-station-01-20240612.jpg\",\"contentUrl\":\"https:\/\/koningdrone.be\/wp-content\/uploads\/sites\/13\/2026\/01\/anker-solix-f1500-portable-power-station-01-20240612.jpg\",\"width\":800,\"height\":800},{\"@type\":\"BreadcrumbList\",\"@id\":\"https:\/\/koningdrone.be\/product\/anker-solix-f1500-1536wh-1800w\/#breadcrumb\",\"itemListElement\":[{\"@type\":\"ListItem\",\"position\":1,\"name\":\"Home\",\"item\":\"https:\/\/koningdrone.be\/\"},{\"@type\":\"ListItem\",\"position\":2,\"name\":\"AVSS Parachute Recovery System for DJI Matrice 300\/350\",\"item\":\"https:\/\/koningdrone.be\/product\/avss-parachute-recovery-system-for-dji-matrice-300-350\/\"},{\"@type\":\"ListItem\",\"position\":3,\"name\":\"Alle producten\",\"item\":\"https:\/\/koningdrone.be\/categorie\/alle-producten\/\"},{\"@type\":\"ListItem\",\"position\":4,\"name\":\"Anker SOLIX F1500 &#8211; 1536Wh | 1800W\"}]},{\"@type\":\"WebSite\",\"@id\":\"https:\/\/koningdrone.be\/#website\",\"url\":\"https:\/\/koningdrone.be\/\",\"name\":\"Koningdrone.be - Uw online specialist in drones, gimbals, camera's en power stations.\",\"description\":\"De webshop in drones en gimbals\",\"publisher\":{\"@id\":\"https:\/\/koningdrone.be\/#organization\"},\"potentialAction\":[{\"@type\":\"SearchAction\",\"target\":{\"@type\":\"EntryPoint\",\"urlTemplate\":\"https:\/\/koningdrone.be\/?s={search_term_string}\"},\"query-input\":{\"@type\":\"PropertyValueSpecification\",\"valueRequired\":true,\"valueName\":\"search_term_string\"}}],\"inLanguage\":\"de\"},{\"@type\":\"Organization\",\"@id\":\"https:\/\/koningdrone.be\/#organization\",\"name\":\"Koningdrone.be\",\"url\":\"https:\/\/koningdrone.be\/\",\"logo\":{\"@type\":\"ImageObject\",\"inLanguage\":\"de\",\"@id\":\"https:\/\/koningdrone.be\/#\/schema\/logo\/image\/\",\"url\":\"https:\/\/koningdrone.be\/wp-content\/uploads\/sites\/13\/2025\/04\/koningdrone-copyright-logo.svg\",\"contentUrl\":\"https:\/\/koningdrone.be\/wp-content\/uploads\/sites\/13\/2025\/04\/koningdrone-copyright-logo.svg\",\"width\":227,\"height\":38,\"caption\":\"Koningdrone.be\"},\"image\":{\"@id\":\"https:\/\/koningdrone.be\/#\/schema\/logo\/image\/\"}}]}<\/script>\n<!-- \/ Yoast SEO Premium plugin. -->","yoast_head_json":{"title":"Anker SOLIX F1500 - 1536Wh | 1800W - koningdrone.be","robots":{"index":"index","follow":"follow","max-snippet":"max-snippet:-1","max-image-preview":"max-image-preview:large","max-video-preview":"max-video-preview:-1"},"canonical":"https:\/\/koningdrone.be\/de\/produkt\/anker-solix-f1500-1536wh-1800w\/","og_locale":"de_DE","og_type":"article","og_title":"Anker SOLIX F1500 - 1536Wh | 1800W","og_description":"Gebouwd om alles met gemak aan te kunnen, van stroomstoringen thuis tot avonturen buitenshuis.    Ontworpen voor langdurige betrouwbaarheid met een duurzaam, robuust ontwerp.    Laadt ongelooflijk snel op, dus je bent in een mum van tijd klaar om te gaan.    Ondersteunt het gebruik van groene energie met compatibiliteit met opladen op zonne-energie.    Je kunt meerdere apparaten tegelijk van stroom voorzien zonder gedoe.    Eenvoudig op afstand te controleren en te bedienen via de Anker app.    Stille en schone stroom maakt hem ook perfect voor gebruik binnenshuis.","og_url":"https:\/\/koningdrone.be\/de\/produkt\/anker-solix-f1500-1536wh-1800w\/","og_site_name":"koningdrone.be","article_modified_time":"2026-04-29T04:50:25+00:00","og_image":[{"width":800,"height":800,"url":"https:\/\/koningdrone.be\/wp-content\/uploads\/sites\/13\/2026\/01\/anker-solix-f1500-portable-power-station-01-20240612.jpg","type":"image\/jpeg"}],"twitter_card":"summary_large_image","schema":{"@context":"https:\/\/schema.org","@graph":[{"@type":"WebPage","@id":"https:\/\/koningdrone.be\/product\/anker-solix-f1500-1536wh-1800w\/","url":"https:\/\/koningdrone.be\/product\/anker-solix-f1500-1536wh-1800w\/","name":"Anker SOLIX F1500 - 1536Wh | 1800W - koningdrone.be","isPartOf":{"@id":"https:\/\/koningdrone.be\/#website"},"primaryImageOfPage":{"@id":"https:\/\/koningdrone.be\/product\/anker-solix-f1500-1536wh-1800w\/#primaryimage"},"image":{"@id":"https:\/\/koningdrone.be\/product\/anker-solix-f1500-1536wh-1800w\/#primaryimage"},"thumbnailUrl":"https:\/\/koningdrone.be\/wp-content\/uploads\/sites\/13\/2026\/01\/anker-solix-f1500-portable-power-station-01-20240612.jpg","datePublished":"2025-09-03T08:24:11+00:00","dateModified":"2026-04-29T04:50:25+00:00","breadcrumb":{"@id":"https:\/\/koningdrone.be\/product\/anker-solix-f1500-1536wh-1800w\/#breadcrumb"},"inLanguage":"de","potentialAction":[{"@type":"ReadAction","target":["https:\/\/koningdrone.be\/product\/anker-solix-f1500-1536wh-1800w\/"]}]},{"@type":"ImageObject","inLanguage":"de","@id":"https:\/\/koningdrone.be\/product\/anker-solix-f1500-1536wh-1800w\/#primaryimage","url":"https:\/\/koningdrone.be\/wp-content\/uploads\/sites\/13\/2026\/01\/anker-solix-f1500-portable-power-station-01-20240612.jpg","contentUrl":"https:\/\/koningdrone.be\/wp-content\/uploads\/sites\/13\/2026\/01\/anker-solix-f1500-portable-power-station-01-20240612.jpg","width":800,"height":800},{"@type":"BreadcrumbList","@id":"https:\/\/koningdrone.be\/product\/anker-solix-f1500-1536wh-1800w\/#breadcrumb","itemListElement":[{"@type":"ListItem","position":1,"name":"Home","item":"https:\/\/koningdrone.be\/"},{"@type":"ListItem","position":2,"name":"AVSS Parachute Recovery System for DJI Matrice 300\/350","item":"https:\/\/koningdrone.be\/product\/avss-parachute-recovery-system-for-dji-matrice-300-350\/"},{"@type":"ListItem","position":3,"name":"Alle producten","item":"https:\/\/koningdrone.be\/categorie\/alle-producten\/"},{"@type":"ListItem","position":4,"name":"Anker SOLIX F1500 &#8211; 1536Wh | 1800W"}]},{"@type":"WebSite","@id":"https:\/\/koningdrone.be\/#website","url":"https:\/\/koningdrone.be\/","name":"Koningdrone.be - Ihr Online-Spezialist f\u00fcr Drohnen, Gimbals, Kameras und Kraftwerke.","description":"Der Webshop f\u00fcr Drohnen und Gimbals","publisher":{"@id":"https:\/\/koningdrone.be\/#organization"},"potentialAction":[{"@type":"SearchAction","target":{"@type":"EntryPoint","urlTemplate":"https:\/\/koningdrone.be\/?s={search_term_string}"},"query-input":{"@type":"PropertyValueSpecification","valueRequired":true,"valueName":"search_term_string"}}],"inLanguage":"de"},{"@type":"Organization","@id":"https:\/\/koningdrone.be\/#organization","name":"Kingdrone.de","url":"https:\/\/koningdrone.be\/","logo":{"@type":"ImageObject","inLanguage":"de","@id":"https:\/\/koningdrone.be\/#\/schema\/logo\/image\/","url":"https:\/\/koningdrone.be\/wp-content\/uploads\/sites\/13\/2025\/04\/koningdrone-copyright-logo.svg","contentUrl":"https:\/\/koningdrone.be\/wp-content\/uploads\/sites\/13\/2025\/04\/koningdrone-copyright-logo.svg","width":227,"height":38,"caption":"Koningdrone.be"},"image":{"@id":"https:\/\/koningdrone.be\/#\/schema\/logo\/image\/"}}]}},"df_price":"","df_sale_price":"","df_regular_price":"","df_image_link":"https:\/\/koningdrone.be\/wp-content\/uploads\/sites\/13\/2026\/01\/anker-solix-f1500-portable-power-station-01-20240612-300x300.jpg","_links":{"self":[{"href":"https:\/\/koningdrone.be\/de\/wp-json\/wp\/v2\/product\/16106","targetHints":{"allow":["GET"]}}],"collection":[{"href":"https:\/\/koningdrone.be\/de\/wp-json\/wp\/v2\/product"}],"about":[{"href":"https:\/\/koningdrone.be\/de\/wp-json\/wp\/v2\/types\/product"}],"wp:featuredmedia":[{"embeddable":true,"href":"https:\/\/koningdrone.be\/de\/wp-json\/wp\/v2\/media\/16076"}],"wp:attachment":[{"href":"https:\/\/koningdrone.be\/de\/wp-json\/wp\/v2\/media?parent=16106"}],"wp:term":[{"taxonomy":"product_brand","embeddable":true,"href":"https:\/\/koningdrone.be\/de\/wp-json\/wp\/v2\/product_brand?post=16106"},{"taxonomy":"product_cat","embeddable":true,"href":"https:\/\/koningdrone.be\/de\/wp-json\/wp\/v2\/product_cat?post=16106"},{"taxonomy":"product_tag","embeddable":true,"href":"https:\/\/koningdrone.be\/de\/wp-json\/wp\/v2\/product_tag?post=16106"}],"curies":[{"name":"wp","href":"https:\/\/api.w.org\/{rel}","templated":true}]}}