{"id":1609,"date":"2024-12-04T12:15:51","date_gmt":"2024-12-04T11:15:51","guid":{"rendered":"https:\/\/koningdrone.nl\/kon\/?post_type=product&#038;p=1609"},"modified":"2026-04-29T15:00:07","modified_gmt":"2026-04-29T13:00:07","slug":"dji-care-enterprise-basic%ef%bc%88m30t%ef%bc%89-eu","status":"publish","type":"product","link":"https:\/\/koningdrone.be\/de\/produkt\/dji-care-enterprise-basic%ef%bc%88m30t%ef%bc%89-eu\/","title":{"rendered":"DJI Care Enterprise Basic\uff08M30T\uff09 EU"},"content":{"rendered":"<p>DJI Care Enterprise Basic (M30T) EU ist ein umfassender Serviceplan f\u00fcr die DJI M30T Drohne, der einen wesentlichen Schutz gegen versehentliche Sch\u00e4den w\u00e4hrend der Nutzung bietet. Ma\u00dfgeschneidert f\u00fcr europ\u00e4ische Kunden, bietet dieser Plan Seelenfrieden mit reduzierten Reparaturkosten f\u00fcr Vorf\u00e4lle wie Wassersch\u00e4den, Kollisionen und St\u00fcrze. Mit flexiblen Reparatur- und Austauschoptionen sorgt er f\u00fcr minimale Ausfallzeiten und erm\u00f6glicht es Unternehmen, ihre betriebliche Effizienz aufrechtzuerhalten. DJI Care Enterprise Basic ist ideal f\u00fcr professionelle und industrielle Anwendungen und kombiniert Zuverl\u00e4ssigkeit und Kosteneffizienz f\u00fcr eine verbesserte Leistung der Drohne.<\/p>","protected":false},"excerpt":{"rendered":"<ul>\n<li>Umfassender Schutz f\u00fcr die DJI M30T Drohne gegen versehentliche Besch\u00e4digung.<\/li>\n<li>Reduziert die Reparaturkosten bei Wassersch\u00e4den, Zusammenst\u00f6\u00dfen und St\u00fcrzen.<\/li>\n<li>Sorgt mit effizienten Reparatur- und Ersatzleistungen f\u00fcr minimale Ausfallzeiten.<\/li>\n<li>Ideal f\u00fcr professionelle und industrielle Drohnenanwendungen.<\/li>\n<li>Speziell auf europ\u00e4ische Nutzer zugeschnitten.<\/li>\n<\/ul>","protected":false},"featured_media":1608,"template":"","meta":{"_acf_changed":false},"product_brand":[],"product_cat":[58],"product_tag":[],"class_list":{"0":"post-1609","1":"product","2":"type-product","3":"status-publish","4":"has-post-thumbnail","6":"product_cat-uncategorized","7":"product_shipping_class-outofstock","8":"pa_brand-dji","9":"pa_producttype-service-plan","10":"pa_series-matrice-30","12":"first","13":"outofstock","14":"taxable","15":"shipping-taxable","16":"purchasable","17":"product-type-simple"},"acf":[],"yoast_head":"<!-- This site is optimized with the Yoast SEO Premium plugin v27.2 (Yoast SEO v27.2) - https:\/\/yoast.com\/product\/yoast-seo-premium-wordpress\/ -->\n<title>DJI Care Enterprise Basic\uff08M30T\uff09 EU - koningdrone.be<\/title>\n<meta name=\"robots\" content=\"index, follow, max-snippet:-1, max-image-preview:large, max-video-preview:-1\" \/>\n<link rel=\"canonical\" href=\"https:\/\/koningdrone.be\/de\/produkt\/dji-care-enterprise-basic\uff08m30t\uff09-eu\/\" \/>\n<meta property=\"og:locale\" content=\"de_DE\" \/>\n<meta property=\"og:type\" content=\"article\" \/>\n<meta property=\"og:title\" content=\"DJI Care Enterprise Basic\uff08M30T\uff09 EU\" \/>\n<meta property=\"og:description\" content=\"Uitgebreide bescherming voor de DJI M30T drone tegen schade door ongelukken.Vermindert reparatiekosten voor waterschade, botsingen en vallen.Zorgt voor minimale downtime met effici\u00ebnte reparatie- en vervangingsservices.Ideaal voor professionele en industri\u00eble dronetoepassingen.Speciaal afgestemd op Europese gebruikers.\" \/>\n<meta property=\"og:url\" content=\"https:\/\/koningdrone.be\/de\/produkt\/dji-care-enterprise-basic\uff08m30t\uff09-eu\/\" \/>\n<meta property=\"og:site_name\" content=\"koningdrone.be\" \/>\n<meta property=\"article:modified_time\" content=\"2026-04-29T13:00:07+00:00\" \/>\n<meta property=\"og:image\" content=\"https:\/\/koningdrone.be\/wp-content\/uploads\/sites\/13\/2025\/04\/m30t_basic_drone.png\" \/>\n\t<meta property=\"og:image:width\" content=\"720\" \/>\n\t<meta property=\"og:image:height\" content=\"720\" \/>\n\t<meta property=\"og:image:type\" content=\"image\/png\" \/>\n<meta name=\"twitter:card\" content=\"summary_large_image\" \/>\n<script type=\"application\/ld+json\" class=\"yoast-schema-graph\">{\"@context\":\"https:\/\/schema.org\",\"@graph\":[{\"@type\":\"WebPage\",\"@id\":\"https:\/\/koningdrone.be\/product\/dji-care-enterprise-basic%ef%bc%88m30t%ef%bc%89-eu\/\",\"url\":\"https:\/\/koningdrone.be\/product\/dji-care-enterprise-basic%ef%bc%88m30t%ef%bc%89-eu\/\",\"name\":\"DJI Care Enterprise Basic\uff08M30T\uff09 EU - koningdrone.be\",\"isPartOf\":{\"@id\":\"https:\/\/koningdrone.be\/#website\"},\"primaryImageOfPage\":{\"@id\":\"https:\/\/koningdrone.be\/product\/dji-care-enterprise-basic%ef%bc%88m30t%ef%bc%89-eu\/#primaryimage\"},\"image\":{\"@id\":\"https:\/\/koningdrone.be\/product\/dji-care-enterprise-basic%ef%bc%88m30t%ef%bc%89-eu\/#primaryimage\"},\"thumbnailUrl\":\"https:\/\/koningdrone.be\/wp-content\/uploads\/sites\/13\/2025\/04\/m30t_basic_drone.png\",\"datePublished\":\"2024-12-04T11:15:51+00:00\",\"dateModified\":\"2026-04-29T13:00:07+00:00\",\"breadcrumb\":{\"@id\":\"https:\/\/koningdrone.be\/product\/dji-care-enterprise-basic%ef%bc%88m30t%ef%bc%89-eu\/#breadcrumb\"},\"inLanguage\":\"de\",\"potentialAction\":[{\"@type\":\"ReadAction\",\"target\":[\"https:\/\/koningdrone.be\/product\/dji-care-enterprise-basic%ef%bc%88m30t%ef%bc%89-eu\/\"]}]},{\"@type\":\"ImageObject\",\"inLanguage\":\"de\",\"@id\":\"https:\/\/koningdrone.be\/product\/dji-care-enterprise-basic%ef%bc%88m30t%ef%bc%89-eu\/#primaryimage\",\"url\":\"https:\/\/koningdrone.be\/wp-content\/uploads\/sites\/13\/2025\/04\/m30t_basic_drone.png\",\"contentUrl\":\"https:\/\/koningdrone.be\/wp-content\/uploads\/sites\/13\/2025\/04\/m30t_basic_drone.png\",\"width\":720,\"height\":720},{\"@type\":\"BreadcrumbList\",\"@id\":\"https:\/\/koningdrone.be\/product\/dji-care-enterprise-basic%ef%bc%88m30t%ef%bc%89-eu\/#breadcrumb\",\"itemListElement\":[{\"@type\":\"ListItem\",\"position\":1,\"name\":\"Home\",\"item\":\"https:\/\/koningdrone.be\/\"},{\"@type\":\"ListItem\",\"position\":2,\"name\":\"AVSS Parachute Recovery System for DJI Matrice 300\/350\",\"item\":\"https:\/\/koningdrone.be\/product\/avss-parachute-recovery-system-for-dji-matrice-300-350\/\"},{\"@type\":\"ListItem\",\"position\":3,\"name\":\"Uncategorized\",\"item\":\"https:\/\/koningdrone.be\/categorie\/uncategorized\/\"},{\"@type\":\"ListItem\",\"position\":4,\"name\":\"DJI Care Enterprise Basic\uff08M30T\uff09 EU\"}]},{\"@type\":\"WebSite\",\"@id\":\"https:\/\/koningdrone.be\/#website\",\"url\":\"https:\/\/koningdrone.be\/\",\"name\":\"Koningdrone.be - Uw online specialist in drones, gimbals, camera's en power stations.\",\"description\":\"De webshop in drones en gimbals\",\"publisher\":{\"@id\":\"https:\/\/koningdrone.be\/#organization\"},\"potentialAction\":[{\"@type\":\"SearchAction\",\"target\":{\"@type\":\"EntryPoint\",\"urlTemplate\":\"https:\/\/koningdrone.be\/?s={search_term_string}\"},\"query-input\":{\"@type\":\"PropertyValueSpecification\",\"valueRequired\":true,\"valueName\":\"search_term_string\"}}],\"inLanguage\":\"de\"},{\"@type\":\"Organization\",\"@id\":\"https:\/\/koningdrone.be\/#organization\",\"name\":\"Koningdrone.be\",\"url\":\"https:\/\/koningdrone.be\/\",\"logo\":{\"@type\":\"ImageObject\",\"inLanguage\":\"de\",\"@id\":\"https:\/\/koningdrone.be\/#\/schema\/logo\/image\/\",\"url\":\"https:\/\/koningdrone.be\/wp-content\/uploads\/sites\/13\/2025\/04\/koningdrone-copyright-logo.svg\",\"contentUrl\":\"https:\/\/koningdrone.be\/wp-content\/uploads\/sites\/13\/2025\/04\/koningdrone-copyright-logo.svg\",\"width\":227,\"height\":38,\"caption\":\"Koningdrone.be\"},\"image\":{\"@id\":\"https:\/\/koningdrone.be\/#\/schema\/logo\/image\/\"}}]}<\/script>\n<!-- \/ Yoast SEO Premium plugin. -->","yoast_head_json":{"title":"DJI Care Enterprise Basic\uff08M30T\uff09 EU - koningdrone.be","robots":{"index":"index","follow":"follow","max-snippet":"max-snippet:-1","max-image-preview":"max-image-preview:large","max-video-preview":"max-video-preview:-1"},"canonical":"https:\/\/koningdrone.be\/de\/produkt\/dji-care-enterprise-basic\uff08m30t\uff09-eu\/","og_locale":"de_DE","og_type":"article","og_title":"DJI Care Enterprise Basic\uff08M30T\uff09 EU","og_description":"Uitgebreide bescherming voor de DJI M30T drone tegen schade door ongelukken.Vermindert reparatiekosten voor waterschade, botsingen en vallen.Zorgt voor minimale downtime met effici\u00ebnte reparatie- en vervangingsservices.Ideaal voor professionele en industri\u00eble dronetoepassingen.Speciaal afgestemd op Europese gebruikers.","og_url":"https:\/\/koningdrone.be\/de\/produkt\/dji-care-enterprise-basic\uff08m30t\uff09-eu\/","og_site_name":"koningdrone.be","article_modified_time":"2026-04-29T13:00:07+00:00","og_image":[{"width":720,"height":720,"url":"https:\/\/koningdrone.be\/wp-content\/uploads\/sites\/13\/2025\/04\/m30t_basic_drone.png","type":"image\/png"}],"twitter_card":"summary_large_image","schema":{"@context":"https:\/\/schema.org","@graph":[{"@type":"WebPage","@id":"https:\/\/koningdrone.be\/product\/dji-care-enterprise-basic%ef%bc%88m30t%ef%bc%89-eu\/","url":"https:\/\/koningdrone.be\/product\/dji-care-enterprise-basic%ef%bc%88m30t%ef%bc%89-eu\/","name":"DJI Care Enterprise Basic\uff08M30T\uff09 EU - koningdrone.be","isPartOf":{"@id":"https:\/\/koningdrone.be\/#website"},"primaryImageOfPage":{"@id":"https:\/\/koningdrone.be\/product\/dji-care-enterprise-basic%ef%bc%88m30t%ef%bc%89-eu\/#primaryimage"},"image":{"@id":"https:\/\/koningdrone.be\/product\/dji-care-enterprise-basic%ef%bc%88m30t%ef%bc%89-eu\/#primaryimage"},"thumbnailUrl":"https:\/\/koningdrone.be\/wp-content\/uploads\/sites\/13\/2025\/04\/m30t_basic_drone.png","datePublished":"2024-12-04T11:15:51+00:00","dateModified":"2026-04-29T13:00:07+00:00","breadcrumb":{"@id":"https:\/\/koningdrone.be\/product\/dji-care-enterprise-basic%ef%bc%88m30t%ef%bc%89-eu\/#breadcrumb"},"inLanguage":"de","potentialAction":[{"@type":"ReadAction","target":["https:\/\/koningdrone.be\/product\/dji-care-enterprise-basic%ef%bc%88m30t%ef%bc%89-eu\/"]}]},{"@type":"ImageObject","inLanguage":"de","@id":"https:\/\/koningdrone.be\/product\/dji-care-enterprise-basic%ef%bc%88m30t%ef%bc%89-eu\/#primaryimage","url":"https:\/\/koningdrone.be\/wp-content\/uploads\/sites\/13\/2025\/04\/m30t_basic_drone.png","contentUrl":"https:\/\/koningdrone.be\/wp-content\/uploads\/sites\/13\/2025\/04\/m30t_basic_drone.png","width":720,"height":720},{"@type":"BreadcrumbList","@id":"https:\/\/koningdrone.be\/product\/dji-care-enterprise-basic%ef%bc%88m30t%ef%bc%89-eu\/#breadcrumb","itemListElement":[{"@type":"ListItem","position":1,"name":"Home","item":"https:\/\/koningdrone.be\/"},{"@type":"ListItem","position":2,"name":"AVSS Parachute Recovery System for DJI Matrice 300\/350","item":"https:\/\/koningdrone.be\/product\/avss-parachute-recovery-system-for-dji-matrice-300-350\/"},{"@type":"ListItem","position":3,"name":"Uncategorized","item":"https:\/\/koningdrone.be\/categorie\/uncategorized\/"},{"@type":"ListItem","position":4,"name":"DJI Care Enterprise Basic\uff08M30T\uff09 EU"}]},{"@type":"WebSite","@id":"https:\/\/koningdrone.be\/#website","url":"https:\/\/koningdrone.be\/","name":"Koningdrone.be - Ihr Online-Spezialist f\u00fcr Drohnen, Gimbals, Kameras und Kraftwerke.","description":"Der Webshop f\u00fcr Drohnen und Gimbals","publisher":{"@id":"https:\/\/koningdrone.be\/#organization"},"potentialAction":[{"@type":"SearchAction","target":{"@type":"EntryPoint","urlTemplate":"https:\/\/koningdrone.be\/?s={search_term_string}"},"query-input":{"@type":"PropertyValueSpecification","valueRequired":true,"valueName":"search_term_string"}}],"inLanguage":"de"},{"@type":"Organization","@id":"https:\/\/koningdrone.be\/#organization","name":"Kingdrone.de","url":"https:\/\/koningdrone.be\/","logo":{"@type":"ImageObject","inLanguage":"de","@id":"https:\/\/koningdrone.be\/#\/schema\/logo\/image\/","url":"https:\/\/koningdrone.be\/wp-content\/uploads\/sites\/13\/2025\/04\/koningdrone-copyright-logo.svg","contentUrl":"https:\/\/koningdrone.be\/wp-content\/uploads\/sites\/13\/2025\/04\/koningdrone-copyright-logo.svg","width":227,"height":38,"caption":"Koningdrone.be"},"image":{"@id":"https:\/\/koningdrone.be\/#\/schema\/logo\/image\/"}}]}},"df_price":923,"df_sale_price":"","df_regular_price":923,"df_image_link":"https:\/\/koningdrone.be\/wp-content\/uploads\/sites\/13\/2025\/04\/m30t_basic_drone-300x300.png","_links":{"self":[{"href":"https:\/\/koningdrone.be\/de\/wp-json\/wp\/v2\/product\/1609","targetHints":{"allow":["GET"]}}],"collection":[{"href":"https:\/\/koningdrone.be\/de\/wp-json\/wp\/v2\/product"}],"about":[{"href":"https:\/\/koningdrone.be\/de\/wp-json\/wp\/v2\/types\/product"}],"wp:featuredmedia":[{"embeddable":true,"href":"https:\/\/koningdrone.be\/de\/wp-json\/wp\/v2\/media\/1608"}],"wp:attachment":[{"href":"https:\/\/koningdrone.be\/de\/wp-json\/wp\/v2\/media?parent=1609"}],"wp:term":[{"taxonomy":"product_brand","embeddable":true,"href":"https:\/\/koningdrone.be\/de\/wp-json\/wp\/v2\/product_brand?post=1609"},{"taxonomy":"product_cat","embeddable":true,"href":"https:\/\/koningdrone.be\/de\/wp-json\/wp\/v2\/product_cat?post=1609"},{"taxonomy":"product_tag","embeddable":true,"href":"https:\/\/koningdrone.be\/de\/wp-json\/wp\/v2\/product_tag?post=1609"}],"curies":[{"name":"wp","href":"https:\/\/api.w.org\/{rel}","templated":true}]}}