{"id":15967,"date":"2025-10-06T10:22:56","date_gmt":"2025-10-06T08:22:56","guid":{"rendered":"https:\/\/koningdrone.be\/product\/dji-mini-5-pro-fly-more-combo-dji-rc-2\/"},"modified":"2026-04-29T04:10:40","modified_gmt":"2026-04-29T02:10:40","slug":"dji-mini-5-pro-fly-more-combo-dji-rc-2","status":"publish","type":"product","link":"https:\/\/koningdrone.be\/de\/produkt\/dji-mini-5-pro-fly-more-combo-dji-rc-2\/","title":{"rendered":"DJI Mini 5 Pro Fly More Combo (DJI RC 2)"},"content":{"rendered":"<h3>DJI Mini 5 Pro Fly More Combo: Professionelle Leistung im Taschenformat<\/h3>\n<p><iframe loading=\"lazy\" title=\"DJI MINI 5 PRO UNBOXING - FLIEGEN MEHR COMBO RC 2\" width=\"800\" height=\"450\" src=\"https:\/\/www.youtube.com\/embed\/SxCxQwLpNfc?feature=oembed&#038;enablejsapi=1&#038;origin=https:\/\/koningdrone.be\" frameborder=\"0\" allow=\"accelerometer; autoplay; clipboard-write; encrypted-media; gyroscope; picture-in-picture; web-share\" referrerpolicy=\"strict-origin-when-cross-origin\" allowfullscreen><\/iframe><\/p>\n<p style=\"margin: 20px 0\">Die <strong>DJI Mini 5 Pro mit DJI RC 2<\/strong> ist der ultimative Ausdruck von technologischer Raffinesse. Diese Drohne beweist, dass man f\u00fcr filmische Ergebnisse keine schwere Ausr\u00fcstung braucht. Mit einem Gewicht von weniger als <strong>249 Gramm<\/strong> Der Mini 5 Pro umgeht viele der komplexen Vorschriften und bietet gleichzeitig eine Leistung, die in dieser Gewichtsklasse bisher undenkbar war. Die Fly More Combo hebt dieses Erlebnis auf die n\u00e4chste Stufe, indem sie Ihnen die n\u00f6tige Ausdauer f\u00fcr einen ganzen Tag der Inhaltserstellung bietet. Ganz gleich, ob Sie die Welt bereisen oder lokale Sch\u00e4tze festhalten, der Mini 5 Pro ist Ihr unsichtbares Filmteam, das immer einsatzbereit ist.<\/p>\n<p><a href=\"https:\/\/koningdrone.nl\/wp-content\/uploads\/2025\/10\/DJI-Mini-5-Pro-Fly-More-Combo-DJI-RC-2.jpg\"><img loading=\"lazy\" decoding=\"async\" class=\"size-medium wp-image-472520 aligncenter\" src=\"https:\/\/koningdrone.nl\/wp-content\/uploads\/2025\/10\/DJI-Mini-5-Pro-Fly-More-Combo-DJI-RC-2-300x300.jpg\" alt=\"DJI Mini 5 Pro Fly More Combo (DJI RC 2)\" width=\"300\" height=\"300\" \/><\/a><\/p>\n<h4>\u00dcberlegene Bildgebung und intelligente Autonomie<\/h4>\n<p>Trotz seiner bescheidenen Gr\u00f6\u00dfe verf\u00fcgt das Mini 5 Pro \u00fcber eine beeindruckende Kamera:<\/p>\n<ul>\n<li><strong>4K\/60fps HDR-Video und echte vertikale Aufnahmen:<\/strong> Nehmen Sie fl\u00fcssige Aufnahmen mit beeindruckendem Dynamikumfang auf. Dank der einzigartigen Gimbal-Konstruktion kann die Kamera f\u00fcr verlustfreie vertikale Aufnahmen um 90\u00b0 gedreht werden - perfekt f\u00fcr hochwertige Social Media-Inhalte wie Reels und TikToks.<\/li>\n<li><strong>ActiveTrack 360\u00b0 &amp; QuickShots:<\/strong> Dank des verbesserten KI-Trackings h\u00e4lt die Drohne Ihr Motiv aus jedem Winkel fest und berechnet dabei selbstst\u00e4ndig komplexe Flugbahnen. Auf Tastendruck f\u00fchrt die Drohne professionelle Man\u00f6ver wie \u2018Dronie\u2019, \u2018Circle\u2019 und \u2018Helix\u2019 aus.<\/li>\n<li><strong>Omnidirektionale Hinderniserkennung:<\/strong> Zum ersten Mal in der Mini-Serie genie\u00dfen Sie volle 360-Grad-Sicherheit. Sensoren auf allen Seiten sorgen daf\u00fcr, dass die Drohne proaktiv B\u00e4umen, Mauern und anderen Hindernissen ausweicht, sodass Sie beim Fliegen ein noch nie dagewesenes Ma\u00df an Sicherheit haben.<\/li>\n<\/ul>\n<h4>Das DJI RC 2 Erlebnis &amp; Fliegen mit mehr Ausdauer<\/h4>\n<p>Die Hardware ist auf Geschwindigkeit, Reichweite und Langzeitnutzung optimiert:<\/p>\n<ul>\n<li><strong>DJI RC 2 Smart Controller:<\/strong> Vergessen Sie die l\u00e4stigen Kabel und Smartphone-Benachrichtigungen. Die RC 2 verf\u00fcgt \u00fcber ein kristallklares 5,5-Zoll-HD-Display und leistungsstarke Antennen f\u00fcr eine stabile Video\u00fcbertragung. Sie sind innerhalb von Sekunden nach dem Ausklappen der Drohne einsatzbereit.<\/li>\n<li><strong>Fly More Combo Vorteile:<\/strong> Dieses Paket enth\u00e4lt drei Intelligent Flight Batteries, mit denen Sie bis zu <strong>100+ Minuten Gesamtflugzeit<\/strong> Der mitgelieferte Zwei-Wege-Ladehub l\u00e4dt nicht nur die Akkus auf, sondern kann auch als Powerbank f\u00fcr Ihr Handy oder Ihren Controller dienen.<\/li>\n<li><strong>Verbesserte \u00dcbertragung:<\/strong> Dank des neuesten O4-Systems genie\u00dfen Sie einen extrem stabilen HD-Livestream, selbst in Umgebungen mit starken Interferenzen, so dass Sie Ihrer Kreativit\u00e4t freien Lauf lassen k\u00f6nnen.<\/li>\n<\/ul>\n<p><a href=\"https:\/\/koningdrone.nl\/wp-content\/uploads\/2025\/10\/DJI-Mini-5-Pro-Product-Fly-More-Combo-DJI-RC-2.jpg\"><img loading=\"lazy\" decoding=\"async\" class=\"size-medium wp-image-472517 aligncenter\" src=\"https:\/\/koningdrone.nl\/wp-content\/uploads\/2025\/10\/DJI-Mini-5-Pro-Product-Fly-More-Combo-DJI-RC-2-300x300.jpg\" alt=\"DJI Mini 5 Pro Product Fly More Combo (DJI RC 2)\" width=\"300\" height=\"300\" \/><\/a><\/p>\n<h4>Warum die DJI Mini 5 Pro Fly More Combo unverzichtbar ist<\/h4>\n<p>F\u00fcr den modernen Kreativen ist die Mini 5 Pro die intelligenteste Investition in seinem Arsenal. Sie ist die einzige Drohne, die professionelle 4K-Qualit\u00e4t und omnidirektionale Sicherheit in einem Paket bietet, das in Ihre Tasche passt. Die Fly More Combo macht Schluss mit der \u2018Akku-Angst\u2019 und sorgt daf\u00fcr, dass Sie nie das perfekte Licht verpassen, weil Sie aufladen m\u00fcssen. Mit dem Mini 5 Pro haben Sie die Leistung eines professionellen Studios immer dabei, egal wohin Ihr Abenteuer Sie f\u00fchrt.<\/p>","protected":false},"excerpt":{"rendered":"<ul>\n<li>1-Zoll-CMOS-Sensor f\u00fcr verbesserte Bildqualit\u00e4t und Leistung bei schlechten Lichtverh\u00e4ltnissen<\/li>\n<li>Omnidirektionale Hinderniserkennung und verbessertes ActiveTrack 360\u00b0 f\u00fcr sicheres Tracking<\/li>\n<li>Echte vertikale Aufnahmen und 225\u00b0 Gimbal-Drehung f\u00fcr kreative vertikale und einzigartige Blickwinkel<\/li>\n<li>Fly More Combo mit Zusatzakkus und Ladestation f\u00fcr l\u00e4ngere Aufnahmetage<\/li>\n<\/ul>","protected":false},"featured_media":18815,"template":"","meta":{"_acf_changed":false},"product_brand":[],"product_cat":[1698],"product_tag":[108],"class_list":{"0":"post-15967","1":"product","2":"type-product","3":"status-publish","4":"has-post-thumbnail","6":"product_cat-dji-mini-5-pro","7":"product_tag-acsystemsall","8":"product_shipping_class-acsystemsall","9":"pa_brand-dji","10":"pa_producttype-drone","11":"pa_series-mini","13":"first","14":"instock","15":"taxable","16":"shipping-taxable","17":"purchasable","18":"product-type-simple"},"acf":[],"yoast_head":"<!-- This site is optimized with the Yoast SEO Premium plugin v27.2 (Yoast SEO v27.2) - https:\/\/yoast.com\/product\/yoast-seo-premium-wordpress\/ -->\n<title>DJI Mini 5 Pro Fly More Combo (DJI RC 2) - koningdrone.be<\/title>\n<meta name=\"robots\" content=\"index, follow, max-snippet:-1, max-image-preview:large, max-video-preview:-1\" \/>\n<link rel=\"canonical\" href=\"https:\/\/koningdrone.be\/de\/produkt\/dji-mini-5-pro-fly-more-combo-dji-rc-2\/\" \/>\n<meta property=\"og:locale\" content=\"de_DE\" \/>\n<meta property=\"og:type\" content=\"article\" \/>\n<meta property=\"og:title\" content=\"DJI Mini 5 Pro Fly More Combo (DJI RC 2)\" \/>\n<meta property=\"og:description\" content=\"1-inch CMOS-sensor voor betere beeldkwaliteit en prestaties bij weinig licht  Omnidirectionele obstakeldetectie en verbeterde ActiveTrack 360\u00b0 voor veilig volgen  True Vertical Shooting en 225\u00b0 gimbalrotatie voor creatieve verticale en unieke hoeken  Fly More Combo met extra batterijen en oplaadhub voor langere opnamedagen\" \/>\n<meta property=\"og:url\" content=\"https:\/\/koningdrone.be\/de\/produkt\/dji-mini-5-pro-fly-more-combo-dji-rc-2\/\" \/>\n<meta property=\"og:site_name\" content=\"koningdrone.be\" \/>\n<meta property=\"article:modified_time\" content=\"2026-04-29T02:10:40+00:00\" \/>\n<meta property=\"og:image\" content=\"https:\/\/koningdrone.be\/wp-content\/uploads\/sites\/13\/2026\/04\/DJI-Mini-5-Pro-Fly-More-Combo-DJI-RC-2.jpg\" \/>\n\t<meta property=\"og:image:width\" content=\"2560\" \/>\n\t<meta property=\"og:image:height\" content=\"2560\" \/>\n\t<meta property=\"og:image:type\" content=\"image\/jpeg\" \/>\n<meta name=\"twitter:card\" content=\"summary_large_image\" \/>\n<meta name=\"twitter:label1\" content=\"Gesch\u00e4tzte Lesezeit\" \/>\n\t<meta name=\"twitter:data1\" content=\"2\u00a0Minuten\" \/>\n<script type=\"application\/ld+json\" class=\"yoast-schema-graph\">{\"@context\":\"https:\/\/schema.org\",\"@graph\":[{\"@type\":\"WebPage\",\"@id\":\"https:\/\/koningdrone.be\/product\/dji-mini-5-pro-fly-more-combo-dji-rc-2\/\",\"url\":\"https:\/\/koningdrone.be\/product\/dji-mini-5-pro-fly-more-combo-dji-rc-2\/\",\"name\":\"DJI Mini 5 Pro Fly More Combo (DJI RC 2) - koningdrone.be\",\"isPartOf\":{\"@id\":\"https:\/\/koningdrone.be\/#website\"},\"primaryImageOfPage\":{\"@id\":\"https:\/\/koningdrone.be\/product\/dji-mini-5-pro-fly-more-combo-dji-rc-2\/#primaryimage\"},\"image\":{\"@id\":\"https:\/\/koningdrone.be\/product\/dji-mini-5-pro-fly-more-combo-dji-rc-2\/#primaryimage\"},\"thumbnailUrl\":\"https:\/\/koningdrone.be\/wp-content\/uploads\/sites\/13\/2026\/04\/DJI-Mini-5-Pro-Fly-More-Combo-DJI-RC-2.jpg\",\"datePublished\":\"2025-10-06T08:22:56+00:00\",\"dateModified\":\"2026-04-29T02:10:40+00:00\",\"breadcrumb\":{\"@id\":\"https:\/\/koningdrone.be\/product\/dji-mini-5-pro-fly-more-combo-dji-rc-2\/#breadcrumb\"},\"inLanguage\":\"de\",\"potentialAction\":[{\"@type\":\"ReadAction\",\"target\":[\"https:\/\/koningdrone.be\/product\/dji-mini-5-pro-fly-more-combo-dji-rc-2\/\"]}]},{\"@type\":\"ImageObject\",\"inLanguage\":\"de\",\"@id\":\"https:\/\/koningdrone.be\/product\/dji-mini-5-pro-fly-more-combo-dji-rc-2\/#primaryimage\",\"url\":\"https:\/\/koningdrone.be\/wp-content\/uploads\/sites\/13\/2026\/04\/DJI-Mini-5-Pro-Fly-More-Combo-DJI-RC-2.jpg\",\"contentUrl\":\"https:\/\/koningdrone.be\/wp-content\/uploads\/sites\/13\/2026\/04\/DJI-Mini-5-Pro-Fly-More-Combo-DJI-RC-2.jpg\",\"width\":2560,\"height\":2560},{\"@type\":\"BreadcrumbList\",\"@id\":\"https:\/\/koningdrone.be\/product\/dji-mini-5-pro-fly-more-combo-dji-rc-2\/#breadcrumb\",\"itemListElement\":[{\"@type\":\"ListItem\",\"position\":1,\"name\":\"Home\",\"item\":\"https:\/\/koningdrone.be\/\"},{\"@type\":\"ListItem\",\"position\":2,\"name\":\"AVSS Parachute Recovery System for DJI Matrice 300\/350\",\"item\":\"https:\/\/koningdrone.be\/product\/avss-parachute-recovery-system-for-dji-matrice-300-350\/\"},{\"@type\":\"ListItem\",\"position\":3,\"name\":\"DJI Mini 5 Pro\",\"item\":\"https:\/\/koningdrone.be\/categorie\/dji-mini-5-pro\/\"},{\"@type\":\"ListItem\",\"position\":4,\"name\":\"DJI Mini 5 Pro Fly More Combo (DJI RC 2)\"}]},{\"@type\":\"WebSite\",\"@id\":\"https:\/\/koningdrone.be\/#website\",\"url\":\"https:\/\/koningdrone.be\/\",\"name\":\"Koningdrone.be - Uw online specialist in drones, gimbals, camera's en power stations.\",\"description\":\"De webshop in drones en gimbals\",\"publisher\":{\"@id\":\"https:\/\/koningdrone.be\/#organization\"},\"potentialAction\":[{\"@type\":\"SearchAction\",\"target\":{\"@type\":\"EntryPoint\",\"urlTemplate\":\"https:\/\/koningdrone.be\/?s={search_term_string}\"},\"query-input\":{\"@type\":\"PropertyValueSpecification\",\"valueRequired\":true,\"valueName\":\"search_term_string\"}}],\"inLanguage\":\"de\"},{\"@type\":\"Organization\",\"@id\":\"https:\/\/koningdrone.be\/#organization\",\"name\":\"Koningdrone.be\",\"url\":\"https:\/\/koningdrone.be\/\",\"logo\":{\"@type\":\"ImageObject\",\"inLanguage\":\"de\",\"@id\":\"https:\/\/koningdrone.be\/#\/schema\/logo\/image\/\",\"url\":\"https:\/\/koningdrone.be\/wp-content\/uploads\/sites\/13\/2025\/04\/koningdrone-copyright-logo.svg\",\"contentUrl\":\"https:\/\/koningdrone.be\/wp-content\/uploads\/sites\/13\/2025\/04\/koningdrone-copyright-logo.svg\",\"width\":227,\"height\":38,\"caption\":\"Koningdrone.be\"},\"image\":{\"@id\":\"https:\/\/koningdrone.be\/#\/schema\/logo\/image\/\"}}]}<\/script>\n<!-- \/ Yoast SEO Premium plugin. -->","yoast_head_json":{"title":"DJI Mini 5 Pro Fly More Combo (DJI RC 2) - koningdrone.be","robots":{"index":"index","follow":"follow","max-snippet":"max-snippet:-1","max-image-preview":"max-image-preview:large","max-video-preview":"max-video-preview:-1"},"canonical":"https:\/\/koningdrone.be\/de\/produkt\/dji-mini-5-pro-fly-more-combo-dji-rc-2\/","og_locale":"de_DE","og_type":"article","og_title":"DJI Mini 5 Pro Fly More Combo (DJI RC 2)","og_description":"1-inch CMOS-sensor voor betere beeldkwaliteit en prestaties bij weinig licht  Omnidirectionele obstakeldetectie en verbeterde ActiveTrack 360\u00b0 voor veilig volgen  True Vertical Shooting en 225\u00b0 gimbalrotatie voor creatieve verticale en unieke hoeken  Fly More Combo met extra batterijen en oplaadhub voor langere opnamedagen","og_url":"https:\/\/koningdrone.be\/de\/produkt\/dji-mini-5-pro-fly-more-combo-dji-rc-2\/","og_site_name":"koningdrone.be","article_modified_time":"2026-04-29T02:10:40+00:00","og_image":[{"width":2560,"height":2560,"url":"https:\/\/koningdrone.be\/wp-content\/uploads\/sites\/13\/2026\/04\/DJI-Mini-5-Pro-Fly-More-Combo-DJI-RC-2.jpg","type":"image\/jpeg"}],"twitter_card":"summary_large_image","twitter_misc":{"Gesch\u00e4tzte Lesezeit":"2\u00a0Minuten"},"schema":{"@context":"https:\/\/schema.org","@graph":[{"@type":"WebPage","@id":"https:\/\/koningdrone.be\/product\/dji-mini-5-pro-fly-more-combo-dji-rc-2\/","url":"https:\/\/koningdrone.be\/product\/dji-mini-5-pro-fly-more-combo-dji-rc-2\/","name":"DJI Mini 5 Pro Fly More Combo (DJI RC 2) - koningdrone.be","isPartOf":{"@id":"https:\/\/koningdrone.be\/#website"},"primaryImageOfPage":{"@id":"https:\/\/koningdrone.be\/product\/dji-mini-5-pro-fly-more-combo-dji-rc-2\/#primaryimage"},"image":{"@id":"https:\/\/koningdrone.be\/product\/dji-mini-5-pro-fly-more-combo-dji-rc-2\/#primaryimage"},"thumbnailUrl":"https:\/\/koningdrone.be\/wp-content\/uploads\/sites\/13\/2026\/04\/DJI-Mini-5-Pro-Fly-More-Combo-DJI-RC-2.jpg","datePublished":"2025-10-06T08:22:56+00:00","dateModified":"2026-04-29T02:10:40+00:00","breadcrumb":{"@id":"https:\/\/koningdrone.be\/product\/dji-mini-5-pro-fly-more-combo-dji-rc-2\/#breadcrumb"},"inLanguage":"de","potentialAction":[{"@type":"ReadAction","target":["https:\/\/koningdrone.be\/product\/dji-mini-5-pro-fly-more-combo-dji-rc-2\/"]}]},{"@type":"ImageObject","inLanguage":"de","@id":"https:\/\/koningdrone.be\/product\/dji-mini-5-pro-fly-more-combo-dji-rc-2\/#primaryimage","url":"https:\/\/koningdrone.be\/wp-content\/uploads\/sites\/13\/2026\/04\/DJI-Mini-5-Pro-Fly-More-Combo-DJI-RC-2.jpg","contentUrl":"https:\/\/koningdrone.be\/wp-content\/uploads\/sites\/13\/2026\/04\/DJI-Mini-5-Pro-Fly-More-Combo-DJI-RC-2.jpg","width":2560,"height":2560},{"@type":"BreadcrumbList","@id":"https:\/\/koningdrone.be\/product\/dji-mini-5-pro-fly-more-combo-dji-rc-2\/#breadcrumb","itemListElement":[{"@type":"ListItem","position":1,"name":"Home","item":"https:\/\/koningdrone.be\/"},{"@type":"ListItem","position":2,"name":"AVSS Parachute Recovery System for DJI Matrice 300\/350","item":"https:\/\/koningdrone.be\/product\/avss-parachute-recovery-system-for-dji-matrice-300-350\/"},{"@type":"ListItem","position":3,"name":"DJI Mini 5 Pro","item":"https:\/\/koningdrone.be\/categorie\/dji-mini-5-pro\/"},{"@type":"ListItem","position":4,"name":"DJI Mini 5 Pro Fly More Combo (DJI RC 2)"}]},{"@type":"WebSite","@id":"https:\/\/koningdrone.be\/#website","url":"https:\/\/koningdrone.be\/","name":"Koningdrone.be - Ihr Online-Spezialist f\u00fcr Drohnen, Gimbals, Kameras und Kraftwerke.","description":"Der Webshop f\u00fcr Drohnen und Gimbals","publisher":{"@id":"https:\/\/koningdrone.be\/#organization"},"potentialAction":[{"@type":"SearchAction","target":{"@type":"EntryPoint","urlTemplate":"https:\/\/koningdrone.be\/?s={search_term_string}"},"query-input":{"@type":"PropertyValueSpecification","valueRequired":true,"valueName":"search_term_string"}}],"inLanguage":"de"},{"@type":"Organization","@id":"https:\/\/koningdrone.be\/#organization","name":"Kingdrone.de","url":"https:\/\/koningdrone.be\/","logo":{"@type":"ImageObject","inLanguage":"de","@id":"https:\/\/koningdrone.be\/#\/schema\/logo\/image\/","url":"https:\/\/koningdrone.be\/wp-content\/uploads\/sites\/13\/2025\/04\/koningdrone-copyright-logo.svg","contentUrl":"https:\/\/koningdrone.be\/wp-content\/uploads\/sites\/13\/2025\/04\/koningdrone-copyright-logo.svg","width":227,"height":38,"caption":"Koningdrone.be"},"image":{"@id":"https:\/\/koningdrone.be\/#\/schema\/logo\/image\/"}}]}},"df_price":1059,"df_sale_price":"","df_regular_price":1059,"df_image_link":"https:\/\/koningdrone.be\/wp-content\/uploads\/sites\/13\/2026\/04\/DJI-Mini-5-Pro-Fly-More-Combo-DJI-RC-2-300x300.jpg","_links":{"self":[{"href":"https:\/\/koningdrone.be\/de\/wp-json\/wp\/v2\/product\/15967","targetHints":{"allow":["GET"]}}],"collection":[{"href":"https:\/\/koningdrone.be\/de\/wp-json\/wp\/v2\/product"}],"about":[{"href":"https:\/\/koningdrone.be\/de\/wp-json\/wp\/v2\/types\/product"}],"wp:featuredmedia":[{"embeddable":true,"href":"https:\/\/koningdrone.be\/de\/wp-json\/wp\/v2\/media\/18815"}],"wp:attachment":[{"href":"https:\/\/koningdrone.be\/de\/wp-json\/wp\/v2\/media?parent=15967"}],"wp:term":[{"taxonomy":"product_brand","embeddable":true,"href":"https:\/\/koningdrone.be\/de\/wp-json\/wp\/v2\/product_brand?post=15967"},{"taxonomy":"product_cat","embeddable":true,"href":"https:\/\/koningdrone.be\/de\/wp-json\/wp\/v2\/product_cat?post=15967"},{"taxonomy":"product_tag","embeddable":true,"href":"https:\/\/koningdrone.be\/de\/wp-json\/wp\/v2\/product_tag?post=15967"}],"curies":[{"name":"wp","href":"https:\/\/api.w.org\/{rel}","templated":true}]}}