{"id":1589,"date":"2024-12-04T12:16:51","date_gmt":"2024-12-04T11:16:51","guid":{"rendered":"https:\/\/koningdrone.nl\/kon\/?post_type=product&#038;p=1589"},"modified":"2026-04-29T15:00:10","modified_gmt":"2026-04-29T13:00:10","slug":"dji-care-enterprise-basic%ef%bc%88mavic-3t%ef%bc%89","status":"publish","type":"product","link":"https:\/\/koningdrone.be\/de\/produkt\/dji-care-enterprise-basic%ef%bc%88mavic-3t%ef%bc%89\/","title":{"rendered":"DJI Care Enterprise Basic\uff08Mavic 3T\uff09"},"content":{"rendered":"<p>DJI Care Enterprise Basic f\u00fcr die Mavic 3T ist ein umfassender Serviceplan, der gewerblichen Drohnenbetreibern Sicherheit bietet. Er deckt versehentliche Sch\u00e4den an der Drohne ab und bietet schnelle und erschwingliche Reparaturen oder Ersatzger\u00e4te. Mit DJI Care Enterprise Basic profitieren Sie von einem bevorzugten Kundenservice, der minimale Ausfallzeiten und einen unterbrechungsfreien Betrieb sicherstellt. Dieser Plan ist auf die Bed\u00fcrfnisse von professionellen Anwendern der Mavic 3T zugeschnitten und gew\u00e4hrleistet einen zuverl\u00e4ssigen Support f\u00fcr Ihre Lufteins\u00e4tze.<\/p>","protected":false},"excerpt":{"rendered":"<ul>\n<li>DJI Care Enterprise Basic bietet Sicherheit durch die Abdeckung von Unfallsch\u00e4den.<\/li>\n<li>Es bietet einen vorrangigen Service, so dass Reparaturen oder Austauscharbeiten schnell durchgef\u00fchrt werden k\u00f6nnen und die Ausfallzeiten minimiert werden.<\/li>\n<li>Der Plan ist speziell auf die kommerziellen Nutzer des Mavic 3T zugeschnitten und unterst\u00fctzt missionskritische Operationen.<\/li>\n<li>Sie haben schnellen Zugang zum professionellen DJI-Kundensupport, der einen reibungslosen und effizienten Service gew\u00e4hrleistet.<\/li>\n<li>Dies ist eine kosteng\u00fcnstige M\u00f6glichkeit, Ihre Investition zu sch\u00fctzen und die Langlebigkeit Ihrer Drohne zu gew\u00e4hrleisten.<\/li>\n<\/ul>","protected":false},"featured_media":1588,"template":"","meta":{"_acf_changed":false},"product_brand":[],"product_cat":[58],"product_tag":[],"class_list":{"0":"post-1589","1":"product","2":"type-product","3":"status-publish","4":"has-post-thumbnail","6":"product_cat-uncategorized","7":"product_shipping_class-outofstock","8":"pa_brand-dji","9":"pa_producttype-service-plan","10":"pa_series-mavic-3t","12":"first","13":"outofstock","14":"taxable","15":"shipping-taxable","16":"purchasable","17":"product-type-simple"},"acf":[],"yoast_head":"<!-- This site is optimized with the Yoast SEO Premium plugin v27.2 (Yoast SEO v27.2) - https:\/\/yoast.com\/product\/yoast-seo-premium-wordpress\/ -->\n<title>DJI Care Enterprise Basic\uff08Mavic 3T\uff09 - koningdrone.be<\/title>\n<meta name=\"robots\" content=\"index, follow, max-snippet:-1, max-image-preview:large, max-video-preview:-1\" \/>\n<link rel=\"canonical\" href=\"https:\/\/koningdrone.be\/de\/produkt\/dji-care-enterprise-basic\uff08mavic-3t\uff09\/\" \/>\n<meta property=\"og:locale\" content=\"de_DE\" \/>\n<meta property=\"og:type\" content=\"article\" \/>\n<meta property=\"og:title\" content=\"DJI Care Enterprise Basic\uff08Mavic 3T\uff09\" \/>\n<meta property=\"og:description\" content=\"DJI Care Enterprise Basic biedt gemoedsrust met dekking voor onopzettelijke schade.Het biedt service met prioriteit, zodat reparaties of vervangingen snel kunnen worden uitgevoerd en de uitvaltijd tot een minimum wordt beperkt.Het plan is speciaal afgestemd op commerci\u00eble gebruikers van de Mavic 3T en ondersteunt missiekritische activiteiten.Je hebt snel toegang tot het professionele klantondersteuningsteam van DJI, zodat je verzekerd bent van een soepele en effici\u00ebnte service.Het is een kosteneffectieve manier om je investering te beschermen en de levensduur van je drone te garanderen.\" \/>\n<meta property=\"og:url\" content=\"https:\/\/koningdrone.be\/de\/produkt\/dji-care-enterprise-basic\uff08mavic-3t\uff09\/\" \/>\n<meta property=\"og:site_name\" content=\"koningdrone.be\" \/>\n<meta property=\"article:modified_time\" content=\"2026-04-29T13:00:10+00:00\" \/>\n<meta property=\"og:image\" content=\"https:\/\/koningdrone.be\/wp-content\/uploads\/sites\/13\/2025\/04\/1bc18b0dea1ffe399a433c04f4c3e891@large.jpg\" \/>\n\t<meta property=\"og:image:width\" content=\"1200\" \/>\n\t<meta property=\"og:image:height\" content=\"800\" \/>\n\t<meta property=\"og:image:type\" content=\"image\/jpeg\" \/>\n<meta name=\"twitter:card\" content=\"summary_large_image\" \/>\n<script type=\"application\/ld+json\" class=\"yoast-schema-graph\">{\"@context\":\"https:\/\/schema.org\",\"@graph\":[{\"@type\":\"WebPage\",\"@id\":\"https:\/\/koningdrone.be\/product\/dji-care-enterprise-basic%ef%bc%88mavic-3t%ef%bc%89\/\",\"url\":\"https:\/\/koningdrone.be\/product\/dji-care-enterprise-basic%ef%bc%88mavic-3t%ef%bc%89\/\",\"name\":\"DJI Care Enterprise Basic\uff08Mavic 3T\uff09 - koningdrone.be\",\"isPartOf\":{\"@id\":\"https:\/\/koningdrone.be\/#website\"},\"primaryImageOfPage\":{\"@id\":\"https:\/\/koningdrone.be\/product\/dji-care-enterprise-basic%ef%bc%88mavic-3t%ef%bc%89\/#primaryimage\"},\"image\":{\"@id\":\"https:\/\/koningdrone.be\/product\/dji-care-enterprise-basic%ef%bc%88mavic-3t%ef%bc%89\/#primaryimage\"},\"thumbnailUrl\":\"https:\/\/koningdrone.be\/wp-content\/uploads\/sites\/13\/2025\/04\/1bc18b0dea1ffe399a433c04f4c3e891@large.jpg\",\"datePublished\":\"2024-12-04T11:16:51+00:00\",\"dateModified\":\"2026-04-29T13:00:10+00:00\",\"breadcrumb\":{\"@id\":\"https:\/\/koningdrone.be\/product\/dji-care-enterprise-basic%ef%bc%88mavic-3t%ef%bc%89\/#breadcrumb\"},\"inLanguage\":\"de\",\"potentialAction\":[{\"@type\":\"ReadAction\",\"target\":[\"https:\/\/koningdrone.be\/product\/dji-care-enterprise-basic%ef%bc%88mavic-3t%ef%bc%89\/\"]}]},{\"@type\":\"ImageObject\",\"inLanguage\":\"de\",\"@id\":\"https:\/\/koningdrone.be\/product\/dji-care-enterprise-basic%ef%bc%88mavic-3t%ef%bc%89\/#primaryimage\",\"url\":\"https:\/\/koningdrone.be\/wp-content\/uploads\/sites\/13\/2025\/04\/1bc18b0dea1ffe399a433c04f4c3e891@large.jpg\",\"contentUrl\":\"https:\/\/koningdrone.be\/wp-content\/uploads\/sites\/13\/2025\/04\/1bc18b0dea1ffe399a433c04f4c3e891@large.jpg\",\"width\":1200,\"height\":800},{\"@type\":\"BreadcrumbList\",\"@id\":\"https:\/\/koningdrone.be\/product\/dji-care-enterprise-basic%ef%bc%88mavic-3t%ef%bc%89\/#breadcrumb\",\"itemListElement\":[{\"@type\":\"ListItem\",\"position\":1,\"name\":\"Home\",\"item\":\"https:\/\/koningdrone.be\/\"},{\"@type\":\"ListItem\",\"position\":2,\"name\":\"AVSS Parachute Recovery System for DJI Matrice 300\/350\",\"item\":\"https:\/\/koningdrone.be\/product\/avss-parachute-recovery-system-for-dji-matrice-300-350\/\"},{\"@type\":\"ListItem\",\"position\":3,\"name\":\"Uncategorized\",\"item\":\"https:\/\/koningdrone.be\/categorie\/uncategorized\/\"},{\"@type\":\"ListItem\",\"position\":4,\"name\":\"DJI Care Enterprise Basic\uff08Mavic 3T\uff09\"}]},{\"@type\":\"WebSite\",\"@id\":\"https:\/\/koningdrone.be\/#website\",\"url\":\"https:\/\/koningdrone.be\/\",\"name\":\"Koningdrone.be - Uw online specialist in drones, gimbals, camera's en power stations.\",\"description\":\"De webshop in drones en gimbals\",\"publisher\":{\"@id\":\"https:\/\/koningdrone.be\/#organization\"},\"potentialAction\":[{\"@type\":\"SearchAction\",\"target\":{\"@type\":\"EntryPoint\",\"urlTemplate\":\"https:\/\/koningdrone.be\/?s={search_term_string}\"},\"query-input\":{\"@type\":\"PropertyValueSpecification\",\"valueRequired\":true,\"valueName\":\"search_term_string\"}}],\"inLanguage\":\"de\"},{\"@type\":\"Organization\",\"@id\":\"https:\/\/koningdrone.be\/#organization\",\"name\":\"Koningdrone.be\",\"url\":\"https:\/\/koningdrone.be\/\",\"logo\":{\"@type\":\"ImageObject\",\"inLanguage\":\"de\",\"@id\":\"https:\/\/koningdrone.be\/#\/schema\/logo\/image\/\",\"url\":\"https:\/\/koningdrone.be\/wp-content\/uploads\/sites\/13\/2025\/04\/koningdrone-copyright-logo.svg\",\"contentUrl\":\"https:\/\/koningdrone.be\/wp-content\/uploads\/sites\/13\/2025\/04\/koningdrone-copyright-logo.svg\",\"width\":227,\"height\":38,\"caption\":\"Koningdrone.be\"},\"image\":{\"@id\":\"https:\/\/koningdrone.be\/#\/schema\/logo\/image\/\"}}]}<\/script>\n<!-- \/ Yoast SEO Premium plugin. -->","yoast_head_json":{"title":"DJI Care Enterprise Basic\uff08Mavic 3T\uff09 - koningdrone.be","robots":{"index":"index","follow":"follow","max-snippet":"max-snippet:-1","max-image-preview":"max-image-preview:large","max-video-preview":"max-video-preview:-1"},"canonical":"https:\/\/koningdrone.be\/de\/produkt\/dji-care-enterprise-basic\uff08mavic-3t\uff09\/","og_locale":"de_DE","og_type":"article","og_title":"DJI Care Enterprise Basic\uff08Mavic 3T\uff09","og_description":"DJI Care Enterprise Basic biedt gemoedsrust met dekking voor onopzettelijke schade.Het biedt service met prioriteit, zodat reparaties of vervangingen snel kunnen worden uitgevoerd en de uitvaltijd tot een minimum wordt beperkt.Het plan is speciaal afgestemd op commerci\u00eble gebruikers van de Mavic 3T en ondersteunt missiekritische activiteiten.Je hebt snel toegang tot het professionele klantondersteuningsteam van DJI, zodat je verzekerd bent van een soepele en effici\u00ebnte service.Het is een kosteneffectieve manier om je investering te beschermen en de levensduur van je drone te garanderen.","og_url":"https:\/\/koningdrone.be\/de\/produkt\/dji-care-enterprise-basic\uff08mavic-3t\uff09\/","og_site_name":"koningdrone.be","article_modified_time":"2026-04-29T13:00:10+00:00","og_image":[{"width":1200,"height":800,"url":"https:\/\/koningdrone.be\/wp-content\/uploads\/sites\/13\/2025\/04\/1bc18b0dea1ffe399a433c04f4c3e891@large.jpg","type":"image\/jpeg"}],"twitter_card":"summary_large_image","schema":{"@context":"https:\/\/schema.org","@graph":[{"@type":"WebPage","@id":"https:\/\/koningdrone.be\/product\/dji-care-enterprise-basic%ef%bc%88mavic-3t%ef%bc%89\/","url":"https:\/\/koningdrone.be\/product\/dji-care-enterprise-basic%ef%bc%88mavic-3t%ef%bc%89\/","name":"DJI Care Enterprise Basic\uff08Mavic 3T\uff09 - koningdrone.be","isPartOf":{"@id":"https:\/\/koningdrone.be\/#website"},"primaryImageOfPage":{"@id":"https:\/\/koningdrone.be\/product\/dji-care-enterprise-basic%ef%bc%88mavic-3t%ef%bc%89\/#primaryimage"},"image":{"@id":"https:\/\/koningdrone.be\/product\/dji-care-enterprise-basic%ef%bc%88mavic-3t%ef%bc%89\/#primaryimage"},"thumbnailUrl":"https:\/\/koningdrone.be\/wp-content\/uploads\/sites\/13\/2025\/04\/1bc18b0dea1ffe399a433c04f4c3e891@large.jpg","datePublished":"2024-12-04T11:16:51+00:00","dateModified":"2026-04-29T13:00:10+00:00","breadcrumb":{"@id":"https:\/\/koningdrone.be\/product\/dji-care-enterprise-basic%ef%bc%88mavic-3t%ef%bc%89\/#breadcrumb"},"inLanguage":"de","potentialAction":[{"@type":"ReadAction","target":["https:\/\/koningdrone.be\/product\/dji-care-enterprise-basic%ef%bc%88mavic-3t%ef%bc%89\/"]}]},{"@type":"ImageObject","inLanguage":"de","@id":"https:\/\/koningdrone.be\/product\/dji-care-enterprise-basic%ef%bc%88mavic-3t%ef%bc%89\/#primaryimage","url":"https:\/\/koningdrone.be\/wp-content\/uploads\/sites\/13\/2025\/04\/1bc18b0dea1ffe399a433c04f4c3e891@large.jpg","contentUrl":"https:\/\/koningdrone.be\/wp-content\/uploads\/sites\/13\/2025\/04\/1bc18b0dea1ffe399a433c04f4c3e891@large.jpg","width":1200,"height":800},{"@type":"BreadcrumbList","@id":"https:\/\/koningdrone.be\/product\/dji-care-enterprise-basic%ef%bc%88mavic-3t%ef%bc%89\/#breadcrumb","itemListElement":[{"@type":"ListItem","position":1,"name":"Home","item":"https:\/\/koningdrone.be\/"},{"@type":"ListItem","position":2,"name":"AVSS Parachute Recovery System for DJI Matrice 300\/350","item":"https:\/\/koningdrone.be\/product\/avss-parachute-recovery-system-for-dji-matrice-300-350\/"},{"@type":"ListItem","position":3,"name":"Uncategorized","item":"https:\/\/koningdrone.be\/categorie\/uncategorized\/"},{"@type":"ListItem","position":4,"name":"DJI Care Enterprise Basic\uff08Mavic 3T\uff09"}]},{"@type":"WebSite","@id":"https:\/\/koningdrone.be\/#website","url":"https:\/\/koningdrone.be\/","name":"Koningdrone.be - Ihr Online-Spezialist f\u00fcr Drohnen, Gimbals, Kameras und Kraftwerke.","description":"Der Webshop f\u00fcr Drohnen und Gimbals","publisher":{"@id":"https:\/\/koningdrone.be\/#organization"},"potentialAction":[{"@type":"SearchAction","target":{"@type":"EntryPoint","urlTemplate":"https:\/\/koningdrone.be\/?s={search_term_string}"},"query-input":{"@type":"PropertyValueSpecification","valueRequired":true,"valueName":"search_term_string"}}],"inLanguage":"de"},{"@type":"Organization","@id":"https:\/\/koningdrone.be\/#organization","name":"Kingdrone.de","url":"https:\/\/koningdrone.be\/","logo":{"@type":"ImageObject","inLanguage":"de","@id":"https:\/\/koningdrone.be\/#\/schema\/logo\/image\/","url":"https:\/\/koningdrone.be\/wp-content\/uploads\/sites\/13\/2025\/04\/koningdrone-copyright-logo.svg","contentUrl":"https:\/\/koningdrone.be\/wp-content\/uploads\/sites\/13\/2025\/04\/koningdrone-copyright-logo.svg","width":227,"height":38,"caption":"Koningdrone.be"},"image":{"@id":"https:\/\/koningdrone.be\/#\/schema\/logo\/image\/"}}]}},"df_price":499,"df_sale_price":"","df_regular_price":499,"df_image_link":"https:\/\/koningdrone.be\/wp-content\/uploads\/sites\/13\/2025\/04\/1bc18b0dea1ffe399a433c04f4c3e891@large-300x200.jpg","_links":{"self":[{"href":"https:\/\/koningdrone.be\/de\/wp-json\/wp\/v2\/product\/1589","targetHints":{"allow":["GET"]}}],"collection":[{"href":"https:\/\/koningdrone.be\/de\/wp-json\/wp\/v2\/product"}],"about":[{"href":"https:\/\/koningdrone.be\/de\/wp-json\/wp\/v2\/types\/product"}],"wp:featuredmedia":[{"embeddable":true,"href":"https:\/\/koningdrone.be\/de\/wp-json\/wp\/v2\/media\/1588"}],"wp:attachment":[{"href":"https:\/\/koningdrone.be\/de\/wp-json\/wp\/v2\/media?parent=1589"}],"wp:term":[{"taxonomy":"product_brand","embeddable":true,"href":"https:\/\/koningdrone.be\/de\/wp-json\/wp\/v2\/product_brand?post=1589"},{"taxonomy":"product_cat","embeddable":true,"href":"https:\/\/koningdrone.be\/de\/wp-json\/wp\/v2\/product_cat?post=1589"},{"taxonomy":"product_tag","embeddable":true,"href":"https:\/\/koningdrone.be\/de\/wp-json\/wp\/v2\/product_tag?post=1589"}],"curies":[{"name":"wp","href":"https:\/\/api.w.org\/{rel}","templated":true}]}}