{"id":1586,"date":"2024-12-04T12:16:51","date_gmt":"2024-12-04T11:16:51","guid":{"rendered":"https:\/\/koningdrone.nl\/kon\/?post_type=product&#038;p=1586"},"modified":"2026-04-29T15:00:02","modified_gmt":"2026-04-29T13:00:02","slug":"dji-care-enterprise-plus-upgrade-for-dji-zenmuse-h20","status":"publish","type":"product","link":"https:\/\/koningdrone.be\/de\/produkt\/dji-care-enterprise-plus-upgrade-for-dji-zenmuse-h20\/","title":{"rendered":"DJI Care Enterprise Plus Upgrade f\u00fcr DJI Zenmuse H20"},"content":{"rendered":"<p>Das DJI Care Enterprise Plus Upgrade f\u00fcr die DJI Zenmuse H20 erweitert Ihren Schutzplan um eine umfassende Abdeckung von Unfallsch\u00e4den und schnellere Reparaturleistungen. Dieser Plan wurde f\u00fcr Gesch\u00e4ftsleute entwickelt und unterst\u00fctzt hochpr\u00e4zise Inspektionen und unternehmenskritische Anwendungen.<\/p>","protected":false},"excerpt":{"rendered":"<ul>\n<li>Aktualisieren Sie Ihren bestehenden DJI Care Enterprise Basic Plan f\u00fcr unbegrenzte kostenlose Reparaturen f\u00fcr die Zenmuse H20.<\/li>\n<li>Bietet umfassenden Schutz bei Unfallsch\u00e4den, z. B. bei St\u00fcrzen, Wassereinwirkung und mehr.<\/li>\n<li>Bietet vorrangige Reparaturdienste an, die Ausfallzeiten verk\u00fcrzen und die schnelle Durchf\u00fchrung gesch\u00e4ftskritischer Vorg\u00e4nge erm\u00f6glichen.<\/li>\n<li>Sorgt daf\u00fcr, dass Ihre Zenmuse H20 auch bei anspruchsvollen Aufgaben voll einsatzf\u00e4hig bleibt und maximalen Schutz bietet.<\/li>\n<\/ul>","protected":false},"featured_media":1585,"template":"","meta":{"_acf_changed":false},"product_brand":[],"product_cat":[58],"product_tag":[],"class_list":{"0":"post-1586","1":"product","2":"type-product","3":"status-publish","4":"has-post-thumbnail","6":"product_cat-uncategorized","7":"product_shipping_class-outofstock","8":"pa_brand-dji","9":"pa_producttype-service-plan","10":"pa_series-zenmuse-h20","12":"first","13":"outofstock","14":"taxable","15":"shipping-taxable","16":"purchasable","17":"product-type-simple"},"acf":[],"yoast_head":"<!-- This site is optimized with the Yoast SEO Premium plugin v27.2 (Yoast SEO v27.2) - https:\/\/yoast.com\/product\/yoast-seo-premium-wordpress\/ -->\n<title>DJI Care Enterprise Plus Upgrade For DJI Zenmuse H20 - koningdrone.be<\/title>\n<meta name=\"robots\" content=\"index, follow, max-snippet:-1, max-image-preview:large, max-video-preview:-1\" \/>\n<link rel=\"canonical\" href=\"https:\/\/koningdrone.be\/de\/produkt\/dji-care-enterprise-plus-upgrade-for-dji-zenmuse-h20\/\" \/>\n<meta property=\"og:locale\" content=\"de_DE\" \/>\n<meta property=\"og:type\" content=\"article\" \/>\n<meta property=\"og:title\" content=\"DJI Care Enterprise Plus Upgrade For DJI Zenmuse H20\" \/>\n<meta property=\"og:description\" content=\"Upgrade je bestaande DJI Care Enterprise Basic-plan voor onbeperkte gratis reparaties voor de Zenmuse H20.Biedt uitgebreide bescherming voor schade door ongelukken, waaronder crashes, blootstelling aan water en meer.Biedt reparatieservices met prioriteit, waardoor de uitvaltijd wordt beperkt en missiekritieke operaties snel kunnen worden uitgevoerd.Zorgt ervoor dat uw Zenmuse H20 volledig operationeel blijft met maximale bescherming tijdens veeleisende taken.\" \/>\n<meta property=\"og:url\" content=\"https:\/\/koningdrone.be\/de\/produkt\/dji-care-enterprise-plus-upgrade-for-dji-zenmuse-h20\/\" \/>\n<meta property=\"og:site_name\" content=\"koningdrone.be\" \/>\n<meta property=\"article:modified_time\" content=\"2026-04-29T13:00:02+00:00\" \/>\n<meta property=\"og:image\" content=\"https:\/\/koningdrone.be\/wp-content\/uploads\/sites\/13\/2025\/04\/h20_plus_payload.png\" \/>\n\t<meta property=\"og:image:width\" content=\"540\" \/>\n\t<meta property=\"og:image:height\" content=\"540\" \/>\n\t<meta property=\"og:image:type\" content=\"image\/png\" \/>\n<meta name=\"twitter:card\" content=\"summary_large_image\" \/>\n<script type=\"application\/ld+json\" class=\"yoast-schema-graph\">{\"@context\":\"https:\/\/schema.org\",\"@graph\":[{\"@type\":\"WebPage\",\"@id\":\"https:\/\/koningdrone.be\/product\/dji-care-enterprise-plus-upgrade-for-dji-zenmuse-h20\/\",\"url\":\"https:\/\/koningdrone.be\/product\/dji-care-enterprise-plus-upgrade-for-dji-zenmuse-h20\/\",\"name\":\"DJI Care Enterprise Plus Upgrade For DJI Zenmuse H20 - koningdrone.be\",\"isPartOf\":{\"@id\":\"https:\/\/koningdrone.be\/#website\"},\"primaryImageOfPage\":{\"@id\":\"https:\/\/koningdrone.be\/product\/dji-care-enterprise-plus-upgrade-for-dji-zenmuse-h20\/#primaryimage\"},\"image\":{\"@id\":\"https:\/\/koningdrone.be\/product\/dji-care-enterprise-plus-upgrade-for-dji-zenmuse-h20\/#primaryimage\"},\"thumbnailUrl\":\"https:\/\/koningdrone.be\/wp-content\/uploads\/sites\/13\/2025\/04\/h20_plus_payload.png\",\"datePublished\":\"2024-12-04T11:16:51+00:00\",\"dateModified\":\"2026-04-29T13:00:02+00:00\",\"breadcrumb\":{\"@id\":\"https:\/\/koningdrone.be\/product\/dji-care-enterprise-plus-upgrade-for-dji-zenmuse-h20\/#breadcrumb\"},\"inLanguage\":\"de\",\"potentialAction\":[{\"@type\":\"ReadAction\",\"target\":[\"https:\/\/koningdrone.be\/product\/dji-care-enterprise-plus-upgrade-for-dji-zenmuse-h20\/\"]}]},{\"@type\":\"ImageObject\",\"inLanguage\":\"de\",\"@id\":\"https:\/\/koningdrone.be\/product\/dji-care-enterprise-plus-upgrade-for-dji-zenmuse-h20\/#primaryimage\",\"url\":\"https:\/\/koningdrone.be\/wp-content\/uploads\/sites\/13\/2025\/04\/h20_plus_payload.png\",\"contentUrl\":\"https:\/\/koningdrone.be\/wp-content\/uploads\/sites\/13\/2025\/04\/h20_plus_payload.png\",\"width\":540,\"height\":540},{\"@type\":\"BreadcrumbList\",\"@id\":\"https:\/\/koningdrone.be\/product\/dji-care-enterprise-plus-upgrade-for-dji-zenmuse-h20\/#breadcrumb\",\"itemListElement\":[{\"@type\":\"ListItem\",\"position\":1,\"name\":\"Home\",\"item\":\"https:\/\/koningdrone.be\/\"},{\"@type\":\"ListItem\",\"position\":2,\"name\":\"AVSS Parachute Recovery System for DJI Matrice 300\/350\",\"item\":\"https:\/\/koningdrone.be\/product\/avss-parachute-recovery-system-for-dji-matrice-300-350\/\"},{\"@type\":\"ListItem\",\"position\":3,\"name\":\"Uncategorized\",\"item\":\"https:\/\/koningdrone.be\/categorie\/uncategorized\/\"},{\"@type\":\"ListItem\",\"position\":4,\"name\":\"DJI Care Enterprise Plus Upgrade For DJI Zenmuse H20\"}]},{\"@type\":\"WebSite\",\"@id\":\"https:\/\/koningdrone.be\/#website\",\"url\":\"https:\/\/koningdrone.be\/\",\"name\":\"Koningdrone.be - Uw online specialist in drones, gimbals, camera's en power stations.\",\"description\":\"De webshop in drones en gimbals\",\"publisher\":{\"@id\":\"https:\/\/koningdrone.be\/#organization\"},\"potentialAction\":[{\"@type\":\"SearchAction\",\"target\":{\"@type\":\"EntryPoint\",\"urlTemplate\":\"https:\/\/koningdrone.be\/?s={search_term_string}\"},\"query-input\":{\"@type\":\"PropertyValueSpecification\",\"valueRequired\":true,\"valueName\":\"search_term_string\"}}],\"inLanguage\":\"de\"},{\"@type\":\"Organization\",\"@id\":\"https:\/\/koningdrone.be\/#organization\",\"name\":\"Koningdrone.be\",\"url\":\"https:\/\/koningdrone.be\/\",\"logo\":{\"@type\":\"ImageObject\",\"inLanguage\":\"de\",\"@id\":\"https:\/\/koningdrone.be\/#\/schema\/logo\/image\/\",\"url\":\"https:\/\/koningdrone.be\/wp-content\/uploads\/sites\/13\/2025\/04\/koningdrone-copyright-logo.svg\",\"contentUrl\":\"https:\/\/koningdrone.be\/wp-content\/uploads\/sites\/13\/2025\/04\/koningdrone-copyright-logo.svg\",\"width\":227,\"height\":38,\"caption\":\"Koningdrone.be\"},\"image\":{\"@id\":\"https:\/\/koningdrone.be\/#\/schema\/logo\/image\/\"}}]}<\/script>\n<!-- \/ Yoast SEO Premium plugin. -->","yoast_head_json":{"title":"DJI Care Enterprise Plus Upgrade For DJI Zenmuse H20 - koningdrone.be","robots":{"index":"index","follow":"follow","max-snippet":"max-snippet:-1","max-image-preview":"max-image-preview:large","max-video-preview":"max-video-preview:-1"},"canonical":"https:\/\/koningdrone.be\/de\/produkt\/dji-care-enterprise-plus-upgrade-for-dji-zenmuse-h20\/","og_locale":"de_DE","og_type":"article","og_title":"DJI Care Enterprise Plus Upgrade For DJI Zenmuse H20","og_description":"Upgrade je bestaande DJI Care Enterprise Basic-plan voor onbeperkte gratis reparaties voor de Zenmuse H20.Biedt uitgebreide bescherming voor schade door ongelukken, waaronder crashes, blootstelling aan water en meer.Biedt reparatieservices met prioriteit, waardoor de uitvaltijd wordt beperkt en missiekritieke operaties snel kunnen worden uitgevoerd.Zorgt ervoor dat uw Zenmuse H20 volledig operationeel blijft met maximale bescherming tijdens veeleisende taken.","og_url":"https:\/\/koningdrone.be\/de\/produkt\/dji-care-enterprise-plus-upgrade-for-dji-zenmuse-h20\/","og_site_name":"koningdrone.be","article_modified_time":"2026-04-29T13:00:02+00:00","og_image":[{"width":540,"height":540,"url":"https:\/\/koningdrone.be\/wp-content\/uploads\/sites\/13\/2025\/04\/h20_plus_payload.png","type":"image\/png"}],"twitter_card":"summary_large_image","schema":{"@context":"https:\/\/schema.org","@graph":[{"@type":"WebPage","@id":"https:\/\/koningdrone.be\/product\/dji-care-enterprise-plus-upgrade-for-dji-zenmuse-h20\/","url":"https:\/\/koningdrone.be\/product\/dji-care-enterprise-plus-upgrade-for-dji-zenmuse-h20\/","name":"DJI Care Enterprise Plus Upgrade For DJI Zenmuse H20 - koningdrone.be","isPartOf":{"@id":"https:\/\/koningdrone.be\/#website"},"primaryImageOfPage":{"@id":"https:\/\/koningdrone.be\/product\/dji-care-enterprise-plus-upgrade-for-dji-zenmuse-h20\/#primaryimage"},"image":{"@id":"https:\/\/koningdrone.be\/product\/dji-care-enterprise-plus-upgrade-for-dji-zenmuse-h20\/#primaryimage"},"thumbnailUrl":"https:\/\/koningdrone.be\/wp-content\/uploads\/sites\/13\/2025\/04\/h20_plus_payload.png","datePublished":"2024-12-04T11:16:51+00:00","dateModified":"2026-04-29T13:00:02+00:00","breadcrumb":{"@id":"https:\/\/koningdrone.be\/product\/dji-care-enterprise-plus-upgrade-for-dji-zenmuse-h20\/#breadcrumb"},"inLanguage":"de","potentialAction":[{"@type":"ReadAction","target":["https:\/\/koningdrone.be\/product\/dji-care-enterprise-plus-upgrade-for-dji-zenmuse-h20\/"]}]},{"@type":"ImageObject","inLanguage":"de","@id":"https:\/\/koningdrone.be\/product\/dji-care-enterprise-plus-upgrade-for-dji-zenmuse-h20\/#primaryimage","url":"https:\/\/koningdrone.be\/wp-content\/uploads\/sites\/13\/2025\/04\/h20_plus_payload.png","contentUrl":"https:\/\/koningdrone.be\/wp-content\/uploads\/sites\/13\/2025\/04\/h20_plus_payload.png","width":540,"height":540},{"@type":"BreadcrumbList","@id":"https:\/\/koningdrone.be\/product\/dji-care-enterprise-plus-upgrade-for-dji-zenmuse-h20\/#breadcrumb","itemListElement":[{"@type":"ListItem","position":1,"name":"Home","item":"https:\/\/koningdrone.be\/"},{"@type":"ListItem","position":2,"name":"AVSS Parachute Recovery System for DJI Matrice 300\/350","item":"https:\/\/koningdrone.be\/product\/avss-parachute-recovery-system-for-dji-matrice-300-350\/"},{"@type":"ListItem","position":3,"name":"Uncategorized","item":"https:\/\/koningdrone.be\/categorie\/uncategorized\/"},{"@type":"ListItem","position":4,"name":"DJI Care Enterprise Plus Upgrade For DJI Zenmuse H20"}]},{"@type":"WebSite","@id":"https:\/\/koningdrone.be\/#website","url":"https:\/\/koningdrone.be\/","name":"Koningdrone.be - Ihr Online-Spezialist f\u00fcr Drohnen, Gimbals, Kameras und Kraftwerke.","description":"Der Webshop f\u00fcr Drohnen und Gimbals","publisher":{"@id":"https:\/\/koningdrone.be\/#organization"},"potentialAction":[{"@type":"SearchAction","target":{"@type":"EntryPoint","urlTemplate":"https:\/\/koningdrone.be\/?s={search_term_string}"},"query-input":{"@type":"PropertyValueSpecification","valueRequired":true,"valueName":"search_term_string"}}],"inLanguage":"de"},{"@type":"Organization","@id":"https:\/\/koningdrone.be\/#organization","name":"Kingdrone.de","url":"https:\/\/koningdrone.be\/","logo":{"@type":"ImageObject","inLanguage":"de","@id":"https:\/\/koningdrone.be\/#\/schema\/logo\/image\/","url":"https:\/\/koningdrone.be\/wp-content\/uploads\/sites\/13\/2025\/04\/koningdrone-copyright-logo.svg","contentUrl":"https:\/\/koningdrone.be\/wp-content\/uploads\/sites\/13\/2025\/04\/koningdrone-copyright-logo.svg","width":227,"height":38,"caption":"Koningdrone.be"},"image":{"@id":"https:\/\/koningdrone.be\/#\/schema\/logo\/image\/"}}]}},"df_price":192,"df_sale_price":"","df_regular_price":192,"df_image_link":"https:\/\/koningdrone.be\/wp-content\/uploads\/sites\/13\/2025\/04\/h20_plus_payload-300x300.png","_links":{"self":[{"href":"https:\/\/koningdrone.be\/de\/wp-json\/wp\/v2\/product\/1586","targetHints":{"allow":["GET"]}}],"collection":[{"href":"https:\/\/koningdrone.be\/de\/wp-json\/wp\/v2\/product"}],"about":[{"href":"https:\/\/koningdrone.be\/de\/wp-json\/wp\/v2\/types\/product"}],"wp:featuredmedia":[{"embeddable":true,"href":"https:\/\/koningdrone.be\/de\/wp-json\/wp\/v2\/media\/1585"}],"wp:attachment":[{"href":"https:\/\/koningdrone.be\/de\/wp-json\/wp\/v2\/media?parent=1586"}],"wp:term":[{"taxonomy":"product_brand","embeddable":true,"href":"https:\/\/koningdrone.be\/de\/wp-json\/wp\/v2\/product_brand?post=1586"},{"taxonomy":"product_cat","embeddable":true,"href":"https:\/\/koningdrone.be\/de\/wp-json\/wp\/v2\/product_cat?post=1586"},{"taxonomy":"product_tag","embeddable":true,"href":"https:\/\/koningdrone.be\/de\/wp-json\/wp\/v2\/product_tag?post=1586"}],"curies":[{"name":"wp","href":"https:\/\/api.w.org\/{rel}","templated":true}]}}