{"id":15855,"date":"2026-01-23T01:09:18","date_gmt":"2026-01-23T00:09:18","guid":{"rendered":"https:\/\/koningdrone.be\/product\/dji-power-2000\/"},"modified":"2026-05-01T14:50:49","modified_gmt":"2026-05-01T12:50:49","slug":"dji-power-2000","status":"publish","type":"product","link":"https:\/\/koningdrone.be\/de\/produkt\/dji-power-2000\/","title":{"rendered":"DJI Power 2000"},"content":{"rendered":"<h3>DJI Power 2000<\/h3>\n<p><iframe loading=\"lazy\" title=\"Einf\u00fchrung von DJI Power 2000\" width=\"800\" height=\"450\" src=\"https:\/\/www.youtube.com\/embed\/7oNAIv-yhBA?feature=oembed&#038;enablejsapi=1&#038;origin=https:\/\/koningdrone.be\" frameborder=\"0\" allow=\"accelerometer; autoplay; clipboard-write; encrypted-media; gyroscope; picture-in-picture; web-share\" referrerpolicy=\"strict-origin-when-cross-origin\" allowfullscreen><\/iframe><\/p>\n<p style=\"margin-top: 20px\">Die <strong>DJI Power 2000 (EU)<\/strong> ist ein fortschrittliches mobiles Kraftwerk mit einer enormen Kapazit\u00e4t von <strong>2048 Wh<\/strong>, wurde f\u00fcr Benutzer entwickelt, die \u00fcberall eine zuverl\u00e4ssige, leistungsstarke Stromversorgung ben\u00f6tigen. Ganz gleich, ob Sie unterwegs sind, vor Ort arbeiten, campen oder Ihre Ger\u00e4te zu Hause mit Notstrom versorgen m\u00f6chten, diese Stromstation bietet eine gleichbleibende Leistung und Unterst\u00fctzung f\u00fcr eine Vielzahl von Ger\u00e4ten.<\/p>\n<p style=\"margin-bottom: 20px\">Mit einer robusten Ausgangsleistung von <strong>3000 W<\/strong> Es kann mehrere Ger\u00e4te gleichzeitig mit Strom versorgen, von Laptops und Kameras bis hin zu professioneller Beleuchtung oder kleinen Haushaltsger\u00e4ten. Das perfekte Gleichgewicht zwischen Mobilit\u00e4t und Leistung macht ihn sowohl f\u00fcr die Freizeit als auch f\u00fcr den professionellen Einsatz attraktiv.<\/p>\n<p><a href=\"https:\/\/koningdrone.nl\/wp-content\/uploads\/2026\/01\/DJI-Power-2000.webp\"><img loading=\"lazy\" decoding=\"async\" class=\"size-full wp-image-467411 aligncenter\" src=\"https:\/\/koningdrone.nl\/wp-content\/uploads\/2026\/01\/DJI-Power-2000.webp\" alt=\"DJI Power 2000\" width=\"1200\" height=\"800\" \/><\/a><\/p>\n<h4>Leistung und Funktionalit\u00e4t<\/h4>\n<p>Der Power 2000 verwendet hochwertige <strong>LiFePO4-Batterien<\/strong> garantieren eine lange Lebensdauer mit mehr als <strong>4000 Ladezyklen<\/strong> zonder veel capaciteit te verliezen. Dankzij de verschillende poorten (AC\u2011uitgangen, USB\u2011C, USB\u2011A en SDC\u2011poorten) kan je meerdere apparaten tegelijk opladen of van stroom voorzien.<\/p>\n<p>Mit <strong>Schnellladung \u00fcber das Stromnetz (0-80 % in ca. 45 min)<\/strong> und die M\u00f6glichkeit zum Laden mit <strong>Solarenergie oder ein Autoadapter<\/strong>, bietet der Power 2000 maximale Flexibilit\u00e4t f\u00fcr jede Situation.<\/p>\n<h4>Verarbeitungsqualit\u00e4t und Design<\/h4>\n<p>Ondanks zijn hoge capaciteit blijft de DJI Power 2000 relatief compact en geschikt voor transport in een auto of rugzak. De behuizing is stevig, ontworpen om stabiel te presteren onder uiteenlopende omstandigheden, met een stille werking van ongeveer 29\u202fdB tijdens normaal gebruik.<\/p>\n<p>Het ontwerp houdt rekening met eenvoudige bediening en overzichtelijke toegang tot alle aansluitingen en display\u2011functies.<\/p>\n<p><a href=\"https:\/\/koningdrone.nl\/wp-content\/uploads\/2026\/01\/Product-DJI-Power-2000.webp\"><img loading=\"lazy\" decoding=\"async\" class=\"wp-image-467409 size-medium aligncenter\" src=\"https:\/\/koningdrone.nl\/wp-content\/uploads\/2026\/01\/Product-DJI-Power-2000-300x300.webp\" alt=\"Product DJI Power 2000\" width=\"300\" height=\"300\" \/><\/a><\/p>\n<h4>Warum Sie es brauchen<\/h4>\n<p>Ob Sie Strom f\u00fcr langfristige Video- oder Fotoproduktionen, Notstrom zu Hause bei Stromausf\u00e4llen oder eine zuverl\u00e4ssige Stromquelle f\u00fcr Outdoor-Aktivit\u00e4ten und Reisen ben\u00f6tigen, der DJI Power 2000 bietet eine vielseitige und leistungsstarke L\u00f6sung. Seine Kombination aus Kapazit\u00e4t, Leistung und Flexibilit\u00e4t macht ihn zu einer hervorragenden Wahl f\u00fcr Profis und Abenteurer.<\/p>","protected":false},"excerpt":{"rendered":"<ul>\n<li>Extra gro\u00dfe Batteriekapazit\u00e4t von 2048 Wh f\u00fcr langfristige Energieversorgung<\/li>\n<li>3000 W Dauerausgangsleistung f\u00fcr leistungsstarke Ger\u00e4te<\/li>\n<li>Schnelles Aufladen \u00fcber Netz-, Solar- oder Autoadapter<\/li>\n<li>Mehrere Anschl\u00fcsse, einschlie\u00dflich AC, USB-C, USB-A und SDC<\/li>\n<li>Lange Lebensdauer mit mehr als 4.000 Ladezyklen dank LFP-Technologie<\/li>\n<\/ul>","protected":false},"featured_media":17222,"template":"","meta":{"_acf_changed":false},"product_brand":[],"product_cat":[586,1696],"product_tag":[],"class_list":{"0":"post-15855","1":"product","2":"type-product","3":"status-publish","4":"has-post-thumbnail","6":"product_cat-dji","7":"product_cat-dji-power-2000","8":"product_shipping_class-outofstock","9":"pa_brand-dji","10":"pa_producttype-draagbare-powerstation","11":"pa_series-power","13":"first","14":"onbackorder","15":"taxable","16":"shipping-taxable","17":"purchasable","18":"product-type-simple"},"acf":[],"yoast_head":"<!-- This site is optimized with the Yoast SEO Premium plugin v27.2 (Yoast SEO v27.2) - https:\/\/yoast.com\/product\/yoast-seo-premium-wordpress\/ -->\n<title>DJI Power 2000 - koningdrone.be<\/title>\n<meta name=\"robots\" content=\"index, follow, max-snippet:-1, max-image-preview:large, max-video-preview:-1\" \/>\n<link rel=\"canonical\" href=\"https:\/\/koningdrone.be\/de\/produkt\/dji-power-2000\/\" \/>\n<meta property=\"og:locale\" content=\"de_DE\" \/>\n<meta property=\"og:type\" content=\"article\" \/>\n<meta property=\"og:title\" content=\"DJI Power 2000\" \/>\n<meta property=\"og:description\" content=\"Extra grote 2048\u202fWh batterijcapaciteit voor langdurige energievoorziening  3000\u202fW continu uitgangsvermogen voor krachtige apparaten  Snelladen via netstroom, zonne\u2011energie of auto\u2011adapter  Meerdere poorten waaronder AC, USB\u2011C, USB\u2011A en SDC  Lange levensduur met meer dan 4000 laadcycli dankzij LFP\u2011technologie\" \/>\n<meta property=\"og:url\" content=\"https:\/\/koningdrone.be\/de\/produkt\/dji-power-2000\/\" \/>\n<meta property=\"og:site_name\" content=\"koningdrone.be\" \/>\n<meta property=\"article:modified_time\" content=\"2026-05-01T12:50:49+00:00\" \/>\n<meta property=\"og:image\" content=\"https:\/\/koningdrone.be\/wp-content\/uploads\/sites\/13\/2026\/03\/DJI-Power-2000-Product.webp\" \/>\n\t<meta property=\"og:image:width\" content=\"2048\" \/>\n\t<meta property=\"og:image:height\" content=\"2048\" \/>\n\t<meta property=\"og:image:type\" content=\"image\/webp\" \/>\n<meta name=\"twitter:card\" content=\"summary_large_image\" \/>\n<meta name=\"twitter:label1\" content=\"Gesch\u00e4tzte Lesezeit\" \/>\n\t<meta name=\"twitter:data1\" content=\"3\u00a0Minuten\" \/>\n<script type=\"application\/ld+json\" class=\"yoast-schema-graph\">{\"@context\":\"https:\/\/schema.org\",\"@graph\":[{\"@type\":\"WebPage\",\"@id\":\"https:\/\/koningdrone.be\/product\/dji-power-2000\/\",\"url\":\"https:\/\/koningdrone.be\/product\/dji-power-2000\/\",\"name\":\"DJI Power 2000 - koningdrone.be\",\"isPartOf\":{\"@id\":\"https:\/\/koningdrone.be\/#website\"},\"primaryImageOfPage\":{\"@id\":\"https:\/\/koningdrone.be\/product\/dji-power-2000\/#primaryimage\"},\"image\":{\"@id\":\"https:\/\/koningdrone.be\/product\/dji-power-2000\/#primaryimage\"},\"thumbnailUrl\":\"https:\/\/koningdrone.be\/wp-content\/uploads\/sites\/13\/2026\/03\/DJI-Power-2000-Product.webp\",\"datePublished\":\"2026-01-23T00:09:18+00:00\",\"dateModified\":\"2026-05-01T12:50:49+00:00\",\"breadcrumb\":{\"@id\":\"https:\/\/koningdrone.be\/product\/dji-power-2000\/#breadcrumb\"},\"inLanguage\":\"de\",\"potentialAction\":[{\"@type\":\"ReadAction\",\"target\":[\"https:\/\/koningdrone.be\/product\/dji-power-2000\/\"]}]},{\"@type\":\"ImageObject\",\"inLanguage\":\"de\",\"@id\":\"https:\/\/koningdrone.be\/product\/dji-power-2000\/#primaryimage\",\"url\":\"https:\/\/koningdrone.be\/wp-content\/uploads\/sites\/13\/2026\/03\/DJI-Power-2000-Product.webp\",\"contentUrl\":\"https:\/\/koningdrone.be\/wp-content\/uploads\/sites\/13\/2026\/03\/DJI-Power-2000-Product.webp\",\"width\":2048,\"height\":2048},{\"@type\":\"BreadcrumbList\",\"@id\":\"https:\/\/koningdrone.be\/product\/dji-power-2000\/#breadcrumb\",\"itemListElement\":[{\"@type\":\"ListItem\",\"position\":1,\"name\":\"Home\",\"item\":\"https:\/\/koningdrone.be\/\"},{\"@type\":\"ListItem\",\"position\":2,\"name\":\"AVSS Parachute Recovery System for DJI Matrice 300\/350\",\"item\":\"https:\/\/koningdrone.be\/product\/avss-parachute-recovery-system-for-dji-matrice-300-350\/\"},{\"@type\":\"ListItem\",\"position\":3,\"name\":\"DJI\",\"item\":\"https:\/\/koningdrone.be\/categorie\/dji\/\"},{\"@type\":\"ListItem\",\"position\":4,\"name\":\"DJI Power 2000\"}]},{\"@type\":\"WebSite\",\"@id\":\"https:\/\/koningdrone.be\/#website\",\"url\":\"https:\/\/koningdrone.be\/\",\"name\":\"Koningdrone.be - Uw online specialist in drones, gimbals, camera's en power stations.\",\"description\":\"De webshop in drones en gimbals\",\"publisher\":{\"@id\":\"https:\/\/koningdrone.be\/#organization\"},\"potentialAction\":[{\"@type\":\"SearchAction\",\"target\":{\"@type\":\"EntryPoint\",\"urlTemplate\":\"https:\/\/koningdrone.be\/?s={search_term_string}\"},\"query-input\":{\"@type\":\"PropertyValueSpecification\",\"valueRequired\":true,\"valueName\":\"search_term_string\"}}],\"inLanguage\":\"de\"},{\"@type\":\"Organization\",\"@id\":\"https:\/\/koningdrone.be\/#organization\",\"name\":\"Koningdrone.be\",\"url\":\"https:\/\/koningdrone.be\/\",\"logo\":{\"@type\":\"ImageObject\",\"inLanguage\":\"de\",\"@id\":\"https:\/\/koningdrone.be\/#\/schema\/logo\/image\/\",\"url\":\"https:\/\/koningdrone.be\/wp-content\/uploads\/sites\/13\/2025\/04\/koningdrone-copyright-logo.svg\",\"contentUrl\":\"https:\/\/koningdrone.be\/wp-content\/uploads\/sites\/13\/2025\/04\/koningdrone-copyright-logo.svg\",\"width\":227,\"height\":38,\"caption\":\"Koningdrone.be\"},\"image\":{\"@id\":\"https:\/\/koningdrone.be\/#\/schema\/logo\/image\/\"}}]}<\/script>\n<!-- \/ Yoast SEO Premium plugin. -->","yoast_head_json":{"title":"DJI Power 2000 - koningdrone.be","robots":{"index":"index","follow":"follow","max-snippet":"max-snippet:-1","max-image-preview":"max-image-preview:large","max-video-preview":"max-video-preview:-1"},"canonical":"https:\/\/koningdrone.be\/de\/produkt\/dji-power-2000\/","og_locale":"de_DE","og_type":"article","og_title":"DJI Power 2000","og_description":"Extra grote 2048\u202fWh batterijcapaciteit voor langdurige energievoorziening  3000\u202fW continu uitgangsvermogen voor krachtige apparaten  Snelladen via netstroom, zonne\u2011energie of auto\u2011adapter  Meerdere poorten waaronder AC, USB\u2011C, USB\u2011A en SDC  Lange levensduur met meer dan 4000 laadcycli dankzij LFP\u2011technologie","og_url":"https:\/\/koningdrone.be\/de\/produkt\/dji-power-2000\/","og_site_name":"koningdrone.be","article_modified_time":"2026-05-01T12:50:49+00:00","og_image":[{"width":2048,"height":2048,"url":"https:\/\/koningdrone.be\/wp-content\/uploads\/sites\/13\/2026\/03\/DJI-Power-2000-Product.webp","type":"image\/webp"}],"twitter_card":"summary_large_image","twitter_misc":{"Gesch\u00e4tzte Lesezeit":"3\u00a0Minuten"},"schema":{"@context":"https:\/\/schema.org","@graph":[{"@type":"WebPage","@id":"https:\/\/koningdrone.be\/product\/dji-power-2000\/","url":"https:\/\/koningdrone.be\/product\/dji-power-2000\/","name":"DJI Power 2000 - koningdrone.be","isPartOf":{"@id":"https:\/\/koningdrone.be\/#website"},"primaryImageOfPage":{"@id":"https:\/\/koningdrone.be\/product\/dji-power-2000\/#primaryimage"},"image":{"@id":"https:\/\/koningdrone.be\/product\/dji-power-2000\/#primaryimage"},"thumbnailUrl":"https:\/\/koningdrone.be\/wp-content\/uploads\/sites\/13\/2026\/03\/DJI-Power-2000-Product.webp","datePublished":"2026-01-23T00:09:18+00:00","dateModified":"2026-05-01T12:50:49+00:00","breadcrumb":{"@id":"https:\/\/koningdrone.be\/product\/dji-power-2000\/#breadcrumb"},"inLanguage":"de","potentialAction":[{"@type":"ReadAction","target":["https:\/\/koningdrone.be\/product\/dji-power-2000\/"]}]},{"@type":"ImageObject","inLanguage":"de","@id":"https:\/\/koningdrone.be\/product\/dji-power-2000\/#primaryimage","url":"https:\/\/koningdrone.be\/wp-content\/uploads\/sites\/13\/2026\/03\/DJI-Power-2000-Product.webp","contentUrl":"https:\/\/koningdrone.be\/wp-content\/uploads\/sites\/13\/2026\/03\/DJI-Power-2000-Product.webp","width":2048,"height":2048},{"@type":"BreadcrumbList","@id":"https:\/\/koningdrone.be\/product\/dji-power-2000\/#breadcrumb","itemListElement":[{"@type":"ListItem","position":1,"name":"Home","item":"https:\/\/koningdrone.be\/"},{"@type":"ListItem","position":2,"name":"AVSS Parachute Recovery System for DJI Matrice 300\/350","item":"https:\/\/koningdrone.be\/product\/avss-parachute-recovery-system-for-dji-matrice-300-350\/"},{"@type":"ListItem","position":3,"name":"DJI","item":"https:\/\/koningdrone.be\/categorie\/dji\/"},{"@type":"ListItem","position":4,"name":"DJI Power 2000"}]},{"@type":"WebSite","@id":"https:\/\/koningdrone.be\/#website","url":"https:\/\/koningdrone.be\/","name":"Koningdrone.be - Ihr Online-Spezialist f\u00fcr Drohnen, Gimbals, Kameras und Kraftwerke.","description":"Der Webshop f\u00fcr Drohnen und Gimbals","publisher":{"@id":"https:\/\/koningdrone.be\/#organization"},"potentialAction":[{"@type":"SearchAction","target":{"@type":"EntryPoint","urlTemplate":"https:\/\/koningdrone.be\/?s={search_term_string}"},"query-input":{"@type":"PropertyValueSpecification","valueRequired":true,"valueName":"search_term_string"}}],"inLanguage":"de"},{"@type":"Organization","@id":"https:\/\/koningdrone.be\/#organization","name":"Kingdrone.de","url":"https:\/\/koningdrone.be\/","logo":{"@type":"ImageObject","inLanguage":"de","@id":"https:\/\/koningdrone.be\/#\/schema\/logo\/image\/","url":"https:\/\/koningdrone.be\/wp-content\/uploads\/sites\/13\/2025\/04\/koningdrone-copyright-logo.svg","contentUrl":"https:\/\/koningdrone.be\/wp-content\/uploads\/sites\/13\/2025\/04\/koningdrone-copyright-logo.svg","width":227,"height":38,"caption":"Koningdrone.be"},"image":{"@id":"https:\/\/koningdrone.be\/#\/schema\/logo\/image\/"}}]}},"df_price":1399,"df_sale_price":"","df_regular_price":1399,"df_image_link":"https:\/\/koningdrone.be\/wp-content\/uploads\/sites\/13\/2026\/03\/DJI-Power-2000-Product-300x300.webp","_links":{"self":[{"href":"https:\/\/koningdrone.be\/de\/wp-json\/wp\/v2\/product\/15855","targetHints":{"allow":["GET"]}}],"collection":[{"href":"https:\/\/koningdrone.be\/de\/wp-json\/wp\/v2\/product"}],"about":[{"href":"https:\/\/koningdrone.be\/de\/wp-json\/wp\/v2\/types\/product"}],"wp:featuredmedia":[{"embeddable":true,"href":"https:\/\/koningdrone.be\/de\/wp-json\/wp\/v2\/media\/17222"}],"wp:attachment":[{"href":"https:\/\/koningdrone.be\/de\/wp-json\/wp\/v2\/media?parent=15855"}],"wp:term":[{"taxonomy":"product_brand","embeddable":true,"href":"https:\/\/koningdrone.be\/de\/wp-json\/wp\/v2\/product_brand?post=15855"},{"taxonomy":"product_cat","embeddable":true,"href":"https:\/\/koningdrone.be\/de\/wp-json\/wp\/v2\/product_cat?post=15855"},{"taxonomy":"product_tag","embeddable":true,"href":"https:\/\/koningdrone.be\/de\/wp-json\/wp\/v2\/product_tag?post=15855"}],"curies":[{"name":"wp","href":"https:\/\/api.w.org\/{rel}","templated":true}]}}