{"id":15845,"date":"2026-01-23T03:46:41","date_gmt":"2026-01-23T02:46:41","guid":{"rendered":"https:\/\/koningdrone.be\/product\/dji-power-solar-panel-adapter-module-mppt\/"},"modified":"2026-04-29T15:00:26","modified_gmt":"2026-04-29T13:00:26","slug":"dji-power-solar-panel-adapter-module-mppt","status":"publish","type":"product","link":"https:\/\/koningdrone.be\/de\/produkt\/dji-power-solar-panel-adapter-module-mppt\/","title":{"rendered":"DJI Power Solarpanel Adapter Modul (MPPT)"},"content":{"rendered":"<p data-path-to-node=\"9\"><span class=\"citation-58\">Die <\/span><b data-path-to-node=\"9\" data-index-in-node=\"3\"><span class=\"citation-58\">DJI Power Solarpanel Adapter Modul (MPPT)<\/span><\/b><span class=\"citation-58 citation-end-58\"> ist das unverzichtbare Bindeglied f\u00fcr Nutzer, die v\u00f6llig netzunabh\u00e4ngig arbeiten wollen.<\/span> <span class=\"citation-57 citation-end-57\">Dieses Modul wandelt Sonnenenergie effizient in nutzbare Energie f\u00fcr Ihre DJI Power Series Powerstation um.<\/span> <span class=\"citation-56 citation-end-56\">Dank seines intelligenten MPPT-Algorithmus verfolgt der Adapter kontinuierlich die optimale Spannung und den optimalen Strom der angeschlossenen Module, was zu k\u00fcrzeren Ladezeiten auch bei suboptimalen Lichtverh\u00e4ltnissen f\u00fchrt.<\/span><\/p>\n<p data-path-to-node=\"10\"><span class=\"citation-55 citation-end-55\">Egal, ob Sie Drohnen an einem abgelegenen Ort aufladen oder ein Backup zu Hause vorbereiten, dieser Adapter bietet die Flexibilit\u00e4t, Solarstrom von DJI Zignes-Panels oder anderen zertifizierten Marken zu nutzen.<\/span> Durch die Kombination mehrerer Module k\u00f6nnen Sie den Gesamtsolarertrag Ihrer Anlage erheblich steigern.<\/p>","protected":false},"excerpt":{"rendered":"<ul>\n<li>\n<p data-path-to-node=\"5,0,0\"><b data-path-to-node=\"5,0,0\" data-index-in-node=\"0\">Ultra-schnelles Aufladen mit 1000W:<\/b><span class=\"citation-26 citation-end-26\"> Nutzen Sie die Leistung der Lichtmaschine Ihres Fahrzeugs, um den DJI Power 1000\/2000 blitzschnell mit bis zu 1000 W aufzuladen.<\/span><\/p>\n<\/li>\n<li>\n<p data-path-to-node=\"5,1,0\"><b data-path-to-node=\"5,1,0\" data-index-in-node=\"0\"><span class=\"citation-25\">Intelligentes zweiseitiges Laden:<\/span><\/b><span class=\"citation-25 citation-end-25\"> Kann nicht nur das Kraftwerk aufladen, sondern auch die Fahrzeugbatterie pflegen, um eine Entladung zu verhindern (Reverse Charging).<\/span><\/p>\n<\/li>\n<li>\n<p data-path-to-node=\"5,2,0\"><b data-path-to-node=\"5,2,0\" data-index-in-node=\"0\">Vollst\u00e4ndige App-Integration:<\/b><span class=\"citation-24\"> \u00dcberwachen Sie den Ladestatus, passen Sie die Leistung an und wechseln Sie zwischen den Modi \u00fcber die <\/span><b data-path-to-node=\"5,2,0\" data-index-in-node=\"98\"><span class=\"citation-24\">DJI-Home-App<\/span><\/b><span class=\"citation-24 citation-end-24\">.<\/span><\/p>\n<\/li>\n<li>\n<p data-path-to-node=\"5,3,0\"><b data-path-to-node=\"5,3,0\" data-index-in-node=\"0\">Universelle Kompatibilit\u00e4t:<\/b><span class=\"citation-23\"> Geeignet f\u00fcr die meisten Fahrzeuge mit einem <\/span><b data-path-to-node=\"5,3,0\" data-index-in-node=\"71\"><span class=\"citation-23\">12V oder 24V<\/span><\/b><span class=\"citation-23 citation-end-23\"> elektrisches System.<\/span><\/p>\n<\/li>\n<li>\n<p data-path-to-node=\"5,4,0\"><b data-path-to-node=\"5,4,0\" data-index-in-node=\"0\">Sicherheit geht vor:<\/b> Enth\u00e4lt einen robusten Einbausatz mit einem <b data-path-to-node=\"5,4,0\" data-index-in-node=\"65\">100A-Sicherung<\/b> sowie Kurzschluss- und \u00dcberspannungsschutz.<\/p>\n<\/li>\n<\/ul>","protected":false},"featured_media":15840,"template":"","meta":{"_acf_changed":false},"product_brand":[],"product_cat":[111,327,627,1145],"product_tag":[],"class_list":{"0":"post-15845","1":"product","2":"type-product","3":"status-publish","4":"has-post-thumbnail","6":"product_cat-alle-opladers","7":"product_cat-dji-energy","8":"product_cat-dji-powerstations","9":"product_cat-opladers","10":"product_shipping_class-outofstock","11":"pa_brand-dji","12":"pa_producttype-adapter","13":"pa_producttype-oplader","14":"pa_series-power","16":"first","17":"onbackorder","18":"taxable","19":"shipping-taxable","20":"purchasable","21":"product-type-simple"},"acf":[],"yoast_head":"<!-- This site is optimized with the Yoast SEO Premium plugin v27.2 (Yoast SEO v27.2) - https:\/\/yoast.com\/product\/yoast-seo-premium-wordpress\/ -->\n<title>DJI Power Solar Panel Adapter Module (MPPT) - koningdrone.be<\/title>\n<meta name=\"robots\" content=\"index, follow, max-snippet:-1, max-image-preview:large, max-video-preview:-1\" \/>\n<link rel=\"canonical\" href=\"https:\/\/koningdrone.be\/de\/produkt\/dji-power-solar-panel-adapter-module-mppt\/\" \/>\n<meta property=\"og:locale\" content=\"de_DE\" \/>\n<meta property=\"og:type\" content=\"article\" \/>\n<meta property=\"og:title\" content=\"DJI Power Solar Panel Adapter Module (MPPT)\" \/>\n<meta property=\"og:description\" content=\"Ultrasnel Opladen met 1000W: Gebruik de kracht van de dynamo van uw voertuig om de DJI Power 1000\/2000 razendsnel op te laden met maximaal 1000 W.    Intelligent Tweerichtingsladen: Kan niet alleen de powerstation opladen, maar ook de accu van uw voertuig onderhouden om ontlading te voorkomen (Reverse Charging).    Volledige App-integratie: Bewaak de laadstatus, pas het vermogen aan en wissel tussen modi via de DJI Home-app.    Universele Compatibiliteit: Geschikt voor de meeste voertuigen met een 12V of 24V elektrisch systeem.    Veiligheid Voorop: Inclusief een robuuste installatiekit met een 100A zekering en bescherming tegen kortsluiting en overspanning.\" \/>\n<meta property=\"og:url\" content=\"https:\/\/koningdrone.be\/de\/produkt\/dji-power-solar-panel-adapter-module-mppt\/\" \/>\n<meta property=\"og:site_name\" content=\"koningdrone.be\" \/>\n<meta property=\"article:modified_time\" content=\"2026-04-29T13:00:26+00:00\" \/>\n<meta property=\"og:image\" content=\"https:\/\/koningdrone.be\/wp-content\/uploads\/sites\/13\/2026\/01\/DJI-Power-Solar-Panel-Adapter-Module-MPPT-1-scaled-1.webp\" \/>\n\t<meta property=\"og:image:width\" content=\"1920\" \/>\n\t<meta property=\"og:image:height\" content=\"1280\" \/>\n\t<meta property=\"og:image:type\" content=\"image\/webp\" \/>\n<meta name=\"twitter:card\" content=\"summary_large_image\" \/>\n<meta name=\"twitter:label1\" content=\"Gesch\u00e4tzte Lesezeit\" \/>\n\t<meta name=\"twitter:data1\" content=\"1\u00a0Minute\" \/>\n<script type=\"application\/ld+json\" class=\"yoast-schema-graph\">{\"@context\":\"https:\/\/schema.org\",\"@graph\":[{\"@type\":\"WebPage\",\"@id\":\"https:\/\/koningdrone.be\/product\/dji-power-solar-panel-adapter-module-mppt\/\",\"url\":\"https:\/\/koningdrone.be\/product\/dji-power-solar-panel-adapter-module-mppt\/\",\"name\":\"DJI Power Solar Panel Adapter Module (MPPT) - koningdrone.be\",\"isPartOf\":{\"@id\":\"https:\/\/koningdrone.be\/#website\"},\"primaryImageOfPage\":{\"@id\":\"https:\/\/koningdrone.be\/product\/dji-power-solar-panel-adapter-module-mppt\/#primaryimage\"},\"image\":{\"@id\":\"https:\/\/koningdrone.be\/product\/dji-power-solar-panel-adapter-module-mppt\/#primaryimage\"},\"thumbnailUrl\":\"https:\/\/koningdrone.be\/wp-content\/uploads\/sites\/13\/2026\/01\/DJI-Power-Solar-Panel-Adapter-Module-MPPT-1-scaled-1.webp\",\"datePublished\":\"2026-01-23T02:46:41+00:00\",\"dateModified\":\"2026-04-29T13:00:26+00:00\",\"breadcrumb\":{\"@id\":\"https:\/\/koningdrone.be\/product\/dji-power-solar-panel-adapter-module-mppt\/#breadcrumb\"},\"inLanguage\":\"de\",\"potentialAction\":[{\"@type\":\"ReadAction\",\"target\":[\"https:\/\/koningdrone.be\/product\/dji-power-solar-panel-adapter-module-mppt\/\"]}]},{\"@type\":\"ImageObject\",\"inLanguage\":\"de\",\"@id\":\"https:\/\/koningdrone.be\/product\/dji-power-solar-panel-adapter-module-mppt\/#primaryimage\",\"url\":\"https:\/\/koningdrone.be\/wp-content\/uploads\/sites\/13\/2026\/01\/DJI-Power-Solar-Panel-Adapter-Module-MPPT-1-scaled-1.webp\",\"contentUrl\":\"https:\/\/koningdrone.be\/wp-content\/uploads\/sites\/13\/2026\/01\/DJI-Power-Solar-Panel-Adapter-Module-MPPT-1-scaled-1.webp\",\"width\":1920,\"height\":1280},{\"@type\":\"BreadcrumbList\",\"@id\":\"https:\/\/koningdrone.be\/product\/dji-power-solar-panel-adapter-module-mppt\/#breadcrumb\",\"itemListElement\":[{\"@type\":\"ListItem\",\"position\":1,\"name\":\"Home\",\"item\":\"https:\/\/koningdrone.be\/\"},{\"@type\":\"ListItem\",\"position\":2,\"name\":\"AVSS Parachute Recovery System for DJI Matrice 300\/350\",\"item\":\"https:\/\/koningdrone.be\/product\/avss-parachute-recovery-system-for-dji-matrice-300-350\/\"},{\"@type\":\"ListItem\",\"position\":3,\"name\":\"Alle opladers\",\"item\":\"https:\/\/koningdrone.be\/categorie\/alle-opladers\/\"},{\"@type\":\"ListItem\",\"position\":4,\"name\":\"DJI Power Solar Panel Adapter Module (MPPT)\"}]},{\"@type\":\"WebSite\",\"@id\":\"https:\/\/koningdrone.be\/#website\",\"url\":\"https:\/\/koningdrone.be\/\",\"name\":\"Koningdrone.be - Uw online specialist in drones, gimbals, camera's en power stations.\",\"description\":\"De webshop in drones en gimbals\",\"publisher\":{\"@id\":\"https:\/\/koningdrone.be\/#organization\"},\"potentialAction\":[{\"@type\":\"SearchAction\",\"target\":{\"@type\":\"EntryPoint\",\"urlTemplate\":\"https:\/\/koningdrone.be\/?s={search_term_string}\"},\"query-input\":{\"@type\":\"PropertyValueSpecification\",\"valueRequired\":true,\"valueName\":\"search_term_string\"}}],\"inLanguage\":\"de\"},{\"@type\":\"Organization\",\"@id\":\"https:\/\/koningdrone.be\/#organization\",\"name\":\"Koningdrone.be\",\"url\":\"https:\/\/koningdrone.be\/\",\"logo\":{\"@type\":\"ImageObject\",\"inLanguage\":\"de\",\"@id\":\"https:\/\/koningdrone.be\/#\/schema\/logo\/image\/\",\"url\":\"https:\/\/koningdrone.be\/wp-content\/uploads\/sites\/13\/2025\/04\/koningdrone-copyright-logo.svg\",\"contentUrl\":\"https:\/\/koningdrone.be\/wp-content\/uploads\/sites\/13\/2025\/04\/koningdrone-copyright-logo.svg\",\"width\":227,\"height\":38,\"caption\":\"Koningdrone.be\"},\"image\":{\"@id\":\"https:\/\/koningdrone.be\/#\/schema\/logo\/image\/\"}}]}<\/script>\n<!-- \/ Yoast SEO Premium plugin. -->","yoast_head_json":{"title":"DJI Power Solar Panel Adapter Module (MPPT) - koningdrone.be","robots":{"index":"index","follow":"follow","max-snippet":"max-snippet:-1","max-image-preview":"max-image-preview:large","max-video-preview":"max-video-preview:-1"},"canonical":"https:\/\/koningdrone.be\/de\/produkt\/dji-power-solar-panel-adapter-module-mppt\/","og_locale":"de_DE","og_type":"article","og_title":"DJI Power Solar Panel Adapter Module (MPPT)","og_description":"Ultrasnel Opladen met 1000W: Gebruik de kracht van de dynamo van uw voertuig om de DJI Power 1000\/2000 razendsnel op te laden met maximaal 1000 W.    Intelligent Tweerichtingsladen: Kan niet alleen de powerstation opladen, maar ook de accu van uw voertuig onderhouden om ontlading te voorkomen (Reverse Charging).    Volledige App-integratie: Bewaak de laadstatus, pas het vermogen aan en wissel tussen modi via de DJI Home-app.    Universele Compatibiliteit: Geschikt voor de meeste voertuigen met een 12V of 24V elektrisch systeem.    Veiligheid Voorop: Inclusief een robuuste installatiekit met een 100A zekering en bescherming tegen kortsluiting en overspanning.","og_url":"https:\/\/koningdrone.be\/de\/produkt\/dji-power-solar-panel-adapter-module-mppt\/","og_site_name":"koningdrone.be","article_modified_time":"2026-04-29T13:00:26+00:00","og_image":[{"width":1920,"height":1280,"url":"https:\/\/koningdrone.be\/wp-content\/uploads\/sites\/13\/2026\/01\/DJI-Power-Solar-Panel-Adapter-Module-MPPT-1-scaled-1.webp","type":"image\/webp"}],"twitter_card":"summary_large_image","twitter_misc":{"Gesch\u00e4tzte Lesezeit":"1\u00a0Minute"},"schema":{"@context":"https:\/\/schema.org","@graph":[{"@type":"WebPage","@id":"https:\/\/koningdrone.be\/product\/dji-power-solar-panel-adapter-module-mppt\/","url":"https:\/\/koningdrone.be\/product\/dji-power-solar-panel-adapter-module-mppt\/","name":"DJI Power Solar Panel Adapter Module (MPPT) - koningdrone.be","isPartOf":{"@id":"https:\/\/koningdrone.be\/#website"},"primaryImageOfPage":{"@id":"https:\/\/koningdrone.be\/product\/dji-power-solar-panel-adapter-module-mppt\/#primaryimage"},"image":{"@id":"https:\/\/koningdrone.be\/product\/dji-power-solar-panel-adapter-module-mppt\/#primaryimage"},"thumbnailUrl":"https:\/\/koningdrone.be\/wp-content\/uploads\/sites\/13\/2026\/01\/DJI-Power-Solar-Panel-Adapter-Module-MPPT-1-scaled-1.webp","datePublished":"2026-01-23T02:46:41+00:00","dateModified":"2026-04-29T13:00:26+00:00","breadcrumb":{"@id":"https:\/\/koningdrone.be\/product\/dji-power-solar-panel-adapter-module-mppt\/#breadcrumb"},"inLanguage":"de","potentialAction":[{"@type":"ReadAction","target":["https:\/\/koningdrone.be\/product\/dji-power-solar-panel-adapter-module-mppt\/"]}]},{"@type":"ImageObject","inLanguage":"de","@id":"https:\/\/koningdrone.be\/product\/dji-power-solar-panel-adapter-module-mppt\/#primaryimage","url":"https:\/\/koningdrone.be\/wp-content\/uploads\/sites\/13\/2026\/01\/DJI-Power-Solar-Panel-Adapter-Module-MPPT-1-scaled-1.webp","contentUrl":"https:\/\/koningdrone.be\/wp-content\/uploads\/sites\/13\/2026\/01\/DJI-Power-Solar-Panel-Adapter-Module-MPPT-1-scaled-1.webp","width":1920,"height":1280},{"@type":"BreadcrumbList","@id":"https:\/\/koningdrone.be\/product\/dji-power-solar-panel-adapter-module-mppt\/#breadcrumb","itemListElement":[{"@type":"ListItem","position":1,"name":"Home","item":"https:\/\/koningdrone.be\/"},{"@type":"ListItem","position":2,"name":"AVSS Parachute Recovery System for DJI Matrice 300\/350","item":"https:\/\/koningdrone.be\/product\/avss-parachute-recovery-system-for-dji-matrice-300-350\/"},{"@type":"ListItem","position":3,"name":"Alle opladers","item":"https:\/\/koningdrone.be\/categorie\/alle-opladers\/"},{"@type":"ListItem","position":4,"name":"DJI Power Solar Panel Adapter Module (MPPT)"}]},{"@type":"WebSite","@id":"https:\/\/koningdrone.be\/#website","url":"https:\/\/koningdrone.be\/","name":"Koningdrone.be - Ihr Online-Spezialist f\u00fcr Drohnen, Gimbals, Kameras und Kraftwerke.","description":"Der Webshop f\u00fcr Drohnen und Gimbals","publisher":{"@id":"https:\/\/koningdrone.be\/#organization"},"potentialAction":[{"@type":"SearchAction","target":{"@type":"EntryPoint","urlTemplate":"https:\/\/koningdrone.be\/?s={search_term_string}"},"query-input":{"@type":"PropertyValueSpecification","valueRequired":true,"valueName":"search_term_string"}}],"inLanguage":"de"},{"@type":"Organization","@id":"https:\/\/koningdrone.be\/#organization","name":"Kingdrone.de","url":"https:\/\/koningdrone.be\/","logo":{"@type":"ImageObject","inLanguage":"de","@id":"https:\/\/koningdrone.be\/#\/schema\/logo\/image\/","url":"https:\/\/koningdrone.be\/wp-content\/uploads\/sites\/13\/2025\/04\/koningdrone-copyright-logo.svg","contentUrl":"https:\/\/koningdrone.be\/wp-content\/uploads\/sites\/13\/2025\/04\/koningdrone-copyright-logo.svg","width":227,"height":38,"caption":"Koningdrone.be"},"image":{"@id":"https:\/\/koningdrone.be\/#\/schema\/logo\/image\/"}}]}},"df_price":59,"df_sale_price":"","df_regular_price":59,"df_image_link":"https:\/\/koningdrone.be\/wp-content\/uploads\/sites\/13\/2026\/01\/DJI-Power-Solar-Panel-Adapter-Module-MPPT-1-scaled-1-300x200.webp","_links":{"self":[{"href":"https:\/\/koningdrone.be\/de\/wp-json\/wp\/v2\/product\/15845","targetHints":{"allow":["GET"]}}],"collection":[{"href":"https:\/\/koningdrone.be\/de\/wp-json\/wp\/v2\/product"}],"about":[{"href":"https:\/\/koningdrone.be\/de\/wp-json\/wp\/v2\/types\/product"}],"wp:featuredmedia":[{"embeddable":true,"href":"https:\/\/koningdrone.be\/de\/wp-json\/wp\/v2\/media\/15840"}],"wp:attachment":[{"href":"https:\/\/koningdrone.be\/de\/wp-json\/wp\/v2\/media?parent=15845"}],"wp:term":[{"taxonomy":"product_brand","embeddable":true,"href":"https:\/\/koningdrone.be\/de\/wp-json\/wp\/v2\/product_brand?post=15845"},{"taxonomy":"product_cat","embeddable":true,"href":"https:\/\/koningdrone.be\/de\/wp-json\/wp\/v2\/product_cat?post=15845"},{"taxonomy":"product_tag","embeddable":true,"href":"https:\/\/koningdrone.be\/de\/wp-json\/wp\/v2\/product_tag?post=15845"}],"curies":[{"name":"wp","href":"https:\/\/api.w.org\/{rel}","templated":true}]}}