{"id":15830,"date":"2026-01-23T02:27:02","date_gmt":"2026-01-23T01:27:02","guid":{"rendered":"https:\/\/koningdrone.be\/product\/dji-power-1kw-super-fast-car-charger\/"},"modified":"2026-04-29T15:00:30","modified_gmt":"2026-04-29T13:00:30","slug":"dji-power-1kw-super-fast-car-charger","status":"publish","type":"product","link":"https:\/\/koningdrone.be\/de\/produkt\/dji-power-1kw-super-fast-car-charger\/","title":{"rendered":"DJI Power 1kW Superschnelles Autoladeger\u00e4t"},"content":{"rendered":"<p data-path-to-node=\"8\"><span class=\"citation-22\">Die <\/span><b data-path-to-node=\"8\" data-index-in-node=\"3\"><span class=\"citation-22\">DJI Power 1kW Superschnelles Autoladeger\u00e4t<\/span><\/b><span class=\"citation-22 citation-end-22\"> ist die perfekte L\u00f6sung f\u00fcr Berufst\u00e4tige, die viel unterwegs sind.<\/span> <span class=\"citation-21 citation-end-21\">Dieses Ladeger\u00e4t nutzt die \u00fcbersch\u00fcssige Energie der Lichtmaschine Ihres Autos, um Ihren DJI Power 1000 oder 2000 in Rekordzeit aufzuladen.<\/span> <span class=\"citation-20\">W\u00e4hrend einer Fahrt von etwa <\/span><b data-path-to-node=\"8\" data-index-in-node=\"271\"><span class=\"citation-20\">78 Minuten<\/span><\/b><span class=\"citation-20 citation-end-20\"> ein DJI Power 1000 kann bereits vollst\u00e4ndig aufgeladen werden (1024 Wh).<\/span><\/p>\n<p data-path-to-node=\"9\">Dank seines intelligenten Designs unterst\u00fctzt das Ladeger\u00e4t drei Modi: <b data-path-to-node=\"9\" data-index-in-node=\"65\">Aufladen<\/b> (Aufladen des Kraftwerks), <b data-path-to-node=\"9\" data-index-in-node=\"105\">Laden Sie<\/b> (Wartung von Autobatterien) und <b data-path-to-node=\"9\" data-index-in-node=\"143\">Auto<\/b>. Das System ist f\u00fcr den sicheren Festeinbau im Fahrzeug konzipiert und bietet die n\u00f6tige Flexibilit\u00e4t f\u00fcr langfristige Eins\u00e4tze im Gel\u00e4nde, wie z. B. bei der Forstwirtschaft oder bei Rettungsarbeiten.<\/p>","protected":false},"excerpt":{"rendered":"<ul>\n<li>\n<p data-path-to-node=\"5,0,0\"><b data-path-to-node=\"5,0,0\" data-index-in-node=\"0\">Ultra-schnelles Aufladen mit 1000W:<\/b><span class=\"citation-26 citation-end-26\"> Nutzen Sie die Leistung der Lichtmaschine Ihres Fahrzeugs, um den DJI Power 1000\/2000 blitzschnell mit bis zu 1000 W aufzuladen.<\/span><\/p>\n<\/li>\n<li>\n<p data-path-to-node=\"5,1,0\"><b data-path-to-node=\"5,1,0\" data-index-in-node=\"0\"><span class=\"citation-25\">Intelligentes zweiseitiges Laden:<\/span><\/b><span class=\"citation-25 citation-end-25\"> Kann nicht nur das Kraftwerk aufladen, sondern auch die Fahrzeugbatterie pflegen, um eine Entladung zu verhindern (Reverse Charging).<\/span><\/p>\n<\/li>\n<li>\n<p data-path-to-node=\"5,2,0\"><b data-path-to-node=\"5,2,0\" data-index-in-node=\"0\">Vollst\u00e4ndige App-Integration:<\/b><span class=\"citation-24\"> \u00dcberwachen Sie den Ladestatus, passen Sie die Leistung an und wechseln Sie zwischen den Modi \u00fcber die <\/span><b data-path-to-node=\"5,2,0\" data-index-in-node=\"98\"><span class=\"citation-24\">DJI-Home-App<\/span><\/b><span class=\"citation-24 citation-end-24\">.<\/span><\/p>\n<\/li>\n<li>\n<p data-path-to-node=\"5,3,0\"><b data-path-to-node=\"5,3,0\" data-index-in-node=\"0\">Universelle Kompatibilit\u00e4t:<\/b><span class=\"citation-23\"> Geeignet f\u00fcr die meisten Fahrzeuge mit einem <\/span><b data-path-to-node=\"5,3,0\" data-index-in-node=\"71\"><span class=\"citation-23\">12V oder 24V<\/span><\/b><span class=\"citation-23 citation-end-23\"> elektrisches System.<\/span><\/p>\n<\/li>\n<li>\n<p data-path-to-node=\"5,4,0\"><b data-path-to-node=\"5,4,0\" data-index-in-node=\"0\">Sicherheit geht vor:<\/b> Enth\u00e4lt einen robusten Einbausatz mit einem <b data-path-to-node=\"5,4,0\" data-index-in-node=\"65\">100A-Sicherung<\/b> sowie Kurzschluss- und \u00dcberspannungsschutz.<\/p>\n<\/li>\n<\/ul>","protected":false},"featured_media":15824,"template":"","meta":{"_acf_changed":false},"product_brand":[],"product_cat":[111,327,627,1145],"product_tag":[],"class_list":{"0":"post-15830","1":"product","2":"type-product","3":"status-publish","4":"has-post-thumbnail","6":"product_cat-alle-opladers","7":"product_cat-dji-energy","8":"product_cat-dji-powerstations","9":"product_cat-opladers","10":"product_shipping_class-outofstock","11":"pa_brand-dji","12":"pa_producttype-oplader","13":"pa_series-matrice-4","15":"first","16":"onbackorder","17":"taxable","18":"shipping-taxable","19":"purchasable","20":"product-type-simple"},"acf":[],"yoast_head":"<!-- This site is optimized with the Yoast SEO Premium plugin v27.2 (Yoast SEO v27.2) - https:\/\/yoast.com\/product\/yoast-seo-premium-wordpress\/ -->\n<title>DJI Power 1kW Super Fast Car Charger - koningdrone.be<\/title>\n<meta name=\"robots\" content=\"index, follow, max-snippet:-1, max-image-preview:large, max-video-preview:-1\" \/>\n<link rel=\"canonical\" href=\"https:\/\/koningdrone.be\/de\/produkt\/dji-power-1kw-super-fast-car-charger\/\" \/>\n<meta property=\"og:locale\" content=\"de_DE\" \/>\n<meta property=\"og:type\" content=\"article\" \/>\n<meta property=\"og:title\" content=\"DJI Power 1kW Super Fast Car Charger\" \/>\n<meta property=\"og:description\" content=\"Ultrasnel Opladen met 1000W: Gebruik de kracht van de dynamo van uw voertuig om de DJI Power 1000\/2000 razendsnel op te laden met maximaal 1000 W.    Intelligent Tweerichtingsladen: Kan niet alleen de powerstation opladen, maar ook de accu van uw voertuig onderhouden om ontlading te voorkomen (Reverse Charging).    Volledige App-integratie: Bewaak de laadstatus, pas het vermogen aan en wissel tussen modi via de DJI Home-app.    Universele Compatibiliteit: Geschikt voor de meeste voertuigen met een 12V of 24V elektrisch systeem.    Veiligheid Voorop: Inclusief een robuuste installatiekit met een 100A zekering en bescherming tegen kortsluiting en overspanning.\" \/>\n<meta property=\"og:url\" content=\"https:\/\/koningdrone.be\/de\/produkt\/dji-power-1kw-super-fast-car-charger\/\" \/>\n<meta property=\"og:site_name\" content=\"koningdrone.be\" \/>\n<meta property=\"article:modified_time\" content=\"2026-04-29T13:00:30+00:00\" \/>\n<meta property=\"og:image\" content=\"https:\/\/koningdrone.be\/wp-content\/uploads\/sites\/13\/2026\/01\/DJI-Power-1kW-Super-Fast-Car-Charger-1-scaled-1.webp\" \/>\n\t<meta property=\"og:image:width\" content=\"1920\" \/>\n\t<meta property=\"og:image:height\" content=\"1280\" \/>\n\t<meta property=\"og:image:type\" content=\"image\/webp\" \/>\n<meta name=\"twitter:card\" content=\"summary_large_image\" \/>\n<meta name=\"twitter:label1\" content=\"Gesch\u00e4tzte Lesezeit\" \/>\n\t<meta name=\"twitter:data1\" content=\"3\u00a0Minuten\" \/>\n<script type=\"application\/ld+json\" class=\"yoast-schema-graph\">{\"@context\":\"https:\/\/schema.org\",\"@graph\":[{\"@type\":\"WebPage\",\"@id\":\"https:\/\/koningdrone.be\/product\/dji-power-1kw-super-fast-car-charger\/\",\"url\":\"https:\/\/koningdrone.be\/product\/dji-power-1kw-super-fast-car-charger\/\",\"name\":\"DJI Power 1kW Super Fast Car Charger - koningdrone.be\",\"isPartOf\":{\"@id\":\"https:\/\/koningdrone.be\/#website\"},\"primaryImageOfPage\":{\"@id\":\"https:\/\/koningdrone.be\/product\/dji-power-1kw-super-fast-car-charger\/#primaryimage\"},\"image\":{\"@id\":\"https:\/\/koningdrone.be\/product\/dji-power-1kw-super-fast-car-charger\/#primaryimage\"},\"thumbnailUrl\":\"https:\/\/koningdrone.be\/wp-content\/uploads\/sites\/13\/2026\/01\/DJI-Power-1kW-Super-Fast-Car-Charger-1-scaled-1.webp\",\"datePublished\":\"2026-01-23T01:27:02+00:00\",\"dateModified\":\"2026-04-29T13:00:30+00:00\",\"breadcrumb\":{\"@id\":\"https:\/\/koningdrone.be\/product\/dji-power-1kw-super-fast-car-charger\/#breadcrumb\"},\"inLanguage\":\"de\",\"potentialAction\":[{\"@type\":\"ReadAction\",\"target\":[\"https:\/\/koningdrone.be\/product\/dji-power-1kw-super-fast-car-charger\/\"]}]},{\"@type\":\"ImageObject\",\"inLanguage\":\"de\",\"@id\":\"https:\/\/koningdrone.be\/product\/dji-power-1kw-super-fast-car-charger\/#primaryimage\",\"url\":\"https:\/\/koningdrone.be\/wp-content\/uploads\/sites\/13\/2026\/01\/DJI-Power-1kW-Super-Fast-Car-Charger-1-scaled-1.webp\",\"contentUrl\":\"https:\/\/koningdrone.be\/wp-content\/uploads\/sites\/13\/2026\/01\/DJI-Power-1kW-Super-Fast-Car-Charger-1-scaled-1.webp\",\"width\":1920,\"height\":1280},{\"@type\":\"BreadcrumbList\",\"@id\":\"https:\/\/koningdrone.be\/product\/dji-power-1kw-super-fast-car-charger\/#breadcrumb\",\"itemListElement\":[{\"@type\":\"ListItem\",\"position\":1,\"name\":\"Home\",\"item\":\"https:\/\/koningdrone.be\/\"},{\"@type\":\"ListItem\",\"position\":2,\"name\":\"AVSS Parachute Recovery System for DJI Matrice 300\/350\",\"item\":\"https:\/\/koningdrone.be\/product\/avss-parachute-recovery-system-for-dji-matrice-300-350\/\"},{\"@type\":\"ListItem\",\"position\":3,\"name\":\"Alle opladers\",\"item\":\"https:\/\/koningdrone.be\/categorie\/alle-opladers\/\"},{\"@type\":\"ListItem\",\"position\":4,\"name\":\"DJI Power 1kW Super Fast Car Charger\"}]},{\"@type\":\"WebSite\",\"@id\":\"https:\/\/koningdrone.be\/#website\",\"url\":\"https:\/\/koningdrone.be\/\",\"name\":\"Koningdrone.be - Uw online specialist in drones, gimbals, camera's en power stations.\",\"description\":\"De webshop in drones en gimbals\",\"publisher\":{\"@id\":\"https:\/\/koningdrone.be\/#organization\"},\"potentialAction\":[{\"@type\":\"SearchAction\",\"target\":{\"@type\":\"EntryPoint\",\"urlTemplate\":\"https:\/\/koningdrone.be\/?s={search_term_string}\"},\"query-input\":{\"@type\":\"PropertyValueSpecification\",\"valueRequired\":true,\"valueName\":\"search_term_string\"}}],\"inLanguage\":\"de\"},{\"@type\":\"Organization\",\"@id\":\"https:\/\/koningdrone.be\/#organization\",\"name\":\"Koningdrone.be\",\"url\":\"https:\/\/koningdrone.be\/\",\"logo\":{\"@type\":\"ImageObject\",\"inLanguage\":\"de\",\"@id\":\"https:\/\/koningdrone.be\/#\/schema\/logo\/image\/\",\"url\":\"https:\/\/koningdrone.be\/wp-content\/uploads\/sites\/13\/2025\/04\/koningdrone-copyright-logo.svg\",\"contentUrl\":\"https:\/\/koningdrone.be\/wp-content\/uploads\/sites\/13\/2025\/04\/koningdrone-copyright-logo.svg\",\"width\":227,\"height\":38,\"caption\":\"Koningdrone.be\"},\"image\":{\"@id\":\"https:\/\/koningdrone.be\/#\/schema\/logo\/image\/\"}}]}<\/script>\n<!-- \/ Yoast SEO Premium plugin. -->","yoast_head_json":{"title":"DJI Power 1kW Super Fast Car Charger - koningdrone.be","robots":{"index":"index","follow":"follow","max-snippet":"max-snippet:-1","max-image-preview":"max-image-preview:large","max-video-preview":"max-video-preview:-1"},"canonical":"https:\/\/koningdrone.be\/de\/produkt\/dji-power-1kw-super-fast-car-charger\/","og_locale":"de_DE","og_type":"article","og_title":"DJI Power 1kW Super Fast Car Charger","og_description":"Ultrasnel Opladen met 1000W: Gebruik de kracht van de dynamo van uw voertuig om de DJI Power 1000\/2000 razendsnel op te laden met maximaal 1000 W.    Intelligent Tweerichtingsladen: Kan niet alleen de powerstation opladen, maar ook de accu van uw voertuig onderhouden om ontlading te voorkomen (Reverse Charging).    Volledige App-integratie: Bewaak de laadstatus, pas het vermogen aan en wissel tussen modi via de DJI Home-app.    Universele Compatibiliteit: Geschikt voor de meeste voertuigen met een 12V of 24V elektrisch systeem.    Veiligheid Voorop: Inclusief een robuuste installatiekit met een 100A zekering en bescherming tegen kortsluiting en overspanning.","og_url":"https:\/\/koningdrone.be\/de\/produkt\/dji-power-1kw-super-fast-car-charger\/","og_site_name":"koningdrone.be","article_modified_time":"2026-04-29T13:00:30+00:00","og_image":[{"width":1920,"height":1280,"url":"https:\/\/koningdrone.be\/wp-content\/uploads\/sites\/13\/2026\/01\/DJI-Power-1kW-Super-Fast-Car-Charger-1-scaled-1.webp","type":"image\/webp"}],"twitter_card":"summary_large_image","twitter_misc":{"Gesch\u00e4tzte Lesezeit":"3\u00a0Minuten"},"schema":{"@context":"https:\/\/schema.org","@graph":[{"@type":"WebPage","@id":"https:\/\/koningdrone.be\/product\/dji-power-1kw-super-fast-car-charger\/","url":"https:\/\/koningdrone.be\/product\/dji-power-1kw-super-fast-car-charger\/","name":"DJI Power 1kW Super Fast Car Charger - koningdrone.be","isPartOf":{"@id":"https:\/\/koningdrone.be\/#website"},"primaryImageOfPage":{"@id":"https:\/\/koningdrone.be\/product\/dji-power-1kw-super-fast-car-charger\/#primaryimage"},"image":{"@id":"https:\/\/koningdrone.be\/product\/dji-power-1kw-super-fast-car-charger\/#primaryimage"},"thumbnailUrl":"https:\/\/koningdrone.be\/wp-content\/uploads\/sites\/13\/2026\/01\/DJI-Power-1kW-Super-Fast-Car-Charger-1-scaled-1.webp","datePublished":"2026-01-23T01:27:02+00:00","dateModified":"2026-04-29T13:00:30+00:00","breadcrumb":{"@id":"https:\/\/koningdrone.be\/product\/dji-power-1kw-super-fast-car-charger\/#breadcrumb"},"inLanguage":"de","potentialAction":[{"@type":"ReadAction","target":["https:\/\/koningdrone.be\/product\/dji-power-1kw-super-fast-car-charger\/"]}]},{"@type":"ImageObject","inLanguage":"de","@id":"https:\/\/koningdrone.be\/product\/dji-power-1kw-super-fast-car-charger\/#primaryimage","url":"https:\/\/koningdrone.be\/wp-content\/uploads\/sites\/13\/2026\/01\/DJI-Power-1kW-Super-Fast-Car-Charger-1-scaled-1.webp","contentUrl":"https:\/\/koningdrone.be\/wp-content\/uploads\/sites\/13\/2026\/01\/DJI-Power-1kW-Super-Fast-Car-Charger-1-scaled-1.webp","width":1920,"height":1280},{"@type":"BreadcrumbList","@id":"https:\/\/koningdrone.be\/product\/dji-power-1kw-super-fast-car-charger\/#breadcrumb","itemListElement":[{"@type":"ListItem","position":1,"name":"Home","item":"https:\/\/koningdrone.be\/"},{"@type":"ListItem","position":2,"name":"AVSS Parachute Recovery System for DJI Matrice 300\/350","item":"https:\/\/koningdrone.be\/product\/avss-parachute-recovery-system-for-dji-matrice-300-350\/"},{"@type":"ListItem","position":3,"name":"Alle opladers","item":"https:\/\/koningdrone.be\/categorie\/alle-opladers\/"},{"@type":"ListItem","position":4,"name":"DJI Power 1kW Super Fast Car Charger"}]},{"@type":"WebSite","@id":"https:\/\/koningdrone.be\/#website","url":"https:\/\/koningdrone.be\/","name":"Koningdrone.be - Ihr Online-Spezialist f\u00fcr Drohnen, Gimbals, Kameras und Kraftwerke.","description":"Der Webshop f\u00fcr Drohnen und Gimbals","publisher":{"@id":"https:\/\/koningdrone.be\/#organization"},"potentialAction":[{"@type":"SearchAction","target":{"@type":"EntryPoint","urlTemplate":"https:\/\/koningdrone.be\/?s={search_term_string}"},"query-input":{"@type":"PropertyValueSpecification","valueRequired":true,"valueName":"search_term_string"}}],"inLanguage":"de"},{"@type":"Organization","@id":"https:\/\/koningdrone.be\/#organization","name":"Kingdrone.de","url":"https:\/\/koningdrone.be\/","logo":{"@type":"ImageObject","inLanguage":"de","@id":"https:\/\/koningdrone.be\/#\/schema\/logo\/image\/","url":"https:\/\/koningdrone.be\/wp-content\/uploads\/sites\/13\/2025\/04\/koningdrone-copyright-logo.svg","contentUrl":"https:\/\/koningdrone.be\/wp-content\/uploads\/sites\/13\/2025\/04\/koningdrone-copyright-logo.svg","width":227,"height":38,"caption":"Koningdrone.be"},"image":{"@id":"https:\/\/koningdrone.be\/#\/schema\/logo\/image\/"}}]}},"df_price":269,"df_sale_price":"","df_regular_price":269,"df_image_link":"https:\/\/koningdrone.be\/wp-content\/uploads\/sites\/13\/2026\/01\/DJI-Power-1kW-Super-Fast-Car-Charger-1-scaled-1-300x200.webp","_links":{"self":[{"href":"https:\/\/koningdrone.be\/de\/wp-json\/wp\/v2\/product\/15830","targetHints":{"allow":["GET"]}}],"collection":[{"href":"https:\/\/koningdrone.be\/de\/wp-json\/wp\/v2\/product"}],"about":[{"href":"https:\/\/koningdrone.be\/de\/wp-json\/wp\/v2\/types\/product"}],"wp:featuredmedia":[{"embeddable":true,"href":"https:\/\/koningdrone.be\/de\/wp-json\/wp\/v2\/media\/15824"}],"wp:attachment":[{"href":"https:\/\/koningdrone.be\/de\/wp-json\/wp\/v2\/media?parent=15830"}],"wp:term":[{"taxonomy":"product_brand","embeddable":true,"href":"https:\/\/koningdrone.be\/de\/wp-json\/wp\/v2\/product_brand?post=15830"},{"taxonomy":"product_cat","embeddable":true,"href":"https:\/\/koningdrone.be\/de\/wp-json\/wp\/v2\/product_cat?post=15830"},{"taxonomy":"product_tag","embeddable":true,"href":"https:\/\/koningdrone.be\/de\/wp-json\/wp\/v2\/product_tag?post=15830"}],"curies":[{"name":"wp","href":"https:\/\/api.w.org\/{rel}","templated":true}]}}