{"id":1582,"date":"2024-12-04T12:16:51","date_gmt":"2024-12-04T11:16:51","guid":{"rendered":"https:\/\/koningdrone.nl\/kon\/?post_type=product&#038;p=1582"},"modified":"2026-04-29T15:51:10","modified_gmt":"2026-04-29T13:51:10","slug":"dji-care-enterprise-basic-renew-for-dji-zenmuse-h20t","status":"publish","type":"product","link":"https:\/\/koningdrone.be\/de\/produkt\/dji-care-enterprise-basic-renew-for-dji-zenmuse-h20t\/","title":{"rendered":"DJI Care Enterprise Basic Renew f\u00fcr DJI Zenmuse H20T"},"content":{"rendered":"<p>DJI Care Enterprise Basic Renew f\u00fcr DJI Zenmuse H20T bietet kontinuierlichen Schutz f\u00fcr Ihre Zenmuse H20T, sch\u00fctzt vor versehentlichen Sch\u00e4den und bietet erschwingliche Reparaturoptionen. Dieser Verl\u00e4ngerungsplan stellt sicher, dass Ihre W\u00e4rmebild- und Multisensor-Nutzlast bei kritischen Eins\u00e4tzen zuverl\u00e4ssig bleibt.<\/p>","protected":false},"excerpt":{"rendered":"<ul>\n<li>Erweitert den grundlegenden Schutz f\u00fcr die Zenmuse H20T und bietet Schutz bei versehentlichen Sch\u00e4den.<\/li>\n<li>Deckt die Reparatur von Sch\u00e4den ab, die durch Abst\u00fcrze, Wassereinwirkung und andere unvorhergesehene Ereignisse w\u00e4hrend kritischer Eins\u00e4tze verursacht werden.<\/li>\n<li>Reduziert die Reparaturkosten und bietet schnellen Zugang zu den DJI-Reparaturdiensten, wodurch die Ausfallzeiten minimiert werden.<\/li>\n<li>Garantiert zuverl\u00e4ssige Leistung f\u00fcr die Zenmuse H20T, damit Sie sich bei Ihren Eins\u00e4tzen keine Sorgen machen m\u00fcssen.<\/li>\n<\/ul>","protected":false},"featured_media":1581,"template":"","meta":{"_acf_changed":false},"product_brand":[],"product_cat":[58],"product_tag":[],"class_list":{"0":"post-1582","1":"product","2":"type-product","3":"status-publish","4":"has-post-thumbnail","6":"product_cat-uncategorized","7":"product_shipping_class-outofstock","8":"pa_brand-dji","9":"pa_producttype-service-plan","10":"pa_series-zenmuse-h20t","12":"first","13":"outofstock","14":"taxable","15":"shipping-taxable","16":"purchasable","17":"product-type-simple"},"acf":[],"yoast_head":"<!-- This site is optimized with the Yoast SEO Premium plugin v27.2 (Yoast SEO v27.2) - https:\/\/yoast.com\/product\/yoast-seo-premium-wordpress\/ -->\n<title>DJI Care Enterprise Basic Renew For DJI Zenmuse H20T - koningdrone.be<\/title>\n<meta name=\"robots\" content=\"index, follow, max-snippet:-1, max-image-preview:large, max-video-preview:-1\" \/>\n<link rel=\"canonical\" href=\"https:\/\/koningdrone.be\/de\/produkt\/dji-care-enterprise-basic-renew-for-dji-zenmuse-h20t\/\" \/>\n<meta property=\"og:locale\" content=\"de_DE\" \/>\n<meta property=\"og:type\" content=\"article\" \/>\n<meta property=\"og:title\" content=\"DJI Care Enterprise Basic Renew For DJI Zenmuse H20T\" \/>\n<meta property=\"og:description\" content=\"Breidt essenti\u00eble bescherming uit voor de Zenmuse H20T, en verzekert dekking voor schade door ongevallen.Dekt reparatieservices voor schade door crashes, blootstelling aan water en andere onvoorziene incidenten tijdens kritieke missies.Helpt de reparatiekosten te verlagen en biedt snelle toegang tot de reparatieservices van DJI, waardoor de uitvaltijd tot een minimum wordt beperkt.Garandeert betrouwbare prestaties voor de Zenmuse H20T, voor gemoedsrust tijdens uw operaties.\" \/>\n<meta property=\"og:url\" content=\"https:\/\/koningdrone.be\/de\/produkt\/dji-care-enterprise-basic-renew-for-dji-zenmuse-h20t\/\" \/>\n<meta property=\"og:site_name\" content=\"koningdrone.be\" \/>\n<meta property=\"article:modified_time\" content=\"2026-04-29T13:51:10+00:00\" \/>\n<meta property=\"og:image\" content=\"https:\/\/koningdrone.be\/wp-content\/uploads\/sites\/13\/2025\/04\/bd37de0406fd8a21c73377a19a54e4e1@origin-scaled-1.jpg\" \/>\n\t<meta property=\"og:image:width\" content=\"2560\" \/>\n\t<meta property=\"og:image:height\" content=\"1707\" \/>\n\t<meta property=\"og:image:type\" content=\"image\/jpeg\" \/>\n<meta name=\"twitter:card\" content=\"summary_large_image\" \/>\n<script type=\"application\/ld+json\" class=\"yoast-schema-graph\">{\"@context\":\"https:\/\/schema.org\",\"@graph\":[{\"@type\":\"WebPage\",\"@id\":\"https:\/\/koningdrone.be\/product\/dji-care-enterprise-basic-renew-for-dji-zenmuse-h20t\/\",\"url\":\"https:\/\/koningdrone.be\/product\/dji-care-enterprise-basic-renew-for-dji-zenmuse-h20t\/\",\"name\":\"DJI Care Enterprise Basic Renew For DJI Zenmuse H20T - koningdrone.be\",\"isPartOf\":{\"@id\":\"https:\/\/koningdrone.be\/#website\"},\"primaryImageOfPage\":{\"@id\":\"https:\/\/koningdrone.be\/product\/dji-care-enterprise-basic-renew-for-dji-zenmuse-h20t\/#primaryimage\"},\"image\":{\"@id\":\"https:\/\/koningdrone.be\/product\/dji-care-enterprise-basic-renew-for-dji-zenmuse-h20t\/#primaryimage\"},\"thumbnailUrl\":\"https:\/\/koningdrone.be\/wp-content\/uploads\/sites\/13\/2025\/04\/bd37de0406fd8a21c73377a19a54e4e1@origin-scaled-1.jpg\",\"datePublished\":\"2024-12-04T11:16:51+00:00\",\"dateModified\":\"2026-04-29T13:51:10+00:00\",\"breadcrumb\":{\"@id\":\"https:\/\/koningdrone.be\/product\/dji-care-enterprise-basic-renew-for-dji-zenmuse-h20t\/#breadcrumb\"},\"inLanguage\":\"de\",\"potentialAction\":[{\"@type\":\"ReadAction\",\"target\":[\"https:\/\/koningdrone.be\/product\/dji-care-enterprise-basic-renew-for-dji-zenmuse-h20t\/\"]}]},{\"@type\":\"ImageObject\",\"inLanguage\":\"de\",\"@id\":\"https:\/\/koningdrone.be\/product\/dji-care-enterprise-basic-renew-for-dji-zenmuse-h20t\/#primaryimage\",\"url\":\"https:\/\/koningdrone.be\/wp-content\/uploads\/sites\/13\/2025\/04\/bd37de0406fd8a21c73377a19a54e4e1@origin-scaled-1.jpg\",\"contentUrl\":\"https:\/\/koningdrone.be\/wp-content\/uploads\/sites\/13\/2025\/04\/bd37de0406fd8a21c73377a19a54e4e1@origin-scaled-1.jpg\",\"width\":2560,\"height\":1707},{\"@type\":\"BreadcrumbList\",\"@id\":\"https:\/\/koningdrone.be\/product\/dji-care-enterprise-basic-renew-for-dji-zenmuse-h20t\/#breadcrumb\",\"itemListElement\":[{\"@type\":\"ListItem\",\"position\":1,\"name\":\"Home\",\"item\":\"https:\/\/koningdrone.be\/\"},{\"@type\":\"ListItem\",\"position\":2,\"name\":\"AVSS Parachute Recovery System for DJI Matrice 300\/350\",\"item\":\"https:\/\/koningdrone.be\/product\/avss-parachute-recovery-system-for-dji-matrice-300-350\/\"},{\"@type\":\"ListItem\",\"position\":3,\"name\":\"Uncategorized\",\"item\":\"https:\/\/koningdrone.be\/categorie\/uncategorized\/\"},{\"@type\":\"ListItem\",\"position\":4,\"name\":\"DJI Care Enterprise Basic Renew For DJI Zenmuse H20T\"}]},{\"@type\":\"WebSite\",\"@id\":\"https:\/\/koningdrone.be\/#website\",\"url\":\"https:\/\/koningdrone.be\/\",\"name\":\"Koningdrone.be - Uw online specialist in drones, gimbals, camera's en power stations.\",\"description\":\"De webshop in drones en gimbals\",\"publisher\":{\"@id\":\"https:\/\/koningdrone.be\/#organization\"},\"potentialAction\":[{\"@type\":\"SearchAction\",\"target\":{\"@type\":\"EntryPoint\",\"urlTemplate\":\"https:\/\/koningdrone.be\/?s={search_term_string}\"},\"query-input\":{\"@type\":\"PropertyValueSpecification\",\"valueRequired\":true,\"valueName\":\"search_term_string\"}}],\"inLanguage\":\"de\"},{\"@type\":\"Organization\",\"@id\":\"https:\/\/koningdrone.be\/#organization\",\"name\":\"Koningdrone.be\",\"url\":\"https:\/\/koningdrone.be\/\",\"logo\":{\"@type\":\"ImageObject\",\"inLanguage\":\"de\",\"@id\":\"https:\/\/koningdrone.be\/#\/schema\/logo\/image\/\",\"url\":\"https:\/\/koningdrone.be\/wp-content\/uploads\/sites\/13\/2025\/04\/koningdrone-copyright-logo.svg\",\"contentUrl\":\"https:\/\/koningdrone.be\/wp-content\/uploads\/sites\/13\/2025\/04\/koningdrone-copyright-logo.svg\",\"width\":227,\"height\":38,\"caption\":\"Koningdrone.be\"},\"image\":{\"@id\":\"https:\/\/koningdrone.be\/#\/schema\/logo\/image\/\"}}]}<\/script>\n<!-- \/ Yoast SEO Premium plugin. -->","yoast_head_json":{"title":"DJI Care Enterprise Basic Renew For DJI Zenmuse H20T - koningdrone.be","robots":{"index":"index","follow":"follow","max-snippet":"max-snippet:-1","max-image-preview":"max-image-preview:large","max-video-preview":"max-video-preview:-1"},"canonical":"https:\/\/koningdrone.be\/de\/produkt\/dji-care-enterprise-basic-renew-for-dji-zenmuse-h20t\/","og_locale":"de_DE","og_type":"article","og_title":"DJI Care Enterprise Basic Renew For DJI Zenmuse H20T","og_description":"Breidt essenti\u00eble bescherming uit voor de Zenmuse H20T, en verzekert dekking voor schade door ongevallen.Dekt reparatieservices voor schade door crashes, blootstelling aan water en andere onvoorziene incidenten tijdens kritieke missies.Helpt de reparatiekosten te verlagen en biedt snelle toegang tot de reparatieservices van DJI, waardoor de uitvaltijd tot een minimum wordt beperkt.Garandeert betrouwbare prestaties voor de Zenmuse H20T, voor gemoedsrust tijdens uw operaties.","og_url":"https:\/\/koningdrone.be\/de\/produkt\/dji-care-enterprise-basic-renew-for-dji-zenmuse-h20t\/","og_site_name":"koningdrone.be","article_modified_time":"2026-04-29T13:51:10+00:00","og_image":[{"width":2560,"height":1707,"url":"https:\/\/koningdrone.be\/wp-content\/uploads\/sites\/13\/2025\/04\/bd37de0406fd8a21c73377a19a54e4e1@origin-scaled-1.jpg","type":"image\/jpeg"}],"twitter_card":"summary_large_image","schema":{"@context":"https:\/\/schema.org","@graph":[{"@type":"WebPage","@id":"https:\/\/koningdrone.be\/product\/dji-care-enterprise-basic-renew-for-dji-zenmuse-h20t\/","url":"https:\/\/koningdrone.be\/product\/dji-care-enterprise-basic-renew-for-dji-zenmuse-h20t\/","name":"DJI Care Enterprise Basic Renew For DJI Zenmuse H20T - koningdrone.be","isPartOf":{"@id":"https:\/\/koningdrone.be\/#website"},"primaryImageOfPage":{"@id":"https:\/\/koningdrone.be\/product\/dji-care-enterprise-basic-renew-for-dji-zenmuse-h20t\/#primaryimage"},"image":{"@id":"https:\/\/koningdrone.be\/product\/dji-care-enterprise-basic-renew-for-dji-zenmuse-h20t\/#primaryimage"},"thumbnailUrl":"https:\/\/koningdrone.be\/wp-content\/uploads\/sites\/13\/2025\/04\/bd37de0406fd8a21c73377a19a54e4e1@origin-scaled-1.jpg","datePublished":"2024-12-04T11:16:51+00:00","dateModified":"2026-04-29T13:51:10+00:00","breadcrumb":{"@id":"https:\/\/koningdrone.be\/product\/dji-care-enterprise-basic-renew-for-dji-zenmuse-h20t\/#breadcrumb"},"inLanguage":"de","potentialAction":[{"@type":"ReadAction","target":["https:\/\/koningdrone.be\/product\/dji-care-enterprise-basic-renew-for-dji-zenmuse-h20t\/"]}]},{"@type":"ImageObject","inLanguage":"de","@id":"https:\/\/koningdrone.be\/product\/dji-care-enterprise-basic-renew-for-dji-zenmuse-h20t\/#primaryimage","url":"https:\/\/koningdrone.be\/wp-content\/uploads\/sites\/13\/2025\/04\/bd37de0406fd8a21c73377a19a54e4e1@origin-scaled-1.jpg","contentUrl":"https:\/\/koningdrone.be\/wp-content\/uploads\/sites\/13\/2025\/04\/bd37de0406fd8a21c73377a19a54e4e1@origin-scaled-1.jpg","width":2560,"height":1707},{"@type":"BreadcrumbList","@id":"https:\/\/koningdrone.be\/product\/dji-care-enterprise-basic-renew-for-dji-zenmuse-h20t\/#breadcrumb","itemListElement":[{"@type":"ListItem","position":1,"name":"Home","item":"https:\/\/koningdrone.be\/"},{"@type":"ListItem","position":2,"name":"AVSS Parachute Recovery System for DJI Matrice 300\/350","item":"https:\/\/koningdrone.be\/product\/avss-parachute-recovery-system-for-dji-matrice-300-350\/"},{"@type":"ListItem","position":3,"name":"Uncategorized","item":"https:\/\/koningdrone.be\/categorie\/uncategorized\/"},{"@type":"ListItem","position":4,"name":"DJI Care Enterprise Basic Renew For DJI Zenmuse H20T"}]},{"@type":"WebSite","@id":"https:\/\/koningdrone.be\/#website","url":"https:\/\/koningdrone.be\/","name":"Koningdrone.be - Ihr Online-Spezialist f\u00fcr Drohnen, Gimbals, Kameras und Kraftwerke.","description":"Der Webshop f\u00fcr Drohnen und Gimbals","publisher":{"@id":"https:\/\/koningdrone.be\/#organization"},"potentialAction":[{"@type":"SearchAction","target":{"@type":"EntryPoint","urlTemplate":"https:\/\/koningdrone.be\/?s={search_term_string}"},"query-input":{"@type":"PropertyValueSpecification","valueRequired":true,"valueName":"search_term_string"}}],"inLanguage":"de"},{"@type":"Organization","@id":"https:\/\/koningdrone.be\/#organization","name":"Kingdrone.de","url":"https:\/\/koningdrone.be\/","logo":{"@type":"ImageObject","inLanguage":"de","@id":"https:\/\/koningdrone.be\/#\/schema\/logo\/image\/","url":"https:\/\/koningdrone.be\/wp-content\/uploads\/sites\/13\/2025\/04\/koningdrone-copyright-logo.svg","contentUrl":"https:\/\/koningdrone.be\/wp-content\/uploads\/sites\/13\/2025\/04\/koningdrone-copyright-logo.svg","width":227,"height":38,"caption":"Koningdrone.be"},"image":{"@id":"https:\/\/koningdrone.be\/#\/schema\/logo\/image\/"}}]}},"df_price":1015,"df_sale_price":"","df_regular_price":1015,"df_image_link":"https:\/\/koningdrone.be\/wp-content\/uploads\/sites\/13\/2025\/04\/bd37de0406fd8a21c73377a19a54e4e1@origin-scaled-1-300x200.jpg","_links":{"self":[{"href":"https:\/\/koningdrone.be\/de\/wp-json\/wp\/v2\/product\/1582","targetHints":{"allow":["GET"]}}],"collection":[{"href":"https:\/\/koningdrone.be\/de\/wp-json\/wp\/v2\/product"}],"about":[{"href":"https:\/\/koningdrone.be\/de\/wp-json\/wp\/v2\/types\/product"}],"wp:featuredmedia":[{"embeddable":true,"href":"https:\/\/koningdrone.be\/de\/wp-json\/wp\/v2\/media\/1581"}],"wp:attachment":[{"href":"https:\/\/koningdrone.be\/de\/wp-json\/wp\/v2\/media?parent=1582"}],"wp:term":[{"taxonomy":"product_brand","embeddable":true,"href":"https:\/\/koningdrone.be\/de\/wp-json\/wp\/v2\/product_brand?post=1582"},{"taxonomy":"product_cat","embeddable":true,"href":"https:\/\/koningdrone.be\/de\/wp-json\/wp\/v2\/product_cat?post=1582"},{"taxonomy":"product_tag","embeddable":true,"href":"https:\/\/koningdrone.be\/de\/wp-json\/wp\/v2\/product_tag?post=1582"}],"curies":[{"name":"wp","href":"https:\/\/api.w.org\/{rel}","templated":true}]}}