{"id":1569,"date":"2024-12-04T12:16:51","date_gmt":"2024-12-04T11:16:51","guid":{"rendered":"https:\/\/koningdrone.nl\/kon\/product\/megaflare-6-units-amber-zwarte-koffer-1224-220-volt\/"},"modified":"2026-05-01T13:50:49","modified_gmt":"2026-05-01T11:50:49","slug":"megaflare-6-units-amber-zwarte-koffer-1224-220-volt","status":"publish","type":"product","link":"https:\/\/koningdrone.be\/de\/produkt\/megaflare-6-units-amber-zwarte-koffer-1224-220-volt\/","title":{"rendered":"MegaFlare - 6 Einheiten (bernsteinfarben) - schwarzes Geh\u00e4use - 12&amp;24\/220 Volt"},"content":{"rendered":"<p>Die MegaFlare ist ein langlebiges und vielseitiges LED-Sicherheitslichtset mit sechs bernsteinfarbenen Einheiten. Dieses Set wird in einem eleganten schwarzen Tragekoffer geliefert und ist ideal f\u00fcr Notf\u00e4lle, den Einsatz am Stra\u00dfenrand oder in der Industrie. Das Set wurde f\u00fcr die Kompatibilit\u00e4t mit 12-V- und 24\/220-V-Stromquellen entwickelt und gew\u00e4hrleistet eine zuverl\u00e4ssige Leistung in einer Vielzahl von Umgebungen. Das kompakte und einfach zu bedienende MegaFlare verbessert die Sichtbarkeit und Sicherheit in kritischen Situationen.<\/p>","protected":false},"excerpt":{"rendered":"<ul>\n<li>Verhoogt de veiligheid met heldere, opvallende amberkleurige lampjes.<\/li>\n<li>Wordt geleverd in een duurzame zwarte draagtas voor eenvoudig opbergen en meenemen.<\/li>\n<li>Perfect voor noodgevallen langs de weg, industri\u00eble locaties en andere veiligheidstoepassingen.<\/li>\n<li>Ontworpen voor snelle inzet en betrouwbare prestaties in verschillende omstandigheden.<\/li>\n<li>Ideaal voor professionals die zichtbaarheid en paraatheid belangrijk vinden.<\/li>\n<\/ul>","protected":false},"featured_media":1566,"template":"","meta":{"_acf_changed":false},"product_brand":[],"product_cat":[97],"product_tag":[],"class_list":{"0":"post-1569","1":"product","2":"type-product","3":"status-publish","4":"has-post-thumbnail","6":"product_cat-alle-producten","7":"product_shipping_class-outofstock","8":"pa_brand-megaflare","9":"pa_producttype-led-veiligheidslichtenset","11":"first","12":"outofstock","13":"taxable","14":"shipping-taxable","15":"product-type-simple"},"acf":[],"yoast_head":"<!-- This site is optimized with the Yoast SEO Premium plugin v27.2 (Yoast SEO v27.2) - https:\/\/yoast.com\/product\/yoast-seo-premium-wordpress\/ -->\n<title>MegaFlare - 6 units (amber) - zwarte koffer - 12&amp;24\/220 volt - koningdrone.be<\/title>\n<meta name=\"robots\" content=\"index, follow, max-snippet:-1, max-image-preview:large, max-video-preview:-1\" \/>\n<link rel=\"canonical\" href=\"https:\/\/koningdrone.be\/de\/produkt\/megaflare-6-units-amber-zwarte-koffer-1224-220-volt\/\" \/>\n<meta property=\"og:locale\" content=\"de_DE\" \/>\n<meta property=\"og:type\" content=\"article\" \/>\n<meta property=\"og:title\" content=\"MegaFlare - 6 units (amber) - zwarte koffer - 12&amp;24\/220 volt\" \/>\n<meta property=\"og:description\" content=\"Verhoogt de veiligheid met heldere, opvallende amberkleurige lampjes.Wordt geleverd in een duurzame zwarte draagtas voor eenvoudig opbergen en meenemen.Perfect voor noodgevallen langs de weg, industri\u00eble locaties en andere veiligheidstoepassingen.Ontworpen voor snelle inzet en betrouwbare prestaties in verschillende omstandigheden.Ideaal voor professionals die zichtbaarheid en paraatheid belangrijk vinden.\" \/>\n<meta property=\"og:url\" content=\"https:\/\/koningdrone.be\/de\/produkt\/megaflare-6-units-amber-zwarte-koffer-1224-220-volt\/\" \/>\n<meta property=\"og:site_name\" content=\"koningdrone.be\" \/>\n<meta property=\"article:modified_time\" content=\"2026-05-01T11:50:49+00:00\" \/>\n<meta property=\"og:image\" content=\"https:\/\/koningdrone.be\/wp-content\/uploads\/sites\/13\/2025\/04\/358010812_mi1_tb_1.jpg\" \/>\n\t<meta property=\"og:image:width\" content=\"500\" \/>\n\t<meta property=\"og:image:height\" content=\"500\" \/>\n\t<meta property=\"og:image:type\" content=\"image\/jpeg\" \/>\n<meta name=\"twitter:card\" content=\"summary_large_image\" \/>\n<script type=\"application\/ld+json\" class=\"yoast-schema-graph\">{\"@context\":\"https:\/\/schema.org\",\"@graph\":[{\"@type\":\"WebPage\",\"@id\":\"https:\/\/koningdrone.be\/product\/megaflare-6-units-amber-zwarte-koffer-1224-220-volt\/\",\"url\":\"https:\/\/koningdrone.be\/product\/megaflare-6-units-amber-zwarte-koffer-1224-220-volt\/\",\"name\":\"MegaFlare - 6 units (amber) - zwarte koffer - 12&amp;24\/220 volt - koningdrone.be\",\"isPartOf\":{\"@id\":\"https:\/\/koningdrone.be\/#website\"},\"primaryImageOfPage\":{\"@id\":\"https:\/\/koningdrone.be\/product\/megaflare-6-units-amber-zwarte-koffer-1224-220-volt\/#primaryimage\"},\"image\":{\"@id\":\"https:\/\/koningdrone.be\/product\/megaflare-6-units-amber-zwarte-koffer-1224-220-volt\/#primaryimage\"},\"thumbnailUrl\":\"https:\/\/koningdrone.be\/wp-content\/uploads\/sites\/13\/2025\/04\/358010812_mi1_tb_1.jpg\",\"datePublished\":\"2024-12-04T11:16:51+00:00\",\"dateModified\":\"2026-05-01T11:50:49+00:00\",\"breadcrumb\":{\"@id\":\"https:\/\/koningdrone.be\/product\/megaflare-6-units-amber-zwarte-koffer-1224-220-volt\/#breadcrumb\"},\"inLanguage\":\"de\",\"potentialAction\":[{\"@type\":\"ReadAction\",\"target\":[\"https:\/\/koningdrone.be\/product\/megaflare-6-units-amber-zwarte-koffer-1224-220-volt\/\"]}]},{\"@type\":\"ImageObject\",\"inLanguage\":\"de\",\"@id\":\"https:\/\/koningdrone.be\/product\/megaflare-6-units-amber-zwarte-koffer-1224-220-volt\/#primaryimage\",\"url\":\"https:\/\/koningdrone.be\/wp-content\/uploads\/sites\/13\/2025\/04\/358010812_mi1_tb_1.jpg\",\"contentUrl\":\"https:\/\/koningdrone.be\/wp-content\/uploads\/sites\/13\/2025\/04\/358010812_mi1_tb_1.jpg\",\"width\":500,\"height\":500},{\"@type\":\"BreadcrumbList\",\"@id\":\"https:\/\/koningdrone.be\/product\/megaflare-6-units-amber-zwarte-koffer-1224-220-volt\/#breadcrumb\",\"itemListElement\":[{\"@type\":\"ListItem\",\"position\":1,\"name\":\"Home\",\"item\":\"https:\/\/koningdrone.be\/\"},{\"@type\":\"ListItem\",\"position\":2,\"name\":\"AVSS Parachute Recovery System for DJI Matrice 300\/350\",\"item\":\"https:\/\/koningdrone.be\/product\/avss-parachute-recovery-system-for-dji-matrice-300-350\/\"},{\"@type\":\"ListItem\",\"position\":3,\"name\":\"Alle producten\",\"item\":\"https:\/\/koningdrone.be\/categorie\/alle-producten\/\"},{\"@type\":\"ListItem\",\"position\":4,\"name\":\"MegaFlare &#8211; 6 units (amber) &#8211; zwarte koffer &#8211; 12&amp;24\/220 volt\"}]},{\"@type\":\"WebSite\",\"@id\":\"https:\/\/koningdrone.be\/#website\",\"url\":\"https:\/\/koningdrone.be\/\",\"name\":\"Koningdrone.be - Uw online specialist in drones, gimbals, camera's en power stations.\",\"description\":\"De webshop in drones en gimbals\",\"publisher\":{\"@id\":\"https:\/\/koningdrone.be\/#organization\"},\"potentialAction\":[{\"@type\":\"SearchAction\",\"target\":{\"@type\":\"EntryPoint\",\"urlTemplate\":\"https:\/\/koningdrone.be\/?s={search_term_string}\"},\"query-input\":{\"@type\":\"PropertyValueSpecification\",\"valueRequired\":true,\"valueName\":\"search_term_string\"}}],\"inLanguage\":\"de\"},{\"@type\":\"Organization\",\"@id\":\"https:\/\/koningdrone.be\/#organization\",\"name\":\"Koningdrone.be\",\"url\":\"https:\/\/koningdrone.be\/\",\"logo\":{\"@type\":\"ImageObject\",\"inLanguage\":\"de\",\"@id\":\"https:\/\/koningdrone.be\/#\/schema\/logo\/image\/\",\"url\":\"https:\/\/koningdrone.be\/wp-content\/uploads\/sites\/13\/2025\/04\/koningdrone-copyright-logo.svg\",\"contentUrl\":\"https:\/\/koningdrone.be\/wp-content\/uploads\/sites\/13\/2025\/04\/koningdrone-copyright-logo.svg\",\"width\":227,\"height\":38,\"caption\":\"Koningdrone.be\"},\"image\":{\"@id\":\"https:\/\/koningdrone.be\/#\/schema\/logo\/image\/\"}}]}<\/script>\n<!-- \/ Yoast SEO Premium plugin. -->","yoast_head_json":{"title":"MegaFlare - 6 units (amber) - zwarte koffer - 12&amp;24\/220 volt - koningdrone.be","robots":{"index":"index","follow":"follow","max-snippet":"max-snippet:-1","max-image-preview":"max-image-preview:large","max-video-preview":"max-video-preview:-1"},"canonical":"https:\/\/koningdrone.be\/de\/produkt\/megaflare-6-units-amber-zwarte-koffer-1224-220-volt\/","og_locale":"de_DE","og_type":"article","og_title":"MegaFlare - 6 units (amber) - zwarte koffer - 12&amp;24\/220 volt","og_description":"Verhoogt de veiligheid met heldere, opvallende amberkleurige lampjes.Wordt geleverd in een duurzame zwarte draagtas voor eenvoudig opbergen en meenemen.Perfect voor noodgevallen langs de weg, industri\u00eble locaties en andere veiligheidstoepassingen.Ontworpen voor snelle inzet en betrouwbare prestaties in verschillende omstandigheden.Ideaal voor professionals die zichtbaarheid en paraatheid belangrijk vinden.","og_url":"https:\/\/koningdrone.be\/de\/produkt\/megaflare-6-units-amber-zwarte-koffer-1224-220-volt\/","og_site_name":"koningdrone.be","article_modified_time":"2026-05-01T11:50:49+00:00","og_image":[{"width":500,"height":500,"url":"https:\/\/koningdrone.be\/wp-content\/uploads\/sites\/13\/2025\/04\/358010812_mi1_tb_1.jpg","type":"image\/jpeg"}],"twitter_card":"summary_large_image","schema":{"@context":"https:\/\/schema.org","@graph":[{"@type":"WebPage","@id":"https:\/\/koningdrone.be\/product\/megaflare-6-units-amber-zwarte-koffer-1224-220-volt\/","url":"https:\/\/koningdrone.be\/product\/megaflare-6-units-amber-zwarte-koffer-1224-220-volt\/","name":"MegaFlare - 6 units (amber) - zwarte koffer - 12&amp;24\/220 volt - koningdrone.be","isPartOf":{"@id":"https:\/\/koningdrone.be\/#website"},"primaryImageOfPage":{"@id":"https:\/\/koningdrone.be\/product\/megaflare-6-units-amber-zwarte-koffer-1224-220-volt\/#primaryimage"},"image":{"@id":"https:\/\/koningdrone.be\/product\/megaflare-6-units-amber-zwarte-koffer-1224-220-volt\/#primaryimage"},"thumbnailUrl":"https:\/\/koningdrone.be\/wp-content\/uploads\/sites\/13\/2025\/04\/358010812_mi1_tb_1.jpg","datePublished":"2024-12-04T11:16:51+00:00","dateModified":"2026-05-01T11:50:49+00:00","breadcrumb":{"@id":"https:\/\/koningdrone.be\/product\/megaflare-6-units-amber-zwarte-koffer-1224-220-volt\/#breadcrumb"},"inLanguage":"de","potentialAction":[{"@type":"ReadAction","target":["https:\/\/koningdrone.be\/product\/megaflare-6-units-amber-zwarte-koffer-1224-220-volt\/"]}]},{"@type":"ImageObject","inLanguage":"de","@id":"https:\/\/koningdrone.be\/product\/megaflare-6-units-amber-zwarte-koffer-1224-220-volt\/#primaryimage","url":"https:\/\/koningdrone.be\/wp-content\/uploads\/sites\/13\/2025\/04\/358010812_mi1_tb_1.jpg","contentUrl":"https:\/\/koningdrone.be\/wp-content\/uploads\/sites\/13\/2025\/04\/358010812_mi1_tb_1.jpg","width":500,"height":500},{"@type":"BreadcrumbList","@id":"https:\/\/koningdrone.be\/product\/megaflare-6-units-amber-zwarte-koffer-1224-220-volt\/#breadcrumb","itemListElement":[{"@type":"ListItem","position":1,"name":"Home","item":"https:\/\/koningdrone.be\/"},{"@type":"ListItem","position":2,"name":"AVSS Parachute Recovery System for DJI Matrice 300\/350","item":"https:\/\/koningdrone.be\/product\/avss-parachute-recovery-system-for-dji-matrice-300-350\/"},{"@type":"ListItem","position":3,"name":"Alle producten","item":"https:\/\/koningdrone.be\/categorie\/alle-producten\/"},{"@type":"ListItem","position":4,"name":"MegaFlare &#8211; 6 units (amber) &#8211; zwarte koffer &#8211; 12&amp;24\/220 volt"}]},{"@type":"WebSite","@id":"https:\/\/koningdrone.be\/#website","url":"https:\/\/koningdrone.be\/","name":"Koningdrone.be - Ihr Online-Spezialist f\u00fcr Drohnen, Gimbals, Kameras und Kraftwerke.","description":"Der Webshop f\u00fcr Drohnen und Gimbals","publisher":{"@id":"https:\/\/koningdrone.be\/#organization"},"potentialAction":[{"@type":"SearchAction","target":{"@type":"EntryPoint","urlTemplate":"https:\/\/koningdrone.be\/?s={search_term_string}"},"query-input":{"@type":"PropertyValueSpecification","valueRequired":true,"valueName":"search_term_string"}}],"inLanguage":"de"},{"@type":"Organization","@id":"https:\/\/koningdrone.be\/#organization","name":"Kingdrone.de","url":"https:\/\/koningdrone.be\/","logo":{"@type":"ImageObject","inLanguage":"de","@id":"https:\/\/koningdrone.be\/#\/schema\/logo\/image\/","url":"https:\/\/koningdrone.be\/wp-content\/uploads\/sites\/13\/2025\/04\/koningdrone-copyright-logo.svg","contentUrl":"https:\/\/koningdrone.be\/wp-content\/uploads\/sites\/13\/2025\/04\/koningdrone-copyright-logo.svg","width":227,"height":38,"caption":"Koningdrone.be"},"image":{"@id":"https:\/\/koningdrone.be\/#\/schema\/logo\/image\/"}}]}},"df_price":"","df_sale_price":"","df_regular_price":"","df_image_link":"https:\/\/koningdrone.be\/wp-content\/uploads\/sites\/13\/2025\/04\/358010812_mi1_tb_1-300x300.jpg","_links":{"self":[{"href":"https:\/\/koningdrone.be\/de\/wp-json\/wp\/v2\/product\/1569","targetHints":{"allow":["GET"]}}],"collection":[{"href":"https:\/\/koningdrone.be\/de\/wp-json\/wp\/v2\/product"}],"about":[{"href":"https:\/\/koningdrone.be\/de\/wp-json\/wp\/v2\/types\/product"}],"wp:featuredmedia":[{"embeddable":true,"href":"https:\/\/koningdrone.be\/de\/wp-json\/wp\/v2\/media\/1566"}],"wp:attachment":[{"href":"https:\/\/koningdrone.be\/de\/wp-json\/wp\/v2\/media?parent=1569"}],"wp:term":[{"taxonomy":"product_brand","embeddable":true,"href":"https:\/\/koningdrone.be\/de\/wp-json\/wp\/v2\/product_brand?post=1569"},{"taxonomy":"product_cat","embeddable":true,"href":"https:\/\/koningdrone.be\/de\/wp-json\/wp\/v2\/product_cat?post=1569"},{"taxonomy":"product_tag","embeddable":true,"href":"https:\/\/koningdrone.be\/de\/wp-json\/wp\/v2\/product_tag?post=1569"}],"curies":[{"name":"wp","href":"https:\/\/api.w.org\/{rel}","templated":true}]}}