{"id":1565,"date":"2024-12-04T12:16:51","date_gmt":"2024-12-04T11:16:51","guid":{"rendered":"https:\/\/koningdrone.nl\/kon\/?post_type=product&#038;p=1565"},"modified":"2026-04-29T15:51:06","modified_gmt":"2026-04-29T13:51:06","slug":"dji-care-enterprise-basic-renew-for-dji-m350-rtk","status":"publish","type":"product","link":"https:\/\/koningdrone.be\/de\/produkt\/dji-care-enterprise-basic-renew-for-dji-m350-rtk\/","title":{"rendered":"DJI Care Enterprise Basic Renew f\u00fcr DJI M350 RTK"},"content":{"rendered":"<p>DJI Care Enterprise Basic Renew f\u00fcr DJI M350 RTK erweitert den Versicherungsschutz f\u00fcr Ihr DJI M350 RTK und sch\u00fctzt vor versehentlichen Sch\u00e4den wie Abst\u00fcrzen und Wassereinwirkung. Dieser Verl\u00e4ngerungsplan gew\u00e4hrleistet erschwingliche Reparaturen und kontinuierliche Betriebsbereitschaft f\u00fcr Bereiche wie Vermessung, Landwirtschaft und \u00f6ffentliche Sicherheit.<\/p>","protected":false},"excerpt":{"rendered":"<ul>\n<li>Erweitert die Schutzabdeckung des DJI M350 RTK, um die Sicherheit w\u00e4hrend der Nutzung zu gew\u00e4hrleisten.<\/li>\n<li>Deckt unfallbedingte Sch\u00e4den, einschlie\u00dflich Abst\u00fcrze, Wassereinwirkung und andere flugbedingte Unf\u00e4lle.<\/li>\n<li>Sorgt f\u00fcr Sicherheit durch einfachen Zugang zu Reparaturdiensten und Ersatzoptionen.<\/li>\n<li>Reduziert unerwartete Reparaturkosten und bringt Ihre Drohne schnell wieder in die Luft.<\/li>\n<\/ul>","protected":false},"featured_media":1564,"template":"","meta":{"_acf_changed":false},"product_brand":[],"product_cat":[58],"product_tag":[],"class_list":{"0":"post-1565","1":"product","2":"type-product","3":"status-publish","4":"has-post-thumbnail","6":"product_cat-uncategorized","7":"product_shipping_class-outofstock","8":"pa_brand-dji","9":"pa_producttype-service-plan","10":"pa_series-matrice-350-rtk","12":"first","13":"outofstock","14":"taxable","15":"shipping-taxable","16":"purchasable","17":"product-type-simple"},"acf":[],"yoast_head":"<!-- This site is optimized with the Yoast SEO Premium plugin v27.2 (Yoast SEO v27.2) - https:\/\/yoast.com\/product\/yoast-seo-premium-wordpress\/ -->\n<title>DJI Care Enterprise Basic Renew For DJI M350 RTK - koningdrone.be<\/title>\n<meta name=\"robots\" content=\"index, follow, max-snippet:-1, max-image-preview:large, max-video-preview:-1\" \/>\n<link rel=\"canonical\" href=\"https:\/\/koningdrone.be\/de\/produkt\/dji-care-enterprise-basic-renew-for-dji-m350-rtk\/\" \/>\n<meta property=\"og:locale\" content=\"de_DE\" \/>\n<meta property=\"og:type\" content=\"article\" \/>\n<meta property=\"og:title\" content=\"DJI Care Enterprise Basic Renew For DJI M350 RTK\" \/>\n<meta property=\"og:description\" content=\"Breidt de essenti\u00eble beschermingsdekking voor de DJI M350 RTK uit, zodat de veiligheid tijdens het gebruik gewaarborgd blijft.Dekt onopzettelijke schade, waaronder crashes, blootstelling aan water en andere vluchtgerelateerde ongelukken.Biedt gemoedsrust met eenvoudige toegang tot reparatieservices en vervangingsopties.Vermindert onverwachte reparatiekosten en zorgt ervoor dat je drone snel weer in de lucht is.\" \/>\n<meta property=\"og:url\" content=\"https:\/\/koningdrone.be\/de\/produkt\/dji-care-enterprise-basic-renew-for-dji-m350-rtk\/\" \/>\n<meta property=\"og:site_name\" content=\"koningdrone.be\" \/>\n<meta property=\"article:modified_time\" content=\"2026-04-29T13:51:06+00:00\" \/>\n<meta property=\"og:image\" content=\"https:\/\/koningdrone.be\/wp-content\/uploads\/sites\/13\/2025\/04\/f763dbfe1cd8c459e84350adc47ac558@origin-scaled-1.jpg\" \/>\n\t<meta property=\"og:image:width\" content=\"2560\" \/>\n\t<meta property=\"og:image:height\" content=\"1707\" \/>\n\t<meta property=\"og:image:type\" content=\"image\/jpeg\" \/>\n<meta name=\"twitter:card\" content=\"summary_large_image\" \/>\n<script type=\"application\/ld+json\" class=\"yoast-schema-graph\">{\"@context\":\"https:\/\/schema.org\",\"@graph\":[{\"@type\":\"WebPage\",\"@id\":\"https:\/\/koningdrone.be\/product\/dji-care-enterprise-basic-renew-for-dji-m350-rtk\/\",\"url\":\"https:\/\/koningdrone.be\/product\/dji-care-enterprise-basic-renew-for-dji-m350-rtk\/\",\"name\":\"DJI Care Enterprise Basic Renew For DJI M350 RTK - koningdrone.be\",\"isPartOf\":{\"@id\":\"https:\/\/koningdrone.be\/#website\"},\"primaryImageOfPage\":{\"@id\":\"https:\/\/koningdrone.be\/product\/dji-care-enterprise-basic-renew-for-dji-m350-rtk\/#primaryimage\"},\"image\":{\"@id\":\"https:\/\/koningdrone.be\/product\/dji-care-enterprise-basic-renew-for-dji-m350-rtk\/#primaryimage\"},\"thumbnailUrl\":\"https:\/\/koningdrone.be\/wp-content\/uploads\/sites\/13\/2025\/04\/f763dbfe1cd8c459e84350adc47ac558@origin-scaled-1.jpg\",\"datePublished\":\"2024-12-04T11:16:51+00:00\",\"dateModified\":\"2026-04-29T13:51:06+00:00\",\"breadcrumb\":{\"@id\":\"https:\/\/koningdrone.be\/product\/dji-care-enterprise-basic-renew-for-dji-m350-rtk\/#breadcrumb\"},\"inLanguage\":\"de\",\"potentialAction\":[{\"@type\":\"ReadAction\",\"target\":[\"https:\/\/koningdrone.be\/product\/dji-care-enterprise-basic-renew-for-dji-m350-rtk\/\"]}]},{\"@type\":\"ImageObject\",\"inLanguage\":\"de\",\"@id\":\"https:\/\/koningdrone.be\/product\/dji-care-enterprise-basic-renew-for-dji-m350-rtk\/#primaryimage\",\"url\":\"https:\/\/koningdrone.be\/wp-content\/uploads\/sites\/13\/2025\/04\/f763dbfe1cd8c459e84350adc47ac558@origin-scaled-1.jpg\",\"contentUrl\":\"https:\/\/koningdrone.be\/wp-content\/uploads\/sites\/13\/2025\/04\/f763dbfe1cd8c459e84350adc47ac558@origin-scaled-1.jpg\",\"width\":2560,\"height\":1707},{\"@type\":\"BreadcrumbList\",\"@id\":\"https:\/\/koningdrone.be\/product\/dji-care-enterprise-basic-renew-for-dji-m350-rtk\/#breadcrumb\",\"itemListElement\":[{\"@type\":\"ListItem\",\"position\":1,\"name\":\"Home\",\"item\":\"https:\/\/koningdrone.be\/\"},{\"@type\":\"ListItem\",\"position\":2,\"name\":\"AVSS Parachute Recovery System for DJI Matrice 300\/350\",\"item\":\"https:\/\/koningdrone.be\/product\/avss-parachute-recovery-system-for-dji-matrice-300-350\/\"},{\"@type\":\"ListItem\",\"position\":3,\"name\":\"Uncategorized\",\"item\":\"https:\/\/koningdrone.be\/categorie\/uncategorized\/\"},{\"@type\":\"ListItem\",\"position\":4,\"name\":\"DJI Care Enterprise Basic Renew For DJI M350 RTK\"}]},{\"@type\":\"WebSite\",\"@id\":\"https:\/\/koningdrone.be\/#website\",\"url\":\"https:\/\/koningdrone.be\/\",\"name\":\"Koningdrone.be - Uw online specialist in drones, gimbals, camera's en power stations.\",\"description\":\"De webshop in drones en gimbals\",\"publisher\":{\"@id\":\"https:\/\/koningdrone.be\/#organization\"},\"potentialAction\":[{\"@type\":\"SearchAction\",\"target\":{\"@type\":\"EntryPoint\",\"urlTemplate\":\"https:\/\/koningdrone.be\/?s={search_term_string}\"},\"query-input\":{\"@type\":\"PropertyValueSpecification\",\"valueRequired\":true,\"valueName\":\"search_term_string\"}}],\"inLanguage\":\"de\"},{\"@type\":\"Organization\",\"@id\":\"https:\/\/koningdrone.be\/#organization\",\"name\":\"Koningdrone.be\",\"url\":\"https:\/\/koningdrone.be\/\",\"logo\":{\"@type\":\"ImageObject\",\"inLanguage\":\"de\",\"@id\":\"https:\/\/koningdrone.be\/#\/schema\/logo\/image\/\",\"url\":\"https:\/\/koningdrone.be\/wp-content\/uploads\/sites\/13\/2025\/04\/koningdrone-copyright-logo.svg\",\"contentUrl\":\"https:\/\/koningdrone.be\/wp-content\/uploads\/sites\/13\/2025\/04\/koningdrone-copyright-logo.svg\",\"width\":227,\"height\":38,\"caption\":\"Koningdrone.be\"},\"image\":{\"@id\":\"https:\/\/koningdrone.be\/#\/schema\/logo\/image\/\"}}]}<\/script>\n<!-- \/ Yoast SEO Premium plugin. -->","yoast_head_json":{"title":"DJI Care Enterprise Basic Renew For DJI M350 RTK - koningdrone.be","robots":{"index":"index","follow":"follow","max-snippet":"max-snippet:-1","max-image-preview":"max-image-preview:large","max-video-preview":"max-video-preview:-1"},"canonical":"https:\/\/koningdrone.be\/de\/produkt\/dji-care-enterprise-basic-renew-for-dji-m350-rtk\/","og_locale":"de_DE","og_type":"article","og_title":"DJI Care Enterprise Basic Renew For DJI M350 RTK","og_description":"Breidt de essenti\u00eble beschermingsdekking voor de DJI M350 RTK uit, zodat de veiligheid tijdens het gebruik gewaarborgd blijft.Dekt onopzettelijke schade, waaronder crashes, blootstelling aan water en andere vluchtgerelateerde ongelukken.Biedt gemoedsrust met eenvoudige toegang tot reparatieservices en vervangingsopties.Vermindert onverwachte reparatiekosten en zorgt ervoor dat je drone snel weer in de lucht is.","og_url":"https:\/\/koningdrone.be\/de\/produkt\/dji-care-enterprise-basic-renew-for-dji-m350-rtk\/","og_site_name":"koningdrone.be","article_modified_time":"2026-04-29T13:51:06+00:00","og_image":[{"width":2560,"height":1707,"url":"https:\/\/koningdrone.be\/wp-content\/uploads\/sites\/13\/2025\/04\/f763dbfe1cd8c459e84350adc47ac558@origin-scaled-1.jpg","type":"image\/jpeg"}],"twitter_card":"summary_large_image","schema":{"@context":"https:\/\/schema.org","@graph":[{"@type":"WebPage","@id":"https:\/\/koningdrone.be\/product\/dji-care-enterprise-basic-renew-for-dji-m350-rtk\/","url":"https:\/\/koningdrone.be\/product\/dji-care-enterprise-basic-renew-for-dji-m350-rtk\/","name":"DJI Care Enterprise Basic Renew For DJI M350 RTK - koningdrone.be","isPartOf":{"@id":"https:\/\/koningdrone.be\/#website"},"primaryImageOfPage":{"@id":"https:\/\/koningdrone.be\/product\/dji-care-enterprise-basic-renew-for-dji-m350-rtk\/#primaryimage"},"image":{"@id":"https:\/\/koningdrone.be\/product\/dji-care-enterprise-basic-renew-for-dji-m350-rtk\/#primaryimage"},"thumbnailUrl":"https:\/\/koningdrone.be\/wp-content\/uploads\/sites\/13\/2025\/04\/f763dbfe1cd8c459e84350adc47ac558@origin-scaled-1.jpg","datePublished":"2024-12-04T11:16:51+00:00","dateModified":"2026-04-29T13:51:06+00:00","breadcrumb":{"@id":"https:\/\/koningdrone.be\/product\/dji-care-enterprise-basic-renew-for-dji-m350-rtk\/#breadcrumb"},"inLanguage":"de","potentialAction":[{"@type":"ReadAction","target":["https:\/\/koningdrone.be\/product\/dji-care-enterprise-basic-renew-for-dji-m350-rtk\/"]}]},{"@type":"ImageObject","inLanguage":"de","@id":"https:\/\/koningdrone.be\/product\/dji-care-enterprise-basic-renew-for-dji-m350-rtk\/#primaryimage","url":"https:\/\/koningdrone.be\/wp-content\/uploads\/sites\/13\/2025\/04\/f763dbfe1cd8c459e84350adc47ac558@origin-scaled-1.jpg","contentUrl":"https:\/\/koningdrone.be\/wp-content\/uploads\/sites\/13\/2025\/04\/f763dbfe1cd8c459e84350adc47ac558@origin-scaled-1.jpg","width":2560,"height":1707},{"@type":"BreadcrumbList","@id":"https:\/\/koningdrone.be\/product\/dji-care-enterprise-basic-renew-for-dji-m350-rtk\/#breadcrumb","itemListElement":[{"@type":"ListItem","position":1,"name":"Home","item":"https:\/\/koningdrone.be\/"},{"@type":"ListItem","position":2,"name":"AVSS Parachute Recovery System for DJI Matrice 300\/350","item":"https:\/\/koningdrone.be\/product\/avss-parachute-recovery-system-for-dji-matrice-300-350\/"},{"@type":"ListItem","position":3,"name":"Uncategorized","item":"https:\/\/koningdrone.be\/categorie\/uncategorized\/"},{"@type":"ListItem","position":4,"name":"DJI Care Enterprise Basic Renew For DJI M350 RTK"}]},{"@type":"WebSite","@id":"https:\/\/koningdrone.be\/#website","url":"https:\/\/koningdrone.be\/","name":"Koningdrone.be - Ihr Online-Spezialist f\u00fcr Drohnen, Gimbals, Kameras und Kraftwerke.","description":"Der Webshop f\u00fcr Drohnen und Gimbals","publisher":{"@id":"https:\/\/koningdrone.be\/#organization"},"potentialAction":[{"@type":"SearchAction","target":{"@type":"EntryPoint","urlTemplate":"https:\/\/koningdrone.be\/?s={search_term_string}"},"query-input":{"@type":"PropertyValueSpecification","valueRequired":true,"valueName":"search_term_string"}}],"inLanguage":"de"},{"@type":"Organization","@id":"https:\/\/koningdrone.be\/#organization","name":"Kingdrone.de","url":"https:\/\/koningdrone.be\/","logo":{"@type":"ImageObject","inLanguage":"de","@id":"https:\/\/koningdrone.be\/#\/schema\/logo\/image\/","url":"https:\/\/koningdrone.be\/wp-content\/uploads\/sites\/13\/2025\/04\/koningdrone-copyright-logo.svg","contentUrl":"https:\/\/koningdrone.be\/wp-content\/uploads\/sites\/13\/2025\/04\/koningdrone-copyright-logo.svg","width":227,"height":38,"caption":"Koningdrone.be"},"image":{"@id":"https:\/\/koningdrone.be\/#\/schema\/logo\/image\/"}}]}},"df_price":950,"df_sale_price":"","df_regular_price":950,"df_image_link":"https:\/\/koningdrone.be\/wp-content\/uploads\/sites\/13\/2025\/04\/f763dbfe1cd8c459e84350adc47ac558@origin-scaled-1-300x200.jpg","_links":{"self":[{"href":"https:\/\/koningdrone.be\/de\/wp-json\/wp\/v2\/product\/1565","targetHints":{"allow":["GET"]}}],"collection":[{"href":"https:\/\/koningdrone.be\/de\/wp-json\/wp\/v2\/product"}],"about":[{"href":"https:\/\/koningdrone.be\/de\/wp-json\/wp\/v2\/types\/product"}],"wp:featuredmedia":[{"embeddable":true,"href":"https:\/\/koningdrone.be\/de\/wp-json\/wp\/v2\/media\/1564"}],"wp:attachment":[{"href":"https:\/\/koningdrone.be\/de\/wp-json\/wp\/v2\/media?parent=1565"}],"wp:term":[{"taxonomy":"product_brand","embeddable":true,"href":"https:\/\/koningdrone.be\/de\/wp-json\/wp\/v2\/product_brand?post=1565"},{"taxonomy":"product_cat","embeddable":true,"href":"https:\/\/koningdrone.be\/de\/wp-json\/wp\/v2\/product_cat?post=1565"},{"taxonomy":"product_tag","embeddable":true,"href":"https:\/\/koningdrone.be\/de\/wp-json\/wp\/v2\/product_tag?post=1565"}],"curies":[{"name":"wp","href":"https:\/\/api.w.org\/{rel}","templated":true}]}}