{"id":1554,"date":"2024-12-04T12:16:51","date_gmt":"2024-12-04T11:16:51","guid":{"rendered":"https:\/\/koningdrone.nl\/kon\/?post_type=product&#038;p=1554"},"modified":"2026-04-29T15:00:08","modified_gmt":"2026-04-29T13:00:08","slug":"dji-care-enterprise-basic%ef%bc%88mavic-3e%ef%bc%89-eu","status":"publish","type":"product","link":"https:\/\/koningdrone.be\/de\/produkt\/dji-care-enterprise-basic%ef%bc%88mavic-3e%ef%bc%89-eu\/","title":{"rendered":"DJI Care Enterprise Basic\uff08Mavic 3E\uff09 EU"},"content":{"rendered":"<p>DJI Care Enterprise Basic f\u00fcr die Mavic 3E EU ist ein Serviceplan, der einen wesentlichen Schutz f\u00fcr kommerzielle Drohnenbetreiber bietet. Er deckt unfallbedingte Sch\u00e4den ab, einschlie\u00dflich Abst\u00fcrze und Wassersch\u00e4den, und bietet schnelle Reparaturen und Ersatz, um Ausfallzeiten zu minimieren. Durch den vorrangigen Support gew\u00e4hrleistet dieser Plan einen schnellen Service, damit Ihre Mavic 3E auch bei anspruchsvollen kommerziellen Aufgaben einsatzbereit bleibt. DJI Care Enterprise Basic ist auf die gesch\u00e4ftliche Nutzung zugeschnitten. Es verl\u00e4ngert die Lebensdauer Ihrer Drohne und sorgt f\u00fcr zuverl\u00e4ssige Leistung.<\/p>","protected":false},"excerpt":{"rendered":"<ul>\n<li>DJI Care Enterprise Basic f\u00fcr den Mavic 3E bietet essentiellen Schutz vor versehentlichen Sch\u00e4den und Betriebsst\u00f6rungen.<\/li>\n<li>Der Serviceplan gew\u00e4hrleistet schnelle Reparaturen und Ersatzlieferungen, um die Ausfallzeiten bei kritischen Eins\u00e4tzen zu minimieren.<\/li>\n<li>Mit dem Priority-Support gew\u00e4hrleistet DJI schnelle Bearbeitungszeiten f\u00fcr den Mavic 3E und optimiert so Ihren Arbeitsablauf.<\/li>\n<li>Dieser Plan ist auf gewerbliche Nutzer und Unternehmen zugeschnitten und bietet effiziente L\u00f6sungen f\u00fcr dronenbasierte Aufgaben.<\/li>\n<li>Sie gew\u00e4hrleistet die langfristige Zuverl\u00e4ssigkeit des Mavic 3E, der f\u00fcr anspruchsvolle kommerzielle Anwendungen konzipiert ist.<\/li>\n<\/ul>","protected":false},"featured_media":1553,"template":"","meta":{"_acf_changed":false},"product_brand":[],"product_cat":[58],"product_tag":[],"class_list":{"0":"post-1554","1":"product","2":"type-product","3":"status-publish","4":"has-post-thumbnail","6":"product_cat-uncategorized","7":"product_shipping_class-outofstock","8":"pa_brand-dji","9":"pa_producttype-service-plan","10":"pa_series-mavic-3e","12":"first","13":"outofstock","14":"taxable","15":"shipping-taxable","16":"purchasable","17":"product-type-simple"},"acf":[],"yoast_head":"<!-- This site is optimized with the Yoast SEO Premium plugin v27.2 (Yoast SEO v27.2) - https:\/\/yoast.com\/product\/yoast-seo-premium-wordpress\/ -->\n<title>DJI Care Enterprise Basic\uff08Mavic 3E\uff09 EU - koningdrone.be<\/title>\n<meta name=\"robots\" content=\"index, follow, max-snippet:-1, max-image-preview:large, max-video-preview:-1\" \/>\n<link rel=\"canonical\" href=\"https:\/\/koningdrone.be\/de\/produkt\/dji-care-enterprise-basic\uff08mavic-3e\uff09-eu\/\" \/>\n<meta property=\"og:locale\" content=\"de_DE\" \/>\n<meta property=\"og:type\" content=\"article\" \/>\n<meta property=\"og:title\" content=\"DJI Care Enterprise Basic\uff08Mavic 3E\uff09 EU\" \/>\n<meta property=\"og:description\" content=\"DJI Care Enterprise Basic voor de Mavic 3E biedt essenti\u00eble bescherming tegen accidentele schade en operationele ongelukken.Het serviceplan zorgt voor snelle reparaties en vervangingen om de downtime tijdens kritieke operaties te minimaliseren.Met prioriteitsondersteuning zorgt DJI voor snelle doorlooptijden voor de Mavic 3E, waardoor je workflow wordt geoptimaliseerd.Dit plan is op maat gemaakt voor commerci\u00eble gebruikers en bedrijven, en biedt effici\u00ebnte oplossingen voor drone-gebaseerde taken.Het garandeert langdurige betrouwbaarheid voor de Mavic 3E, die is gebouwd voor veeleisende commerci\u00eble toepassingen.\" \/>\n<meta property=\"og:url\" content=\"https:\/\/koningdrone.be\/de\/produkt\/dji-care-enterprise-basic\uff08mavic-3e\uff09-eu\/\" \/>\n<meta property=\"og:site_name\" content=\"koningdrone.be\" \/>\n<meta property=\"article:modified_time\" content=\"2026-04-29T13:00:08+00:00\" \/>\n<meta property=\"og:image\" content=\"https:\/\/koningdrone.be\/wp-content\/uploads\/sites\/13\/2025\/04\/dji-care-enterprise-basic-mavic-3e-aktivierungscode-fuer-12-monate.webp\" \/>\n\t<meta property=\"og:image:width\" content=\"1000\" \/>\n\t<meta property=\"og:image:height\" content=\"720\" \/>\n\t<meta property=\"og:image:type\" content=\"image\/webp\" \/>\n<meta name=\"twitter:card\" content=\"summary_large_image\" \/>\n<script type=\"application\/ld+json\" class=\"yoast-schema-graph\">{\"@context\":\"https:\/\/schema.org\",\"@graph\":[{\"@type\":\"WebPage\",\"@id\":\"https:\/\/koningdrone.be\/product\/dji-care-enterprise-basic%ef%bc%88mavic-3e%ef%bc%89-eu\/\",\"url\":\"https:\/\/koningdrone.be\/product\/dji-care-enterprise-basic%ef%bc%88mavic-3e%ef%bc%89-eu\/\",\"name\":\"DJI Care Enterprise Basic\uff08Mavic 3E\uff09 EU - koningdrone.be\",\"isPartOf\":{\"@id\":\"https:\/\/koningdrone.be\/#website\"},\"primaryImageOfPage\":{\"@id\":\"https:\/\/koningdrone.be\/product\/dji-care-enterprise-basic%ef%bc%88mavic-3e%ef%bc%89-eu\/#primaryimage\"},\"image\":{\"@id\":\"https:\/\/koningdrone.be\/product\/dji-care-enterprise-basic%ef%bc%88mavic-3e%ef%bc%89-eu\/#primaryimage\"},\"thumbnailUrl\":\"https:\/\/koningdrone.be\/wp-content\/uploads\/sites\/13\/2025\/04\/dji-care-enterprise-basic-mavic-3e-aktivierungscode-fuer-12-monate.webp\",\"datePublished\":\"2024-12-04T11:16:51+00:00\",\"dateModified\":\"2026-04-29T13:00:08+00:00\",\"breadcrumb\":{\"@id\":\"https:\/\/koningdrone.be\/product\/dji-care-enterprise-basic%ef%bc%88mavic-3e%ef%bc%89-eu\/#breadcrumb\"},\"inLanguage\":\"de\",\"potentialAction\":[{\"@type\":\"ReadAction\",\"target\":[\"https:\/\/koningdrone.be\/product\/dji-care-enterprise-basic%ef%bc%88mavic-3e%ef%bc%89-eu\/\"]}]},{\"@type\":\"ImageObject\",\"inLanguage\":\"de\",\"@id\":\"https:\/\/koningdrone.be\/product\/dji-care-enterprise-basic%ef%bc%88mavic-3e%ef%bc%89-eu\/#primaryimage\",\"url\":\"https:\/\/koningdrone.be\/wp-content\/uploads\/sites\/13\/2025\/04\/dji-care-enterprise-basic-mavic-3e-aktivierungscode-fuer-12-monate.webp\",\"contentUrl\":\"https:\/\/koningdrone.be\/wp-content\/uploads\/sites\/13\/2025\/04\/dji-care-enterprise-basic-mavic-3e-aktivierungscode-fuer-12-monate.webp\",\"width\":1000,\"height\":720},{\"@type\":\"BreadcrumbList\",\"@id\":\"https:\/\/koningdrone.be\/product\/dji-care-enterprise-basic%ef%bc%88mavic-3e%ef%bc%89-eu\/#breadcrumb\",\"itemListElement\":[{\"@type\":\"ListItem\",\"position\":1,\"name\":\"Home\",\"item\":\"https:\/\/koningdrone.be\/\"},{\"@type\":\"ListItem\",\"position\":2,\"name\":\"AVSS Parachute Recovery System for DJI Matrice 300\/350\",\"item\":\"https:\/\/koningdrone.be\/product\/avss-parachute-recovery-system-for-dji-matrice-300-350\/\"},{\"@type\":\"ListItem\",\"position\":3,\"name\":\"Uncategorized\",\"item\":\"https:\/\/koningdrone.be\/categorie\/uncategorized\/\"},{\"@type\":\"ListItem\",\"position\":4,\"name\":\"DJI Care Enterprise Basic\uff08Mavic 3E\uff09 EU\"}]},{\"@type\":\"WebSite\",\"@id\":\"https:\/\/koningdrone.be\/#website\",\"url\":\"https:\/\/koningdrone.be\/\",\"name\":\"Koningdrone.be - Uw online specialist in drones, gimbals, camera's en power stations.\",\"description\":\"De webshop in drones en gimbals\",\"publisher\":{\"@id\":\"https:\/\/koningdrone.be\/#organization\"},\"potentialAction\":[{\"@type\":\"SearchAction\",\"target\":{\"@type\":\"EntryPoint\",\"urlTemplate\":\"https:\/\/koningdrone.be\/?s={search_term_string}\"},\"query-input\":{\"@type\":\"PropertyValueSpecification\",\"valueRequired\":true,\"valueName\":\"search_term_string\"}}],\"inLanguage\":\"de\"},{\"@type\":\"Organization\",\"@id\":\"https:\/\/koningdrone.be\/#organization\",\"name\":\"Koningdrone.be\",\"url\":\"https:\/\/koningdrone.be\/\",\"logo\":{\"@type\":\"ImageObject\",\"inLanguage\":\"de\",\"@id\":\"https:\/\/koningdrone.be\/#\/schema\/logo\/image\/\",\"url\":\"https:\/\/koningdrone.be\/wp-content\/uploads\/sites\/13\/2025\/04\/koningdrone-copyright-logo.svg\",\"contentUrl\":\"https:\/\/koningdrone.be\/wp-content\/uploads\/sites\/13\/2025\/04\/koningdrone-copyright-logo.svg\",\"width\":227,\"height\":38,\"caption\":\"Koningdrone.be\"},\"image\":{\"@id\":\"https:\/\/koningdrone.be\/#\/schema\/logo\/image\/\"}}]}<\/script>\n<!-- \/ Yoast SEO Premium plugin. -->","yoast_head_json":{"title":"DJI Care Enterprise Basic\uff08Mavic 3E\uff09 EU - koningdrone.be","robots":{"index":"index","follow":"follow","max-snippet":"max-snippet:-1","max-image-preview":"max-image-preview:large","max-video-preview":"max-video-preview:-1"},"canonical":"https:\/\/koningdrone.be\/de\/produkt\/dji-care-enterprise-basic\uff08mavic-3e\uff09-eu\/","og_locale":"de_DE","og_type":"article","og_title":"DJI Care Enterprise Basic\uff08Mavic 3E\uff09 EU","og_description":"DJI Care Enterprise Basic voor de Mavic 3E biedt essenti\u00eble bescherming tegen accidentele schade en operationele ongelukken.Het serviceplan zorgt voor snelle reparaties en vervangingen om de downtime tijdens kritieke operaties te minimaliseren.Met prioriteitsondersteuning zorgt DJI voor snelle doorlooptijden voor de Mavic 3E, waardoor je workflow wordt geoptimaliseerd.Dit plan is op maat gemaakt voor commerci\u00eble gebruikers en bedrijven, en biedt effici\u00ebnte oplossingen voor drone-gebaseerde taken.Het garandeert langdurige betrouwbaarheid voor de Mavic 3E, die is gebouwd voor veeleisende commerci\u00eble toepassingen.","og_url":"https:\/\/koningdrone.be\/de\/produkt\/dji-care-enterprise-basic\uff08mavic-3e\uff09-eu\/","og_site_name":"koningdrone.be","article_modified_time":"2026-04-29T13:00:08+00:00","og_image":[{"width":1000,"height":720,"url":"https:\/\/koningdrone.be\/wp-content\/uploads\/sites\/13\/2025\/04\/dji-care-enterprise-basic-mavic-3e-aktivierungscode-fuer-12-monate.webp","type":"image\/webp"}],"twitter_card":"summary_large_image","schema":{"@context":"https:\/\/schema.org","@graph":[{"@type":"WebPage","@id":"https:\/\/koningdrone.be\/product\/dji-care-enterprise-basic%ef%bc%88mavic-3e%ef%bc%89-eu\/","url":"https:\/\/koningdrone.be\/product\/dji-care-enterprise-basic%ef%bc%88mavic-3e%ef%bc%89-eu\/","name":"DJI Care Enterprise Basic\uff08Mavic 3E\uff09 EU - koningdrone.be","isPartOf":{"@id":"https:\/\/koningdrone.be\/#website"},"primaryImageOfPage":{"@id":"https:\/\/koningdrone.be\/product\/dji-care-enterprise-basic%ef%bc%88mavic-3e%ef%bc%89-eu\/#primaryimage"},"image":{"@id":"https:\/\/koningdrone.be\/product\/dji-care-enterprise-basic%ef%bc%88mavic-3e%ef%bc%89-eu\/#primaryimage"},"thumbnailUrl":"https:\/\/koningdrone.be\/wp-content\/uploads\/sites\/13\/2025\/04\/dji-care-enterprise-basic-mavic-3e-aktivierungscode-fuer-12-monate.webp","datePublished":"2024-12-04T11:16:51+00:00","dateModified":"2026-04-29T13:00:08+00:00","breadcrumb":{"@id":"https:\/\/koningdrone.be\/product\/dji-care-enterprise-basic%ef%bc%88mavic-3e%ef%bc%89-eu\/#breadcrumb"},"inLanguage":"de","potentialAction":[{"@type":"ReadAction","target":["https:\/\/koningdrone.be\/product\/dji-care-enterprise-basic%ef%bc%88mavic-3e%ef%bc%89-eu\/"]}]},{"@type":"ImageObject","inLanguage":"de","@id":"https:\/\/koningdrone.be\/product\/dji-care-enterprise-basic%ef%bc%88mavic-3e%ef%bc%89-eu\/#primaryimage","url":"https:\/\/koningdrone.be\/wp-content\/uploads\/sites\/13\/2025\/04\/dji-care-enterprise-basic-mavic-3e-aktivierungscode-fuer-12-monate.webp","contentUrl":"https:\/\/koningdrone.be\/wp-content\/uploads\/sites\/13\/2025\/04\/dji-care-enterprise-basic-mavic-3e-aktivierungscode-fuer-12-monate.webp","width":1000,"height":720},{"@type":"BreadcrumbList","@id":"https:\/\/koningdrone.be\/product\/dji-care-enterprise-basic%ef%bc%88mavic-3e%ef%bc%89-eu\/#breadcrumb","itemListElement":[{"@type":"ListItem","position":1,"name":"Home","item":"https:\/\/koningdrone.be\/"},{"@type":"ListItem","position":2,"name":"AVSS Parachute Recovery System for DJI Matrice 300\/350","item":"https:\/\/koningdrone.be\/product\/avss-parachute-recovery-system-for-dji-matrice-300-350\/"},{"@type":"ListItem","position":3,"name":"Uncategorized","item":"https:\/\/koningdrone.be\/categorie\/uncategorized\/"},{"@type":"ListItem","position":4,"name":"DJI Care Enterprise Basic\uff08Mavic 3E\uff09 EU"}]},{"@type":"WebSite","@id":"https:\/\/koningdrone.be\/#website","url":"https:\/\/koningdrone.be\/","name":"Koningdrone.be - Ihr Online-Spezialist f\u00fcr Drohnen, Gimbals, Kameras und Kraftwerke.","description":"Der Webshop f\u00fcr Drohnen und Gimbals","publisher":{"@id":"https:\/\/koningdrone.be\/#organization"},"potentialAction":[{"@type":"SearchAction","target":{"@type":"EntryPoint","urlTemplate":"https:\/\/koningdrone.be\/?s={search_term_string}"},"query-input":{"@type":"PropertyValueSpecification","valueRequired":true,"valueName":"search_term_string"}}],"inLanguage":"de"},{"@type":"Organization","@id":"https:\/\/koningdrone.be\/#organization","name":"Kingdrone.de","url":"https:\/\/koningdrone.be\/","logo":{"@type":"ImageObject","inLanguage":"de","@id":"https:\/\/koningdrone.be\/#\/schema\/logo\/image\/","url":"https:\/\/koningdrone.be\/wp-content\/uploads\/sites\/13\/2025\/04\/koningdrone-copyright-logo.svg","contentUrl":"https:\/\/koningdrone.be\/wp-content\/uploads\/sites\/13\/2025\/04\/koningdrone-copyright-logo.svg","width":227,"height":38,"caption":"Koningdrone.be"},"image":{"@id":"https:\/\/koningdrone.be\/#\/schema\/logo\/image\/"}}]}},"df_price":319,"df_sale_price":"","df_regular_price":319,"df_image_link":"https:\/\/koningdrone.be\/wp-content\/uploads\/sites\/13\/2025\/04\/dji-care-enterprise-basic-mavic-3e-aktivierungscode-fuer-12-monate-300x216.webp","_links":{"self":[{"href":"https:\/\/koningdrone.be\/de\/wp-json\/wp\/v2\/product\/1554","targetHints":{"allow":["GET"]}}],"collection":[{"href":"https:\/\/koningdrone.be\/de\/wp-json\/wp\/v2\/product"}],"about":[{"href":"https:\/\/koningdrone.be\/de\/wp-json\/wp\/v2\/types\/product"}],"wp:featuredmedia":[{"embeddable":true,"href":"https:\/\/koningdrone.be\/de\/wp-json\/wp\/v2\/media\/1553"}],"wp:attachment":[{"href":"https:\/\/koningdrone.be\/de\/wp-json\/wp\/v2\/media?parent=1554"}],"wp:term":[{"taxonomy":"product_brand","embeddable":true,"href":"https:\/\/koningdrone.be\/de\/wp-json\/wp\/v2\/product_brand?post=1554"},{"taxonomy":"product_cat","embeddable":true,"href":"https:\/\/koningdrone.be\/de\/wp-json\/wp\/v2\/product_cat?post=1554"},{"taxonomy":"product_tag","embeddable":true,"href":"https:\/\/koningdrone.be\/de\/wp-json\/wp\/v2\/product_tag?post=1554"}],"curies":[{"name":"wp","href":"https:\/\/api.w.org\/{rel}","templated":true}]}}